{"id":2514,"date":"2025-07-26T10:58:21","date_gmt":"2025-07-26T10:58:21","guid":{"rendered":"https:\/\/purassima.com\/exklusive-vertriebspartner\/"},"modified":"2025-07-30T05:24:08","modified_gmt":"2025-07-30T05:24:08","slug":"exklusive-vertriebspartner","status":"publish","type":"page","link":"https:\/\/purassima.com\/de\/exklusive-vertriebspartner\/","title":{"rendered":"Exklusive Vertriebspartner"},"content":{"rendered":"\t\t<div data-elementor-type=\"wp-page\" data-elementor-id=\"2514\" class=\"elementor elementor-2514 elementor-1053\" data-elementor-post-type=\"page\">\n\t\t\t\t<div class=\"elementor-element elementor-element-0e594ae e-con-full e-flex e-con e-parent\" data-id=\"0e594ae\" data-element_type=\"container\" data-e-type=\"container\">\n\t\t\t\t<div class=\"elementor-element elementor-element-baf2743 elementor-widget elementor-widget-image\" data-id=\"baf2743\" data-element_type=\"widget\" data-e-type=\"widget\" data-widget_type=\"image.default\">\n\t\t\t\t\t\t\t\t\t\t\t\t\t\t\t<img fetchpriority=\"high\" decoding=\"async\" width=\"2000\" height=\"736\" src=\"https:\/\/purassima.com\/wp-content\/uploads\/2025\/07\/headless_header.webp\" class=\"attachment-full size-full wp-image-2217\" alt=\"\" srcset=\"https:\/\/purassima.com\/wp-content\/uploads\/2025\/07\/headless_header.webp 2000w, https:\/\/purassima.com\/wp-content\/uploads\/2025\/07\/headless_header-300x110.webp 300w, https:\/\/purassima.com\/wp-content\/uploads\/2025\/07\/headless_header-1024x377.webp 1024w, https:\/\/purassima.com\/wp-content\/uploads\/2025\/07\/headless_header-768x283.webp 768w, https:\/\/purassima.com\/wp-content\/uploads\/2025\/07\/headless_header-1536x565.webp 1536w, https:\/\/purassima.com\/wp-content\/uploads\/2025\/07\/headless_header-600x221.webp 600w\" sizes=\"(max-width: 2000px) 100vw, 2000px\" \/>\t\t\t\t\t\t\t\t\t\t\t\t\t\t\t<\/div>\n\t\t\t\t<div class=\"elementor-element elementor-element-bf7410a elementor-widget elementor-widget-heading\" data-id=\"bf7410a\" data-element_type=\"widget\" data-e-type=\"widget\" data-widget_type=\"heading.default\">\n\t\t\t\t\t<h2 class=\"elementor-heading-title elementor-size-default\">Exklusive Vertriebspartner<\/h2>\t\t\t\t<\/div>\n\t\t\t\t<div class=\"elementor-element elementor-element-29cbbd6 elementor-widget__width-initial elementor-widget elementor-widget-text-editor\" data-id=\"29cbbd6\" data-element_type=\"widget\" data-e-type=\"widget\" data-widget_type=\"text-editor.default\">\n\t\t\t\t\t\t\t\t\t<p>Wir arbeiten mit einem exklusiven Vertriebspartner pro Land zusammen. Wir suchen Unternehmer in der EU (Schengen-Raum), um ein Netzwerk unabh\u00e4ngiger H\u00e4ndler aufzubauen. Wenn Sie eine Leidenschaft daf\u00fcr haben, Ihr Unternehmen zu vergr\u00f6\u00dfern oder ein neues Unternehmen mit unseren hochwertigen Produkten zu gr\u00fcnden, nehmen Sie Kontakt mit uns auf!  <\/p>\t\t\t\t\t\t\t\t<\/div>\n\t\t\t\t<\/div>\n\t\t<div class=\"elementor-element elementor-element-a43d05a e-con-full e-flex e-con e-parent\" data-id=\"a43d05a\" data-element_type=\"container\" data-e-type=\"container\">\n\t\t<div class=\"elementor-element elementor-element-9798594 e-flex e-con-boxed e-con e-child\" data-id=\"9798594\" data-element_type=\"container\" data-e-type=\"container\">\n\t\t\t\t\t<div class=\"e-con-inner\">\n\t\t\t\t<div class=\"elementor-element elementor-element-6510b6e elementor-widget elementor-widget-image\" data-id=\"6510b6e\" data-element_type=\"widget\" data-e-type=\"widget\" data-widget_type=\"image.default\">\n\t\t\t\t\t\t\t\t\t\t\t\t\t\t\t<img decoding=\"async\" width=\"600\" height=\"400\" src=\"https:\/\/purassima.com\/wp-content\/uploads\/2025\/07\/dropshipping.webp\" class=\"attachment-full size-full wp-image-2222\" alt=\"\" srcset=\"https:\/\/purassima.com\/wp-content\/uploads\/2025\/07\/dropshipping.webp 600w, https:\/\/purassima.com\/wp-content\/uploads\/2025\/07\/dropshipping-300x200.webp 300w\" sizes=\"(max-width: 600px) 100vw, 600px\" \/>\t\t\t\t\t\t\t\t\t\t\t\t\t\t\t<\/div>\n\t\t\t\t\t<\/div>\n\t\t\t\t<\/div>\n\t\t<div class=\"elementor-element elementor-element-90b18e8 e-con-full e-flex e-con e-child\" data-id=\"90b18e8\" data-element_type=\"container\" data-e-type=\"container\">\n\t\t\t\t<div class=\"elementor-element elementor-element-9a2912a elementor-widget elementor-widget-heading\" data-id=\"9a2912a\" data-element_type=\"widget\" data-e-type=\"widget\" data-widget_type=\"heading.default\">\n\t\t\t\t\t<h2 class=\"elementor-heading-title elementor-size-default\">Kr\u00e4fte b\u00fcndeln<\/h2>\t\t\t\t<\/div>\n\t\t\t\t<div class=\"elementor-element elementor-element-2e54c12 elementor-widget elementor-widget-text-editor\" data-id=\"2e54c12\" data-element_type=\"widget\" data-e-type=\"widget\" data-widget_type=\"text-editor.default\">\n\t\t\t\t\t\t\t\t\t<p>Wir sind ein Gro\u00dfh\u00e4ndler und m\u00f6chten mit unserer Marke Purassima ein Netzwerk von H\u00e4ndlern anderer (Klein-)Unternehmer in verschiedenen europ\u00e4ischen L\u00e4ndern aufbauen. Mit dem Ziel, Kr\u00e4fte zu b\u00fcndeln und intensiv zusammenarbeiten zu k\u00f6nnen. Dadurch wollen wir eine starke Marktposition erlangen und eine Win-Win-Situation schaffen.  <\/p>\t\t\t\t\t\t\t\t<\/div>\n\t\t\t\t<\/div>\n\t\t\t\t<\/div>\n\t\t<div class=\"elementor-element elementor-element-6fcc998 e-con-full e-flex e-con e-parent\" data-id=\"6fcc998\" data-element_type=\"container\" data-e-type=\"container\">\n\t\t<div class=\"elementor-element elementor-element-4de8c57 elementor-hidden-desktop elementor-hidden-tablet e-flex e-con-boxed e-con e-child\" data-id=\"4de8c57\" data-element_type=\"container\" data-e-type=\"container\">\n\t\t\t\t\t<div class=\"e-con-inner\">\n\t\t\t\t<div class=\"elementor-element elementor-element-cb201d0 elementor-widget elementor-widget-image\" data-id=\"cb201d0\" data-element_type=\"widget\" data-e-type=\"widget\" data-widget_type=\"image.default\">\n\t\t\t\t\t\t\t\t\t\t\t\t\t\t\t<img decoding=\"async\" width=\"600\" height=\"400\" src=\"https:\/\/purassima.com\/wp-content\/uploads\/2025\/07\/support.webp\" class=\"attachment-full size-full wp-image-2227\" alt=\"\" srcset=\"https:\/\/purassima.com\/wp-content\/uploads\/2025\/07\/support.webp 600w, https:\/\/purassima.com\/wp-content\/uploads\/2025\/07\/support-300x200.webp 300w\" sizes=\"(max-width: 600px) 100vw, 600px\" \/>\t\t\t\t\t\t\t\t\t\t\t\t\t\t\t<\/div>\n\t\t\t\t\t<\/div>\n\t\t\t\t<\/div>\n\t\t<div class=\"elementor-element elementor-element-ebda434 e-con-full e-flex e-con e-child\" data-id=\"ebda434\" data-element_type=\"container\" data-e-type=\"container\">\n\t\t\t\t<div class=\"elementor-element elementor-element-2bfb348 elementor-widget elementor-widget-heading\" data-id=\"2bfb348\" data-element_type=\"widget\" data-e-type=\"widget\" data-widget_type=\"heading.default\">\n\t\t\t\t\t<h2 class=\"elementor-heading-title elementor-size-default\">Was wir bieten<\/h2>\t\t\t\t<\/div>\n\t\t\t\t<div class=\"elementor-element elementor-element-6e54fb5 elementor-widget__width-initial elementor-widget elementor-widget-text-editor\" data-id=\"6e54fb5\" data-element_type=\"widget\" data-e-type=\"widget\" data-widget_type=\"text-editor.default\">\n\t\t\t\t\t\t\t\t\t<div class=\"image-with-text__text-container\"><div class=\"image-with-text__text-aligner\"><div class=\"rte\"><p>Wir bieten ein verbraucherorientiertes und konsistentes Sortiment an qualitativ hochwertigen Produkten. Unsere Produkte haben wettbewerbsf\u00e4hige Preise und gute Verkaufsmargen. <\/p><p>Wir bieten auch einen Dropshipping-Service an und versenden von unserem Lager in Spanien aus. Dar\u00fcber hinaus bieten wir eine umfangreiche Marketingunterst\u00fctzung mit zahlreichen Materialien offline und online. <\/p><\/div><\/div><\/div>\t\t\t\t\t\t\t\t<\/div>\n\t\t\t\t<\/div>\n\t\t<div class=\"elementor-element elementor-element-cfc0980 elementor-hidden-mobile e-flex e-con-boxed e-con e-child\" data-id=\"cfc0980\" data-element_type=\"container\" data-e-type=\"container\">\n\t\t\t\t\t<div class=\"e-con-inner\">\n\t\t\t\t<div class=\"elementor-element elementor-element-81d7aa4 elementor-widget elementor-widget-image\" data-id=\"81d7aa4\" data-element_type=\"widget\" data-e-type=\"widget\" data-widget_type=\"image.default\">\n\t\t\t\t\t\t\t\t\t\t\t\t\t\t\t<img decoding=\"async\" width=\"600\" height=\"400\" src=\"https:\/\/purassima.com\/wp-content\/uploads\/2025\/07\/support.webp\" class=\"attachment-full size-full wp-image-2227\" alt=\"\" srcset=\"https:\/\/purassima.com\/wp-content\/uploads\/2025\/07\/support.webp 600w, https:\/\/purassima.com\/wp-content\/uploads\/2025\/07\/support-300x200.webp 300w\" sizes=\"(max-width: 600px) 100vw, 600px\" \/>\t\t\t\t\t\t\t\t\t\t\t\t\t\t\t<\/div>\n\t\t\t\t\t<\/div>\n\t\t\t\t<\/div>\n\t\t\t\t<\/div>\n\t\t<div class=\"elementor-element elementor-element-d692792 e-con-full e-flex e-con e-parent\" data-id=\"d692792\" data-element_type=\"container\" data-e-type=\"container\">\n\t\t<div class=\"elementor-element elementor-element-a326625 e-flex e-con-boxed e-con e-child\" data-id=\"a326625\" data-element_type=\"container\" data-e-type=\"container\">\n\t\t\t\t\t<div class=\"e-con-inner\">\n\t\t\t\t<div class=\"elementor-element elementor-element-1a0e2cd elementor-widget elementor-widget-image\" data-id=\"1a0e2cd\" data-element_type=\"widget\" data-e-type=\"widget\" data-widget_type=\"image.default\">\n\t\t\t\t\t\t\t\t\t\t\t\t\t\t\t<img loading=\"lazy\" decoding=\"async\" width=\"600\" height=\"400\" src=\"https:\/\/purassima.com\/wp-content\/uploads\/2025\/07\/startup.webp\" class=\"attachment-full size-full wp-image-2232\" alt=\"\" srcset=\"https:\/\/purassima.com\/wp-content\/uploads\/2025\/07\/startup.webp 600w, https:\/\/purassima.com\/wp-content\/uploads\/2025\/07\/startup-300x200.webp 300w\" sizes=\"(max-width: 600px) 100vw, 600px\" \/>\t\t\t\t\t\t\t\t\t\t\t\t\t\t\t<\/div>\n\t\t\t\t\t<\/div>\n\t\t\t\t<\/div>\n\t\t<div class=\"elementor-element elementor-element-351d231 e-con-full e-flex e-con e-child\" data-id=\"351d231\" data-element_type=\"container\" data-e-type=\"container\">\n\t\t\t\t<div class=\"elementor-element elementor-element-6899508 elementor-widget elementor-widget-heading\" data-id=\"6899508\" data-element_type=\"widget\" data-e-type=\"widget\" data-widget_type=\"heading.default\">\n\t\t\t\t\t<h2 class=\"elementor-heading-title elementor-size-default\">Nehmen Sie Kontakt auf!<\/h2>\t\t\t\t<\/div>\n\t\t\t\t<div class=\"elementor-element elementor-element-fb129d4 elementor-widget elementor-widget-text-editor\" data-id=\"fb129d4\" data-element_type=\"widget\" data-e-type=\"widget\" data-widget_type=\"text-editor.default\">\n\t\t\t\t\t\t\t\t\t<p>Um Exklusivvertriebsh\u00e4ndler zu werden, ben\u00f6tigen Sie eine motivierte und unternehmerische Mentalit\u00e4t. Erfolg ist die Summe verschiedener F\u00e4higkeiten, daher ben\u00f6tigen Sie Erfahrung und F\u00e4higkeiten im (Online-)Marketing und\/oder E-Commerce. <\/p><p>Du willst mehr wissen? Nutzen Sie das Webformular, um mit uns Kontakt aufzunehmen. <\/p>\t\t\t\t\t\t\t\t<\/div>\n\t\t\t\t<div class=\"elementor-element elementor-element-b35c1ef elementor-widget elementor-widget-button\" data-id=\"b35c1ef\" data-element_type=\"widget\" data-e-type=\"widget\" data-widget_type=\"button.default\">\n\t\t\t\t\t\t\t\t\t\t<a class=\"elementor-button elementor-button-link elementor-size-sm\" href=\"https:\/\/purassima.com\/de\/vernetzen-sie-sich\/\">\n\t\t\t\t\t\t<span class=\"elementor-button-content-wrapper\">\n\t\t\t\t\t\t\t\t\t<span class=\"elementor-button-text\">Vernetzen Sie sich!<\/span>\n\t\t\t\t\t<\/span>\n\t\t\t\t\t<\/a>\n\t\t\t\t\t\t\t\t<\/div>\n\t\t\t\t<\/div>\n\t\t\t\t<\/div>\n\t\t\t\t<\/div>\n\t\t","protected":false},"excerpt":{"rendered":"<p>Exklusive Vertriebspartner Wir arbeiten mit einem exklusiven Vertriebspartner pro Land zusammen. Wir suchen Unternehmer in der EU (Schengen-Raum), um ein Netzwerk unabh\u00e4ngiger H\u00e4ndler aufzubauen. Wenn Sie eine Leidenschaft daf\u00fcr haben, Ihr Unternehmen zu vergr\u00f6\u00dfern oder ein neues Unternehmen mit unseren hochwertigen Produkten zu gr\u00fcnden, nehmen Sie Kontakt mit uns auf! Kr\u00e4fte b\u00fcndeln Wir sind ein [&hellip;]<\/p>\n","protected":false},"author":1,"featured_media":0,"parent":0,"menu_order":0,"comment_status":"closed","ping_status":"closed","template":"elementor_header_footer","meta":{"_acf_changed":false,"footnotes":""},"class_list":["post-2514","page","type-page","status-publish","hentry"],"acf":[],"yoast_head":"<!-- This site is optimized with the Yoast SEO plugin v27.4 - https:\/\/yoast.com\/product\/yoast-seo-wordpress\/ -->\n<title>Exklusive Vertriebspartner - Purassima<\/title>\n<meta name=\"robots\" content=\"index, follow, max-snippet:-1, max-image-preview:large, max-video-preview:-1\" \/>\n<link rel=\"canonical\" href=\"https:\/\/purassima.com\/de\/exklusive-vertriebspartner\/\" \/>\n<meta property=\"og:locale\" content=\"de_DE\" \/>\n<meta property=\"og:type\" content=\"article\" \/>\n<meta property=\"og:title\" content=\"Exklusive Vertriebspartner - Purassima\" \/>\n<meta property=\"og:description\" content=\"Exklusive Vertriebspartner Wir arbeiten mit einem exklusiven Vertriebspartner pro Land zusammen. Wir suchen Unternehmer in der EU (Schengen-Raum), um ein Netzwerk unabh\u00e4ngiger H\u00e4ndler aufzubauen. Wenn Sie eine Leidenschaft daf\u00fcr haben, Ihr Unternehmen zu vergr\u00f6\u00dfern oder ein neues Unternehmen mit unseren hochwertigen Produkten zu gr\u00fcnden, nehmen Sie Kontakt mit uns auf! Kr\u00e4fte b\u00fcndeln Wir sind ein [&hellip;]\" \/>\n<meta property=\"og:url\" content=\"https:\/\/purassima.com\/de\/exklusive-vertriebspartner\/\" \/>\n<meta property=\"og:site_name\" content=\"Purassima\" \/>\n<meta property=\"article:modified_time\" content=\"2025-07-30T05:24:08+00:00\" \/>\n<meta property=\"og:image\" content=\"https:\/\/purassima.com\/wp-content\/uploads\/2025\/07\/headless_header.webp\" \/>\n\t<meta property=\"og:image:width\" content=\"2000\" \/>\n\t<meta property=\"og:image:height\" content=\"736\" \/>\n\t<meta property=\"og:image:type\" content=\"image\/webp\" \/>\n<meta name=\"twitter:card\" content=\"summary_large_image\" \/>\n<meta name=\"twitter:label1\" content=\"Gesch\u00e4tzte Lesezeit\" \/>\n\t<meta name=\"twitter:data1\" content=\"1\u00a0Minute\" \/>\n<script type=\"application\/ld+json\" class=\"yoast-schema-graph\">{\"@context\":\"https:\\\/\\\/schema.org\",\"@graph\":[{\"@type\":\"WebPage\",\"@id\":\"https:\\\/\\\/purassima.com\\\/de\\\/exklusive-vertriebspartner\\\/\",\"url\":\"https:\\\/\\\/purassima.com\\\/de\\\/exklusive-vertriebspartner\\\/\",\"name\":\"Exklusive Vertriebspartner - Purassima\",\"isPartOf\":{\"@id\":\"https:\\\/\\\/purassima.com\\\/de\\\/#website\"},\"primaryImageOfPage\":{\"@id\":\"https:\\\/\\\/purassima.com\\\/de\\\/exklusive-vertriebspartner\\\/#primaryimage\"},\"image\":{\"@id\":\"https:\\\/\\\/purassima.com\\\/de\\\/exklusive-vertriebspartner\\\/#primaryimage\"},\"thumbnailUrl\":\"https:\\\/\\\/purassima.com\\\/wp-content\\\/uploads\\\/2025\\\/07\\\/headless_header.webp\",\"datePublished\":\"2025-07-26T10:58:21+00:00\",\"dateModified\":\"2025-07-30T05:24:08+00:00\",\"breadcrumb\":{\"@id\":\"https:\\\/\\\/purassima.com\\\/de\\\/exklusive-vertriebspartner\\\/#breadcrumb\"},\"inLanguage\":\"de\",\"potentialAction\":[{\"@type\":\"ReadAction\",\"target\":[\"https:\\\/\\\/purassima.com\\\/de\\\/exklusive-vertriebspartner\\\/\"]}]},{\"@type\":\"ImageObject\",\"inLanguage\":\"de\",\"@id\":\"https:\\\/\\\/purassima.com\\\/de\\\/exklusive-vertriebspartner\\\/#primaryimage\",\"url\":\"https:\\\/\\\/purassima.com\\\/wp-content\\\/uploads\\\/2025\\\/07\\\/headless_header.webp\",\"contentUrl\":\"https:\\\/\\\/purassima.com\\\/wp-content\\\/uploads\\\/2025\\\/07\\\/headless_header.webp\"},{\"@type\":\"BreadcrumbList\",\"@id\":\"https:\\\/\\\/purassima.com\\\/de\\\/exklusive-vertriebspartner\\\/#breadcrumb\",\"itemListElement\":[{\"@type\":\"ListItem\",\"position\":1,\"name\":\"Home\",\"item\":\"https:\\\/\\\/purassima.com\\\/de\\\/heim\\\/\"},{\"@type\":\"ListItem\",\"position\":2,\"name\":\"Exklusive Vertriebspartner\"}]},{\"@type\":\"WebSite\",\"@id\":\"https:\\\/\\\/purassima.com\\\/de\\\/#website\",\"url\":\"https:\\\/\\\/purassima.com\\\/de\\\/\",\"name\":\"purassima\",\"description\":\"\",\"potentialAction\":[{\"@type\":\"SearchAction\",\"target\":{\"@type\":\"EntryPoint\",\"urlTemplate\":\"https:\\\/\\\/purassima.com\\\/de\\\/?s={search_term_string}\"},\"query-input\":{\"@type\":\"PropertyValueSpecification\",\"valueRequired\":true,\"valueName\":\"search_term_string\"}}],\"inLanguage\":\"de\"}]}<\/script>\n<!-- \/ Yoast SEO plugin. -->","yoast_head_json":{"title":"Exklusive Vertriebspartner - Purassima","robots":{"index":"index","follow":"follow","max-snippet":"max-snippet:-1","max-image-preview":"max-image-preview:large","max-video-preview":"max-video-preview:-1"},"canonical":"https:\/\/purassima.com\/de\/exklusive-vertriebspartner\/","og_locale":"de_DE","og_type":"article","og_title":"Exklusive Vertriebspartner - Purassima","og_description":"Exklusive Vertriebspartner Wir arbeiten mit einem exklusiven Vertriebspartner pro Land zusammen. Wir suchen Unternehmer in der EU (Schengen-Raum), um ein Netzwerk unabh\u00e4ngiger H\u00e4ndler aufzubauen. Wenn Sie eine Leidenschaft daf\u00fcr haben, Ihr Unternehmen zu vergr\u00f6\u00dfern oder ein neues Unternehmen mit unseren hochwertigen Produkten zu gr\u00fcnden, nehmen Sie Kontakt mit uns auf! Kr\u00e4fte b\u00fcndeln Wir sind ein [&hellip;]","og_url":"https:\/\/purassima.com\/de\/exklusive-vertriebspartner\/","og_site_name":"Purassima","article_modified_time":"2025-07-30T05:24:08+00:00","og_image":[{"width":2000,"height":736,"url":"https:\/\/purassima.com\/wp-content\/uploads\/2025\/07\/headless_header.webp","type":"image\/webp"}],"twitter_card":"summary_large_image","twitter_misc":{"Gesch\u00e4tzte Lesezeit":"1\u00a0Minute"},"schema":{"@context":"https:\/\/schema.org","@graph":[{"@type":"WebPage","@id":"https:\/\/purassima.com\/de\/exklusive-vertriebspartner\/","url":"https:\/\/purassima.com\/de\/exklusive-vertriebspartner\/","name":"Exklusive Vertriebspartner - Purassima","isPartOf":{"@id":"https:\/\/purassima.com\/de\/#website"},"primaryImageOfPage":{"@id":"https:\/\/purassima.com\/de\/exklusive-vertriebspartner\/#primaryimage"},"image":{"@id":"https:\/\/purassima.com\/de\/exklusive-vertriebspartner\/#primaryimage"},"thumbnailUrl":"https:\/\/purassima.com\/wp-content\/uploads\/2025\/07\/headless_header.webp","datePublished":"2025-07-26T10:58:21+00:00","dateModified":"2025-07-30T05:24:08+00:00","breadcrumb":{"@id":"https:\/\/purassima.com\/de\/exklusive-vertriebspartner\/#breadcrumb"},"inLanguage":"de","potentialAction":[{"@type":"ReadAction","target":["https:\/\/purassima.com\/de\/exklusive-vertriebspartner\/"]}]},{"@type":"ImageObject","inLanguage":"de","@id":"https:\/\/purassima.com\/de\/exklusive-vertriebspartner\/#primaryimage","url":"https:\/\/purassima.com\/wp-content\/uploads\/2025\/07\/headless_header.webp","contentUrl":"https:\/\/purassima.com\/wp-content\/uploads\/2025\/07\/headless_header.webp"},{"@type":"BreadcrumbList","@id":"https:\/\/purassima.com\/de\/exklusive-vertriebspartner\/#breadcrumb","itemListElement":[{"@type":"ListItem","position":1,"name":"Home","item":"https:\/\/purassima.com\/de\/heim\/"},{"@type":"ListItem","position":2,"name":"Exklusive Vertriebspartner"}]},{"@type":"WebSite","@id":"https:\/\/purassima.com\/de\/#website","url":"https:\/\/purassima.com\/de\/","name":"purassima","description":"","potentialAction":[{"@type":"SearchAction","target":{"@type":"EntryPoint","urlTemplate":"https:\/\/purassima.com\/de\/?s={search_term_string}"},"query-input":{"@type":"PropertyValueSpecification","valueRequired":true,"valueName":"search_term_string"}}],"inLanguage":"de"}]}},"_links":{"self":[{"href":"https:\/\/purassima.com\/de\/wp-json\/wp\/v2\/pages\/2514","targetHints":{"allow":["GET"]}}],"collection":[{"href":"https:\/\/purassima.com\/de\/wp-json\/wp\/v2\/pages"}],"about":[{"href":"https:\/\/purassima.com\/de\/wp-json\/wp\/v2\/types\/page"}],"author":[{"embeddable":true,"href":"https:\/\/purassima.com\/de\/wp-json\/wp\/v2\/users\/1"}],"replies":[{"embeddable":true,"href":"https:\/\/purassima.com\/de\/wp-json\/wp\/v2\/comments?post=2514"}],"version-history":[{"count":1,"href":"https:\/\/purassima.com\/de\/wp-json\/wp\/v2\/pages\/2514\/revisions"}],"predecessor-version":[{"id":2515,"href":"https:\/\/purassima.com\/de\/wp-json\/wp\/v2\/pages\/2514\/revisions\/2515"}],"wp:attachment":[{"href":"https:\/\/purassima.com\/de\/wp-json\/wp\/v2\/media?parent=2514"}],"curies":[{"name":"wp","href":"https:\/\/api.w.org\/{rel}","templated":true}]}}