{"id":2533,"date":"2025-07-26T09:59:44","date_gmt":"2025-07-26T09:59:44","guid":{"rendered":"https:\/\/purassima.com\/disclaimer\/"},"modified":"2025-07-30T09:20:02","modified_gmt":"2025-07-30T09:20:02","slug":"disclaimer","status":"publish","type":"page","link":"https:\/\/purassima.com\/de\/disclaimer\/","title":{"rendered":"Disclaimer"},"content":{"rendered":"\t\t<div data-elementor-type=\"wp-page\" data-elementor-id=\"2533\" class=\"elementor elementor-2533 elementor-928\" data-elementor-post-type=\"page\">\n\t\t\t\t<div class=\"elementor-element elementor-element-db2fe3a e-flex e-con-boxed e-con e-parent\" data-id=\"db2fe3a\" data-element_type=\"container\" data-e-type=\"container\">\n\t\t\t\t\t<div class=\"e-con-inner\">\n\t\t<div class=\"elementor-element elementor-element-c3aeaea e-con-full e-flex e-con e-child\" data-id=\"c3aeaea\" data-element_type=\"container\" data-e-type=\"container\">\n\t\t\t\t<div class=\"elementor-element elementor-element-a3d0c74 elementor-widget elementor-widget-heading\" data-id=\"a3d0c74\" data-element_type=\"widget\" data-e-type=\"widget\" data-widget_type=\"heading.default\">\n\t\t\t\t\t<h2 class=\"elementor-heading-title elementor-size-default\">Disclaimer<\/h2>\t\t\t\t<\/div>\n\t\t\t\t<div class=\"elementor-element elementor-element-13624eb elementor-widget elementor-widget-text-editor\" data-id=\"13624eb\" data-element_type=\"widget\" data-e-type=\"widget\" data-widget_type=\"text-editor.default\">\n\t\t\t\t\t\t\t\t\t<div id=\"shopify-section-template--22475357946181__main\" class=\"shopify-section\"><section data-section-id=\"template--22475357946181__main\" data-section-type=\"page\"><div class=\"container container--narrow\"><div class=\"page__content rte\"><h6 class=\"ds-markdown-paragraph\"><strong>ABSCHNITT 1 \u2013 WAS MACHEN WIR MIT IHREN INFORMATIONEN?<\/strong><\/h6><p class=\"ds-markdown-paragraph\">Wenn Sie etwas in unserem Shop kaufen, erfassen wir als Teil des Kauf- und Verkaufsprozesses die von Ihnen angegebenen pers\u00f6nlichen Daten wie Name, Adresse und E-Mail-Adresse.<br \/>Wenn Sie in unserem Shop browsen, erhalten wir automatisch die IP-Adresse Ihres Computers, um uns Informationen \u00fcber Ihren Browser und Ihr Betriebssystem zu liefern.<br \/><strong>E-Mail-Marketing (falls zutreffend)<\/strong>: Mit Ihrer Erlaubnis senden wir Ihnen E-Mails \u00fcber unseren Shop, neue Produkte und andere Updates.<\/p><hr \/><h6><strong>ABSCHNITT 2 \u2013 EINWILLIGUNG<\/strong><\/h6><p class=\"ds-markdown-paragraph\"><strong>Wie erhalten Sie meine Einwilligung?<\/strong><br \/>Wenn Sie uns pers\u00f6nliche Daten f\u00fcr eine Transaktion, Kreditkartenpr\u00fcfung, Bestellung, Lieferung oder R\u00fcckgabe bereitstellen, gehen wir davon aus, dass Sie der Erfassung und Nutzung nur f\u00fcr diesen spezifischen Zweck zustimmen.<br \/>Wenn wir Ihre Daten aus einem sekund\u00e4ren Grund (z. B. Marketing) verwenden m\u00f6chten, fragen wir Sie direkt um Ihre ausdr\u00fcckliche Zustimmung oder geben Ihnen die M\u00f6glichkeit, abzulehnen.<\/p><p class=\"ds-markdown-paragraph\"><strong>Wie kann ich meine Einwilligung widerrufen?<\/strong><br \/>Falls Sie Ihre Meinung \u00e4ndern, k\u00f6nnen Sie Ihre Einwilligung jederzeit widerrufen, indem Sie uns unter\u00a0<strong><a href=\"https:\/\/mailto:info@waterfiltration.shop\/\" target=\"_blank\" rel=\"noopener noreferrer\">info@waterfiltration.shop<\/a><\/strong>\u00a0kontaktieren.<\/p><hr \/><h6><strong>ABSCHNITT 3 \u2013 OFFENLEGUNG<\/strong><\/h6><p class=\"ds-markdown-paragraph\">Wir k\u00f6nnen Ihre pers\u00f6nlichen Daten offenlegen, wenn dies gesetzlich vorgeschrieben ist oder Sie gegen unsere\u00a0<strong>Nutzungsbedingungen<\/strong>\u00a0versto\u00dfen.<\/p><hr \/><h6><strong>ABSCHNITT 4 \u2013 ZAHLUNG<\/strong><\/h6><p class=\"ds-markdown-paragraph\">Wenn Sie ein direktes Zahlungsgateway nutzen, speichert unser Zahlungsanbieter Ihre Kreditkartendaten. Diese werden gem\u00e4\u00df dem\u00a0<strong>PCI-DSS-Standard (Payment Card Industry Data Security Standard)<\/strong>\u00a0verschl\u00fcsselt. Transaktionsdaten werden nur so lange gespeichert, wie f\u00fcr den Kauf notwendig. Danach werden sie gel\u00f6scht.<\/p><hr \/><h6><strong>ABSCHNITT 5 \u2013 DIENSTE VON DRITTANBIETERN<\/strong><\/h6><p class=\"ds-markdown-paragraph\">Drittanbieter erfassen, nutzen und geben Ihre Daten nur in dem Umfang weiter, der f\u00fcr ihre Dienstleistungen erforderlich ist. Einige Anbieter (z. B. Zahlungsgateways) haben jedoch eigene Datenschutzrichtlinien. Wir empfehlen, diese zu lesen, da Ihre Daten m\u00f6glicherweise anderen Rechtsordnungen unterliegen.<\/p><p class=\"ds-markdown-paragraph\"><strong>Links<\/strong><br \/>Externe Links f\u00fchren Sie m\u00f6glicherweise von unserer Website weg. Wir sind nicht f\u00fcr deren Datenschutzpraktiken verantwortlich.<br \/><strong>Google Analytics<\/strong>: Wir nutzen Google Analytics, um Besucherdaten zu analysieren.<\/p><hr \/><h6><strong>ABSCHNITT 6 \u2013 SICHERHEIT<\/strong><\/h6><p class=\"ds-markdown-paragraph\">Wir sch\u00fctzen Ihre Daten mit branchen\u00fcblichen Ma\u00dfnahmen. Kreditkarteninformationen werden per\u00a0<strong>SSL<\/strong>\u00a0verschl\u00fcsselt und mit\u00a0<strong>AES-256<\/strong>\u00a0gespeichert. Obwohl keine Online-\u00dcbertragung 100 % sicher ist, halten wir alle PCI-DSS-Anforderungen ein.<\/p><hr \/><h6><strong>ABSCHNITT 7 \u2013 ALTER DER EINWILLIGUNG<\/strong><\/h6><p class=\"ds-markdown-paragraph\">Mit der Nutzung dieser Website best\u00e4tigen Sie, dass Sie\u00a0<strong>vollj\u00e4hrig<\/strong>\u00a0sind oder die Zustimmung eines Erziehungsberechtigten haben.<\/p><hr \/><h6><strong>ABSCHNITT 8 \u2013 \u00c4NDERUNGEN DER DATENSCHUTZRICHTLINIE<\/strong><\/h6><p class=\"ds-markdown-paragraph\">Wir behalten uns das Recht vor, diese Richtlinie jederzeit zu \u00e4ndern. \u00c4nderungen werden nach Ver\u00f6ffentlichung wirksam. Bei wesentlichen \u00c4nderungen informieren wir Sie hier.<\/p><hr \/><h6><strong>FRAGEN UND KONTAKT<\/strong><\/h6><p class=\"ds-markdown-paragraph\">F\u00fcr Anfragen zu Ihren Daten oder Beschwerden kontaktieren Sie unseren\u00a0<strong>Datenschutzbeauftragten<\/strong>\u00a0per E-Mail oder Post.<\/p><hr \/><h5><strong>NUTZUNGSBEDINGUNGEN<\/strong><\/h5><p class=\"ds-markdown-paragraph\"><strong>WICHTIG!<\/strong>\u00a0Diese Nutzungsbedingungen gelten f\u00fcr die Nutzung dieser Website. Durch den Zugriff stimmen Sie diesen Bedingungen zu. \u00c4nderungen behalten wir uns vor.<\/p><h6><strong>Zugriff auf die Website<\/strong><\/h6><p class=\"ds-markdown-paragraph\">Nutzer m\u00fcssen\u00a0<strong>mindestens 18 Jahre alt<\/strong>\u00a0sein. Minderj\u00e4hrige sind nicht berechtigt, diese Website zu nutzen.<\/p><h6><strong>Nutzungseinschr\u00e4nkungen<\/strong><\/h6><p class=\"ds-markdown-paragraph\">Kommerzielle Nutzung oder unbefugtes Verlinken\/Framing ist ohne schriftliche Genehmigung untersagt.<\/p><h6><strong>Geistiges Eigentum<\/strong><\/h6><p class=\"ds-markdown-paragraph\">Alle Inhalte sind urheberrechtlich gesch\u00fctzt. Unerlaubte Vervielf\u00e4ltigung oder Modifikation ist verboten.<\/p><h6><strong>Haftungsausschluss<\/strong><\/h6><p class=\"ds-markdown-paragraph\">Wir \u00fcbernehmen keine Haftung f\u00fcr Sch\u00e4den durch Viren oder fehlerhafte Inhalte. Die Nutzung erfolgt auf eigenes Risiko.<\/p><h6><strong>R\u00fcckgaberecht<\/strong><\/h6><p class=\"ds-markdown-paragraph\">Produkte mit\u00a0<strong>Hanfextrakt<\/strong>\u00a0unterliegen keiner medizinischen Bewertung. Eine\u00a0<strong>14-t\u00e4gige R\u00fcckgabegarantie<\/strong>\u00a0gilt (ausgenommen Tiefk\u00fchlware).<\/p><h6><strong>Anwendbares Recht<\/strong><\/h6><p class=\"ds-markdown-paragraph\">Diese Bedingungen unterliegen niederl\u00e4ndischem Recht. Streitigkeiten werden vor englischen Gerichten verhandelt.<\/p><\/div><\/div><\/section><\/div>\t\t\t\t\t\t\t\t<\/div>\n\t\t\t\t<\/div>\n\t\t\t\t\t<\/div>\n\t\t\t\t<\/div>\n\t\t<div class=\"elementor-element elementor-element-406444a e-con-full e-flex e-con e-parent\" data-id=\"406444a\" data-element_type=\"container\" data-e-type=\"container\" data-settings=\"{&quot;background_background&quot;:&quot;classic&quot;}\">\n\t\t\t\t<div class=\"elementor-element elementor-element-9bbfcd1 elementor-widget elementor-widget-heading\" data-id=\"9bbfcd1\" data-element_type=\"widget\" data-e-type=\"widget\" data-widget_type=\"heading.default\">\n\t\t\t\t\t<h2 class=\"elementor-heading-title elementor-size-default\">Newsletter \u2013 Anmeldung<\/h2>\t\t\t\t<\/div>\n\t\t\t\t<div class=\"elementor-element elementor-element-a516b0f elementor-widget elementor-widget-text-editor\" data-id=\"a516b0f\" data-element_type=\"widget\" data-e-type=\"widget\" data-widget_type=\"text-editor.default\">\n\t\t\t\t\t\t\t\t\t<p>Bleiben Sie \u00fcber Aktionen und Inhalte zum Thema Wasser informiert.<\/p>\t\t\t\t\t\t\t\t<\/div>\n\t\t<div class=\"elementor-element elementor-element-5e7dfec elementor-hidden-mobile e-flex e-con-boxed e-con e-child\" data-id=\"5e7dfec\" data-element_type=\"container\" data-e-type=\"container\">\n\t\t\t\t\t<div class=\"e-con-inner\">\n\t\t\t\t<div class=\"elementor-element elementor-element-7177e31 elementor-button-align-start elementor-widget elementor-widget-form\" data-id=\"7177e31\" data-element_type=\"widget\" data-e-type=\"widget\" data-settings=\"{&quot;step_next_label&quot;:&quot;N\\u00e4chste&quot;,&quot;step_previous_label&quot;:&quot;Previous&quot;,&quot;step_type&quot;:&quot;number_text&quot;,&quot;step_icon_shape&quot;:&quot;circle&quot;}\" data-widget_type=\"form.default\">\n\t\t\t\t\t\t\t<form class=\"elementor-form\" method=\"post\" name=\"Neues Formular\" aria-label=\"Neues Formular\">\n\t\t\t<input type=\"hidden\" name=\"post_id\" value=\"2533\"\/>\n\t\t\t<input type=\"hidden\" name=\"form_id\" value=\"7177e31\"\/>\n\t\t\t<input type=\"hidden\" name=\"referer_title\" value=\"Disclaimer - Purassima\" \/>\n\n\t\t\t\t\t\t\t<input type=\"hidden\" name=\"queried_id\" value=\"2533\"\/>\n\t\t\t\n\t\t\t<div class=\"elementor-form-fields-wrapper elementor-labels-above\">\n\t\t\t\t\t\t\t\t<div class=\"elementor-field-type-email elementor-field-group elementor-column elementor-field-group-email elementor-col-100 elementor-field-required\">\n\t\t\t\t\t\t\t\t\t\t\t\t\t<input size=\"1\" type=\"email\" name=\"form_fields[email]\" id=\"form-field-email\" class=\"elementor-field elementor-size-md  elementor-field-textual\" placeholder=\"E-Mail\" required=\"required\">\n\t\t\t\t\t\t\t\t\t\t\t<\/div>\n\t\t\t\t\t\t\t\t<div class=\"elementor-field-group elementor-column elementor-field-type-submit elementor-col-100 e-form__buttons\">\n\t\t\t\t\t<button class=\"elementor-button elementor-size-md\" type=\"submit\">\n\t\t\t\t\t\t<span class=\"elementor-button-content-wrapper\">\n\t\t\t\t\t\t\t\t\t\t\t\t\t\t\t\t\t\t\t\t\t\t<span class=\"elementor-button-text\">Abonnieren<\/span>\n\t\t\t\t\t\t\t\t\t\t\t\t\t<\/span>\n\t\t\t\t\t<\/button>\n\t\t\t\t<\/div>\n\t\t\t<\/div>\n\t\t<\/form>\n\t\t\t\t\t\t<\/div>\n\t\t\t\t\t<\/div>\n\t\t\t\t<\/div>\n\t\t<div class=\"elementor-element elementor-element-ce01a9c elementor-hidden-desktop elementor-hidden-tablet e-flex e-con-boxed e-con e-child\" data-id=\"ce01a9c\" data-element_type=\"container\" data-e-type=\"container\">\n\t\t\t\t\t<div class=\"e-con-inner\">\n\t\t\t\t<div class=\"elementor-element elementor-element-dae8c4c elementor-button-align-stretch elementor-widget elementor-widget-form\" data-id=\"dae8c4c\" data-element_type=\"widget\" data-e-type=\"widget\" data-settings=\"{&quot;step_next_label&quot;:&quot;N\\u00e4chste&quot;,&quot;step_previous_label&quot;:&quot;Previous&quot;,&quot;button_width&quot;:&quot;100&quot;,&quot;step_type&quot;:&quot;number_text&quot;,&quot;step_icon_shape&quot;:&quot;circle&quot;}\" data-widget_type=\"form.default\">\n\t\t\t\t\t\t\t<form class=\"elementor-form\" method=\"post\" name=\"Neues Formular\" aria-label=\"Neues Formular\">\n\t\t\t<input type=\"hidden\" name=\"post_id\" value=\"2533\"\/>\n\t\t\t<input type=\"hidden\" name=\"form_id\" value=\"dae8c4c\"\/>\n\t\t\t<input type=\"hidden\" name=\"referer_title\" value=\"Disclaimer - Purassima\" \/>\n\n\t\t\t\t\t\t\t<input type=\"hidden\" name=\"queried_id\" value=\"2533\"\/>\n\t\t\t\n\t\t\t<div class=\"elementor-form-fields-wrapper elementor-labels-above\">\n\t\t\t\t\t\t\t\t<div class=\"elementor-field-type-email elementor-field-group elementor-column elementor-field-group-email elementor-col-100 elementor-field-required elementor-mark-required\">\n\t\t\t\t\t\t\t\t\t\t\t\t\t<input size=\"1\" type=\"email\" name=\"form_fields[email]\" id=\"form-field-email\" class=\"elementor-field elementor-size-md  elementor-field-textual\" placeholder=\"E-Mail\" required=\"required\">\n\t\t\t\t\t\t\t\t\t\t\t<\/div>\n\t\t\t\t\t\t\t\t<div class=\"elementor-field-group elementor-column elementor-field-type-submit elementor-col-100 e-form__buttons\">\n\t\t\t\t\t<button class=\"elementor-button elementor-size-md\" type=\"submit\">\n\t\t\t\t\t\t<span class=\"elementor-button-content-wrapper\">\n\t\t\t\t\t\t\t\t\t\t\t\t\t\t\t\t\t\t\t\t\t\t<span class=\"elementor-button-text\">Abonnieren<\/span>\n\t\t\t\t\t\t\t\t\t\t\t\t\t<\/span>\n\t\t\t\t\t<\/button>\n\t\t\t\t<\/div>\n\t\t\t<\/div>\n\t\t<\/form>\n\t\t\t\t\t\t<\/div>\n\t\t\t\t\t<\/div>\n\t\t\t\t<\/div>\n\t\t\t\t<\/div>\n\t\t\t\t<\/div>\n\t\t","protected":false},"excerpt":{"rendered":"<p>Disclaimer ABSCHNITT 1 \u2013 WAS MACHEN WIR MIT IHREN INFORMATIONEN? Wenn Sie etwas in unserem Shop kaufen, erfassen wir als Teil des Kauf- und Verkaufsprozesses die von Ihnen angegebenen pers\u00f6nlichen Daten wie Name, Adresse und E-Mail-Adresse.Wenn Sie in unserem Shop browsen, erhalten wir automatisch die IP-Adresse Ihres Computers, um uns Informationen \u00fcber Ihren Browser und [&hellip;]<\/p>\n","protected":false},"author":1,"featured_media":0,"parent":0,"menu_order":0,"comment_status":"closed","ping_status":"closed","template":"elementor_header_footer","meta":{"_acf_changed":false,"footnotes":""},"class_list":["post-2533","page","type-page","status-publish","hentry"],"acf":[],"yoast_head":"<!-- This site is optimized with the Yoast SEO plugin v27.4 - https:\/\/yoast.com\/product\/yoast-seo-wordpress\/ -->\n<title>Disclaimer - Purassima<\/title>\n<meta name=\"robots\" content=\"index, follow, max-snippet:-1, max-image-preview:large, max-video-preview:-1\" \/>\n<link rel=\"canonical\" href=\"https:\/\/purassima.com\/de\/disclaimer\/\" \/>\n<meta property=\"og:locale\" content=\"de_DE\" \/>\n<meta property=\"og:type\" content=\"article\" \/>\n<meta property=\"og:title\" content=\"Disclaimer - Purassima\" \/>\n<meta property=\"og:description\" content=\"Disclaimer ABSCHNITT 1 \u2013 WAS MACHEN WIR MIT IHREN INFORMATIONEN? Wenn Sie etwas in unserem Shop kaufen, erfassen wir als Teil des Kauf- und Verkaufsprozesses die von Ihnen angegebenen pers\u00f6nlichen Daten wie Name, Adresse und E-Mail-Adresse.Wenn Sie in unserem Shop browsen, erhalten wir automatisch die IP-Adresse Ihres Computers, um uns Informationen \u00fcber Ihren Browser und [&hellip;]\" \/>\n<meta property=\"og:url\" content=\"https:\/\/purassima.com\/de\/disclaimer\/\" \/>\n<meta property=\"og:site_name\" content=\"Purassima\" \/>\n<meta property=\"article:modified_time\" content=\"2025-07-30T09:20:02+00:00\" \/>\n<meta name=\"twitter:card\" content=\"summary_large_image\" \/>\n<meta name=\"twitter:label1\" content=\"Gesch\u00e4tzte Lesezeit\" \/>\n\t<meta name=\"twitter:data1\" content=\"3\u00a0Minuten\" \/>\n<script type=\"application\/ld+json\" class=\"yoast-schema-graph\">{\"@context\":\"https:\\\/\\\/schema.org\",\"@graph\":[{\"@type\":\"WebPage\",\"@id\":\"https:\\\/\\\/purassima.com\\\/de\\\/disclaimer\\\/\",\"url\":\"https:\\\/\\\/purassima.com\\\/de\\\/disclaimer\\\/\",\"name\":\"Disclaimer - Purassima\",\"isPartOf\":{\"@id\":\"https:\\\/\\\/purassima.com\\\/de\\\/#website\"},\"datePublished\":\"2025-07-26T09:59:44+00:00\",\"dateModified\":\"2025-07-30T09:20:02+00:00\",\"breadcrumb\":{\"@id\":\"https:\\\/\\\/purassima.com\\\/de\\\/disclaimer\\\/#breadcrumb\"},\"inLanguage\":\"de\",\"potentialAction\":[{\"@type\":\"ReadAction\",\"target\":[\"https:\\\/\\\/purassima.com\\\/de\\\/disclaimer\\\/\"]}]},{\"@type\":\"BreadcrumbList\",\"@id\":\"https:\\\/\\\/purassima.com\\\/de\\\/disclaimer\\\/#breadcrumb\",\"itemListElement\":[{\"@type\":\"ListItem\",\"position\":1,\"name\":\"Home\",\"item\":\"https:\\\/\\\/purassima.com\\\/de\\\/heim\\\/\"},{\"@type\":\"ListItem\",\"position\":2,\"name\":\"Disclaimer\"}]},{\"@type\":\"WebSite\",\"@id\":\"https:\\\/\\\/purassima.com\\\/de\\\/#website\",\"url\":\"https:\\\/\\\/purassima.com\\\/de\\\/\",\"name\":\"purassima\",\"description\":\"\",\"potentialAction\":[{\"@type\":\"SearchAction\",\"target\":{\"@type\":\"EntryPoint\",\"urlTemplate\":\"https:\\\/\\\/purassima.com\\\/de\\\/?s={search_term_string}\"},\"query-input\":{\"@type\":\"PropertyValueSpecification\",\"valueRequired\":true,\"valueName\":\"search_term_string\"}}],\"inLanguage\":\"de\"}]}<\/script>\n<!-- \/ Yoast SEO plugin. -->","yoast_head_json":{"title":"Disclaimer - Purassima","robots":{"index":"index","follow":"follow","max-snippet":"max-snippet:-1","max-image-preview":"max-image-preview:large","max-video-preview":"max-video-preview:-1"},"canonical":"https:\/\/purassima.com\/de\/disclaimer\/","og_locale":"de_DE","og_type":"article","og_title":"Disclaimer - Purassima","og_description":"Disclaimer ABSCHNITT 1 \u2013 WAS MACHEN WIR MIT IHREN INFORMATIONEN? Wenn Sie etwas in unserem Shop kaufen, erfassen wir als Teil des Kauf- und Verkaufsprozesses die von Ihnen angegebenen pers\u00f6nlichen Daten wie Name, Adresse und E-Mail-Adresse.Wenn Sie in unserem Shop browsen, erhalten wir automatisch die IP-Adresse Ihres Computers, um uns Informationen \u00fcber Ihren Browser und [&hellip;]","og_url":"https:\/\/purassima.com\/de\/disclaimer\/","og_site_name":"Purassima","article_modified_time":"2025-07-30T09:20:02+00:00","twitter_card":"summary_large_image","twitter_misc":{"Gesch\u00e4tzte Lesezeit":"3\u00a0Minuten"},"schema":{"@context":"https:\/\/schema.org","@graph":[{"@type":"WebPage","@id":"https:\/\/purassima.com\/de\/disclaimer\/","url":"https:\/\/purassima.com\/de\/disclaimer\/","name":"Disclaimer - Purassima","isPartOf":{"@id":"https:\/\/purassima.com\/de\/#website"},"datePublished":"2025-07-26T09:59:44+00:00","dateModified":"2025-07-30T09:20:02+00:00","breadcrumb":{"@id":"https:\/\/purassima.com\/de\/disclaimer\/#breadcrumb"},"inLanguage":"de","potentialAction":[{"@type":"ReadAction","target":["https:\/\/purassima.com\/de\/disclaimer\/"]}]},{"@type":"BreadcrumbList","@id":"https:\/\/purassima.com\/de\/disclaimer\/#breadcrumb","itemListElement":[{"@type":"ListItem","position":1,"name":"Home","item":"https:\/\/purassima.com\/de\/heim\/"},{"@type":"ListItem","position":2,"name":"Disclaimer"}]},{"@type":"WebSite","@id":"https:\/\/purassima.com\/de\/#website","url":"https:\/\/purassima.com\/de\/","name":"purassima","description":"","potentialAction":[{"@type":"SearchAction","target":{"@type":"EntryPoint","urlTemplate":"https:\/\/purassima.com\/de\/?s={search_term_string}"},"query-input":{"@type":"PropertyValueSpecification","valueRequired":true,"valueName":"search_term_string"}}],"inLanguage":"de"}]}},"_links":{"self":[{"href":"https:\/\/purassima.com\/de\/wp-json\/wp\/v2\/pages\/2533","targetHints":{"allow":["GET"]}}],"collection":[{"href":"https:\/\/purassima.com\/de\/wp-json\/wp\/v2\/pages"}],"about":[{"href":"https:\/\/purassima.com\/de\/wp-json\/wp\/v2\/types\/page"}],"author":[{"embeddable":true,"href":"https:\/\/purassima.com\/de\/wp-json\/wp\/v2\/users\/1"}],"replies":[{"embeddable":true,"href":"https:\/\/purassima.com\/de\/wp-json\/wp\/v2\/comments?post=2533"}],"version-history":[{"count":10,"href":"https:\/\/purassima.com\/de\/wp-json\/wp\/v2\/pages\/2533\/revisions"}],"predecessor-version":[{"id":2543,"href":"https:\/\/purassima.com\/de\/wp-json\/wp\/v2\/pages\/2533\/revisions\/2543"}],"wp:attachment":[{"href":"https:\/\/purassima.com\/de\/wp-json\/wp\/v2\/media?parent=2533"}],"curies":[{"name":"wp","href":"https:\/\/api.w.org\/{rel}","templated":true}]}}