{"id":2717,"date":"2025-07-26T10:17:11","date_gmt":"2025-07-26T10:17:11","guid":{"rendered":"https:\/\/purassima.com\/datenschutzrichtlinie\/"},"modified":"2025-07-31T05:05:07","modified_gmt":"2025-07-31T05:05:07","slug":"datenschutzrichtlinie","status":"publish","type":"page","link":"https:\/\/purassima.com\/de\/datenschutzrichtlinie\/","title":{"rendered":"Datenschutzrichtlinie"},"content":{"rendered":"\t\t<div data-elementor-type=\"wp-page\" data-elementor-id=\"2717\" class=\"elementor elementor-2717 elementor-960\" data-elementor-post-type=\"page\">\n\t\t\t\t<div class=\"elementor-element elementor-element-8b48da6 e-flex e-con-boxed e-con e-parent\" data-id=\"8b48da6\" data-element_type=\"container\" data-e-type=\"container\">\n\t\t\t\t\t<div class=\"e-con-inner\">\n\t\t<div class=\"elementor-element elementor-element-0cf66fc e-con-full e-flex e-con e-child\" data-id=\"0cf66fc\" data-element_type=\"container\" data-e-type=\"container\">\n\t\t\t\t<div class=\"elementor-element elementor-element-6e456fd elementor-widget elementor-widget-heading\" data-id=\"6e456fd\" data-element_type=\"widget\" data-e-type=\"widget\" data-widget_type=\"heading.default\">\n\t\t\t\t\t<h2 class=\"elementor-heading-title elementor-size-default\">Datenschutzrichtlinie<\/h2>\t\t\t\t<\/div>\n\t\t\t\t<div class=\"elementor-element elementor-element-8c9827d elementor-widget elementor-widget-text-editor\" data-id=\"8c9827d\" data-element_type=\"widget\" data-e-type=\"widget\" data-widget_type=\"text-editor.default\">\n\t\t\t\t\t\t\t\t\t<p data-start=\"164\" data-end=\"757\"><strong data-start=\"164\" data-end=\"212\">Wir legen gro\u00dfen Wert auf Ihre Privatsph\u00e4re.<\/strong><br data-start=\"212\" data-end=\"215\" \/>Wir verarbeiten ausschlie\u00dflich Daten, die wir f\u00fcr die (Verbesserung) unserer Dienstleistungen ben\u00f6tigen, und gehen sorgf\u00e4ltig mit allen Informationen um, die wir \u00fcber Sie und Ihre Nutzung unserer Dienste sammeln. Ihre Daten werden nicht zu kommerziellen Zwecken an Dritte weitergegeben. Diese Datenschutzrichtlinie gilt f\u00fcr die Nutzung der Website und der von uns angebotenen Dienste. Das G\u00fcltigkeitsdatum dieser Bedingungen ist der 28.01.2020; mit der Ver\u00f6ffentlichung einer neuen Version verlieren alle vorherigen Versionen ihre G\u00fcltigkeit.<\/p><p data-start=\"759\" data-end=\"1331\">Diese Datenschutzerkl\u00e4rung beschreibt, welche Informationen wir \u00fcber Sie erfassen, wof\u00fcr diese Daten verwendet werden, mit wem und unter welchen Bedingungen diese Daten gegebenenfalls geteilt werden k\u00f6nnen. Wir erkl\u00e4ren Ihnen auch, wie wir Ihre Daten speichern, wie wir sie vor Missbrauch sch\u00fctzen und welche Rechte Sie in Bezug auf die personenbezogenen Daten haben, die Sie uns zur Verf\u00fcgung stellen. Wenn Sie Fragen zu unserer Datenschutzrichtlinie haben, wenden Sie sich bitte an unseren Datenschutzbeauftragten \u2013 die Kontaktdaten finden Sie am Ende dieser Richtlinie.<\/p><hr data-start=\"1333\" data-end=\"1336\" \/><h6 data-start=\"1338\" data-end=\"1365\"><strong data-start=\"1342\" data-end=\"1363\">Datenverarbeitung<\/strong><\/h6><p data-start=\"1366\" data-end=\"1522\">Im Folgenden erfahren Sie, wie wir Ihre Daten verarbeiten, wo wir sie speichern, welche Sicherheitstechniken wir anwenden und wer Zugriff auf die Daten hat.<\/p><hr data-start=\"1524\" data-end=\"1527\" \/><h6 data-start=\"1529\" data-end=\"1558\"><strong data-start=\"1533\" data-end=\"1556\">Onlineshop-Software<\/strong><\/h6><p data-start=\"1559\" data-end=\"2232\">Wir erfassen Daten durch die Nutzung unseres Onlineshops und unserer Dienstleistungen. Unser Onlineshop ben\u00f6tigt Zugriff auf diese Informationen, um (technischen) Support zu leisten. Diese Daten werden nicht f\u00fcr andere Zwecke verwendet. Unser Onlineshop ist vertraglich verpflichtet, angemessene technische und organisatorische Ma\u00dfnahmen zum Schutz Ihrer personenbezogenen Daten zu ergreifen. Unser Shop verwendet Cookies, um technische Informationen \u00fcber die Nutzung der Software zu sammeln. Dabei werden keine personenbezogenen Daten gespeichert. Unser Onlineshop beh\u00e4lt sich das Recht vor, gesammelte Daten intern zur Verbesserung der eigenen Dienstleistungen zu nutzen.<\/p><hr data-start=\"2234\" data-end=\"2237\" \/><h6 data-start=\"2239\" data-end=\"2273\"><strong data-start=\"2243\" data-end=\"2271\">E-Mail und Mailinglisten<\/strong><\/h6><p data-start=\"2274\" data-end=\"2526\">F\u00fcr unsere regul\u00e4re gesch\u00e4ftliche Kommunikation per E-Mail nutzen wir die Dienste unseres Webhosters. Dieser Anbieter hat geeignete technische und organisatorische Ma\u00dfnahmen getroffen, um Missbrauch, Verlust oder Besch\u00e4digung Ihrer Daten zu verhindern.<\/p><hr data-start=\"2528\" data-end=\"2531\" \/><h6 data-start=\"2533\" data-end=\"2601\"><strong data-start=\"2537\" data-end=\"2599\">Zweck der Datenverarbeitung \/ Allgemeiner Verwendungszweck<\/strong><\/h6><p data-start=\"2602\" data-end=\"3306\">Wir verwenden Ihre Daten ausschlie\u00dflich zur Erbringung unserer Dienstleistungen. Das bedeutet, dass der Zweck der Verarbeitung in direktem Zusammenhang mit dem Auftrag steht, den Sie uns erteilen. Wir nutzen Ihre Daten nicht f\u00fcr (adressierte) Marketingma\u00dfnahmen. Wenn Sie uns Informationen mitteilen und wir diese nutzen m\u00f6chten, um Sie sp\u00e4ter \u2013 ohne ausdr\u00fcckliche Anfrage Ihrerseits \u2013 zu kontaktieren, holen wir zuvor Ihre ausdr\u00fcckliche Zustimmung ein. Ihre Daten werden nur dann an Dritte weitergegeben, wenn dies zur Erf\u00fcllung von buchhalterischen oder administrativen Verpflichtungen notwendig ist. Diese Dritten sind entweder vertraglich, gesetzlich oder durch Eid zur Verschwiegenheit verpflichtet.<\/p><hr data-start=\"3308\" data-end=\"3311\" \/><h6 data-start=\"3313\" data-end=\"3349\"><strong data-start=\"3317\" data-end=\"3347\">Automatisch erhobene Daten<\/strong><\/h6><p data-start=\"3350\" data-end=\"3631\">Automatisch von unserer Website gesammelte Informationen werden ausschlie\u00dflich zur Bereitstellung oder Verbesserung unserer Dienstleistungen verwendet. Diese Informationen (wie z.\u202fB. anonymisierte IP-Adresse, Webbrowser oder Betriebssystem) gelten nicht als personenbezogene Daten.<\/p><hr data-start=\"3633\" data-end=\"3636\" \/><h6 data-start=\"3638\" data-end=\"3703\"><strong data-start=\"3642\" data-end=\"3701\">Zusammenarbeit mit Steuer- und Strafverfolgungsbeh\u00f6rden<\/strong><\/h6><p data-start=\"3704\" data-end=\"3998\">In bestimmten F\u00e4llen k\u00f6nnen wir gesetzlich verpflichtet sein, Ihre Daten im Rahmen steuerlicher oder strafrechtlicher Ermittlungen an Beh\u00f6rden weiterzugeben. In solchen F\u00e4llen sind wir zur Zusammenarbeit verpflichtet, werden jedoch im Rahmen der gesetzlichen M\u00f6glichkeiten Widerspruch einlegen.<\/p><hr data-start=\"4000\" data-end=\"4003\" \/><h6 data-start=\"4005\" data-end=\"4035\"><strong data-start=\"4009\" data-end=\"4033\">Aufbewahrungsfristen<\/strong><\/h6><p data-start=\"4036\" data-end=\"4724\">Wir speichern Ihre Daten, solange Sie Kunde bei uns sind. Das bedeutet, dass Ihr Kundenprofil so lange gespeichert bleibt, bis Sie uns mitteilen, dass Sie unsere Dienste nicht mehr in Anspruch nehmen m\u00f6chten. Eine solche Mitteilung gilt zugleich als Antrag auf L\u00f6schung (\u201eRecht auf Vergessenwerden\u201c). Aufgrund gesetzlicher Vorschriften sind wir verpflichtet, Rechnungen mit Ihren (personenbezogenen) Daten \u00fcber einen bestimmten Zeitraum aufzubewahren. Diese Informationen werden sicher gespeichert, bis die entsprechende gesetzliche Frist abgelaufen ist. Danach hat unser Personal keinen Zugriff mehr auf Ihr Kundenprofil oder auf Unterlagen, die im Rahmen Ihres Auftrags erstellt wurden.<\/p><hr data-start=\"4726\" data-end=\"4729\" \/><h6 data-start=\"4731\" data-end=\"4752\"><strong data-start=\"4735\" data-end=\"4750\">Ihre Rechte<\/strong><\/h6><p data-start=\"4753\" data-end=\"5772\">Nach geltendem niederl\u00e4ndischen und europ\u00e4ischen Datenschutzrecht haben Sie als betroffene Person bestimmte Rechte in Bezug auf Ihre personenbezogenen Daten, die von uns oder in unserem Auftrag verarbeitet werden. Nachfolgend finden Sie eine Erl\u00e4uterung dieser Rechte und wie Sie diese aus\u00fcben k\u00f6nnen. Zur Vermeidung von Missbrauch senden wir Ausk\u00fcnfte und Kopien Ihrer Daten grunds\u00e4tzlich nur an die bei uns hinterlegte E-Mail-Adresse. M\u00f6chten Sie diese an eine andere Adresse oder per Post erhalten, m\u00fcssen Sie sich entsprechend identifizieren. Wir f\u00fchren ein Verzeichnis \u00fcber abgeschlossene Anfragen. Bei einem Antrag auf L\u00f6schung speichern wir Ihre Daten nur noch in anonymisierter Form. Sie erhalten alle Daten und Rechnungen in maschinenlesbarem Format gem\u00e4\u00df den in unserem System verwendeten Datenklassifikationen. Sie haben zudem jederzeit das Recht, sich bei der niederl\u00e4ndischen Datenschutzbeh\u00f6rde (<strong data-start=\"5662\" data-end=\"5693\">Autoriteit Persoonsgegevens<\/strong>) zu beschweren, wenn Sie den Verdacht haben, dass wir Ihre Daten missbrauchen.<\/p><hr data-start=\"5774\" data-end=\"5777\" \/><h6 data-start=\"5779\" data-end=\"5807\"><strong data-start=\"5783\" data-end=\"5805\">Recht auf Auskunft<\/strong><\/h6><p data-start=\"5808\" data-end=\"6231\">Sie haben jederzeit das Recht, die von uns verarbeiteten Daten, die sich auf Ihre Person beziehen, einzusehen. Einen Antrag auf Einsicht k\u00f6nnen Sie an unseren Datenschutzbeauftragten richten. Innerhalb von 30 Tagen erhalten Sie eine R\u00fcckmeldung. Wenn Ihr Antrag genehmigt wird, senden wir Ihnen eine vollst\u00e4ndige \u00dcbersicht sowie eine Liste der Auftragsverarbeiter und der Datenkategorien an die uns bekannte E-Mail-Adresse.<\/p><hr data-start=\"6233\" data-end=\"6236\" \/><h6 data-start=\"6238\" data-end=\"6270\"><strong data-start=\"6242\" data-end=\"6268\">Recht auf Berichtigung<\/strong><\/h6><p data-start=\"6271\" data-end=\"6533\">Sie haben das Recht, unrichtige oder unvollst\u00e4ndige Daten berichtigen zu lassen. Auch hierf\u00fcr wenden Sie sich bitte an unseren Datenschutzbeauftragten. Sie erhalten innerhalb von 30 Tagen eine R\u00fcckmeldung und ggf. eine Best\u00e4tigung \u00fcber die erfolgte Berichtigung.<\/p><hr data-start=\"6535\" data-end=\"6538\" \/><h6 data-start=\"6540\" data-end=\"6590\"><strong data-start=\"6544\" data-end=\"6588\">Recht auf Einschr\u00e4nkung der Verarbeitung<\/strong><\/h6><p data-start=\"6591\" data-end=\"6943\">Sie haben jederzeit das Recht, eine Einschr\u00e4nkung der Verarbeitung Ihrer personenbezogenen Daten zu verlangen. Auch in diesem Fall kontaktieren Sie bitte unseren Datenschutzbeauftragten. Wird dem Antrag stattgegeben, erhalten Sie eine Best\u00e4tigung, dass Ihre Daten nur noch eingeschr\u00e4nkt verarbeitet werden \u2013 bis Sie diese Einschr\u00e4nkung wieder aufheben.<\/p><hr data-start=\"6945\" data-end=\"6948\" \/><h6 data-start=\"6950\" data-end=\"6990\"><strong data-start=\"6954\" data-end=\"6988\">Recht auf Daten\u00fcbertragbarkeit<\/strong><\/h6><p data-start=\"6991\" data-end=\"7387\">Sie haben das Recht, Ihre personenbezogenen Daten an einen anderen Anbieter \u00fcbertragen zu lassen. Auch diesen Antrag k\u00f6nnen Sie an unseren Datenschutzbeauftragten richten. Wenn Ihr Antrag bewilligt wird, senden wir Ihnen Ihre Daten in einem strukturierten, maschinenlesbaren Format. Beachten Sie, dass wir Ihnen in diesem Fall unsere Dienste m\u00f6glicherweise nicht mehr wie gewohnt anbieten k\u00f6nnen.<\/p><hr data-start=\"7389\" data-end=\"7392\" \/><h6 data-start=\"7394\" data-end=\"7441\"><strong data-start=\"7398\" data-end=\"7439\">Widerspruchsrecht und sonstige Rechte<\/strong><\/h6><p data-start=\"7442\" data-end=\"8121\">Sie haben das Recht, der Verarbeitung Ihrer personenbezogenen Daten durch uns oder unsere Auftragsverarbeiter zu widersprechen. Im Falle eines Widerspruchs stellen wir die Verarbeitung Ihrer Daten ein, bis der Fall gepr\u00fcft wurde. Ist der Widerspruch berechtigt, l\u00f6schen wir alle betroffenen Daten und stellen die Verarbeitung dauerhaft ein. Sie haben au\u00dferdem das Recht, nicht einer ausschlie\u00dflich automatisierten Entscheidungsfindung oder einem Profiling unterworfen zu werden. Wir verarbeiten Ihre Daten nicht in einer Weise, auf die dieses Recht Anwendung f\u00e4nde. Falls Sie dennoch der Meinung sind, dass dies zutrifft, wenden Sie sich bitte an unseren Datenschutzbeauftragten.<\/p><hr data-start=\"8123\" data-end=\"8126\" \/><h6 data-start=\"8128\" data-end=\"8174\"><strong data-start=\"8132\" data-end=\"8172\">\u00c4nderungen der Datenschutzrichtlinie<\/strong><\/h6><p data-start=\"8175\" data-end=\"8459\">Wir behalten uns das Recht vor, diese Datenschutzrichtlinie jederzeit zu \u00e4ndern. Auf dieser Seite finden Sie stets die aktuellste Version. Sollte eine neue Version Auswirkungen auf die Art und Weise haben, wie wir Ihre Daten verarbeiten, werden wir Sie dar\u00fcber per E-Mail informieren.<\/p>\t\t\t\t\t\t\t\t<\/div>\n\t\t\t\t<\/div>\n\t\t\t\t\t<\/div>\n\t\t\t\t<\/div>\n\t\t<div class=\"elementor-element elementor-element-424c444 e-con-full e-flex e-con e-parent\" data-id=\"424c444\" data-element_type=\"container\" data-e-type=\"container\" data-settings=\"{&quot;background_background&quot;:&quot;classic&quot;}\">\n\t\t\t\t<div class=\"elementor-element elementor-element-3408c53 elementor-widget elementor-widget-heading\" data-id=\"3408c53\" data-element_type=\"widget\" data-e-type=\"widget\" data-widget_type=\"heading.default\">\n\t\t\t\t\t<h2 class=\"elementor-heading-title elementor-size-default\">Newsletter \u2013 Anmeldung<\/h2>\t\t\t\t<\/div>\n\t\t\t\t<div class=\"elementor-element elementor-element-113830c elementor-widget elementor-widget-text-editor\" data-id=\"113830c\" data-element_type=\"widget\" data-e-type=\"widget\" data-widget_type=\"text-editor.default\">\n\t\t\t\t\t\t\t\t\tBleiben Sie \u00fcber Aktionen und Inhalte zum Thema Wasser informiert. \t\t\t\t\t\t\t\t<\/div>\n\t\t<div class=\"elementor-element elementor-element-361a462 elementor-hidden-mobile e-flex e-con-boxed e-con e-child\" data-id=\"361a462\" data-element_type=\"container\" data-e-type=\"container\">\n\t\t\t\t\t<div class=\"e-con-inner\">\n\t\t\t\t<div class=\"elementor-element elementor-element-9465db6 elementor-button-align-start elementor-widget elementor-widget-form\" data-id=\"9465db6\" data-element_type=\"widget\" data-e-type=\"widget\" data-settings=\"{&quot;step_next_label&quot;:&quot;N\\u00e4chste&quot;,&quot;step_previous_label&quot;:&quot;Previous&quot;,&quot;step_type&quot;:&quot;number_text&quot;,&quot;step_icon_shape&quot;:&quot;circle&quot;}\" data-widget_type=\"form.default\">\n\t\t\t\t\t\t\t<form class=\"elementor-form\" method=\"post\" name=\"Neues Formular\" aria-label=\"Neues Formular\">\n\t\t\t<input type=\"hidden\" name=\"post_id\" value=\"2717\"\/>\n\t\t\t<input type=\"hidden\" name=\"form_id\" value=\"9465db6\"\/>\n\t\t\t<input type=\"hidden\" name=\"referer_title\" value=\"Datenschutzrichtlinie - Purassima\" \/>\n\n\t\t\t\t\t\t\t<input type=\"hidden\" name=\"queried_id\" value=\"2717\"\/>\n\t\t\t\n\t\t\t<div class=\"elementor-form-fields-wrapper elementor-labels-above\">\n\t\t\t\t\t\t\t\t<div class=\"elementor-field-type-email elementor-field-group elementor-column elementor-field-group-email elementor-col-100 elementor-field-required\">\n\t\t\t\t\t\t\t\t\t\t\t\t\t<input size=\"1\" type=\"email\" name=\"form_fields[email]\" id=\"form-field-email\" class=\"elementor-field elementor-size-md  elementor-field-textual\" placeholder=\"E-Mail\" required=\"required\">\n\t\t\t\t\t\t\t\t\t\t\t<\/div>\n\t\t\t\t\t\t\t\t<div class=\"elementor-field-group elementor-column elementor-field-type-submit elementor-col-100 e-form__buttons\">\n\t\t\t\t\t<button class=\"elementor-button elementor-size-md\" type=\"submit\">\n\t\t\t\t\t\t<span class=\"elementor-button-content-wrapper\">\n\t\t\t\t\t\t\t\t\t\t\t\t\t\t\t\t\t\t\t\t\t\t<span class=\"elementor-button-text\">Abonnieren<\/span>\n\t\t\t\t\t\t\t\t\t\t\t\t\t<\/span>\n\t\t\t\t\t<\/button>\n\t\t\t\t<\/div>\n\t\t\t<\/div>\n\t\t<\/form>\n\t\t\t\t\t\t<\/div>\n\t\t\t\t\t<\/div>\n\t\t\t\t<\/div>\n\t\t<div class=\"elementor-element elementor-element-d4807ee elementor-hidden-desktop elementor-hidden-tablet e-flex e-con-boxed e-con e-child\" data-id=\"d4807ee\" data-element_type=\"container\" data-e-type=\"container\">\n\t\t\t\t\t<div class=\"e-con-inner\">\n\t\t\t\t<div class=\"elementor-element elementor-element-8889b59 elementor-button-align-stretch elementor-widget elementor-widget-form\" data-id=\"8889b59\" data-element_type=\"widget\" data-e-type=\"widget\" data-settings=\"{&quot;step_next_label&quot;:&quot;N\\u00e4chste&quot;,&quot;step_previous_label&quot;:&quot;Previous&quot;,&quot;button_width&quot;:&quot;100&quot;,&quot;step_type&quot;:&quot;number_text&quot;,&quot;step_icon_shape&quot;:&quot;circle&quot;}\" data-widget_type=\"form.default\">\n\t\t\t\t\t\t\t<form class=\"elementor-form\" method=\"post\" name=\"Neues Formular\" aria-label=\"Neues Formular\">\n\t\t\t<input type=\"hidden\" name=\"post_id\" value=\"2717\"\/>\n\t\t\t<input type=\"hidden\" name=\"form_id\" value=\"8889b59\"\/>\n\t\t\t<input type=\"hidden\" name=\"referer_title\" value=\"Datenschutzrichtlinie - Purassima\" \/>\n\n\t\t\t\t\t\t\t<input type=\"hidden\" name=\"queried_id\" value=\"2717\"\/>\n\t\t\t\n\t\t\t<div class=\"elementor-form-fields-wrapper elementor-labels-above\">\n\t\t\t\t\t\t\t\t<div class=\"elementor-field-type-email elementor-field-group elementor-column elementor-field-group-email elementor-col-100 elementor-field-required elementor-mark-required\">\n\t\t\t\t\t\t\t\t\t\t\t\t\t<input size=\"1\" type=\"email\" name=\"form_fields[email]\" id=\"form-field-email\" class=\"elementor-field elementor-size-md  elementor-field-textual\" placeholder=\"E-Mail\" required=\"required\">\n\t\t\t\t\t\t\t\t\t\t\t<\/div>\n\t\t\t\t\t\t\t\t<div class=\"elementor-field-group elementor-column elementor-field-type-submit elementor-col-100 e-form__buttons\">\n\t\t\t\t\t<button class=\"elementor-button elementor-size-md\" type=\"submit\">\n\t\t\t\t\t\t<span class=\"elementor-button-content-wrapper\">\n\t\t\t\t\t\t\t\t\t\t\t\t\t\t\t\t\t\t\t\t\t\t<span class=\"elementor-button-text\">Abonnieren<\/span>\n\t\t\t\t\t\t\t\t\t\t\t\t\t<\/span>\n\t\t\t\t\t<\/button>\n\t\t\t\t<\/div>\n\t\t\t<\/div>\n\t\t<\/form>\n\t\t\t\t\t\t<\/div>\n\t\t\t\t\t<\/div>\n\t\t\t\t<\/div>\n\t\t\t\t<\/div>\n\t\t\t\t<\/div>\n\t\t","protected":false},"excerpt":{"rendered":"<p>Datenschutzrichtlinie Wir legen gro\u00dfen Wert auf Ihre Privatsph\u00e4re.Wir verarbeiten ausschlie\u00dflich Daten, die wir f\u00fcr die (Verbesserung) unserer Dienstleistungen ben\u00f6tigen, und gehen sorgf\u00e4ltig mit allen Informationen um, die wir \u00fcber Sie und Ihre Nutzung unserer Dienste sammeln. Ihre Daten werden nicht zu kommerziellen Zwecken an Dritte weitergegeben. Diese Datenschutzrichtlinie gilt f\u00fcr die Nutzung der Website und [&hellip;]<\/p>\n","protected":false},"author":1,"featured_media":0,"parent":0,"menu_order":0,"comment_status":"closed","ping_status":"closed","template":"elementor_header_footer","meta":{"_acf_changed":false,"footnotes":""},"class_list":["post-2717","page","type-page","status-publish","hentry"],"acf":[],"yoast_head":"<!-- This site is optimized with the Yoast SEO plugin v27.4 - https:\/\/yoast.com\/product\/yoast-seo-wordpress\/ -->\n<title>Datenschutzrichtlinie - Purassima<\/title>\n<meta name=\"robots\" content=\"index, follow, max-snippet:-1, max-image-preview:large, max-video-preview:-1\" \/>\n<link rel=\"canonical\" href=\"https:\/\/purassima.com\/de\/datenschutzrichtlinie\/\" \/>\n<meta property=\"og:locale\" content=\"de_DE\" \/>\n<meta property=\"og:type\" content=\"article\" \/>\n<meta property=\"og:title\" content=\"Datenschutzrichtlinie - Purassima\" \/>\n<meta property=\"og:description\" content=\"Datenschutzrichtlinie Wir legen gro\u00dfen Wert auf Ihre Privatsph\u00e4re.Wir verarbeiten ausschlie\u00dflich Daten, die wir f\u00fcr die (Verbesserung) unserer Dienstleistungen ben\u00f6tigen, und gehen sorgf\u00e4ltig mit allen Informationen um, die wir \u00fcber Sie und Ihre Nutzung unserer Dienste sammeln. Ihre Daten werden nicht zu kommerziellen Zwecken an Dritte weitergegeben. Diese Datenschutzrichtlinie gilt f\u00fcr die Nutzung der Website und [&hellip;]\" \/>\n<meta property=\"og:url\" content=\"https:\/\/purassima.com\/de\/datenschutzrichtlinie\/\" \/>\n<meta property=\"og:site_name\" content=\"Purassima\" \/>\n<meta property=\"article:modified_time\" content=\"2025-07-31T05:05:07+00:00\" \/>\n<meta name=\"twitter:card\" content=\"summary_large_image\" \/>\n<meta name=\"twitter:label1\" content=\"Gesch\u00e4tzte Lesezeit\" \/>\n\t<meta name=\"twitter:data1\" content=\"7\u00a0Minuten\" \/>\n<script type=\"application\/ld+json\" class=\"yoast-schema-graph\">{\"@context\":\"https:\\\/\\\/schema.org\",\"@graph\":[{\"@type\":\"WebPage\",\"@id\":\"https:\\\/\\\/purassima.com\\\/de\\\/datenschutzrichtlinie\\\/\",\"url\":\"https:\\\/\\\/purassima.com\\\/de\\\/datenschutzrichtlinie\\\/\",\"name\":\"Datenschutzrichtlinie - Purassima\",\"isPartOf\":{\"@id\":\"https:\\\/\\\/purassima.com\\\/de\\\/#website\"},\"datePublished\":\"2025-07-26T10:17:11+00:00\",\"dateModified\":\"2025-07-31T05:05:07+00:00\",\"breadcrumb\":{\"@id\":\"https:\\\/\\\/purassima.com\\\/de\\\/datenschutzrichtlinie\\\/#breadcrumb\"},\"inLanguage\":\"de\",\"potentialAction\":[{\"@type\":\"ReadAction\",\"target\":[\"https:\\\/\\\/purassima.com\\\/de\\\/datenschutzrichtlinie\\\/\"]}]},{\"@type\":\"BreadcrumbList\",\"@id\":\"https:\\\/\\\/purassima.com\\\/de\\\/datenschutzrichtlinie\\\/#breadcrumb\",\"itemListElement\":[{\"@type\":\"ListItem\",\"position\":1,\"name\":\"Home\",\"item\":\"https:\\\/\\\/purassima.com\\\/de\\\/heim\\\/\"},{\"@type\":\"ListItem\",\"position\":2,\"name\":\"Datenschutzrichtlinie\"}]},{\"@type\":\"WebSite\",\"@id\":\"https:\\\/\\\/purassima.com\\\/de\\\/#website\",\"url\":\"https:\\\/\\\/purassima.com\\\/de\\\/\",\"name\":\"purassima\",\"description\":\"\",\"potentialAction\":[{\"@type\":\"SearchAction\",\"target\":{\"@type\":\"EntryPoint\",\"urlTemplate\":\"https:\\\/\\\/purassima.com\\\/de\\\/?s={search_term_string}\"},\"query-input\":{\"@type\":\"PropertyValueSpecification\",\"valueRequired\":true,\"valueName\":\"search_term_string\"}}],\"inLanguage\":\"de\"}]}<\/script>\n<!-- \/ Yoast SEO plugin. -->","yoast_head_json":{"title":"Datenschutzrichtlinie - Purassima","robots":{"index":"index","follow":"follow","max-snippet":"max-snippet:-1","max-image-preview":"max-image-preview:large","max-video-preview":"max-video-preview:-1"},"canonical":"https:\/\/purassima.com\/de\/datenschutzrichtlinie\/","og_locale":"de_DE","og_type":"article","og_title":"Datenschutzrichtlinie - Purassima","og_description":"Datenschutzrichtlinie Wir legen gro\u00dfen Wert auf Ihre Privatsph\u00e4re.Wir verarbeiten ausschlie\u00dflich Daten, die wir f\u00fcr die (Verbesserung) unserer Dienstleistungen ben\u00f6tigen, und gehen sorgf\u00e4ltig mit allen Informationen um, die wir \u00fcber Sie und Ihre Nutzung unserer Dienste sammeln. Ihre Daten werden nicht zu kommerziellen Zwecken an Dritte weitergegeben. Diese Datenschutzrichtlinie gilt f\u00fcr die Nutzung der Website und [&hellip;]","og_url":"https:\/\/purassima.com\/de\/datenschutzrichtlinie\/","og_site_name":"Purassima","article_modified_time":"2025-07-31T05:05:07+00:00","twitter_card":"summary_large_image","twitter_misc":{"Gesch\u00e4tzte Lesezeit":"7\u00a0Minuten"},"schema":{"@context":"https:\/\/schema.org","@graph":[{"@type":"WebPage","@id":"https:\/\/purassima.com\/de\/datenschutzrichtlinie\/","url":"https:\/\/purassima.com\/de\/datenschutzrichtlinie\/","name":"Datenschutzrichtlinie - Purassima","isPartOf":{"@id":"https:\/\/purassima.com\/de\/#website"},"datePublished":"2025-07-26T10:17:11+00:00","dateModified":"2025-07-31T05:05:07+00:00","breadcrumb":{"@id":"https:\/\/purassima.com\/de\/datenschutzrichtlinie\/#breadcrumb"},"inLanguage":"de","potentialAction":[{"@type":"ReadAction","target":["https:\/\/purassima.com\/de\/datenschutzrichtlinie\/"]}]},{"@type":"BreadcrumbList","@id":"https:\/\/purassima.com\/de\/datenschutzrichtlinie\/#breadcrumb","itemListElement":[{"@type":"ListItem","position":1,"name":"Home","item":"https:\/\/purassima.com\/de\/heim\/"},{"@type":"ListItem","position":2,"name":"Datenschutzrichtlinie"}]},{"@type":"WebSite","@id":"https:\/\/purassima.com\/de\/#website","url":"https:\/\/purassima.com\/de\/","name":"purassima","description":"","potentialAction":[{"@type":"SearchAction","target":{"@type":"EntryPoint","urlTemplate":"https:\/\/purassima.com\/de\/?s={search_term_string}"},"query-input":{"@type":"PropertyValueSpecification","valueRequired":true,"valueName":"search_term_string"}}],"inLanguage":"de"}]}},"_links":{"self":[{"href":"https:\/\/purassima.com\/de\/wp-json\/wp\/v2\/pages\/2717","targetHints":{"allow":["GET"]}}],"collection":[{"href":"https:\/\/purassima.com\/de\/wp-json\/wp\/v2\/pages"}],"about":[{"href":"https:\/\/purassima.com\/de\/wp-json\/wp\/v2\/types\/page"}],"author":[{"embeddable":true,"href":"https:\/\/purassima.com\/de\/wp-json\/wp\/v2\/users\/1"}],"replies":[{"embeddable":true,"href":"https:\/\/purassima.com\/de\/wp-json\/wp\/v2\/comments?post=2717"}],"version-history":[{"count":7,"href":"https:\/\/purassima.com\/de\/wp-json\/wp\/v2\/pages\/2717\/revisions"}],"predecessor-version":[{"id":2724,"href":"https:\/\/purassima.com\/de\/wp-json\/wp\/v2\/pages\/2717\/revisions\/2724"}],"wp:attachment":[{"href":"https:\/\/purassima.com\/de\/wp-json\/wp\/v2\/media?parent=2717"}],"curies":[{"name":"wp","href":"https:\/\/api.w.org\/{rel}","templated":true}]}}