{"id":2608,"date":"2025-07-25T08:46:16","date_gmt":"2025-07-25T08:46:16","guid":{"rendered":"https:\/\/purassima.com\/product\/gaia-wasserreiniger\/"},"modified":"2025-07-31T07:52:17","modified_gmt":"2025-07-31T07:52:17","slug":"gaia-wasserreiniger","status":"publish","type":"product","link":"https:\/\/purassima.com\/de\/product\/gaia-wasserreiniger\/","title":{"rendered":"Gaia \u2013 Wasserreiniger"},"content":{"rendered":"\t\t<div data-elementor-type=\"product-post\" data-elementor-id=\"2608\" class=\"elementor elementor-2608 elementor-568\" data-elementor-post-type=\"product\">\n\t\t\t\t<div class=\"elementor-element elementor-element-33fb79cb e-flex e-con-boxed e-con e-parent\" data-id=\"33fb79cb\" data-element_type=\"container\" data-e-type=\"container\">\n\t\t\t\t\t<div class=\"e-con-inner\">\n\t\t\t\t<div class=\"elementor-element elementor-element-5ab2781b elementor-widget elementor-widget-text-editor\" data-id=\"5ab2781b\" data-element_type=\"widget\" data-e-type=\"widget\" data-widget_type=\"text-editor.default\">\n\t\t\t\t\t\t\t\t\tMarke: Purassima\nModell: Gaia \u2013 Wasserreiniger\nInhalt: 14 Liter\nMaterial: ABS\nFilter: 3 Filter und 8 Filterstufen\nKein Strom n\u00f6tig!\n\nDer Purassima Gaia Desktop-Wasserreiniger ohne Chemikalien oder sogar Strom, sondern basierend auf nat\u00fcrlicher Filterung. Entfernt unter anderem Mikroplastik, GenX, PFAS, Bakterien, Hormone, Medikamente, Pestizide aus dem Wasser. Das System verwandelt Leitungs-, Regen-, Fluss- und Grabenwasser in PH-neutrales, gereinigtes und vitalisiertes Trinkwasser. Sie werden staunen, wie weich, rein und k\u00f6stlich Ihr Wasser, aber auch z.B. Kaffee und Tee k\u00f6nnen schmecken!   \n\nFiltrationsprozess\nDer Tischwasserfilter besteht aus 3 Filtern in insgesamt 8 Reinigungsschritten. Dieses System wird auch \u201eSchwerkraftsystem\u201c genannt. Das Wasser flie\u00dft auf nat\u00fcrliche Weise unter dem Einfluss der Schwerkraft durch verschiedene Filter. Das Wasser wird durch das Pressen mittels einer Pumpe nicht beeintr\u00e4chtigt. Es handelt sich um ein robustes Wasserfiltersystem, das keinen Anschluss an das Stromnetz oder Trinkwasserverteilungssystem erfordert. Die Filtration erfolgt \u00fcber verschiedene Filter und es werden weitere Filtrationsschritte hinzugef\u00fcgt, um Verunreinigungen wie Schwermetalle, organische Verunreinigungen, Pestizide, Herbizide, Arzneimittelr\u00fcckst\u00e4nde, Chlor, Schwebeteilchen (Schlamm, Sediment), schlechten Geschmack, schlechte Ger\u00fcche usw. zu entfernen.     \n\nDer Filtrationsprozess besteht aus folgenden Schritten:\n\n1. Mikrokeramikfilter\n2. Aktivkohlefilter\n3. Quarzsand\n4. Zeolithfilter\n5. Mineralsteine\n6. Keramikfilter\n7. Illite-B\u00e4lle\n8. Vitalisierung (Schauberger-Prinzip)\n\nMikrokeramikfilter\nDer Mikrokeramikfilter besteht aus hochverdichteten Keramik-Kieselalgen. Der Filter hat eine sehr d\u00fcnne por\u00f6se Struktur von 0,2, die weniger als halb so gro\u00df ist wie Bakterien. Dieser Filter macht das Wasser unter anderem frei von Rost, Staub, Sand und Bakterien wie Chlorea, Typhus, Kolibakterien usw.  \n\nAktivkohle (1. Schicht &#8211; Kartusche)\nDie Verwendung von Kohlenstoff zur Wasserfiltration ist seit den \u00c4gyptern bekannt, die es zur Speicherung ihres Wassers nutzten. Kohlenstoff wird zur Absorption von Verunreinigungen verwendet und ist das st\u00e4rkste bekannte Absorptionsmittel. Kohlenstoff kann Tausende verschiedener Chemikalien absorbieren, darunter unter anderem Chlor.  \n\nQuarzsand (2. Schichtkartusche).\nSilizium ist eine Kombination aus Sauerstoff und Silizium, den beiden h\u00e4ufigsten Elementen auf der Erde. Kiesels\u00e4ure ist der mineralische Baustein, der gesunde Knochen und Bindegewebe f\u00f6rdert. Kiesels\u00e4ure ist unter anderem f\u00fcr den Abtransport von Aluminiumansammlungen aus unserem K\u00f6rper verantwortlich. Hilft unter anderem, vorzeitiger Alterung, Herz-Kreislauf-Erkrankungen und Alzheimer vorzubeugen. Kieselerde erfreut sich als wohltuender Mineralstoffzusatz im Wasser immer gr\u00f6\u00dferer Beliebtheit. Eine seiner einzigartigen Eigenschaften besteht darin, dass es stets seine eigene Temperatur beibeh\u00e4lt und das Wasser k\u00fchl und frisch h\u00e4lt.     \n\nZeolith (Kartusche der 3. Schicht)\nZeolith ist ein nat\u00fcrliches vulkanisches Material mit einer Reihe einzigartiger Eigenschaften. Zeolith hat eine ungew\u00f6hnliche Kristallstruktur zum Austausch positiv geladener Ionen. Durch diesen Ionenaustausch k\u00f6nnen Zeolithe gezielt bestimmte sch\u00e4dliche und unerw\u00fcnschte Elemente aus dem Wasser absorbieren. Zeolith tauscht Natriumionen gegen Kalziumionen aus und absorbiert giftige Energien, Schwermetalle (Quecksilber, Blei und Chrom), Giftstoffe und Chlorverbindungen wie Trihalomethan und macht dadurch das Wasser weicher. Dar\u00fcber hinaus unterst\u00fctzt Zeolith die Aufnahme von N\u00e4hrstoffen.    \n\nVerschiedene Mineralsteine (4. und 5. Schicht &#8211; Kartusche)\nMineralsteine werden seit Jahrhunderten h\u00e4ufig in Gesundheitsprodukten verwendet. Es besteht aus vielen gesundheitsf\u00f6rdernden Elementen wie Kalium, Natrium, Kalzium und Magnesium. Neben der Zugabe von Mineralien sorgt es auch daf\u00fcr, dass das Wasser frisch bleibt.  \n\nKeramikfilter\nIn dieser Phase wird das Wasser noch einmal durch einen Keramikfilter geleitet, um kleinste Verunreinigungen zu entfernen.\n\nIllite (loser Beh\u00e4lter)\nDiese Illit-Kugeln wirken antibakteriologisch und strahlen eine Infrarotfrequenz von 9,23 Mikrometern ab. Dabei handelt es sich um eine k\u00f6rperspezifische Frequenz, die K\u00f6rperzellen aktiviert. Au\u00dferdem bringen sie den pH-Wert (S\u00e4uregehalt) auf 7,0 und somit wird der S\u00e4uregehalt des Wassers gesenkt und neutralisiert.  \n\nMagnetischer Wasserhahn (Schauberger-Prinzip).\nDer Wasserhahn ist mit Magneten ausgestattet und ver\u00e4ndert die Magnetkraft des Wassers durch Ansammlung von Clustern und Wirbeln. Dadurch entstehen frei bewegliche, sechseckig strukturierte Wassermolek\u00fcle, die im Einklang mit den Fl\u00fcssigkeiten im menschlichen K\u00f6rper stehen. Auf diese Weise f\u00f6rdert das magnetisierte Wasser Gesundheit und Vitalit\u00e4t. Wasser wird vitalisiert.  \n\nFiltrationszeit: 1,5 Liter pro Stunde\nErsatzfilter: zwischen 3 und 6 Monaten, je nach Nutzung (Liter)\nHandbuch: Englisch\nProduktgr\u00f6\u00dfe: 253 x 253 x 590 mm\nGewicht: 2,6 kg\nVerpackungsgr\u00f6\u00dfe: 270x270x240 mm\nPackgewicht: 2,9 kg\nEigenschaften: Funktioniert ohne Strom\nGarantie: 2 Jahre (nicht auf Filter)\nKompletter Filtersatz: \u20ac 69,- (inkl. MwSt.)\t\t\t\t\t\t\t\t<\/div>\n\t\t\t\t\t<\/div>\n\t\t\t\t<\/div>\n\t\t<div class=\"elementor-element elementor-element-c18ef43 e-flex e-con-boxed e-con e-parent\" data-id=\"c18ef43\" data-element_type=\"container\" data-e-type=\"container\">\n\t\t\t\t\t<div class=\"e-con-inner\">\n\t\t\t\t<div class=\"elementor-element elementor-element-21110a9 elementor-widget elementor-widget-heading\" data-id=\"21110a9\" data-element_type=\"widget\" data-e-type=\"widget\" data-widget_type=\"heading.default\">\n\t\t\t\t\t<h2 class=\"elementor-heading-title elementor-size-default\">PDF herunterladen<\/h2>\t\t\t\t<\/div>\n\t\t<div data-ha-element-link=\"{&quot;url&quot;:&quot;https:\\\/\\\/purassima.com\\\/wp-content\\\/uploads\\\/2025\\\/07\\\/Purassima_brochure_EN-2.pdf&quot;,&quot;is_external&quot;:&quot;on&quot;,&quot;nofollow&quot;:&quot;&quot;}\" style=\"cursor: pointer\" class=\"elementor-element elementor-element-924a6ee e-con-full e-flex e-con e-child\" data-id=\"924a6ee\" data-element_type=\"container\" data-e-type=\"container\" data-settings=\"{&quot;background_background&quot;:&quot;classic&quot;}\">\n\t\t<div class=\"elementor-element elementor-element-1df7015 e-con-full e-flex e-con e-child\" data-id=\"1df7015\" data-element_type=\"container\" data-e-type=\"container\">\n\t\t\t\t<div class=\"elementor-element elementor-element-d9e38ca elementor-widget elementor-widget-image\" data-id=\"d9e38ca\" data-element_type=\"widget\" data-e-type=\"widget\" data-widget_type=\"image.default\">\n\t\t\t\t\t\t\t\t\t\t\t\t\t\t\t<img fetchpriority=\"high\" decoding=\"async\" width=\"800\" height=\"893\" src=\"https:\/\/purassima.com\/wp-content\/uploads\/2025\/07\/PDF_icon.webp\" class=\"attachment-large size-large wp-image-2766\" alt=\"\" srcset=\"https:\/\/purassima.com\/wp-content\/uploads\/2025\/07\/PDF_icon.webp 820w, https:\/\/purassima.com\/wp-content\/uploads\/2025\/07\/PDF_icon-269x300.webp 269w, https:\/\/purassima.com\/wp-content\/uploads\/2025\/07\/PDF_icon-768x857.webp 768w, https:\/\/purassima.com\/wp-content\/uploads\/2025\/07\/PDF_icon-600x670.webp 600w\" sizes=\"(max-width: 800px) 100vw, 800px\" \/>\t\t\t\t\t\t\t\t\t\t\t\t\t\t\t<\/div>\n\t\t\t\t<\/div>\n\t\t<div class=\"elementor-element elementor-element-6081f54 e-con-full e-flex e-con e-child\" data-id=\"6081f54\" data-element_type=\"container\" data-e-type=\"container\">\n\t\t\t\t<div class=\"elementor-element elementor-element-fba5368 elementor-widget elementor-widget-heading\" data-id=\"fba5368\" data-element_type=\"widget\" data-e-type=\"widget\" data-widget_type=\"heading.default\">\n\t\t\t\t\t<h2 class=\"elementor-heading-title elementor-size-default\">Purissima-Prospektsysteme<\/h2>\t\t\t\t<\/div>\n\t\t\t\t<div class=\"elementor-element elementor-element-64c179f elementor-widget elementor-widget-text-editor\" data-id=\"64c179f\" data-element_type=\"widget\" data-e-type=\"widget\" data-widget_type=\"text-editor.default\">\n\t\t\t\t\t\t\t\t\t(550.61 KB)\n\n\t\t\t\t\t\t\t\t<\/div>\n\t\t\t\t<\/div>\n\t\t\t\t<\/div>\n\t\t\t\t\t<\/div>\n\t\t\t\t<\/div>\n\t\t\t\t<\/div>\n\t\t","protected":false},"excerpt":{"rendered":"<p><strong>VORTEILE<\/strong><\/p>\n<ul>\n<li>jeden Tag reines Wasser<\/li>\n<li>Verbesserung der Gesundheit<\/li>\n<li>leckerer Kaffee, Tee, Limonade, Smoothies usw.<\/li>\n<li>Sparsam im Verbrauch (Einsparung: \u20ac 400,- p\/p\/a)<\/li>\n<li> Kein Mineralwasser mehr herumschleppen<\/li>\n<li>umweltfreundlich &amp; nachhaltige L\u00f6sung<\/li>\n<li><strong>Ersparnis: \u20ac 438,- pro Person und Jahr!<br \/>\n<\/strong>Die Verwendung eines Wasserfilters bietet viele gesundheitliche Vorteile, f\u00fchrt aber auch zu erheblichen Einsparungen bei der Umweltverschmutzung (Erd\u00f6l, Kunststoffe und Transport), ganz zu schweigen vom Transport von Hunderten Gallonen Wasser pro Jahr! Doch das ist noch nicht alles, dar\u00fcber hinaus gibt es auch finanzielle Einsparungen. Im Durchschnitt kostet 1 Liter Leitungswasser 0,05 \u20ac, Mineralwasser kostet 0,60 \u20ac pro Liter.<br \/>\nGehen Sie davon aus, dass Sie 2 Liter pro Tag und Person trinken:<br \/>\nWasserfilter: 0,05 \u20ac x 2 Liter x 365 (Tage) = 36,50 \u20ac pro Person und Jahr.<br \/>\nMineralwasser: \u20ac 0,60 x 2 Liter x 365 (Tage) = \u20ac 438,- pro Person und Jahr. <\/li>\n<\/ul>\n","protected":false},"featured_media":1687,"comment_status":"open","ping_status":"closed","template":"","meta":{"_acf_changed":false},"product_brand":[],"product_cat":[77],"product_tag":[],"class_list":{"0":"post-2608","1":"product","2":"type-product","3":"status-publish","4":"has-post-thumbnail","6":"product_cat-naturliche-reinigung","8":"first","9":"instock","10":"shipping-taxable","11":"purchasable","12":"product-type-simple"},"acf":[],"yoast_head":"<!-- This site is optimized with the Yoast SEO plugin v27.4 - https:\/\/yoast.com\/product\/yoast-seo-wordpress\/ -->\n<title>Gaia \u2013 Wasserreiniger - Purassima<\/title>\n<meta name=\"robots\" content=\"index, follow, max-snippet:-1, max-image-preview:large, max-video-preview:-1\" \/>\n<link rel=\"canonical\" href=\"https:\/\/purassima.com\/de\/product\/gaia-wasserreiniger\/\" \/>\n<meta property=\"og:locale\" content=\"de_DE\" \/>\n<meta property=\"og:type\" content=\"article\" \/>\n<meta property=\"og:title\" content=\"Gaia \u2013 Wasserreiniger - Purassima\" \/>\n<meta property=\"og:description\" content=\"VORTEILE   jeden Tag reines Wasser  Verbesserung der Gesundheit  leckerer Kaffee, Tee, Limonade, Smoothies usw.  Sparsam im Verbrauch (Einsparung: \u20ac 400,- p\/p\/a)   Kein Mineralwasser mehr herumschleppen  umweltfreundlich &amp; nachhaltige L\u00f6sung  Ersparnis: \u20ac 438,- pro Person und Jahr! Die Verwendung eines Wasserfilters bietet viele gesundheitliche Vorteile, f\u00fchrt aber auch zu erheblichen Einsparungen bei der Umweltverschmutzung (Erd\u00f6l, Kunststoffe und Transport), ganz zu schweigen vom Transport von Hunderten Gallonen Wasser pro Jahr! Doch das ist noch nicht alles, dar\u00fcber hinaus gibt es auch finanzielle Einsparungen. Im Durchschnitt kostet 1 Liter Leitungswasser 0,05 \u20ac, Mineralwasser kostet 0,60 \u20ac pro Liter. Gehen Sie davon aus, dass Sie 2 Liter pro Tag und Person trinken: Wasserfilter: 0,05 \u20ac x 2 Liter x 365 (Tage) = 36,50 \u20ac pro Person und Jahr. Mineralwasser: \u20ac 0,60 x 2 Liter x 365 (Tage) = \u20ac 438,- pro Person und Jahr.\" \/>\n<meta property=\"og:url\" content=\"https:\/\/purassima.com\/de\/product\/gaia-wasserreiniger\/\" \/>\n<meta property=\"og:site_name\" content=\"Purassima\" \/>\n<meta property=\"article:modified_time\" content=\"2025-07-31T07:52:17+00:00\" \/>\n<meta property=\"og:image\" content=\"https:\/\/purassima.com\/wp-content\/uploads\/2025\/07\/Gaia_photo1.webp\" \/>\n\t<meta property=\"og:image:width\" content=\"1200\" \/>\n\t<meta property=\"og:image:height\" content=\"1200\" \/>\n\t<meta property=\"og:image:type\" content=\"image\/webp\" \/>\n<meta name=\"twitter:card\" content=\"summary_large_image\" \/>\n<meta name=\"twitter:label1\" content=\"Gesch\u00e4tzte Lesezeit\" \/>\n\t<meta name=\"twitter:data1\" content=\"4\u00a0Minuten\" \/>\n<script type=\"application\/ld+json\" class=\"yoast-schema-graph\">{\"@context\":\"https:\\\/\\\/schema.org\",\"@graph\":[{\"@type\":\"WebPage\",\"@id\":\"https:\\\/\\\/purassima.com\\\/de\\\/product\\\/gaia-wasserreiniger\\\/\",\"url\":\"https:\\\/\\\/purassima.com\\\/de\\\/product\\\/gaia-wasserreiniger\\\/\",\"name\":\"Gaia \u2013 Wasserreiniger - Purassima\",\"isPartOf\":{\"@id\":\"https:\\\/\\\/purassima.com\\\/de\\\/#website\"},\"primaryImageOfPage\":{\"@id\":\"https:\\\/\\\/purassima.com\\\/de\\\/product\\\/gaia-wasserreiniger\\\/#primaryimage\"},\"image\":{\"@id\":\"https:\\\/\\\/purassima.com\\\/de\\\/product\\\/gaia-wasserreiniger\\\/#primaryimage\"},\"thumbnailUrl\":\"https:\\\/\\\/purassima.com\\\/wp-content\\\/uploads\\\/2025\\\/07\\\/Gaia_photo1.webp\",\"datePublished\":\"2025-07-25T08:46:16+00:00\",\"dateModified\":\"2025-07-31T07:52:17+00:00\",\"breadcrumb\":{\"@id\":\"https:\\\/\\\/purassima.com\\\/de\\\/product\\\/gaia-wasserreiniger\\\/#breadcrumb\"},\"inLanguage\":\"de\",\"potentialAction\":[{\"@type\":\"ReadAction\",\"target\":[\"https:\\\/\\\/purassima.com\\\/de\\\/product\\\/gaia-wasserreiniger\\\/\"]}]},{\"@type\":\"ImageObject\",\"inLanguage\":\"de\",\"@id\":\"https:\\\/\\\/purassima.com\\\/de\\\/product\\\/gaia-wasserreiniger\\\/#primaryimage\",\"url\":\"https:\\\/\\\/purassima.com\\\/wp-content\\\/uploads\\\/2025\\\/07\\\/Gaia_photo1.webp\",\"contentUrl\":\"https:\\\/\\\/purassima.com\\\/wp-content\\\/uploads\\\/2025\\\/07\\\/Gaia_photo1.webp\",\"width\":1200,\"height\":1200},{\"@type\":\"BreadcrumbList\",\"@id\":\"https:\\\/\\\/purassima.com\\\/de\\\/product\\\/gaia-wasserreiniger\\\/#breadcrumb\",\"itemListElement\":[{\"@type\":\"ListItem\",\"position\":1,\"name\":\"Home\",\"item\":\"https:\\\/\\\/purassima.com\\\/de\\\/heim\\\/\"},{\"@type\":\"ListItem\",\"position\":2,\"name\":\"Collections\",\"item\":\"https:\\\/\\\/purassima.com\\\/collections\\\/\"},{\"@type\":\"ListItem\",\"position\":3,\"name\":\"Gaia \u2013 Wasserreiniger\"}]},{\"@type\":\"WebSite\",\"@id\":\"https:\\\/\\\/purassima.com\\\/de\\\/#website\",\"url\":\"https:\\\/\\\/purassima.com\\\/de\\\/\",\"name\":\"purassima\",\"description\":\"\",\"potentialAction\":[{\"@type\":\"SearchAction\",\"target\":{\"@type\":\"EntryPoint\",\"urlTemplate\":\"https:\\\/\\\/purassima.com\\\/de\\\/?s={search_term_string}\"},\"query-input\":{\"@type\":\"PropertyValueSpecification\",\"valueRequired\":true,\"valueName\":\"search_term_string\"}}],\"inLanguage\":\"de\"}]}<\/script>\n<!-- \/ Yoast SEO plugin. -->","yoast_head_json":{"title":"Gaia \u2013 Wasserreiniger - Purassima","robots":{"index":"index","follow":"follow","max-snippet":"max-snippet:-1","max-image-preview":"max-image-preview:large","max-video-preview":"max-video-preview:-1"},"canonical":"https:\/\/purassima.com\/de\/product\/gaia-wasserreiniger\/","og_locale":"de_DE","og_type":"article","og_title":"Gaia \u2013 Wasserreiniger - Purassima","og_description":"VORTEILE   jeden Tag reines Wasser  Verbesserung der Gesundheit  leckerer Kaffee, Tee, Limonade, Smoothies usw.  Sparsam im Verbrauch (Einsparung: \u20ac 400,- p\/p\/a)   Kein Mineralwasser mehr herumschleppen  umweltfreundlich &amp; nachhaltige L\u00f6sung  Ersparnis: \u20ac 438,- pro Person und Jahr! Die Verwendung eines Wasserfilters bietet viele gesundheitliche Vorteile, f\u00fchrt aber auch zu erheblichen Einsparungen bei der Umweltverschmutzung (Erd\u00f6l, Kunststoffe und Transport), ganz zu schweigen vom Transport von Hunderten Gallonen Wasser pro Jahr! Doch das ist noch nicht alles, dar\u00fcber hinaus gibt es auch finanzielle Einsparungen. Im Durchschnitt kostet 1 Liter Leitungswasser 0,05 \u20ac, Mineralwasser kostet 0,60 \u20ac pro Liter. Gehen Sie davon aus, dass Sie 2 Liter pro Tag und Person trinken: Wasserfilter: 0,05 \u20ac x 2 Liter x 365 (Tage) = 36,50 \u20ac pro Person und Jahr. Mineralwasser: \u20ac 0,60 x 2 Liter x 365 (Tage) = \u20ac 438,- pro Person und Jahr.","og_url":"https:\/\/purassima.com\/de\/product\/gaia-wasserreiniger\/","og_site_name":"Purassima","article_modified_time":"2025-07-31T07:52:17+00:00","og_image":[{"width":1200,"height":1200,"url":"https:\/\/purassima.com\/wp-content\/uploads\/2025\/07\/Gaia_photo1.webp","type":"image\/webp"}],"twitter_card":"summary_large_image","twitter_misc":{"Gesch\u00e4tzte Lesezeit":"4\u00a0Minuten"},"schema":{"@context":"https:\/\/schema.org","@graph":[{"@type":"WebPage","@id":"https:\/\/purassima.com\/de\/product\/gaia-wasserreiniger\/","url":"https:\/\/purassima.com\/de\/product\/gaia-wasserreiniger\/","name":"Gaia \u2013 Wasserreiniger - Purassima","isPartOf":{"@id":"https:\/\/purassima.com\/de\/#website"},"primaryImageOfPage":{"@id":"https:\/\/purassima.com\/de\/product\/gaia-wasserreiniger\/#primaryimage"},"image":{"@id":"https:\/\/purassima.com\/de\/product\/gaia-wasserreiniger\/#primaryimage"},"thumbnailUrl":"https:\/\/purassima.com\/wp-content\/uploads\/2025\/07\/Gaia_photo1.webp","datePublished":"2025-07-25T08:46:16+00:00","dateModified":"2025-07-31T07:52:17+00:00","breadcrumb":{"@id":"https:\/\/purassima.com\/de\/product\/gaia-wasserreiniger\/#breadcrumb"},"inLanguage":"de","potentialAction":[{"@type":"ReadAction","target":["https:\/\/purassima.com\/de\/product\/gaia-wasserreiniger\/"]}]},{"@type":"ImageObject","inLanguage":"de","@id":"https:\/\/purassima.com\/de\/product\/gaia-wasserreiniger\/#primaryimage","url":"https:\/\/purassima.com\/wp-content\/uploads\/2025\/07\/Gaia_photo1.webp","contentUrl":"https:\/\/purassima.com\/wp-content\/uploads\/2025\/07\/Gaia_photo1.webp","width":1200,"height":1200},{"@type":"BreadcrumbList","@id":"https:\/\/purassima.com\/de\/product\/gaia-wasserreiniger\/#breadcrumb","itemListElement":[{"@type":"ListItem","position":1,"name":"Home","item":"https:\/\/purassima.com\/de\/heim\/"},{"@type":"ListItem","position":2,"name":"Collections","item":"https:\/\/purassima.com\/collections\/"},{"@type":"ListItem","position":3,"name":"Gaia \u2013 Wasserreiniger"}]},{"@type":"WebSite","@id":"https:\/\/purassima.com\/de\/#website","url":"https:\/\/purassima.com\/de\/","name":"purassima","description":"","potentialAction":[{"@type":"SearchAction","target":{"@type":"EntryPoint","urlTemplate":"https:\/\/purassima.com\/de\/?s={search_term_string}"},"query-input":{"@type":"PropertyValueSpecification","valueRequired":true,"valueName":"search_term_string"}}],"inLanguage":"de"}]}},"_links":{"self":[{"href":"https:\/\/purassima.com\/de\/wp-json\/wp\/v2\/product\/2608","targetHints":{"allow":["GET"]}}],"collection":[{"href":"https:\/\/purassima.com\/de\/wp-json\/wp\/v2\/product"}],"about":[{"href":"https:\/\/purassima.com\/de\/wp-json\/wp\/v2\/types\/product"}],"replies":[{"embeddable":true,"href":"https:\/\/purassima.com\/de\/wp-json\/wp\/v2\/comments?post=2608"}],"version-history":[{"count":4,"href":"https:\/\/purassima.com\/de\/wp-json\/wp\/v2\/product\/2608\/revisions"}],"predecessor-version":[{"id":3093,"href":"https:\/\/purassima.com\/de\/wp-json\/wp\/v2\/product\/2608\/revisions\/3093"}],"wp:featuredmedia":[{"embeddable":true,"href":"https:\/\/purassima.com\/de\/wp-json\/wp\/v2\/media\/1687"}],"wp:attachment":[{"href":"https:\/\/purassima.com\/de\/wp-json\/wp\/v2\/media?parent=2608"}],"wp:term":[{"taxonomy":"product_brand","embeddable":true,"href":"https:\/\/purassima.com\/de\/wp-json\/wp\/v2\/product_brand?post=2608"},{"taxonomy":"product_cat","embeddable":true,"href":"https:\/\/purassima.com\/de\/wp-json\/wp\/v2\/product_cat?post=2608"},{"taxonomy":"product_tag","embeddable":true,"href":"https:\/\/purassima.com\/de\/wp-json\/wp\/v2\/product_tag?post=2608"}],"curies":[{"name":"wp","href":"https:\/\/api.w.org\/{rel}","templated":true}]}}