{"id":2614,"date":"2025-07-25T08:51:30","date_gmt":"2025-07-25T08:51:30","guid":{"rendered":"https:\/\/purassima.com\/product\/poseidon-umkehrosmosespender\/"},"modified":"2025-07-31T07:52:10","modified_gmt":"2025-07-31T07:52:10","slug":"poseidon-umkehrosmosespender","status":"publish","type":"product","link":"https:\/\/purassima.com\/de\/product\/poseidon-umkehrosmosespender\/","title":{"rendered":"Poseidon &#8211; Umkehrosmosespender"},"content":{"rendered":"\t\t<div data-elementor-type=\"product-post\" data-elementor-id=\"2614\" class=\"elementor elementor-2614 elementor-570\" data-elementor-post-type=\"product\">\n\t\t\t\t<div class=\"elementor-element elementor-element-7ec187a3 e-flex e-con-boxed e-con e-parent\" data-id=\"7ec187a3\" data-element_type=\"container\" data-e-type=\"container\">\n\t\t\t\t\t<div class=\"e-con-inner\">\n\t\t\t\t<div class=\"elementor-element elementor-element-25f341de elementor-widget elementor-widget-text-editor\" data-id=\"25f341de\" data-element_type=\"widget\" data-e-type=\"widget\" data-widget_type=\"text-editor.default\">\n\t\t\t\t\t\t\t\t\tMarke: Purassima\nModell: Poseidon\nProdukt: Wasserfiltersystem \u2013 Arbeitsplatte\/Spender\nMethode: Umkehrosmose (RO)\nFilter: 1 Filter \u2013 5 Filterstufen\nStrom: 230 Volt\nInstallation: nicht erforderlich\n\nANWENDUNG:\n&#8211; Haushalte: K\u00fcche\n&#8211; Gesch\u00e4ft\/B\u00fcros: K\u00fcche\/Besprechungsraum\n&#8211; Mobil: Wohnwagen, Wohnmobil oder Boot\n\nDer Poseidon ist ein Tischmodell, das auf Umkehrosmose basiert. Es ist einfach zu bedienen und erfordert keine Installation. Sie k\u00f6nnen die Wassertemperatur in 3 Stufen einstellen: 45\/80\/100 Grad Celsius. Das System ist mit einer Filteranzeige und Wasseranzeige ausgestattet und verf\u00fcgt \u00fcber eine Selbstreinigungsfunktion.   \n\nDie Umkehrosmose verf\u00fcgt \u00fcber die kleinste Membran von 0,0001 Mikrometern und filtert daher 95\u201399 % der Verunreinigungen (unter anderem): Chlor, Fluorid, Bakterien, Viren, Parasiten, Mikroplastik, GenX, PFAS, Pestizide und Schwermetalle. Der Poseidon verf\u00fcgt \u00fcber 1 All-in-One-Filter f\u00fcr 5 Filterungen. Dieser Filter l\u00e4sst sich ganz einfach selbst austauschen.  \n\nSPEZIFIKATIONEN\n<ul class=\"uk-list uk-list-line\">\n \t<li> Tankinhalt: 4 Liter (au\u00dfen) 1 Liter (innen)<\/li>\n \t<li><i class=\"uk-theme-icon-check\"><\/i> Kaltwasserproduktion: 0,2 l\/min<\/li>\n \t<li><i class=\"uk-theme-icon-check\"><\/i> Warmwasserproduktion: 0,4 l\/min<\/li>\n \t<li><i class=\"uk-theme-icon-check\"><\/i> Erforderlicher Wasserdruck: 0 ~ 0,1 MPa<\/li>\n \t<li><i class=\"uk-theme-icon-check\"><\/i> Gewicht: 8 kg.<\/li>\n \t<li><i class=\"uk-theme-icon-check\"><\/i> Abmessungen: 347 x 215 x 351 mm.<\/li>\n \t<li>\n<\/li><\/ul>\nINSTALLATION &amp; MONTAGE\nDieses System muss nicht installiert werden! Der Einbau eines Umkehrosmose-Sp\u00fclenmodells muss von einem Fachmann durchgef\u00fchrt werden und kostet zwischen \u20ac 200,- und \u20ac 400,-. Diese Kosten sparen Sie mit diesem Aufsatzmodell direkt ein.  \t\t\t\t\t\t\t\t<\/div>\n\t\t\t\t\t<\/div>\n\t\t\t\t<\/div>\n\t\t<div class=\"elementor-element elementor-element-2ed856a e-flex e-con-boxed e-con e-parent\" data-id=\"2ed856a\" data-element_type=\"container\" data-e-type=\"container\">\n\t\t\t\t\t<div class=\"e-con-inner\">\n\t\t\t\t<div class=\"elementor-element elementor-element-d332b64 elementor-widget elementor-widget-heading\" data-id=\"d332b64\" data-element_type=\"widget\" data-e-type=\"widget\" data-widget_type=\"heading.default\">\n\t\t\t\t\t<h2 class=\"elementor-heading-title elementor-size-default\">PDF herunterladen<\/h2>\t\t\t\t<\/div>\n\t\t<div data-ha-element-link=\"{&quot;url&quot;:&quot;https:\\\/\\\/purassima.com\\\/wp-content\\\/uploads\\\/2025\\\/07\\\/Purassima_brochure_EN-2-3.pdf&quot;,&quot;is_external&quot;:&quot;on&quot;,&quot;nofollow&quot;:&quot;&quot;}\" style=\"cursor: pointer\" class=\"elementor-element elementor-element-fabe600 e-con-full e-flex e-con e-child\" data-id=\"fabe600\" data-element_type=\"container\" data-e-type=\"container\" data-settings=\"{&quot;background_background&quot;:&quot;classic&quot;}\">\n\t\t<div class=\"elementor-element elementor-element-3d95022 e-con-full e-flex e-con e-child\" data-id=\"3d95022\" data-element_type=\"container\" data-e-type=\"container\">\n\t\t\t\t<div class=\"elementor-element elementor-element-ecfef05 elementor-widget elementor-widget-image\" data-id=\"ecfef05\" data-element_type=\"widget\" data-e-type=\"widget\" data-widget_type=\"image.default\">\n\t\t\t\t\t\t\t\t\t\t\t\t\t\t\t<img fetchpriority=\"high\" decoding=\"async\" width=\"800\" height=\"893\" src=\"https:\/\/purassima.com\/wp-content\/uploads\/2025\/07\/PDF_icon.webp\" class=\"attachment-large size-large wp-image-2766\" alt=\"\" srcset=\"https:\/\/purassima.com\/wp-content\/uploads\/2025\/07\/PDF_icon.webp 820w, https:\/\/purassima.com\/wp-content\/uploads\/2025\/07\/PDF_icon-269x300.webp 269w, https:\/\/purassima.com\/wp-content\/uploads\/2025\/07\/PDF_icon-768x857.webp 768w, https:\/\/purassima.com\/wp-content\/uploads\/2025\/07\/PDF_icon-600x670.webp 600w\" sizes=\"(max-width: 800px) 100vw, 800px\" \/>\t\t\t\t\t\t\t\t\t\t\t\t\t\t\t<\/div>\n\t\t\t\t<\/div>\n\t\t<div class=\"elementor-element elementor-element-3d3d89d e-con-full e-flex e-con e-child\" data-id=\"3d3d89d\" data-element_type=\"container\" data-e-type=\"container\">\n\t\t\t\t<div class=\"elementor-element elementor-element-a5a25ae elementor-widget elementor-widget-heading\" data-id=\"a5a25ae\" data-element_type=\"widget\" data-e-type=\"widget\" data-widget_type=\"heading.default\">\n\t\t\t\t\t<h2 class=\"elementor-heading-title elementor-size-default\">Purissima-Prospektsysteme<\/h2>\t\t\t\t<\/div>\n\t\t\t\t<div class=\"elementor-element elementor-element-1424d91 elementor-widget elementor-widget-text-editor\" data-id=\"1424d91\" data-element_type=\"widget\" data-e-type=\"widget\" data-widget_type=\"text-editor.default\">\n\t\t\t\t\t\t\t\t\t(550.61 KB)\n\n\t\t\t\t\t\t\t\t<\/div>\n\t\t\t\t<\/div>\n\t\t\t\t<\/div>\n\t\t<div data-ha-element-link=\"{&quot;url&quot;:&quot;https:\\\/\\\/purassima.com\\\/wp-content\\\/uploads\\\/2025\\\/07\\\/Dispensers_web_folder_NL.pdf&quot;,&quot;is_external&quot;:&quot;on&quot;,&quot;nofollow&quot;:&quot;&quot;}\" style=\"cursor: pointer\" class=\"elementor-element elementor-element-a2b1c02 e-con-full e-flex e-con e-child\" data-id=\"a2b1c02\" data-element_type=\"container\" data-e-type=\"container\" data-settings=\"{&quot;background_background&quot;:&quot;classic&quot;}\">\n\t\t<div class=\"elementor-element elementor-element-97c5304 e-con-full e-flex e-con e-child\" data-id=\"97c5304\" data-element_type=\"container\" data-e-type=\"container\">\n\t\t\t\t<div class=\"elementor-element elementor-element-a2a21b2 elementor-widget elementor-widget-image\" data-id=\"a2a21b2\" data-element_type=\"widget\" data-e-type=\"widget\" data-widget_type=\"image.default\">\n\t\t\t\t\t\t\t\t\t\t\t\t\t\t\t<img fetchpriority=\"high\" decoding=\"async\" width=\"800\" height=\"893\" src=\"https:\/\/purassima.com\/wp-content\/uploads\/2025\/07\/PDF_icon.webp\" class=\"attachment-large size-large wp-image-2766\" alt=\"\" srcset=\"https:\/\/purassima.com\/wp-content\/uploads\/2025\/07\/PDF_icon.webp 820w, https:\/\/purassima.com\/wp-content\/uploads\/2025\/07\/PDF_icon-269x300.webp 269w, https:\/\/purassima.com\/wp-content\/uploads\/2025\/07\/PDF_icon-768x857.webp 768w, https:\/\/purassima.com\/wp-content\/uploads\/2025\/07\/PDF_icon-600x670.webp 600w\" sizes=\"(max-width: 800px) 100vw, 800px\" \/>\t\t\t\t\t\t\t\t\t\t\t\t\t\t\t<\/div>\n\t\t\t\t<\/div>\n\t\t<div class=\"elementor-element elementor-element-5e850cd e-con-full e-flex e-con e-child\" data-id=\"5e850cd\" data-element_type=\"container\" data-e-type=\"container\">\n\t\t\t\t<div class=\"elementor-element elementor-element-3a6ebb8 elementor-widget elementor-widget-heading\" data-id=\"3a6ebb8\" data-element_type=\"widget\" data-e-type=\"widget\" data-widget_type=\"heading.default\">\n\t\t\t\t\t<h2 class=\"elementor-heading-title elementor-size-default\">Purissima Prospektspender<\/h2>\t\t\t\t<\/div>\n\t\t\t\t<div class=\"elementor-element elementor-element-e572b50 elementor-widget elementor-widget-text-editor\" data-id=\"e572b50\" data-element_type=\"widget\" data-e-type=\"widget\" data-widget_type=\"text-editor.default\">\n\t\t\t\t\t\t\t\t\t(227.4 KB)\n\n\t\t\t\t\t\t\t\t<\/div>\n\t\t\t\t<\/div>\n\t\t\t\t<\/div>\n\t\t\t\t\t<\/div>\n\t\t\t\t<\/div>\n\t\t\t\t<\/div>\n\t\t","protected":false},"excerpt":{"rendered":"<p><strong>VORTEILE<\/strong><\/p>\n<ul>\n<li>jeden Tag reines Wasser<\/li>\n<li>Verbesserung der Gesundheit<\/li>\n<li>leckerer Kaffee, Tee, Limonade, Smoothies usw.<\/li>\n<li>Sparsam im Verbrauch (Einsparung: \u20ac 400,- p\/p\/a)<\/li>\n<li> Kein Mineralwasser mehr herumschleppen<\/li>\n<li>umweltfreundlich &amp; nachhaltige L\u00f6sung<\/li>\n<\/ul>\n<p><strong>Ersparnis: \u20ac 438,- pro Person und Jahr!<br \/>\n<\/strong>Die Verwendung eines Wasserfilters bietet viele gesundheitliche Vorteile, f\u00fchrt aber auch zu erheblichen Einsparungen bei der Umweltverschmutzung (Erd\u00f6l, Kunststoffe und Transport), ganz zu schweigen vom Transport von Hunderten Gallonen Wasser pro Jahr! Aber das ist noch nicht alles, dar\u00fcber hinaus gibt es auch finanzielle Einsparungen. <\/p>\n<p>Im Durchschnitt kostet 1 Liter Leitungswasser 0,05 \u20ac, Mineralwasser kostet 0,60 \u20ac pro Liter.<br \/>\nGehen Sie davon aus, dass Sie 2 Liter pro Tag und Person trinken:<br \/>\nWasserfilter: 0,05 \u20ac x 2 Liter x 365 (Tage) = 36,50 \u20ac pro Person und Jahr.<br \/>\nMineralwasser: \u20ac 0,60 x 2 Liter x 365 (Tage) = \u20ac 438,- pro Person und Jahr.<\/p>\n","protected":false},"featured_media":1692,"comment_status":"open","ping_status":"closed","template":"","meta":{"_acf_changed":false},"product_brand":[],"product_cat":[83],"product_tag":[],"class_list":{"0":"post-2614","1":"product","2":"type-product","3":"status-publish","4":"has-post-thumbnail","6":"product_cat-umkehrosmose","8":"first","9":"instock","10":"shipping-taxable","11":"purchasable","12":"product-type-simple"},"acf":[],"yoast_head":"<!-- This site is optimized with the Yoast SEO plugin v27.4 - https:\/\/yoast.com\/product\/yoast-seo-wordpress\/ -->\n<title>Poseidon - Umkehrosmosespender - Purassima<\/title>\n<meta name=\"robots\" content=\"index, follow, max-snippet:-1, max-image-preview:large, max-video-preview:-1\" \/>\n<link rel=\"canonical\" href=\"https:\/\/purassima.com\/de\/product\/poseidon-umkehrosmosespender\/\" \/>\n<meta property=\"og:locale\" content=\"de_DE\" \/>\n<meta property=\"og:type\" content=\"article\" \/>\n<meta property=\"og:title\" content=\"Poseidon - Umkehrosmosespender - Purassima\" \/>\n<meta property=\"og:description\" content=\"VORTEILE   jeden Tag reines Wasser  Verbesserung der Gesundheit  leckerer Kaffee, Tee, Limonade, Smoothies usw.  Sparsam im Verbrauch (Einsparung: \u20ac 400,- p\/p\/a)   Kein Mineralwasser mehr herumschleppen  umweltfreundlich &amp; nachhaltige L\u00f6sung  Ersparnis: \u20ac 438,- pro Person und Jahr! Die Verwendung eines Wasserfilters bietet viele gesundheitliche Vorteile, f\u00fchrt aber auch zu erheblichen Einsparungen bei der Umweltverschmutzung (Erd\u00f6l, Kunststoffe und Transport), ganz zu schweigen vom Transport von Hunderten Gallonen Wasser pro Jahr! Aber das ist noch nicht alles, dar\u00fcber hinaus gibt es auch finanzielle Einsparungen.   Im Durchschnitt kostet 1 Liter Leitungswasser 0,05 \u20ac, Mineralwasser kostet 0,60 \u20ac pro Liter. Gehen Sie davon aus, dass Sie 2 Liter pro Tag und Person trinken: Wasserfilter: 0,05 \u20ac x 2 Liter x 365 (Tage) = 36,50 \u20ac pro Person und Jahr. Mineralwasser: \u20ac 0,60 x 2 Liter x 365 (Tage) = \u20ac 438,- pro Person und Jahr.\" \/>\n<meta property=\"og:url\" content=\"https:\/\/purassima.com\/de\/product\/poseidon-umkehrosmosespender\/\" \/>\n<meta property=\"og:site_name\" content=\"Purassima\" \/>\n<meta property=\"article:modified_time\" content=\"2025-07-31T07:52:10+00:00\" \/>\n<meta property=\"og:image\" content=\"https:\/\/purassima.com\/wp-content\/uploads\/2025\/07\/Posdeidon_pix1.webp\" \/>\n\t<meta property=\"og:image:width\" content=\"800\" \/>\n\t<meta property=\"og:image:height\" content=\"800\" \/>\n\t<meta property=\"og:image:type\" content=\"image\/webp\" \/>\n<meta name=\"twitter:card\" content=\"summary_large_image\" \/>\n<meta name=\"twitter:label1\" content=\"Gesch\u00e4tzte Lesezeit\" \/>\n\t<meta name=\"twitter:data1\" content=\"2\u00a0Minuten\" \/>\n<script type=\"application\/ld+json\" class=\"yoast-schema-graph\">{\"@context\":\"https:\\\/\\\/schema.org\",\"@graph\":[{\"@type\":\"WebPage\",\"@id\":\"https:\\\/\\\/purassima.com\\\/de\\\/product\\\/poseidon-umkehrosmosespender\\\/\",\"url\":\"https:\\\/\\\/purassima.com\\\/de\\\/product\\\/poseidon-umkehrosmosespender\\\/\",\"name\":\"Poseidon - Umkehrosmosespender - Purassima\",\"isPartOf\":{\"@id\":\"https:\\\/\\\/purassima.com\\\/de\\\/#website\"},\"primaryImageOfPage\":{\"@id\":\"https:\\\/\\\/purassima.com\\\/de\\\/product\\\/poseidon-umkehrosmosespender\\\/#primaryimage\"},\"image\":{\"@id\":\"https:\\\/\\\/purassima.com\\\/de\\\/product\\\/poseidon-umkehrosmosespender\\\/#primaryimage\"},\"thumbnailUrl\":\"https:\\\/\\\/purassima.com\\\/wp-content\\\/uploads\\\/2025\\\/07\\\/Posdeidon_pix1.webp\",\"datePublished\":\"2025-07-25T08:51:30+00:00\",\"dateModified\":\"2025-07-31T07:52:10+00:00\",\"breadcrumb\":{\"@id\":\"https:\\\/\\\/purassima.com\\\/de\\\/product\\\/poseidon-umkehrosmosespender\\\/#breadcrumb\"},\"inLanguage\":\"de\",\"potentialAction\":[{\"@type\":\"ReadAction\",\"target\":[\"https:\\\/\\\/purassima.com\\\/de\\\/product\\\/poseidon-umkehrosmosespender\\\/\"]}]},{\"@type\":\"ImageObject\",\"inLanguage\":\"de\",\"@id\":\"https:\\\/\\\/purassima.com\\\/de\\\/product\\\/poseidon-umkehrosmosespender\\\/#primaryimage\",\"url\":\"https:\\\/\\\/purassima.com\\\/wp-content\\\/uploads\\\/2025\\\/07\\\/Posdeidon_pix1.webp\",\"contentUrl\":\"https:\\\/\\\/purassima.com\\\/wp-content\\\/uploads\\\/2025\\\/07\\\/Posdeidon_pix1.webp\",\"width\":800,\"height\":800},{\"@type\":\"BreadcrumbList\",\"@id\":\"https:\\\/\\\/purassima.com\\\/de\\\/product\\\/poseidon-umkehrosmosespender\\\/#breadcrumb\",\"itemListElement\":[{\"@type\":\"ListItem\",\"position\":1,\"name\":\"Home\",\"item\":\"https:\\\/\\\/purassima.com\\\/de\\\/heim\\\/\"},{\"@type\":\"ListItem\",\"position\":2,\"name\":\"Collections\",\"item\":\"https:\\\/\\\/purassima.com\\\/collections\\\/\"},{\"@type\":\"ListItem\",\"position\":3,\"name\":\"Poseidon &#8211; Umkehrosmosespender\"}]},{\"@type\":\"WebSite\",\"@id\":\"https:\\\/\\\/purassima.com\\\/de\\\/#website\",\"url\":\"https:\\\/\\\/purassima.com\\\/de\\\/\",\"name\":\"purassima\",\"description\":\"\",\"potentialAction\":[{\"@type\":\"SearchAction\",\"target\":{\"@type\":\"EntryPoint\",\"urlTemplate\":\"https:\\\/\\\/purassima.com\\\/de\\\/?s={search_term_string}\"},\"query-input\":{\"@type\":\"PropertyValueSpecification\",\"valueRequired\":true,\"valueName\":\"search_term_string\"}}],\"inLanguage\":\"de\"}]}<\/script>\n<!-- \/ Yoast SEO plugin. -->","yoast_head_json":{"title":"Poseidon - Umkehrosmosespender - Purassima","robots":{"index":"index","follow":"follow","max-snippet":"max-snippet:-1","max-image-preview":"max-image-preview:large","max-video-preview":"max-video-preview:-1"},"canonical":"https:\/\/purassima.com\/de\/product\/poseidon-umkehrosmosespender\/","og_locale":"de_DE","og_type":"article","og_title":"Poseidon - Umkehrosmosespender - Purassima","og_description":"VORTEILE   jeden Tag reines Wasser  Verbesserung der Gesundheit  leckerer Kaffee, Tee, Limonade, Smoothies usw.  Sparsam im Verbrauch (Einsparung: \u20ac 400,- p\/p\/a)   Kein Mineralwasser mehr herumschleppen  umweltfreundlich &amp; nachhaltige L\u00f6sung  Ersparnis: \u20ac 438,- pro Person und Jahr! Die Verwendung eines Wasserfilters bietet viele gesundheitliche Vorteile, f\u00fchrt aber auch zu erheblichen Einsparungen bei der Umweltverschmutzung (Erd\u00f6l, Kunststoffe und Transport), ganz zu schweigen vom Transport von Hunderten Gallonen Wasser pro Jahr! Aber das ist noch nicht alles, dar\u00fcber hinaus gibt es auch finanzielle Einsparungen.   Im Durchschnitt kostet 1 Liter Leitungswasser 0,05 \u20ac, Mineralwasser kostet 0,60 \u20ac pro Liter. Gehen Sie davon aus, dass Sie 2 Liter pro Tag und Person trinken: Wasserfilter: 0,05 \u20ac x 2 Liter x 365 (Tage) = 36,50 \u20ac pro Person und Jahr. Mineralwasser: \u20ac 0,60 x 2 Liter x 365 (Tage) = \u20ac 438,- pro Person und Jahr.","og_url":"https:\/\/purassima.com\/de\/product\/poseidon-umkehrosmosespender\/","og_site_name":"Purassima","article_modified_time":"2025-07-31T07:52:10+00:00","og_image":[{"width":800,"height":800,"url":"https:\/\/purassima.com\/wp-content\/uploads\/2025\/07\/Posdeidon_pix1.webp","type":"image\/webp"}],"twitter_card":"summary_large_image","twitter_misc":{"Gesch\u00e4tzte Lesezeit":"2\u00a0Minuten"},"schema":{"@context":"https:\/\/schema.org","@graph":[{"@type":"WebPage","@id":"https:\/\/purassima.com\/de\/product\/poseidon-umkehrosmosespender\/","url":"https:\/\/purassima.com\/de\/product\/poseidon-umkehrosmosespender\/","name":"Poseidon - Umkehrosmosespender - Purassima","isPartOf":{"@id":"https:\/\/purassima.com\/de\/#website"},"primaryImageOfPage":{"@id":"https:\/\/purassima.com\/de\/product\/poseidon-umkehrosmosespender\/#primaryimage"},"image":{"@id":"https:\/\/purassima.com\/de\/product\/poseidon-umkehrosmosespender\/#primaryimage"},"thumbnailUrl":"https:\/\/purassima.com\/wp-content\/uploads\/2025\/07\/Posdeidon_pix1.webp","datePublished":"2025-07-25T08:51:30+00:00","dateModified":"2025-07-31T07:52:10+00:00","breadcrumb":{"@id":"https:\/\/purassima.com\/de\/product\/poseidon-umkehrosmosespender\/#breadcrumb"},"inLanguage":"de","potentialAction":[{"@type":"ReadAction","target":["https:\/\/purassima.com\/de\/product\/poseidon-umkehrosmosespender\/"]}]},{"@type":"ImageObject","inLanguage":"de","@id":"https:\/\/purassima.com\/de\/product\/poseidon-umkehrosmosespender\/#primaryimage","url":"https:\/\/purassima.com\/wp-content\/uploads\/2025\/07\/Posdeidon_pix1.webp","contentUrl":"https:\/\/purassima.com\/wp-content\/uploads\/2025\/07\/Posdeidon_pix1.webp","width":800,"height":800},{"@type":"BreadcrumbList","@id":"https:\/\/purassima.com\/de\/product\/poseidon-umkehrosmosespender\/#breadcrumb","itemListElement":[{"@type":"ListItem","position":1,"name":"Home","item":"https:\/\/purassima.com\/de\/heim\/"},{"@type":"ListItem","position":2,"name":"Collections","item":"https:\/\/purassima.com\/collections\/"},{"@type":"ListItem","position":3,"name":"Poseidon &#8211; Umkehrosmosespender"}]},{"@type":"WebSite","@id":"https:\/\/purassima.com\/de\/#website","url":"https:\/\/purassima.com\/de\/","name":"purassima","description":"","potentialAction":[{"@type":"SearchAction","target":{"@type":"EntryPoint","urlTemplate":"https:\/\/purassima.com\/de\/?s={search_term_string}"},"query-input":{"@type":"PropertyValueSpecification","valueRequired":true,"valueName":"search_term_string"}}],"inLanguage":"de"}]}},"_links":{"self":[{"href":"https:\/\/purassima.com\/de\/wp-json\/wp\/v2\/product\/2614","targetHints":{"allow":["GET"]}}],"collection":[{"href":"https:\/\/purassima.com\/de\/wp-json\/wp\/v2\/product"}],"about":[{"href":"https:\/\/purassima.com\/de\/wp-json\/wp\/v2\/types\/product"}],"replies":[{"embeddable":true,"href":"https:\/\/purassima.com\/de\/wp-json\/wp\/v2\/comments?post=2614"}],"version-history":[{"count":4,"href":"https:\/\/purassima.com\/de\/wp-json\/wp\/v2\/product\/2614\/revisions"}],"predecessor-version":[{"id":3092,"href":"https:\/\/purassima.com\/de\/wp-json\/wp\/v2\/product\/2614\/revisions\/3092"}],"wp:featuredmedia":[{"embeddable":true,"href":"https:\/\/purassima.com\/de\/wp-json\/wp\/v2\/media\/1692"}],"wp:attachment":[{"href":"https:\/\/purassima.com\/de\/wp-json\/wp\/v2\/media?parent=2614"}],"wp:term":[{"taxonomy":"product_brand","embeddable":true,"href":"https:\/\/purassima.com\/de\/wp-json\/wp\/v2\/product_brand?post=2614"},{"taxonomy":"product_cat","embeddable":true,"href":"https:\/\/purassima.com\/de\/wp-json\/wp\/v2\/product_cat?post=2614"},{"taxonomy":"product_tag","embeddable":true,"href":"https:\/\/purassima.com\/de\/wp-json\/wp\/v2\/product_tag?post=2614"}],"curies":[{"name":"wp","href":"https:\/\/api.w.org\/{rel}","templated":true}]}}