{"id":2647,"date":"2025-07-25T09:29:58","date_gmt":"2025-07-25T09:29:58","guid":{"rendered":"https:\/\/purassima.com\/product\/hydros-22-addolcitore-dacqua\/"},"modified":"2025-07-25T09:29:58","modified_gmt":"2025-07-25T09:29:58","slug":"hydros-22-addolcitore-dacqua","status":"publish","type":"product","link":"https:\/\/purassima.com\/de\/product\/hydros-22-addolcitore-dacqua\/","title":{"rendered":"Hydros 22 &#8211; Addolcitore d&#8217;acqua"},"content":{"rendered":"<p>Der Hydros ist ein Wasserenth\u00e4rter, der Kalzium und Magnesium aus dem Wasser entfernt. Hartes Wasser enth\u00e4lt viele Kalzium- und Magnesiumionen und dies kann verheerende Folgen f\u00fcr alle Arten wasserbasierter Ger\u00e4te wie Waschmaschine, Geschirrsp\u00fcler, Kaffeemaschine, Wasserkocher, Duschkopf, Wasserh\u00e4hne sowie Ihren Warmwasserbereiter oder Ihr Heizsystem haben. Ein Enth\u00e4rter steigert die Leistung (Effizienz) dieser Ger\u00e4te, verursacht weniger technische Probleme und verl\u00e4ngert ihre Lebensdauer erheblich.  <\/p>\n<p class=\"uk-h4 uk-margin-top-remove\"><strong>ENTH\u00c4RTUNGSMETHODE<\/strong><\/p>\n<div class=\"uk-margin-top\">\n<p>Erstens; Wasserfiltersysteme sind nicht in der Lage, das Wasser zu entkalken. Hierf\u00fcr k\u00f6nnen Sie einen Wasserenth\u00e4rter verwenden. Wasserenth\u00e4rter auf Salzbasis sind die am weitesten verbreiteten und wirksamsten Arten von Wasserenth\u00e4rtern. Sie sind in verschiedenen Gr\u00f6\u00dfen erh\u00e4ltlich und f\u00fcr fast jedes Zuhause geeignet. Ein Wasserenth\u00e4rter auf Salzbasis funktioniert, indem er schwere Mineralien im Wasser, wie Kalzium und Magnesium, in ein Harz im Enth\u00e4rter saugt und sie gegen Natrium (Salz) austauscht. Durch die Entfernung der Schwermineralien gelangt das Wasser wieder in einen gesunden, neutralen Zustand.     <\/p>\n<p><strong>SPEZIFIKATIONEN HYDROS<\/strong><\/p>\n<ul class=\"uk-list uk-list-line\">\n<li> Wasserenth\u00e4rter auf Salzbasis<\/li>\n<li><i class=\"uk-theme-icon-check\"><\/i> Ventil mit maximaler Durchflussmenge: 2 m3\/h<\/li>\n<li><i class=\"uk-theme-icon-check\"><\/i> Maximaler Ger\u00e4tedurchfluss: 1,10 m3\/h<\/li>\n<li><i class=\"uk-theme-icon-check\"><\/i> Salzverbrauch pro Regeneration: 1,4 kg<\/li>\n<li><i class=\"uk-theme-icon-check\"><\/i> 22 litri<\/li>\n<\/ul>\n<p><strong>3X L\u00c4NGERE LEBENSDAUER VON ELEKTROGER\u00c4TEN<\/strong><br \/>\nDie Verwendung eines Wasserenth\u00e4rters bietet mehrere Vorteile. Neben den vielen gesundheitlichen Vorteilen ergeben sich auch erhebliche Einsparungen beim Wasserverbrauch, Stromverbrauch und einer 3x l\u00e4ngeren Lebensdauer von Elektroger\u00e4ten wie Waschmaschine, Geschirrsp\u00fcler, Kaffeemaschine, Wasserkocher, Duschkopf, Wasserh\u00e4hnen sowie bei Ihrem Warmwasserbereiter oder Ihrer Heizungsanlage. <\/p>\n<p class=\"uk-h4 uk-margin-top-remove\"><strong>VORTEILE<\/strong><\/p>\n<div class=\"uk-margin-top\">\n<ul class=\"uk-list uk-list-line\">\n<li><i class=\"uk-theme-icon-check\"><\/i> l\u00e4ngere Lebensdauer von Elektroger\u00e4ten<\/li>\n<li><i class=\"uk-theme-icon-check\"><\/i> jeden Tag weicheres Wasser<\/li>\n<li><i class=\"uk-theme-icon-check\"><\/i> Verbesserung der Gesundheit<\/li>\n<li><i class=\"uk-theme-icon-check\"><\/i> leckerer Kaffee, Tee, Limonade, Smoothies usw.<\/li>\n<li><i class=\"uk-theme-icon-check\"><\/i> finanzielle Ersparnis<\/li>\n<li><i class=\"uk-theme-icon-check\"><\/i> umweltfreundlich &amp; nachhaltige L\u00f6sung<\/li>\n<\/ul>\n<\/div>\n<\/div>\n","protected":false},"excerpt":{"rendered":"<p><strong>VORTEILE<\/strong><\/p>\n<ul>\n<li>jeden Tag reines Wasser<\/li>\n<li>Verbesserung der Gesundheit<\/li>\n<li>leckerer Kaffee, Tee, Limonade, Smoothies usw.<\/li>\n<li>Sparsam im Verbrauch (Einsparung: \u20ac 400,- p\/p\/a)<\/li>\n<li> Kein Mineralwasser mehr herumschleppen<\/li>\n<li>umweltfreundlich &amp; nachhaltige L\u00f6sung<\/li>\n<\/ul>\n<p><strong>Ersparnis: \u20ac 438,- pro Person und Jahr!<br \/>\n<\/strong>Die Verwendung eines Wasserfilters bietet viele gesundheitliche Vorteile, f\u00fchrt aber auch zu erheblichen Einsparungen bei der Umweltverschmutzung (Erd\u00f6l, Kunststoffe und Transport), ganz zu schweigen vom Transport von Hunderten Gallonen Wasser pro Jahr! Aber das ist noch nicht alles, dar\u00fcber hinaus gibt es auch finanzielle Einsparungen. <\/p>\n<p>Im Durchschnitt kostet 1 Liter Leitungswasser 0,05 \u20ac, Mineralwasser kostet 0,60 \u20ac pro Liter.<br \/>\nGehen Sie davon aus, dass Sie 2 Liter pro Tag und Person trinken:<br \/>\nWasserfilter: 0,05 \u20ac x 2 Liter x 365 (Tage) = 36,50 \u20ac pro Person und Jahr.<br \/>\nMineralwasser: \u20ac 0,60 x 2 Liter x 365 (Tage) = \u20ac 438,- pro Person und Jahr.<\/p>\n","protected":false},"featured_media":1802,"comment_status":"open","ping_status":"closed","template":"","meta":{"_acf_changed":false},"product_brand":[],"product_cat":[88],"product_tag":[],"class_list":{"0":"post-2647","1":"product","2":"type-product","3":"status-publish","4":"has-post-thumbnail","6":"product_cat-softeners-de","8":"first","9":"instock","10":"shipping-taxable","11":"purchasable","12":"product-type-simple"},"acf":[],"yoast_head":"<!-- This site is optimized with the Yoast SEO plugin v27.4 - https:\/\/yoast.com\/product\/yoast-seo-wordpress\/ -->\n<title>Hydros 22 - Addolcitore d&#039;acqua - Purassima<\/title>\n<meta name=\"robots\" content=\"index, follow, max-snippet:-1, max-image-preview:large, max-video-preview:-1\" \/>\n<link rel=\"canonical\" href=\"https:\/\/purassima.com\/de\/product\/hydros-22-addolcitore-dacqua\/\" \/>\n<meta property=\"og:locale\" content=\"de_DE\" \/>\n<meta property=\"og:type\" content=\"article\" \/>\n<meta property=\"og:title\" content=\"Hydros 22 - Addolcitore d&#039;acqua - Purassima\" \/>\n<meta property=\"og:description\" content=\"VORTEILE  jeden Tag reines Wasser  Verbesserung der Gesundheit  leckerer Kaffee, Tee, Limonade, Smoothies usw.  Sparsam im Verbrauch (Einsparung: \u20ac 400,- p\/p\/a)  Kein Mineralwasser mehr herumschleppen  umweltfreundlich &amp; nachhaltige L\u00f6sung Ersparnis: \u20ac 438,- pro Person und Jahr! Die Verwendung eines Wasserfilters bietet viele gesundheitliche Vorteile, f\u00fchrt aber auch zu erheblichen Einsparungen bei der Umweltverschmutzung (Erd\u00f6l, Kunststoffe und Transport), ganz zu schweigen vom Transport von Hunderten Gallonen Wasser pro Jahr! Aber das ist noch nicht alles, dar\u00fcber hinaus gibt es auch finanzielle Einsparungen.  Im Durchschnitt kostet 1 Liter Leitungswasser 0,05 \u20ac, Mineralwasser kostet 0,60 \u20ac pro Liter. Gehen Sie davon aus, dass Sie 2 Liter pro Tag und Person trinken: Wasserfilter: 0,05 \u20ac x 2 Liter x 365 (Tage) = 36,50 \u20ac pro Person und Jahr. Mineralwasser: \u20ac 0,60 x 2 Liter x 365 (Tage) = \u20ac 438,- pro Person und Jahr.\" \/>\n<meta property=\"og:url\" content=\"https:\/\/purassima.com\/de\/product\/hydros-22-addolcitore-dacqua\/\" \/>\n<meta property=\"og:site_name\" content=\"Purassima\" \/>\n<meta property=\"og:image\" content=\"https:\/\/purassima.com\/wp-content\/uploads\/2025\/07\/Hydros14-2-1.webp\" \/>\n\t<meta property=\"og:image:width\" content=\"600\" \/>\n\t<meta property=\"og:image:height\" content=\"600\" \/>\n\t<meta property=\"og:image:type\" content=\"image\/webp\" \/>\n<meta name=\"twitter:card\" content=\"summary_large_image\" \/>\n<meta name=\"twitter:label1\" content=\"Gesch\u00e4tzte Lesezeit\" \/>\n\t<meta name=\"twitter:data1\" content=\"1\u00a0Minute\" \/>\n<script type=\"application\/ld+json\" class=\"yoast-schema-graph\">{\"@context\":\"https:\\\/\\\/schema.org\",\"@graph\":[{\"@type\":\"WebPage\",\"@id\":\"https:\\\/\\\/purassima.com\\\/de\\\/product\\\/hydros-22-addolcitore-dacqua\\\/\",\"url\":\"https:\\\/\\\/purassima.com\\\/de\\\/product\\\/hydros-22-addolcitore-dacqua\\\/\",\"name\":\"Hydros 22 - Addolcitore d'acqua - Purassima\",\"isPartOf\":{\"@id\":\"https:\\\/\\\/purassima.com\\\/de\\\/#website\"},\"primaryImageOfPage\":{\"@id\":\"https:\\\/\\\/purassima.com\\\/de\\\/product\\\/hydros-22-addolcitore-dacqua\\\/#primaryimage\"},\"image\":{\"@id\":\"https:\\\/\\\/purassima.com\\\/de\\\/product\\\/hydros-22-addolcitore-dacqua\\\/#primaryimage\"},\"thumbnailUrl\":\"https:\\\/\\\/purassima.com\\\/wp-content\\\/uploads\\\/2025\\\/07\\\/Hydros14-2-1.webp\",\"datePublished\":\"2025-07-25T09:29:58+00:00\",\"breadcrumb\":{\"@id\":\"https:\\\/\\\/purassima.com\\\/de\\\/product\\\/hydros-22-addolcitore-dacqua\\\/#breadcrumb\"},\"inLanguage\":\"de\",\"potentialAction\":[{\"@type\":\"ReadAction\",\"target\":[\"https:\\\/\\\/purassima.com\\\/de\\\/product\\\/hydros-22-addolcitore-dacqua\\\/\"]}]},{\"@type\":\"ImageObject\",\"inLanguage\":\"de\",\"@id\":\"https:\\\/\\\/purassima.com\\\/de\\\/product\\\/hydros-22-addolcitore-dacqua\\\/#primaryimage\",\"url\":\"https:\\\/\\\/purassima.com\\\/wp-content\\\/uploads\\\/2025\\\/07\\\/Hydros14-2-1.webp\",\"contentUrl\":\"https:\\\/\\\/purassima.com\\\/wp-content\\\/uploads\\\/2025\\\/07\\\/Hydros14-2-1.webp\",\"width\":600,\"height\":600},{\"@type\":\"BreadcrumbList\",\"@id\":\"https:\\\/\\\/purassima.com\\\/de\\\/product\\\/hydros-22-addolcitore-dacqua\\\/#breadcrumb\",\"itemListElement\":[{\"@type\":\"ListItem\",\"position\":1,\"name\":\"Home\",\"item\":\"https:\\\/\\\/purassima.com\\\/de\\\/heim\\\/\"},{\"@type\":\"ListItem\",\"position\":2,\"name\":\"Collections\",\"item\":\"https:\\\/\\\/purassima.com\\\/collections\\\/\"},{\"@type\":\"ListItem\",\"position\":3,\"name\":\"Hydros 22 &#8211; Addolcitore d&#8217;acqua\"}]},{\"@type\":\"WebSite\",\"@id\":\"https:\\\/\\\/purassima.com\\\/de\\\/#website\",\"url\":\"https:\\\/\\\/purassima.com\\\/de\\\/\",\"name\":\"purassima\",\"description\":\"\",\"potentialAction\":[{\"@type\":\"SearchAction\",\"target\":{\"@type\":\"EntryPoint\",\"urlTemplate\":\"https:\\\/\\\/purassima.com\\\/de\\\/?s={search_term_string}\"},\"query-input\":{\"@type\":\"PropertyValueSpecification\",\"valueRequired\":true,\"valueName\":\"search_term_string\"}}],\"inLanguage\":\"de\"}]}<\/script>\n<!-- \/ Yoast SEO plugin. -->","yoast_head_json":{"title":"Hydros 22 - Addolcitore d'acqua - Purassima","robots":{"index":"index","follow":"follow","max-snippet":"max-snippet:-1","max-image-preview":"max-image-preview:large","max-video-preview":"max-video-preview:-1"},"canonical":"https:\/\/purassima.com\/de\/product\/hydros-22-addolcitore-dacqua\/","og_locale":"de_DE","og_type":"article","og_title":"Hydros 22 - Addolcitore d'acqua - Purassima","og_description":"VORTEILE  jeden Tag reines Wasser  Verbesserung der Gesundheit  leckerer Kaffee, Tee, Limonade, Smoothies usw.  Sparsam im Verbrauch (Einsparung: \u20ac 400,- p\/p\/a)  Kein Mineralwasser mehr herumschleppen  umweltfreundlich &amp; nachhaltige L\u00f6sung Ersparnis: \u20ac 438,- pro Person und Jahr! Die Verwendung eines Wasserfilters bietet viele gesundheitliche Vorteile, f\u00fchrt aber auch zu erheblichen Einsparungen bei der Umweltverschmutzung (Erd\u00f6l, Kunststoffe und Transport), ganz zu schweigen vom Transport von Hunderten Gallonen Wasser pro Jahr! Aber das ist noch nicht alles, dar\u00fcber hinaus gibt es auch finanzielle Einsparungen.  Im Durchschnitt kostet 1 Liter Leitungswasser 0,05 \u20ac, Mineralwasser kostet 0,60 \u20ac pro Liter. Gehen Sie davon aus, dass Sie 2 Liter pro Tag und Person trinken: Wasserfilter: 0,05 \u20ac x 2 Liter x 365 (Tage) = 36,50 \u20ac pro Person und Jahr. Mineralwasser: \u20ac 0,60 x 2 Liter x 365 (Tage) = \u20ac 438,- pro Person und Jahr.","og_url":"https:\/\/purassima.com\/de\/product\/hydros-22-addolcitore-dacqua\/","og_site_name":"Purassima","og_image":[{"width":600,"height":600,"url":"https:\/\/purassima.com\/wp-content\/uploads\/2025\/07\/Hydros14-2-1.webp","type":"image\/webp"}],"twitter_card":"summary_large_image","twitter_misc":{"Gesch\u00e4tzte Lesezeit":"1\u00a0Minute"},"schema":{"@context":"https:\/\/schema.org","@graph":[{"@type":"WebPage","@id":"https:\/\/purassima.com\/de\/product\/hydros-22-addolcitore-dacqua\/","url":"https:\/\/purassima.com\/de\/product\/hydros-22-addolcitore-dacqua\/","name":"Hydros 22 - Addolcitore d'acqua - Purassima","isPartOf":{"@id":"https:\/\/purassima.com\/de\/#website"},"primaryImageOfPage":{"@id":"https:\/\/purassima.com\/de\/product\/hydros-22-addolcitore-dacqua\/#primaryimage"},"image":{"@id":"https:\/\/purassima.com\/de\/product\/hydros-22-addolcitore-dacqua\/#primaryimage"},"thumbnailUrl":"https:\/\/purassima.com\/wp-content\/uploads\/2025\/07\/Hydros14-2-1.webp","datePublished":"2025-07-25T09:29:58+00:00","breadcrumb":{"@id":"https:\/\/purassima.com\/de\/product\/hydros-22-addolcitore-dacqua\/#breadcrumb"},"inLanguage":"de","potentialAction":[{"@type":"ReadAction","target":["https:\/\/purassima.com\/de\/product\/hydros-22-addolcitore-dacqua\/"]}]},{"@type":"ImageObject","inLanguage":"de","@id":"https:\/\/purassima.com\/de\/product\/hydros-22-addolcitore-dacqua\/#primaryimage","url":"https:\/\/purassima.com\/wp-content\/uploads\/2025\/07\/Hydros14-2-1.webp","contentUrl":"https:\/\/purassima.com\/wp-content\/uploads\/2025\/07\/Hydros14-2-1.webp","width":600,"height":600},{"@type":"BreadcrumbList","@id":"https:\/\/purassima.com\/de\/product\/hydros-22-addolcitore-dacqua\/#breadcrumb","itemListElement":[{"@type":"ListItem","position":1,"name":"Home","item":"https:\/\/purassima.com\/de\/heim\/"},{"@type":"ListItem","position":2,"name":"Collections","item":"https:\/\/purassima.com\/collections\/"},{"@type":"ListItem","position":3,"name":"Hydros 22 &#8211; Addolcitore d&#8217;acqua"}]},{"@type":"WebSite","@id":"https:\/\/purassima.com\/de\/#website","url":"https:\/\/purassima.com\/de\/","name":"purassima","description":"","potentialAction":[{"@type":"SearchAction","target":{"@type":"EntryPoint","urlTemplate":"https:\/\/purassima.com\/de\/?s={search_term_string}"},"query-input":{"@type":"PropertyValueSpecification","valueRequired":true,"valueName":"search_term_string"}}],"inLanguage":"de"}]}},"_links":{"self":[{"href":"https:\/\/purassima.com\/de\/wp-json\/wp\/v2\/product\/2647","targetHints":{"allow":["GET"]}}],"collection":[{"href":"https:\/\/purassima.com\/de\/wp-json\/wp\/v2\/product"}],"about":[{"href":"https:\/\/purassima.com\/de\/wp-json\/wp\/v2\/types\/product"}],"replies":[{"embeddable":true,"href":"https:\/\/purassima.com\/de\/wp-json\/wp\/v2\/comments?post=2647"}],"version-history":[{"count":0,"href":"https:\/\/purassima.com\/de\/wp-json\/wp\/v2\/product\/2647\/revisions"}],"wp:featuredmedia":[{"embeddable":true,"href":"https:\/\/purassima.com\/de\/wp-json\/wp\/v2\/media\/1802"}],"wp:attachment":[{"href":"https:\/\/purassima.com\/de\/wp-json\/wp\/v2\/media?parent=2647"}],"wp:term":[{"taxonomy":"product_brand","embeddable":true,"href":"https:\/\/purassima.com\/de\/wp-json\/wp\/v2\/product_brand?post=2647"},{"taxonomy":"product_cat","embeddable":true,"href":"https:\/\/purassima.com\/de\/wp-json\/wp\/v2\/product_cat?post=2647"},{"taxonomy":"product_tag","embeddable":true,"href":"https:\/\/purassima.com\/de\/wp-json\/wp\/v2\/product_tag?post=2647"}],"curies":[{"name":"wp","href":"https:\/\/api.w.org\/{rel}","templated":true}]}}