{"id":2662,"date":"2025-07-25T09:40:12","date_gmt":"2025-07-25T09:40:12","guid":{"rendered":"https:\/\/purassima.com\/product\/hermes-ultrafiltration\/"},"modified":"2025-07-31T07:51:04","modified_gmt":"2025-07-31T07:51:04","slug":"hermes-ultrafiltration","status":"publish","type":"product","link":"https:\/\/purassima.com\/de\/product\/hermes-ultrafiltration\/","title":{"rendered":"Hermes &#8211; Ultrafiltration"},"content":{"rendered":"\t\t<div data-elementor-type=\"product-post\" data-elementor-id=\"2662\" class=\"elementor elementor-2662 elementor-614\" data-elementor-post-type=\"product\">\n\t\t\t\t<div class=\"elementor-element elementor-element-7fd8a4b0 e-flex e-con-boxed e-con e-parent\" data-id=\"7fd8a4b0\" data-element_type=\"container\" data-e-type=\"container\">\n\t\t\t\t\t<div class=\"e-con-inner\">\n\t\t\t\t<div class=\"elementor-element elementor-element-3219cb6a elementor-widget elementor-widget-text-editor\" data-id=\"3219cb6a\" data-element_type=\"widget\" data-e-type=\"widget\" data-widget_type=\"text-editor.default\">\n\t\t\t\t\t\t\t\t\tMarke: Purassima\nModell: Hermes\nProdukt: Wasserfiltersystem\nMethode: Ultrafiltration (UF)\nFilter: 1 (All-in-One) Filter \u2013 4 Filterstufen\nStrom: nicht erforderlich\nInstallation: einfach\n\nANWENDUNG:\n&#8211; Haushalte: K\u00fcchensp\u00fcle\n&#8211; Gewerbe\/B\u00fcros: K\u00fcchensp\u00fcle\n&#8211; Mobil: Wohnwagen, Wohnmobil oder Boot\n\nDas Purassima Hermes ist ein Wasserfiltrationssystem basierend auf Ultrafiltration (UF). Hinsichtlich des Filtrationsprozesses unterscheidet sich die Ultrafiltration kaum von der Umkehrosmose (RO). Der Unterschied liegt in der Gr\u00f6\u00dfe der Membranporen. Bei UF betr\u00e4gt sie 0,01 Mikrometer und bei Umkehrosmose (RO) 0,0001 Mikrometer. Dadurch kann die Umkehrosmose 95\u201399 % der Verunreinigungen herausfiltern, was jedoch nicht immer notwendig ist. Die Ultrafiltration erreicht 70\u201380 %, die Mineralien bleiben jedoch im Wasser.     \n\nUltrafiltration ist g\u00fcnstiger in der Anschaffung, einfacher zu installieren und einfacher und kosteng\u00fcnstiger zu warten als Umkehrosmoseanlagen. Die Membran h\u00e4lt im Durchschnitt 5x l\u00e4nger als eine Osmosemembran. Der Hermes verf\u00fcgt \u00fcber einen All-in-One-Filter f\u00fcr 4 Filterungen. Dieser Filter ist sehr einfach auszutauschen.   \n\nDie Hermes filtern (unter anderem): Chlor, Fluorid, Bakterien, Viren, Parasiten, Mikroplastik, GenX, PFAS, Pestizide und Schwermetalle.\n\nSPEZIFIKATIONEN\nFilterleistung: 1,5 Liter pro Minute\nDirekter Durchfluss (kein Tank erforderlich)\nWasserdruck: 0,1 MPa \u2013 0,4 MPa\nFilter: 3 Filter f\u00fcr 4 Filterstufen\nAbmessungen: 264 (H) x 99 (B) x 285 (T) mm \/ Gewicht: 3,2 kg.\nKein Strom n\u00f6tig\n\nENTDECKEN SIE DEN UNTERSCHIED: HERMES GEGEN ATLANTIS\nDer Unterschied zwischen Hermes und Atlantis besteht haupts\u00e4chlich in der Gr\u00f6\u00dfe und der h\u00f6heren Filterkapazit\u00e4t des Atlantis. Das Atlantis ist \u00b1 25 % kleiner als das Hermes, was ein wichtiges Argument f\u00fcr diejenigen sein kann, die dieses System in einem Wohnmobil, Wohnwagen oder Boot nutzen m\u00f6chten. Beide Systeme arbeiten mit niedrigem Wasserdruck, eine zus\u00e4tzliche Pumpe ist nicht erforderlich.  \n\nINSTALLATION &amp; MONTAGE\nDieses Ultrafiltrations-Wasserfiltersystem muss in Ihrer K\u00fcche, Ihrem Wohnwagen, Wohnmobil oder Boot installiert werden. Im Lieferumfang der Anlage sind alle ben\u00f6tigten Teile wie Wasserhahn, Wasserschlag und Armaturen enthalten. Die Installation ist viel einfacher als eine Umkehrosmoseanlage, es sind jedoch einige Kenntnisse und F\u00e4higkeiten erforderlich.  \n\nInstallationsanleitung ist im Lieferumfang enthalten.\t\t\t\t\t\t\t\t<\/div>\n\t\t\t\t\t<\/div>\n\t\t\t\t<\/div>\n\t\t<div class=\"elementor-element elementor-element-daf4282 e-flex e-con-boxed e-con e-parent\" data-id=\"daf4282\" data-element_type=\"container\" data-e-type=\"container\">\n\t\t\t\t\t<div class=\"e-con-inner\">\n\t\t\t\t<div class=\"elementor-element elementor-element-4de6eaa elementor-widget elementor-widget-heading\" data-id=\"4de6eaa\" data-element_type=\"widget\" data-e-type=\"widget\" data-widget_type=\"heading.default\">\n\t\t\t\t\t<h2 class=\"elementor-heading-title elementor-size-default\">PDF herunterladen<\/h2>\t\t\t\t<\/div>\n\t\t<div data-ha-element-link=\"{&quot;url&quot;:&quot;https:\\\/\\\/purassima.com\\\/wp-content\\\/uploads\\\/2025\\\/07\\\/Purassima_brochure_EN-10.pdf&quot;,&quot;is_external&quot;:&quot;on&quot;,&quot;nofollow&quot;:&quot;&quot;}\" style=\"cursor: pointer\" class=\"elementor-element elementor-element-e31a0ae e-con-full e-flex e-con e-child\" data-id=\"e31a0ae\" data-element_type=\"container\" data-e-type=\"container\" data-settings=\"{&quot;background_background&quot;:&quot;classic&quot;}\">\n\t\t<div class=\"elementor-element elementor-element-7937aba e-con-full e-flex e-con e-child\" data-id=\"7937aba\" data-element_type=\"container\" data-e-type=\"container\">\n\t\t\t\t<div class=\"elementor-element elementor-element-49f055a elementor-widget elementor-widget-image\" data-id=\"49f055a\" data-element_type=\"widget\" data-e-type=\"widget\" data-widget_type=\"image.default\">\n\t\t\t\t\t\t\t\t\t\t\t\t\t\t\t<img fetchpriority=\"high\" decoding=\"async\" width=\"800\" height=\"893\" src=\"https:\/\/purassima.com\/wp-content\/uploads\/2025\/07\/PDF_icon.webp\" class=\"attachment-large size-large wp-image-2766\" alt=\"\" srcset=\"https:\/\/purassima.com\/wp-content\/uploads\/2025\/07\/PDF_icon.webp 820w, https:\/\/purassima.com\/wp-content\/uploads\/2025\/07\/PDF_icon-269x300.webp 269w, https:\/\/purassima.com\/wp-content\/uploads\/2025\/07\/PDF_icon-768x857.webp 768w, https:\/\/purassima.com\/wp-content\/uploads\/2025\/07\/PDF_icon-600x670.webp 600w\" sizes=\"(max-width: 800px) 100vw, 800px\" \/>\t\t\t\t\t\t\t\t\t\t\t\t\t\t\t<\/div>\n\t\t\t\t<\/div>\n\t\t<div class=\"elementor-element elementor-element-c7aa57e e-con-full e-flex e-con e-child\" data-id=\"c7aa57e\" data-element_type=\"container\" data-e-type=\"container\">\n\t\t\t\t<div class=\"elementor-element elementor-element-d09952b elementor-widget elementor-widget-heading\" data-id=\"d09952b\" data-element_type=\"widget\" data-e-type=\"widget\" data-widget_type=\"heading.default\">\n\t\t\t\t\t<h2 class=\"elementor-heading-title elementor-size-default\">Purissima-Prospektsysteme<\/h2>\t\t\t\t<\/div>\n\t\t\t\t<div class=\"elementor-element elementor-element-a3b23d6 elementor-widget elementor-widget-text-editor\" data-id=\"a3b23d6\" data-element_type=\"widget\" data-e-type=\"widget\" data-widget_type=\"text-editor.default\">\n\t\t\t\t\t\t\t\t\t(550.61 KB)\n\n\t\t\t\t\t\t\t\t<\/div>\n\t\t\t\t<\/div>\n\t\t\t\t<\/div>\n\t\t\t\t\t<\/div>\n\t\t\t\t<\/div>\n\t\t\t\t<\/div>\n\t\t","protected":false},"excerpt":{"rendered":"<p><strong>VORTEILE<\/strong><\/p>\n<ul>\n<li>jeden Tag reines Wasser<\/li>\n<li>Verbesserung der Gesundheit<\/li>\n<li>leckerer Kaffee, Tee, Limonade, Smoothies usw.<\/li>\n<li>Sparsam im Verbrauch (Einsparung: \u20ac 400,- p\/p\/a)<\/li>\n<li> Kein Mineralwasser mehr herumschleppen<\/li>\n<li>umweltfreundlich &amp; nachhaltige L\u00f6sung<\/li>\n<li><strong>Ersparnis: \u20ac 438,- pro Person und Jahr!<br \/>\n<\/strong>Die Verwendung eines Wasserfilters bietet viele gesundheitliche Vorteile, f\u00fchrt aber auch zu erheblichen Einsparungen bei der Umweltverschmutzung (Erd\u00f6l, Kunststoffe und Transport), ganz zu schweigen vom Transport von Hunderten Gallonen Wasser pro Jahr! Doch das ist noch nicht alles, dar\u00fcber hinaus gibt es auch finanzielle Einsparungen. Im Durchschnitt kostet 1 Liter Leitungswasser 0,05 \u20ac, Mineralwasser kostet 0,60 \u20ac pro Liter.<br \/>\nGehen Sie davon aus, dass Sie 2 Liter pro Tag und Person trinken:<br \/>\nWasserfilter: 0,05 \u20ac x 2 Liter x 365 (Tage) = 36,50 \u20ac pro Person und Jahr.<br \/>\nMineralwasser: \u20ac 0,60 x 2 Liter x 365 (Tage) = \u20ac 438,- pro Person und Jahr. <\/li>\n<\/ul>\n","protected":false},"featured_media":1862,"comment_status":"open","ping_status":"closed","template":"","meta":{"_acf_changed":false},"product_brand":[],"product_cat":[92],"product_tag":[],"class_list":{"0":"post-2662","1":"product","2":"type-product","3":"status-publish","4":"has-post-thumbnail","6":"product_cat-ultrafiltration-de","8":"first","9":"instock","10":"shipping-taxable","11":"purchasable","12":"product-type-simple"},"acf":[],"yoast_head":"<!-- This site is optimized with the Yoast SEO plugin v27.4 - https:\/\/yoast.com\/product\/yoast-seo-wordpress\/ -->\n<title>Hermes - Ultrafiltration - Purassima<\/title>\n<meta name=\"robots\" content=\"index, follow, max-snippet:-1, max-image-preview:large, max-video-preview:-1\" \/>\n<link rel=\"canonical\" href=\"https:\/\/purassima.com\/de\/product\/hermes-ultrafiltration\/\" \/>\n<meta property=\"og:locale\" content=\"de_DE\" \/>\n<meta property=\"og:type\" content=\"article\" \/>\n<meta property=\"og:title\" content=\"Hermes - Ultrafiltration - Purassima\" \/>\n<meta property=\"og:description\" content=\"VORTEILE   jeden Tag reines Wasser  Verbesserung der Gesundheit  leckerer Kaffee, Tee, Limonade, Smoothies usw.  Sparsam im Verbrauch (Einsparung: \u20ac 400,- p\/p\/a)   Kein Mineralwasser mehr herumschleppen  umweltfreundlich &amp; nachhaltige L\u00f6sung  Ersparnis: \u20ac 438,- pro Person und Jahr! Die Verwendung eines Wasserfilters bietet viele gesundheitliche Vorteile, f\u00fchrt aber auch zu erheblichen Einsparungen bei der Umweltverschmutzung (Erd\u00f6l, Kunststoffe und Transport), ganz zu schweigen vom Transport von Hunderten Gallonen Wasser pro Jahr! Doch das ist noch nicht alles, dar\u00fcber hinaus gibt es auch finanzielle Einsparungen. Im Durchschnitt kostet 1 Liter Leitungswasser 0,05 \u20ac, Mineralwasser kostet 0,60 \u20ac pro Liter. Gehen Sie davon aus, dass Sie 2 Liter pro Tag und Person trinken: Wasserfilter: 0,05 \u20ac x 2 Liter x 365 (Tage) = 36,50 \u20ac pro Person und Jahr. Mineralwasser: \u20ac 0,60 x 2 Liter x 365 (Tage) = \u20ac 438,- pro Person und Jahr.\" \/>\n<meta property=\"og:url\" content=\"https:\/\/purassima.com\/de\/product\/hermes-ultrafiltration\/\" \/>\n<meta property=\"og:site_name\" content=\"Purassima\" \/>\n<meta property=\"article:modified_time\" content=\"2025-07-31T07:51:04+00:00\" \/>\n<meta property=\"og:image\" content=\"https:\/\/purassima.com\/wp-content\/uploads\/2025\/07\/Hermes_photo1_4bd8cf3a-9ad7-4f2f-9c08-35f5669199b6.webp\" \/>\n\t<meta property=\"og:image:width\" content=\"1200\" \/>\n\t<meta property=\"og:image:height\" content=\"1200\" \/>\n\t<meta property=\"og:image:type\" content=\"image\/webp\" \/>\n<meta name=\"twitter:card\" content=\"summary_large_image\" \/>\n<meta name=\"twitter:label1\" content=\"Gesch\u00e4tzte Lesezeit\" \/>\n\t<meta name=\"twitter:data1\" content=\"2\u00a0Minuten\" \/>\n<script type=\"application\/ld+json\" class=\"yoast-schema-graph\">{\"@context\":\"https:\\\/\\\/schema.org\",\"@graph\":[{\"@type\":\"WebPage\",\"@id\":\"https:\\\/\\\/purassima.com\\\/de\\\/product\\\/hermes-ultrafiltration\\\/\",\"url\":\"https:\\\/\\\/purassima.com\\\/de\\\/product\\\/hermes-ultrafiltration\\\/\",\"name\":\"Hermes - Ultrafiltration - Purassima\",\"isPartOf\":{\"@id\":\"https:\\\/\\\/purassima.com\\\/de\\\/#website\"},\"primaryImageOfPage\":{\"@id\":\"https:\\\/\\\/purassima.com\\\/de\\\/product\\\/hermes-ultrafiltration\\\/#primaryimage\"},\"image\":{\"@id\":\"https:\\\/\\\/purassima.com\\\/de\\\/product\\\/hermes-ultrafiltration\\\/#primaryimage\"},\"thumbnailUrl\":\"https:\\\/\\\/purassima.com\\\/wp-content\\\/uploads\\\/2025\\\/07\\\/Hermes_photo1_4bd8cf3a-9ad7-4f2f-9c08-35f5669199b6.webp\",\"datePublished\":\"2025-07-25T09:40:12+00:00\",\"dateModified\":\"2025-07-31T07:51:04+00:00\",\"breadcrumb\":{\"@id\":\"https:\\\/\\\/purassima.com\\\/de\\\/product\\\/hermes-ultrafiltration\\\/#breadcrumb\"},\"inLanguage\":\"de\",\"potentialAction\":[{\"@type\":\"ReadAction\",\"target\":[\"https:\\\/\\\/purassima.com\\\/de\\\/product\\\/hermes-ultrafiltration\\\/\"]}]},{\"@type\":\"ImageObject\",\"inLanguage\":\"de\",\"@id\":\"https:\\\/\\\/purassima.com\\\/de\\\/product\\\/hermes-ultrafiltration\\\/#primaryimage\",\"url\":\"https:\\\/\\\/purassima.com\\\/wp-content\\\/uploads\\\/2025\\\/07\\\/Hermes_photo1_4bd8cf3a-9ad7-4f2f-9c08-35f5669199b6.webp\",\"contentUrl\":\"https:\\\/\\\/purassima.com\\\/wp-content\\\/uploads\\\/2025\\\/07\\\/Hermes_photo1_4bd8cf3a-9ad7-4f2f-9c08-35f5669199b6.webp\",\"width\":1200,\"height\":1200},{\"@type\":\"BreadcrumbList\",\"@id\":\"https:\\\/\\\/purassima.com\\\/de\\\/product\\\/hermes-ultrafiltration\\\/#breadcrumb\",\"itemListElement\":[{\"@type\":\"ListItem\",\"position\":1,\"name\":\"Home\",\"item\":\"https:\\\/\\\/purassima.com\\\/de\\\/heim\\\/\"},{\"@type\":\"ListItem\",\"position\":2,\"name\":\"Collections\",\"item\":\"https:\\\/\\\/purassima.com\\\/collections\\\/\"},{\"@type\":\"ListItem\",\"position\":3,\"name\":\"Hermes &#8211; Ultrafiltration\"}]},{\"@type\":\"WebSite\",\"@id\":\"https:\\\/\\\/purassima.com\\\/de\\\/#website\",\"url\":\"https:\\\/\\\/purassima.com\\\/de\\\/\",\"name\":\"purassima\",\"description\":\"\",\"potentialAction\":[{\"@type\":\"SearchAction\",\"target\":{\"@type\":\"EntryPoint\",\"urlTemplate\":\"https:\\\/\\\/purassima.com\\\/de\\\/?s={search_term_string}\"},\"query-input\":{\"@type\":\"PropertyValueSpecification\",\"valueRequired\":true,\"valueName\":\"search_term_string\"}}],\"inLanguage\":\"de\"}]}<\/script>\n<!-- \/ Yoast SEO plugin. -->","yoast_head_json":{"title":"Hermes - Ultrafiltration - Purassima","robots":{"index":"index","follow":"follow","max-snippet":"max-snippet:-1","max-image-preview":"max-image-preview:large","max-video-preview":"max-video-preview:-1"},"canonical":"https:\/\/purassima.com\/de\/product\/hermes-ultrafiltration\/","og_locale":"de_DE","og_type":"article","og_title":"Hermes - Ultrafiltration - Purassima","og_description":"VORTEILE   jeden Tag reines Wasser  Verbesserung der Gesundheit  leckerer Kaffee, Tee, Limonade, Smoothies usw.  Sparsam im Verbrauch (Einsparung: \u20ac 400,- p\/p\/a)   Kein Mineralwasser mehr herumschleppen  umweltfreundlich &amp; nachhaltige L\u00f6sung  Ersparnis: \u20ac 438,- pro Person und Jahr! Die Verwendung eines Wasserfilters bietet viele gesundheitliche Vorteile, f\u00fchrt aber auch zu erheblichen Einsparungen bei der Umweltverschmutzung (Erd\u00f6l, Kunststoffe und Transport), ganz zu schweigen vom Transport von Hunderten Gallonen Wasser pro Jahr! Doch das ist noch nicht alles, dar\u00fcber hinaus gibt es auch finanzielle Einsparungen. Im Durchschnitt kostet 1 Liter Leitungswasser 0,05 \u20ac, Mineralwasser kostet 0,60 \u20ac pro Liter. Gehen Sie davon aus, dass Sie 2 Liter pro Tag und Person trinken: Wasserfilter: 0,05 \u20ac x 2 Liter x 365 (Tage) = 36,50 \u20ac pro Person und Jahr. Mineralwasser: \u20ac 0,60 x 2 Liter x 365 (Tage) = \u20ac 438,- pro Person und Jahr.","og_url":"https:\/\/purassima.com\/de\/product\/hermes-ultrafiltration\/","og_site_name":"Purassima","article_modified_time":"2025-07-31T07:51:04+00:00","og_image":[{"width":1200,"height":1200,"url":"https:\/\/purassima.com\/wp-content\/uploads\/2025\/07\/Hermes_photo1_4bd8cf3a-9ad7-4f2f-9c08-35f5669199b6.webp","type":"image\/webp"}],"twitter_card":"summary_large_image","twitter_misc":{"Gesch\u00e4tzte Lesezeit":"2\u00a0Minuten"},"schema":{"@context":"https:\/\/schema.org","@graph":[{"@type":"WebPage","@id":"https:\/\/purassima.com\/de\/product\/hermes-ultrafiltration\/","url":"https:\/\/purassima.com\/de\/product\/hermes-ultrafiltration\/","name":"Hermes - Ultrafiltration - Purassima","isPartOf":{"@id":"https:\/\/purassima.com\/de\/#website"},"primaryImageOfPage":{"@id":"https:\/\/purassima.com\/de\/product\/hermes-ultrafiltration\/#primaryimage"},"image":{"@id":"https:\/\/purassima.com\/de\/product\/hermes-ultrafiltration\/#primaryimage"},"thumbnailUrl":"https:\/\/purassima.com\/wp-content\/uploads\/2025\/07\/Hermes_photo1_4bd8cf3a-9ad7-4f2f-9c08-35f5669199b6.webp","datePublished":"2025-07-25T09:40:12+00:00","dateModified":"2025-07-31T07:51:04+00:00","breadcrumb":{"@id":"https:\/\/purassima.com\/de\/product\/hermes-ultrafiltration\/#breadcrumb"},"inLanguage":"de","potentialAction":[{"@type":"ReadAction","target":["https:\/\/purassima.com\/de\/product\/hermes-ultrafiltration\/"]}]},{"@type":"ImageObject","inLanguage":"de","@id":"https:\/\/purassima.com\/de\/product\/hermes-ultrafiltration\/#primaryimage","url":"https:\/\/purassima.com\/wp-content\/uploads\/2025\/07\/Hermes_photo1_4bd8cf3a-9ad7-4f2f-9c08-35f5669199b6.webp","contentUrl":"https:\/\/purassima.com\/wp-content\/uploads\/2025\/07\/Hermes_photo1_4bd8cf3a-9ad7-4f2f-9c08-35f5669199b6.webp","width":1200,"height":1200},{"@type":"BreadcrumbList","@id":"https:\/\/purassima.com\/de\/product\/hermes-ultrafiltration\/#breadcrumb","itemListElement":[{"@type":"ListItem","position":1,"name":"Home","item":"https:\/\/purassima.com\/de\/heim\/"},{"@type":"ListItem","position":2,"name":"Collections","item":"https:\/\/purassima.com\/collections\/"},{"@type":"ListItem","position":3,"name":"Hermes &#8211; Ultrafiltration"}]},{"@type":"WebSite","@id":"https:\/\/purassima.com\/de\/#website","url":"https:\/\/purassima.com\/de\/","name":"purassima","description":"","potentialAction":[{"@type":"SearchAction","target":{"@type":"EntryPoint","urlTemplate":"https:\/\/purassima.com\/de\/?s={search_term_string}"},"query-input":{"@type":"PropertyValueSpecification","valueRequired":true,"valueName":"search_term_string"}}],"inLanguage":"de"}]}},"_links":{"self":[{"href":"https:\/\/purassima.com\/de\/wp-json\/wp\/v2\/product\/2662","targetHints":{"allow":["GET"]}}],"collection":[{"href":"https:\/\/purassima.com\/de\/wp-json\/wp\/v2\/product"}],"about":[{"href":"https:\/\/purassima.com\/de\/wp-json\/wp\/v2\/types\/product"}],"replies":[{"embeddable":true,"href":"https:\/\/purassima.com\/de\/wp-json\/wp\/v2\/comments?post=2662"}],"version-history":[{"count":4,"href":"https:\/\/purassima.com\/de\/wp-json\/wp\/v2\/product\/2662\/revisions"}],"predecessor-version":[{"id":3086,"href":"https:\/\/purassima.com\/de\/wp-json\/wp\/v2\/product\/2662\/revisions\/3086"}],"wp:featuredmedia":[{"embeddable":true,"href":"https:\/\/purassima.com\/de\/wp-json\/wp\/v2\/media\/1862"}],"wp:attachment":[{"href":"https:\/\/purassima.com\/de\/wp-json\/wp\/v2\/media?parent=2662"}],"wp:term":[{"taxonomy":"product_brand","embeddable":true,"href":"https:\/\/purassima.com\/de\/wp-json\/wp\/v2\/product_brand?post=2662"},{"taxonomy":"product_cat","embeddable":true,"href":"https:\/\/purassima.com\/de\/wp-json\/wp\/v2\/product_cat?post=2662"},{"taxonomy":"product_tag","embeddable":true,"href":"https:\/\/purassima.com\/de\/wp-json\/wp\/v2\/product_tag?post=2662"}],"curies":[{"name":"wp","href":"https:\/\/api.w.org\/{rel}","templated":true}]}}