{"id":2680,"date":"2025-07-25T09:50:13","date_gmt":"2025-07-25T09:50:13","guid":{"rendered":"https:\/\/purassima.com\/product\/olympus-ultrafiltrationsspender-2\/"},"modified":"2025-07-31T07:50:33","modified_gmt":"2025-07-31T07:50:33","slug":"olympus-ultrafiltrationsspender-2","status":"publish","type":"product","link":"https:\/\/purassima.com\/de\/product\/olympus-ultrafiltrationsspender-2\/","title":{"rendered":"Olympus \u2013 Ultrafiltrationsspender"},"content":{"rendered":"\t\t<div data-elementor-type=\"product-post\" data-elementor-id=\"2680\" class=\"elementor elementor-2680 elementor-628\" data-elementor-post-type=\"product\">\n\t\t\t\t<div class=\"elementor-element elementor-element-39180858 e-flex e-con-boxed e-con e-parent\" data-id=\"39180858\" data-element_type=\"container\" data-e-type=\"container\">\n\t\t\t\t\t<div class=\"e-con-inner\">\n\t\t\t\t<div class=\"elementor-element elementor-element-2f52cb32 elementor-widget elementor-widget-text-editor\" data-id=\"2f52cb32\" data-element_type=\"widget\" data-e-type=\"widget\" data-widget_type=\"text-editor.default\">\n\t\t\t\t\t\t\t\t\tMarke: Purassima\nModell: Olympus\nProdukt: Wasserfiltersystem &#8211; Spender\nMethode: Ultrafiltration (UF)\nFilter: 1 All-in-One-Filter (4 Stufen)\nStrom: 230 Volt\nInstallation: nicht erforderlich\n\nANWENDUNG:\n&#8211; Haushalte: K\u00fcche\n&#8211; Gesch\u00e4ft\/B\u00fcros: K\u00fcche\/Besprechungsraum\n&#8211; Mobil: Wohnwagen, Wohnmobil oder Boot\n\nDer Purassima Olympus ist ein Tischmodell (Spender), das auf der Ultrafiltrationsmethode (UF) basiert. Dieses Modell erfordert keine Installation, nur Strom. \n\nULTRA-FILTRATIONSMETHODE\nHinsichtlich des Filtrationsprozesses unterscheidet sich die Ultrafiltration kaum von der Umkehrosmose (RO). Der Unterschied liegt in der Gr\u00f6\u00dfe der Membranporen. Bei UF betr\u00e4gt sie 0,01 Mikrometer und bei Umkehrosmose (RO) 0,0001 Mikrometer. Dadurch kann die Umkehrosmose (RO) 99 % der Verunreinigungen herausfiltern, was jedoch nicht immer notwendig ist. Ultrafiltration ist g\u00fcnstiger in der Anschaffung, einfacher zu installieren und einfacher und kosteng\u00fcnstiger in der Wartung als RO.    \n\nSPEZIFIKATIONEN\nFilterkapazit\u00e4t: 2 Liter pro Stunde\nTankinhalt: 6 Liter\nFilter: 1 All-in-One-Filter \/ 4 Stufen\nAbmessungen: 450x210x390mm\nGewicht: 13 kg.\n\nMONTAGE &amp; INSTALLATION\nDieses Ultrafiltrations-Wasserfiltersystem erfordert KEINE Installation. Sie k\u00f6nnen es wie eine Kaffeemaschine verwenden, Sie ben\u00f6tigen lediglich Strom \t\t\t\t\t\t\t\t<\/div>\n\t\t\t\t\t<\/div>\n\t\t\t\t<\/div>\n\t\t<div class=\"elementor-element elementor-element-cd31aac e-flex e-con-boxed e-con e-parent\" data-id=\"cd31aac\" data-element_type=\"container\" data-e-type=\"container\">\n\t\t\t\t\t<div class=\"e-con-inner\">\n\t\t\t\t<div class=\"elementor-element elementor-element-042f993 elementor-widget elementor-widget-heading\" data-id=\"042f993\" data-element_type=\"widget\" data-e-type=\"widget\" data-widget_type=\"heading.default\">\n\t\t\t\t\t<h2 class=\"elementor-heading-title elementor-size-default\">PDF herunterladen<\/h2>\t\t\t\t<\/div>\n\t\t<div data-ha-element-link=\"{&quot;url&quot;:&quot;https:\\\/\\\/purassima.com\\\/wp-content\\\/uploads\\\/2025\\\/07\\\/Dispensers_web_folder_NL-6.pdf&quot;,&quot;is_external&quot;:&quot;on&quot;,&quot;nofollow&quot;:&quot;&quot;}\" style=\"cursor: pointer\" class=\"elementor-element elementor-element-9d4e4aa e-con-full e-flex e-con e-child\" data-id=\"9d4e4aa\" data-element_type=\"container\" data-e-type=\"container\" data-settings=\"{&quot;background_background&quot;:&quot;classic&quot;}\">\n\t\t<div class=\"elementor-element elementor-element-47e021b e-con-full e-flex e-con e-child\" data-id=\"47e021b\" data-element_type=\"container\" data-e-type=\"container\">\n\t\t\t\t<div class=\"elementor-element elementor-element-32d975d elementor-widget elementor-widget-image\" data-id=\"32d975d\" data-element_type=\"widget\" data-e-type=\"widget\" data-widget_type=\"image.default\">\n\t\t\t\t\t\t\t\t\t\t\t\t\t\t\t<img fetchpriority=\"high\" decoding=\"async\" width=\"800\" height=\"893\" src=\"https:\/\/purassima.com\/wp-content\/uploads\/2025\/07\/PDF_icon.webp\" class=\"attachment-large size-large wp-image-2766\" alt=\"\" srcset=\"https:\/\/purassima.com\/wp-content\/uploads\/2025\/07\/PDF_icon.webp 820w, https:\/\/purassima.com\/wp-content\/uploads\/2025\/07\/PDF_icon-269x300.webp 269w, https:\/\/purassima.com\/wp-content\/uploads\/2025\/07\/PDF_icon-768x857.webp 768w, https:\/\/purassima.com\/wp-content\/uploads\/2025\/07\/PDF_icon-600x670.webp 600w\" sizes=\"(max-width: 800px) 100vw, 800px\" \/>\t\t\t\t\t\t\t\t\t\t\t\t\t\t\t<\/div>\n\t\t\t\t<\/div>\n\t\t<div class=\"elementor-element elementor-element-7724720 e-con-full e-flex e-con e-child\" data-id=\"7724720\" data-element_type=\"container\" data-e-type=\"container\">\n\t\t\t\t<div class=\"elementor-element elementor-element-b2a209e elementor-widget elementor-widget-heading\" data-id=\"b2a209e\" data-element_type=\"widget\" data-e-type=\"widget\" data-widget_type=\"heading.default\">\n\t\t\t\t\t<h2 class=\"elementor-heading-title elementor-size-default\">Purissima-Prospektsysteme<\/h2>\t\t\t\t<\/div>\n\t\t\t\t<div class=\"elementor-element elementor-element-6d82295 elementor-widget elementor-widget-text-editor\" data-id=\"6d82295\" data-element_type=\"widget\" data-e-type=\"widget\" data-widget_type=\"text-editor.default\">\n\t\t\t\t\t\t\t\t\t(550.61 KB)\n\n\t\t\t\t\t\t\t\t<\/div>\n\t\t\t\t<\/div>\n\t\t\t\t<\/div>\n\t\t\t\t\t<\/div>\n\t\t\t\t<\/div>\n\t\t\t\t<\/div>\n\t\t","protected":false},"excerpt":{"rendered":"<p><strong>VORTEILE<\/strong><\/p>\n<ul>\n<li>jeden Tag reines Wasser<\/li>\n<li>Verbesserung der Gesundheit<\/li>\n<li>leckerer Kaffee, Tee, Limonade, Smoothies usw.<\/li>\n<li>Sparsam im Verbrauch (Einsparung: \u20ac 400,- p\/p\/a)<\/li>\n<li> Kein Mineralwasser mehr herumschleppen<\/li>\n<li>umweltfreundlich &amp; nachhaltige L\u00f6sung<\/li>\n<li><strong>Ersparnis: \u20ac 438,- pro Person und Jahr!<br \/>\n<\/strong>Die Verwendung eines Wasserfilters bietet viele gesundheitliche Vorteile, f\u00fchrt aber auch zu erheblichen Einsparungen bei der Umweltverschmutzung (Erd\u00f6l, Kunststoffe und Transport), ganz zu schweigen vom Transport von Hunderten Gallonen Wasser pro Jahr! Doch das ist noch nicht alles, dar\u00fcber hinaus gibt es auch finanzielle Einsparungen. Im Durchschnitt kostet 1 Liter Leitungswasser 0,05 \u20ac, Mineralwasser kostet 0,60 \u20ac pro Liter.<br \/>\nGehen Sie davon aus, dass Sie 2 Liter pro Tag und Person trinken:<br \/>\nWasserfilter: 0,05 \u20ac x 2 Liter x 365 (Tage) = 36,50 \u20ac pro Person und Jahr.<br \/>\nMineralwasser: \u20ac 0,60 x 2 Liter x 365 (Tage) = \u20ac 438,- pro Person und Jahr. <\/li>\n<\/ul>\n","protected":false},"featured_media":1917,"comment_status":"open","ping_status":"closed","template":"","meta":{"_acf_changed":false},"product_brand":[],"product_cat":[99],"product_tag":[],"class_list":{"0":"post-2680","1":"product","2":"type-product","3":"status-publish","4":"has-post-thumbnail","6":"product_cat-wasserfilterspender","8":"first","9":"instock","10":"shipping-taxable","11":"purchasable","12":"product-type-simple"},"acf":[],"yoast_head":"<!-- This site is optimized with the Yoast SEO plugin v27.4 - https:\/\/yoast.com\/product\/yoast-seo-wordpress\/ -->\n<title>Olympus \u2013 Ultrafiltrationsspender - Purassima<\/title>\n<meta name=\"robots\" content=\"index, follow, max-snippet:-1, max-image-preview:large, max-video-preview:-1\" \/>\n<link rel=\"canonical\" href=\"https:\/\/purassima.com\/de\/product\/olympus-ultrafiltrationsspender-2\/\" \/>\n<meta property=\"og:locale\" content=\"de_DE\" \/>\n<meta property=\"og:type\" content=\"article\" \/>\n<meta property=\"og:title\" content=\"Olympus \u2013 Ultrafiltrationsspender - Purassima\" \/>\n<meta property=\"og:description\" content=\"VORTEILE   jeden Tag reines Wasser  Verbesserung der Gesundheit  leckerer Kaffee, Tee, Limonade, Smoothies usw.  Sparsam im Verbrauch (Einsparung: \u20ac 400,- p\/p\/a)   Kein Mineralwasser mehr herumschleppen  umweltfreundlich &amp; nachhaltige L\u00f6sung  Ersparnis: \u20ac 438,- pro Person und Jahr! Die Verwendung eines Wasserfilters bietet viele gesundheitliche Vorteile, f\u00fchrt aber auch zu erheblichen Einsparungen bei der Umweltverschmutzung (Erd\u00f6l, Kunststoffe und Transport), ganz zu schweigen vom Transport von Hunderten Gallonen Wasser pro Jahr! Doch das ist noch nicht alles, dar\u00fcber hinaus gibt es auch finanzielle Einsparungen. Im Durchschnitt kostet 1 Liter Leitungswasser 0,05 \u20ac, Mineralwasser kostet 0,60 \u20ac pro Liter. Gehen Sie davon aus, dass Sie 2 Liter pro Tag und Person trinken: Wasserfilter: 0,05 \u20ac x 2 Liter x 365 (Tage) = 36,50 \u20ac pro Person und Jahr. Mineralwasser: \u20ac 0,60 x 2 Liter x 365 (Tage) = \u20ac 438,- pro Person und Jahr.\" \/>\n<meta property=\"og:url\" content=\"https:\/\/purassima.com\/de\/product\/olympus-ultrafiltrationsspender-2\/\" \/>\n<meta property=\"og:site_name\" content=\"Purassima\" \/>\n<meta property=\"article:modified_time\" content=\"2025-07-31T07:50:33+00:00\" \/>\n<meta property=\"og:image\" content=\"https:\/\/purassima.com\/wp-content\/uploads\/2025\/07\/Olympus_product-1.webp\" \/>\n\t<meta property=\"og:image:width\" content=\"600\" \/>\n\t<meta property=\"og:image:height\" content=\"600\" \/>\n\t<meta property=\"og:image:type\" content=\"image\/webp\" \/>\n<meta name=\"twitter:card\" content=\"summary_large_image\" \/>\n<meta name=\"twitter:label1\" content=\"Gesch\u00e4tzte Lesezeit\" \/>\n\t<meta name=\"twitter:data1\" content=\"2\u00a0Minuten\" \/>\n<script type=\"application\/ld+json\" class=\"yoast-schema-graph\">{\"@context\":\"https:\\\/\\\/schema.org\",\"@graph\":[{\"@type\":\"WebPage\",\"@id\":\"https:\\\/\\\/purassima.com\\\/de\\\/product\\\/olympus-ultrafiltrationsspender-2\\\/\",\"url\":\"https:\\\/\\\/purassima.com\\\/de\\\/product\\\/olympus-ultrafiltrationsspender-2\\\/\",\"name\":\"Olympus \u2013 Ultrafiltrationsspender - Purassima\",\"isPartOf\":{\"@id\":\"https:\\\/\\\/purassima.com\\\/de\\\/#website\"},\"primaryImageOfPage\":{\"@id\":\"https:\\\/\\\/purassima.com\\\/de\\\/product\\\/olympus-ultrafiltrationsspender-2\\\/#primaryimage\"},\"image\":{\"@id\":\"https:\\\/\\\/purassima.com\\\/de\\\/product\\\/olympus-ultrafiltrationsspender-2\\\/#primaryimage\"},\"thumbnailUrl\":\"https:\\\/\\\/purassima.com\\\/wp-content\\\/uploads\\\/2025\\\/07\\\/Olympus_product-1.webp\",\"datePublished\":\"2025-07-25T09:50:13+00:00\",\"dateModified\":\"2025-07-31T07:50:33+00:00\",\"breadcrumb\":{\"@id\":\"https:\\\/\\\/purassima.com\\\/de\\\/product\\\/olympus-ultrafiltrationsspender-2\\\/#breadcrumb\"},\"inLanguage\":\"de\",\"potentialAction\":[{\"@type\":\"ReadAction\",\"target\":[\"https:\\\/\\\/purassima.com\\\/de\\\/product\\\/olympus-ultrafiltrationsspender-2\\\/\"]}]},{\"@type\":\"ImageObject\",\"inLanguage\":\"de\",\"@id\":\"https:\\\/\\\/purassima.com\\\/de\\\/product\\\/olympus-ultrafiltrationsspender-2\\\/#primaryimage\",\"url\":\"https:\\\/\\\/purassima.com\\\/wp-content\\\/uploads\\\/2025\\\/07\\\/Olympus_product-1.webp\",\"contentUrl\":\"https:\\\/\\\/purassima.com\\\/wp-content\\\/uploads\\\/2025\\\/07\\\/Olympus_product-1.webp\",\"width\":600,\"height\":600},{\"@type\":\"BreadcrumbList\",\"@id\":\"https:\\\/\\\/purassima.com\\\/de\\\/product\\\/olympus-ultrafiltrationsspender-2\\\/#breadcrumb\",\"itemListElement\":[{\"@type\":\"ListItem\",\"position\":1,\"name\":\"Home\",\"item\":\"https:\\\/\\\/purassima.com\\\/de\\\/heim\\\/\"},{\"@type\":\"ListItem\",\"position\":2,\"name\":\"Collections\",\"item\":\"https:\\\/\\\/purassima.com\\\/collections\\\/\"},{\"@type\":\"ListItem\",\"position\":3,\"name\":\"Olympus \u2013 Ultrafiltrationsspender\"}]},{\"@type\":\"WebSite\",\"@id\":\"https:\\\/\\\/purassima.com\\\/de\\\/#website\",\"url\":\"https:\\\/\\\/purassima.com\\\/de\\\/\",\"name\":\"purassima\",\"description\":\"\",\"potentialAction\":[{\"@type\":\"SearchAction\",\"target\":{\"@type\":\"EntryPoint\",\"urlTemplate\":\"https:\\\/\\\/purassima.com\\\/de\\\/?s={search_term_string}\"},\"query-input\":{\"@type\":\"PropertyValueSpecification\",\"valueRequired\":true,\"valueName\":\"search_term_string\"}}],\"inLanguage\":\"de\"}]}<\/script>\n<!-- \/ Yoast SEO plugin. -->","yoast_head_json":{"title":"Olympus \u2013 Ultrafiltrationsspender - Purassima","robots":{"index":"index","follow":"follow","max-snippet":"max-snippet:-1","max-image-preview":"max-image-preview:large","max-video-preview":"max-video-preview:-1"},"canonical":"https:\/\/purassima.com\/de\/product\/olympus-ultrafiltrationsspender-2\/","og_locale":"de_DE","og_type":"article","og_title":"Olympus \u2013 Ultrafiltrationsspender - Purassima","og_description":"VORTEILE   jeden Tag reines Wasser  Verbesserung der Gesundheit  leckerer Kaffee, Tee, Limonade, Smoothies usw.  Sparsam im Verbrauch (Einsparung: \u20ac 400,- p\/p\/a)   Kein Mineralwasser mehr herumschleppen  umweltfreundlich &amp; nachhaltige L\u00f6sung  Ersparnis: \u20ac 438,- pro Person und Jahr! Die Verwendung eines Wasserfilters bietet viele gesundheitliche Vorteile, f\u00fchrt aber auch zu erheblichen Einsparungen bei der Umweltverschmutzung (Erd\u00f6l, Kunststoffe und Transport), ganz zu schweigen vom Transport von Hunderten Gallonen Wasser pro Jahr! Doch das ist noch nicht alles, dar\u00fcber hinaus gibt es auch finanzielle Einsparungen. Im Durchschnitt kostet 1 Liter Leitungswasser 0,05 \u20ac, Mineralwasser kostet 0,60 \u20ac pro Liter. Gehen Sie davon aus, dass Sie 2 Liter pro Tag und Person trinken: Wasserfilter: 0,05 \u20ac x 2 Liter x 365 (Tage) = 36,50 \u20ac pro Person und Jahr. Mineralwasser: \u20ac 0,60 x 2 Liter x 365 (Tage) = \u20ac 438,- pro Person und Jahr.","og_url":"https:\/\/purassima.com\/de\/product\/olympus-ultrafiltrationsspender-2\/","og_site_name":"Purassima","article_modified_time":"2025-07-31T07:50:33+00:00","og_image":[{"width":600,"height":600,"url":"https:\/\/purassima.com\/wp-content\/uploads\/2025\/07\/Olympus_product-1.webp","type":"image\/webp"}],"twitter_card":"summary_large_image","twitter_misc":{"Gesch\u00e4tzte Lesezeit":"2\u00a0Minuten"},"schema":{"@context":"https:\/\/schema.org","@graph":[{"@type":"WebPage","@id":"https:\/\/purassima.com\/de\/product\/olympus-ultrafiltrationsspender-2\/","url":"https:\/\/purassima.com\/de\/product\/olympus-ultrafiltrationsspender-2\/","name":"Olympus \u2013 Ultrafiltrationsspender - Purassima","isPartOf":{"@id":"https:\/\/purassima.com\/de\/#website"},"primaryImageOfPage":{"@id":"https:\/\/purassima.com\/de\/product\/olympus-ultrafiltrationsspender-2\/#primaryimage"},"image":{"@id":"https:\/\/purassima.com\/de\/product\/olympus-ultrafiltrationsspender-2\/#primaryimage"},"thumbnailUrl":"https:\/\/purassima.com\/wp-content\/uploads\/2025\/07\/Olympus_product-1.webp","datePublished":"2025-07-25T09:50:13+00:00","dateModified":"2025-07-31T07:50:33+00:00","breadcrumb":{"@id":"https:\/\/purassima.com\/de\/product\/olympus-ultrafiltrationsspender-2\/#breadcrumb"},"inLanguage":"de","potentialAction":[{"@type":"ReadAction","target":["https:\/\/purassima.com\/de\/product\/olympus-ultrafiltrationsspender-2\/"]}]},{"@type":"ImageObject","inLanguage":"de","@id":"https:\/\/purassima.com\/de\/product\/olympus-ultrafiltrationsspender-2\/#primaryimage","url":"https:\/\/purassima.com\/wp-content\/uploads\/2025\/07\/Olympus_product-1.webp","contentUrl":"https:\/\/purassima.com\/wp-content\/uploads\/2025\/07\/Olympus_product-1.webp","width":600,"height":600},{"@type":"BreadcrumbList","@id":"https:\/\/purassima.com\/de\/product\/olympus-ultrafiltrationsspender-2\/#breadcrumb","itemListElement":[{"@type":"ListItem","position":1,"name":"Home","item":"https:\/\/purassima.com\/de\/heim\/"},{"@type":"ListItem","position":2,"name":"Collections","item":"https:\/\/purassima.com\/collections\/"},{"@type":"ListItem","position":3,"name":"Olympus \u2013 Ultrafiltrationsspender"}]},{"@type":"WebSite","@id":"https:\/\/purassima.com\/de\/#website","url":"https:\/\/purassima.com\/de\/","name":"purassima","description":"","potentialAction":[{"@type":"SearchAction","target":{"@type":"EntryPoint","urlTemplate":"https:\/\/purassima.com\/de\/?s={search_term_string}"},"query-input":{"@type":"PropertyValueSpecification","valueRequired":true,"valueName":"search_term_string"}}],"inLanguage":"de"}]}},"_links":{"self":[{"href":"https:\/\/purassima.com\/de\/wp-json\/wp\/v2\/product\/2680","targetHints":{"allow":["GET"]}}],"collection":[{"href":"https:\/\/purassima.com\/de\/wp-json\/wp\/v2\/product"}],"about":[{"href":"https:\/\/purassima.com\/de\/wp-json\/wp\/v2\/types\/product"}],"replies":[{"embeddable":true,"href":"https:\/\/purassima.com\/de\/wp-json\/wp\/v2\/comments?post=2680"}],"version-history":[{"count":4,"href":"https:\/\/purassima.com\/de\/wp-json\/wp\/v2\/product\/2680\/revisions"}],"predecessor-version":[{"id":3083,"href":"https:\/\/purassima.com\/de\/wp-json\/wp\/v2\/product\/2680\/revisions\/3083"}],"wp:featuredmedia":[{"embeddable":true,"href":"https:\/\/purassima.com\/de\/wp-json\/wp\/v2\/media\/1917"}],"wp:attachment":[{"href":"https:\/\/purassima.com\/de\/wp-json\/wp\/v2\/media?parent=2680"}],"wp:term":[{"taxonomy":"product_brand","embeddable":true,"href":"https:\/\/purassima.com\/de\/wp-json\/wp\/v2\/product_brand?post=2680"},{"taxonomy":"product_cat","embeddable":true,"href":"https:\/\/purassima.com\/de\/wp-json\/wp\/v2\/product_cat?post=2680"},{"taxonomy":"product_tag","embeddable":true,"href":"https:\/\/purassima.com\/de\/wp-json\/wp\/v2\/product_tag?post=2680"}],"curies":[{"name":"wp","href":"https:\/\/api.w.org\/{rel}","templated":true}]}}