{"id":2699,"date":"2025-07-25T10:06:11","date_gmt":"2025-07-25T10:06:11","guid":{"rendered":"https:\/\/purassima.com\/product\/hermes-ultrafiltration-2\/"},"modified":"2025-07-31T07:50:05","modified_gmt":"2025-07-31T07:50:05","slug":"hermes-ultrafiltration-2","status":"publish","type":"product","link":"https:\/\/purassima.com\/de\/product\/hermes-ultrafiltration-2\/","title":{"rendered":"Hermes &#8211; Ultrafiltration"},"content":{"rendered":"\t\t<div data-elementor-type=\"product-post\" data-elementor-id=\"2699\" class=\"elementor elementor-2699 elementor-652\" data-elementor-post-type=\"product\">\n\t\t\t\t<div class=\"elementor-element elementor-element-330268e4 e-flex e-con-boxed e-con e-parent\" data-id=\"330268e4\" data-element_type=\"container\" data-e-type=\"container\">\n\t\t\t\t\t<div class=\"e-con-inner\">\n\t\t\t\t<div class=\"elementor-element elementor-element-7804c20f elementor-widget elementor-widget-text-editor\" data-id=\"7804c20f\" data-element_type=\"widget\" data-e-type=\"widget\" data-widget_type=\"text-editor.default\">\n\t\t\t\t\t\t\t\t\tMarke: PurassimaModell: HermesProdukt: WasserfiltersystemMethode: Ultrafiltration (UF)Filter: 1 (All-in-One) Filter &#8211; 4 FiltrationsstufenStrom: nicht erforderlichInstallation: einfach\n\nANWENDUNG:- Haushalte: K\u00fcchensp\u00fcle- Gesch\u00e4fte \/ B\u00fcros: K\u00fcchensp\u00fcle- Mobil: Wohnwagen, Camper oder Boot\n\nDas Purassima Hermes ist ein Wasserfiltersystem, das auf Ultrafiltration (UF) basiert. Ultrafiltration unterscheidet sich im Filtrationsprozess nicht stark von der Umkehrosmose (RO). Der Unterschied liegt in der Gr\u00f6\u00dfe der Membranporen. Bei UF betr\u00e4gt sie 0,01 Mikrometer und bei der Umkehrosmose (RO) 0,0001 Mikrometer. Dadurch kann die Umkehrosmose 95-99 % der Verunreinigungen herausfiltern, was jedoch nicht immer notwendig ist. Die Ultrafiltration entfernt 70-80 %, l\u00e4sst jedoch die Mineralien im Wasser.     \n\nUltrafiltration ist g\u00fcnstiger in der Anschaffung, einfacher zu installieren und einfacher sowie g\u00fcnstiger in der Wartung als Umkehrosmoseanlagen. Die Membran h\u00e4lt im Durchschnitt 5-mal l\u00e4nger als eine Osmosemembran. Der Hermes hat einen All-in-One-Filter f\u00fcr 4 Filtrationen. Dieser Filter ist sehr einfach auszutauschen.   \n\nDie Hermes-Filter (unter anderem): Chlor, Fluorid, Bakterien, Viren, Parasiten, Mikroplastik, GenX, PFAS, Pestizide und Schwermetalle.\n\nSPEZIFIKATIONENFilterkapazit\u00e4t: 1,5 Liter pro MinuteDirektfluss (kein Tank erforderlich)Wasserdruck: 0,1 MPa &#8211; 0,4 MPaFilter: 3 Filter f\u00fcr 4 FiltrationsstufenAbmessungen: 264(h)x99(b)x285(t)mm \/ Gewicht: 3,2 kg.Keine Elektrizit\u00e4t erforderlich\n\nENTDECKEN SIE DEN UNTERSCHIED: HERMES GEGEN ATLANTIS Der Unterschied zwischen Hermes und Atlantis liegt haupts\u00e4chlich in der Gr\u00f6\u00dfe, und die Filtrationskapazit\u00e4t des Atlantis ist h\u00f6her. Das Atlantis ist etwa 25 % kleiner als das Hermes, was ein wichtiges Argument f\u00fcr diejenigen sein kann, die dieses System in einem Wohnmobil, Wohnwagen oder Boot verwenden m\u00f6chten. Beide Systeme arbeiten mit niedrigem Wasserdruck, keine zus\u00e4tzliche Pumpe erforderlich.  \n\nINSTALLATION &amp; MONTAGEDieses Ultrafiltrations-Wasserfiltersystem erfordert eine Installation in Ihrer K\u00fcche, Ihrem Wohnwagen, Camper oder Boot. Im Lieferumfang des Systems sind alle Teile enthalten, die Sie ben\u00f6tigen, wie z.B. Wasserhahn, Drucksto\u00dfd\u00e4mpfer und Armaturen. Es ist viel einfacher zu installieren als ein Umkehrosmose-System, aber etwas Wissen und Geschick sind erforderlich.  \n\nDas Installationshandbuch ist enthalten.\t\t\t\t\t\t\t\t<\/div>\n\t\t\t\t\t<\/div>\n\t\t\t\t<\/div>\n\t\t<div class=\"elementor-element elementor-element-f79a70c e-flex e-con-boxed e-con e-parent\" data-id=\"f79a70c\" data-element_type=\"container\" data-e-type=\"container\">\n\t\t\t\t\t<div class=\"e-con-inner\">\n\t\t\t\t<div class=\"elementor-element elementor-element-efa9e7e elementor-widget elementor-widget-heading\" data-id=\"efa9e7e\" data-element_type=\"widget\" data-e-type=\"widget\" data-widget_type=\"heading.default\">\n\t\t\t\t\t<h2 class=\"elementor-heading-title elementor-size-default\">PDF herunterladen<\/h2>\t\t\t\t<\/div>\n\t\t<div data-ha-element-link=\"{&quot;url&quot;:&quot;https:\\\/\\\/purassima.com\\\/wp-content\\\/uploads\\\/2025\\\/07\\\/Purassima_brochure_EN-16.pdf&quot;,&quot;is_external&quot;:&quot;on&quot;,&quot;nofollow&quot;:&quot;&quot;}\" style=\"cursor: pointer\" class=\"elementor-element elementor-element-1d2c680 e-con-full e-flex e-con e-child\" data-id=\"1d2c680\" data-element_type=\"container\" data-e-type=\"container\" data-settings=\"{&quot;background_background&quot;:&quot;classic&quot;}\">\n\t\t<div class=\"elementor-element elementor-element-df82625 e-con-full e-flex e-con e-child\" data-id=\"df82625\" data-element_type=\"container\" data-e-type=\"container\">\n\t\t\t\t<div class=\"elementor-element elementor-element-9a358cb elementor-widget elementor-widget-image\" data-id=\"9a358cb\" data-element_type=\"widget\" data-e-type=\"widget\" data-widget_type=\"image.default\">\n\t\t\t\t\t\t\t\t\t\t\t\t\t\t\t<img fetchpriority=\"high\" decoding=\"async\" width=\"800\" height=\"893\" src=\"https:\/\/purassima.com\/wp-content\/uploads\/2025\/07\/PDF_icon.webp\" class=\"attachment-large size-large wp-image-2766\" alt=\"\" srcset=\"https:\/\/purassima.com\/wp-content\/uploads\/2025\/07\/PDF_icon.webp 820w, https:\/\/purassima.com\/wp-content\/uploads\/2025\/07\/PDF_icon-269x300.webp 269w, https:\/\/purassima.com\/wp-content\/uploads\/2025\/07\/PDF_icon-768x857.webp 768w, https:\/\/purassima.com\/wp-content\/uploads\/2025\/07\/PDF_icon-600x670.webp 600w\" sizes=\"(max-width: 800px) 100vw, 800px\" \/>\t\t\t\t\t\t\t\t\t\t\t\t\t\t\t<\/div>\n\t\t\t\t<\/div>\n\t\t<div class=\"elementor-element elementor-element-f2bacb6 e-con-full e-flex e-con e-child\" data-id=\"f2bacb6\" data-element_type=\"container\" data-e-type=\"container\">\n\t\t\t\t<div class=\"elementor-element elementor-element-f7ea633 elementor-widget elementor-widget-heading\" data-id=\"f7ea633\" data-element_type=\"widget\" data-e-type=\"widget\" data-widget_type=\"heading.default\">\n\t\t\t\t\t<h2 class=\"elementor-heading-title elementor-size-default\">Purissima-Prospektsysteme<\/h2>\t\t\t\t<\/div>\n\t\t\t\t<div class=\"elementor-element elementor-element-0aa5c01 elementor-widget elementor-widget-text-editor\" data-id=\"0aa5c01\" data-element_type=\"widget\" data-e-type=\"widget\" data-widget_type=\"text-editor.default\">\n\t\t\t\t\t\t\t\t\t(550.61 KB)\n\n\t\t\t\t\t\t\t\t<\/div>\n\t\t\t\t<\/div>\n\t\t\t\t<\/div>\n\t\t\t\t\t<\/div>\n\t\t\t\t<\/div>\n\t\t\t\t<\/div>\n\t\t","protected":false},"excerpt":{"rendered":"<p><strong>VORTEILE<\/strong><\/p>\n<ul>\n<li>t\u00e4gliches reines Wasser<\/li>\n<li>Verbesserung der Gesundheit<\/li>\n<li>k\u00f6stlicher Kaffee, Tee, Limonade, Smoothies usw.<\/li>\n<li>Wirtschaftlich im Gebrauch (Einsparungen: 400 \u20ac pro Person und Jahr)<\/li>\n<li> Kein Herumtragen von Mineralwasser mehr<\/li>\n<li>umweltfreundliche und nachhaltige L\u00f6sung<\/li>\n<li><strong>EINSPARUNGEN: 438 \u20ac pro Person und Jahr!<br \/>\n<\/strong>Die Verwendung eines Wasserfilters bietet viele gesundheitliche Vorteile, aber es gibt auch erhebliche Einsparungen bei der Umweltverschmutzung (Erd\u00f6l, Kunststoffe und Transport), ganz zu schweigen von dem Transport von Hunderten von Gallonen Wasser pro Jahr! Aber das ist noch nicht alles, zus\u00e4tzlich gibt es auch finanzielle Einsparungen. Im Durchschnitt kostet 1 Liter Leitungswasser 0,05 \u20ac, Mineralwasser kostet 0,60 \u20ac pro Liter. Angenommen, jeder trinkt 2 Liter pro Tag: Wasserfilter: 0,05 \u20ac x 2 Liter x 365 (Tage) = 36,50 \u20ac pro Person und Jahr. Mineralwasser: 0,60 \u20ac x 2 Liter x 365 (Tage) = 438,00 \u20ac pro Person und Jahr. <\/li>\n<\/ul>\n","protected":false},"featured_media":2017,"comment_status":"open","ping_status":"closed","template":"","meta":{"_acf_changed":false},"product_brand":[],"product_cat":[103],"product_tag":[],"class_list":{"0":"post-2699","1":"product","2":"type-product","3":"status-publish","4":"has-post-thumbnail","6":"product_cat-wasserfiltersysteme","8":"first","9":"instock","10":"shipping-taxable","11":"purchasable","12":"product-type-simple"},"acf":[],"yoast_head":"<!-- This site is optimized with the Yoast SEO plugin v27.3 - https:\/\/yoast.com\/product\/yoast-seo-wordpress\/ -->\n<title>Hermes - Ultrafiltration - Purassima<\/title>\n<meta name=\"robots\" content=\"index, follow, max-snippet:-1, max-image-preview:large, max-video-preview:-1\" \/>\n<link rel=\"canonical\" href=\"https:\/\/purassima.com\/de\/product\/hermes-ultrafiltration-2\/\" \/>\n<meta property=\"og:locale\" content=\"de_DE\" \/>\n<meta property=\"og:type\" content=\"article\" \/>\n<meta property=\"og:title\" content=\"Hermes - Ultrafiltration - Purassima\" \/>\n<meta property=\"og:description\" content=\"VORTEILE   t\u00e4gliches reines Wasser  Verbesserung der Gesundheit  k\u00f6stlicher Kaffee, Tee, Limonade, Smoothies usw.  Wirtschaftlich im Gebrauch (Einsparungen: 400 \u20ac pro Person und Jahr)   Kein Herumtragen von Mineralwasser mehr  umweltfreundliche und nachhaltige L\u00f6sung  EINSPARUNGEN: 438 \u20ac pro Person und Jahr! Die Verwendung eines Wasserfilters bietet viele gesundheitliche Vorteile, aber es gibt auch erhebliche Einsparungen bei der Umweltverschmutzung (Erd\u00f6l, Kunststoffe und Transport), ganz zu schweigen von dem Transport von Hunderten von Gallonen Wasser pro Jahr! Aber das ist noch nicht alles, zus\u00e4tzlich gibt es auch finanzielle Einsparungen. Im Durchschnitt kostet 1 Liter Leitungswasser 0,05 \u20ac, Mineralwasser kostet 0,60 \u20ac pro Liter. Angenommen, jeder trinkt 2 Liter pro Tag: Wasserfilter: 0,05 \u20ac x 2 Liter x 365 (Tage) = 36,50 \u20ac pro Person und Jahr. Mineralwasser: 0,60 \u20ac x 2 Liter x 365 (Tage) = 438,00 \u20ac pro Person und Jahr.\" \/>\n<meta property=\"og:url\" content=\"https:\/\/purassima.com\/de\/product\/hermes-ultrafiltration-2\/\" \/>\n<meta property=\"og:site_name\" content=\"Purassima\" \/>\n<meta property=\"article:modified_time\" content=\"2025-07-31T07:50:05+00:00\" \/>\n<meta property=\"og:image\" content=\"https:\/\/purassima.com\/wp-content\/uploads\/2025\/07\/Hermes_photo1_4bd8cf3a-9ad7-4f2f-9c08-35f5669199b6-1.webp\" \/>\n\t<meta property=\"og:image:width\" content=\"1200\" \/>\n\t<meta property=\"og:image:height\" content=\"1200\" \/>\n\t<meta property=\"og:image:type\" content=\"image\/webp\" \/>\n<meta name=\"twitter:card\" content=\"summary_large_image\" \/>\n<meta name=\"twitter:label1\" content=\"Gesch\u00e4tzte Lesezeit\" \/>\n\t<meta name=\"twitter:data1\" content=\"2\u00a0Minuten\" \/>\n<script type=\"application\/ld+json\" class=\"yoast-schema-graph\">{\"@context\":\"https:\\\/\\\/schema.org\",\"@graph\":[{\"@type\":\"WebPage\",\"@id\":\"https:\\\/\\\/purassima.com\\\/de\\\/product\\\/hermes-ultrafiltration-2\\\/\",\"url\":\"https:\\\/\\\/purassima.com\\\/de\\\/product\\\/hermes-ultrafiltration-2\\\/\",\"name\":\"Hermes - Ultrafiltration - Purassima\",\"isPartOf\":{\"@id\":\"https:\\\/\\\/purassima.com\\\/de\\\/#website\"},\"primaryImageOfPage\":{\"@id\":\"https:\\\/\\\/purassima.com\\\/de\\\/product\\\/hermes-ultrafiltration-2\\\/#primaryimage\"},\"image\":{\"@id\":\"https:\\\/\\\/purassima.com\\\/de\\\/product\\\/hermes-ultrafiltration-2\\\/#primaryimage\"},\"thumbnailUrl\":\"https:\\\/\\\/purassima.com\\\/wp-content\\\/uploads\\\/2025\\\/07\\\/Hermes_photo1_4bd8cf3a-9ad7-4f2f-9c08-35f5669199b6-1.webp\",\"datePublished\":\"2025-07-25T10:06:11+00:00\",\"dateModified\":\"2025-07-31T07:50:05+00:00\",\"breadcrumb\":{\"@id\":\"https:\\\/\\\/purassima.com\\\/de\\\/product\\\/hermes-ultrafiltration-2\\\/#breadcrumb\"},\"inLanguage\":\"de\",\"potentialAction\":[{\"@type\":\"ReadAction\",\"target\":[\"https:\\\/\\\/purassima.com\\\/de\\\/product\\\/hermes-ultrafiltration-2\\\/\"]}]},{\"@type\":\"ImageObject\",\"inLanguage\":\"de\",\"@id\":\"https:\\\/\\\/purassima.com\\\/de\\\/product\\\/hermes-ultrafiltration-2\\\/#primaryimage\",\"url\":\"https:\\\/\\\/purassima.com\\\/wp-content\\\/uploads\\\/2025\\\/07\\\/Hermes_photo1_4bd8cf3a-9ad7-4f2f-9c08-35f5669199b6-1.webp\",\"contentUrl\":\"https:\\\/\\\/purassima.com\\\/wp-content\\\/uploads\\\/2025\\\/07\\\/Hermes_photo1_4bd8cf3a-9ad7-4f2f-9c08-35f5669199b6-1.webp\",\"width\":1200,\"height\":1200},{\"@type\":\"BreadcrumbList\",\"@id\":\"https:\\\/\\\/purassima.com\\\/de\\\/product\\\/hermes-ultrafiltration-2\\\/#breadcrumb\",\"itemListElement\":[{\"@type\":\"ListItem\",\"position\":1,\"name\":\"Home\",\"item\":\"https:\\\/\\\/purassima.com\\\/de\\\/heim\\\/\"},{\"@type\":\"ListItem\",\"position\":2,\"name\":\"Collections\",\"item\":\"https:\\\/\\\/purassima.com\\\/collections\\\/\"},{\"@type\":\"ListItem\",\"position\":3,\"name\":\"Hermes &#8211; Ultrafiltration\"}]},{\"@type\":\"WebSite\",\"@id\":\"https:\\\/\\\/purassima.com\\\/de\\\/#website\",\"url\":\"https:\\\/\\\/purassima.com\\\/de\\\/\",\"name\":\"purassima\",\"description\":\"\",\"potentialAction\":[{\"@type\":\"SearchAction\",\"target\":{\"@type\":\"EntryPoint\",\"urlTemplate\":\"https:\\\/\\\/purassima.com\\\/de\\\/?s={search_term_string}\"},\"query-input\":{\"@type\":\"PropertyValueSpecification\",\"valueRequired\":true,\"valueName\":\"search_term_string\"}}],\"inLanguage\":\"de\"}]}<\/script>\n<!-- \/ Yoast SEO plugin. -->","yoast_head_json":{"title":"Hermes - Ultrafiltration - Purassima","robots":{"index":"index","follow":"follow","max-snippet":"max-snippet:-1","max-image-preview":"max-image-preview:large","max-video-preview":"max-video-preview:-1"},"canonical":"https:\/\/purassima.com\/de\/product\/hermes-ultrafiltration-2\/","og_locale":"de_DE","og_type":"article","og_title":"Hermes - Ultrafiltration - Purassima","og_description":"VORTEILE   t\u00e4gliches reines Wasser  Verbesserung der Gesundheit  k\u00f6stlicher Kaffee, Tee, Limonade, Smoothies usw.  Wirtschaftlich im Gebrauch (Einsparungen: 400 \u20ac pro Person und Jahr)   Kein Herumtragen von Mineralwasser mehr  umweltfreundliche und nachhaltige L\u00f6sung  EINSPARUNGEN: 438 \u20ac pro Person und Jahr! Die Verwendung eines Wasserfilters bietet viele gesundheitliche Vorteile, aber es gibt auch erhebliche Einsparungen bei der Umweltverschmutzung (Erd\u00f6l, Kunststoffe und Transport), ganz zu schweigen von dem Transport von Hunderten von Gallonen Wasser pro Jahr! Aber das ist noch nicht alles, zus\u00e4tzlich gibt es auch finanzielle Einsparungen. Im Durchschnitt kostet 1 Liter Leitungswasser 0,05 \u20ac, Mineralwasser kostet 0,60 \u20ac pro Liter. Angenommen, jeder trinkt 2 Liter pro Tag: Wasserfilter: 0,05 \u20ac x 2 Liter x 365 (Tage) = 36,50 \u20ac pro Person und Jahr. Mineralwasser: 0,60 \u20ac x 2 Liter x 365 (Tage) = 438,00 \u20ac pro Person und Jahr.","og_url":"https:\/\/purassima.com\/de\/product\/hermes-ultrafiltration-2\/","og_site_name":"Purassima","article_modified_time":"2025-07-31T07:50:05+00:00","og_image":[{"width":1200,"height":1200,"url":"https:\/\/purassima.com\/wp-content\/uploads\/2025\/07\/Hermes_photo1_4bd8cf3a-9ad7-4f2f-9c08-35f5669199b6-1.webp","type":"image\/webp"}],"twitter_card":"summary_large_image","twitter_misc":{"Gesch\u00e4tzte Lesezeit":"2\u00a0Minuten"},"schema":{"@context":"https:\/\/schema.org","@graph":[{"@type":"WebPage","@id":"https:\/\/purassima.com\/de\/product\/hermes-ultrafiltration-2\/","url":"https:\/\/purassima.com\/de\/product\/hermes-ultrafiltration-2\/","name":"Hermes - Ultrafiltration - Purassima","isPartOf":{"@id":"https:\/\/purassima.com\/de\/#website"},"primaryImageOfPage":{"@id":"https:\/\/purassima.com\/de\/product\/hermes-ultrafiltration-2\/#primaryimage"},"image":{"@id":"https:\/\/purassima.com\/de\/product\/hermes-ultrafiltration-2\/#primaryimage"},"thumbnailUrl":"https:\/\/purassima.com\/wp-content\/uploads\/2025\/07\/Hermes_photo1_4bd8cf3a-9ad7-4f2f-9c08-35f5669199b6-1.webp","datePublished":"2025-07-25T10:06:11+00:00","dateModified":"2025-07-31T07:50:05+00:00","breadcrumb":{"@id":"https:\/\/purassima.com\/de\/product\/hermes-ultrafiltration-2\/#breadcrumb"},"inLanguage":"de","potentialAction":[{"@type":"ReadAction","target":["https:\/\/purassima.com\/de\/product\/hermes-ultrafiltration-2\/"]}]},{"@type":"ImageObject","inLanguage":"de","@id":"https:\/\/purassima.com\/de\/product\/hermes-ultrafiltration-2\/#primaryimage","url":"https:\/\/purassima.com\/wp-content\/uploads\/2025\/07\/Hermes_photo1_4bd8cf3a-9ad7-4f2f-9c08-35f5669199b6-1.webp","contentUrl":"https:\/\/purassima.com\/wp-content\/uploads\/2025\/07\/Hermes_photo1_4bd8cf3a-9ad7-4f2f-9c08-35f5669199b6-1.webp","width":1200,"height":1200},{"@type":"BreadcrumbList","@id":"https:\/\/purassima.com\/de\/product\/hermes-ultrafiltration-2\/#breadcrumb","itemListElement":[{"@type":"ListItem","position":1,"name":"Home","item":"https:\/\/purassima.com\/de\/heim\/"},{"@type":"ListItem","position":2,"name":"Collections","item":"https:\/\/purassima.com\/collections\/"},{"@type":"ListItem","position":3,"name":"Hermes &#8211; Ultrafiltration"}]},{"@type":"WebSite","@id":"https:\/\/purassima.com\/de\/#website","url":"https:\/\/purassima.com\/de\/","name":"purassima","description":"","potentialAction":[{"@type":"SearchAction","target":{"@type":"EntryPoint","urlTemplate":"https:\/\/purassima.com\/de\/?s={search_term_string}"},"query-input":{"@type":"PropertyValueSpecification","valueRequired":true,"valueName":"search_term_string"}}],"inLanguage":"de"}]}},"_links":{"self":[{"href":"https:\/\/purassima.com\/de\/wp-json\/wp\/v2\/product\/2699","targetHints":{"allow":["GET"]}}],"collection":[{"href":"https:\/\/purassima.com\/de\/wp-json\/wp\/v2\/product"}],"about":[{"href":"https:\/\/purassima.com\/de\/wp-json\/wp\/v2\/types\/product"}],"replies":[{"embeddable":true,"href":"https:\/\/purassima.com\/de\/wp-json\/wp\/v2\/comments?post=2699"}],"version-history":[{"count":7,"href":"https:\/\/purassima.com\/de\/wp-json\/wp\/v2\/product\/2699\/revisions"}],"predecessor-version":[{"id":3079,"href":"https:\/\/purassima.com\/de\/wp-json\/wp\/v2\/product\/2699\/revisions\/3079"}],"wp:featuredmedia":[{"embeddable":true,"href":"https:\/\/purassima.com\/de\/wp-json\/wp\/v2\/media\/2017"}],"wp:attachment":[{"href":"https:\/\/purassima.com\/de\/wp-json\/wp\/v2\/media?parent=2699"}],"wp:term":[{"taxonomy":"product_brand","embeddable":true,"href":"https:\/\/purassima.com\/de\/wp-json\/wp\/v2\/product_brand?post=2699"},{"taxonomy":"product_cat","embeddable":true,"href":"https:\/\/purassima.com\/de\/wp-json\/wp\/v2\/product_cat?post=2699"},{"taxonomy":"product_tag","embeddable":true,"href":"https:\/\/purassima.com\/de\/wp-json\/wp\/v2\/product_tag?post=2699"}],"curies":[{"name":"wp","href":"https:\/\/api.w.org\/{rel}","templated":true}]}}