{"id":2702,"date":"2025-07-25T10:09:23","date_gmt":"2025-07-25T10:09:23","guid":{"rendered":"https:\/\/purassima.com\/product\/atlantis-ultrafiltration-2\/"},"modified":"2025-07-31T07:49:55","modified_gmt":"2025-07-31T07:49:55","slug":"atlantis-ultrafiltration-2","status":"publish","type":"product","link":"https:\/\/purassima.com\/de\/product\/atlantis-ultrafiltration-2\/","title":{"rendered":"Atlantis \u2013 Ultrafiltration"},"content":{"rendered":"\t\t<div data-elementor-type=\"product-post\" data-elementor-id=\"2702\" class=\"elementor elementor-2702 elementor-657\" data-elementor-post-type=\"product\">\n\t\t\t\t<div class=\"elementor-element elementor-element-5ce74462 e-flex e-con-boxed e-con e-parent\" data-id=\"5ce74462\" data-element_type=\"container\" data-e-type=\"container\">\n\t\t\t\t\t<div class=\"e-con-inner\">\n\t\t\t\t<div class=\"elementor-element elementor-element-78adafb1 elementor-widget elementor-widget-text-editor\" data-id=\"78adafb1\" data-element_type=\"widget\" data-e-type=\"widget\" data-widget_type=\"text-editor.default\">\n\t\t\t\t\t\t\t\t\tMarke: PurassimaModell: AtlantisProdukt: WasserfiltersystemMethode: Ultrafiltration (UF)Filter: 3 Filter &#8211; 4 FiltrationsschritteStrom: nicht ben\u00f6tigtInstallation: einfach\r\n\r\nANWENDUNG:- Haushalte: K\u00fcchensp\u00fcle- Gesch\u00e4fte \/ B\u00fcros: K\u00fcchensp\u00fcle- Mobil: Wohnwagen, Camper oder Boot\r\n\r\nDas Purassima Atlantis ist ein Wasserfiltrationssystem, das auf Ultrafiltration (UF) basiert. Ultrafiltration unterscheidet sich in Bezug auf den Filtrationsprozess nicht wesentlich von der Umkehrosmose (RO). Der Unterschied liegt in der Gr\u00f6\u00dfe der Membranporen. Bei UF betr\u00e4gt sie 0,01 Mikrometer und bei Umkehrosmose (RO) 0,0001 Mikrometer.   \r\n\r\nDies erm\u00f6glicht es der Umkehrosmose, 95-99 % der Verunreinigungen herauszufiltern, was jedoch nicht immer notwendig ist. Die Ultrafiltration entfernt 70-80 %, l\u00e4sst jedoch die Mineralien im Wasser. Die Ultrafiltration ist kosteng\u00fcnstiger in der Anschaffung, einfacher zu installieren und einfacher sowie g\u00fcnstiger in der Wartung als Umkehrosmosesysteme. Die Membran h\u00e4lt im Durchschnitt 5 mal l\u00e4nger als eine Osmosemembran. Der Atlantis hat 3 Filter f\u00fcr 4 Filtrationen. Diese Filter sind sehr einfach auszutauschen.     \r\n\r\nDie Atlantis-Filter (unter anderem): Chlor, Fluorid, Bakterien, Viren, Parasiten, Mikroplastik, GenX, PFAS, Pestizide und Schwermetalle.\r\n\r\nSPEZIFIKATIONENFiltrationskapazit\u00e4t: 1,5 Liter pro MinuteDirektfluss (kein Tank erforderlich)Wasserdruck: 0,1 MPa &#8211; 0,4 MPaFilter: 3 Filter f\u00fcr 4 FiltrationsstufenAbmessungen: 264(h)x99(b)x285(t)mm \/ Gewicht: 3,2 kg.Keine Elektrizit\u00e4t erforderlich\r\n\r\nENTDECKEN SIE DEN UNTERSCHIED: HERMES GEGEN ATLANTIS Der Unterschied zwischen dem Hermes und dem Atlantis liegt haupts\u00e4chlich in der Gr\u00f6\u00dfe, und die Filtrationskapazit\u00e4t des Atlantis ist h\u00f6her. Das Atlantis ist etwa 25 % kleiner als der Hermes, was ein wichtiges Argument f\u00fcr diejenigen sein kann, die dieses System in einem Wohnmobil, Wohnwagen oder Boot verwenden m\u00f6chten. Beide Systeme arbeiten mit niedrigem Wasserdruck, es ist keine zus\u00e4tzliche Pumpe erforderlich.  \r\n\r\nINSTALLATION &amp; MONTAGEDieses Ultrafiltrations-Wasserfiltersystem erfordert eine Installation in Ihrer K\u00fcche, Ihrem Wohnwagen, Camper oder Boot. Im Lieferumfang des Systems sind alle Teile enthalten, die Sie ben\u00f6tigen, wie Wasserhahn, Drucksto\u00dfd\u00e4mpfer und Armaturen. Es ist viel einfacher zu installieren als ein Umkehrosmose-System, aber etwas Wissen und Geschick sind erforderlich.  \t\t\t\t\t\t\t\t<\/div>\n\t\t\t\t\t<\/div>\n\t\t\t\t<\/div>\n\t\t<div class=\"elementor-element elementor-element-baf78ed e-flex e-con-boxed e-con e-parent\" data-id=\"baf78ed\" data-element_type=\"container\" data-e-type=\"container\">\n\t\t\t\t\t<div class=\"e-con-inner\">\n\t\t\t\t<div class=\"elementor-element elementor-element-b91f08c elementor-widget elementor-widget-heading\" data-id=\"b91f08c\" data-element_type=\"widget\" data-e-type=\"widget\" data-widget_type=\"heading.default\">\n\t\t\t\t\t<h2 class=\"elementor-heading-title elementor-size-default\">PDF herunterladen\n\n<\/h2>\t\t\t\t<\/div>\n\t\t<div data-ha-element-link=\"{&quot;url&quot;:&quot;https:\\\/\\\/purassima.com\\\/wp-content\\\/uploads\\\/2025\\\/07\\\/Purassima_brochure_EN-17.pdf&quot;,&quot;is_external&quot;:&quot;on&quot;,&quot;nofollow&quot;:&quot;&quot;}\" style=\"cursor: pointer\" class=\"elementor-element elementor-element-122d042 e-con-full e-flex e-con e-child\" data-id=\"122d042\" data-element_type=\"container\" data-e-type=\"container\" data-settings=\"{&quot;background_background&quot;:&quot;classic&quot;}\">\n\t\t<div class=\"elementor-element elementor-element-d2101ef e-con-full e-flex e-con e-child\" data-id=\"d2101ef\" data-element_type=\"container\" data-e-type=\"container\">\n\t\t\t\t<div class=\"elementor-element elementor-element-1f0f83b elementor-widget elementor-widget-image\" data-id=\"1f0f83b\" data-element_type=\"widget\" data-e-type=\"widget\" data-widget_type=\"image.default\">\n\t\t\t\t\t\t\t\t\t\t\t\t\t\t\t<img fetchpriority=\"high\" decoding=\"async\" width=\"800\" height=\"893\" src=\"https:\/\/purassima.com\/wp-content\/uploads\/2025\/07\/PDF_icon.webp\" class=\"attachment-large size-large wp-image-2766\" alt=\"\" srcset=\"https:\/\/purassima.com\/wp-content\/uploads\/2025\/07\/PDF_icon.webp 820w, https:\/\/purassima.com\/wp-content\/uploads\/2025\/07\/PDF_icon-269x300.webp 269w, https:\/\/purassima.com\/wp-content\/uploads\/2025\/07\/PDF_icon-768x857.webp 768w, https:\/\/purassima.com\/wp-content\/uploads\/2025\/07\/PDF_icon-600x670.webp 600w\" sizes=\"(max-width: 800px) 100vw, 800px\" \/>\t\t\t\t\t\t\t\t\t\t\t\t\t\t\t<\/div>\n\t\t\t\t<\/div>\n\t\t<div class=\"elementor-element elementor-element-f00d447 e-con-full e-flex e-con e-child\" data-id=\"f00d447\" data-element_type=\"container\" data-e-type=\"container\">\n\t\t\t\t<div class=\"elementor-element elementor-element-ca85804 elementor-widget elementor-widget-heading\" data-id=\"ca85804\" data-element_type=\"widget\" data-e-type=\"widget\" data-widget_type=\"heading.default\">\n\t\t\t\t\t<h2 class=\"elementor-heading-title elementor-size-default\">Purassima-Brosch\u00fcrensysteme\n\n<\/h2>\t\t\t\t<\/div>\n\t\t\t\t<div class=\"elementor-element elementor-element-a707373 elementor-widget elementor-widget-text-editor\" data-id=\"a707373\" data-element_type=\"widget\" data-e-type=\"widget\" data-widget_type=\"text-editor.default\">\n\t\t\t\t\t\t\t\t\t(550.61 KB)\n\n\t\t\t\t\t\t\t\t<\/div>\n\t\t\t\t<\/div>\n\t\t\t\t<\/div>\n\t\t\t\t\t<\/div>\n\t\t\t\t<\/div>\n\t\t\t\t<\/div>\n\t\t","protected":false},"excerpt":{"rendered":"<p><strong>VORTEILE<\/strong><\/p>\n<ul>\n<li>t\u00e4gliches Trinkwasser<\/li>\n<li>Verbesserung der Gesundheit<\/li>\n<li>leckeren Kaffee, Tee, Limonade, Smoothies usw.<\/li>\n<li>Economical in use (Savings: 400 \u20ac per person per year)<\/li>\n<li> Kein Herumtragen von Mineralwasser mehr<\/li>\n<li>umweltfreundliche und nachhaltige L\u00f6sung<\/li>\n<li><strong>EINSPARUNGEN: 438 \u20ac pro Person und Jahr!<br \/>\n<\/strong>Die Verwendung eines Wasserfilters bietet viele gesundheitliche Vorteile, aber es gibt auch erhebliche Einsparungen bei der Umweltverschmutzung (Erd\u00f6l, Kunststoffe und Transport), ganz zu schweigen von dem Transport von Hunderten von Gallonen Wasser pro Jahr! Aber das ist noch nicht alles, zus\u00e4tzlich gibt es auch finanzielle Einsparungen. Im Durchschnitt kostet 1 Liter Leitungswasser 0,05 \u20ac, Mineralwasser kostet 0,60 \u20ac pro Liter. Angenommen, jeder trinkt 2 Liter pro Tag: Wasserfilter: 0,05 \u20ac x 2 Liter x 365 (Tage) = 36,50 \u20ac pro Person und Jahr. Mineralwasser: 0,60 \u20ac x 2 Liter x 365 (Tage) = 438,00 \u20ac pro Person und Jahr. <\/li>\n<\/ul>\n","protected":false},"featured_media":2037,"comment_status":"open","ping_status":"closed","template":"","meta":{"_acf_changed":false},"product_brand":[],"product_cat":[103],"product_tag":[],"class_list":{"0":"post-2702","1":"product","2":"type-product","3":"status-publish","4":"has-post-thumbnail","6":"product_cat-wasserfiltersysteme","8":"first","9":"instock","10":"shipping-taxable","11":"purchasable","12":"product-type-simple"},"acf":[],"yoast_head":"<!-- This site is optimized with the Yoast SEO plugin v27.4 - https:\/\/yoast.com\/product\/yoast-seo-wordpress\/ -->\n<title>Atlantis \u2013 Ultrafiltration - Purassima<\/title>\n<meta name=\"robots\" content=\"index, follow, max-snippet:-1, max-image-preview:large, max-video-preview:-1\" \/>\n<link rel=\"canonical\" href=\"https:\/\/purassima.com\/de\/product\/atlantis-ultrafiltration-2\/\" \/>\n<meta property=\"og:locale\" content=\"de_DE\" \/>\n<meta property=\"og:type\" content=\"article\" \/>\n<meta property=\"og:title\" content=\"Atlantis \u2013 Ultrafiltration - Purassima\" \/>\n<meta property=\"og:description\" content=\"VORTEILE   t\u00e4gliches Trinkwasser  Verbesserung der Gesundheit  leckeren Kaffee, Tee, Limonade, Smoothies usw.  Economical in use (Savings: 400 \u20ac per person per year)   Kein Herumtragen von Mineralwasser mehr  umweltfreundliche und nachhaltige L\u00f6sung  EINSPARUNGEN: 438 \u20ac pro Person und Jahr! Die Verwendung eines Wasserfilters bietet viele gesundheitliche Vorteile, aber es gibt auch erhebliche Einsparungen bei der Umweltverschmutzung (Erd\u00f6l, Kunststoffe und Transport), ganz zu schweigen von dem Transport von Hunderten von Gallonen Wasser pro Jahr! Aber das ist noch nicht alles, zus\u00e4tzlich gibt es auch finanzielle Einsparungen. Im Durchschnitt kostet 1 Liter Leitungswasser 0,05 \u20ac, Mineralwasser kostet 0,60 \u20ac pro Liter. Angenommen, jeder trinkt 2 Liter pro Tag: Wasserfilter: 0,05 \u20ac x 2 Liter x 365 (Tage) = 36,50 \u20ac pro Person und Jahr. Mineralwasser: 0,60 \u20ac x 2 Liter x 365 (Tage) = 438,00 \u20ac pro Person und Jahr.\" \/>\n<meta property=\"og:url\" content=\"https:\/\/purassima.com\/de\/product\/atlantis-ultrafiltration-2\/\" \/>\n<meta property=\"og:site_name\" content=\"Purassima\" \/>\n<meta property=\"article:modified_time\" content=\"2025-07-31T07:49:55+00:00\" \/>\n<meta property=\"og:image\" content=\"https:\/\/purassima.com\/wp-content\/uploads\/2025\/07\/Atlantis_photo1-1.webp\" \/>\n\t<meta property=\"og:image:width\" content=\"1000\" \/>\n\t<meta property=\"og:image:height\" content=\"1000\" \/>\n\t<meta property=\"og:image:type\" content=\"image\/webp\" \/>\n<meta name=\"twitter:card\" content=\"summary_large_image\" \/>\n<meta name=\"twitter:label1\" content=\"Gesch\u00e4tzte Lesezeit\" \/>\n\t<meta name=\"twitter:data1\" content=\"2\u00a0Minuten\" \/>\n<script type=\"application\/ld+json\" class=\"yoast-schema-graph\">{\"@context\":\"https:\\\/\\\/schema.org\",\"@graph\":[{\"@type\":\"WebPage\",\"@id\":\"https:\\\/\\\/purassima.com\\\/de\\\/product\\\/atlantis-ultrafiltration-2\\\/\",\"url\":\"https:\\\/\\\/purassima.com\\\/de\\\/product\\\/atlantis-ultrafiltration-2\\\/\",\"name\":\"Atlantis \u2013 Ultrafiltration - Purassima\",\"isPartOf\":{\"@id\":\"https:\\\/\\\/purassima.com\\\/de\\\/#website\"},\"primaryImageOfPage\":{\"@id\":\"https:\\\/\\\/purassima.com\\\/de\\\/product\\\/atlantis-ultrafiltration-2\\\/#primaryimage\"},\"image\":{\"@id\":\"https:\\\/\\\/purassima.com\\\/de\\\/product\\\/atlantis-ultrafiltration-2\\\/#primaryimage\"},\"thumbnailUrl\":\"https:\\\/\\\/purassima.com\\\/wp-content\\\/uploads\\\/2025\\\/07\\\/Atlantis_photo1-1.webp\",\"datePublished\":\"2025-07-25T10:09:23+00:00\",\"dateModified\":\"2025-07-31T07:49:55+00:00\",\"breadcrumb\":{\"@id\":\"https:\\\/\\\/purassima.com\\\/de\\\/product\\\/atlantis-ultrafiltration-2\\\/#breadcrumb\"},\"inLanguage\":\"de\",\"potentialAction\":[{\"@type\":\"ReadAction\",\"target\":[\"https:\\\/\\\/purassima.com\\\/de\\\/product\\\/atlantis-ultrafiltration-2\\\/\"]}]},{\"@type\":\"ImageObject\",\"inLanguage\":\"de\",\"@id\":\"https:\\\/\\\/purassima.com\\\/de\\\/product\\\/atlantis-ultrafiltration-2\\\/#primaryimage\",\"url\":\"https:\\\/\\\/purassima.com\\\/wp-content\\\/uploads\\\/2025\\\/07\\\/Atlantis_photo1-1.webp\",\"contentUrl\":\"https:\\\/\\\/purassima.com\\\/wp-content\\\/uploads\\\/2025\\\/07\\\/Atlantis_photo1-1.webp\",\"width\":1000,\"height\":1000},{\"@type\":\"BreadcrumbList\",\"@id\":\"https:\\\/\\\/purassima.com\\\/de\\\/product\\\/atlantis-ultrafiltration-2\\\/#breadcrumb\",\"itemListElement\":[{\"@type\":\"ListItem\",\"position\":1,\"name\":\"Home\",\"item\":\"https:\\\/\\\/purassima.com\\\/de\\\/heim\\\/\"},{\"@type\":\"ListItem\",\"position\":2,\"name\":\"Collections\",\"item\":\"https:\\\/\\\/purassima.com\\\/collections\\\/\"},{\"@type\":\"ListItem\",\"position\":3,\"name\":\"Atlantis \u2013 Ultrafiltration\"}]},{\"@type\":\"WebSite\",\"@id\":\"https:\\\/\\\/purassima.com\\\/de\\\/#website\",\"url\":\"https:\\\/\\\/purassima.com\\\/de\\\/\",\"name\":\"purassima\",\"description\":\"\",\"potentialAction\":[{\"@type\":\"SearchAction\",\"target\":{\"@type\":\"EntryPoint\",\"urlTemplate\":\"https:\\\/\\\/purassima.com\\\/de\\\/?s={search_term_string}\"},\"query-input\":{\"@type\":\"PropertyValueSpecification\",\"valueRequired\":true,\"valueName\":\"search_term_string\"}}],\"inLanguage\":\"de\"}]}<\/script>\n<!-- \/ Yoast SEO plugin. -->","yoast_head_json":{"title":"Atlantis \u2013 Ultrafiltration - Purassima","robots":{"index":"index","follow":"follow","max-snippet":"max-snippet:-1","max-image-preview":"max-image-preview:large","max-video-preview":"max-video-preview:-1"},"canonical":"https:\/\/purassima.com\/de\/product\/atlantis-ultrafiltration-2\/","og_locale":"de_DE","og_type":"article","og_title":"Atlantis \u2013 Ultrafiltration - Purassima","og_description":"VORTEILE   t\u00e4gliches Trinkwasser  Verbesserung der Gesundheit  leckeren Kaffee, Tee, Limonade, Smoothies usw.  Economical in use (Savings: 400 \u20ac per person per year)   Kein Herumtragen von Mineralwasser mehr  umweltfreundliche und nachhaltige L\u00f6sung  EINSPARUNGEN: 438 \u20ac pro Person und Jahr! Die Verwendung eines Wasserfilters bietet viele gesundheitliche Vorteile, aber es gibt auch erhebliche Einsparungen bei der Umweltverschmutzung (Erd\u00f6l, Kunststoffe und Transport), ganz zu schweigen von dem Transport von Hunderten von Gallonen Wasser pro Jahr! Aber das ist noch nicht alles, zus\u00e4tzlich gibt es auch finanzielle Einsparungen. Im Durchschnitt kostet 1 Liter Leitungswasser 0,05 \u20ac, Mineralwasser kostet 0,60 \u20ac pro Liter. Angenommen, jeder trinkt 2 Liter pro Tag: Wasserfilter: 0,05 \u20ac x 2 Liter x 365 (Tage) = 36,50 \u20ac pro Person und Jahr. Mineralwasser: 0,60 \u20ac x 2 Liter x 365 (Tage) = 438,00 \u20ac pro Person und Jahr.","og_url":"https:\/\/purassima.com\/de\/product\/atlantis-ultrafiltration-2\/","og_site_name":"Purassima","article_modified_time":"2025-07-31T07:49:55+00:00","og_image":[{"width":1000,"height":1000,"url":"https:\/\/purassima.com\/wp-content\/uploads\/2025\/07\/Atlantis_photo1-1.webp","type":"image\/webp"}],"twitter_card":"summary_large_image","twitter_misc":{"Gesch\u00e4tzte Lesezeit":"2\u00a0Minuten"},"schema":{"@context":"https:\/\/schema.org","@graph":[{"@type":"WebPage","@id":"https:\/\/purassima.com\/de\/product\/atlantis-ultrafiltration-2\/","url":"https:\/\/purassima.com\/de\/product\/atlantis-ultrafiltration-2\/","name":"Atlantis \u2013 Ultrafiltration - Purassima","isPartOf":{"@id":"https:\/\/purassima.com\/de\/#website"},"primaryImageOfPage":{"@id":"https:\/\/purassima.com\/de\/product\/atlantis-ultrafiltration-2\/#primaryimage"},"image":{"@id":"https:\/\/purassima.com\/de\/product\/atlantis-ultrafiltration-2\/#primaryimage"},"thumbnailUrl":"https:\/\/purassima.com\/wp-content\/uploads\/2025\/07\/Atlantis_photo1-1.webp","datePublished":"2025-07-25T10:09:23+00:00","dateModified":"2025-07-31T07:49:55+00:00","breadcrumb":{"@id":"https:\/\/purassima.com\/de\/product\/atlantis-ultrafiltration-2\/#breadcrumb"},"inLanguage":"de","potentialAction":[{"@type":"ReadAction","target":["https:\/\/purassima.com\/de\/product\/atlantis-ultrafiltration-2\/"]}]},{"@type":"ImageObject","inLanguage":"de","@id":"https:\/\/purassima.com\/de\/product\/atlantis-ultrafiltration-2\/#primaryimage","url":"https:\/\/purassima.com\/wp-content\/uploads\/2025\/07\/Atlantis_photo1-1.webp","contentUrl":"https:\/\/purassima.com\/wp-content\/uploads\/2025\/07\/Atlantis_photo1-1.webp","width":1000,"height":1000},{"@type":"BreadcrumbList","@id":"https:\/\/purassima.com\/de\/product\/atlantis-ultrafiltration-2\/#breadcrumb","itemListElement":[{"@type":"ListItem","position":1,"name":"Home","item":"https:\/\/purassima.com\/de\/heim\/"},{"@type":"ListItem","position":2,"name":"Collections","item":"https:\/\/purassima.com\/collections\/"},{"@type":"ListItem","position":3,"name":"Atlantis \u2013 Ultrafiltration"}]},{"@type":"WebSite","@id":"https:\/\/purassima.com\/de\/#website","url":"https:\/\/purassima.com\/de\/","name":"purassima","description":"","potentialAction":[{"@type":"SearchAction","target":{"@type":"EntryPoint","urlTemplate":"https:\/\/purassima.com\/de\/?s={search_term_string}"},"query-input":{"@type":"PropertyValueSpecification","valueRequired":true,"valueName":"search_term_string"}}],"inLanguage":"de"}]}},"_links":{"self":[{"href":"https:\/\/purassima.com\/de\/wp-json\/wp\/v2\/product\/2702","targetHints":{"allow":["GET"]}}],"collection":[{"href":"https:\/\/purassima.com\/de\/wp-json\/wp\/v2\/product"}],"about":[{"href":"https:\/\/purassima.com\/de\/wp-json\/wp\/v2\/types\/product"}],"replies":[{"embeddable":true,"href":"https:\/\/purassima.com\/de\/wp-json\/wp\/v2\/comments?post=2702"}],"version-history":[{"count":3,"href":"https:\/\/purassima.com\/de\/wp-json\/wp\/v2\/product\/2702\/revisions"}],"predecessor-version":[{"id":3078,"href":"https:\/\/purassima.com\/de\/wp-json\/wp\/v2\/product\/2702\/revisions\/3078"}],"wp:featuredmedia":[{"embeddable":true,"href":"https:\/\/purassima.com\/de\/wp-json\/wp\/v2\/media\/2037"}],"wp:attachment":[{"href":"https:\/\/purassima.com\/de\/wp-json\/wp\/v2\/media?parent=2702"}],"wp:term":[{"taxonomy":"product_brand","embeddable":true,"href":"https:\/\/purassima.com\/de\/wp-json\/wp\/v2\/product_brand?post=2702"},{"taxonomy":"product_cat","embeddable":true,"href":"https:\/\/purassima.com\/de\/wp-json\/wp\/v2\/product_cat?post=2702"},{"taxonomy":"product_tag","embeddable":true,"href":"https:\/\/purassima.com\/de\/wp-json\/wp\/v2\/product_tag?post=2702"}],"curies":[{"name":"wp","href":"https:\/\/api.w.org\/{rel}","templated":true}]}}