{"id":2510,"date":"2025-07-26T10:58:21","date_gmt":"2025-07-26T10:58:21","guid":{"rendered":"https:\/\/purassima.com\/distribuidores-exclusivos\/"},"modified":"2025-07-30T05:15:13","modified_gmt":"2025-07-30T05:15:13","slug":"distribuidores-exclusivos","status":"publish","type":"page","link":"https:\/\/purassima.com\/es\/distribuidores-exclusivos\/","title":{"rendered":"Distribuidores exclusivos"},"content":{"rendered":"\t\t<div data-elementor-type=\"wp-page\" data-elementor-id=\"2510\" class=\"elementor elementor-2510 elementor-1053\" data-elementor-post-type=\"page\">\n\t\t\t\t<div class=\"elementor-element elementor-element-0e594ae e-con-full e-flex e-con e-parent\" data-id=\"0e594ae\" data-element_type=\"container\" data-e-type=\"container\">\n\t\t\t\t<div class=\"elementor-element elementor-element-baf2743 elementor-widget elementor-widget-image\" data-id=\"baf2743\" data-element_type=\"widget\" data-e-type=\"widget\" data-widget_type=\"image.default\">\n\t\t\t\t\t\t\t\t\t\t\t\t\t\t\t<img fetchpriority=\"high\" decoding=\"async\" width=\"2000\" height=\"736\" src=\"https:\/\/purassima.com\/wp-content\/uploads\/2025\/07\/headless_header.webp\" class=\"attachment-full size-full wp-image-2219\" alt=\"\" srcset=\"https:\/\/purassima.com\/wp-content\/uploads\/2025\/07\/headless_header.webp 2000w, https:\/\/purassima.com\/wp-content\/uploads\/2025\/07\/headless_header-300x110.webp 300w, https:\/\/purassima.com\/wp-content\/uploads\/2025\/07\/headless_header-1024x377.webp 1024w, https:\/\/purassima.com\/wp-content\/uploads\/2025\/07\/headless_header-768x283.webp 768w, https:\/\/purassima.com\/wp-content\/uploads\/2025\/07\/headless_header-1536x565.webp 1536w, https:\/\/purassima.com\/wp-content\/uploads\/2025\/07\/headless_header-600x221.webp 600w\" sizes=\"(max-width: 2000px) 100vw, 2000px\" \/>\t\t\t\t\t\t\t\t\t\t\t\t\t\t\t<\/div>\n\t\t\t\t<div class=\"elementor-element elementor-element-bf7410a elementor-widget elementor-widget-heading\" data-id=\"bf7410a\" data-element_type=\"widget\" data-e-type=\"widget\" data-widget_type=\"heading.default\">\n\t\t\t\t\t<h2 class=\"elementor-heading-title elementor-size-default\">Distribuidores exclusivos<\/h2>\t\t\t\t<\/div>\n\t\t\t\t<div class=\"elementor-element elementor-element-29cbbd6 elementor-widget__width-initial elementor-widget elementor-widget-text-editor\" data-id=\"29cbbd6\" data-element_type=\"widget\" data-e-type=\"widget\" data-widget_type=\"text-editor.default\">\n\t\t\t\t\t\t\t\t\t<p>Trabajamos con un distribuidor exclusivo por pa\u00eds. Buscamos emprendedores en la UE (espacio Schengen) para crear una red de distribuidores independientes. Si le apasiona ampliar su negocio o iniciar un nuevo negocio utilizando nuestros productos de alta calidad, \u00a1p\u00f3ngase en contacto con nosotros!  <\/p>\t\t\t\t\t\t\t\t<\/div>\n\t\t\t\t<\/div>\n\t\t<div class=\"elementor-element elementor-element-a43d05a e-con-full e-flex e-con e-parent\" data-id=\"a43d05a\" data-element_type=\"container\" data-e-type=\"container\">\n\t\t<div class=\"elementor-element elementor-element-9798594 e-flex e-con-boxed e-con e-child\" data-id=\"9798594\" data-element_type=\"container\" data-e-type=\"container\">\n\t\t\t\t\t<div class=\"e-con-inner\">\n\t\t\t\t<div class=\"elementor-element elementor-element-6510b6e elementor-widget elementor-widget-image\" data-id=\"6510b6e\" data-element_type=\"widget\" data-e-type=\"widget\" data-widget_type=\"image.default\">\n\t\t\t\t\t\t\t\t\t\t\t\t\t\t\t<img decoding=\"async\" width=\"600\" height=\"400\" src=\"https:\/\/purassima.com\/wp-content\/uploads\/2025\/07\/dropshipping.webp\" class=\"attachment-full size-full wp-image-2224\" alt=\"\" srcset=\"https:\/\/purassima.com\/wp-content\/uploads\/2025\/07\/dropshipping.webp 600w, https:\/\/purassima.com\/wp-content\/uploads\/2025\/07\/dropshipping-300x200.webp 300w\" sizes=\"(max-width: 600px) 100vw, 600px\" \/>\t\t\t\t\t\t\t\t\t\t\t\t\t\t\t<\/div>\n\t\t\t\t\t<\/div>\n\t\t\t\t<\/div>\n\t\t<div class=\"elementor-element elementor-element-90b18e8 e-con-full e-flex e-con e-child\" data-id=\"90b18e8\" data-element_type=\"container\" data-e-type=\"container\">\n\t\t\t\t<div class=\"elementor-element elementor-element-9a2912a elementor-widget elementor-widget-heading\" data-id=\"9a2912a\" data-element_type=\"widget\" data-e-type=\"widget\" data-widget_type=\"heading.default\">\n\t\t\t\t\t<h2 class=\"elementor-heading-title elementor-size-default\">Uniendo fuerzas<\/h2>\t\t\t\t<\/div>\n\t\t\t\t<div class=\"elementor-element elementor-element-2e54c12 elementor-widget elementor-widget-text-editor\" data-id=\"2e54c12\" data-element_type=\"widget\" data-e-type=\"widget\" data-widget_type=\"text-editor.default\">\n\t\t\t\t\t\t\t\t\t<p>Somos mayoristas y con nuestra marca Purassima queremos crear una red de distribuidores de otros (peque\u00f1os) empresarios en diferentes pa\u00edses europeos. Con el objetivo de unir fuerzas y poder trabajar juntos de forma intensiva. Al hacerlo, queremos obtener una posici\u00f3n s\u00f3lida en el mercado y crear una situaci\u00f3n en la que todos ganen.  <\/p>\t\t\t\t\t\t\t\t<\/div>\n\t\t\t\t<\/div>\n\t\t\t\t<\/div>\n\t\t<div class=\"elementor-element elementor-element-6fcc998 e-con-full e-flex e-con e-parent\" data-id=\"6fcc998\" data-element_type=\"container\" data-e-type=\"container\">\n\t\t<div class=\"elementor-element elementor-element-4de8c57 elementor-hidden-desktop elementor-hidden-tablet e-flex e-con-boxed e-con e-child\" data-id=\"4de8c57\" data-element_type=\"container\" data-e-type=\"container\">\n\t\t\t\t\t<div class=\"e-con-inner\">\n\t\t\t\t<div class=\"elementor-element elementor-element-cb201d0 elementor-widget elementor-widget-image\" data-id=\"cb201d0\" data-element_type=\"widget\" data-e-type=\"widget\" data-widget_type=\"image.default\">\n\t\t\t\t\t\t\t\t\t\t\t\t\t\t\t<img decoding=\"async\" width=\"600\" height=\"400\" src=\"https:\/\/purassima.com\/wp-content\/uploads\/2025\/07\/support.webp\" class=\"attachment-full size-full wp-image-2229\" alt=\"\" srcset=\"https:\/\/purassima.com\/wp-content\/uploads\/2025\/07\/support.webp 600w, https:\/\/purassima.com\/wp-content\/uploads\/2025\/07\/support-300x200.webp 300w\" sizes=\"(max-width: 600px) 100vw, 600px\" \/>\t\t\t\t\t\t\t\t\t\t\t\t\t\t\t<\/div>\n\t\t\t\t\t<\/div>\n\t\t\t\t<\/div>\n\t\t<div class=\"elementor-element elementor-element-ebda434 e-con-full e-flex e-con e-child\" data-id=\"ebda434\" data-element_type=\"container\" data-e-type=\"container\">\n\t\t\t\t<div class=\"elementor-element elementor-element-2bfb348 elementor-widget elementor-widget-heading\" data-id=\"2bfb348\" data-element_type=\"widget\" data-e-type=\"widget\" data-widget_type=\"heading.default\">\n\t\t\t\t\t<h2 class=\"elementor-heading-title elementor-size-default\">que ofrecemos<\/h2>\t\t\t\t<\/div>\n\t\t\t\t<div class=\"elementor-element elementor-element-6e54fb5 elementor-widget__width-initial elementor-widget elementor-widget-text-editor\" data-id=\"6e54fb5\" data-element_type=\"widget\" data-e-type=\"widget\" data-widget_type=\"text-editor.default\">\n\t\t\t\t\t\t\t\t\t<div class=\"image-with-text__text-container\"><div class=\"image-with-text__text-aligner\"><div class=\"rte\"><p>Ofrecemos una gama consistente y centrada en el consumidor de productos de alta calidad. Nuestros productos tienen precios competitivos y buenos m\u00e1rgenes de venta. <\/p><p>Tambi\u00e9n disponemos de servicio de dropshipping y env\u00edo desde nuestro almac\u00e9n en Espa\u00f1a. Tambi\u00e9n ofrecemos un amplio soporte de marketing con una gran cantidad de materiales en l\u00ednea y fuera de l\u00ednea. <\/p><\/div><\/div><\/div>\t\t\t\t\t\t\t\t<\/div>\n\t\t\t\t<\/div>\n\t\t<div class=\"elementor-element elementor-element-cfc0980 elementor-hidden-mobile e-flex e-con-boxed e-con e-child\" data-id=\"cfc0980\" data-element_type=\"container\" data-e-type=\"container\">\n\t\t\t\t\t<div class=\"e-con-inner\">\n\t\t\t\t<div class=\"elementor-element elementor-element-81d7aa4 elementor-widget elementor-widget-image\" data-id=\"81d7aa4\" data-element_type=\"widget\" data-e-type=\"widget\" data-widget_type=\"image.default\">\n\t\t\t\t\t\t\t\t\t\t\t\t\t\t\t<img decoding=\"async\" width=\"600\" height=\"400\" src=\"https:\/\/purassima.com\/wp-content\/uploads\/2025\/07\/support.webp\" class=\"attachment-full size-full wp-image-2229\" alt=\"\" srcset=\"https:\/\/purassima.com\/wp-content\/uploads\/2025\/07\/support.webp 600w, https:\/\/purassima.com\/wp-content\/uploads\/2025\/07\/support-300x200.webp 300w\" sizes=\"(max-width: 600px) 100vw, 600px\" \/>\t\t\t\t\t\t\t\t\t\t\t\t\t\t\t<\/div>\n\t\t\t\t\t<\/div>\n\t\t\t\t<\/div>\n\t\t\t\t<\/div>\n\t\t<div class=\"elementor-element elementor-element-d692792 e-con-full e-flex e-con e-parent\" data-id=\"d692792\" data-element_type=\"container\" data-e-type=\"container\">\n\t\t<div class=\"elementor-element elementor-element-a326625 e-flex e-con-boxed e-con e-child\" data-id=\"a326625\" data-element_type=\"container\" data-e-type=\"container\">\n\t\t\t\t\t<div class=\"e-con-inner\">\n\t\t\t\t<div class=\"elementor-element elementor-element-1a0e2cd elementor-widget elementor-widget-image\" data-id=\"1a0e2cd\" data-element_type=\"widget\" data-e-type=\"widget\" data-widget_type=\"image.default\">\n\t\t\t\t\t\t\t\t\t\t\t\t\t\t\t<img loading=\"lazy\" decoding=\"async\" width=\"600\" height=\"400\" src=\"https:\/\/purassima.com\/wp-content\/uploads\/2025\/07\/startup.webp\" class=\"attachment-full size-full wp-image-2234\" alt=\"\" srcset=\"https:\/\/purassima.com\/wp-content\/uploads\/2025\/07\/startup.webp 600w, https:\/\/purassima.com\/wp-content\/uploads\/2025\/07\/startup-300x200.webp 300w\" sizes=\"(max-width: 600px) 100vw, 600px\" \/>\t\t\t\t\t\t\t\t\t\t\t\t\t\t\t<\/div>\n\t\t\t\t\t<\/div>\n\t\t\t\t<\/div>\n\t\t<div class=\"elementor-element elementor-element-351d231 e-con-full e-flex e-con e-child\" data-id=\"351d231\" data-element_type=\"container\" data-e-type=\"container\">\n\t\t\t\t<div class=\"elementor-element elementor-element-6899508 elementor-widget elementor-widget-heading\" data-id=\"6899508\" data-element_type=\"widget\" data-e-type=\"widget\" data-widget_type=\"heading.default\">\n\t\t\t\t\t<h2 class=\"elementor-heading-title elementor-size-default\">\u00a1Ponte en contacto!<\/h2>\t\t\t\t<\/div>\n\t\t\t\t<div class=\"elementor-element elementor-element-fb129d4 elementor-widget elementor-widget-text-editor\" data-id=\"fb129d4\" data-element_type=\"widget\" data-e-type=\"widget\" data-widget_type=\"text-editor.default\">\n\t\t\t\t\t\t\t\t\t<p>Para convertirse en distribuidor exclusivo se necesita una mentalidad emprendedora y motivada. El \u00e9xito es una suma de diferentes habilidades, por lo que necesitas experiencia y habilidades en marketing (online) y\/o comercio electr\u00f3nico. <\/p><p>\u00bfQuieres saber m\u00e1s? Utilice el formulario web para contactarnos. <\/p>\t\t\t\t\t\t\t\t<\/div>\n\t\t\t\t<div class=\"elementor-element elementor-element-b35c1ef elementor-widget elementor-widget-button\" data-id=\"b35c1ef\" data-element_type=\"widget\" data-e-type=\"widget\" data-widget_type=\"button.default\">\n\t\t\t\t\t\t\t\t\t\t<a class=\"elementor-button elementor-button-link elementor-size-sm\" href=\"https:\/\/purassima.com\/get-connected\/\">\n\t\t\t\t\t\t<span class=\"elementor-button-content-wrapper\">\n\t\t\t\t\t\t\t\t\t<span class=\"elementor-button-text\">\u00a1Con\u00e9ctate!<\/span>\n\t\t\t\t\t<\/span>\n\t\t\t\t\t<\/a>\n\t\t\t\t\t\t\t\t<\/div>\n\t\t\t\t<\/div>\n\t\t\t\t<\/div>\n\t\t\t\t<\/div>\n\t\t","protected":false},"excerpt":{"rendered":"<p>Distribuidores exclusivos Trabajamos con un distribuidor exclusivo por pa\u00eds. Buscamos emprendedores en la UE (espacio Schengen) para crear una red de distribuidores independientes. Si le apasiona ampliar su negocio o iniciar un nuevo negocio utilizando nuestros productos de alta calidad, \u00a1p\u00f3ngase en contacto con nosotros! Uniendo fuerzas Somos mayoristas y con nuestra marca Purassima queremos [&hellip;]<\/p>\n","protected":false},"author":1,"featured_media":0,"parent":0,"menu_order":0,"comment_status":"closed","ping_status":"closed","template":"elementor_header_footer","meta":{"_acf_changed":false,"footnotes":""},"class_list":["post-2510","page","type-page","status-publish","hentry"],"acf":[],"yoast_head":"<!-- This site is optimized with the Yoast SEO plugin v27.4 - https:\/\/yoast.com\/product\/yoast-seo-wordpress\/ -->\n<title>Distribuidores exclusivos - Purassima<\/title>\n<meta name=\"robots\" content=\"index, follow, max-snippet:-1, max-image-preview:large, max-video-preview:-1\" \/>\n<link rel=\"canonical\" href=\"https:\/\/purassima.com\/es\/distribuidores-exclusivos\/\" \/>\n<meta property=\"og:locale\" content=\"es_ES\" \/>\n<meta property=\"og:type\" content=\"article\" \/>\n<meta property=\"og:title\" content=\"Distribuidores exclusivos - Purassima\" \/>\n<meta property=\"og:description\" content=\"Distribuidores exclusivos Trabajamos con un distribuidor exclusivo por pa\u00eds. Buscamos emprendedores en la UE (espacio Schengen) para crear una red de distribuidores independientes. Si le apasiona ampliar su negocio o iniciar un nuevo negocio utilizando nuestros productos de alta calidad, \u00a1p\u00f3ngase en contacto con nosotros! Uniendo fuerzas Somos mayoristas y con nuestra marca Purassima queremos [&hellip;]\" \/>\n<meta property=\"og:url\" content=\"https:\/\/purassima.com\/es\/distribuidores-exclusivos\/\" \/>\n<meta property=\"og:site_name\" content=\"Purassima\" \/>\n<meta property=\"article:modified_time\" content=\"2025-07-30T05:15:13+00:00\" \/>\n<meta property=\"og:image\" content=\"https:\/\/purassima.com\/wp-content\/uploads\/2025\/07\/headless_header.webp\" \/>\n\t<meta property=\"og:image:width\" content=\"2000\" \/>\n\t<meta property=\"og:image:height\" content=\"736\" \/>\n\t<meta property=\"og:image:type\" content=\"image\/webp\" \/>\n<meta name=\"twitter:card\" content=\"summary_large_image\" \/>\n<meta name=\"twitter:label1\" content=\"Tiempo de lectura\" \/>\n\t<meta name=\"twitter:data1\" content=\"1 minuto\" \/>\n<script type=\"application\/ld+json\" class=\"yoast-schema-graph\">{\"@context\":\"https:\\\/\\\/schema.org\",\"@graph\":[{\"@type\":\"WebPage\",\"@id\":\"https:\\\/\\\/purassima.com\\\/es\\\/distribuidores-exclusivos\\\/\",\"url\":\"https:\\\/\\\/purassima.com\\\/es\\\/distribuidores-exclusivos\\\/\",\"name\":\"Distribuidores exclusivos - Purassima\",\"isPartOf\":{\"@id\":\"https:\\\/\\\/purassima.com\\\/es\\\/#website\"},\"primaryImageOfPage\":{\"@id\":\"https:\\\/\\\/purassima.com\\\/es\\\/distribuidores-exclusivos\\\/#primaryimage\"},\"image\":{\"@id\":\"https:\\\/\\\/purassima.com\\\/es\\\/distribuidores-exclusivos\\\/#primaryimage\"},\"thumbnailUrl\":\"https:\\\/\\\/purassima.com\\\/wp-content\\\/uploads\\\/2025\\\/07\\\/headless_header.webp\",\"datePublished\":\"2025-07-26T10:58:21+00:00\",\"dateModified\":\"2025-07-30T05:15:13+00:00\",\"breadcrumb\":{\"@id\":\"https:\\\/\\\/purassima.com\\\/es\\\/distribuidores-exclusivos\\\/#breadcrumb\"},\"inLanguage\":\"es\",\"potentialAction\":[{\"@type\":\"ReadAction\",\"target\":[\"https:\\\/\\\/purassima.com\\\/es\\\/distribuidores-exclusivos\\\/\"]}]},{\"@type\":\"ImageObject\",\"inLanguage\":\"es\",\"@id\":\"https:\\\/\\\/purassima.com\\\/es\\\/distribuidores-exclusivos\\\/#primaryimage\",\"url\":\"https:\\\/\\\/purassima.com\\\/wp-content\\\/uploads\\\/2025\\\/07\\\/headless_header.webp\",\"contentUrl\":\"https:\\\/\\\/purassima.com\\\/wp-content\\\/uploads\\\/2025\\\/07\\\/headless_header.webp\"},{\"@type\":\"BreadcrumbList\",\"@id\":\"https:\\\/\\\/purassima.com\\\/es\\\/distribuidores-exclusivos\\\/#breadcrumb\",\"itemListElement\":[{\"@type\":\"ListItem\",\"position\":1,\"name\":\"Home\",\"item\":\"https:\\\/\\\/purassima.com\\\/es\\\/hogar\\\/\"},{\"@type\":\"ListItem\",\"position\":2,\"name\":\"Distribuidores exclusivos\"}]},{\"@type\":\"WebSite\",\"@id\":\"https:\\\/\\\/purassima.com\\\/es\\\/#website\",\"url\":\"https:\\\/\\\/purassima.com\\\/es\\\/\",\"name\":\"purassima\",\"description\":\"\",\"potentialAction\":[{\"@type\":\"SearchAction\",\"target\":{\"@type\":\"EntryPoint\",\"urlTemplate\":\"https:\\\/\\\/purassima.com\\\/es\\\/?s={search_term_string}\"},\"query-input\":{\"@type\":\"PropertyValueSpecification\",\"valueRequired\":true,\"valueName\":\"search_term_string\"}}],\"inLanguage\":\"es\"}]}<\/script>\n<!-- \/ Yoast SEO plugin. -->","yoast_head_json":{"title":"Distribuidores exclusivos - Purassima","robots":{"index":"index","follow":"follow","max-snippet":"max-snippet:-1","max-image-preview":"max-image-preview:large","max-video-preview":"max-video-preview:-1"},"canonical":"https:\/\/purassima.com\/es\/distribuidores-exclusivos\/","og_locale":"es_ES","og_type":"article","og_title":"Distribuidores exclusivos - Purassima","og_description":"Distribuidores exclusivos Trabajamos con un distribuidor exclusivo por pa\u00eds. Buscamos emprendedores en la UE (espacio Schengen) para crear una red de distribuidores independientes. Si le apasiona ampliar su negocio o iniciar un nuevo negocio utilizando nuestros productos de alta calidad, \u00a1p\u00f3ngase en contacto con nosotros! Uniendo fuerzas Somos mayoristas y con nuestra marca Purassima queremos [&hellip;]","og_url":"https:\/\/purassima.com\/es\/distribuidores-exclusivos\/","og_site_name":"Purassima","article_modified_time":"2025-07-30T05:15:13+00:00","og_image":[{"width":2000,"height":736,"url":"https:\/\/purassima.com\/wp-content\/uploads\/2025\/07\/headless_header.webp","type":"image\/webp"}],"twitter_card":"summary_large_image","twitter_misc":{"Tiempo de lectura":"1 minuto"},"schema":{"@context":"https:\/\/schema.org","@graph":[{"@type":"WebPage","@id":"https:\/\/purassima.com\/es\/distribuidores-exclusivos\/","url":"https:\/\/purassima.com\/es\/distribuidores-exclusivos\/","name":"Distribuidores exclusivos - Purassima","isPartOf":{"@id":"https:\/\/purassima.com\/es\/#website"},"primaryImageOfPage":{"@id":"https:\/\/purassima.com\/es\/distribuidores-exclusivos\/#primaryimage"},"image":{"@id":"https:\/\/purassima.com\/es\/distribuidores-exclusivos\/#primaryimage"},"thumbnailUrl":"https:\/\/purassima.com\/wp-content\/uploads\/2025\/07\/headless_header.webp","datePublished":"2025-07-26T10:58:21+00:00","dateModified":"2025-07-30T05:15:13+00:00","breadcrumb":{"@id":"https:\/\/purassima.com\/es\/distribuidores-exclusivos\/#breadcrumb"},"inLanguage":"es","potentialAction":[{"@type":"ReadAction","target":["https:\/\/purassima.com\/es\/distribuidores-exclusivos\/"]}]},{"@type":"ImageObject","inLanguage":"es","@id":"https:\/\/purassima.com\/es\/distribuidores-exclusivos\/#primaryimage","url":"https:\/\/purassima.com\/wp-content\/uploads\/2025\/07\/headless_header.webp","contentUrl":"https:\/\/purassima.com\/wp-content\/uploads\/2025\/07\/headless_header.webp"},{"@type":"BreadcrumbList","@id":"https:\/\/purassima.com\/es\/distribuidores-exclusivos\/#breadcrumb","itemListElement":[{"@type":"ListItem","position":1,"name":"Home","item":"https:\/\/purassima.com\/es\/hogar\/"},{"@type":"ListItem","position":2,"name":"Distribuidores exclusivos"}]},{"@type":"WebSite","@id":"https:\/\/purassima.com\/es\/#website","url":"https:\/\/purassima.com\/es\/","name":"purassima","description":"","potentialAction":[{"@type":"SearchAction","target":{"@type":"EntryPoint","urlTemplate":"https:\/\/purassima.com\/es\/?s={search_term_string}"},"query-input":{"@type":"PropertyValueSpecification","valueRequired":true,"valueName":"search_term_string"}}],"inLanguage":"es"}]}},"_links":{"self":[{"href":"https:\/\/purassima.com\/es\/wp-json\/wp\/v2\/pages\/2510","targetHints":{"allow":["GET"]}}],"collection":[{"href":"https:\/\/purassima.com\/es\/wp-json\/wp\/v2\/pages"}],"about":[{"href":"https:\/\/purassima.com\/es\/wp-json\/wp\/v2\/types\/page"}],"author":[{"embeddable":true,"href":"https:\/\/purassima.com\/es\/wp-json\/wp\/v2\/users\/1"}],"replies":[{"embeddable":true,"href":"https:\/\/purassima.com\/es\/wp-json\/wp\/v2\/comments?post=2510"}],"version-history":[{"count":1,"href":"https:\/\/purassima.com\/es\/wp-json\/wp\/v2\/pages\/2510\/revisions"}],"predecessor-version":[{"id":2511,"href":"https:\/\/purassima.com\/es\/wp-json\/wp\/v2\/pages\/2510\/revisions\/2511"}],"wp:attachment":[{"href":"https:\/\/purassima.com\/es\/wp-json\/wp\/v2\/media?parent=2510"}],"curies":[{"name":"wp","href":"https:\/\/api.w.org\/{rel}","templated":true}]}}