{"id":2730,"date":"2025-07-26T10:17:11","date_gmt":"2025-07-26T10:17:11","guid":{"rendered":"https:\/\/purassima.com\/politica-de-privacidad\/"},"modified":"2025-07-31T05:09:31","modified_gmt":"2025-07-31T05:09:31","slug":"politica-de-privacidad","status":"publish","type":"page","link":"https:\/\/purassima.com\/es\/politica-de-privacidad\/","title":{"rendered":"Pol\u00edtica de privacidad"},"content":{"rendered":"\t\t<div data-elementor-type=\"wp-page\" data-elementor-id=\"2730\" class=\"elementor elementor-2730 elementor-960\" data-elementor-post-type=\"page\">\n\t\t\t\t<div class=\"elementor-element elementor-element-8b48da6 e-flex e-con-boxed e-con e-parent\" data-id=\"8b48da6\" data-element_type=\"container\" data-e-type=\"container\">\n\t\t\t\t\t<div class=\"e-con-inner\">\n\t\t<div class=\"elementor-element elementor-element-0cf66fc e-con-full e-flex e-con e-child\" data-id=\"0cf66fc\" data-element_type=\"container\" data-e-type=\"container\">\n\t\t\t\t<div class=\"elementor-element elementor-element-6e456fd elementor-widget elementor-widget-heading\" data-id=\"6e456fd\" data-element_type=\"widget\" data-e-type=\"widget\" data-widget_type=\"heading.default\">\n\t\t\t\t\t<h2 class=\"elementor-heading-title elementor-size-default\">Pol\u00edtica de privacidad<\/h2>\t\t\t\t<\/div>\n\t\t\t\t<div class=\"elementor-element elementor-element-8c9827d elementor-widget elementor-widget-text-editor\" data-id=\"8c9827d\" data-element_type=\"widget\" data-e-type=\"widget\" data-widget_type=\"text-editor.default\">\n\t\t\t\t\t\t\t\t\t<div id=\"shopify-section-template--22475357946181__main\" class=\"shopify-section\"><section data-section-id=\"template--22475357946181__main\" data-section-type=\"page\"><div class=\"container container--narrow\"><div class=\"page__content rte\"><h6 data-start=\"239\" data-end=\"289\"><strong data-start=\"246\" data-end=\"287\">Valoramos profundamente tu privacidad<\/strong><\/h6><p data-start=\"290\" data-end=\"808\">Solo procesamos los datos que necesitamos para (mejorar) nuestros servicios, y tratamos cuidadosamente toda la informaci\u00f3n recopilada sobre ti y sobre el uso que haces de nuestros servicios. Tus datos no se comparten con terceros con fines comerciales. Esta pol\u00edtica de privacidad se aplica al uso del sitio web y a los servicios proporcionados por nosotros. La fecha de entrada en vigor de estos t\u00e9rminos es el <strong data-start=\"702\" data-end=\"716\">28\/01\/2020<\/strong>; con la publicaci\u00f3n de una nueva versi\u00f3n, todas las versiones anteriores quedar\u00e1n anuladas.<\/p><p data-start=\"810\" data-end=\"1318\">Esta pol\u00edtica describe qu\u00e9 informaci\u00f3n recopilamos sobre ti, para qu\u00e9 la utilizamos, con qui\u00e9n y en qu\u00e9 condiciones podr\u00edamos compartirla con terceros. Tambi\u00e9n te explicamos c\u00f3mo almacenamos tus datos, c\u00f3mo los protegemos frente a usos indebidos y qu\u00e9 derechos tienes con respecto a los datos personales que nos proporcionas. Si tienes alguna pregunta sobre esta pol\u00edtica de privacidad, puedes contactar con nuestro responsable de privacidad. Los datos de contacto se encuentran al final de esta declaraci\u00f3n.<\/p><hr data-start=\"1320\" data-end=\"1323\" \/><h6 data-start=\"1325\" data-end=\"1362\"><strong data-start=\"1332\" data-end=\"1360\">Tratamiento de los datos<\/strong><\/h6><p data-start=\"1363\" data-end=\"1507\">A continuaci\u00f3n te explicamos c\u00f3mo procesamos tus datos, d\u00f3nde los almacenamos, qu\u00e9 medidas de seguridad aplicamos y qui\u00e9n puede acceder a ellos.<\/p><hr data-start=\"1509\" data-end=\"1512\" \/><h6 data-start=\"1514\" data-end=\"1552\"><strong data-start=\"1521\" data-end=\"1550\">Software de tienda online<\/strong><\/h6><p data-start=\"1553\" data-end=\"2158\">Recopilamos datos a trav\u00e9s del uso de nuestra tienda online y de nuestros servicios. Nuestra tienda requiere acceso a estos datos para proporcionar soporte t\u00e9cnico. No utilizar\u00e1 esta informaci\u00f3n para ning\u00fan otro prop\u00f3sito. Nuestra tienda online tiene la obligaci\u00f3n contractual de aplicar las medidas t\u00e9cnicas y organizativas necesarias para proteger tus datos personales. La tienda utiliza cookies para recopilar informaci\u00f3n t\u00e9cnica sobre el uso del software. No se recogen ni almacenan datos personales. Se reserva el derecho de compartir internamente esta informaci\u00f3n para mejorar sus propios servicios.<\/p><hr data-start=\"2160\" data-end=\"2163\" \/><h6 data-start=\"2165\" data-end=\"2221\"><strong data-start=\"2172\" data-end=\"2219\">Correo electr\u00f3nico y listas de distribuci\u00f3n<\/strong><\/h6><p data-start=\"2222\" data-end=\"2475\">Para nuestra comunicaci\u00f3n habitual por correo electr\u00f3nico, utilizamos los servicios de nuestro proveedor de hosting. Esta empresa ha implementado medidas t\u00e9cnicas y organizativas adecuadas para evitar el mal uso, la p\u00e9rdida o la alteraci\u00f3n de tus datos.<\/p><hr data-start=\"2477\" data-end=\"2480\" \/><h6 data-start=\"2482\" data-end=\"2533\"><strong data-start=\"2489\" data-end=\"2531\">Finalidad del tratamiento de los datos<\/strong><\/h6><p data-start=\"2534\" data-end=\"3246\">Utilizamos tus datos exclusivamente para proporcionarte nuestros servicios. Esto significa que el uso de tus datos est\u00e1 directamente relacionado con el encargo que nos hayas realizado. No utilizamos tus datos para fines de marketing (ni siquiera personalizado). Si compartes informaci\u00f3n con nosotros y queremos utilizarla para ponernos en contacto contigo m\u00e1s adelante sin que lo hayas solicitado, te pediremos primero tu consentimiento expl\u00edcito. Tus datos no se comparten con terceros, salvo cuando sea necesario para cumplir obligaciones contables o administrativas. Estos terceros est\u00e1n legalmente obligados a mantener la confidencialidad de los datos, ya sea mediante contrato, juramento u obligaci\u00f3n legal.<\/p><hr data-start=\"3248\" data-end=\"3251\" \/><h6 data-start=\"3253\" data-end=\"3299\"><strong data-start=\"3260\" data-end=\"3297\">Datos recopilados autom\u00e1ticamente<\/strong><\/h6><p data-start=\"3300\" data-end=\"3555\">La informaci\u00f3n recopilada autom\u00e1ticamente por nuestro sitio web se utiliza \u00fanicamente para prestarte nuestros servicios o para mejorarlos. Estos datos (como tu direcci\u00f3n IP anonimizada, navegador web y sistema operativo) no se consideran datos personales.<\/p><hr data-start=\"3557\" data-end=\"3560\" \/><h6 data-start=\"3562\" data-end=\"3625\"><strong data-start=\"3569\" data-end=\"3623\">Colaboraci\u00f3n con autoridades fiscales o judiciales<\/strong><\/h6><p data-start=\"3626\" data-end=\"3918\">En determinados casos, la ley puede obligarnos a compartir tu informaci\u00f3n con organismos gubernamentales en el marco de investigaciones fiscales o penales. Si nos vemos legalmente obligados a colaborar, lo haremos, pero siempre dentro de los l\u00edmites legales y oponi\u00e9ndonos cuando sea posible.<\/p><hr data-start=\"3920\" data-end=\"3923\" \/><h6 data-start=\"3925\" data-end=\"3960\"><strong data-start=\"3932\" data-end=\"3958\">Plazos de conservaci\u00f3n<\/strong><\/h6><p data-start=\"3961\" data-end=\"4526\">Conservamos tus datos mientras seas cliente nuestro. Esto significa que tu perfil de cliente permanece activo hasta que nos comuniques que deseas dejar de utilizar nuestros servicios. Esta solicitud tambi\u00e9n se considerar\u00e1 una petici\u00f3n de eliminaci\u00f3n de tus datos. Sin embargo, debemos conservar ciertos documentos (como facturas con tus datos personales) por motivos legales y fiscales durante el tiempo exigido. Estos documentos se almacenan de forma segura y el personal ya no tendr\u00e1 acceso a tu perfil o a tus encargos una vez finalizada la relaci\u00f3n contractual.<\/p><hr data-start=\"4528\" data-end=\"4531\" \/><h6 data-start=\"4533\" data-end=\"4558\"><strong data-start=\"4540\" data-end=\"4556\">Tus derechos<\/strong><\/h6><p data-start=\"4559\" data-end=\"5456\">Conforme a la legislaci\u00f3n vigente en Europa y en Espa\u00f1a, tienes varios derechos como titular de datos personales que son tratados por nosotros o por terceros en nuestro nombre. A continuaci\u00f3n, se explican estos derechos y c\u00f3mo ejercerlos. Para evitar fraudes, solo enviamos datos a direcciones de correo electr\u00f3nico que ya est\u00e9n registradas en nuestro sistema. Si deseas recibir tus datos en otra direcci\u00f3n o por correo postal, deber\u00e1s identificarte debidamente. Mantenemos un registro de todas las solicitudes completadas. En caso de solicitud de eliminaci\u00f3n, almacenamos los datos de forma anonimizada. Recibir\u00e1s los datos en un formato estructurado y legible por m\u00e1quina, seg\u00fan nuestras categor\u00edas internas de clasificaci\u00f3n. Siempre tendr\u00e1s derecho a presentar una reclamaci\u00f3n ante la <strong data-start=\"5347\" data-end=\"5397\">Agencia Espa\u00f1ola de Protecci\u00f3n de Datos (AEPD)<\/strong> si crees que estamos tratando tus datos de forma indebida.<\/p><hr data-start=\"5458\" data-end=\"5461\" \/><h6 data-start=\"5463\" data-end=\"5493\"><strong data-start=\"5470\" data-end=\"5491\">Derecho de acceso<\/strong><\/h6><p data-start=\"5494\" data-end=\"5905\">Tienes derecho a acceder en cualquier momento a los datos que tratamos sobre ti o que se pueden vincular contigo. Puedes realizar esta solicitud a nuestro responsable de privacidad. Recibir\u00e1s una respuesta en un plazo de 30 d\u00edas. Si se aprueba tu solicitud, te enviaremos una copia de tus datos, junto con un resumen de los encargados del tratamiento y de las categor\u00edas bajo las que almacenamos la informaci\u00f3n.<\/p><hr data-start=\"5907\" data-end=\"5910\" \/><h6 data-start=\"5912\" data-end=\"5949\"><strong data-start=\"5919\" data-end=\"5947\">Derecho de rectificaci\u00f3n<\/strong><\/h6><p data-start=\"5950\" data-end=\"6205\">Puedes solicitar en cualquier momento la correcci\u00f3n de datos inexactos o incompletos. Tras recibir tu solicitud, te responderemos en un plazo de 30 d\u00edas. Si la solicitud es v\u00e1lida, te confirmaremos por correo electr\u00f3nico que los datos han sido corregidos.<\/p><hr data-start=\"6207\" data-end=\"6210\" \/><h6 data-start=\"6212\" data-end=\"6264\"><strong data-start=\"6219\" data-end=\"6262\">Derecho a la limitaci\u00f3n del tratamiento<\/strong><\/h6><p data-start=\"6265\" data-end=\"6490\">Tienes derecho a solicitar que se limite el uso de tus datos personales. Si aceptamos tu solicitud, te enviaremos una confirmaci\u00f3n por correo electr\u00f3nico y los datos quedar\u00e1n bloqueados para otros usos hasta nuevo aviso tuyo.<\/p><hr data-start=\"6492\" data-end=\"6495\" \/><h6 data-start=\"6497\" data-end=\"6548\"><strong data-start=\"6504\" data-end=\"6546\">Derecho a la portabilidad de los datos<\/strong><\/h6><p data-start=\"6549\" data-end=\"6907\">Puedes solicitar que tus datos personales sean transferidos a otra entidad que t\u00fa elijas. Si se aprueba la solicitud, te enviaremos tus datos personales (o los que hemos procesado en tu nombre) en un formato electr\u00f3nico. Es posible que, tras la transferencia, no podamos seguir ofreci\u00e9ndote nuestros servicios con las mismas garant\u00edas de seguridad y calidad.<\/p><hr data-start=\"6909\" data-end=\"6912\" \/><h6 data-start=\"6914\" data-end=\"6964\"><strong data-start=\"6921\" data-end=\"6962\">Derecho de oposici\u00f3n y otros derechos<\/strong><\/h6><p data-start=\"6965\" data-end=\"7517\">Tienes derecho a oponerte al tratamiento de tus datos personales por nuestra parte o por parte de terceros que act\u00faen en nuestro nombre. En tal caso, suspenderemos de inmediato todo tratamiento de tus datos hasta que revisemos tu solicitud. Si tu oposici\u00f3n es v\u00e1lida, eliminaremos los datos tratados hasta ese momento. Tambi\u00e9n tienes derecho a no ser objeto de decisiones automatizadas ni de elaboraci\u00f3n de perfiles. No utilizamos tus datos con esos fines. Si consideras que este derecho se ha vulnerado, contacta con nuestro responsable de privacidad.<\/p><hr data-start=\"7519\" data-end=\"7522\" \/><h6 data-start=\"7524\" data-end=\"7575\"><strong data-start=\"7531\" data-end=\"7573\">Cambios en esta pol\u00edtica de privacidad<\/strong><\/h6><p data-start=\"7576\" data-end=\"7827\">Nos reservamos el derecho a modificar esta pol\u00edtica de privacidad en cualquier momento. Esta p\u00e1gina mostrar\u00e1 siempre la versi\u00f3n m\u00e1s reciente. Si un nuevo cambio afecta al tratamiento de tus datos personales, te lo notificaremos por correo electr\u00f3nico.<\/p><\/div><\/div><\/section><\/div>\t\t\t\t\t\t\t\t<\/div>\n\t\t\t\t<\/div>\n\t\t\t\t\t<\/div>\n\t\t\t\t<\/div>\n\t\t<div class=\"elementor-element elementor-element-424c444 e-con-full e-flex e-con e-parent\" data-id=\"424c444\" data-element_type=\"container\" data-e-type=\"container\" data-settings=\"{&quot;background_background&quot;:&quot;classic&quot;}\">\n\t\t\t\t<div class=\"elementor-element elementor-element-3408c53 elementor-widget elementor-widget-heading\" data-id=\"3408c53\" data-element_type=\"widget\" data-e-type=\"widget\" data-widget_type=\"heading.default\">\n\t\t\t\t\t<h2 class=\"elementor-heading-title elementor-size-default\">Bolet\u00edn - suscr\u00edbete<\/h2>\t\t\t\t<\/div>\n\t\t\t\t<div class=\"elementor-element elementor-element-113830c elementor-widget elementor-widget-text-editor\" data-id=\"113830c\" data-element_type=\"widget\" data-e-type=\"widget\" data-widget_type=\"text-editor.default\">\n\t\t\t\t\t\t\t\t\t<p>Mantente informado sobre promociones y contenidos sobre el agua.<\/p>\t\t\t\t\t\t\t\t<\/div>\n\t\t<div class=\"elementor-element elementor-element-361a462 elementor-hidden-mobile e-flex e-con-boxed e-con e-child\" data-id=\"361a462\" data-element_type=\"container\" data-e-type=\"container\">\n\t\t\t\t\t<div class=\"e-con-inner\">\n\t\t\t\t<div class=\"elementor-element elementor-element-9465db6 elementor-button-align-start elementor-widget elementor-widget-form\" data-id=\"9465db6\" data-element_type=\"widget\" data-e-type=\"widget\" data-settings=\"{&quot;step_next_label&quot;:&quot;Siguiente&quot;,&quot;step_previous_label&quot;:&quot;Anterior&quot;,&quot;step_type&quot;:&quot;number_text&quot;,&quot;step_icon_shape&quot;:&quot;circle&quot;}\" data-widget_type=\"form.default\">\n\t\t\t\t\t\t\t<form class=\"elementor-form\" method=\"post\" name=\"Nuevo formulario\" aria-label=\"Nuevo formulario\">\n\t\t\t<input type=\"hidden\" name=\"post_id\" value=\"2730\"\/>\n\t\t\t<input type=\"hidden\" name=\"form_id\" value=\"9465db6\"\/>\n\t\t\t<input type=\"hidden\" name=\"referer_title\" value=\"Pol\u00edtica de privacidad - Purassima\" \/>\n\n\t\t\t\t\t\t\t<input type=\"hidden\" name=\"queried_id\" value=\"2730\"\/>\n\t\t\t\n\t\t\t<div class=\"elementor-form-fields-wrapper elementor-labels-above\">\n\t\t\t\t\t\t\t\t<div class=\"elementor-field-type-email elementor-field-group elementor-column elementor-field-group-email elementor-col-100 elementor-field-required\">\n\t\t\t\t\t\t\t\t\t\t\t\t\t<input size=\"1\" type=\"email\" name=\"form_fields[email]\" id=\"form-field-email\" class=\"elementor-field elementor-size-md  elementor-field-textual\" placeholder=\"Correo electr\u00f3nico\" required=\"required\">\n\t\t\t\t\t\t\t\t\t\t\t<\/div>\n\t\t\t\t\t\t\t\t<div class=\"elementor-field-group elementor-column elementor-field-type-submit elementor-col-100 e-form__buttons\">\n\t\t\t\t\t<button class=\"elementor-button elementor-size-md\" type=\"submit\">\n\t\t\t\t\t\t<span class=\"elementor-button-content-wrapper\">\n\t\t\t\t\t\t\t\t\t\t\t\t\t\t\t\t\t\t\t\t\t\t<span class=\"elementor-button-text\">Suscribir<\/span>\n\t\t\t\t\t\t\t\t\t\t\t\t\t<\/span>\n\t\t\t\t\t<\/button>\n\t\t\t\t<\/div>\n\t\t\t<\/div>\n\t\t<\/form>\n\t\t\t\t\t\t<\/div>\n\t\t\t\t\t<\/div>\n\t\t\t\t<\/div>\n\t\t<div class=\"elementor-element elementor-element-d4807ee elementor-hidden-desktop elementor-hidden-tablet e-flex e-con-boxed e-con e-child\" data-id=\"d4807ee\" data-element_type=\"container\" data-e-type=\"container\">\n\t\t\t\t\t<div class=\"e-con-inner\">\n\t\t\t\t<div class=\"elementor-element elementor-element-8889b59 elementor-button-align-stretch elementor-widget elementor-widget-form\" data-id=\"8889b59\" data-element_type=\"widget\" data-e-type=\"widget\" data-settings=\"{&quot;step_next_label&quot;:&quot;Siguiente&quot;,&quot;step_previous_label&quot;:&quot;Anterior&quot;,&quot;button_width&quot;:&quot;100&quot;,&quot;step_type&quot;:&quot;number_text&quot;,&quot;step_icon_shape&quot;:&quot;circle&quot;}\" data-widget_type=\"form.default\">\n\t\t\t\t\t\t\t<form class=\"elementor-form\" method=\"post\" name=\"Nuevo formulario\" aria-label=\"Nuevo formulario\">\n\t\t\t<input type=\"hidden\" name=\"post_id\" value=\"2730\"\/>\n\t\t\t<input type=\"hidden\" name=\"form_id\" value=\"8889b59\"\/>\n\t\t\t<input type=\"hidden\" name=\"referer_title\" value=\"Pol\u00edtica de privacidad - Purassima\" \/>\n\n\t\t\t\t\t\t\t<input type=\"hidden\" name=\"queried_id\" value=\"2730\"\/>\n\t\t\t\n\t\t\t<div class=\"elementor-form-fields-wrapper elementor-labels-above\">\n\t\t\t\t\t\t\t\t<div class=\"elementor-field-type-email elementor-field-group elementor-column elementor-field-group-email elementor-col-100 elementor-field-required elementor-mark-required\">\n\t\t\t\t\t\t\t\t\t\t\t\t\t<input size=\"1\" type=\"email\" name=\"form_fields[email]\" id=\"form-field-email\" class=\"elementor-field elementor-size-md  elementor-field-textual\" placeholder=\"Correo electr\u00f3nico\" required=\"required\">\n\t\t\t\t\t\t\t\t\t\t\t<\/div>\n\t\t\t\t\t\t\t\t<div class=\"elementor-field-group elementor-column elementor-field-type-submit elementor-col-100 e-form__buttons\">\n\t\t\t\t\t<button class=\"elementor-button elementor-size-md\" type=\"submit\">\n\t\t\t\t\t\t<span class=\"elementor-button-content-wrapper\">\n\t\t\t\t\t\t\t\t\t\t\t\t\t\t\t\t\t\t\t\t\t\t<span class=\"elementor-button-text\">Suscribir<\/span>\n\t\t\t\t\t\t\t\t\t\t\t\t\t<\/span>\n\t\t\t\t\t<\/button>\n\t\t\t\t<\/div>\n\t\t\t<\/div>\n\t\t<\/form>\n\t\t\t\t\t\t<\/div>\n\t\t\t\t\t<\/div>\n\t\t\t\t<\/div>\n\t\t\t\t<\/div>\n\t\t\t\t<\/div>\n\t\t","protected":false},"excerpt":{"rendered":"<p>Pol\u00edtica de privacidad Valoramos profundamente tu privacidad Solo procesamos los datos que necesitamos para (mejorar) nuestros servicios, y tratamos cuidadosamente toda la informaci\u00f3n recopilada sobre ti y sobre el uso que haces de nuestros servicios. Tus datos no se comparten con terceros con fines comerciales. Esta pol\u00edtica de privacidad se aplica al uso del sitio [&hellip;]<\/p>\n","protected":false},"author":1,"featured_media":0,"parent":0,"menu_order":0,"comment_status":"closed","ping_status":"closed","template":"elementor_header_footer","meta":{"_acf_changed":false,"footnotes":""},"class_list":["post-2730","page","type-page","status-publish","hentry"],"acf":[],"yoast_head":"<!-- This site is optimized with the Yoast SEO plugin v27.4 - https:\/\/yoast.com\/product\/yoast-seo-wordpress\/ -->\n<title>Pol\u00edtica de privacidad - Purassima<\/title>\n<meta name=\"robots\" content=\"index, follow, max-snippet:-1, max-image-preview:large, max-video-preview:-1\" \/>\n<link rel=\"canonical\" href=\"https:\/\/purassima.com\/es\/politica-de-privacidad\/\" \/>\n<meta property=\"og:locale\" content=\"es_ES\" \/>\n<meta property=\"og:type\" content=\"article\" \/>\n<meta property=\"og:title\" content=\"Pol\u00edtica de privacidad - Purassima\" \/>\n<meta property=\"og:description\" content=\"Pol\u00edtica de privacidad Valoramos profundamente tu privacidad Solo procesamos los datos que necesitamos para (mejorar) nuestros servicios, y tratamos cuidadosamente toda la informaci\u00f3n recopilada sobre ti y sobre el uso que haces de nuestros servicios. Tus datos no se comparten con terceros con fines comerciales. Esta pol\u00edtica de privacidad se aplica al uso del sitio [&hellip;]\" \/>\n<meta property=\"og:url\" content=\"https:\/\/purassima.com\/es\/politica-de-privacidad\/\" \/>\n<meta property=\"og:site_name\" content=\"Purassima\" \/>\n<meta property=\"article:modified_time\" content=\"2025-07-31T05:09:31+00:00\" \/>\n<meta name=\"twitter:card\" content=\"summary_large_image\" \/>\n<meta name=\"twitter:label1\" content=\"Tiempo de lectura\" \/>\n\t<meta name=\"twitter:data1\" content=\"7 minutos\" \/>\n<script type=\"application\/ld+json\" class=\"yoast-schema-graph\">{\"@context\":\"https:\\\/\\\/schema.org\",\"@graph\":[{\"@type\":\"WebPage\",\"@id\":\"https:\\\/\\\/purassima.com\\\/es\\\/politica-de-privacidad\\\/\",\"url\":\"https:\\\/\\\/purassima.com\\\/es\\\/politica-de-privacidad\\\/\",\"name\":\"Pol\u00edtica de privacidad - Purassima\",\"isPartOf\":{\"@id\":\"https:\\\/\\\/purassima.com\\\/es\\\/#website\"},\"datePublished\":\"2025-07-26T10:17:11+00:00\",\"dateModified\":\"2025-07-31T05:09:31+00:00\",\"breadcrumb\":{\"@id\":\"https:\\\/\\\/purassima.com\\\/es\\\/politica-de-privacidad\\\/#breadcrumb\"},\"inLanguage\":\"es\",\"potentialAction\":[{\"@type\":\"ReadAction\",\"target\":[\"https:\\\/\\\/purassima.com\\\/es\\\/politica-de-privacidad\\\/\"]}]},{\"@type\":\"BreadcrumbList\",\"@id\":\"https:\\\/\\\/purassima.com\\\/es\\\/politica-de-privacidad\\\/#breadcrumb\",\"itemListElement\":[{\"@type\":\"ListItem\",\"position\":1,\"name\":\"Home\",\"item\":\"https:\\\/\\\/purassima.com\\\/es\\\/hogar\\\/\"},{\"@type\":\"ListItem\",\"position\":2,\"name\":\"Pol\u00edtica de privacidad\"}]},{\"@type\":\"WebSite\",\"@id\":\"https:\\\/\\\/purassima.com\\\/es\\\/#website\",\"url\":\"https:\\\/\\\/purassima.com\\\/es\\\/\",\"name\":\"purassima\",\"description\":\"\",\"potentialAction\":[{\"@type\":\"SearchAction\",\"target\":{\"@type\":\"EntryPoint\",\"urlTemplate\":\"https:\\\/\\\/purassima.com\\\/es\\\/?s={search_term_string}\"},\"query-input\":{\"@type\":\"PropertyValueSpecification\",\"valueRequired\":true,\"valueName\":\"search_term_string\"}}],\"inLanguage\":\"es\"}]}<\/script>\n<!-- \/ Yoast SEO plugin. -->","yoast_head_json":{"title":"Pol\u00edtica de privacidad - Purassima","robots":{"index":"index","follow":"follow","max-snippet":"max-snippet:-1","max-image-preview":"max-image-preview:large","max-video-preview":"max-video-preview:-1"},"canonical":"https:\/\/purassima.com\/es\/politica-de-privacidad\/","og_locale":"es_ES","og_type":"article","og_title":"Pol\u00edtica de privacidad - Purassima","og_description":"Pol\u00edtica de privacidad Valoramos profundamente tu privacidad Solo procesamos los datos que necesitamos para (mejorar) nuestros servicios, y tratamos cuidadosamente toda la informaci\u00f3n recopilada sobre ti y sobre el uso que haces de nuestros servicios. Tus datos no se comparten con terceros con fines comerciales. Esta pol\u00edtica de privacidad se aplica al uso del sitio [&hellip;]","og_url":"https:\/\/purassima.com\/es\/politica-de-privacidad\/","og_site_name":"Purassima","article_modified_time":"2025-07-31T05:09:31+00:00","twitter_card":"summary_large_image","twitter_misc":{"Tiempo de lectura":"7 minutos"},"schema":{"@context":"https:\/\/schema.org","@graph":[{"@type":"WebPage","@id":"https:\/\/purassima.com\/es\/politica-de-privacidad\/","url":"https:\/\/purassima.com\/es\/politica-de-privacidad\/","name":"Pol\u00edtica de privacidad - Purassima","isPartOf":{"@id":"https:\/\/purassima.com\/es\/#website"},"datePublished":"2025-07-26T10:17:11+00:00","dateModified":"2025-07-31T05:09:31+00:00","breadcrumb":{"@id":"https:\/\/purassima.com\/es\/politica-de-privacidad\/#breadcrumb"},"inLanguage":"es","potentialAction":[{"@type":"ReadAction","target":["https:\/\/purassima.com\/es\/politica-de-privacidad\/"]}]},{"@type":"BreadcrumbList","@id":"https:\/\/purassima.com\/es\/politica-de-privacidad\/#breadcrumb","itemListElement":[{"@type":"ListItem","position":1,"name":"Home","item":"https:\/\/purassima.com\/es\/hogar\/"},{"@type":"ListItem","position":2,"name":"Pol\u00edtica de privacidad"}]},{"@type":"WebSite","@id":"https:\/\/purassima.com\/es\/#website","url":"https:\/\/purassima.com\/es\/","name":"purassima","description":"","potentialAction":[{"@type":"SearchAction","target":{"@type":"EntryPoint","urlTemplate":"https:\/\/purassima.com\/es\/?s={search_term_string}"},"query-input":{"@type":"PropertyValueSpecification","valueRequired":true,"valueName":"search_term_string"}}],"inLanguage":"es"}]}},"_links":{"self":[{"href":"https:\/\/purassima.com\/es\/wp-json\/wp\/v2\/pages\/2730","targetHints":{"allow":["GET"]}}],"collection":[{"href":"https:\/\/purassima.com\/es\/wp-json\/wp\/v2\/pages"}],"about":[{"href":"https:\/\/purassima.com\/es\/wp-json\/wp\/v2\/types\/page"}],"author":[{"embeddable":true,"href":"https:\/\/purassima.com\/es\/wp-json\/wp\/v2\/users\/1"}],"replies":[{"embeddable":true,"href":"https:\/\/purassima.com\/es\/wp-json\/wp\/v2\/comments?post=2730"}],"version-history":[{"count":4,"href":"https:\/\/purassima.com\/es\/wp-json\/wp\/v2\/pages\/2730\/revisions"}],"predecessor-version":[{"id":2734,"href":"https:\/\/purassima.com\/es\/wp-json\/wp\/v2\/pages\/2730\/revisions\/2734"}],"wp:attachment":[{"href":"https:\/\/purassima.com\/es\/wp-json\/wp\/v2\/media?parent=2730"}],"curies":[{"name":"wp","href":"https:\/\/api.w.org\/{rel}","templated":true}]}}