{"id":2607,"date":"2025-07-25T08:46:16","date_gmt":"2025-07-25T08:46:16","guid":{"rendered":"https:\/\/purassima.com\/product\/gaia-purificador-de-agua\/"},"modified":"2025-07-31T07:02:55","modified_gmt":"2025-07-31T07:02:55","slug":"gaia-purificador-de-agua","status":"publish","type":"product","link":"https:\/\/purassima.com\/es\/product\/gaia-purificador-de-agua\/","title":{"rendered":"Gaia &#8211; purificador de agua"},"content":{"rendered":"\t\t<div data-elementor-type=\"product-post\" data-elementor-id=\"2607\" class=\"elementor elementor-2607 elementor-568\" data-elementor-post-type=\"product\">\n\t\t\t\t<div class=\"elementor-element elementor-element-21255b31 e-flex e-con-boxed e-con e-parent\" data-id=\"21255b31\" data-element_type=\"container\" data-e-type=\"container\">\n\t\t\t\t\t<div class=\"e-con-inner\">\n\t\t\t\t<div class=\"elementor-element elementor-element-16b0ea58 elementor-widget elementor-widget-text-editor\" data-id=\"16b0ea58\" data-element_type=\"widget\" data-e-type=\"widget\" data-widget_type=\"text-editor.default\">\n\t\t\t\t\t\t\t\t\tBrand: Purassima\r\nModel: Gaia &#8211; water purifier\r\nContent: 14 liter\r\nMaterial: ABS\r\nFilters: 3 filters en 8 filtration steps\r\nNo electricity needed!\r\n\r\nThe Purassima Gaia desktop water purifier without chemicals or even electricity, but based on natural filtration. Removes microplastics, GenX, PFAS, bacteria, hormones, drugs, pesticides from water, among others. The system turns tap, rain, river and ditch water into PH neutral, purified and vitalized drinking water. You will be amazed how soft, pure and delicious your water, but also e.g. coffee and tea can taste!\r\n\r\nFiltration process\r\nThe desktop water filter consists of 3 filters in a total of 8 purification steps. This system is also called a \u00abgravity system\u00bb. The water naturally flows various filters under the influence of gravity. The water is not affected by pressing by means of a pump. It is a resilient water filtration system that does not require connection to the power grid or drinking water distribution system. Filtration takes place through various filters and other filtration steps are added to remove contaminants such as: heavy metals, organic contaminants, pesticides, herbicides, drug residues, chlorine, suspended particles (sludge, sediment), bad taste, bad odors, etc.\r\n\r\nThe filtration process consists of the following steps:\r\n\r\n1. Micro ceramic filter\r\n2. Active carbon filter\r\n3. Silica sand\r\n4. Zeolite filter\r\n5. Mineral stones\r\n6. Ceramic filter\r\n7. Illite balls\r\n8. Vitalization (Schauberger principle)\r\n\r\nMicro ceramic filter\r\nThe micro ceramic filter is made of highly compressed ceramic diatoms. The filter has a very thin porous structure of 0.2 that is less than half the size of bacteria. This filter makes the water free from rust, dust, sand and bacteria such as chlorea, typhoid, coliform, etc., among others.\r\n\r\nActivated carbon (1st layer &#8211; cartridge)\r\nThe use of carbon for water filtration has been known since the Egyptians who used it to store their water. Carbon is used to absorb impurities and is the most powerful absorbent known. Carbon can absorb thousands of different chemicals including chlorine, among others.\r\n\r\nSilica sand (2nd layer cartridge).\r\nSilica is a combination of oxygen and silicon, the two most common elements on earth. Silica is the mineral building block that promotes healthy bones and connective tissue. Silica is responsible, among other things, for the removal of aluminum accumulations from our bodies. Helps prevent premature aging, cardiovascular disease and Alzheimer&#8217;s, among other things. Silica is becoming increasingly popular as a beneficial mineral supplement in water. One of its unique properties is that it always maintains its own temperature, keeping water cool and fresh.\r\n\r\nZeolite (3rd layer cartridge)\r\nZeolite is a natural volcanic material with a number of unique properties. Zeolite has an unusual crystalline structure to exchange positively charged ions. This exchange of ions allows zeolites to selectively absorb certain harmful and unwanted elements from water. Zeolite exchanges sodium ions for calcium ions and absorbs toxic energies, heavy metals (mercury, lead and chromium), toxins and chlorine compounds such as trihalomethane, thereby softening the water. In addition, Zeolite supports the absorption of nutrients.\r\n\r\nDifferent mineral stones (4th and 5th layer &#8211; cartridge)\r\nMineral stones have been widely used in health-related products for centuries. It is composed of many health-promoting elements such as potassium, sodium, calcium and magnesium. In addition to adding minerals, it also ensures that the water stays fresh.\r\n\r\nCeramic filter\r\nAt this stage, the water is once again passed through a ceramic filter to get rid of smallest impurities.\r\n\r\nIllite (loose container)\r\nThese illite balls have an anti-bacteriological effect and emit an infrared frequency of 9.23 micrometers. This is a body-specific frequency, which activates body cells. Also, they bring the pH value (acidity) to 7.0 and thus the acidity of the water is lowered and neutralized.\r\n\r\nMagnetic water faucet (schauberger principle).\r\nThe faucet is equipped with magnets and changes the magnetic force of water by applying clusters and vortices. This creates freely moving hexagonally structured water molecules that are in harmony with the fluids in the human body. In this way, the magnetized water promotes health and vitality.water is vitalized.\r\n\r\nFiltration time: 1.5 liters per hour\r\nReplacement filters: between 3-6 months, depending on use (liters)\r\nManual: English\r\nProduct size: 253x253x590 mm\r\nWeight: 2.6 kg\r\nPackaging size: 270x270x240 mm\r\nPacked weight: 2.9 kg\r\nFeatures: Works without electricity\r\nWarranty: 2 year (not on filters)\r\nComplete set of filters: \u20ac 69,- (incl VAT)\t\t\t\t\t\t\t\t<\/div>\n\t\t\t\t\t<\/div>\n\t\t\t\t<\/div>\n\t\t<div class=\"elementor-element elementor-element-5fccad7 e-flex e-con-boxed e-con e-parent\" data-id=\"5fccad7\" data-element_type=\"container\" data-e-type=\"container\">\n\t\t\t\t\t<div class=\"e-con-inner\">\n\t\t\t\t<div class=\"elementor-element elementor-element-1ff04c2 elementor-widget elementor-widget-heading\" data-id=\"1ff04c2\" data-element_type=\"widget\" data-e-type=\"widget\" data-widget_type=\"heading.default\">\n\t\t\t\t\t<h2 class=\"elementor-heading-title elementor-size-default\">Download PDF\n\n<\/h2>\t\t\t\t<\/div>\n\t\t<div data-ha-element-link=\"{&quot;url&quot;:&quot;https:\\\/\\\/purassima.com\\\/wp-content\\\/uploads\\\/2025\\\/07\\\/Purassima_brochure_EN-2.pdf&quot;,&quot;is_external&quot;:&quot;on&quot;,&quot;nofollow&quot;:&quot;&quot;}\" style=\"cursor: pointer\" class=\"elementor-element elementor-element-ce35b11 e-con-full e-flex e-con e-child\" data-id=\"ce35b11\" data-element_type=\"container\" data-e-type=\"container\" data-settings=\"{&quot;background_background&quot;:&quot;classic&quot;}\">\n\t\t<div class=\"elementor-element elementor-element-2c2f1df e-con-full e-flex e-con e-child\" data-id=\"2c2f1df\" data-element_type=\"container\" data-e-type=\"container\">\n\t\t\t\t<div class=\"elementor-element elementor-element-df15be7 elementor-widget elementor-widget-image\" data-id=\"df15be7\" data-element_type=\"widget\" data-e-type=\"widget\" data-widget_type=\"image.default\">\n\t\t\t\t\t\t\t\t\t\t\t\t\t\t\t<img fetchpriority=\"high\" decoding=\"async\" width=\"800\" height=\"893\" src=\"https:\/\/purassima.com\/wp-content\/uploads\/2025\/07\/PDF_icon.webp\" class=\"attachment-large size-large wp-image-2768\" alt=\"\" srcset=\"https:\/\/purassima.com\/wp-content\/uploads\/2025\/07\/PDF_icon.webp 820w, https:\/\/purassima.com\/wp-content\/uploads\/2025\/07\/PDF_icon-269x300.webp 269w, https:\/\/purassima.com\/wp-content\/uploads\/2025\/07\/PDF_icon-768x857.webp 768w, https:\/\/purassima.com\/wp-content\/uploads\/2025\/07\/PDF_icon-600x670.webp 600w\" sizes=\"(max-width: 800px) 100vw, 800px\" \/>\t\t\t\t\t\t\t\t\t\t\t\t\t\t\t<\/div>\n\t\t\t\t<\/div>\n\t\t<div class=\"elementor-element elementor-element-ac0c0cb e-con-full e-flex e-con e-child\" data-id=\"ac0c0cb\" data-element_type=\"container\" data-e-type=\"container\">\n\t\t\t\t<div class=\"elementor-element elementor-element-f8c7a71 elementor-widget elementor-widget-heading\" data-id=\"f8c7a71\" data-element_type=\"widget\" data-e-type=\"widget\" data-widget_type=\"heading.default\">\n\t\t\t\t\t<h2 class=\"elementor-heading-title elementor-size-default\">Purassima Brochure Systems\n\n<\/h2>\t\t\t\t<\/div>\n\t\t\t\t<div class=\"elementor-element elementor-element-e83f737 elementor-widget elementor-widget-text-editor\" data-id=\"e83f737\" data-element_type=\"widget\" data-e-type=\"widget\" data-widget_type=\"text-editor.default\">\n\t\t\t\t\t\t\t\t\t(550.61 KB)\n\n\t\t\t\t\t\t\t\t<\/div>\n\t\t\t\t<\/div>\n\t\t\t\t<\/div>\n\t\t\t\t\t<\/div>\n\t\t\t\t<\/div>\n\t\t\t\t<\/div>\n\t\t","protected":false},"excerpt":{"rendered":"<p><strong>BENEFICIOS<\/strong><\/p>\n<ul>\n<li>agua pura todos los d\u00edas<\/li>\n<li>mejora de la salud<\/li>\n<li>delicioso caf\u00e9, t\u00e9, limonada, batidos, etc.<\/li>\n<li>Econ\u00f3mico en uso (ahorro: \u20ac 400, &#8211; p \/ p p \/ a)<\/li>\n<li> No m\u00e1s cargar con agua mineral<\/li>\n<li>ecol\u00f3gico y soluci\u00f3n sostenible<\/li>\n<li><strong>AHORRO: \u00a1438 \u20ac por persona y a\u00f1o!<br \/>\n<\/strong>El uso de un filtro de agua ofrece muchos beneficios para la salud, pero tambi\u00e9n supone un ahorro significativo en la contaminaci\u00f3n ambiental (petr\u00f3leo, pl\u00e1sticos y transporte), \u00a1sin mencionar el transporte de cientos de galones de agua al a\u00f1o! Pero eso no es todo, adem\u00e1s tambi\u00e9n hay ahorro econ\u00f3mico. De media, 1 litro de agua del grifo cuesta 0,05 \u20ac, el agua mineral cuesta 0,60 \u20ac el litro.<br \/>\nSuponga beber 2 litros por d\u00eda por persona:<br \/>\nFiltro de agua: 0,05\u20ac x 2 litro x 365 (d\u00edas) = 36,50\u20ac por persona al a\u00f1o.<br \/>\nAgua mineral: 0,60 \u20ac x 2 litro x 365 (d\u00edas) = 438 \u20ac por persona y a\u00f1o. <\/li>\n<\/ul>\n","protected":false},"featured_media":1689,"comment_status":"open","ping_status":"closed","template":"","meta":{"_acf_changed":false},"product_brand":[],"product_cat":[76],"product_tag":[],"class_list":{"0":"post-2607","1":"product","2":"type-product","3":"status-publish","4":"has-post-thumbnail","6":"product_cat-purificacion-natural","8":"first","9":"instock","10":"shipping-taxable","11":"purchasable","12":"product-type-simple"},"acf":[],"yoast_head":"<!-- This site is optimized with the Yoast SEO plugin v27.3 - https:\/\/yoast.com\/product\/yoast-seo-wordpress\/ -->\n<title>Gaia - purificador de agua - Purassima<\/title>\n<meta name=\"robots\" content=\"index, follow, max-snippet:-1, max-image-preview:large, max-video-preview:-1\" \/>\n<link rel=\"canonical\" href=\"https:\/\/purassima.com\/es\/product\/gaia-purificador-de-agua\/\" \/>\n<meta property=\"og:locale\" content=\"es_ES\" \/>\n<meta property=\"og:type\" content=\"article\" \/>\n<meta property=\"og:title\" content=\"Gaia - purificador de agua - Purassima\" \/>\n<meta property=\"og:description\" content=\"BENEFICIOS   agua pura todos los d\u00edas  mejora de la salud  delicioso caf\u00e9, t\u00e9, limonada, batidos, etc.  Econ\u00f3mico en uso (ahorro: \u20ac 400, - p \/ p p \/ a)   No m\u00e1s cargar con agua mineral  ecol\u00f3gico y soluci\u00f3n sostenible  AHORRO: \u00a1438 \u20ac por persona y a\u00f1o! El uso de un filtro de agua ofrece muchos beneficios para la salud, pero tambi\u00e9n supone un ahorro significativo en la contaminaci\u00f3n ambiental (petr\u00f3leo, pl\u00e1sticos y transporte), \u00a1sin mencionar el transporte de cientos de galones de agua al a\u00f1o! Pero eso no es todo, adem\u00e1s tambi\u00e9n hay ahorro econ\u00f3mico. De media, 1 litro de agua del grifo cuesta 0,05 \u20ac, el agua mineral cuesta 0,60 \u20ac el litro. Suponga beber 2 litros por d\u00eda por persona: Filtro de agua: 0,05\u20ac x 2 litro x 365 (d\u00edas) = 36,50\u20ac por persona al a\u00f1o. Agua mineral: 0,60 \u20ac x 2 litro x 365 (d\u00edas) = 438 \u20ac por persona y a\u00f1o.\" \/>\n<meta property=\"og:url\" content=\"https:\/\/purassima.com\/es\/product\/gaia-purificador-de-agua\/\" \/>\n<meta property=\"og:site_name\" content=\"Purassima\" \/>\n<meta property=\"article:modified_time\" content=\"2025-07-31T07:02:55+00:00\" \/>\n<meta property=\"og:image\" content=\"https:\/\/purassima.com\/wp-content\/uploads\/2025\/07\/Gaia_photo1.webp\" \/>\n\t<meta property=\"og:image:width\" content=\"1200\" \/>\n\t<meta property=\"og:image:height\" content=\"1200\" \/>\n\t<meta property=\"og:image:type\" content=\"image\/webp\" \/>\n<meta name=\"twitter:card\" content=\"summary_large_image\" \/>\n<meta name=\"twitter:label1\" content=\"Tiempo de lectura\" \/>\n\t<meta name=\"twitter:data1\" content=\"4 minutos\" \/>\n<script type=\"application\/ld+json\" class=\"yoast-schema-graph\">{\"@context\":\"https:\\\/\\\/schema.org\",\"@graph\":[{\"@type\":\"WebPage\",\"@id\":\"https:\\\/\\\/purassima.com\\\/es\\\/product\\\/gaia-purificador-de-agua\\\/\",\"url\":\"https:\\\/\\\/purassima.com\\\/es\\\/product\\\/gaia-purificador-de-agua\\\/\",\"name\":\"Gaia - purificador de agua - Purassima\",\"isPartOf\":{\"@id\":\"https:\\\/\\\/purassima.com\\\/es\\\/#website\"},\"primaryImageOfPage\":{\"@id\":\"https:\\\/\\\/purassima.com\\\/es\\\/product\\\/gaia-purificador-de-agua\\\/#primaryimage\"},\"image\":{\"@id\":\"https:\\\/\\\/purassima.com\\\/es\\\/product\\\/gaia-purificador-de-agua\\\/#primaryimage\"},\"thumbnailUrl\":\"https:\\\/\\\/purassima.com\\\/wp-content\\\/uploads\\\/2025\\\/07\\\/Gaia_photo1.webp\",\"datePublished\":\"2025-07-25T08:46:16+00:00\",\"dateModified\":\"2025-07-31T07:02:55+00:00\",\"breadcrumb\":{\"@id\":\"https:\\\/\\\/purassima.com\\\/es\\\/product\\\/gaia-purificador-de-agua\\\/#breadcrumb\"},\"inLanguage\":\"es\",\"potentialAction\":[{\"@type\":\"ReadAction\",\"target\":[\"https:\\\/\\\/purassima.com\\\/es\\\/product\\\/gaia-purificador-de-agua\\\/\"]}]},{\"@type\":\"ImageObject\",\"inLanguage\":\"es\",\"@id\":\"https:\\\/\\\/purassima.com\\\/es\\\/product\\\/gaia-purificador-de-agua\\\/#primaryimage\",\"url\":\"https:\\\/\\\/purassima.com\\\/wp-content\\\/uploads\\\/2025\\\/07\\\/Gaia_photo1.webp\",\"contentUrl\":\"https:\\\/\\\/purassima.com\\\/wp-content\\\/uploads\\\/2025\\\/07\\\/Gaia_photo1.webp\",\"width\":1200,\"height\":1200},{\"@type\":\"BreadcrumbList\",\"@id\":\"https:\\\/\\\/purassima.com\\\/es\\\/product\\\/gaia-purificador-de-agua\\\/#breadcrumb\",\"itemListElement\":[{\"@type\":\"ListItem\",\"position\":1,\"name\":\"Home\",\"item\":\"https:\\\/\\\/purassima.com\\\/es\\\/hogar\\\/\"},{\"@type\":\"ListItem\",\"position\":2,\"name\":\"Collections\",\"item\":\"https:\\\/\\\/purassima.com\\\/collections\\\/\"},{\"@type\":\"ListItem\",\"position\":3,\"name\":\"Gaia &#8211; purificador de agua\"}]},{\"@type\":\"WebSite\",\"@id\":\"https:\\\/\\\/purassima.com\\\/es\\\/#website\",\"url\":\"https:\\\/\\\/purassima.com\\\/es\\\/\",\"name\":\"purassima\",\"description\":\"\",\"potentialAction\":[{\"@type\":\"SearchAction\",\"target\":{\"@type\":\"EntryPoint\",\"urlTemplate\":\"https:\\\/\\\/purassima.com\\\/es\\\/?s={search_term_string}\"},\"query-input\":{\"@type\":\"PropertyValueSpecification\",\"valueRequired\":true,\"valueName\":\"search_term_string\"}}],\"inLanguage\":\"es\"}]}<\/script>\n<!-- \/ Yoast SEO plugin. -->","yoast_head_json":{"title":"Gaia - purificador de agua - Purassima","robots":{"index":"index","follow":"follow","max-snippet":"max-snippet:-1","max-image-preview":"max-image-preview:large","max-video-preview":"max-video-preview:-1"},"canonical":"https:\/\/purassima.com\/es\/product\/gaia-purificador-de-agua\/","og_locale":"es_ES","og_type":"article","og_title":"Gaia - purificador de agua - Purassima","og_description":"BENEFICIOS   agua pura todos los d\u00edas  mejora de la salud  delicioso caf\u00e9, t\u00e9, limonada, batidos, etc.  Econ\u00f3mico en uso (ahorro: \u20ac 400, - p \/ p p \/ a)   No m\u00e1s cargar con agua mineral  ecol\u00f3gico y soluci\u00f3n sostenible  AHORRO: \u00a1438 \u20ac por persona y a\u00f1o! El uso de un filtro de agua ofrece muchos beneficios para la salud, pero tambi\u00e9n supone un ahorro significativo en la contaminaci\u00f3n ambiental (petr\u00f3leo, pl\u00e1sticos y transporte), \u00a1sin mencionar el transporte de cientos de galones de agua al a\u00f1o! Pero eso no es todo, adem\u00e1s tambi\u00e9n hay ahorro econ\u00f3mico. De media, 1 litro de agua del grifo cuesta 0,05 \u20ac, el agua mineral cuesta 0,60 \u20ac el litro. Suponga beber 2 litros por d\u00eda por persona: Filtro de agua: 0,05\u20ac x 2 litro x 365 (d\u00edas) = 36,50\u20ac por persona al a\u00f1o. Agua mineral: 0,60 \u20ac x 2 litro x 365 (d\u00edas) = 438 \u20ac por persona y a\u00f1o.","og_url":"https:\/\/purassima.com\/es\/product\/gaia-purificador-de-agua\/","og_site_name":"Purassima","article_modified_time":"2025-07-31T07:02:55+00:00","og_image":[{"width":1200,"height":1200,"url":"https:\/\/purassima.com\/wp-content\/uploads\/2025\/07\/Gaia_photo1.webp","type":"image\/webp"}],"twitter_card":"summary_large_image","twitter_misc":{"Tiempo de lectura":"4 minutos"},"schema":{"@context":"https:\/\/schema.org","@graph":[{"@type":"WebPage","@id":"https:\/\/purassima.com\/es\/product\/gaia-purificador-de-agua\/","url":"https:\/\/purassima.com\/es\/product\/gaia-purificador-de-agua\/","name":"Gaia - purificador de agua - Purassima","isPartOf":{"@id":"https:\/\/purassima.com\/es\/#website"},"primaryImageOfPage":{"@id":"https:\/\/purassima.com\/es\/product\/gaia-purificador-de-agua\/#primaryimage"},"image":{"@id":"https:\/\/purassima.com\/es\/product\/gaia-purificador-de-agua\/#primaryimage"},"thumbnailUrl":"https:\/\/purassima.com\/wp-content\/uploads\/2025\/07\/Gaia_photo1.webp","datePublished":"2025-07-25T08:46:16+00:00","dateModified":"2025-07-31T07:02:55+00:00","breadcrumb":{"@id":"https:\/\/purassima.com\/es\/product\/gaia-purificador-de-agua\/#breadcrumb"},"inLanguage":"es","potentialAction":[{"@type":"ReadAction","target":["https:\/\/purassima.com\/es\/product\/gaia-purificador-de-agua\/"]}]},{"@type":"ImageObject","inLanguage":"es","@id":"https:\/\/purassima.com\/es\/product\/gaia-purificador-de-agua\/#primaryimage","url":"https:\/\/purassima.com\/wp-content\/uploads\/2025\/07\/Gaia_photo1.webp","contentUrl":"https:\/\/purassima.com\/wp-content\/uploads\/2025\/07\/Gaia_photo1.webp","width":1200,"height":1200},{"@type":"BreadcrumbList","@id":"https:\/\/purassima.com\/es\/product\/gaia-purificador-de-agua\/#breadcrumb","itemListElement":[{"@type":"ListItem","position":1,"name":"Home","item":"https:\/\/purassima.com\/es\/hogar\/"},{"@type":"ListItem","position":2,"name":"Collections","item":"https:\/\/purassima.com\/collections\/"},{"@type":"ListItem","position":3,"name":"Gaia &#8211; purificador de agua"}]},{"@type":"WebSite","@id":"https:\/\/purassima.com\/es\/#website","url":"https:\/\/purassima.com\/es\/","name":"purassima","description":"","potentialAction":[{"@type":"SearchAction","target":{"@type":"EntryPoint","urlTemplate":"https:\/\/purassima.com\/es\/?s={search_term_string}"},"query-input":{"@type":"PropertyValueSpecification","valueRequired":true,"valueName":"search_term_string"}}],"inLanguage":"es"}]}},"_links":{"self":[{"href":"https:\/\/purassima.com\/es\/wp-json\/wp\/v2\/product\/2607","targetHints":{"allow":["GET"]}}],"collection":[{"href":"https:\/\/purassima.com\/es\/wp-json\/wp\/v2\/product"}],"about":[{"href":"https:\/\/purassima.com\/es\/wp-json\/wp\/v2\/types\/product"}],"replies":[{"embeddable":true,"href":"https:\/\/purassima.com\/es\/wp-json\/wp\/v2\/comments?post=2607"}],"version-history":[{"count":1,"href":"https:\/\/purassima.com\/es\/wp-json\/wp\/v2\/product\/2607\/revisions"}],"predecessor-version":[{"id":2899,"href":"https:\/\/purassima.com\/es\/wp-json\/wp\/v2\/product\/2607\/revisions\/2899"}],"wp:featuredmedia":[{"embeddable":true,"href":"https:\/\/purassima.com\/es\/wp-json\/wp\/v2\/media\/1689"}],"wp:attachment":[{"href":"https:\/\/purassima.com\/es\/wp-json\/wp\/v2\/media?parent=2607"}],"wp:term":[{"taxonomy":"product_brand","embeddable":true,"href":"https:\/\/purassima.com\/es\/wp-json\/wp\/v2\/product_brand?post=2607"},{"taxonomy":"product_cat","embeddable":true,"href":"https:\/\/purassima.com\/es\/wp-json\/wp\/v2\/product_cat?post=2607"},{"taxonomy":"product_tag","embeddable":true,"href":"https:\/\/purassima.com\/es\/wp-json\/wp\/v2\/product_tag?post=2607"}],"curies":[{"name":"wp","href":"https:\/\/api.w.org\/{rel}","templated":true}]}}