{"id":2639,"date":"2025-07-25T09:28:05","date_gmt":"2025-07-25T09:28:05","guid":{"rendered":"https:\/\/purassima.com\/product\/hydros-35-descalcificador-de-agua\/"},"modified":"2025-07-25T09:28:05","modified_gmt":"2025-07-25T09:28:05","slug":"hydros-35-descalcificador-de-agua","status":"publish","type":"product","link":"https:\/\/purassima.com\/es\/product\/hydros-35-descalcificador-de-agua\/","title":{"rendered":"Hydros 35 &#8211; Descalcificador de agua"},"content":{"rendered":"<p>El Hydros es un ablandador de agua que elimina el calcio y el magnesio del agua. El agua dura contiene muchos iones de calcio y magnesio y esto puede causar estragos en todo tipo de aparatos que funcionan con agua, como: lavadora, lavavajillas, cafetera, hervidor, cabezal de ducha, grifos, as\u00ed como en el calentador de agua o el sistema de calefacci\u00f3n. Un descalcificador har\u00e1 que estos aparatos tengan un mejor rendimiento (eficiencia), tengan menos problemas t\u00e9cnicos y alargar\u00e1n notablemente su durabilidad.  <\/p>\n<p class=\"uk-h4 uk-margin-top-remove\"><strong>M\u00c9TODO DE ABLANDAMIENTO<\/strong><\/p>\n<div class=\"uk-margin-top\">\n<p>En primer lugar; Los sistemas de filtrado de agua no son capaces de descalcificar el agua. Para ello, puedes utilizar un descalcificador de agua. Los ablandadores de agua a base de sal son los tipos de ablandadores m\u00e1s utilizados y eficaces. Vienen en diferentes tama\u00f1os y son aptos para casi cualquier hogar. Un ablandador de agua a base de sal funciona succionando minerales pesados en el agua, como calcio y magnesio, hasta convertirlos en una resina en el ablandador y intercambi\u00e1ndolos por sodio (sal). Al eliminar los minerales pesados, el agua vuelve a un estado neutro saludable.     <\/p>\n<p><strong>ESPECIFICACIONES HIDROS<\/strong><\/p>\n<ul class=\"uk-list uk-list-line\">\n<li> Ablandador de agua a base de sal<\/li>\n<li><i class=\"uk-theme-icon-check\"><\/i> V\u00e1lvula de caudal m\u00e1ximo: 2 m3\/h<\/li>\n<li><i class=\"uk-theme-icon-check\"><\/i> Caudal m\u00e1ximo del equipo: 1,10 m3\/h<\/li>\n<li><i class=\"uk-theme-icon-check\"><\/i> Consumo de sal por regeneraci\u00f3n: 1,4 kg<\/li>\n<li><i class=\"uk-theme-icon-check\"><\/i> 35 litros<\/li>\n<\/ul>\n<p><strong>VIDA \u00daTIL 3X M\u00c1S LARGA DE LOS ELECTRODOM\u00c9STICOS<\/strong><br \/>\nUsar un ablandador de agua proporciona varios beneficios. Adem\u00e1s de los numerosos beneficios para la salud, tambi\u00e9n se obtienen importantes ahorros en t\u00e9rminos de consumo de agua, consumo de electricidad y una vida \u00fatil tres veces mayor de aparatos el\u00e9ctricos como: lavadora, lavavajillas, cafetera, hervidor, cabezal de ducha, grifos, as\u00ed como en su calentador de agua o sistema de calefacci\u00f3n. <\/p>\n<p class=\"uk-h4 uk-margin-top-remove\"><strong>BENEFICIOS<\/strong><\/p>\n<div class=\"uk-margin-top\">\n<ul class=\"uk-list uk-list-line\">\n<li><i class=\"uk-theme-icon-check\"><\/i> mayor vida \u00fatil de los electrodom\u00e9sticos<\/li>\n<li><i class=\"uk-theme-icon-check\"><\/i> agua m\u00e1s blanda cada d\u00eda<\/li>\n<li><i class=\"uk-theme-icon-check\"><\/i> mejorando la salud<\/li>\n<li><i class=\"uk-theme-icon-check\"><\/i> delicioso caf\u00e9, t\u00e9, limonada, batidos, etc.<\/li>\n<li><i class=\"uk-theme-icon-check\"><\/i> ahorro financiero<\/li>\n<li><i class=\"uk-theme-icon-check\"><\/i> ecol\u00f3gico y soluci\u00f3n sostenible<\/li>\n<\/ul>\n<\/div>\n<\/div>\n","protected":false},"excerpt":{"rendered":"<p><strong>BENEFICIOS<\/strong><\/p>\n<ul>\n<li>todos los dias agua pura<\/li>\n<li>mejora de la salud<\/li>\n<li>delicioso caf\u00e9, t\u00e9, limonada, batidos, etc.<\/li>\n<li>Econ\u00f3mica en uso (ahorro: \u20ac 400, &#8211; p \/ p p \/ a)<\/li>\n<li> No m\u00e1s cargar con agua mineral<\/li>\n<li>ecol\u00f3gico y soluci\u00f3n sostenible<\/li>\n<\/ul>\n<p><strong>AHORRO: \u00a1438 \u20ac por persona y a\u00f1o!<br \/>\n<\/strong>El uso de un filtro de agua ofrece muchos beneficios para la salud, pero tambi\u00e9n supone un ahorro significativo en la contaminaci\u00f3n ambiental (petr\u00f3leo, pl\u00e1sticos y transporte), \u00a1sin mencionar el transporte de cientos de galones de agua al a\u00f1o! Pero eso no es todo, adem\u00e1s tambi\u00e9n hay ahorro econ\u00f3mico. <\/p>\n<p>De media, 1 litro de agua del grifo cuesta 0,05 \u20ac, el agua mineral cuesta 0,60 \u20ac el litro.<br \/>\nSuponga beber 2 litros por d\u00eda por persona:<br \/>\nFiltro de agua: 0,05\u20ac x 2 litro x 365 (d\u00edas) = 36,50\u20ac por persona al a\u00f1o.<br \/>\nAgua mineral: 0,60 \u20ac x 2 litro x 365 (d\u00edas) = 438 \u20ac por persona y a\u00f1o.<\/p>\n","protected":false},"featured_media":1799,"comment_status":"open","ping_status":"closed","template":"","meta":{"_acf_changed":false},"product_brand":[],"product_cat":[86],"product_tag":[],"class_list":{"0":"post-2639","1":"product","2":"type-product","3":"status-publish","4":"has-post-thumbnail","6":"product_cat-softeners-es","8":"first","9":"instock","10":"shipping-taxable","11":"purchasable","12":"product-type-simple"},"acf":[],"yoast_head":"<!-- This site is optimized with the Yoast SEO plugin v27.3 - https:\/\/yoast.com\/product\/yoast-seo-wordpress\/ -->\n<title>Hydros 35 - Descalcificador de agua - Purassima<\/title>\n<meta name=\"robots\" content=\"index, follow, max-snippet:-1, max-image-preview:large, max-video-preview:-1\" \/>\n<link rel=\"canonical\" href=\"https:\/\/purassima.com\/es\/product\/hydros-35-descalcificador-de-agua\/\" \/>\n<meta property=\"og:locale\" content=\"es_ES\" \/>\n<meta property=\"og:type\" content=\"article\" \/>\n<meta property=\"og:title\" content=\"Hydros 35 - Descalcificador de agua - Purassima\" \/>\n<meta property=\"og:description\" content=\"BENEFICIOS  todos los dias agua pura  mejora de la salud  delicioso caf\u00e9, t\u00e9, limonada, batidos, etc.  Econ\u00f3mica en uso (ahorro: \u20ac 400, - p \/ p p \/ a)  No m\u00e1s cargar con agua mineral  ecol\u00f3gico y soluci\u00f3n sostenible AHORRO: \u00a1438 \u20ac por persona y a\u00f1o! El uso de un filtro de agua ofrece muchos beneficios para la salud, pero tambi\u00e9n supone un ahorro significativo en la contaminaci\u00f3n ambiental (petr\u00f3leo, pl\u00e1sticos y transporte), \u00a1sin mencionar el transporte de cientos de galones de agua al a\u00f1o! Pero eso no es todo, adem\u00e1s tambi\u00e9n hay ahorro econ\u00f3mico.  De media, 1 litro de agua del grifo cuesta 0,05 \u20ac, el agua mineral cuesta 0,60 \u20ac el litro. Suponga beber 2 litros por d\u00eda por persona: Filtro de agua: 0,05\u20ac x 2 litro x 365 (d\u00edas) = 36,50\u20ac por persona al a\u00f1o. Agua mineral: 0,60 \u20ac x 2 litro x 365 (d\u00edas) = 438 \u20ac por persona y a\u00f1o.\" \/>\n<meta property=\"og:url\" content=\"https:\/\/purassima.com\/es\/product\/hydros-35-descalcificador-de-agua\/\" \/>\n<meta property=\"og:site_name\" content=\"Purassima\" \/>\n<meta property=\"og:image\" content=\"https:\/\/purassima.com\/wp-content\/uploads\/2025\/07\/Hydros14-1-1.webp\" \/>\n\t<meta property=\"og:image:width\" content=\"600\" \/>\n\t<meta property=\"og:image:height\" content=\"600\" \/>\n\t<meta property=\"og:image:type\" content=\"image\/webp\" \/>\n<meta name=\"twitter:card\" content=\"summary_large_image\" \/>\n<meta name=\"twitter:label1\" content=\"Tiempo de lectura\" \/>\n\t<meta name=\"twitter:data1\" content=\"2 minutos\" \/>\n<script type=\"application\/ld+json\" class=\"yoast-schema-graph\">{\"@context\":\"https:\\\/\\\/schema.org\",\"@graph\":[{\"@type\":\"WebPage\",\"@id\":\"https:\\\/\\\/purassima.com\\\/es\\\/product\\\/hydros-35-descalcificador-de-agua\\\/\",\"url\":\"https:\\\/\\\/purassima.com\\\/es\\\/product\\\/hydros-35-descalcificador-de-agua\\\/\",\"name\":\"Hydros 35 - Descalcificador de agua - Purassima\",\"isPartOf\":{\"@id\":\"https:\\\/\\\/purassima.com\\\/es\\\/#website\"},\"primaryImageOfPage\":{\"@id\":\"https:\\\/\\\/purassima.com\\\/es\\\/product\\\/hydros-35-descalcificador-de-agua\\\/#primaryimage\"},\"image\":{\"@id\":\"https:\\\/\\\/purassima.com\\\/es\\\/product\\\/hydros-35-descalcificador-de-agua\\\/#primaryimage\"},\"thumbnailUrl\":\"https:\\\/\\\/purassima.com\\\/wp-content\\\/uploads\\\/2025\\\/07\\\/Hydros14-1-1.webp\",\"datePublished\":\"2025-07-25T09:28:05+00:00\",\"breadcrumb\":{\"@id\":\"https:\\\/\\\/purassima.com\\\/es\\\/product\\\/hydros-35-descalcificador-de-agua\\\/#breadcrumb\"},\"inLanguage\":\"es\",\"potentialAction\":[{\"@type\":\"ReadAction\",\"target\":[\"https:\\\/\\\/purassima.com\\\/es\\\/product\\\/hydros-35-descalcificador-de-agua\\\/\"]}]},{\"@type\":\"ImageObject\",\"inLanguage\":\"es\",\"@id\":\"https:\\\/\\\/purassima.com\\\/es\\\/product\\\/hydros-35-descalcificador-de-agua\\\/#primaryimage\",\"url\":\"https:\\\/\\\/purassima.com\\\/wp-content\\\/uploads\\\/2025\\\/07\\\/Hydros14-1-1.webp\",\"contentUrl\":\"https:\\\/\\\/purassima.com\\\/wp-content\\\/uploads\\\/2025\\\/07\\\/Hydros14-1-1.webp\",\"width\":600,\"height\":600},{\"@type\":\"BreadcrumbList\",\"@id\":\"https:\\\/\\\/purassima.com\\\/es\\\/product\\\/hydros-35-descalcificador-de-agua\\\/#breadcrumb\",\"itemListElement\":[{\"@type\":\"ListItem\",\"position\":1,\"name\":\"Home\",\"item\":\"https:\\\/\\\/purassima.com\\\/es\\\/hogar\\\/\"},{\"@type\":\"ListItem\",\"position\":2,\"name\":\"Collections\",\"item\":\"https:\\\/\\\/purassima.com\\\/collections\\\/\"},{\"@type\":\"ListItem\",\"position\":3,\"name\":\"Hydros 35 &#8211; Descalcificador de agua\"}]},{\"@type\":\"WebSite\",\"@id\":\"https:\\\/\\\/purassima.com\\\/es\\\/#website\",\"url\":\"https:\\\/\\\/purassima.com\\\/es\\\/\",\"name\":\"purassima\",\"description\":\"\",\"potentialAction\":[{\"@type\":\"SearchAction\",\"target\":{\"@type\":\"EntryPoint\",\"urlTemplate\":\"https:\\\/\\\/purassima.com\\\/es\\\/?s={search_term_string}\"},\"query-input\":{\"@type\":\"PropertyValueSpecification\",\"valueRequired\":true,\"valueName\":\"search_term_string\"}}],\"inLanguage\":\"es\"}]}<\/script>\n<!-- \/ Yoast SEO plugin. -->","yoast_head_json":{"title":"Hydros 35 - Descalcificador de agua - Purassima","robots":{"index":"index","follow":"follow","max-snippet":"max-snippet:-1","max-image-preview":"max-image-preview:large","max-video-preview":"max-video-preview:-1"},"canonical":"https:\/\/purassima.com\/es\/product\/hydros-35-descalcificador-de-agua\/","og_locale":"es_ES","og_type":"article","og_title":"Hydros 35 - Descalcificador de agua - Purassima","og_description":"BENEFICIOS  todos los dias agua pura  mejora de la salud  delicioso caf\u00e9, t\u00e9, limonada, batidos, etc.  Econ\u00f3mica en uso (ahorro: \u20ac 400, - p \/ p p \/ a)  No m\u00e1s cargar con agua mineral  ecol\u00f3gico y soluci\u00f3n sostenible AHORRO: \u00a1438 \u20ac por persona y a\u00f1o! El uso de un filtro de agua ofrece muchos beneficios para la salud, pero tambi\u00e9n supone un ahorro significativo en la contaminaci\u00f3n ambiental (petr\u00f3leo, pl\u00e1sticos y transporte), \u00a1sin mencionar el transporte de cientos de galones de agua al a\u00f1o! Pero eso no es todo, adem\u00e1s tambi\u00e9n hay ahorro econ\u00f3mico.  De media, 1 litro de agua del grifo cuesta 0,05 \u20ac, el agua mineral cuesta 0,60 \u20ac el litro. Suponga beber 2 litros por d\u00eda por persona: Filtro de agua: 0,05\u20ac x 2 litro x 365 (d\u00edas) = 36,50\u20ac por persona al a\u00f1o. Agua mineral: 0,60 \u20ac x 2 litro x 365 (d\u00edas) = 438 \u20ac por persona y a\u00f1o.","og_url":"https:\/\/purassima.com\/es\/product\/hydros-35-descalcificador-de-agua\/","og_site_name":"Purassima","og_image":[{"width":600,"height":600,"url":"https:\/\/purassima.com\/wp-content\/uploads\/2025\/07\/Hydros14-1-1.webp","type":"image\/webp"}],"twitter_card":"summary_large_image","twitter_misc":{"Tiempo de lectura":"2 minutos"},"schema":{"@context":"https:\/\/schema.org","@graph":[{"@type":"WebPage","@id":"https:\/\/purassima.com\/es\/product\/hydros-35-descalcificador-de-agua\/","url":"https:\/\/purassima.com\/es\/product\/hydros-35-descalcificador-de-agua\/","name":"Hydros 35 - Descalcificador de agua - Purassima","isPartOf":{"@id":"https:\/\/purassima.com\/es\/#website"},"primaryImageOfPage":{"@id":"https:\/\/purassima.com\/es\/product\/hydros-35-descalcificador-de-agua\/#primaryimage"},"image":{"@id":"https:\/\/purassima.com\/es\/product\/hydros-35-descalcificador-de-agua\/#primaryimage"},"thumbnailUrl":"https:\/\/purassima.com\/wp-content\/uploads\/2025\/07\/Hydros14-1-1.webp","datePublished":"2025-07-25T09:28:05+00:00","breadcrumb":{"@id":"https:\/\/purassima.com\/es\/product\/hydros-35-descalcificador-de-agua\/#breadcrumb"},"inLanguage":"es","potentialAction":[{"@type":"ReadAction","target":["https:\/\/purassima.com\/es\/product\/hydros-35-descalcificador-de-agua\/"]}]},{"@type":"ImageObject","inLanguage":"es","@id":"https:\/\/purassima.com\/es\/product\/hydros-35-descalcificador-de-agua\/#primaryimage","url":"https:\/\/purassima.com\/wp-content\/uploads\/2025\/07\/Hydros14-1-1.webp","contentUrl":"https:\/\/purassima.com\/wp-content\/uploads\/2025\/07\/Hydros14-1-1.webp","width":600,"height":600},{"@type":"BreadcrumbList","@id":"https:\/\/purassima.com\/es\/product\/hydros-35-descalcificador-de-agua\/#breadcrumb","itemListElement":[{"@type":"ListItem","position":1,"name":"Home","item":"https:\/\/purassima.com\/es\/hogar\/"},{"@type":"ListItem","position":2,"name":"Collections","item":"https:\/\/purassima.com\/collections\/"},{"@type":"ListItem","position":3,"name":"Hydros 35 &#8211; Descalcificador de agua"}]},{"@type":"WebSite","@id":"https:\/\/purassima.com\/es\/#website","url":"https:\/\/purassima.com\/es\/","name":"purassima","description":"","potentialAction":[{"@type":"SearchAction","target":{"@type":"EntryPoint","urlTemplate":"https:\/\/purassima.com\/es\/?s={search_term_string}"},"query-input":{"@type":"PropertyValueSpecification","valueRequired":true,"valueName":"search_term_string"}}],"inLanguage":"es"}]}},"_links":{"self":[{"href":"https:\/\/purassima.com\/es\/wp-json\/wp\/v2\/product\/2639","targetHints":{"allow":["GET"]}}],"collection":[{"href":"https:\/\/purassima.com\/es\/wp-json\/wp\/v2\/product"}],"about":[{"href":"https:\/\/purassima.com\/es\/wp-json\/wp\/v2\/types\/product"}],"replies":[{"embeddable":true,"href":"https:\/\/purassima.com\/es\/wp-json\/wp\/v2\/comments?post=2639"}],"version-history":[{"count":0,"href":"https:\/\/purassima.com\/es\/wp-json\/wp\/v2\/product\/2639\/revisions"}],"wp:featuredmedia":[{"embeddable":true,"href":"https:\/\/purassima.com\/es\/wp-json\/wp\/v2\/media\/1799"}],"wp:attachment":[{"href":"https:\/\/purassima.com\/es\/wp-json\/wp\/v2\/media?parent=2639"}],"wp:term":[{"taxonomy":"product_brand","embeddable":true,"href":"https:\/\/purassima.com\/es\/wp-json\/wp\/v2\/product_brand?post=2639"},{"taxonomy":"product_cat","embeddable":true,"href":"https:\/\/purassima.com\/es\/wp-json\/wp\/v2\/product_cat?post=2639"},{"taxonomy":"product_tag","embeddable":true,"href":"https:\/\/purassima.com\/es\/wp-json\/wp\/v2\/product_tag?post=2639"}],"curies":[{"name":"wp","href":"https:\/\/api.w.org\/{rel}","templated":true}]}}