{"id":2666,"date":"2025-07-25T09:40:12","date_gmt":"2025-07-25T09:40:12","guid":{"rendered":"https:\/\/purassima.com\/product\/hermes-ultrafiltracion\/"},"modified":"2025-07-31T07:19:02","modified_gmt":"2025-07-31T07:19:02","slug":"hermes-ultrafiltracion","status":"publish","type":"product","link":"https:\/\/purassima.com\/es\/product\/hermes-ultrafiltracion\/","title":{"rendered":"Hermes &#8211; ultrafiltraci\u00f3n"},"content":{"rendered":"\t\t<div data-elementor-type=\"product-post\" data-elementor-id=\"2666\" class=\"elementor elementor-2666 elementor-614\" data-elementor-post-type=\"product\">\n\t\t\t\t<div class=\"elementor-element elementor-element-2e2feee2 e-flex e-con-boxed e-con e-parent\" data-id=\"2e2feee2\" data-element_type=\"container\" data-e-type=\"container\">\n\t\t\t\t\t<div class=\"e-con-inner\">\n\t\t\t\t<div class=\"elementor-element elementor-element-39334ccc elementor-widget elementor-widget-text-editor\" data-id=\"39334ccc\" data-element_type=\"widget\" data-e-type=\"widget\" data-widget_type=\"text-editor.default\">\n\t\t\t\t\t\t\t\t\tMarca: Purassima\nModelo: Hermes\nProducto: sistema de filtro de agua\nM\u00e9todo: ultrafiltraci\u00f3n (UF)\nFiltros: 1 filtro (todo en uno) &#8211; 4 pasos de filtraci\u00f3n\nElectricidad: no necesaria\nInstalaci\u00f3n: f\u00e1cil\n\nSOLICITUD:\n&#8211; hogares: fregadero de la cocina\n&#8211; negocio\/oficinas: fregadero de cocina\n&#8211; m\u00f3vil: caravana, autocaravana o barco\n\nEl Purassima Hermes es un sistema de filtraci\u00f3n de agua basado en ultrafiltraci\u00f3n (UF). La ultrafiltraci\u00f3n no se diferencia mucho de la \u00f3smosis inversa (RO) en t\u00e9rminos del proceso de filtraci\u00f3n. La diferencia est\u00e1 en el tama\u00f1o de los poros de la membrana. En UF es de 0,01 micras y en \u00f3smosis inversa (RO) de 0,0001 micras. Esto permite que la \u00f3smosis inversa filtre entre el 95 y el 99 % de las impurezas, pero esto no siempre es necesario. La ultrafiltraci\u00f3n alcanza entre el 70% y el 80%, pero deja los minerales en el agua.     \n\nLa ultrafiltraci\u00f3n es m\u00e1s barata de adquirir, m\u00e1s f\u00e1cil de instalar y m\u00e1s sencilla y econ\u00f3mica de mantener que los sistemas de \u00f3smosis inversa. La membrana dura en promedio 5 veces m\u00e1s que una membrana de \u00f3smosis. El Hermes tiene un filtro todo en uno para 4 filtraciones. Este filtro es muy f\u00e1cil de reemplazar.   \n\nLos filtros Hermes (entre otros): cloro, fl\u00faor, bacterias, virus, par\u00e1sitos, micropl\u00e1sticos, GenX, PFAS, pesticidas y metales pesados.\n\nPRESUPUESTO\nCapacidad de filtraci\u00f3n: 1,5 litros por minuto\nFlujo directo (no requiere tanque)\nPresi\u00f3n del agua: 0,1 MPa &#8211; 0,4 MPa\nFiltro: 3 filtros para 4 etapas de filtraci\u00f3n\nDimensiones: 264(h)x99(w)x285(d)mm \/ peso: 3,2 kg.\nNo se necesita electricidad\n\nDESCUBRE LA DIFERENCIA: HERMES VERSUS ATLANTIS\nLa diferencia entre Hermes y Atlantis es principalmente el tama\u00f1o y la capacidad de filtraci\u00f3n del Atlantis es mayor. El Atlantis es \u00b1 25% m\u00e1s peque\u00f1o que el Hermes, lo que puede ser un argumento importante para quienes quieran utilizar este sistema en una autocaravana, caravana o barco. Ambos sistemas funcionan con baja presi\u00f3n de agua, no se necesita bomba adicional.  \n\nINSTALACI\u00d3N Y ASAMBLEA\nEste sistema de filtraci\u00f3n de agua por ultrafiltraci\u00f3n requiere instalaci\u00f3n en su cocina, caravana, autocaravana o barco. En la entrega del sistema se incluyen todas las piezas necesarias, como grifo, golpe de ariete y accesorios. Es mucho m\u00e1s f\u00e1cil de instalar que un sistema de \u00f3smosis inversa, pero se requieren ciertos conocimientos y habilidades.  \n\nSe incluye manual de instalaci\u00f3n.\t\t\t\t\t\t\t\t<\/div>\n\t\t\t\t\t<\/div>\n\t\t\t\t<\/div>\n\t\t<div class=\"elementor-element elementor-element-d3684ec e-flex e-con-boxed e-con e-parent\" data-id=\"d3684ec\" data-element_type=\"container\" data-e-type=\"container\">\n\t\t\t\t\t<div class=\"e-con-inner\">\n\t\t\t\t<div class=\"elementor-element elementor-element-4af2a58 elementor-widget elementor-widget-heading\" data-id=\"4af2a58\" data-element_type=\"widget\" data-e-type=\"widget\" data-widget_type=\"heading.default\">\n\t\t\t\t\t<h2 class=\"elementor-heading-title elementor-size-default\">Download PDF\n\n<\/h2>\t\t\t\t<\/div>\n\t\t<div data-ha-element-link=\"{&quot;url&quot;:&quot;https:\\\/\\\/purassima.com\\\/wp-content\\\/uploads\\\/2025\\\/07\\\/Purassima_brochure_EN-10.pdf&quot;,&quot;is_external&quot;:&quot;on&quot;,&quot;nofollow&quot;:&quot;&quot;}\" style=\"cursor: pointer\" class=\"elementor-element elementor-element-a6ffd67 e-con-full e-flex e-con e-child\" data-id=\"a6ffd67\" data-element_type=\"container\" data-e-type=\"container\" data-settings=\"{&quot;background_background&quot;:&quot;classic&quot;}\">\n\t\t<div class=\"elementor-element elementor-element-44b9115 e-con-full e-flex e-con e-child\" data-id=\"44b9115\" data-element_type=\"container\" data-e-type=\"container\">\n\t\t\t\t<div class=\"elementor-element elementor-element-f0eb362 elementor-widget elementor-widget-image\" data-id=\"f0eb362\" data-element_type=\"widget\" data-e-type=\"widget\" data-widget_type=\"image.default\">\n\t\t\t\t\t\t\t\t\t\t\t\t\t\t\t<img fetchpriority=\"high\" decoding=\"async\" width=\"800\" height=\"893\" src=\"https:\/\/purassima.com\/wp-content\/uploads\/2025\/07\/PDF_icon.webp\" class=\"attachment-large size-large wp-image-2768\" alt=\"\" srcset=\"https:\/\/purassima.com\/wp-content\/uploads\/2025\/07\/PDF_icon.webp 820w, https:\/\/purassima.com\/wp-content\/uploads\/2025\/07\/PDF_icon-269x300.webp 269w, https:\/\/purassima.com\/wp-content\/uploads\/2025\/07\/PDF_icon-768x857.webp 768w, https:\/\/purassima.com\/wp-content\/uploads\/2025\/07\/PDF_icon-600x670.webp 600w\" sizes=\"(max-width: 800px) 100vw, 800px\" \/>\t\t\t\t\t\t\t\t\t\t\t\t\t\t\t<\/div>\n\t\t\t\t<\/div>\n\t\t<div class=\"elementor-element elementor-element-1fb5975 e-con-full e-flex e-con e-child\" data-id=\"1fb5975\" data-element_type=\"container\" data-e-type=\"container\">\n\t\t\t\t<div class=\"elementor-element elementor-element-b24af8b elementor-widget elementor-widget-heading\" data-id=\"b24af8b\" data-element_type=\"widget\" data-e-type=\"widget\" data-widget_type=\"heading.default\">\n\t\t\t\t\t<h2 class=\"elementor-heading-title elementor-size-default\">Sistemas de folletos Purassima<\/h2>\t\t\t\t<\/div>\n\t\t\t\t<div class=\"elementor-element elementor-element-4f7d6dc elementor-widget elementor-widget-text-editor\" data-id=\"4f7d6dc\" data-element_type=\"widget\" data-e-type=\"widget\" data-widget_type=\"text-editor.default\">\n\t\t\t\t\t\t\t\t\t(550.61 KB)\n\n\t\t\t\t\t\t\t\t<\/div>\n\t\t\t\t<\/div>\n\t\t\t\t<\/div>\n\t\t\t\t\t<\/div>\n\t\t\t\t<\/div>\n\t\t\t\t<\/div>\n\t\t","protected":false},"excerpt":{"rendered":"<p><strong>BENEFICIOS<\/strong><\/p>\n<ul>\n<li>agua pura todos los d\u00edas<\/li>\n<li>mejora de la salud<\/li>\n<li>delicioso caf\u00e9, t\u00e9, limonada, batidos, etc.<\/li>\n<li>Econ\u00f3mica en uso (ahorro: \u20ac 400, &#8211; p \/ p p \/ a)<\/li>\n<li> No m\u00e1s cargar con agua mineral<\/li>\n<li>ecol\u00f3gico y soluci\u00f3n sostenible<\/li>\n<li><strong>AHORRO: \u00a1438 \u20ac por persona y a\u00f1o!<br \/>\n<\/strong>El uso de un filtro de agua ofrece muchos beneficios para la salud, pero tambi\u00e9n supone un ahorro significativo en la contaminaci\u00f3n ambiental (petr\u00f3leo, pl\u00e1sticos y transporte), \u00a1sin mencionar el transporte de cientos de galones de agua al a\u00f1o! Pero eso no es todo, adem\u00e1s tambi\u00e9n hay ahorro econ\u00f3mico. De media, 1 litro de agua del grifo cuesta 0,05 \u20ac, el agua mineral cuesta 0,60 \u20ac el litro.<br \/>\nSuponga beber 2 litros por d\u00eda por persona:<br \/>\nFiltro de agua: 0,05\u20ac x 2 litro x 365 (d\u00edas) = 36,50\u20ac por persona al a\u00f1o.<br \/>\nAgua mineral: 0,60 \u20ac x 2 litro x 365 (d\u00edas) = 438 \u20ac por persona y a\u00f1o. <\/li>\n<\/ul>\n","protected":false},"featured_media":1864,"comment_status":"open","ping_status":"closed","template":"","meta":{"_acf_changed":false},"product_brand":[],"product_cat":[94],"product_tag":[],"class_list":{"0":"post-2666","1":"product","2":"type-product","3":"status-publish","4":"has-post-thumbnail","6":"product_cat-ultrafiltracion","8":"first","9":"instock","10":"shipping-taxable","11":"purchasable","12":"product-type-simple"},"acf":[],"yoast_head":"<!-- This site is optimized with the Yoast SEO plugin v27.4 - https:\/\/yoast.com\/product\/yoast-seo-wordpress\/ -->\n<title>Hermes - ultrafiltraci\u00f3n - Purassima<\/title>\n<meta name=\"robots\" content=\"index, follow, max-snippet:-1, max-image-preview:large, max-video-preview:-1\" \/>\n<link rel=\"canonical\" href=\"https:\/\/purassima.com\/es\/product\/hermes-ultrafiltracion\/\" \/>\n<meta property=\"og:locale\" content=\"es_ES\" \/>\n<meta property=\"og:type\" content=\"article\" \/>\n<meta property=\"og:title\" content=\"Hermes - ultrafiltraci\u00f3n - Purassima\" \/>\n<meta property=\"og:description\" content=\"BENEFICIOS   agua pura todos los d\u00edas  mejora de la salud  delicioso caf\u00e9, t\u00e9, limonada, batidos, etc.  Econ\u00f3mica en uso (ahorro: \u20ac 400, - p \/ p p \/ a)   No m\u00e1s cargar con agua mineral  ecol\u00f3gico y soluci\u00f3n sostenible  AHORRO: \u00a1438 \u20ac por persona y a\u00f1o! El uso de un filtro de agua ofrece muchos beneficios para la salud, pero tambi\u00e9n supone un ahorro significativo en la contaminaci\u00f3n ambiental (petr\u00f3leo, pl\u00e1sticos y transporte), \u00a1sin mencionar el transporte de cientos de galones de agua al a\u00f1o! Pero eso no es todo, adem\u00e1s tambi\u00e9n hay ahorro econ\u00f3mico. De media, 1 litro de agua del grifo cuesta 0,05 \u20ac, el agua mineral cuesta 0,60 \u20ac el litro. Suponga beber 2 litros por d\u00eda por persona: Filtro de agua: 0,05\u20ac x 2 litro x 365 (d\u00edas) = 36,50\u20ac por persona al a\u00f1o. Agua mineral: 0,60 \u20ac x 2 litro x 365 (d\u00edas) = 438 \u20ac por persona y a\u00f1o.\" \/>\n<meta property=\"og:url\" content=\"https:\/\/purassima.com\/es\/product\/hermes-ultrafiltracion\/\" \/>\n<meta property=\"og:site_name\" content=\"Purassima\" \/>\n<meta property=\"article:modified_time\" content=\"2025-07-31T07:19:02+00:00\" \/>\n<meta property=\"og:image\" content=\"https:\/\/purassima.com\/wp-content\/uploads\/2025\/07\/Hermes_photo1_4bd8cf3a-9ad7-4f2f-9c08-35f5669199b6.webp\" \/>\n\t<meta property=\"og:image:width\" content=\"1200\" \/>\n\t<meta property=\"og:image:height\" content=\"1200\" \/>\n\t<meta property=\"og:image:type\" content=\"image\/webp\" \/>\n<meta name=\"twitter:card\" content=\"summary_large_image\" \/>\n<meta name=\"twitter:label1\" content=\"Tiempo de lectura\" \/>\n\t<meta name=\"twitter:data1\" content=\"3 minutos\" \/>\n<script type=\"application\/ld+json\" class=\"yoast-schema-graph\">{\"@context\":\"https:\\\/\\\/schema.org\",\"@graph\":[{\"@type\":\"WebPage\",\"@id\":\"https:\\\/\\\/purassima.com\\\/es\\\/product\\\/hermes-ultrafiltracion\\\/\",\"url\":\"https:\\\/\\\/purassima.com\\\/es\\\/product\\\/hermes-ultrafiltracion\\\/\",\"name\":\"Hermes - ultrafiltraci\u00f3n - Purassima\",\"isPartOf\":{\"@id\":\"https:\\\/\\\/purassima.com\\\/es\\\/#website\"},\"primaryImageOfPage\":{\"@id\":\"https:\\\/\\\/purassima.com\\\/es\\\/product\\\/hermes-ultrafiltracion\\\/#primaryimage\"},\"image\":{\"@id\":\"https:\\\/\\\/purassima.com\\\/es\\\/product\\\/hermes-ultrafiltracion\\\/#primaryimage\"},\"thumbnailUrl\":\"https:\\\/\\\/purassima.com\\\/wp-content\\\/uploads\\\/2025\\\/07\\\/Hermes_photo1_4bd8cf3a-9ad7-4f2f-9c08-35f5669199b6.webp\",\"datePublished\":\"2025-07-25T09:40:12+00:00\",\"dateModified\":\"2025-07-31T07:19:02+00:00\",\"breadcrumb\":{\"@id\":\"https:\\\/\\\/purassima.com\\\/es\\\/product\\\/hermes-ultrafiltracion\\\/#breadcrumb\"},\"inLanguage\":\"es\",\"potentialAction\":[{\"@type\":\"ReadAction\",\"target\":[\"https:\\\/\\\/purassima.com\\\/es\\\/product\\\/hermes-ultrafiltracion\\\/\"]}]},{\"@type\":\"ImageObject\",\"inLanguage\":\"es\",\"@id\":\"https:\\\/\\\/purassima.com\\\/es\\\/product\\\/hermes-ultrafiltracion\\\/#primaryimage\",\"url\":\"https:\\\/\\\/purassima.com\\\/wp-content\\\/uploads\\\/2025\\\/07\\\/Hermes_photo1_4bd8cf3a-9ad7-4f2f-9c08-35f5669199b6.webp\",\"contentUrl\":\"https:\\\/\\\/purassima.com\\\/wp-content\\\/uploads\\\/2025\\\/07\\\/Hermes_photo1_4bd8cf3a-9ad7-4f2f-9c08-35f5669199b6.webp\",\"width\":1200,\"height\":1200},{\"@type\":\"BreadcrumbList\",\"@id\":\"https:\\\/\\\/purassima.com\\\/es\\\/product\\\/hermes-ultrafiltracion\\\/#breadcrumb\",\"itemListElement\":[{\"@type\":\"ListItem\",\"position\":1,\"name\":\"Home\",\"item\":\"https:\\\/\\\/purassima.com\\\/es\\\/hogar\\\/\"},{\"@type\":\"ListItem\",\"position\":2,\"name\":\"Collections\",\"item\":\"https:\\\/\\\/purassima.com\\\/collections\\\/\"},{\"@type\":\"ListItem\",\"position\":3,\"name\":\"Hermes &#8211; ultrafiltraci\u00f3n\"}]},{\"@type\":\"WebSite\",\"@id\":\"https:\\\/\\\/purassima.com\\\/es\\\/#website\",\"url\":\"https:\\\/\\\/purassima.com\\\/es\\\/\",\"name\":\"purassima\",\"description\":\"\",\"potentialAction\":[{\"@type\":\"SearchAction\",\"target\":{\"@type\":\"EntryPoint\",\"urlTemplate\":\"https:\\\/\\\/purassima.com\\\/es\\\/?s={search_term_string}\"},\"query-input\":{\"@type\":\"PropertyValueSpecification\",\"valueRequired\":true,\"valueName\":\"search_term_string\"}}],\"inLanguage\":\"es\"}]}<\/script>\n<!-- \/ Yoast SEO plugin. -->","yoast_head_json":{"title":"Hermes - ultrafiltraci\u00f3n - Purassima","robots":{"index":"index","follow":"follow","max-snippet":"max-snippet:-1","max-image-preview":"max-image-preview:large","max-video-preview":"max-video-preview:-1"},"canonical":"https:\/\/purassima.com\/es\/product\/hermes-ultrafiltracion\/","og_locale":"es_ES","og_type":"article","og_title":"Hermes - ultrafiltraci\u00f3n - Purassima","og_description":"BENEFICIOS   agua pura todos los d\u00edas  mejora de la salud  delicioso caf\u00e9, t\u00e9, limonada, batidos, etc.  Econ\u00f3mica en uso (ahorro: \u20ac 400, - p \/ p p \/ a)   No m\u00e1s cargar con agua mineral  ecol\u00f3gico y soluci\u00f3n sostenible  AHORRO: \u00a1438 \u20ac por persona y a\u00f1o! El uso de un filtro de agua ofrece muchos beneficios para la salud, pero tambi\u00e9n supone un ahorro significativo en la contaminaci\u00f3n ambiental (petr\u00f3leo, pl\u00e1sticos y transporte), \u00a1sin mencionar el transporte de cientos de galones de agua al a\u00f1o! Pero eso no es todo, adem\u00e1s tambi\u00e9n hay ahorro econ\u00f3mico. De media, 1 litro de agua del grifo cuesta 0,05 \u20ac, el agua mineral cuesta 0,60 \u20ac el litro. Suponga beber 2 litros por d\u00eda por persona: Filtro de agua: 0,05\u20ac x 2 litro x 365 (d\u00edas) = 36,50\u20ac por persona al a\u00f1o. Agua mineral: 0,60 \u20ac x 2 litro x 365 (d\u00edas) = 438 \u20ac por persona y a\u00f1o.","og_url":"https:\/\/purassima.com\/es\/product\/hermes-ultrafiltracion\/","og_site_name":"Purassima","article_modified_time":"2025-07-31T07:19:02+00:00","og_image":[{"width":1200,"height":1200,"url":"https:\/\/purassima.com\/wp-content\/uploads\/2025\/07\/Hermes_photo1_4bd8cf3a-9ad7-4f2f-9c08-35f5669199b6.webp","type":"image\/webp"}],"twitter_card":"summary_large_image","twitter_misc":{"Tiempo de lectura":"3 minutos"},"schema":{"@context":"https:\/\/schema.org","@graph":[{"@type":"WebPage","@id":"https:\/\/purassima.com\/es\/product\/hermes-ultrafiltracion\/","url":"https:\/\/purassima.com\/es\/product\/hermes-ultrafiltracion\/","name":"Hermes - ultrafiltraci\u00f3n - Purassima","isPartOf":{"@id":"https:\/\/purassima.com\/es\/#website"},"primaryImageOfPage":{"@id":"https:\/\/purassima.com\/es\/product\/hermes-ultrafiltracion\/#primaryimage"},"image":{"@id":"https:\/\/purassima.com\/es\/product\/hermes-ultrafiltracion\/#primaryimage"},"thumbnailUrl":"https:\/\/purassima.com\/wp-content\/uploads\/2025\/07\/Hermes_photo1_4bd8cf3a-9ad7-4f2f-9c08-35f5669199b6.webp","datePublished":"2025-07-25T09:40:12+00:00","dateModified":"2025-07-31T07:19:02+00:00","breadcrumb":{"@id":"https:\/\/purassima.com\/es\/product\/hermes-ultrafiltracion\/#breadcrumb"},"inLanguage":"es","potentialAction":[{"@type":"ReadAction","target":["https:\/\/purassima.com\/es\/product\/hermes-ultrafiltracion\/"]}]},{"@type":"ImageObject","inLanguage":"es","@id":"https:\/\/purassima.com\/es\/product\/hermes-ultrafiltracion\/#primaryimage","url":"https:\/\/purassima.com\/wp-content\/uploads\/2025\/07\/Hermes_photo1_4bd8cf3a-9ad7-4f2f-9c08-35f5669199b6.webp","contentUrl":"https:\/\/purassima.com\/wp-content\/uploads\/2025\/07\/Hermes_photo1_4bd8cf3a-9ad7-4f2f-9c08-35f5669199b6.webp","width":1200,"height":1200},{"@type":"BreadcrumbList","@id":"https:\/\/purassima.com\/es\/product\/hermes-ultrafiltracion\/#breadcrumb","itemListElement":[{"@type":"ListItem","position":1,"name":"Home","item":"https:\/\/purassima.com\/es\/hogar\/"},{"@type":"ListItem","position":2,"name":"Collections","item":"https:\/\/purassima.com\/collections\/"},{"@type":"ListItem","position":3,"name":"Hermes &#8211; ultrafiltraci\u00f3n"}]},{"@type":"WebSite","@id":"https:\/\/purassima.com\/es\/#website","url":"https:\/\/purassima.com\/es\/","name":"purassima","description":"","potentialAction":[{"@type":"SearchAction","target":{"@type":"EntryPoint","urlTemplate":"https:\/\/purassima.com\/es\/?s={search_term_string}"},"query-input":{"@type":"PropertyValueSpecification","valueRequired":true,"valueName":"search_term_string"}}],"inLanguage":"es"}]}},"_links":{"self":[{"href":"https:\/\/purassima.com\/es\/wp-json\/wp\/v2\/product\/2666","targetHints":{"allow":["GET"]}}],"collection":[{"href":"https:\/\/purassima.com\/es\/wp-json\/wp\/v2\/product"}],"about":[{"href":"https:\/\/purassima.com\/es\/wp-json\/wp\/v2\/types\/product"}],"replies":[{"embeddable":true,"href":"https:\/\/purassima.com\/es\/wp-json\/wp\/v2\/comments?post=2666"}],"version-history":[{"count":4,"href":"https:\/\/purassima.com\/es\/wp-json\/wp\/v2\/product\/2666\/revisions"}],"predecessor-version":[{"id":2930,"href":"https:\/\/purassima.com\/es\/wp-json\/wp\/v2\/product\/2666\/revisions\/2930"}],"wp:featuredmedia":[{"embeddable":true,"href":"https:\/\/purassima.com\/es\/wp-json\/wp\/v2\/media\/1864"}],"wp:attachment":[{"href":"https:\/\/purassima.com\/es\/wp-json\/wp\/v2\/media?parent=2666"}],"wp:term":[{"taxonomy":"product_brand","embeddable":true,"href":"https:\/\/purassima.com\/es\/wp-json\/wp\/v2\/product_brand?post=2666"},{"taxonomy":"product_cat","embeddable":true,"href":"https:\/\/purassima.com\/es\/wp-json\/wp\/v2\/product_cat?post=2666"},{"taxonomy":"product_tag","embeddable":true,"href":"https:\/\/purassima.com\/es\/wp-json\/wp\/v2\/product_tag?post=2666"}],"curies":[{"name":"wp","href":"https:\/\/api.w.org\/{rel}","templated":true}]}}