{"id":2677,"date":"2025-07-25T09:50:13","date_gmt":"2025-07-25T09:50:13","guid":{"rendered":"https:\/\/purassima.com\/product\/olympus-dispensador-de-ultrafiltracion-2\/"},"modified":"2025-07-31T07:18:25","modified_gmt":"2025-07-31T07:18:25","slug":"olympus-dispensador-de-ultrafiltracion-2","status":"publish","type":"product","link":"https:\/\/purassima.com\/es\/product\/olympus-dispensador-de-ultrafiltracion-2\/","title":{"rendered":"Olympus &#8211; dispensador de ultrafiltraci\u00f3n"},"content":{"rendered":"\t\t<div data-elementor-type=\"product-post\" data-elementor-id=\"2677\" class=\"elementor elementor-2677 elementor-628\" data-elementor-post-type=\"product\">\n\t\t\t\t<div class=\"elementor-element elementor-element-9093df5 e-flex e-con-boxed e-con e-parent\" data-id=\"9093df5\" data-element_type=\"container\" data-e-type=\"container\">\n\t\t\t\t\t<div class=\"e-con-inner\">\n\t\t\t\t<div class=\"elementor-element elementor-element-979eb68 elementor-widget elementor-widget-text-editor\" data-id=\"979eb68\" data-element_type=\"widget\" data-e-type=\"widget\" data-widget_type=\"text-editor.default\">\n\t\t\t\t\t\t\t\t\tMarca: Purassima\nModelo: Olimpo\nProducto: sistema de filtrado de agua &#8211; dispensador\nM\u00e9todo: ultrafiltraci\u00f3n (UF)\nFiltro: 1 filtro todo en uno (4 etapas)\nElectricidad: 230 voltios\nInstalaci\u00f3n: no necesaria\n\nSOLICITUD:\n&#8211; hogares: cocina\n&#8211; negocio\/oficinas: cocina\/sala de reuniones\n&#8211; m\u00f3vil: caravana, autocaravana o barco\n\nPurassima Olympus es un modelo de encimera (dispensador) basado en el m\u00e9todo de ultrafiltraci\u00f3n (UF). Este modelo no requiere instalaci\u00f3n, s\u00f3lo electricidad. \n\nM\u00c9TODO DE ULTRA FILTRACI\u00d3N\nLa ultrafiltraci\u00f3n no es muy diferente de la \u00f3smosis inversa (RO) en t\u00e9rminos del proceso de filtraci\u00f3n. La diferencia est\u00e1 en el tama\u00f1o de los poros de la membrana. En UF es de 0,01 micras y en \u00f3smosis inversa (RO) es de 0,0001 micras. Esto permite que la \u00f3smosis inversa (RO) filtre el 99% de las impurezas, pero esto no siempre es necesario. La ultrafiltraci\u00f3n es m\u00e1s barata de adquirir, m\u00e1s f\u00e1cil de instalar y m\u00e1s sencilla y menos costosa de mantener que la \u00f3smosis inversa.    \n\nPRESUPUESTO\nCapacidad de filtraci\u00f3n: 2 litros por hora\nCapacidad del tanque: 6 litros\nFiltros: 1 filtro todo en uno \/ 4 etapas\nDimensiones: 450x210x390mm\nPeso: 13 kilos.\n\nMONTAJE Y INSTALACI\u00d3N\nEste sistema de filtraci\u00f3n de agua por ultrafiltraci\u00f3n NO requiere instalaci\u00f3n. Puedes utilizarla como una cafetera, s\u00f3lo necesitas electricidad. \t\t\t\t\t\t\t\t<\/div>\n\t\t\t\t\t<\/div>\n\t\t\t\t<\/div>\n\t\t<div class=\"elementor-element elementor-element-c884b38 e-flex e-con-boxed e-con e-parent\" data-id=\"c884b38\" data-element_type=\"container\" data-e-type=\"container\">\n\t\t\t\t\t<div class=\"e-con-inner\">\n\t\t\t\t<div class=\"elementor-element elementor-element-13be89d elementor-widget elementor-widget-heading\" data-id=\"13be89d\" data-element_type=\"widget\" data-e-type=\"widget\" data-widget_type=\"heading.default\">\n\t\t\t\t\t<h2 class=\"elementor-heading-title elementor-size-default\">Download PDF\n\n<\/h2>\t\t\t\t<\/div>\n\t\t<div data-ha-element-link=\"{&quot;url&quot;:&quot;https:\\\/\\\/purassima.com\\\/wp-content\\\/uploads\\\/2025\\\/07\\\/Dispensers_web_folder_NL-6.pdf&quot;,&quot;is_external&quot;:&quot;on&quot;,&quot;nofollow&quot;:&quot;&quot;}\" style=\"cursor: pointer\" class=\"elementor-element elementor-element-4e1e472 e-con-full e-flex e-con e-child\" data-id=\"4e1e472\" data-element_type=\"container\" data-e-type=\"container\" data-settings=\"{&quot;background_background&quot;:&quot;classic&quot;}\">\n\t\t<div class=\"elementor-element elementor-element-11abae9 e-con-full e-flex e-con e-child\" data-id=\"11abae9\" data-element_type=\"container\" data-e-type=\"container\">\n\t\t\t\t<div class=\"elementor-element elementor-element-3a13b6c elementor-widget elementor-widget-image\" data-id=\"3a13b6c\" data-element_type=\"widget\" data-e-type=\"widget\" data-widget_type=\"image.default\">\n\t\t\t\t\t\t\t\t\t\t\t\t\t\t\t<img fetchpriority=\"high\" decoding=\"async\" width=\"800\" height=\"893\" src=\"https:\/\/purassima.com\/wp-content\/uploads\/2025\/07\/PDF_icon.webp\" class=\"attachment-large size-large wp-image-2768\" alt=\"\" srcset=\"https:\/\/purassima.com\/wp-content\/uploads\/2025\/07\/PDF_icon.webp 820w, https:\/\/purassima.com\/wp-content\/uploads\/2025\/07\/PDF_icon-269x300.webp 269w, https:\/\/purassima.com\/wp-content\/uploads\/2025\/07\/PDF_icon-768x857.webp 768w, https:\/\/purassima.com\/wp-content\/uploads\/2025\/07\/PDF_icon-600x670.webp 600w\" sizes=\"(max-width: 800px) 100vw, 800px\" \/>\t\t\t\t\t\t\t\t\t\t\t\t\t\t\t<\/div>\n\t\t\t\t<\/div>\n\t\t<div class=\"elementor-element elementor-element-b91ba52 e-con-full e-flex e-con e-child\" data-id=\"b91ba52\" data-element_type=\"container\" data-e-type=\"container\">\n\t\t\t\t<div class=\"elementor-element elementor-element-7e632ff elementor-widget elementor-widget-heading\" data-id=\"7e632ff\" data-element_type=\"widget\" data-e-type=\"widget\" data-widget_type=\"heading.default\">\n\t\t\t\t\t<h2 class=\"elementor-heading-title elementor-size-default\">Sistemas de folletos Purassima<\/h2>\t\t\t\t<\/div>\n\t\t\t\t<div class=\"elementor-element elementor-element-8446468 elementor-widget elementor-widget-text-editor\" data-id=\"8446468\" data-element_type=\"widget\" data-e-type=\"widget\" data-widget_type=\"text-editor.default\">\n\t\t\t\t\t\t\t\t\t(550.61 KB)\n\n\t\t\t\t\t\t\t\t<\/div>\n\t\t\t\t<\/div>\n\t\t\t\t<\/div>\n\t\t\t\t\t<\/div>\n\t\t\t\t<\/div>\n\t\t\t\t<\/div>\n\t\t","protected":false},"excerpt":{"rendered":"<p><strong>BENEFICIOS<\/strong><\/p>\n<ul>\n<li>agua pura todos los d\u00edas<\/li>\n<li>mejora de la salud<\/li>\n<li>delicioso caf\u00e9, t\u00e9, limonada, batidos, etc.<\/li>\n<li>Econ\u00f3mica en uso (ahorro: \u20ac 400, &#8211; p \/ p p \/ a)<\/li>\n<li> No m\u00e1s cargar con agua mineral<\/li>\n<li>ecol\u00f3gico y soluci\u00f3n sostenible<\/li>\n<li><strong>AHORRO: \u00a1438 \u20ac por persona y a\u00f1o!<br \/>\n<\/strong>El uso de un filtro de agua ofrece muchos beneficios para la salud, pero tambi\u00e9n supone un ahorro significativo en la contaminaci\u00f3n ambiental (petr\u00f3leo, pl\u00e1sticos y transporte), \u00a1sin mencionar el transporte de cientos de galones de agua al a\u00f1o! Pero eso no es todo, adem\u00e1s tambi\u00e9n hay ahorro econ\u00f3mico. De media, 1 litro de agua del grifo cuesta 0,05 \u20ac, el agua mineral cuesta 0,60 \u20ac el litro.<br \/>\nSuponga beber 2 litros por d\u00eda por persona:<br \/>\nFiltro de agua: 0,05\u20ac x 2 litro x 365 (d\u00edas) = 36,50\u20ac por persona al a\u00f1o.<br \/>\nAgua mineral: 0,60 \u20ac x 2 litro x 365 (d\u00edas) = 438 \u20ac por persona y a\u00f1o. <\/li>\n<\/ul>\n","protected":false},"featured_media":1919,"comment_status":"open","ping_status":"closed","template":"","meta":{"_acf_changed":false},"product_brand":[],"product_cat":[97],"product_tag":[],"class_list":{"0":"post-2677","1":"product","2":"type-product","3":"status-publish","4":"has-post-thumbnail","6":"product_cat-dispensadores-de-filtros-de-agua","8":"first","9":"instock","10":"shipping-taxable","11":"purchasable","12":"product-type-simple"},"acf":[],"yoast_head":"<!-- This site is optimized with the Yoast SEO plugin v27.4 - https:\/\/yoast.com\/product\/yoast-seo-wordpress\/ -->\n<title>Olympus - dispensador de ultrafiltraci\u00f3n - Purassima<\/title>\n<meta name=\"robots\" content=\"index, follow, max-snippet:-1, max-image-preview:large, max-video-preview:-1\" \/>\n<link rel=\"canonical\" href=\"https:\/\/purassima.com\/es\/product\/olympus-dispensador-de-ultrafiltracion-2\/\" \/>\n<meta property=\"og:locale\" content=\"es_ES\" \/>\n<meta property=\"og:type\" content=\"article\" \/>\n<meta property=\"og:title\" content=\"Olympus - dispensador de ultrafiltraci\u00f3n - Purassima\" \/>\n<meta property=\"og:description\" content=\"BENEFICIOS   agua pura todos los d\u00edas  mejora de la salud  delicioso caf\u00e9, t\u00e9, limonada, batidos, etc.  Econ\u00f3mica en uso (ahorro: \u20ac 400, - p \/ p p \/ a)   No m\u00e1s cargar con agua mineral  ecol\u00f3gico y soluci\u00f3n sostenible  AHORRO: \u00a1438 \u20ac por persona y a\u00f1o! El uso de un filtro de agua ofrece muchos beneficios para la salud, pero tambi\u00e9n supone un ahorro significativo en la contaminaci\u00f3n ambiental (petr\u00f3leo, pl\u00e1sticos y transporte), \u00a1sin mencionar el transporte de cientos de galones de agua al a\u00f1o! Pero eso no es todo, adem\u00e1s tambi\u00e9n hay ahorro econ\u00f3mico. De media, 1 litro de agua del grifo cuesta 0,05 \u20ac, el agua mineral cuesta 0,60 \u20ac el litro. Suponga beber 2 litros por d\u00eda por persona: Filtro de agua: 0,05\u20ac x 2 litro x 365 (d\u00edas) = 36,50\u20ac por persona al a\u00f1o. Agua mineral: 0,60 \u20ac x 2 litro x 365 (d\u00edas) = 438 \u20ac por persona y a\u00f1o.\" \/>\n<meta property=\"og:url\" content=\"https:\/\/purassima.com\/es\/product\/olympus-dispensador-de-ultrafiltracion-2\/\" \/>\n<meta property=\"og:site_name\" content=\"Purassima\" \/>\n<meta property=\"article:modified_time\" content=\"2025-07-31T07:18:25+00:00\" \/>\n<meta property=\"og:image\" content=\"https:\/\/purassima.com\/wp-content\/uploads\/2025\/07\/Olympus_product-1.webp\" \/>\n\t<meta property=\"og:image:width\" content=\"600\" \/>\n\t<meta property=\"og:image:height\" content=\"600\" \/>\n\t<meta property=\"og:image:type\" content=\"image\/webp\" \/>\n<meta name=\"twitter:card\" content=\"summary_large_image\" \/>\n<meta name=\"twitter:label1\" content=\"Tiempo de lectura\" \/>\n\t<meta name=\"twitter:data1\" content=\"2 minutos\" \/>\n<script type=\"application\/ld+json\" class=\"yoast-schema-graph\">{\"@context\":\"https:\\\/\\\/schema.org\",\"@graph\":[{\"@type\":\"WebPage\",\"@id\":\"https:\\\/\\\/purassima.com\\\/es\\\/product\\\/olympus-dispensador-de-ultrafiltracion-2\\\/\",\"url\":\"https:\\\/\\\/purassima.com\\\/es\\\/product\\\/olympus-dispensador-de-ultrafiltracion-2\\\/\",\"name\":\"Olympus - dispensador de ultrafiltraci\u00f3n - Purassima\",\"isPartOf\":{\"@id\":\"https:\\\/\\\/purassima.com\\\/es\\\/#website\"},\"primaryImageOfPage\":{\"@id\":\"https:\\\/\\\/purassima.com\\\/es\\\/product\\\/olympus-dispensador-de-ultrafiltracion-2\\\/#primaryimage\"},\"image\":{\"@id\":\"https:\\\/\\\/purassima.com\\\/es\\\/product\\\/olympus-dispensador-de-ultrafiltracion-2\\\/#primaryimage\"},\"thumbnailUrl\":\"https:\\\/\\\/purassima.com\\\/wp-content\\\/uploads\\\/2025\\\/07\\\/Olympus_product-1.webp\",\"datePublished\":\"2025-07-25T09:50:13+00:00\",\"dateModified\":\"2025-07-31T07:18:25+00:00\",\"breadcrumb\":{\"@id\":\"https:\\\/\\\/purassima.com\\\/es\\\/product\\\/olympus-dispensador-de-ultrafiltracion-2\\\/#breadcrumb\"},\"inLanguage\":\"es\",\"potentialAction\":[{\"@type\":\"ReadAction\",\"target\":[\"https:\\\/\\\/purassima.com\\\/es\\\/product\\\/olympus-dispensador-de-ultrafiltracion-2\\\/\"]}]},{\"@type\":\"ImageObject\",\"inLanguage\":\"es\",\"@id\":\"https:\\\/\\\/purassima.com\\\/es\\\/product\\\/olympus-dispensador-de-ultrafiltracion-2\\\/#primaryimage\",\"url\":\"https:\\\/\\\/purassima.com\\\/wp-content\\\/uploads\\\/2025\\\/07\\\/Olympus_product-1.webp\",\"contentUrl\":\"https:\\\/\\\/purassima.com\\\/wp-content\\\/uploads\\\/2025\\\/07\\\/Olympus_product-1.webp\",\"width\":600,\"height\":600},{\"@type\":\"BreadcrumbList\",\"@id\":\"https:\\\/\\\/purassima.com\\\/es\\\/product\\\/olympus-dispensador-de-ultrafiltracion-2\\\/#breadcrumb\",\"itemListElement\":[{\"@type\":\"ListItem\",\"position\":1,\"name\":\"Home\",\"item\":\"https:\\\/\\\/purassima.com\\\/es\\\/hogar\\\/\"},{\"@type\":\"ListItem\",\"position\":2,\"name\":\"Collections\",\"item\":\"https:\\\/\\\/purassima.com\\\/collections\\\/\"},{\"@type\":\"ListItem\",\"position\":3,\"name\":\"Olympus &#8211; dispensador de ultrafiltraci\u00f3n\"}]},{\"@type\":\"WebSite\",\"@id\":\"https:\\\/\\\/purassima.com\\\/es\\\/#website\",\"url\":\"https:\\\/\\\/purassima.com\\\/es\\\/\",\"name\":\"purassima\",\"description\":\"\",\"potentialAction\":[{\"@type\":\"SearchAction\",\"target\":{\"@type\":\"EntryPoint\",\"urlTemplate\":\"https:\\\/\\\/purassima.com\\\/es\\\/?s={search_term_string}\"},\"query-input\":{\"@type\":\"PropertyValueSpecification\",\"valueRequired\":true,\"valueName\":\"search_term_string\"}}],\"inLanguage\":\"es\"}]}<\/script>\n<!-- \/ Yoast SEO plugin. -->","yoast_head_json":{"title":"Olympus - dispensador de ultrafiltraci\u00f3n - Purassima","robots":{"index":"index","follow":"follow","max-snippet":"max-snippet:-1","max-image-preview":"max-image-preview:large","max-video-preview":"max-video-preview:-1"},"canonical":"https:\/\/purassima.com\/es\/product\/olympus-dispensador-de-ultrafiltracion-2\/","og_locale":"es_ES","og_type":"article","og_title":"Olympus - dispensador de ultrafiltraci\u00f3n - Purassima","og_description":"BENEFICIOS   agua pura todos los d\u00edas  mejora de la salud  delicioso caf\u00e9, t\u00e9, limonada, batidos, etc.  Econ\u00f3mica en uso (ahorro: \u20ac 400, - p \/ p p \/ a)   No m\u00e1s cargar con agua mineral  ecol\u00f3gico y soluci\u00f3n sostenible  AHORRO: \u00a1438 \u20ac por persona y a\u00f1o! El uso de un filtro de agua ofrece muchos beneficios para la salud, pero tambi\u00e9n supone un ahorro significativo en la contaminaci\u00f3n ambiental (petr\u00f3leo, pl\u00e1sticos y transporte), \u00a1sin mencionar el transporte de cientos de galones de agua al a\u00f1o! Pero eso no es todo, adem\u00e1s tambi\u00e9n hay ahorro econ\u00f3mico. De media, 1 litro de agua del grifo cuesta 0,05 \u20ac, el agua mineral cuesta 0,60 \u20ac el litro. Suponga beber 2 litros por d\u00eda por persona: Filtro de agua: 0,05\u20ac x 2 litro x 365 (d\u00edas) = 36,50\u20ac por persona al a\u00f1o. Agua mineral: 0,60 \u20ac x 2 litro x 365 (d\u00edas) = 438 \u20ac por persona y a\u00f1o.","og_url":"https:\/\/purassima.com\/es\/product\/olympus-dispensador-de-ultrafiltracion-2\/","og_site_name":"Purassima","article_modified_time":"2025-07-31T07:18:25+00:00","og_image":[{"width":600,"height":600,"url":"https:\/\/purassima.com\/wp-content\/uploads\/2025\/07\/Olympus_product-1.webp","type":"image\/webp"}],"twitter_card":"summary_large_image","twitter_misc":{"Tiempo de lectura":"2 minutos"},"schema":{"@context":"https:\/\/schema.org","@graph":[{"@type":"WebPage","@id":"https:\/\/purassima.com\/es\/product\/olympus-dispensador-de-ultrafiltracion-2\/","url":"https:\/\/purassima.com\/es\/product\/olympus-dispensador-de-ultrafiltracion-2\/","name":"Olympus - dispensador de ultrafiltraci\u00f3n - Purassima","isPartOf":{"@id":"https:\/\/purassima.com\/es\/#website"},"primaryImageOfPage":{"@id":"https:\/\/purassima.com\/es\/product\/olympus-dispensador-de-ultrafiltracion-2\/#primaryimage"},"image":{"@id":"https:\/\/purassima.com\/es\/product\/olympus-dispensador-de-ultrafiltracion-2\/#primaryimage"},"thumbnailUrl":"https:\/\/purassima.com\/wp-content\/uploads\/2025\/07\/Olympus_product-1.webp","datePublished":"2025-07-25T09:50:13+00:00","dateModified":"2025-07-31T07:18:25+00:00","breadcrumb":{"@id":"https:\/\/purassima.com\/es\/product\/olympus-dispensador-de-ultrafiltracion-2\/#breadcrumb"},"inLanguage":"es","potentialAction":[{"@type":"ReadAction","target":["https:\/\/purassima.com\/es\/product\/olympus-dispensador-de-ultrafiltracion-2\/"]}]},{"@type":"ImageObject","inLanguage":"es","@id":"https:\/\/purassima.com\/es\/product\/olympus-dispensador-de-ultrafiltracion-2\/#primaryimage","url":"https:\/\/purassima.com\/wp-content\/uploads\/2025\/07\/Olympus_product-1.webp","contentUrl":"https:\/\/purassima.com\/wp-content\/uploads\/2025\/07\/Olympus_product-1.webp","width":600,"height":600},{"@type":"BreadcrumbList","@id":"https:\/\/purassima.com\/es\/product\/olympus-dispensador-de-ultrafiltracion-2\/#breadcrumb","itemListElement":[{"@type":"ListItem","position":1,"name":"Home","item":"https:\/\/purassima.com\/es\/hogar\/"},{"@type":"ListItem","position":2,"name":"Collections","item":"https:\/\/purassima.com\/collections\/"},{"@type":"ListItem","position":3,"name":"Olympus &#8211; dispensador de ultrafiltraci\u00f3n"}]},{"@type":"WebSite","@id":"https:\/\/purassima.com\/es\/#website","url":"https:\/\/purassima.com\/es\/","name":"purassima","description":"","potentialAction":[{"@type":"SearchAction","target":{"@type":"EntryPoint","urlTemplate":"https:\/\/purassima.com\/es\/?s={search_term_string}"},"query-input":{"@type":"PropertyValueSpecification","valueRequired":true,"valueName":"search_term_string"}}],"inLanguage":"es"}]}},"_links":{"self":[{"href":"https:\/\/purassima.com\/es\/wp-json\/wp\/v2\/product\/2677","targetHints":{"allow":["GET"]}}],"collection":[{"href":"https:\/\/purassima.com\/es\/wp-json\/wp\/v2\/product"}],"about":[{"href":"https:\/\/purassima.com\/es\/wp-json\/wp\/v2\/types\/product"}],"replies":[{"embeddable":true,"href":"https:\/\/purassima.com\/es\/wp-json\/wp\/v2\/comments?post=2677"}],"version-history":[{"count":4,"href":"https:\/\/purassima.com\/es\/wp-json\/wp\/v2\/product\/2677\/revisions"}],"predecessor-version":[{"id":2927,"href":"https:\/\/purassima.com\/es\/wp-json\/wp\/v2\/product\/2677\/revisions\/2927"}],"wp:featuredmedia":[{"embeddable":true,"href":"https:\/\/purassima.com\/es\/wp-json\/wp\/v2\/media\/1919"}],"wp:attachment":[{"href":"https:\/\/purassima.com\/es\/wp-json\/wp\/v2\/media?parent=2677"}],"wp:term":[{"taxonomy":"product_brand","embeddable":true,"href":"https:\/\/purassima.com\/es\/wp-json\/wp\/v2\/product_brand?post=2677"},{"taxonomy":"product_cat","embeddable":true,"href":"https:\/\/purassima.com\/es\/wp-json\/wp\/v2\/product_cat?post=2677"},{"taxonomy":"product_tag","embeddable":true,"href":"https:\/\/purassima.com\/es\/wp-json\/wp\/v2\/product_tag?post=2677"}],"curies":[{"name":"wp","href":"https:\/\/api.w.org\/{rel}","templated":true}]}}