{"id":2687,"date":"2025-07-25T09:59:21","date_gmt":"2025-07-25T09:59:21","guid":{"rendered":"https:\/\/purassima.com\/product\/palas-osmosis-inversa-2\/"},"modified":"2025-07-31T07:18:06","modified_gmt":"2025-07-31T07:18:06","slug":"palas-osmosis-inversa-2","status":"publish","type":"product","link":"https:\/\/purassima.com\/es\/product\/palas-osmosis-inversa-2\/","title":{"rendered":"Palas &#8211; \u00f3smosis inversa"},"content":{"rendered":"\t\t<div data-elementor-type=\"product-post\" data-elementor-id=\"2687\" class=\"elementor elementor-2687 elementor-639\" data-elementor-post-type=\"product\">\n\t\t\t\t<div class=\"elementor-element elementor-element-eb1a061 e-flex e-con-boxed e-con e-parent\" data-id=\"eb1a061\" data-element_type=\"container\" data-e-type=\"container\">\n\t\t\t\t\t<div class=\"e-con-inner\">\n\t\t\t\t<div class=\"elementor-element elementor-element-3524ea5a elementor-widget elementor-widget-text-editor\" data-id=\"3524ea5a\" data-element_type=\"widget\" data-e-type=\"widget\" data-widget_type=\"text-editor.default\">\n\t\t\t\t\t\t\t\t\tMarca: PurassimaModelo: PallasProducto: sistema de filtraci\u00f3n de aguaM\u00e9todo: \u00f3smosis inversa (RO)Filtros: 2 filtros &#8211; 4 etapas de filtraci\u00f3nInstalaci\u00f3n: s\u00ed\/t\u00e9cnico\n\nSOLICITUD:\n&#8211; hogares: fregadero de la cocina\n&#8211; negocio\/oficinas: fregadero de cocina\n\nPallas se basa completamente en flujo directo, lo que significa que la producci\u00f3n es en tiempo real y no se requiere tanque de almacenamiento. El sistema cuenta con un aqua-stop que detiene autom\u00e1ticamente el equipo en caso de cualquier fuga interna. \n\nEste sistema de \u00f3smosis inversa (RO) tiene una membrana de 600 GPD y solo DOS filtros. Este filtro cuenta con 5 etapas de filtraci\u00f3n con la filtraci\u00f3n m\u00e1s eficiente del mercado. El sistema indica autom\u00e1ticamente cu\u00e1ndo es necesario reemplazar la membrana y\/o los filtros. Ambos son muy f\u00e1ciles de reemplazar.   \n\nM\u00c9TODO DE FILTRACI\u00d3N: \u00d3SMOSIS INVERSA\nLa \u00f3smosis inversa es un sistema de filtraci\u00f3n de agua con el tama\u00f1o de poro de membrana m\u00e1s peque\u00f1o de 0,0001 micrones. Despu\u00e9s de que el agua pasa a trav\u00e9s de un sistema de \u00f3smosis inversa, proporciona el agua m\u00e1s pura de todos los m\u00e9todos de filtraci\u00f3n. Adem\u00e1s de eliminar todas las mol\u00e9culas org\u00e1nicas y virus, elimina la turbidez, los iones monovalentes (desalaci\u00f3n), incluidos los microbios. \u00a1Tambi\u00e9n elimina pr\u00e1cticamente todas las sustancias disueltas como pesticidas, residuos de medicamentos, Pfas, GenX!   \n\nPRESUPUESTO\nMembrana: 600GPD\nCapacidad de filtrado: 1,6 litros por minuto\nFiltraci\u00f3n: 5 pasos\nProducci\u00f3n: 2.200 litros por d\u00eda\nF\u00e1cil instalaci\u00f3n y mantenimiento\nDimensiones del producto: 424 x 276 x 564 mm.\nPrecio: \u20ac 799,- (IVA incluido)\n\nMONTAJE Y INSTALACI\u00d3N\nEste sistema de \u00f3smosis inversa requiere instalaci\u00f3n en su cocina. Generalmente, el sistema se coloca en el mueble de la cocina. En la entrega del sistema se incluyen todas las piezas que necesita, como grifo, tap\u00f3n de agua y accesorios. \u00a1El Pallas es el sistema m\u00e1s f\u00e1cil de instalar de todos los sistemas RO! Sin embargo, debe tener suficientes conocimientos y experiencia en bricolaje o solicitar la instalaci\u00f3n a un profesional.    \n\nEl sistema de tratamiento de agua por \u00f3smosis inversa es la mejor y m\u00e1s valiosa inversi\u00f3n para obtener agua potable sana y segura.\t\t\t\t\t\t\t\t<\/div>\n\t\t\t\t\t<\/div>\n\t\t\t\t<\/div>\n\t\t<div class=\"elementor-element elementor-element-c1e3d4a e-flex e-con-boxed e-con e-parent\" data-id=\"c1e3d4a\" data-element_type=\"container\" data-e-type=\"container\">\n\t\t\t\t\t<div class=\"e-con-inner\">\n\t\t\t\t<div class=\"elementor-element elementor-element-f97dbf5 elementor-widget elementor-widget-heading\" data-id=\"f97dbf5\" data-element_type=\"widget\" data-e-type=\"widget\" data-widget_type=\"heading.default\">\n\t\t\t\t\t<h2 class=\"elementor-heading-title elementor-size-default\">Download PDF\n\n<\/h2>\t\t\t\t<\/div>\n\t\t<div data-ha-element-link=\"{&quot;url&quot;:&quot;https:\\\/\\\/purassima.com\\\/wp-content\\\/uploads\\\/2025\\\/07\\\/Purassima_brochure_EN-14.pdf&quot;,&quot;is_external&quot;:&quot;on&quot;,&quot;nofollow&quot;:&quot;&quot;}\" style=\"cursor: pointer\" class=\"elementor-element elementor-element-8e5d356 e-con-full e-flex e-con e-child\" data-id=\"8e5d356\" data-element_type=\"container\" data-e-type=\"container\" data-settings=\"{&quot;background_background&quot;:&quot;classic&quot;}\">\n\t\t<div class=\"elementor-element elementor-element-5965a25 e-con-full e-flex e-con e-child\" data-id=\"5965a25\" data-element_type=\"container\" data-e-type=\"container\">\n\t\t\t\t<div class=\"elementor-element elementor-element-51ccf70 elementor-widget elementor-widget-image\" data-id=\"51ccf70\" data-element_type=\"widget\" data-e-type=\"widget\" data-widget_type=\"image.default\">\n\t\t\t\t\t\t\t\t\t\t\t\t\t\t\t<img fetchpriority=\"high\" decoding=\"async\" width=\"800\" height=\"893\" src=\"https:\/\/purassima.com\/wp-content\/uploads\/2025\/07\/PDF_icon.webp\" class=\"attachment-large size-large wp-image-2768\" alt=\"\" srcset=\"https:\/\/purassima.com\/wp-content\/uploads\/2025\/07\/PDF_icon.webp 820w, https:\/\/purassima.com\/wp-content\/uploads\/2025\/07\/PDF_icon-269x300.webp 269w, https:\/\/purassima.com\/wp-content\/uploads\/2025\/07\/PDF_icon-768x857.webp 768w, https:\/\/purassima.com\/wp-content\/uploads\/2025\/07\/PDF_icon-600x670.webp 600w\" sizes=\"(max-width: 800px) 100vw, 800px\" \/>\t\t\t\t\t\t\t\t\t\t\t\t\t\t\t<\/div>\n\t\t\t\t<\/div>\n\t\t<div class=\"elementor-element elementor-element-f31f53f e-con-full e-flex e-con e-child\" data-id=\"f31f53f\" data-element_type=\"container\" data-e-type=\"container\">\n\t\t\t\t<div class=\"elementor-element elementor-element-1550bd6 elementor-widget elementor-widget-heading\" data-id=\"1550bd6\" data-element_type=\"widget\" data-e-type=\"widget\" data-widget_type=\"heading.default\">\n\t\t\t\t\t<h2 class=\"elementor-heading-title elementor-size-default\">Sistemas de folletos Purassima<\/h2>\t\t\t\t<\/div>\n\t\t\t\t<div class=\"elementor-element elementor-element-a0fe2e8 elementor-widget elementor-widget-text-editor\" data-id=\"a0fe2e8\" data-element_type=\"widget\" data-e-type=\"widget\" data-widget_type=\"text-editor.default\">\n\t\t\t\t\t\t\t\t\t(550.61 KB)\n\n\t\t\t\t\t\t\t\t<\/div>\n\t\t\t\t<\/div>\n\t\t\t\t<\/div>\n\t\t\t\t\t<\/div>\n\t\t\t\t<\/div>\n\t\t\t\t<\/div>\n\t\t","protected":false},"excerpt":{"rendered":"<p><strong>BENEFICIOS<\/strong><\/p>\n<ul>\n<li>todos los dias agua pura<\/li>\n<li>mejora de la salud<\/li>\n<li>delicioso caf\u00e9, t\u00e9, limonada, batidos, etc.<\/li>\n<li>Econ\u00f3mico en uso (ahorro: \u20ac 400, &#8211; p \/ p p \/ a)<\/li>\n<li> No m\u00e1s cargar con agua mineral<\/li>\n<li>ecol\u00f3gico y soluci\u00f3n sostenible<\/li>\n<\/ul>\n<p><strong>AHORRO: \u00a1438 \u20ac por persona y a\u00f1o!<br \/>\n<\/strong>El uso de un filtro de agua ofrece muchos beneficios para la salud, pero tambi\u00e9n supone un ahorro significativo en la contaminaci\u00f3n ambiental (petr\u00f3leo, pl\u00e1sticos y transporte), \u00a1sin mencionar el transporte de cientos de galones de agua al a\u00f1o! Pero eso no es todo, adem\u00e1s tambi\u00e9n hay ahorro econ\u00f3mico. <\/p>\n<p>De media, 1 litro de agua del grifo cuesta 0,05 \u20ac, el agua mineral cuesta 0,60 \u20ac el litro.<br \/>\nSuponga beber 2 litros por d\u00eda por persona:<br \/>\nFiltro de agua: 0,05\u20ac x 2 litro x 365 (d\u00edas) = 36,50\u20ac por persona al a\u00f1o.<br \/>\nAgua mineral: 0,60 \u20ac x 2 litro x 365 (d\u00edas) = 438 \u20ac por persona y a\u00f1o.<\/p>\n","protected":false},"featured_media":1964,"comment_status":"open","ping_status":"closed","template":"","meta":{"_acf_changed":false},"product_brand":[],"product_cat":[65],"product_tag":[],"class_list":{"0":"post-2687","1":"product","2":"type-product","3":"status-publish","4":"has-post-thumbnail","6":"product_cat-sistemas-de-filtrado-de-agua","8":"first","9":"instock","10":"shipping-taxable","11":"purchasable","12":"product-type-simple"},"acf":[],"yoast_head":"<!-- This site is optimized with the Yoast SEO plugin v27.4 - https:\/\/yoast.com\/product\/yoast-seo-wordpress\/ -->\n<title>Palas - \u00f3smosis inversa - Purassima<\/title>\n<meta name=\"robots\" content=\"index, follow, max-snippet:-1, max-image-preview:large, max-video-preview:-1\" \/>\n<link rel=\"canonical\" href=\"https:\/\/purassima.com\/es\/product\/palas-osmosis-inversa-2\/\" \/>\n<meta property=\"og:locale\" content=\"es_ES\" \/>\n<meta property=\"og:type\" content=\"article\" \/>\n<meta property=\"og:title\" content=\"Palas - \u00f3smosis inversa - Purassima\" \/>\n<meta property=\"og:description\" content=\"BENEFICIOS   todos los dias agua pura  mejora de la salud  delicioso caf\u00e9, t\u00e9, limonada, batidos, etc.  Econ\u00f3mico en uso (ahorro: \u20ac 400, - p \/ p p \/ a)   No m\u00e1s cargar con agua mineral  ecol\u00f3gico y soluci\u00f3n sostenible  AHORRO: \u00a1438 \u20ac por persona y a\u00f1o! El uso de un filtro de agua ofrece muchos beneficios para la salud, pero tambi\u00e9n supone un ahorro significativo en la contaminaci\u00f3n ambiental (petr\u00f3leo, pl\u00e1sticos y transporte), \u00a1sin mencionar el transporte de cientos de galones de agua al a\u00f1o! Pero eso no es todo, adem\u00e1s tambi\u00e9n hay ahorro econ\u00f3mico.   De media, 1 litro de agua del grifo cuesta 0,05 \u20ac, el agua mineral cuesta 0,60 \u20ac el litro. Suponga beber 2 litros por d\u00eda por persona: Filtro de agua: 0,05\u20ac x 2 litro x 365 (d\u00edas) = 36,50\u20ac por persona al a\u00f1o. Agua mineral: 0,60 \u20ac x 2 litro x 365 (d\u00edas) = 438 \u20ac por persona y a\u00f1o.\" \/>\n<meta property=\"og:url\" content=\"https:\/\/purassima.com\/es\/product\/palas-osmosis-inversa-2\/\" \/>\n<meta property=\"og:site_name\" content=\"Purassima\" \/>\n<meta property=\"article:modified_time\" content=\"2025-07-31T07:18:06+00:00\" \/>\n<meta property=\"og:image\" content=\"https:\/\/purassima.com\/wp-content\/uploads\/2025\/07\/Pallas_pix1-1.webp\" \/>\n\t<meta property=\"og:image:width\" content=\"800\" \/>\n\t<meta property=\"og:image:height\" content=\"800\" \/>\n\t<meta property=\"og:image:type\" content=\"image\/webp\" \/>\n<meta name=\"twitter:card\" content=\"summary_large_image\" \/>\n<meta name=\"twitter:label1\" content=\"Tiempo de lectura\" \/>\n\t<meta name=\"twitter:data1\" content=\"2 minutos\" \/>\n<script type=\"application\/ld+json\" class=\"yoast-schema-graph\">{\"@context\":\"https:\\\/\\\/schema.org\",\"@graph\":[{\"@type\":\"WebPage\",\"@id\":\"https:\\\/\\\/purassima.com\\\/es\\\/product\\\/palas-osmosis-inversa-2\\\/\",\"url\":\"https:\\\/\\\/purassima.com\\\/es\\\/product\\\/palas-osmosis-inversa-2\\\/\",\"name\":\"Palas - \u00f3smosis inversa - Purassima\",\"isPartOf\":{\"@id\":\"https:\\\/\\\/purassima.com\\\/es\\\/#website\"},\"primaryImageOfPage\":{\"@id\":\"https:\\\/\\\/purassima.com\\\/es\\\/product\\\/palas-osmosis-inversa-2\\\/#primaryimage\"},\"image\":{\"@id\":\"https:\\\/\\\/purassima.com\\\/es\\\/product\\\/palas-osmosis-inversa-2\\\/#primaryimage\"},\"thumbnailUrl\":\"https:\\\/\\\/purassima.com\\\/wp-content\\\/uploads\\\/2025\\\/07\\\/Pallas_pix1-1.webp\",\"datePublished\":\"2025-07-25T09:59:21+00:00\",\"dateModified\":\"2025-07-31T07:18:06+00:00\",\"breadcrumb\":{\"@id\":\"https:\\\/\\\/purassima.com\\\/es\\\/product\\\/palas-osmosis-inversa-2\\\/#breadcrumb\"},\"inLanguage\":\"es\",\"potentialAction\":[{\"@type\":\"ReadAction\",\"target\":[\"https:\\\/\\\/purassima.com\\\/es\\\/product\\\/palas-osmosis-inversa-2\\\/\"]}]},{\"@type\":\"ImageObject\",\"inLanguage\":\"es\",\"@id\":\"https:\\\/\\\/purassima.com\\\/es\\\/product\\\/palas-osmosis-inversa-2\\\/#primaryimage\",\"url\":\"https:\\\/\\\/purassima.com\\\/wp-content\\\/uploads\\\/2025\\\/07\\\/Pallas_pix1-1.webp\",\"contentUrl\":\"https:\\\/\\\/purassima.com\\\/wp-content\\\/uploads\\\/2025\\\/07\\\/Pallas_pix1-1.webp\",\"width\":800,\"height\":800},{\"@type\":\"BreadcrumbList\",\"@id\":\"https:\\\/\\\/purassima.com\\\/es\\\/product\\\/palas-osmosis-inversa-2\\\/#breadcrumb\",\"itemListElement\":[{\"@type\":\"ListItem\",\"position\":1,\"name\":\"Home\",\"item\":\"https:\\\/\\\/purassima.com\\\/es\\\/hogar\\\/\"},{\"@type\":\"ListItem\",\"position\":2,\"name\":\"Collections\",\"item\":\"https:\\\/\\\/purassima.com\\\/collections\\\/\"},{\"@type\":\"ListItem\",\"position\":3,\"name\":\"Palas &#8211; \u00f3smosis inversa\"}]},{\"@type\":\"WebSite\",\"@id\":\"https:\\\/\\\/purassima.com\\\/es\\\/#website\",\"url\":\"https:\\\/\\\/purassima.com\\\/es\\\/\",\"name\":\"purassima\",\"description\":\"\",\"potentialAction\":[{\"@type\":\"SearchAction\",\"target\":{\"@type\":\"EntryPoint\",\"urlTemplate\":\"https:\\\/\\\/purassima.com\\\/es\\\/?s={search_term_string}\"},\"query-input\":{\"@type\":\"PropertyValueSpecification\",\"valueRequired\":true,\"valueName\":\"search_term_string\"}}],\"inLanguage\":\"es\"}]}<\/script>\n<!-- \/ Yoast SEO plugin. -->","yoast_head_json":{"title":"Palas - \u00f3smosis inversa - Purassima","robots":{"index":"index","follow":"follow","max-snippet":"max-snippet:-1","max-image-preview":"max-image-preview:large","max-video-preview":"max-video-preview:-1"},"canonical":"https:\/\/purassima.com\/es\/product\/palas-osmosis-inversa-2\/","og_locale":"es_ES","og_type":"article","og_title":"Palas - \u00f3smosis inversa - Purassima","og_description":"BENEFICIOS   todos los dias agua pura  mejora de la salud  delicioso caf\u00e9, t\u00e9, limonada, batidos, etc.  Econ\u00f3mico en uso (ahorro: \u20ac 400, - p \/ p p \/ a)   No m\u00e1s cargar con agua mineral  ecol\u00f3gico y soluci\u00f3n sostenible  AHORRO: \u00a1438 \u20ac por persona y a\u00f1o! El uso de un filtro de agua ofrece muchos beneficios para la salud, pero tambi\u00e9n supone un ahorro significativo en la contaminaci\u00f3n ambiental (petr\u00f3leo, pl\u00e1sticos y transporte), \u00a1sin mencionar el transporte de cientos de galones de agua al a\u00f1o! Pero eso no es todo, adem\u00e1s tambi\u00e9n hay ahorro econ\u00f3mico.   De media, 1 litro de agua del grifo cuesta 0,05 \u20ac, el agua mineral cuesta 0,60 \u20ac el litro. Suponga beber 2 litros por d\u00eda por persona: Filtro de agua: 0,05\u20ac x 2 litro x 365 (d\u00edas) = 36,50\u20ac por persona al a\u00f1o. Agua mineral: 0,60 \u20ac x 2 litro x 365 (d\u00edas) = 438 \u20ac por persona y a\u00f1o.","og_url":"https:\/\/purassima.com\/es\/product\/palas-osmosis-inversa-2\/","og_site_name":"Purassima","article_modified_time":"2025-07-31T07:18:06+00:00","og_image":[{"width":800,"height":800,"url":"https:\/\/purassima.com\/wp-content\/uploads\/2025\/07\/Pallas_pix1-1.webp","type":"image\/webp"}],"twitter_card":"summary_large_image","twitter_misc":{"Tiempo de lectura":"2 minutos"},"schema":{"@context":"https:\/\/schema.org","@graph":[{"@type":"WebPage","@id":"https:\/\/purassima.com\/es\/product\/palas-osmosis-inversa-2\/","url":"https:\/\/purassima.com\/es\/product\/palas-osmosis-inversa-2\/","name":"Palas - \u00f3smosis inversa - Purassima","isPartOf":{"@id":"https:\/\/purassima.com\/es\/#website"},"primaryImageOfPage":{"@id":"https:\/\/purassima.com\/es\/product\/palas-osmosis-inversa-2\/#primaryimage"},"image":{"@id":"https:\/\/purassima.com\/es\/product\/palas-osmosis-inversa-2\/#primaryimage"},"thumbnailUrl":"https:\/\/purassima.com\/wp-content\/uploads\/2025\/07\/Pallas_pix1-1.webp","datePublished":"2025-07-25T09:59:21+00:00","dateModified":"2025-07-31T07:18:06+00:00","breadcrumb":{"@id":"https:\/\/purassima.com\/es\/product\/palas-osmosis-inversa-2\/#breadcrumb"},"inLanguage":"es","potentialAction":[{"@type":"ReadAction","target":["https:\/\/purassima.com\/es\/product\/palas-osmosis-inversa-2\/"]}]},{"@type":"ImageObject","inLanguage":"es","@id":"https:\/\/purassima.com\/es\/product\/palas-osmosis-inversa-2\/#primaryimage","url":"https:\/\/purassima.com\/wp-content\/uploads\/2025\/07\/Pallas_pix1-1.webp","contentUrl":"https:\/\/purassima.com\/wp-content\/uploads\/2025\/07\/Pallas_pix1-1.webp","width":800,"height":800},{"@type":"BreadcrumbList","@id":"https:\/\/purassima.com\/es\/product\/palas-osmosis-inversa-2\/#breadcrumb","itemListElement":[{"@type":"ListItem","position":1,"name":"Home","item":"https:\/\/purassima.com\/es\/hogar\/"},{"@type":"ListItem","position":2,"name":"Collections","item":"https:\/\/purassima.com\/collections\/"},{"@type":"ListItem","position":3,"name":"Palas &#8211; \u00f3smosis inversa"}]},{"@type":"WebSite","@id":"https:\/\/purassima.com\/es\/#website","url":"https:\/\/purassima.com\/es\/","name":"purassima","description":"","potentialAction":[{"@type":"SearchAction","target":{"@type":"EntryPoint","urlTemplate":"https:\/\/purassima.com\/es\/?s={search_term_string}"},"query-input":{"@type":"PropertyValueSpecification","valueRequired":true,"valueName":"search_term_string"}}],"inLanguage":"es"}]}},"_links":{"self":[{"href":"https:\/\/purassima.com\/es\/wp-json\/wp\/v2\/product\/2687","targetHints":{"allow":["GET"]}}],"collection":[{"href":"https:\/\/purassima.com\/es\/wp-json\/wp\/v2\/product"}],"about":[{"href":"https:\/\/purassima.com\/es\/wp-json\/wp\/v2\/types\/product"}],"replies":[{"embeddable":true,"href":"https:\/\/purassima.com\/es\/wp-json\/wp\/v2\/comments?post=2687"}],"version-history":[{"count":4,"href":"https:\/\/purassima.com\/es\/wp-json\/wp\/v2\/product\/2687\/revisions"}],"predecessor-version":[{"id":2925,"href":"https:\/\/purassima.com\/es\/wp-json\/wp\/v2\/product\/2687\/revisions\/2925"}],"wp:featuredmedia":[{"embeddable":true,"href":"https:\/\/purassima.com\/es\/wp-json\/wp\/v2\/media\/1964"}],"wp:attachment":[{"href":"https:\/\/purassima.com\/es\/wp-json\/wp\/v2\/media?parent=2687"}],"wp:term":[{"taxonomy":"product_brand","embeddable":true,"href":"https:\/\/purassima.com\/es\/wp-json\/wp\/v2\/product_brand?post=2687"},{"taxonomy":"product_cat","embeddable":true,"href":"https:\/\/purassima.com\/es\/wp-json\/wp\/v2\/product_cat?post=2687"},{"taxonomy":"product_tag","embeddable":true,"href":"https:\/\/purassima.com\/es\/wp-json\/wp\/v2\/product_tag?post=2687"}],"curies":[{"name":"wp","href":"https:\/\/api.w.org\/{rel}","templated":true}]}}