{"id":2692,"date":"2025-07-25T10:03:04","date_gmt":"2025-07-25T10:03:04","guid":{"rendered":"https:\/\/purassima.com\/product\/heracles-osmosis-inversa-2\/"},"modified":"2025-07-31T07:17:55","modified_gmt":"2025-07-31T07:17:55","slug":"heracles-osmosis-inversa-2","status":"publish","type":"product","link":"https:\/\/purassima.com\/es\/product\/heracles-osmosis-inversa-2\/","title":{"rendered":"Heracles &#8211; \u00f3smosis inversa"},"content":{"rendered":"\t\t<div data-elementor-type=\"product-post\" data-elementor-id=\"2692\" class=\"elementor elementor-2692 elementor-646\" data-elementor-post-type=\"product\">\n\t\t\t\t<div class=\"elementor-element elementor-element-714e71f3 e-flex e-con-boxed e-con e-parent\" data-id=\"714e71f3\" data-element_type=\"container\" data-e-type=\"container\">\n\t\t\t\t\t<div class=\"e-con-inner\">\n\t\t\t\t<div class=\"elementor-element elementor-element-503e736a elementor-widget elementor-widget-text-editor\" data-id=\"503e736a\" data-element_type=\"widget\" data-e-type=\"widget\" data-widget_type=\"text-editor.default\">\n\t\t\t\t\t\t\t\t\tMarca: PurassimaModelo: HeraclesProducto: sistema de filtraci\u00f3n de aguaM\u00e9todo: \u00f3smosis inversa (RO)Filtros: 4 filtros &#8211; 4 pasos de filtraci\u00f3nInstalaci\u00f3n: s\u00ed\/montador\n\nAPLICACI\u00d3N- hogares: fregadero de cocina- negocios \/ oficinas: fregadero de cocina\n\nEl Purassima Heracles es uno de los sistemas compactos disponibles en el mercado. Este sistema de filtraci\u00f3n de agua por \u00f3smosis inversa cuenta con una bomba para mantener la presi\u00f3n constante. El sistema est\u00e1 equipado con una membrana de 75 GPD, un tanque de almacenamiento de acero inoxidable de 8 litros y un aqua-stop para prevenir posibles fugas de agua.  \n\nLa \u00f3smosis inversa es un sistema de filtraci\u00f3n de agua con el tama\u00f1o de poro de membrana m\u00e1s peque\u00f1o de 0.0001 micrones. Despu\u00e9s de que el agua pasa a trav\u00e9s de un sistema de \u00f3smosis inversa, ofrece el agua m\u00e1s pura de todos los m\u00e9todos de filtraci\u00f3n. Se filtra del 95 al 99% de la contaminaci\u00f3n, incluyendo: cloro, fl\u00faor, bacterias, virus, par\u00e1sitos, micropl\u00e1sticos, GenX, PFAS, pesticidas, metales pesados y otros qu\u00edmicos.  \n\nESPECIFICACIONES\n<ul class=\"uk-list uk-list-line\">\n \t<li>Membrana: 75 GPD (galones por d\u00eda)<\/li>\n \t<li><i class=\"uk-theme-icon-check\"><\/i> La entrega incluye bomba, tanque (8 litros), grifo, manguera de agua y soportes.<\/li>\n \t<li><i class=\"uk-theme-icon-check\"><\/i> Filtros: 4<\/li>\n \t<li><i class=\"uk-theme-icon-check\"><\/i> Dimensiones: 425x245x390 mm \/ peso: 9 kg.<\/li>\n \t<li><i class=\"uk-theme-icon-check\"><\/i> Precio: 599 \u20ac (incluido IVA)<\/li>\n<\/ul>\nINSTALACI\u00d3NEste sistema de \u00f3smosis inversa requiere instalaci\u00f3n en su cocina. Puede pedir a un fontanero que instale el sistema profesionalmente para usted. Todas las piezas (grifo, cierre de agua y accesorios) est\u00e1n incluidas.  \n\nEl sistema de tratamiento de agua por \u00f3smosis inversa es la mejor y m\u00e1s valiosa inversi\u00f3n para obtener agua potable saludable y segura.\t\t\t\t\t\t\t\t<\/div>\n\t\t\t\t\t<\/div>\n\t\t\t\t<\/div>\n\t\t<div class=\"elementor-element elementor-element-73e1301 e-flex e-con-boxed e-con e-parent\" data-id=\"73e1301\" data-element_type=\"container\" data-e-type=\"container\">\n\t\t\t\t\t<div class=\"e-con-inner\">\n\t\t\t\t<div class=\"elementor-element elementor-element-075dc79 elementor-widget elementor-widget-heading\" data-id=\"075dc79\" data-element_type=\"widget\" data-e-type=\"widget\" data-widget_type=\"heading.default\">\n\t\t\t\t\t<h2 class=\"elementor-heading-title elementor-size-default\">Download PDF\n\n<\/h2>\t\t\t\t<\/div>\n\t\t<div data-ha-element-link=\"{&quot;url&quot;:&quot;https:\\\/\\\/purassima.com\\\/wp-content\\\/uploads\\\/2025\\\/07\\\/Purassima_brochure_EN-15.pdf&quot;,&quot;is_external&quot;:&quot;on&quot;,&quot;nofollow&quot;:&quot;&quot;}\" style=\"cursor: pointer\" class=\"elementor-element elementor-element-f393530 e-con-full e-flex e-con e-child\" data-id=\"f393530\" data-element_type=\"container\" data-e-type=\"container\" data-settings=\"{&quot;background_background&quot;:&quot;classic&quot;}\">\n\t\t<div class=\"elementor-element elementor-element-8ac778f e-con-full e-flex e-con e-child\" data-id=\"8ac778f\" data-element_type=\"container\" data-e-type=\"container\">\n\t\t\t\t<div class=\"elementor-element elementor-element-64baee3 elementor-widget elementor-widget-image\" data-id=\"64baee3\" data-element_type=\"widget\" data-e-type=\"widget\" data-widget_type=\"image.default\">\n\t\t\t\t\t\t\t\t\t\t\t\t\t\t\t<img fetchpriority=\"high\" decoding=\"async\" width=\"800\" height=\"893\" src=\"https:\/\/purassima.com\/wp-content\/uploads\/2025\/07\/PDF_icon.webp\" class=\"attachment-large size-large wp-image-2768\" alt=\"\" srcset=\"https:\/\/purassima.com\/wp-content\/uploads\/2025\/07\/PDF_icon.webp 820w, https:\/\/purassima.com\/wp-content\/uploads\/2025\/07\/PDF_icon-269x300.webp 269w, https:\/\/purassima.com\/wp-content\/uploads\/2025\/07\/PDF_icon-768x857.webp 768w, https:\/\/purassima.com\/wp-content\/uploads\/2025\/07\/PDF_icon-600x670.webp 600w\" sizes=\"(max-width: 800px) 100vw, 800px\" \/>\t\t\t\t\t\t\t\t\t\t\t\t\t\t\t<\/div>\n\t\t\t\t<\/div>\n\t\t<div class=\"elementor-element elementor-element-441beb5 e-con-full e-flex e-con e-child\" data-id=\"441beb5\" data-element_type=\"container\" data-e-type=\"container\">\n\t\t\t\t<div class=\"elementor-element elementor-element-2be9d01 elementor-widget elementor-widget-heading\" data-id=\"2be9d01\" data-element_type=\"widget\" data-e-type=\"widget\" data-widget_type=\"heading.default\">\n\t\t\t\t\t<h2 class=\"elementor-heading-title elementor-size-default\">Sistemas de folletos Purassima<\/h2>\t\t\t\t<\/div>\n\t\t\t\t<div class=\"elementor-element elementor-element-c415d55 elementor-widget elementor-widget-text-editor\" data-id=\"c415d55\" data-element_type=\"widget\" data-e-type=\"widget\" data-widget_type=\"text-editor.default\">\n\t\t\t\t\t\t\t\t\t(550.61 KB)\n\n\t\t\t\t\t\t\t\t<\/div>\n\t\t\t\t<\/div>\n\t\t\t\t<\/div>\n\t\t\t\t\t<\/div>\n\t\t\t\t<\/div>\n\t\t\t\t<\/div>\n\t\t","protected":false},"excerpt":{"rendered":"<p><strong>BENEFICIOS<\/strong><\/p>\n<ul>\n<li>agua pura todos los d\u00edas<\/li>\n<li>mejora de la salud<\/li>\n<li>caf\u00e9 delicioso, t\u00e9, limonada, batidos, etc.<\/li>\n<li>Econ\u00f3mico en uso (ahorros: \u20ac 400,- por persona por a\u00f1o)<\/li>\n<li> No m\u00e1s cargar con agua mineral<\/li>\n<li>ecol\u00f3gico y soluci\u00f3n sostenible<\/li>\n<\/ul>\n<p><strong>AHORRO: \u00a1438 \u20ac por persona y a\u00f1o!<br \/>\n<\/strong>Usar un filtro de agua ofrece muchos beneficios para la salud, pero tambi\u00e9n hay un ahorro significativo en la contaminaci\u00f3n ambiental (petr\u00f3leo, pl\u00e1sticos y transporte), sin mencionar el transporte de cientos de galones de agua al a\u00f1o. \u00a1Pero eso no es todo, adem\u00e1s tambi\u00e9n hay un ahorro financiero! <\/p>\n<p>En promedio, 1 litro de agua del grifo cuesta \u20ac 0,05, el agua mineral cuesta \u20ac 0,60 por litro. Suponiendo que se beben 2 litros al d\u00eda por persona: Filtro de agua: \u20ac 0,05 x 2 litros x 365 (d\u00edas) = \u20ac 36,50 por persona al a\u00f1o. Agua mineral: \u20ac 0,60 x 2 litros x 365 (d\u00edas) = \u20ac 438,- por persona al a\u00f1o.<\/p>\n","protected":false},"featured_media":1994,"comment_status":"open","ping_status":"closed","template":"","meta":{"_acf_changed":false},"product_brand":[],"product_cat":[65],"product_tag":[],"class_list":{"0":"post-2692","1":"product","2":"type-product","3":"status-publish","4":"has-post-thumbnail","6":"product_cat-sistemas-de-filtrado-de-agua","8":"first","9":"instock","10":"shipping-taxable","11":"purchasable","12":"product-type-simple"},"acf":[],"yoast_head":"<!-- This site is optimized with the Yoast SEO plugin v27.4 - https:\/\/yoast.com\/product\/yoast-seo-wordpress\/ -->\n<title>Heracles - \u00f3smosis inversa - Purassima<\/title>\n<meta name=\"robots\" content=\"index, follow, max-snippet:-1, max-image-preview:large, max-video-preview:-1\" \/>\n<link rel=\"canonical\" href=\"https:\/\/purassima.com\/es\/product\/heracles-osmosis-inversa-2\/\" \/>\n<meta property=\"og:locale\" content=\"es_ES\" \/>\n<meta property=\"og:type\" content=\"article\" \/>\n<meta property=\"og:title\" content=\"Heracles - \u00f3smosis inversa - Purassima\" \/>\n<meta property=\"og:description\" content=\"BENEFICIOS   agua pura todos los d\u00edas  mejora de la salud  caf\u00e9 delicioso, t\u00e9, limonada, batidos, etc.  Econ\u00f3mico en uso (ahorros: \u20ac 400,- por persona por a\u00f1o)   No m\u00e1s cargar con agua mineral  ecol\u00f3gico y soluci\u00f3n sostenible  AHORRO: \u00a1438 \u20ac por persona y a\u00f1o! Usar un filtro de agua ofrece muchos beneficios para la salud, pero tambi\u00e9n hay un ahorro significativo en la contaminaci\u00f3n ambiental (petr\u00f3leo, pl\u00e1sticos y transporte), sin mencionar el transporte de cientos de galones de agua al a\u00f1o. \u00a1Pero eso no es todo, adem\u00e1s tambi\u00e9n hay un ahorro financiero!   En promedio, 1 litro de agua del grifo cuesta \u20ac 0,05, el agua mineral cuesta \u20ac 0,60 por litro. Suponiendo que se beben 2 litros al d\u00eda por persona: Filtro de agua: \u20ac 0,05 x 2 litros x 365 (d\u00edas) = \u20ac 36,50 por persona al a\u00f1o. Agua mineral: \u20ac 0,60 x 2 litros x 365 (d\u00edas) = \u20ac 438,- por persona al a\u00f1o.\" \/>\n<meta property=\"og:url\" content=\"https:\/\/purassima.com\/es\/product\/heracles-osmosis-inversa-2\/\" \/>\n<meta property=\"og:site_name\" content=\"Purassima\" \/>\n<meta property=\"article:modified_time\" content=\"2025-07-31T07:17:55+00:00\" \/>\n<meta property=\"og:image\" content=\"https:\/\/purassima.com\/wp-content\/uploads\/2025\/07\/Heracles_photo1-1.webp\" \/>\n\t<meta property=\"og:image:width\" content=\"1200\" \/>\n\t<meta property=\"og:image:height\" content=\"1200\" \/>\n\t<meta property=\"og:image:type\" content=\"image\/webp\" \/>\n<meta name=\"twitter:card\" content=\"summary_large_image\" \/>\n<meta name=\"twitter:label1\" content=\"Tiempo de lectura\" \/>\n\t<meta name=\"twitter:data1\" content=\"2 minutos\" \/>\n<script type=\"application\/ld+json\" class=\"yoast-schema-graph\">{\"@context\":\"https:\\\/\\\/schema.org\",\"@graph\":[{\"@type\":\"WebPage\",\"@id\":\"https:\\\/\\\/purassima.com\\\/es\\\/product\\\/heracles-osmosis-inversa-2\\\/\",\"url\":\"https:\\\/\\\/purassima.com\\\/es\\\/product\\\/heracles-osmosis-inversa-2\\\/\",\"name\":\"Heracles - \u00f3smosis inversa - Purassima\",\"isPartOf\":{\"@id\":\"https:\\\/\\\/purassima.com\\\/es\\\/#website\"},\"primaryImageOfPage\":{\"@id\":\"https:\\\/\\\/purassima.com\\\/es\\\/product\\\/heracles-osmosis-inversa-2\\\/#primaryimage\"},\"image\":{\"@id\":\"https:\\\/\\\/purassima.com\\\/es\\\/product\\\/heracles-osmosis-inversa-2\\\/#primaryimage\"},\"thumbnailUrl\":\"https:\\\/\\\/purassima.com\\\/wp-content\\\/uploads\\\/2025\\\/07\\\/Heracles_photo1-1.webp\",\"datePublished\":\"2025-07-25T10:03:04+00:00\",\"dateModified\":\"2025-07-31T07:17:55+00:00\",\"breadcrumb\":{\"@id\":\"https:\\\/\\\/purassima.com\\\/es\\\/product\\\/heracles-osmosis-inversa-2\\\/#breadcrumb\"},\"inLanguage\":\"es\",\"potentialAction\":[{\"@type\":\"ReadAction\",\"target\":[\"https:\\\/\\\/purassima.com\\\/es\\\/product\\\/heracles-osmosis-inversa-2\\\/\"]}]},{\"@type\":\"ImageObject\",\"inLanguage\":\"es\",\"@id\":\"https:\\\/\\\/purassima.com\\\/es\\\/product\\\/heracles-osmosis-inversa-2\\\/#primaryimage\",\"url\":\"https:\\\/\\\/purassima.com\\\/wp-content\\\/uploads\\\/2025\\\/07\\\/Heracles_photo1-1.webp\",\"contentUrl\":\"https:\\\/\\\/purassima.com\\\/wp-content\\\/uploads\\\/2025\\\/07\\\/Heracles_photo1-1.webp\",\"width\":1200,\"height\":1200},{\"@type\":\"BreadcrumbList\",\"@id\":\"https:\\\/\\\/purassima.com\\\/es\\\/product\\\/heracles-osmosis-inversa-2\\\/#breadcrumb\",\"itemListElement\":[{\"@type\":\"ListItem\",\"position\":1,\"name\":\"Home\",\"item\":\"https:\\\/\\\/purassima.com\\\/es\\\/hogar\\\/\"},{\"@type\":\"ListItem\",\"position\":2,\"name\":\"Collections\",\"item\":\"https:\\\/\\\/purassima.com\\\/collections\\\/\"},{\"@type\":\"ListItem\",\"position\":3,\"name\":\"Heracles &#8211; \u00f3smosis inversa\"}]},{\"@type\":\"WebSite\",\"@id\":\"https:\\\/\\\/purassima.com\\\/es\\\/#website\",\"url\":\"https:\\\/\\\/purassima.com\\\/es\\\/\",\"name\":\"purassima\",\"description\":\"\",\"potentialAction\":[{\"@type\":\"SearchAction\",\"target\":{\"@type\":\"EntryPoint\",\"urlTemplate\":\"https:\\\/\\\/purassima.com\\\/es\\\/?s={search_term_string}\"},\"query-input\":{\"@type\":\"PropertyValueSpecification\",\"valueRequired\":true,\"valueName\":\"search_term_string\"}}],\"inLanguage\":\"es\"}]}<\/script>\n<!-- \/ Yoast SEO plugin. -->","yoast_head_json":{"title":"Heracles - \u00f3smosis inversa - Purassima","robots":{"index":"index","follow":"follow","max-snippet":"max-snippet:-1","max-image-preview":"max-image-preview:large","max-video-preview":"max-video-preview:-1"},"canonical":"https:\/\/purassima.com\/es\/product\/heracles-osmosis-inversa-2\/","og_locale":"es_ES","og_type":"article","og_title":"Heracles - \u00f3smosis inversa - Purassima","og_description":"BENEFICIOS   agua pura todos los d\u00edas  mejora de la salud  caf\u00e9 delicioso, t\u00e9, limonada, batidos, etc.  Econ\u00f3mico en uso (ahorros: \u20ac 400,- por persona por a\u00f1o)   No m\u00e1s cargar con agua mineral  ecol\u00f3gico y soluci\u00f3n sostenible  AHORRO: \u00a1438 \u20ac por persona y a\u00f1o! Usar un filtro de agua ofrece muchos beneficios para la salud, pero tambi\u00e9n hay un ahorro significativo en la contaminaci\u00f3n ambiental (petr\u00f3leo, pl\u00e1sticos y transporte), sin mencionar el transporte de cientos de galones de agua al a\u00f1o. \u00a1Pero eso no es todo, adem\u00e1s tambi\u00e9n hay un ahorro financiero!   En promedio, 1 litro de agua del grifo cuesta \u20ac 0,05, el agua mineral cuesta \u20ac 0,60 por litro. Suponiendo que se beben 2 litros al d\u00eda por persona: Filtro de agua: \u20ac 0,05 x 2 litros x 365 (d\u00edas) = \u20ac 36,50 por persona al a\u00f1o. Agua mineral: \u20ac 0,60 x 2 litros x 365 (d\u00edas) = \u20ac 438,- por persona al a\u00f1o.","og_url":"https:\/\/purassima.com\/es\/product\/heracles-osmosis-inversa-2\/","og_site_name":"Purassima","article_modified_time":"2025-07-31T07:17:55+00:00","og_image":[{"width":1200,"height":1200,"url":"https:\/\/purassima.com\/wp-content\/uploads\/2025\/07\/Heracles_photo1-1.webp","type":"image\/webp"}],"twitter_card":"summary_large_image","twitter_misc":{"Tiempo de lectura":"2 minutos"},"schema":{"@context":"https:\/\/schema.org","@graph":[{"@type":"WebPage","@id":"https:\/\/purassima.com\/es\/product\/heracles-osmosis-inversa-2\/","url":"https:\/\/purassima.com\/es\/product\/heracles-osmosis-inversa-2\/","name":"Heracles - \u00f3smosis inversa - Purassima","isPartOf":{"@id":"https:\/\/purassima.com\/es\/#website"},"primaryImageOfPage":{"@id":"https:\/\/purassima.com\/es\/product\/heracles-osmosis-inversa-2\/#primaryimage"},"image":{"@id":"https:\/\/purassima.com\/es\/product\/heracles-osmosis-inversa-2\/#primaryimage"},"thumbnailUrl":"https:\/\/purassima.com\/wp-content\/uploads\/2025\/07\/Heracles_photo1-1.webp","datePublished":"2025-07-25T10:03:04+00:00","dateModified":"2025-07-31T07:17:55+00:00","breadcrumb":{"@id":"https:\/\/purassima.com\/es\/product\/heracles-osmosis-inversa-2\/#breadcrumb"},"inLanguage":"es","potentialAction":[{"@type":"ReadAction","target":["https:\/\/purassima.com\/es\/product\/heracles-osmosis-inversa-2\/"]}]},{"@type":"ImageObject","inLanguage":"es","@id":"https:\/\/purassima.com\/es\/product\/heracles-osmosis-inversa-2\/#primaryimage","url":"https:\/\/purassima.com\/wp-content\/uploads\/2025\/07\/Heracles_photo1-1.webp","contentUrl":"https:\/\/purassima.com\/wp-content\/uploads\/2025\/07\/Heracles_photo1-1.webp","width":1200,"height":1200},{"@type":"BreadcrumbList","@id":"https:\/\/purassima.com\/es\/product\/heracles-osmosis-inversa-2\/#breadcrumb","itemListElement":[{"@type":"ListItem","position":1,"name":"Home","item":"https:\/\/purassima.com\/es\/hogar\/"},{"@type":"ListItem","position":2,"name":"Collections","item":"https:\/\/purassima.com\/collections\/"},{"@type":"ListItem","position":3,"name":"Heracles &#8211; \u00f3smosis inversa"}]},{"@type":"WebSite","@id":"https:\/\/purassima.com\/es\/#website","url":"https:\/\/purassima.com\/es\/","name":"purassima","description":"","potentialAction":[{"@type":"SearchAction","target":{"@type":"EntryPoint","urlTemplate":"https:\/\/purassima.com\/es\/?s={search_term_string}"},"query-input":{"@type":"PropertyValueSpecification","valueRequired":true,"valueName":"search_term_string"}}],"inLanguage":"es"}]}},"_links":{"self":[{"href":"https:\/\/purassima.com\/es\/wp-json\/wp\/v2\/product\/2692","targetHints":{"allow":["GET"]}}],"collection":[{"href":"https:\/\/purassima.com\/es\/wp-json\/wp\/v2\/product"}],"about":[{"href":"https:\/\/purassima.com\/es\/wp-json\/wp\/v2\/types\/product"}],"replies":[{"embeddable":true,"href":"https:\/\/purassima.com\/es\/wp-json\/wp\/v2\/comments?post=2692"}],"version-history":[{"count":4,"href":"https:\/\/purassima.com\/es\/wp-json\/wp\/v2\/product\/2692\/revisions"}],"predecessor-version":[{"id":2924,"href":"https:\/\/purassima.com\/es\/wp-json\/wp\/v2\/product\/2692\/revisions\/2924"}],"wp:featuredmedia":[{"embeddable":true,"href":"https:\/\/purassima.com\/es\/wp-json\/wp\/v2\/media\/1994"}],"wp:attachment":[{"href":"https:\/\/purassima.com\/es\/wp-json\/wp\/v2\/media?parent=2692"}],"wp:term":[{"taxonomy":"product_brand","embeddable":true,"href":"https:\/\/purassima.com\/es\/wp-json\/wp\/v2\/product_brand?post=2692"},{"taxonomy":"product_cat","embeddable":true,"href":"https:\/\/purassima.com\/es\/wp-json\/wp\/v2\/product_cat?post=2692"},{"taxonomy":"product_tag","embeddable":true,"href":"https:\/\/purassima.com\/es\/wp-json\/wp\/v2\/product_tag?post=2692"}],"curies":[{"name":"wp","href":"https:\/\/api.w.org\/{rel}","templated":true}]}}