{"id":2516,"date":"2025-07-26T10:58:21","date_gmt":"2025-07-26T10:58:21","guid":{"rendered":"https:\/\/purassima.com\/distributeurs-exclusifs\/"},"modified":"2025-07-30T05:28:19","modified_gmt":"2025-07-30T05:28:19","slug":"distributeurs-exclusifs","status":"publish","type":"page","link":"https:\/\/purassima.com\/fr\/distributeurs-exclusifs\/","title":{"rendered":"Distributeurs exclusifs"},"content":{"rendered":"\t\t<div data-elementor-type=\"wp-page\" data-elementor-id=\"2516\" class=\"elementor elementor-2516 elementor-1053\" data-elementor-post-type=\"page\">\n\t\t\t\t<div class=\"elementor-element elementor-element-0e594ae e-con-full e-flex e-con e-parent\" data-id=\"0e594ae\" data-element_type=\"container\" data-e-type=\"container\">\n\t\t\t\t<div class=\"elementor-element elementor-element-baf2743 elementor-widget elementor-widget-image\" data-id=\"baf2743\" data-element_type=\"widget\" data-e-type=\"widget\" data-widget_type=\"image.default\">\n\t\t\t\t\t\t\t\t\t\t\t\t\t\t\t<img fetchpriority=\"high\" decoding=\"async\" width=\"2000\" height=\"736\" src=\"https:\/\/purassima.com\/wp-content\/uploads\/2025\/07\/headless_header.webp\" class=\"attachment-full size-full wp-image-2216\" alt=\"\" srcset=\"https:\/\/purassima.com\/wp-content\/uploads\/2025\/07\/headless_header.webp 2000w, https:\/\/purassima.com\/wp-content\/uploads\/2025\/07\/headless_header-300x110.webp 300w, https:\/\/purassima.com\/wp-content\/uploads\/2025\/07\/headless_header-1024x377.webp 1024w, https:\/\/purassima.com\/wp-content\/uploads\/2025\/07\/headless_header-768x283.webp 768w, https:\/\/purassima.com\/wp-content\/uploads\/2025\/07\/headless_header-1536x565.webp 1536w, https:\/\/purassima.com\/wp-content\/uploads\/2025\/07\/headless_header-600x221.webp 600w\" sizes=\"(max-width: 2000px) 100vw, 2000px\" \/>\t\t\t\t\t\t\t\t\t\t\t\t\t\t\t<\/div>\n\t\t\t\t<div class=\"elementor-element elementor-element-bf7410a elementor-widget elementor-widget-heading\" data-id=\"bf7410a\" data-element_type=\"widget\" data-e-type=\"widget\" data-widget_type=\"heading.default\">\n\t\t\t\t\t<h2 class=\"elementor-heading-title elementor-size-default\">Distributeurs exclusifs<\/h2>\t\t\t\t<\/div>\n\t\t\t\t<div class=\"elementor-element elementor-element-29cbbd6 elementor-widget__width-initial elementor-widget elementor-widget-text-editor\" data-id=\"29cbbd6\" data-element_type=\"widget\" data-e-type=\"widget\" data-widget_type=\"text-editor.default\">\n\t\t\t\t\t\t\t\t\t<p>Nous travaillons avec un distributeur exclusif par pays. Nous recherchons des entrepreneurs dans l&rsquo;UE (espace Schengen) pour cr\u00e9er un r\u00e9seau de distributeurs ind\u00e9pendants. Si vous avez envie de d\u00e9velopper votre entreprise ou de d\u00e9marrer une nouvelle entreprise en utilisant nos produits de haute qualit\u00e9, contactez-nous !  <\/p>\t\t\t\t\t\t\t\t<\/div>\n\t\t\t\t<\/div>\n\t\t<div class=\"elementor-element elementor-element-a43d05a e-con-full e-flex e-con e-parent\" data-id=\"a43d05a\" data-element_type=\"container\" data-e-type=\"container\">\n\t\t<div class=\"elementor-element elementor-element-9798594 e-flex e-con-boxed e-con e-child\" data-id=\"9798594\" data-element_type=\"container\" data-e-type=\"container\">\n\t\t\t\t\t<div class=\"e-con-inner\">\n\t\t\t\t<div class=\"elementor-element elementor-element-6510b6e elementor-widget elementor-widget-image\" data-id=\"6510b6e\" data-element_type=\"widget\" data-e-type=\"widget\" data-widget_type=\"image.default\">\n\t\t\t\t\t\t\t\t\t\t\t\t\t\t\t<img decoding=\"async\" width=\"600\" height=\"400\" src=\"https:\/\/purassima.com\/wp-content\/uploads\/2025\/07\/dropshipping.webp\" class=\"attachment-full size-full wp-image-2221\" alt=\"\" srcset=\"https:\/\/purassima.com\/wp-content\/uploads\/2025\/07\/dropshipping.webp 600w, https:\/\/purassima.com\/wp-content\/uploads\/2025\/07\/dropshipping-300x200.webp 300w\" sizes=\"(max-width: 600px) 100vw, 600px\" \/>\t\t\t\t\t\t\t\t\t\t\t\t\t\t\t<\/div>\n\t\t\t\t\t<\/div>\n\t\t\t\t<\/div>\n\t\t<div class=\"elementor-element elementor-element-90b18e8 e-con-full e-flex e-con e-child\" data-id=\"90b18e8\" data-element_type=\"container\" data-e-type=\"container\">\n\t\t\t\t<div class=\"elementor-element elementor-element-9a2912a elementor-widget elementor-widget-heading\" data-id=\"9a2912a\" data-element_type=\"widget\" data-e-type=\"widget\" data-widget_type=\"heading.default\">\n\t\t\t\t\t<h2 class=\"elementor-heading-title elementor-size-default\">Unir nos forces<\/h2>\t\t\t\t<\/div>\n\t\t\t\t<div class=\"elementor-element elementor-element-2e54c12 elementor-widget elementor-widget-text-editor\" data-id=\"2e54c12\" data-element_type=\"widget\" data-e-type=\"widget\" data-widget_type=\"text-editor.default\">\n\t\t\t\t\t\t\t\t\t<p>Nous sommes grossiste et avec notre marque Purassima, nous souhaitons mettre en place un r\u00e9seau de distributeurs d&rsquo;autres (petits) entrepreneurs dans diff\u00e9rents pays europ\u00e9ens. Dans le but d\u2019unir nos forces et de pouvoir travailler ensemble de mani\u00e8re intensive. Ce faisant, nous voulons obtenir une position forte sur le march\u00e9 et cr\u00e9er une situation gagnant-gagnant.  <\/p>\t\t\t\t\t\t\t\t<\/div>\n\t\t\t\t<\/div>\n\t\t\t\t<\/div>\n\t\t<div class=\"elementor-element elementor-element-6fcc998 e-con-full e-flex e-con e-parent\" data-id=\"6fcc998\" data-element_type=\"container\" data-e-type=\"container\">\n\t\t<div class=\"elementor-element elementor-element-4de8c57 elementor-hidden-desktop elementor-hidden-tablet e-flex e-con-boxed e-con e-child\" data-id=\"4de8c57\" data-element_type=\"container\" data-e-type=\"container\">\n\t\t\t\t\t<div class=\"e-con-inner\">\n\t\t\t\t<div class=\"elementor-element elementor-element-cb201d0 elementor-widget elementor-widget-image\" data-id=\"cb201d0\" data-element_type=\"widget\" data-e-type=\"widget\" data-widget_type=\"image.default\">\n\t\t\t\t\t\t\t\t\t\t\t\t\t\t\t<img decoding=\"async\" width=\"600\" height=\"400\" src=\"https:\/\/purassima.com\/wp-content\/uploads\/2025\/07\/support.webp\" class=\"attachment-full size-full wp-image-2226\" alt=\"\" srcset=\"https:\/\/purassima.com\/wp-content\/uploads\/2025\/07\/support.webp 600w, https:\/\/purassima.com\/wp-content\/uploads\/2025\/07\/support-300x200.webp 300w\" sizes=\"(max-width: 600px) 100vw, 600px\" \/>\t\t\t\t\t\t\t\t\t\t\t\t\t\t\t<\/div>\n\t\t\t\t\t<\/div>\n\t\t\t\t<\/div>\n\t\t<div class=\"elementor-element elementor-element-ebda434 e-con-full e-flex e-con e-child\" data-id=\"ebda434\" data-element_type=\"container\" data-e-type=\"container\">\n\t\t\t\t<div class=\"elementor-element elementor-element-2bfb348 elementor-widget elementor-widget-heading\" data-id=\"2bfb348\" data-element_type=\"widget\" data-e-type=\"widget\" data-widget_type=\"heading.default\">\n\t\t\t\t\t<h2 class=\"elementor-heading-title elementor-size-default\">Ce que nous proposons<\/h2>\t\t\t\t<\/div>\n\t\t\t\t<div class=\"elementor-element elementor-element-6e54fb5 elementor-widget__width-initial elementor-widget elementor-widget-text-editor\" data-id=\"6e54fb5\" data-element_type=\"widget\" data-e-type=\"widget\" data-widget_type=\"text-editor.default\">\n\t\t\t\t\t\t\t\t\t<div class=\"image-with-text__text-container\"><div class=\"image-with-text__text-aligner\"><div class=\"rte\"><p>Nous proposons une gamme coh\u00e9rente et ax\u00e9e sur le consommateur de produits de haute qualit\u00e9. Nos produits ont des prix comp\u00e9titifs et de bonnes marges de vente. <\/p><p>Nous disposons \u00e9galement d&rsquo;un service de dropshipping et exp\u00e9dions depuis notre entrep\u00f4t en Espagne. Nous proposons \u00e9galement un support marketing \u00e9tendu avec de nombreux supports hors ligne et en ligne. <\/p><\/div><\/div><\/div>\t\t\t\t\t\t\t\t<\/div>\n\t\t\t\t<\/div>\n\t\t<div class=\"elementor-element elementor-element-cfc0980 elementor-hidden-mobile e-flex e-con-boxed e-con e-child\" data-id=\"cfc0980\" data-element_type=\"container\" data-e-type=\"container\">\n\t\t\t\t\t<div class=\"e-con-inner\">\n\t\t\t\t<div class=\"elementor-element elementor-element-81d7aa4 elementor-widget elementor-widget-image\" data-id=\"81d7aa4\" data-element_type=\"widget\" data-e-type=\"widget\" data-widget_type=\"image.default\">\n\t\t\t\t\t\t\t\t\t\t\t\t\t\t\t<img decoding=\"async\" width=\"600\" height=\"400\" src=\"https:\/\/purassima.com\/wp-content\/uploads\/2025\/07\/support.webp\" class=\"attachment-full size-full wp-image-2226\" alt=\"\" srcset=\"https:\/\/purassima.com\/wp-content\/uploads\/2025\/07\/support.webp 600w, https:\/\/purassima.com\/wp-content\/uploads\/2025\/07\/support-300x200.webp 300w\" sizes=\"(max-width: 600px) 100vw, 600px\" \/>\t\t\t\t\t\t\t\t\t\t\t\t\t\t\t<\/div>\n\t\t\t\t\t<\/div>\n\t\t\t\t<\/div>\n\t\t\t\t<\/div>\n\t\t<div class=\"elementor-element elementor-element-d692792 e-con-full e-flex e-con e-parent\" data-id=\"d692792\" data-element_type=\"container\" data-e-type=\"container\">\n\t\t<div class=\"elementor-element elementor-element-a326625 e-flex e-con-boxed e-con e-child\" data-id=\"a326625\" data-element_type=\"container\" data-e-type=\"container\">\n\t\t\t\t\t<div class=\"e-con-inner\">\n\t\t\t\t<div class=\"elementor-element elementor-element-1a0e2cd elementor-widget elementor-widget-image\" data-id=\"1a0e2cd\" data-element_type=\"widget\" data-e-type=\"widget\" data-widget_type=\"image.default\">\n\t\t\t\t\t\t\t\t\t\t\t\t\t\t\t<img loading=\"lazy\" decoding=\"async\" width=\"600\" height=\"400\" src=\"https:\/\/purassima.com\/wp-content\/uploads\/2025\/07\/startup.webp\" class=\"attachment-full size-full wp-image-2231\" alt=\"\" srcset=\"https:\/\/purassima.com\/wp-content\/uploads\/2025\/07\/startup.webp 600w, https:\/\/purassima.com\/wp-content\/uploads\/2025\/07\/startup-300x200.webp 300w\" sizes=\"(max-width: 600px) 100vw, 600px\" \/>\t\t\t\t\t\t\t\t\t\t\t\t\t\t\t<\/div>\n\t\t\t\t\t<\/div>\n\t\t\t\t<\/div>\n\t\t<div class=\"elementor-element elementor-element-351d231 e-con-full e-flex e-con e-child\" data-id=\"351d231\" data-element_type=\"container\" data-e-type=\"container\">\n\t\t\t\t<div class=\"elementor-element elementor-element-6899508 elementor-widget elementor-widget-heading\" data-id=\"6899508\" data-element_type=\"widget\" data-e-type=\"widget\" data-widget_type=\"heading.default\">\n\t\t\t\t\t<h2 class=\"elementor-heading-title elementor-size-default\">Entrer en contact!<\/h2>\t\t\t\t<\/div>\n\t\t\t\t<div class=\"elementor-element elementor-element-fb129d4 elementor-widget elementor-widget-text-editor\" data-id=\"fb129d4\" data-element_type=\"widget\" data-e-type=\"widget\" data-widget_type=\"text-editor.default\">\n\t\t\t\t\t\t\t\t\t<p>Pour devenir distributeur exclusif, vous avez besoin d\u2019une mentalit\u00e9 motiv\u00e9e et entrepreneuriale. Le succ\u00e8s est une somme de comp\u00e9tences diff\u00e9rentes, vous avez donc besoin d\u2019exp\u00e9rience et de comp\u00e9tences en marketing (en ligne) et\/ou en commerce \u00e9lectronique. <\/p><p>Vous voulez en savoir plus ? Utilisez le formulaire Web pour nous contacter. <\/p>\t\t\t\t\t\t\t\t<\/div>\n\t\t\t\t<div class=\"elementor-element elementor-element-b35c1ef elementor-widget elementor-widget-button\" data-id=\"b35c1ef\" data-element_type=\"widget\" data-e-type=\"widget\" data-widget_type=\"button.default\">\n\t\t\t\t\t\t\t\t\t\t<a class=\"elementor-button elementor-button-link elementor-size-sm\" href=\"https:\/\/purassima.com\/fr\/connectez-vous\/\">\n\t\t\t\t\t\t<span class=\"elementor-button-content-wrapper\">\n\t\t\t\t\t\t\t\t\t<span class=\"elementor-button-text\">Connectez-vous !<\/span>\n\t\t\t\t\t<\/span>\n\t\t\t\t\t<\/a>\n\t\t\t\t\t\t\t\t<\/div>\n\t\t\t\t<\/div>\n\t\t\t\t<\/div>\n\t\t\t\t<\/div>\n\t\t","protected":false},"excerpt":{"rendered":"<p>Distributeurs exclusifs Nous travaillons avec un distributeur exclusif par pays. Nous recherchons des entrepreneurs dans l&rsquo;UE (espace Schengen) pour cr\u00e9er un r\u00e9seau de distributeurs ind\u00e9pendants. Si vous avez envie de d\u00e9velopper votre entreprise ou de d\u00e9marrer une nouvelle entreprise en utilisant nos produits de haute qualit\u00e9, contactez-nous ! Unir nos forces Nous sommes grossiste et [&hellip;]<\/p>\n","protected":false},"author":1,"featured_media":0,"parent":0,"menu_order":0,"comment_status":"closed","ping_status":"closed","template":"elementor_header_footer","meta":{"_acf_changed":false,"footnotes":""},"class_list":["post-2516","page","type-page","status-publish","hentry"],"acf":[],"yoast_head":"<!-- This site is optimized with the Yoast SEO plugin v27.4 - https:\/\/yoast.com\/product\/yoast-seo-wordpress\/ -->\n<title>Distributeurs exclusifs - Purassima<\/title>\n<meta name=\"robots\" content=\"index, follow, max-snippet:-1, max-image-preview:large, max-video-preview:-1\" \/>\n<link rel=\"canonical\" href=\"https:\/\/purassima.com\/fr\/distributeurs-exclusifs\/\" \/>\n<meta property=\"og:locale\" content=\"fr_FR\" \/>\n<meta property=\"og:type\" content=\"article\" \/>\n<meta property=\"og:title\" content=\"Distributeurs exclusifs - Purassima\" \/>\n<meta property=\"og:description\" content=\"Distributeurs exclusifs Nous travaillons avec un distributeur exclusif par pays. Nous recherchons des entrepreneurs dans l&rsquo;UE (espace Schengen) pour cr\u00e9er un r\u00e9seau de distributeurs ind\u00e9pendants. Si vous avez envie de d\u00e9velopper votre entreprise ou de d\u00e9marrer une nouvelle entreprise en utilisant nos produits de haute qualit\u00e9, contactez-nous ! Unir nos forces Nous sommes grossiste et [&hellip;]\" \/>\n<meta property=\"og:url\" content=\"https:\/\/purassima.com\/fr\/distributeurs-exclusifs\/\" \/>\n<meta property=\"og:site_name\" content=\"Purassima\" \/>\n<meta property=\"article:modified_time\" content=\"2025-07-30T05:28:19+00:00\" \/>\n<meta property=\"og:image\" content=\"https:\/\/purassima.com\/wp-content\/uploads\/2025\/07\/headless_header.webp\" \/>\n\t<meta property=\"og:image:width\" content=\"2000\" \/>\n\t<meta property=\"og:image:height\" content=\"736\" \/>\n\t<meta property=\"og:image:type\" content=\"image\/webp\" \/>\n<meta name=\"twitter:card\" content=\"summary_large_image\" \/>\n<meta name=\"twitter:label1\" content=\"Dur\u00e9e de lecture estim\u00e9e\" \/>\n\t<meta name=\"twitter:data1\" content=\"1 minute\" \/>\n<script type=\"application\/ld+json\" class=\"yoast-schema-graph\">{\"@context\":\"https:\\\/\\\/schema.org\",\"@graph\":[{\"@type\":\"WebPage\",\"@id\":\"https:\\\/\\\/purassima.com\\\/fr\\\/distributeurs-exclusifs\\\/\",\"url\":\"https:\\\/\\\/purassima.com\\\/fr\\\/distributeurs-exclusifs\\\/\",\"name\":\"Distributeurs exclusifs - Purassima\",\"isPartOf\":{\"@id\":\"https:\\\/\\\/purassima.com\\\/fr\\\/#website\"},\"primaryImageOfPage\":{\"@id\":\"https:\\\/\\\/purassima.com\\\/fr\\\/distributeurs-exclusifs\\\/#primaryimage\"},\"image\":{\"@id\":\"https:\\\/\\\/purassima.com\\\/fr\\\/distributeurs-exclusifs\\\/#primaryimage\"},\"thumbnailUrl\":\"https:\\\/\\\/purassima.com\\\/wp-content\\\/uploads\\\/2025\\\/07\\\/headless_header.webp\",\"datePublished\":\"2025-07-26T10:58:21+00:00\",\"dateModified\":\"2025-07-30T05:28:19+00:00\",\"breadcrumb\":{\"@id\":\"https:\\\/\\\/purassima.com\\\/fr\\\/distributeurs-exclusifs\\\/#breadcrumb\"},\"inLanguage\":\"fr-FR\",\"potentialAction\":[{\"@type\":\"ReadAction\",\"target\":[\"https:\\\/\\\/purassima.com\\\/fr\\\/distributeurs-exclusifs\\\/\"]}]},{\"@type\":\"ImageObject\",\"inLanguage\":\"fr-FR\",\"@id\":\"https:\\\/\\\/purassima.com\\\/fr\\\/distributeurs-exclusifs\\\/#primaryimage\",\"url\":\"https:\\\/\\\/purassima.com\\\/wp-content\\\/uploads\\\/2025\\\/07\\\/headless_header.webp\",\"contentUrl\":\"https:\\\/\\\/purassima.com\\\/wp-content\\\/uploads\\\/2025\\\/07\\\/headless_header.webp\"},{\"@type\":\"BreadcrumbList\",\"@id\":\"https:\\\/\\\/purassima.com\\\/fr\\\/distributeurs-exclusifs\\\/#breadcrumb\",\"itemListElement\":[{\"@type\":\"ListItem\",\"position\":1,\"name\":\"Home\",\"item\":\"https:\\\/\\\/purassima.com\\\/fr\\\/maison\\\/\"},{\"@type\":\"ListItem\",\"position\":2,\"name\":\"Distributeurs exclusifs\"}]},{\"@type\":\"WebSite\",\"@id\":\"https:\\\/\\\/purassima.com\\\/fr\\\/#website\",\"url\":\"https:\\\/\\\/purassima.com\\\/fr\\\/\",\"name\":\"purassima\",\"description\":\"\",\"potentialAction\":[{\"@type\":\"SearchAction\",\"target\":{\"@type\":\"EntryPoint\",\"urlTemplate\":\"https:\\\/\\\/purassima.com\\\/fr\\\/?s={search_term_string}\"},\"query-input\":{\"@type\":\"PropertyValueSpecification\",\"valueRequired\":true,\"valueName\":\"search_term_string\"}}],\"inLanguage\":\"fr-FR\"}]}<\/script>\n<!-- \/ Yoast SEO plugin. -->","yoast_head_json":{"title":"Distributeurs exclusifs - Purassima","robots":{"index":"index","follow":"follow","max-snippet":"max-snippet:-1","max-image-preview":"max-image-preview:large","max-video-preview":"max-video-preview:-1"},"canonical":"https:\/\/purassima.com\/fr\/distributeurs-exclusifs\/","og_locale":"fr_FR","og_type":"article","og_title":"Distributeurs exclusifs - Purassima","og_description":"Distributeurs exclusifs Nous travaillons avec un distributeur exclusif par pays. Nous recherchons des entrepreneurs dans l&rsquo;UE (espace Schengen) pour cr\u00e9er un r\u00e9seau de distributeurs ind\u00e9pendants. Si vous avez envie de d\u00e9velopper votre entreprise ou de d\u00e9marrer une nouvelle entreprise en utilisant nos produits de haute qualit\u00e9, contactez-nous ! Unir nos forces Nous sommes grossiste et [&hellip;]","og_url":"https:\/\/purassima.com\/fr\/distributeurs-exclusifs\/","og_site_name":"Purassima","article_modified_time":"2025-07-30T05:28:19+00:00","og_image":[{"width":2000,"height":736,"url":"https:\/\/purassima.com\/wp-content\/uploads\/2025\/07\/headless_header.webp","type":"image\/webp"}],"twitter_card":"summary_large_image","twitter_misc":{"Dur\u00e9e de lecture estim\u00e9e":"1 minute"},"schema":{"@context":"https:\/\/schema.org","@graph":[{"@type":"WebPage","@id":"https:\/\/purassima.com\/fr\/distributeurs-exclusifs\/","url":"https:\/\/purassima.com\/fr\/distributeurs-exclusifs\/","name":"Distributeurs exclusifs - Purassima","isPartOf":{"@id":"https:\/\/purassima.com\/fr\/#website"},"primaryImageOfPage":{"@id":"https:\/\/purassima.com\/fr\/distributeurs-exclusifs\/#primaryimage"},"image":{"@id":"https:\/\/purassima.com\/fr\/distributeurs-exclusifs\/#primaryimage"},"thumbnailUrl":"https:\/\/purassima.com\/wp-content\/uploads\/2025\/07\/headless_header.webp","datePublished":"2025-07-26T10:58:21+00:00","dateModified":"2025-07-30T05:28:19+00:00","breadcrumb":{"@id":"https:\/\/purassima.com\/fr\/distributeurs-exclusifs\/#breadcrumb"},"inLanguage":"fr-FR","potentialAction":[{"@type":"ReadAction","target":["https:\/\/purassima.com\/fr\/distributeurs-exclusifs\/"]}]},{"@type":"ImageObject","inLanguage":"fr-FR","@id":"https:\/\/purassima.com\/fr\/distributeurs-exclusifs\/#primaryimage","url":"https:\/\/purassima.com\/wp-content\/uploads\/2025\/07\/headless_header.webp","contentUrl":"https:\/\/purassima.com\/wp-content\/uploads\/2025\/07\/headless_header.webp"},{"@type":"BreadcrumbList","@id":"https:\/\/purassima.com\/fr\/distributeurs-exclusifs\/#breadcrumb","itemListElement":[{"@type":"ListItem","position":1,"name":"Home","item":"https:\/\/purassima.com\/fr\/maison\/"},{"@type":"ListItem","position":2,"name":"Distributeurs exclusifs"}]},{"@type":"WebSite","@id":"https:\/\/purassima.com\/fr\/#website","url":"https:\/\/purassima.com\/fr\/","name":"purassima","description":"","potentialAction":[{"@type":"SearchAction","target":{"@type":"EntryPoint","urlTemplate":"https:\/\/purassima.com\/fr\/?s={search_term_string}"},"query-input":{"@type":"PropertyValueSpecification","valueRequired":true,"valueName":"search_term_string"}}],"inLanguage":"fr-FR"}]}},"_links":{"self":[{"href":"https:\/\/purassima.com\/fr\/wp-json\/wp\/v2\/pages\/2516","targetHints":{"allow":["GET"]}}],"collection":[{"href":"https:\/\/purassima.com\/fr\/wp-json\/wp\/v2\/pages"}],"about":[{"href":"https:\/\/purassima.com\/fr\/wp-json\/wp\/v2\/types\/page"}],"author":[{"embeddable":true,"href":"https:\/\/purassima.com\/fr\/wp-json\/wp\/v2\/users\/1"}],"replies":[{"embeddable":true,"href":"https:\/\/purassima.com\/fr\/wp-json\/wp\/v2\/comments?post=2516"}],"version-history":[{"count":1,"href":"https:\/\/purassima.com\/fr\/wp-json\/wp\/v2\/pages\/2516\/revisions"}],"predecessor-version":[{"id":2517,"href":"https:\/\/purassima.com\/fr\/wp-json\/wp\/v2\/pages\/2516\/revisions\/2517"}],"wp:attachment":[{"href":"https:\/\/purassima.com\/fr\/wp-json\/wp\/v2\/media?parent=2516"}],"curies":[{"name":"wp","href":"https:\/\/api.w.org\/{rel}","templated":true}]}}