{"id":2596,"date":"2025-07-25T04:25:06","date_gmt":"2025-07-25T04:25:06","guid":{"rendered":"https:\/\/purassima.com\/product\/ensemble-de-filtres-heracles\/"},"modified":"2025-07-25T04:25:06","modified_gmt":"2025-07-25T04:25:06","slug":"ensemble-de-filtres-heracles","status":"publish","type":"product","link":"https:\/\/purassima.com\/fr\/product\/ensemble-de-filtres-heracles\/","title":{"rendered":"Ensemble de filtres H\u00e9racl\u00e8s"},"content":{"rendered":"<p>Marque : Purassima<br \/>\nMod\u00e8le : H\u00e9racl\u00e8s<br \/>\nJeu de filtres : 4 filtres : FCC21 \/ FP1023 \/ FCG21 \/ FCS21 \/ RO4021<br \/>\n\u2713 En stock<br \/>\n\u2713 Imm\u00e9diatement disponible<br \/>\n\u2713 Command\u00e9 avant 17h00, exp\u00e9di\u00e9 le jour m\u00eame<\/p>\n","protected":false},"excerpt":{"rendered":"<p><strong>AVANTAGES<\/strong><\/p>\n<ul>\n<li>chaque jour de l&rsquo;eau pure<\/li>\n<li>am\u00e9lioration de la sant\u00e9<\/li>\n<li>d\u00e9licieux caf\u00e9, th\u00e9, limonade, smoothies, etc.<\/li>\n<li>Utilisation \u00e9conomique (\u00e9conomies : 400 \u20ac p\/p\/an)<\/li>\n<li> plus besoin de trimballer de l&rsquo;eau min\u00e9rale<\/li>\n<li>respectueux de l&rsquo;environnement et solution durable<\/li>\n<\/ul>\n<p><strong>\u00c9CONOMIES : \u20ac 438,- par personne et par an !<br \/>\n<\/strong>L\u2019utilisation d\u2019un filtre \u00e0 eau pr\u00e9sente de nombreux avantages pour la sant\u00e9, mais permet \u00e9galement de r\u00e9aliser d\u2019importantes \u00e9conomies en mati\u00e8re de pollution environnementale (p\u00e9trole, plastiques et transports), sans parler du transport de centaines de gallons d\u2019eau par an ! Mais ce n\u2019est pas tout, il y a aussi des \u00e9conomies financi\u00e8res. <\/p>\n<p>En moyenne, 1 litre d&rsquo;eau du robinet co\u00fbte 0,05 \u20ac, l&rsquo;eau min\u00e9rale co\u00fbte 0,60 \u20ac le litre.<br \/>\nSupposons que vous buviez 2 litres par jour et par personne :<br \/>\nFiltre \u00e0 eau : 0,05 \u20ac x 2 litre x 365 (jours) = 36,50 \u20ac par personne et par an.<br \/>\nEau min\u00e9rale : \u20ac 0,60 x 2 litres x 365 (jours) = \u20ac 438,- par personne et par an.<\/p>\n","protected":false},"featured_media":1621,"comment_status":"open","ping_status":"closed","template":"","meta":{"_acf_changed":false},"product_brand":[],"product_cat":[72],"product_tag":[],"class_list":{"0":"post-2596","1":"product","2":"type-product","3":"status-publish","4":"has-post-thumbnail","6":"product_cat-filters-fr","8":"first","9":"instock","10":"shipping-taxable","11":"purchasable","12":"product-type-simple"},"acf":[],"yoast_head":"<!-- This site is optimized with the Yoast SEO plugin v27.4 - https:\/\/yoast.com\/product\/yoast-seo-wordpress\/ -->\n<title>Ensemble de filtres H\u00e9racl\u00e8s - Purassima<\/title>\n<meta name=\"robots\" content=\"index, follow, max-snippet:-1, max-image-preview:large, max-video-preview:-1\" \/>\n<link rel=\"canonical\" href=\"https:\/\/purassima.com\/fr\/product\/ensemble-de-filtres-heracles\/\" \/>\n<meta property=\"og:locale\" content=\"fr_FR\" \/>\n<meta property=\"og:type\" content=\"article\" \/>\n<meta property=\"og:title\" content=\"Ensemble de filtres H\u00e9racl\u00e8s - Purassima\" \/>\n<meta property=\"og:description\" content=\"AVANTAGES  chaque jour de l&#039;eau pure  am\u00e9lioration de la sant\u00e9  d\u00e9licieux caf\u00e9, th\u00e9, limonade, smoothies, etc.  Utilisation \u00e9conomique (\u00e9conomies : 400 \u20ac p\/p\/an)  plus besoin de trimballer de l&#039;eau min\u00e9rale  respectueux de l&#039;environnement et solution durable \u00c9CONOMIES : \u20ac 438,- par personne et par an ! L\u2019utilisation d\u2019un filtre \u00e0 eau pr\u00e9sente de nombreux avantages pour la sant\u00e9, mais permet \u00e9galement de r\u00e9aliser d\u2019importantes \u00e9conomies en mati\u00e8re de pollution environnementale (p\u00e9trole, plastiques et transports), sans parler du transport de centaines de gallons d\u2019eau par an ! Mais ce n\u2019est pas tout, il y a aussi des \u00e9conomies financi\u00e8res.  En moyenne, 1 litre d&#039;eau du robinet co\u00fbte 0,05 \u20ac, l&#039;eau min\u00e9rale co\u00fbte 0,60 \u20ac le litre. Supposons que vous buviez 2 litres par jour et par personne : Filtre \u00e0 eau : 0,05 \u20ac x 2 litre x 365 (jours) = 36,50 \u20ac par personne et par an. Eau min\u00e9rale : \u20ac 0,60 x 2 litres x 365 (jours) = \u20ac 438,- par personne et par an.\" \/>\n<meta property=\"og:url\" content=\"https:\/\/purassima.com\/fr\/product\/ensemble-de-filtres-heracles\/\" \/>\n<meta property=\"og:site_name\" content=\"Purassima\" \/>\n<meta property=\"og:image\" content=\"https:\/\/purassima.com\/wp-content\/uploads\/2025\/07\/Filterset_224683d5-5f93-4a0a-9d19-1d0da9c079fa.webp\" \/>\n\t<meta property=\"og:image:width\" content=\"600\" \/>\n\t<meta property=\"og:image:height\" content=\"600\" \/>\n\t<meta property=\"og:image:type\" content=\"image\/webp\" \/>\n<meta name=\"twitter:card\" content=\"summary_large_image\" \/>\n<script type=\"application\/ld+json\" class=\"yoast-schema-graph\">{\"@context\":\"https:\\\/\\\/schema.org\",\"@graph\":[{\"@type\":\"WebPage\",\"@id\":\"https:\\\/\\\/purassima.com\\\/fr\\\/product\\\/ensemble-de-filtres-heracles\\\/\",\"url\":\"https:\\\/\\\/purassima.com\\\/fr\\\/product\\\/ensemble-de-filtres-heracles\\\/\",\"name\":\"Ensemble de filtres H\u00e9racl\u00e8s - Purassima\",\"isPartOf\":{\"@id\":\"https:\\\/\\\/purassima.com\\\/fr\\\/#website\"},\"primaryImageOfPage\":{\"@id\":\"https:\\\/\\\/purassima.com\\\/fr\\\/product\\\/ensemble-de-filtres-heracles\\\/#primaryimage\"},\"image\":{\"@id\":\"https:\\\/\\\/purassima.com\\\/fr\\\/product\\\/ensemble-de-filtres-heracles\\\/#primaryimage\"},\"thumbnailUrl\":\"https:\\\/\\\/purassima.com\\\/wp-content\\\/uploads\\\/2025\\\/07\\\/Filterset_224683d5-5f93-4a0a-9d19-1d0da9c079fa.webp\",\"datePublished\":\"2025-07-25T04:25:06+00:00\",\"breadcrumb\":{\"@id\":\"https:\\\/\\\/purassima.com\\\/fr\\\/product\\\/ensemble-de-filtres-heracles\\\/#breadcrumb\"},\"inLanguage\":\"fr-FR\",\"potentialAction\":[{\"@type\":\"ReadAction\",\"target\":[\"https:\\\/\\\/purassima.com\\\/fr\\\/product\\\/ensemble-de-filtres-heracles\\\/\"]}]},{\"@type\":\"ImageObject\",\"inLanguage\":\"fr-FR\",\"@id\":\"https:\\\/\\\/purassima.com\\\/fr\\\/product\\\/ensemble-de-filtres-heracles\\\/#primaryimage\",\"url\":\"https:\\\/\\\/purassima.com\\\/wp-content\\\/uploads\\\/2025\\\/07\\\/Filterset_224683d5-5f93-4a0a-9d19-1d0da9c079fa.webp\",\"contentUrl\":\"https:\\\/\\\/purassima.com\\\/wp-content\\\/uploads\\\/2025\\\/07\\\/Filterset_224683d5-5f93-4a0a-9d19-1d0da9c079fa.webp\",\"width\":600,\"height\":600},{\"@type\":\"BreadcrumbList\",\"@id\":\"https:\\\/\\\/purassima.com\\\/fr\\\/product\\\/ensemble-de-filtres-heracles\\\/#breadcrumb\",\"itemListElement\":[{\"@type\":\"ListItem\",\"position\":1,\"name\":\"Home\",\"item\":\"https:\\\/\\\/purassima.com\\\/fr\\\/maison\\\/\"},{\"@type\":\"ListItem\",\"position\":2,\"name\":\"Collections\",\"item\":\"https:\\\/\\\/purassima.com\\\/collections\\\/\"},{\"@type\":\"ListItem\",\"position\":3,\"name\":\"Ensemble de filtres H\u00e9racl\u00e8s\"}]},{\"@type\":\"WebSite\",\"@id\":\"https:\\\/\\\/purassima.com\\\/fr\\\/#website\",\"url\":\"https:\\\/\\\/purassima.com\\\/fr\\\/\",\"name\":\"purassima\",\"description\":\"\",\"potentialAction\":[{\"@type\":\"SearchAction\",\"target\":{\"@type\":\"EntryPoint\",\"urlTemplate\":\"https:\\\/\\\/purassima.com\\\/fr\\\/?s={search_term_string}\"},\"query-input\":{\"@type\":\"PropertyValueSpecification\",\"valueRequired\":true,\"valueName\":\"search_term_string\"}}],\"inLanguage\":\"fr-FR\"}]}<\/script>\n<!-- \/ Yoast SEO plugin. -->","yoast_head_json":{"title":"Ensemble de filtres H\u00e9racl\u00e8s - Purassima","robots":{"index":"index","follow":"follow","max-snippet":"max-snippet:-1","max-image-preview":"max-image-preview:large","max-video-preview":"max-video-preview:-1"},"canonical":"https:\/\/purassima.com\/fr\/product\/ensemble-de-filtres-heracles\/","og_locale":"fr_FR","og_type":"article","og_title":"Ensemble de filtres H\u00e9racl\u00e8s - Purassima","og_description":"AVANTAGES  chaque jour de l'eau pure  am\u00e9lioration de la sant\u00e9  d\u00e9licieux caf\u00e9, th\u00e9, limonade, smoothies, etc.  Utilisation \u00e9conomique (\u00e9conomies : 400 \u20ac p\/p\/an)  plus besoin de trimballer de l'eau min\u00e9rale  respectueux de l'environnement et solution durable \u00c9CONOMIES : \u20ac 438,- par personne et par an ! L\u2019utilisation d\u2019un filtre \u00e0 eau pr\u00e9sente de nombreux avantages pour la sant\u00e9, mais permet \u00e9galement de r\u00e9aliser d\u2019importantes \u00e9conomies en mati\u00e8re de pollution environnementale (p\u00e9trole, plastiques et transports), sans parler du transport de centaines de gallons d\u2019eau par an ! Mais ce n\u2019est pas tout, il y a aussi des \u00e9conomies financi\u00e8res.  En moyenne, 1 litre d'eau du robinet co\u00fbte 0,05 \u20ac, l'eau min\u00e9rale co\u00fbte 0,60 \u20ac le litre. Supposons que vous buviez 2 litres par jour et par personne : Filtre \u00e0 eau : 0,05 \u20ac x 2 litre x 365 (jours) = 36,50 \u20ac par personne et par an. Eau min\u00e9rale : \u20ac 0,60 x 2 litres x 365 (jours) = \u20ac 438,- par personne et par an.","og_url":"https:\/\/purassima.com\/fr\/product\/ensemble-de-filtres-heracles\/","og_site_name":"Purassima","og_image":[{"width":600,"height":600,"url":"https:\/\/purassima.com\/wp-content\/uploads\/2025\/07\/Filterset_224683d5-5f93-4a0a-9d19-1d0da9c079fa.webp","type":"image\/webp"}],"twitter_card":"summary_large_image","schema":{"@context":"https:\/\/schema.org","@graph":[{"@type":"WebPage","@id":"https:\/\/purassima.com\/fr\/product\/ensemble-de-filtres-heracles\/","url":"https:\/\/purassima.com\/fr\/product\/ensemble-de-filtres-heracles\/","name":"Ensemble de filtres H\u00e9racl\u00e8s - Purassima","isPartOf":{"@id":"https:\/\/purassima.com\/fr\/#website"},"primaryImageOfPage":{"@id":"https:\/\/purassima.com\/fr\/product\/ensemble-de-filtres-heracles\/#primaryimage"},"image":{"@id":"https:\/\/purassima.com\/fr\/product\/ensemble-de-filtres-heracles\/#primaryimage"},"thumbnailUrl":"https:\/\/purassima.com\/wp-content\/uploads\/2025\/07\/Filterset_224683d5-5f93-4a0a-9d19-1d0da9c079fa.webp","datePublished":"2025-07-25T04:25:06+00:00","breadcrumb":{"@id":"https:\/\/purassima.com\/fr\/product\/ensemble-de-filtres-heracles\/#breadcrumb"},"inLanguage":"fr-FR","potentialAction":[{"@type":"ReadAction","target":["https:\/\/purassima.com\/fr\/product\/ensemble-de-filtres-heracles\/"]}]},{"@type":"ImageObject","inLanguage":"fr-FR","@id":"https:\/\/purassima.com\/fr\/product\/ensemble-de-filtres-heracles\/#primaryimage","url":"https:\/\/purassima.com\/wp-content\/uploads\/2025\/07\/Filterset_224683d5-5f93-4a0a-9d19-1d0da9c079fa.webp","contentUrl":"https:\/\/purassima.com\/wp-content\/uploads\/2025\/07\/Filterset_224683d5-5f93-4a0a-9d19-1d0da9c079fa.webp","width":600,"height":600},{"@type":"BreadcrumbList","@id":"https:\/\/purassima.com\/fr\/product\/ensemble-de-filtres-heracles\/#breadcrumb","itemListElement":[{"@type":"ListItem","position":1,"name":"Home","item":"https:\/\/purassima.com\/fr\/maison\/"},{"@type":"ListItem","position":2,"name":"Collections","item":"https:\/\/purassima.com\/collections\/"},{"@type":"ListItem","position":3,"name":"Ensemble de filtres H\u00e9racl\u00e8s"}]},{"@type":"WebSite","@id":"https:\/\/purassima.com\/fr\/#website","url":"https:\/\/purassima.com\/fr\/","name":"purassima","description":"","potentialAction":[{"@type":"SearchAction","target":{"@type":"EntryPoint","urlTemplate":"https:\/\/purassima.com\/fr\/?s={search_term_string}"},"query-input":{"@type":"PropertyValueSpecification","valueRequired":true,"valueName":"search_term_string"}}],"inLanguage":"fr-FR"}]}},"_links":{"self":[{"href":"https:\/\/purassima.com\/fr\/wp-json\/wp\/v2\/product\/2596","targetHints":{"allow":["GET"]}}],"collection":[{"href":"https:\/\/purassima.com\/fr\/wp-json\/wp\/v2\/product"}],"about":[{"href":"https:\/\/purassima.com\/fr\/wp-json\/wp\/v2\/types\/product"}],"replies":[{"embeddable":true,"href":"https:\/\/purassima.com\/fr\/wp-json\/wp\/v2\/comments?post=2596"}],"version-history":[{"count":0,"href":"https:\/\/purassima.com\/fr\/wp-json\/wp\/v2\/product\/2596\/revisions"}],"wp:featuredmedia":[{"embeddable":true,"href":"https:\/\/purassima.com\/fr\/wp-json\/wp\/v2\/media\/1621"}],"wp:attachment":[{"href":"https:\/\/purassima.com\/fr\/wp-json\/wp\/v2\/media?parent=2596"}],"wp:term":[{"taxonomy":"product_brand","embeddable":true,"href":"https:\/\/purassima.com\/fr\/wp-json\/wp\/v2\/product_brand?post=2596"},{"taxonomy":"product_cat","embeddable":true,"href":"https:\/\/purassima.com\/fr\/wp-json\/wp\/v2\/product_cat?post=2596"},{"taxonomy":"product_tag","embeddable":true,"href":"https:\/\/purassima.com\/fr\/wp-json\/wp\/v2\/product_tag?post=2596"}],"curies":[{"name":"wp","href":"https:\/\/api.w.org\/{rel}","templated":true}]}}