{"id":2620,"date":"2025-07-25T08:59:25","date_gmt":"2025-07-25T08:59:25","guid":{"rendered":"https:\/\/purassima.com\/product\/pallas-osmose-inverse\/"},"modified":"2025-07-31T08:01:40","modified_gmt":"2025-07-31T08:01:40","slug":"pallas-osmose-inverse","status":"publish","type":"product","link":"https:\/\/purassima.com\/fr\/product\/pallas-osmose-inverse\/","title":{"rendered":"Pallas &#8211; osmose inverse"},"content":{"rendered":"\t\t<div data-elementor-type=\"product-post\" data-elementor-id=\"2620\" class=\"elementor elementor-2620 elementor-574\" data-elementor-post-type=\"product\">\n\t\t\t\t<div class=\"elementor-element elementor-element-16a8a49b e-flex e-con-boxed e-con e-parent\" data-id=\"16a8a49b\" data-element_type=\"container\" data-e-type=\"container\">\n\t\t\t\t\t<div class=\"e-con-inner\">\n\t\t\t\t<div class=\"elementor-element elementor-element-59f8af2d elementor-widget elementor-widget-text-editor\" data-id=\"59f8af2d\" data-element_type=\"widget\" data-e-type=\"widget\" data-widget_type=\"text-editor.default\">\n\t\t\t\t\t\t\t\t\tMarque : Purassima\nMod\u00e8le : Pallas\nProduit : syst\u00e8me de filtration d&rsquo;eau\nM\u00e9thode : osmose inverse (RO)\nFiltres : 2 filtres &#8211; 4 \u00e9tapes de filtration\nInstallation : oui\/installateur\n\nAPPLICATION:\n&#8211; m\u00e9nages : \u00e9vier de cuisine\n&#8211; commerces\/bureaux : \u00e9vier de cuisine\n\nLe Pallas est enti\u00e8rement bas\u00e9 sur le flux direct, ce qui signifie que la production s&rsquo;effectue en temps r\u00e9el et qu&rsquo;aucun r\u00e9servoir de stockage n&rsquo;est requis. Le syst\u00e8me dispose d&rsquo;un aqua-stop qui arr\u00eate automatiquement l&rsquo;\u00e9quipement en cas de fuite interne. \n\nCe syst\u00e8me d&rsquo;osmose inverse (RO) poss\u00e8de une membrane de 600 GPD et seulement DEUX filtres. Ce filtre dispose de 5 \u00e9tapes de filtration avec la filtration la plus efficace du march\u00e9. Le syst\u00e8me indique automatiquement quand la membrane et\/ou les filtres doivent \u00eatre remplac\u00e9s. Les deux sont tr\u00e8s faciles \u00e0 remplacer.   \n\nM\u00c9THODE DE FILTRATION : OSMOSE INVERSE\nL&rsquo;osmose inverse est un syst\u00e8me de filtration d&rsquo;eau dont la plus petite taille de pores de membrane est de 0,0001 microns. Une fois que l\u2019eau passe \u00e0 travers un syst\u00e8me d\u2019osmose inverse, elle fournit l\u2019eau la plus pure de toutes les m\u00e9thodes de filtration. En plus d&rsquo;\u00e9liminer toutes les mol\u00e9cules organiques et les virus, il \u00e9limine la turbidit\u00e9, les ions monovalents (dessalement) dont les microbes. Il \u00e9limine \u00e9galement pratiquement toutes les substances dissoutes telles que les pesticides, les r\u00e9sidus de m\u00e9dicaments, les Pfas, les GenX !   \n\nCARACT\u00c9RISTIQUES\nMembrane : 600 GPD\nCapacit\u00e9 du filtre : 1,6 litres par minute\nFiltration : 5 \u00e9tapes\nProduction : 2 200 litres par jour\nInstallation et installation faciles. entretien\nDimensions du produit : 424 x 276 x 564 mm.\nPrix : 799 \u20ac (TVA incluse)\n\nASSEMBLAGE &amp; INSTALLATION\nCe syst\u00e8me d&rsquo;osmose inverse n\u00e9cessite une installation dans votre cuisine. G\u00e9n\u00e9ralement, le syst\u00e8me est plac\u00e9 dans le meuble de cuisine. La livraison du syst\u00e8me comprend toutes les pi\u00e8ces dont vous avez besoin, telles que le robinet, l&rsquo;arr\u00eat d&rsquo;eau et les raccords. Le Pallas est le syst\u00e8me le plus simple \u00e0 installer de tous les syst\u00e8mes RO ! Cependant, vous devez avoir des connaissances et une exp\u00e9rience suffisantes en mati\u00e8re de bricolage ou faire appel \u00e0 un professionnel pour l&rsquo;installation.    \n\nLe syst\u00e8me de traitement de l\u2019eau par osmose inverse est l\u2019investissement le meilleur et le plus pr\u00e9cieux pour une eau potable saine et s\u00fbre.\t\t\t\t\t\t\t\t<\/div>\n\t\t\t\t\t<\/div>\n\t\t\t\t<\/div>\n\t\t<div class=\"elementor-element elementor-element-9955f3e e-flex e-con-boxed e-con e-parent\" data-id=\"9955f3e\" data-element_type=\"container\" data-e-type=\"container\">\n\t\t\t\t\t<div class=\"e-con-inner\">\n\t\t\t\t<div class=\"elementor-element elementor-element-2d19817 elementor-widget elementor-widget-heading\" data-id=\"2d19817\" data-element_type=\"widget\" data-e-type=\"widget\" data-widget_type=\"heading.default\">\n\t\t\t\t\t<h2 class=\"elementor-heading-title elementor-size-default\">T\u00e9l\u00e9charger le PDF<\/h2>\t\t\t\t<\/div>\n\t\t<div data-ha-element-link=\"{&quot;url&quot;:&quot;https:\\\/\\\/purassima.com\\\/wp-content\\\/uploads\\\/2025\\\/07\\\/Purassima_brochure_EN-5.pdf&quot;,&quot;is_external&quot;:&quot;on&quot;,&quot;nofollow&quot;:&quot;&quot;}\" style=\"cursor: pointer\" class=\"elementor-element elementor-element-ba52821 e-con-full e-flex e-con e-child\" data-id=\"ba52821\" data-element_type=\"container\" data-e-type=\"container\" data-settings=\"{&quot;background_background&quot;:&quot;classic&quot;}\">\n\t\t<div class=\"elementor-element elementor-element-ed3262f e-con-full e-flex e-con e-child\" data-id=\"ed3262f\" data-element_type=\"container\" data-e-type=\"container\">\n\t\t\t\t<div class=\"elementor-element elementor-element-ef18df7 elementor-widget elementor-widget-image\" data-id=\"ef18df7\" data-element_type=\"widget\" data-e-type=\"widget\" data-widget_type=\"image.default\">\n\t\t\t\t\t\t\t\t\t\t\t\t\t\t\t<img fetchpriority=\"high\" decoding=\"async\" width=\"800\" height=\"893\" src=\"https:\/\/purassima.com\/wp-content\/uploads\/2025\/07\/PDF_icon.webp\" class=\"attachment-large size-large wp-image-2765\" alt=\"\" srcset=\"https:\/\/purassima.com\/wp-content\/uploads\/2025\/07\/PDF_icon.webp 820w, https:\/\/purassima.com\/wp-content\/uploads\/2025\/07\/PDF_icon-269x300.webp 269w, https:\/\/purassima.com\/wp-content\/uploads\/2025\/07\/PDF_icon-768x857.webp 768w, https:\/\/purassima.com\/wp-content\/uploads\/2025\/07\/PDF_icon-600x670.webp 600w\" sizes=\"(max-width: 800px) 100vw, 800px\" \/>\t\t\t\t\t\t\t\t\t\t\t\t\t\t\t<\/div>\n\t\t\t\t<\/div>\n\t\t<div class=\"elementor-element elementor-element-f30af3e e-con-full e-flex e-con e-child\" data-id=\"f30af3e\" data-element_type=\"container\" data-e-type=\"container\">\n\t\t\t\t<div class=\"elementor-element elementor-element-300ace5 elementor-widget elementor-widget-heading\" data-id=\"300ace5\" data-element_type=\"widget\" data-e-type=\"widget\" data-widget_type=\"heading.default\">\n\t\t\t\t\t<h2 class=\"elementor-heading-title elementor-size-default\">Syst\u00e8me de perspectives Purissima<\/h2>\t\t\t\t<\/div>\n\t\t\t\t<div class=\"elementor-element elementor-element-2dd46bd elementor-widget elementor-widget-text-editor\" data-id=\"2dd46bd\" data-element_type=\"widget\" data-e-type=\"widget\" data-widget_type=\"text-editor.default\">\n\t\t\t\t\t\t\t\t\t(550.61 KB)\n\n\t\t\t\t\t\t\t\t<\/div>\n\t\t\t\t<\/div>\n\t\t\t\t<\/div>\n\t\t\t\t\t<\/div>\n\t\t\t\t<\/div>\n\t\t\t\t<\/div>\n\t\t","protected":false},"excerpt":{"rendered":"<p><strong>AVANTAGES<\/strong><\/p>\n<ul>\n<li>chaque jour de l&rsquo;eau pure<\/li>\n<li>am\u00e9lioration de la sant\u00e9<\/li>\n<li>d\u00e9licieux caf\u00e9, th\u00e9, limonade, smoothies, etc.<\/li>\n<li>Utilisation \u00e9conomique (\u00e9conomies : 400 \u20ac p\/p\/an)<\/li>\n<li> plus besoin de trimballer de l&rsquo;eau min\u00e9rale<\/li>\n<li>respectueux de l&rsquo;environnement et solution durable<\/li>\n<\/ul>\n<p><strong>\u00c9CONOMIES : \u20ac 438,- par personne et par an !<br \/>\n<\/strong>L\u2019utilisation d\u2019un filtre \u00e0 eau pr\u00e9sente de nombreux avantages pour la sant\u00e9, mais permet \u00e9galement de r\u00e9aliser d\u2019importantes \u00e9conomies en mati\u00e8re de pollution environnementale (p\u00e9trole, plastiques et transports), sans parler du transport de centaines de gallons d\u2019eau par an ! Mais ce n\u2019est pas tout, il y a aussi des \u00e9conomies financi\u00e8res. <\/p>\n<p>En moyenne, 1 litre d&rsquo;eau du robinet co\u00fbte 0,05 \u20ac, l&rsquo;eau min\u00e9rale co\u00fbte 0,60 \u20ac le litre.<br \/>\nSupposons que vous buviez 2 litres par jour et par personne :<br \/>\nFiltre \u00e0 eau : 0,05 \u20ac x 2 litre x 365 (jours) = 36,50 \u20ac par personne et par an.<br \/>\nEau min\u00e9rale : \u20ac 0,60 x 2 litres x 365 (jours) = \u20ac 438,- par personne et par an.<\/p>\n","protected":false},"featured_media":1706,"comment_status":"open","ping_status":"closed","template":"","meta":{"_acf_changed":false},"product_brand":[],"product_cat":[84],"product_tag":[],"class_list":{"0":"post-2620","1":"product","2":"type-product","3":"status-publish","4":"has-post-thumbnail","6":"product_cat-osmose-inverse","8":"first","9":"instock","10":"shipping-taxable","11":"purchasable","12":"product-type-simple"},"acf":[],"yoast_head":"<!-- This site is optimized with the Yoast SEO plugin v27.4 - https:\/\/yoast.com\/product\/yoast-seo-wordpress\/ -->\n<title>Pallas - osmose inverse - Purassima<\/title>\n<meta name=\"robots\" content=\"index, follow, max-snippet:-1, max-image-preview:large, max-video-preview:-1\" \/>\n<link rel=\"canonical\" href=\"https:\/\/purassima.com\/fr\/product\/pallas-osmose-inverse\/\" \/>\n<meta property=\"og:locale\" content=\"fr_FR\" \/>\n<meta property=\"og:type\" content=\"article\" \/>\n<meta property=\"og:title\" content=\"Pallas - osmose inverse - Purassima\" \/>\n<meta property=\"og:description\" content=\"AVANTAGES   chaque jour de l&#039;eau pure  am\u00e9lioration de la sant\u00e9  d\u00e9licieux caf\u00e9, th\u00e9, limonade, smoothies, etc.  Utilisation \u00e9conomique (\u00e9conomies : 400 \u20ac p\/p\/an)   plus besoin de trimballer de l&#039;eau min\u00e9rale  respectueux de l&#039;environnement et solution durable  \u00c9CONOMIES : \u20ac 438,- par personne et par an ! L\u2019utilisation d\u2019un filtre \u00e0 eau pr\u00e9sente de nombreux avantages pour la sant\u00e9, mais permet \u00e9galement de r\u00e9aliser d\u2019importantes \u00e9conomies en mati\u00e8re de pollution environnementale (p\u00e9trole, plastiques et transports), sans parler du transport de centaines de gallons d\u2019eau par an ! Mais ce n\u2019est pas tout, il y a aussi des \u00e9conomies financi\u00e8res.   En moyenne, 1 litre d&#039;eau du robinet co\u00fbte 0,05 \u20ac, l&#039;eau min\u00e9rale co\u00fbte 0,60 \u20ac le litre. Supposons que vous buviez 2 litres par jour et par personne : Filtre \u00e0 eau : 0,05 \u20ac x 2 litre x 365 (jours) = 36,50 \u20ac par personne et par an. Eau min\u00e9rale : \u20ac 0,60 x 2 litres x 365 (jours) = \u20ac 438,- par personne et par an.\" \/>\n<meta property=\"og:url\" content=\"https:\/\/purassima.com\/fr\/product\/pallas-osmose-inverse\/\" \/>\n<meta property=\"og:site_name\" content=\"Purassima\" \/>\n<meta property=\"article:modified_time\" content=\"2025-07-31T08:01:40+00:00\" \/>\n<meta property=\"og:image\" content=\"https:\/\/purassima.com\/wp-content\/uploads\/2025\/07\/Pallas_pix1.webp\" \/>\n\t<meta property=\"og:image:width\" content=\"800\" \/>\n\t<meta property=\"og:image:height\" content=\"800\" \/>\n\t<meta property=\"og:image:type\" content=\"image\/webp\" \/>\n<meta name=\"twitter:card\" content=\"summary_large_image\" \/>\n<meta name=\"twitter:label1\" content=\"Dur\u00e9e de lecture estim\u00e9e\" \/>\n\t<meta name=\"twitter:data1\" content=\"2 minutes\" \/>\n<script type=\"application\/ld+json\" class=\"yoast-schema-graph\">{\"@context\":\"https:\\\/\\\/schema.org\",\"@graph\":[{\"@type\":\"WebPage\",\"@id\":\"https:\\\/\\\/purassima.com\\\/fr\\\/product\\\/pallas-osmose-inverse\\\/\",\"url\":\"https:\\\/\\\/purassima.com\\\/fr\\\/product\\\/pallas-osmose-inverse\\\/\",\"name\":\"Pallas - osmose inverse - Purassima\",\"isPartOf\":{\"@id\":\"https:\\\/\\\/purassima.com\\\/fr\\\/#website\"},\"primaryImageOfPage\":{\"@id\":\"https:\\\/\\\/purassima.com\\\/fr\\\/product\\\/pallas-osmose-inverse\\\/#primaryimage\"},\"image\":{\"@id\":\"https:\\\/\\\/purassima.com\\\/fr\\\/product\\\/pallas-osmose-inverse\\\/#primaryimage\"},\"thumbnailUrl\":\"https:\\\/\\\/purassima.com\\\/wp-content\\\/uploads\\\/2025\\\/07\\\/Pallas_pix1.webp\",\"datePublished\":\"2025-07-25T08:59:25+00:00\",\"dateModified\":\"2025-07-31T08:01:40+00:00\",\"breadcrumb\":{\"@id\":\"https:\\\/\\\/purassima.com\\\/fr\\\/product\\\/pallas-osmose-inverse\\\/#breadcrumb\"},\"inLanguage\":\"fr-FR\",\"potentialAction\":[{\"@type\":\"ReadAction\",\"target\":[\"https:\\\/\\\/purassima.com\\\/fr\\\/product\\\/pallas-osmose-inverse\\\/\"]}]},{\"@type\":\"ImageObject\",\"inLanguage\":\"fr-FR\",\"@id\":\"https:\\\/\\\/purassima.com\\\/fr\\\/product\\\/pallas-osmose-inverse\\\/#primaryimage\",\"url\":\"https:\\\/\\\/purassima.com\\\/wp-content\\\/uploads\\\/2025\\\/07\\\/Pallas_pix1.webp\",\"contentUrl\":\"https:\\\/\\\/purassima.com\\\/wp-content\\\/uploads\\\/2025\\\/07\\\/Pallas_pix1.webp\",\"width\":800,\"height\":800},{\"@type\":\"BreadcrumbList\",\"@id\":\"https:\\\/\\\/purassima.com\\\/fr\\\/product\\\/pallas-osmose-inverse\\\/#breadcrumb\",\"itemListElement\":[{\"@type\":\"ListItem\",\"position\":1,\"name\":\"Home\",\"item\":\"https:\\\/\\\/purassima.com\\\/fr\\\/maison\\\/\"},{\"@type\":\"ListItem\",\"position\":2,\"name\":\"Collections\",\"item\":\"https:\\\/\\\/purassima.com\\\/collections\\\/\"},{\"@type\":\"ListItem\",\"position\":3,\"name\":\"Pallas &#8211; osmose inverse\"}]},{\"@type\":\"WebSite\",\"@id\":\"https:\\\/\\\/purassima.com\\\/fr\\\/#website\",\"url\":\"https:\\\/\\\/purassima.com\\\/fr\\\/\",\"name\":\"purassima\",\"description\":\"\",\"potentialAction\":[{\"@type\":\"SearchAction\",\"target\":{\"@type\":\"EntryPoint\",\"urlTemplate\":\"https:\\\/\\\/purassima.com\\\/fr\\\/?s={search_term_string}\"},\"query-input\":{\"@type\":\"PropertyValueSpecification\",\"valueRequired\":true,\"valueName\":\"search_term_string\"}}],\"inLanguage\":\"fr-FR\"}]}<\/script>\n<!-- \/ Yoast SEO plugin. -->","yoast_head_json":{"title":"Pallas - osmose inverse - Purassima","robots":{"index":"index","follow":"follow","max-snippet":"max-snippet:-1","max-image-preview":"max-image-preview:large","max-video-preview":"max-video-preview:-1"},"canonical":"https:\/\/purassima.com\/fr\/product\/pallas-osmose-inverse\/","og_locale":"fr_FR","og_type":"article","og_title":"Pallas - osmose inverse - Purassima","og_description":"AVANTAGES   chaque jour de l'eau pure  am\u00e9lioration de la sant\u00e9  d\u00e9licieux caf\u00e9, th\u00e9, limonade, smoothies, etc.  Utilisation \u00e9conomique (\u00e9conomies : 400 \u20ac p\/p\/an)   plus besoin de trimballer de l'eau min\u00e9rale  respectueux de l'environnement et solution durable  \u00c9CONOMIES : \u20ac 438,- par personne et par an ! L\u2019utilisation d\u2019un filtre \u00e0 eau pr\u00e9sente de nombreux avantages pour la sant\u00e9, mais permet \u00e9galement de r\u00e9aliser d\u2019importantes \u00e9conomies en mati\u00e8re de pollution environnementale (p\u00e9trole, plastiques et transports), sans parler du transport de centaines de gallons d\u2019eau par an ! Mais ce n\u2019est pas tout, il y a aussi des \u00e9conomies financi\u00e8res.   En moyenne, 1 litre d'eau du robinet co\u00fbte 0,05 \u20ac, l'eau min\u00e9rale co\u00fbte 0,60 \u20ac le litre. Supposons que vous buviez 2 litres par jour et par personne : Filtre \u00e0 eau : 0,05 \u20ac x 2 litre x 365 (jours) = 36,50 \u20ac par personne et par an. Eau min\u00e9rale : \u20ac 0,60 x 2 litres x 365 (jours) = \u20ac 438,- par personne et par an.","og_url":"https:\/\/purassima.com\/fr\/product\/pallas-osmose-inverse\/","og_site_name":"Purassima","article_modified_time":"2025-07-31T08:01:40+00:00","og_image":[{"width":800,"height":800,"url":"https:\/\/purassima.com\/wp-content\/uploads\/2025\/07\/Pallas_pix1.webp","type":"image\/webp"}],"twitter_card":"summary_large_image","twitter_misc":{"Dur\u00e9e de lecture estim\u00e9e":"2 minutes"},"schema":{"@context":"https:\/\/schema.org","@graph":[{"@type":"WebPage","@id":"https:\/\/purassima.com\/fr\/product\/pallas-osmose-inverse\/","url":"https:\/\/purassima.com\/fr\/product\/pallas-osmose-inverse\/","name":"Pallas - osmose inverse - Purassima","isPartOf":{"@id":"https:\/\/purassima.com\/fr\/#website"},"primaryImageOfPage":{"@id":"https:\/\/purassima.com\/fr\/product\/pallas-osmose-inverse\/#primaryimage"},"image":{"@id":"https:\/\/purassima.com\/fr\/product\/pallas-osmose-inverse\/#primaryimage"},"thumbnailUrl":"https:\/\/purassima.com\/wp-content\/uploads\/2025\/07\/Pallas_pix1.webp","datePublished":"2025-07-25T08:59:25+00:00","dateModified":"2025-07-31T08:01:40+00:00","breadcrumb":{"@id":"https:\/\/purassima.com\/fr\/product\/pallas-osmose-inverse\/#breadcrumb"},"inLanguage":"fr-FR","potentialAction":[{"@type":"ReadAction","target":["https:\/\/purassima.com\/fr\/product\/pallas-osmose-inverse\/"]}]},{"@type":"ImageObject","inLanguage":"fr-FR","@id":"https:\/\/purassima.com\/fr\/product\/pallas-osmose-inverse\/#primaryimage","url":"https:\/\/purassima.com\/wp-content\/uploads\/2025\/07\/Pallas_pix1.webp","contentUrl":"https:\/\/purassima.com\/wp-content\/uploads\/2025\/07\/Pallas_pix1.webp","width":800,"height":800},{"@type":"BreadcrumbList","@id":"https:\/\/purassima.com\/fr\/product\/pallas-osmose-inverse\/#breadcrumb","itemListElement":[{"@type":"ListItem","position":1,"name":"Home","item":"https:\/\/purassima.com\/fr\/maison\/"},{"@type":"ListItem","position":2,"name":"Collections","item":"https:\/\/purassima.com\/collections\/"},{"@type":"ListItem","position":3,"name":"Pallas &#8211; osmose inverse"}]},{"@type":"WebSite","@id":"https:\/\/purassima.com\/fr\/#website","url":"https:\/\/purassima.com\/fr\/","name":"purassima","description":"","potentialAction":[{"@type":"SearchAction","target":{"@type":"EntryPoint","urlTemplate":"https:\/\/purassima.com\/fr\/?s={search_term_string}"},"query-input":{"@type":"PropertyValueSpecification","valueRequired":true,"valueName":"search_term_string"}}],"inLanguage":"fr-FR"}]}},"_links":{"self":[{"href":"https:\/\/purassima.com\/fr\/wp-json\/wp\/v2\/product\/2620","targetHints":{"allow":["GET"]}}],"collection":[{"href":"https:\/\/purassima.com\/fr\/wp-json\/wp\/v2\/product"}],"about":[{"href":"https:\/\/purassima.com\/fr\/wp-json\/wp\/v2\/types\/product"}],"replies":[{"embeddable":true,"href":"https:\/\/purassima.com\/fr\/wp-json\/wp\/v2\/comments?post=2620"}],"version-history":[{"count":4,"href":"https:\/\/purassima.com\/fr\/wp-json\/wp\/v2\/product\/2620\/revisions"}],"predecessor-version":[{"id":3155,"href":"https:\/\/purassima.com\/fr\/wp-json\/wp\/v2\/product\/2620\/revisions\/3155"}],"wp:featuredmedia":[{"embeddable":true,"href":"https:\/\/purassima.com\/fr\/wp-json\/wp\/v2\/media\/1706"}],"wp:attachment":[{"href":"https:\/\/purassima.com\/fr\/wp-json\/wp\/v2\/media?parent=2620"}],"wp:term":[{"taxonomy":"product_brand","embeddable":true,"href":"https:\/\/purassima.com\/fr\/wp-json\/wp\/v2\/product_brand?post=2620"},{"taxonomy":"product_cat","embeddable":true,"href":"https:\/\/purassima.com\/fr\/wp-json\/wp\/v2\/product_cat?post=2620"},{"taxonomy":"product_tag","embeddable":true,"href":"https:\/\/purassima.com\/fr\/wp-json\/wp\/v2\/product_tag?post=2620"}],"curies":[{"name":"wp","href":"https:\/\/api.w.org\/{rel}","templated":true}]}}