{"id":2625,"date":"2025-07-25T09:12:30","date_gmt":"2025-07-25T09:12:30","guid":{"rendered":"https:\/\/purassima.com\/product\/heracles-osmose-inverse\/"},"modified":"2025-07-31T08:01:34","modified_gmt":"2025-07-31T08:01:34","slug":"heracles-osmose-inverse","status":"publish","type":"product","link":"https:\/\/purassima.com\/fr\/product\/heracles-osmose-inverse\/","title":{"rendered":"H\u00e9racl\u00e8s &#8211; osmose inverse"},"content":{"rendered":"\t\t<div data-elementor-type=\"product-post\" data-elementor-id=\"2625\" class=\"elementor elementor-2625 elementor-582\" data-elementor-post-type=\"product\">\n\t\t\t\t<div class=\"elementor-element elementor-element-59a760f2 e-flex e-con-boxed e-con e-parent\" data-id=\"59a760f2\" data-element_type=\"container\" data-e-type=\"container\">\n\t\t\t\t\t<div class=\"e-con-inner\">\n\t\t\t\t<div class=\"elementor-element elementor-element-483335a4 elementor-widget elementor-widget-text-editor\" data-id=\"483335a4\" data-element_type=\"widget\" data-e-type=\"widget\" data-widget_type=\"text-editor.default\">\n\t\t\t\t\t\t\t\t\tMarque : Purassima\nMod\u00e8le : H\u00e9racl\u00e8s\nProduit : syst\u00e8me de filtration d&rsquo;eau\nM\u00e9thode : osmose inverse (RO)\nFiltres : 4 filtres &#8211; 4 \u00e9tapes de filtration\nInstallation : oui\/installateur\n\nAPPLICATION\n&#8211; m\u00e9nages : \u00e9vier de cuisine\n&#8211; commerces\/bureaux : \u00e9vier de cuisine\n\nLe Purassima Heracles fait partie des syst\u00e8mes compacts du march\u00e9. Ce syst\u00e8me de filtration d\u2019eau par osmose inverse comprend une pompe pour maintenir la pression uniforme. Le syst\u00e8me est \u00e9quip\u00e9 d&rsquo;une membrane 75 GPD, d&rsquo;un r\u00e9servoir de stockage en acier inoxydable de 8 litres et d&rsquo;un aqua-stop pour \u00e9viter d&rsquo;\u00e9ventuelles fuites d&rsquo;eau.  \n\nL&rsquo;osmose inverse est un syst\u00e8me de filtration d&rsquo;eau dont la plus petite taille de pores de membrane est de 0,0001 microns. Une fois que l\u2019eau passe \u00e0 travers un syst\u00e8me d\u2019osmose inverse, elle offre l\u2019eau la plus pure de toutes les m\u00e9thodes de filtration. 95 \u00e0 99 % de la pollution est filtr\u00e9e, notamment : le chlore, le fluorure, les bact\u00e9ries, les virus, les parasites, les microplastiques, les GenX, les PFAS, les pesticides, les m\u00e9taux lourds et autres produits chimiques.  \n\nCARACT\u00c9RISTIQUES\n<ul class=\"uk-list uk-list-line\">\n \t<li>Membrane : 75 GPD (gallons par jour)<\/li>\n \t<li><i class=\"uk-theme-icon-check\"><\/i> La livraison comprend une pompe, un r\u00e9servoir (8 litres), un robinet, un tuyau d&rsquo;eau et des supports.<\/li>\n \t<li><i class=\"uk-theme-icon-check\"><\/i> Filtres : 4<\/li>\n \t<li><i class=\"uk-theme-icon-check\"><\/i> Dimensions : 425x245x390 mm \/ poids : 9 kg.<\/li>\n \t<li><i class=\"uk-theme-icon-check\"><\/i> Prix : \u20ac 599,- (TVA incluse)<\/li>\n<\/ul>\nINSTALLATION\nCe syst\u00e8me d&rsquo;osmose inverse n\u00e9cessite une installation dans votre cuisine. Vous pouvez demander \u00e0 un plombier d\u2019installer le syst\u00e8me par un professionnel pour vous. Toutes les pi\u00e8ces (robinet, arr\u00eat d&rsquo;eau et raccords) sont incluses.  \n\nLe syst\u00e8me de traitement de l\u2019eau par osmose inverse est l\u2019investissement le meilleur et le plus pr\u00e9cieux pour une eau potable saine et s\u00fbre.\t\t\t\t\t\t\t\t<\/div>\n\t\t\t\t\t<\/div>\n\t\t\t\t<\/div>\n\t\t<div class=\"elementor-element elementor-element-c0bc0ac e-flex e-con-boxed e-con e-parent\" data-id=\"c0bc0ac\" data-element_type=\"container\" data-e-type=\"container\">\n\t\t\t\t\t<div class=\"e-con-inner\">\n\t\t\t\t<div class=\"elementor-element elementor-element-e2b31d5 elementor-widget elementor-widget-heading\" data-id=\"e2b31d5\" data-element_type=\"widget\" data-e-type=\"widget\" data-widget_type=\"heading.default\">\n\t\t\t\t\t<h2 class=\"elementor-heading-title elementor-size-default\">T\u00e9l\u00e9charger le PDF<\/h2>\t\t\t\t<\/div>\n\t\t<div data-ha-element-link=\"{&quot;url&quot;:&quot;https:\\\/\\\/purassima.com\\\/wp-content\\\/uploads\\\/2025\\\/07\\\/Purassima_brochure_EN-6.pdf&quot;,&quot;is_external&quot;:&quot;on&quot;,&quot;nofollow&quot;:&quot;&quot;}\" style=\"cursor: pointer\" class=\"elementor-element elementor-element-a32f4f0 e-con-full e-flex e-con e-child\" data-id=\"a32f4f0\" data-element_type=\"container\" data-e-type=\"container\" data-settings=\"{&quot;background_background&quot;:&quot;classic&quot;}\">\n\t\t<div class=\"elementor-element elementor-element-0d0ab69 e-con-full e-flex e-con e-child\" data-id=\"0d0ab69\" data-element_type=\"container\" data-e-type=\"container\">\n\t\t\t\t<div class=\"elementor-element elementor-element-1e21976 elementor-widget elementor-widget-image\" data-id=\"1e21976\" data-element_type=\"widget\" data-e-type=\"widget\" data-widget_type=\"image.default\">\n\t\t\t\t\t\t\t\t\t\t\t\t\t\t\t<img fetchpriority=\"high\" decoding=\"async\" width=\"800\" height=\"893\" src=\"https:\/\/purassima.com\/wp-content\/uploads\/2025\/07\/PDF_icon.webp\" class=\"attachment-large size-large wp-image-2765\" alt=\"\" srcset=\"https:\/\/purassima.com\/wp-content\/uploads\/2025\/07\/PDF_icon.webp 820w, https:\/\/purassima.com\/wp-content\/uploads\/2025\/07\/PDF_icon-269x300.webp 269w, https:\/\/purassima.com\/wp-content\/uploads\/2025\/07\/PDF_icon-768x857.webp 768w, https:\/\/purassima.com\/wp-content\/uploads\/2025\/07\/PDF_icon-600x670.webp 600w\" sizes=\"(max-width: 800px) 100vw, 800px\" \/>\t\t\t\t\t\t\t\t\t\t\t\t\t\t\t<\/div>\n\t\t\t\t<\/div>\n\t\t<div class=\"elementor-element elementor-element-d470bd8 e-con-full e-flex e-con e-child\" data-id=\"d470bd8\" data-element_type=\"container\" data-e-type=\"container\">\n\t\t\t\t<div class=\"elementor-element elementor-element-8c16888 elementor-widget elementor-widget-heading\" data-id=\"8c16888\" data-element_type=\"widget\" data-e-type=\"widget\" data-widget_type=\"heading.default\">\n\t\t\t\t\t<h2 class=\"elementor-heading-title elementor-size-default\">Syst\u00e8me de perspectives Purissima<\/h2>\t\t\t\t<\/div>\n\t\t\t\t<div class=\"elementor-element elementor-element-52851e1 elementor-widget elementor-widget-text-editor\" data-id=\"52851e1\" data-element_type=\"widget\" data-e-type=\"widget\" data-widget_type=\"text-editor.default\">\n\t\t\t\t\t\t\t\t\t(550.61 KB)\n\n\t\t\t\t\t\t\t\t<\/div>\n\t\t\t\t<\/div>\n\t\t\t\t<\/div>\n\t\t\t\t\t<\/div>\n\t\t\t\t<\/div>\n\t\t\t\t<\/div>\n\t\t","protected":false},"excerpt":{"rendered":"<p><strong>AVANTAGES<\/strong><\/p>\n<ul>\n<li>chaque jour de l&rsquo;eau pure<\/li>\n<li>am\u00e9lioration de la sant\u00e9<\/li>\n<li>d\u00e9licieux caf\u00e9, th\u00e9, limonade, smoothies, etc.<\/li>\n<li>Utilisation \u00e9conomique (\u00e9conomies : 400 \u20ac p\/p\/an)<\/li>\n<li> plus besoin de trimballer de l&rsquo;eau min\u00e9rale<\/li>\n<li>respectueux de l&rsquo;environnement et solution durable<\/li>\n<\/ul>\n<p><strong>\u00c9CONOMIES : \u20ac 438,- par personne et par an !<br \/>\n<\/strong>L\u2019utilisation d\u2019un filtre \u00e0 eau pr\u00e9sente de nombreux avantages pour la sant\u00e9, mais permet \u00e9galement de r\u00e9aliser d\u2019importantes \u00e9conomies en mati\u00e8re de pollution environnementale (p\u00e9trole, plastiques et transports), sans parler du transport de centaines de gallons d\u2019eau par an ! Mais ce n\u2019est pas tout, il y a aussi des \u00e9conomies financi\u00e8res. <\/p>\n<p>En moyenne, 1 litre d&rsquo;eau du robinet co\u00fbte 0,05 \u20ac, l&rsquo;eau min\u00e9rale co\u00fbte 0,60 \u20ac le litre.<br \/>\nSupposons que vous buviez 2 litres par jour et par personne :<br \/>\nFiltre \u00e0 eau : 0,05 \u20ac x 2 litre x 365 (jours) = 36,50 \u20ac par personne et par an.<br \/>\nEau min\u00e9rale : \u20ac 0,60 x 2 litres x 365 (jours) = \u20ac 438,- par personne et par an.<\/p>\n","protected":false},"featured_media":1741,"comment_status":"open","ping_status":"closed","template":"","meta":{"_acf_changed":false},"product_brand":[],"product_cat":[84],"product_tag":[],"class_list":{"0":"post-2625","1":"product","2":"type-product","3":"status-publish","4":"has-post-thumbnail","6":"product_cat-osmose-inverse","8":"first","9":"instock","10":"shipping-taxable","11":"purchasable","12":"product-type-simple"},"acf":[],"yoast_head":"<!-- This site is optimized with the Yoast SEO plugin v27.4 - https:\/\/yoast.com\/product\/yoast-seo-wordpress\/ -->\n<title>H\u00e9racl\u00e8s - osmose inverse - Purassima<\/title>\n<meta name=\"robots\" content=\"index, follow, max-snippet:-1, max-image-preview:large, max-video-preview:-1\" \/>\n<link rel=\"canonical\" href=\"https:\/\/purassima.com\/fr\/product\/heracles-osmose-inverse\/\" \/>\n<meta property=\"og:locale\" content=\"fr_FR\" \/>\n<meta property=\"og:type\" content=\"article\" \/>\n<meta property=\"og:title\" content=\"H\u00e9racl\u00e8s - osmose inverse - Purassima\" \/>\n<meta property=\"og:description\" content=\"AVANTAGES   chaque jour de l&#039;eau pure  am\u00e9lioration de la sant\u00e9  d\u00e9licieux caf\u00e9, th\u00e9, limonade, smoothies, etc.  Utilisation \u00e9conomique (\u00e9conomies : 400 \u20ac p\/p\/an)   plus besoin de trimballer de l&#039;eau min\u00e9rale  respectueux de l&#039;environnement et solution durable  \u00c9CONOMIES : \u20ac 438,- par personne et par an ! L\u2019utilisation d\u2019un filtre \u00e0 eau pr\u00e9sente de nombreux avantages pour la sant\u00e9, mais permet \u00e9galement de r\u00e9aliser d\u2019importantes \u00e9conomies en mati\u00e8re de pollution environnementale (p\u00e9trole, plastiques et transports), sans parler du transport de centaines de gallons d\u2019eau par an ! Mais ce n\u2019est pas tout, il y a aussi des \u00e9conomies financi\u00e8res.   En moyenne, 1 litre d&#039;eau du robinet co\u00fbte 0,05 \u20ac, l&#039;eau min\u00e9rale co\u00fbte 0,60 \u20ac le litre. Supposons que vous buviez 2 litres par jour et par personne : Filtre \u00e0 eau : 0,05 \u20ac x 2 litre x 365 (jours) = 36,50 \u20ac par personne et par an. Eau min\u00e9rale : \u20ac 0,60 x 2 litres x 365 (jours) = \u20ac 438,- par personne et par an.\" \/>\n<meta property=\"og:url\" content=\"https:\/\/purassima.com\/fr\/product\/heracles-osmose-inverse\/\" \/>\n<meta property=\"og:site_name\" content=\"Purassima\" \/>\n<meta property=\"article:modified_time\" content=\"2025-07-31T08:01:34+00:00\" \/>\n<meta property=\"og:image\" content=\"https:\/\/purassima.com\/wp-content\/uploads\/2025\/07\/Heracles_photo1.webp\" \/>\n\t<meta property=\"og:image:width\" content=\"1200\" \/>\n\t<meta property=\"og:image:height\" content=\"1200\" \/>\n\t<meta property=\"og:image:type\" content=\"image\/webp\" \/>\n<meta name=\"twitter:card\" content=\"summary_large_image\" \/>\n<meta name=\"twitter:label1\" content=\"Dur\u00e9e de lecture estim\u00e9e\" \/>\n\t<meta name=\"twitter:data1\" content=\"2 minutes\" \/>\n<script type=\"application\/ld+json\" class=\"yoast-schema-graph\">{\"@context\":\"https:\\\/\\\/schema.org\",\"@graph\":[{\"@type\":\"WebPage\",\"@id\":\"https:\\\/\\\/purassima.com\\\/fr\\\/product\\\/heracles-osmose-inverse\\\/\",\"url\":\"https:\\\/\\\/purassima.com\\\/fr\\\/product\\\/heracles-osmose-inverse\\\/\",\"name\":\"H\u00e9racl\u00e8s - osmose inverse - Purassima\",\"isPartOf\":{\"@id\":\"https:\\\/\\\/purassima.com\\\/fr\\\/#website\"},\"primaryImageOfPage\":{\"@id\":\"https:\\\/\\\/purassima.com\\\/fr\\\/product\\\/heracles-osmose-inverse\\\/#primaryimage\"},\"image\":{\"@id\":\"https:\\\/\\\/purassima.com\\\/fr\\\/product\\\/heracles-osmose-inverse\\\/#primaryimage\"},\"thumbnailUrl\":\"https:\\\/\\\/purassima.com\\\/wp-content\\\/uploads\\\/2025\\\/07\\\/Heracles_photo1.webp\",\"datePublished\":\"2025-07-25T09:12:30+00:00\",\"dateModified\":\"2025-07-31T08:01:34+00:00\",\"breadcrumb\":{\"@id\":\"https:\\\/\\\/purassima.com\\\/fr\\\/product\\\/heracles-osmose-inverse\\\/#breadcrumb\"},\"inLanguage\":\"fr-FR\",\"potentialAction\":[{\"@type\":\"ReadAction\",\"target\":[\"https:\\\/\\\/purassima.com\\\/fr\\\/product\\\/heracles-osmose-inverse\\\/\"]}]},{\"@type\":\"ImageObject\",\"inLanguage\":\"fr-FR\",\"@id\":\"https:\\\/\\\/purassima.com\\\/fr\\\/product\\\/heracles-osmose-inverse\\\/#primaryimage\",\"url\":\"https:\\\/\\\/purassima.com\\\/wp-content\\\/uploads\\\/2025\\\/07\\\/Heracles_photo1.webp\",\"contentUrl\":\"https:\\\/\\\/purassima.com\\\/wp-content\\\/uploads\\\/2025\\\/07\\\/Heracles_photo1.webp\",\"width\":1200,\"height\":1200},{\"@type\":\"BreadcrumbList\",\"@id\":\"https:\\\/\\\/purassima.com\\\/fr\\\/product\\\/heracles-osmose-inverse\\\/#breadcrumb\",\"itemListElement\":[{\"@type\":\"ListItem\",\"position\":1,\"name\":\"Home\",\"item\":\"https:\\\/\\\/purassima.com\\\/fr\\\/maison\\\/\"},{\"@type\":\"ListItem\",\"position\":2,\"name\":\"Collections\",\"item\":\"https:\\\/\\\/purassima.com\\\/collections\\\/\"},{\"@type\":\"ListItem\",\"position\":3,\"name\":\"H\u00e9racl\u00e8s &#8211; osmose inverse\"}]},{\"@type\":\"WebSite\",\"@id\":\"https:\\\/\\\/purassima.com\\\/fr\\\/#website\",\"url\":\"https:\\\/\\\/purassima.com\\\/fr\\\/\",\"name\":\"purassima\",\"description\":\"\",\"potentialAction\":[{\"@type\":\"SearchAction\",\"target\":{\"@type\":\"EntryPoint\",\"urlTemplate\":\"https:\\\/\\\/purassima.com\\\/fr\\\/?s={search_term_string}\"},\"query-input\":{\"@type\":\"PropertyValueSpecification\",\"valueRequired\":true,\"valueName\":\"search_term_string\"}}],\"inLanguage\":\"fr-FR\"}]}<\/script>\n<!-- \/ Yoast SEO plugin. -->","yoast_head_json":{"title":"H\u00e9racl\u00e8s - osmose inverse - Purassima","robots":{"index":"index","follow":"follow","max-snippet":"max-snippet:-1","max-image-preview":"max-image-preview:large","max-video-preview":"max-video-preview:-1"},"canonical":"https:\/\/purassima.com\/fr\/product\/heracles-osmose-inverse\/","og_locale":"fr_FR","og_type":"article","og_title":"H\u00e9racl\u00e8s - osmose inverse - Purassima","og_description":"AVANTAGES   chaque jour de l'eau pure  am\u00e9lioration de la sant\u00e9  d\u00e9licieux caf\u00e9, th\u00e9, limonade, smoothies, etc.  Utilisation \u00e9conomique (\u00e9conomies : 400 \u20ac p\/p\/an)   plus besoin de trimballer de l'eau min\u00e9rale  respectueux de l'environnement et solution durable  \u00c9CONOMIES : \u20ac 438,- par personne et par an ! L\u2019utilisation d\u2019un filtre \u00e0 eau pr\u00e9sente de nombreux avantages pour la sant\u00e9, mais permet \u00e9galement de r\u00e9aliser d\u2019importantes \u00e9conomies en mati\u00e8re de pollution environnementale (p\u00e9trole, plastiques et transports), sans parler du transport de centaines de gallons d\u2019eau par an ! Mais ce n\u2019est pas tout, il y a aussi des \u00e9conomies financi\u00e8res.   En moyenne, 1 litre d'eau du robinet co\u00fbte 0,05 \u20ac, l'eau min\u00e9rale co\u00fbte 0,60 \u20ac le litre. Supposons que vous buviez 2 litres par jour et par personne : Filtre \u00e0 eau : 0,05 \u20ac x 2 litre x 365 (jours) = 36,50 \u20ac par personne et par an. Eau min\u00e9rale : \u20ac 0,60 x 2 litres x 365 (jours) = \u20ac 438,- par personne et par an.","og_url":"https:\/\/purassima.com\/fr\/product\/heracles-osmose-inverse\/","og_site_name":"Purassima","article_modified_time":"2025-07-31T08:01:34+00:00","og_image":[{"width":1200,"height":1200,"url":"https:\/\/purassima.com\/wp-content\/uploads\/2025\/07\/Heracles_photo1.webp","type":"image\/webp"}],"twitter_card":"summary_large_image","twitter_misc":{"Dur\u00e9e de lecture estim\u00e9e":"2 minutes"},"schema":{"@context":"https:\/\/schema.org","@graph":[{"@type":"WebPage","@id":"https:\/\/purassima.com\/fr\/product\/heracles-osmose-inverse\/","url":"https:\/\/purassima.com\/fr\/product\/heracles-osmose-inverse\/","name":"H\u00e9racl\u00e8s - osmose inverse - Purassima","isPartOf":{"@id":"https:\/\/purassima.com\/fr\/#website"},"primaryImageOfPage":{"@id":"https:\/\/purassima.com\/fr\/product\/heracles-osmose-inverse\/#primaryimage"},"image":{"@id":"https:\/\/purassima.com\/fr\/product\/heracles-osmose-inverse\/#primaryimage"},"thumbnailUrl":"https:\/\/purassima.com\/wp-content\/uploads\/2025\/07\/Heracles_photo1.webp","datePublished":"2025-07-25T09:12:30+00:00","dateModified":"2025-07-31T08:01:34+00:00","breadcrumb":{"@id":"https:\/\/purassima.com\/fr\/product\/heracles-osmose-inverse\/#breadcrumb"},"inLanguage":"fr-FR","potentialAction":[{"@type":"ReadAction","target":["https:\/\/purassima.com\/fr\/product\/heracles-osmose-inverse\/"]}]},{"@type":"ImageObject","inLanguage":"fr-FR","@id":"https:\/\/purassima.com\/fr\/product\/heracles-osmose-inverse\/#primaryimage","url":"https:\/\/purassima.com\/wp-content\/uploads\/2025\/07\/Heracles_photo1.webp","contentUrl":"https:\/\/purassima.com\/wp-content\/uploads\/2025\/07\/Heracles_photo1.webp","width":1200,"height":1200},{"@type":"BreadcrumbList","@id":"https:\/\/purassima.com\/fr\/product\/heracles-osmose-inverse\/#breadcrumb","itemListElement":[{"@type":"ListItem","position":1,"name":"Home","item":"https:\/\/purassima.com\/fr\/maison\/"},{"@type":"ListItem","position":2,"name":"Collections","item":"https:\/\/purassima.com\/collections\/"},{"@type":"ListItem","position":3,"name":"H\u00e9racl\u00e8s &#8211; osmose inverse"}]},{"@type":"WebSite","@id":"https:\/\/purassima.com\/fr\/#website","url":"https:\/\/purassima.com\/fr\/","name":"purassima","description":"","potentialAction":[{"@type":"SearchAction","target":{"@type":"EntryPoint","urlTemplate":"https:\/\/purassima.com\/fr\/?s={search_term_string}"},"query-input":{"@type":"PropertyValueSpecification","valueRequired":true,"valueName":"search_term_string"}}],"inLanguage":"fr-FR"}]}},"_links":{"self":[{"href":"https:\/\/purassima.com\/fr\/wp-json\/wp\/v2\/product\/2625","targetHints":{"allow":["GET"]}}],"collection":[{"href":"https:\/\/purassima.com\/fr\/wp-json\/wp\/v2\/product"}],"about":[{"href":"https:\/\/purassima.com\/fr\/wp-json\/wp\/v2\/types\/product"}],"replies":[{"embeddable":true,"href":"https:\/\/purassima.com\/fr\/wp-json\/wp\/v2\/comments?post=2625"}],"version-history":[{"count":4,"href":"https:\/\/purassima.com\/fr\/wp-json\/wp\/v2\/product\/2625\/revisions"}],"predecessor-version":[{"id":3154,"href":"https:\/\/purassima.com\/fr\/wp-json\/wp\/v2\/product\/2625\/revisions\/3154"}],"wp:featuredmedia":[{"embeddable":true,"href":"https:\/\/purassima.com\/fr\/wp-json\/wp\/v2\/media\/1741"}],"wp:attachment":[{"href":"https:\/\/purassima.com\/fr\/wp-json\/wp\/v2\/media?parent=2625"}],"wp:term":[{"taxonomy":"product_brand","embeddable":true,"href":"https:\/\/purassima.com\/fr\/wp-json\/wp\/v2\/product_brand?post=2625"},{"taxonomy":"product_cat","embeddable":true,"href":"https:\/\/purassima.com\/fr\/wp-json\/wp\/v2\/product_cat?post=2625"},{"taxonomy":"product_tag","embeddable":true,"href":"https:\/\/purassima.com\/fr\/wp-json\/wp\/v2\/product_tag?post=2625"}],"curies":[{"name":"wp","href":"https:\/\/api.w.org\/{rel}","templated":true}]}}