{"id":2650,"date":"2025-07-25T09:31:40","date_gmt":"2025-07-25T09:31:40","guid":{"rendered":"https:\/\/purassima.com\/product\/olympus-distributeur-ultra-filtration\/"},"modified":"2025-07-31T08:01:05","modified_gmt":"2025-07-31T08:01:05","slug":"olympus-distributeur-ultra-filtration","status":"publish","type":"product","link":"https:\/\/purassima.com\/fr\/product\/olympus-distributeur-ultra-filtration\/","title":{"rendered":"Olympus &#8211; distributeur ultra filtration"},"content":{"rendered":"\t\t<div data-elementor-type=\"product-post\" data-elementor-id=\"2650\" class=\"elementor elementor-2650 elementor-601\" data-elementor-post-type=\"product\">\n\t\t\t\t<div class=\"elementor-element elementor-element-1b74c40f e-flex e-con-boxed e-con e-parent\" data-id=\"1b74c40f\" data-element_type=\"container\" data-e-type=\"container\">\n\t\t\t\t\t<div class=\"e-con-inner\">\n\t\t\t\t<div class=\"elementor-element elementor-element-1a620e13 elementor-widget elementor-widget-text-editor\" data-id=\"1a620e13\" data-element_type=\"widget\" data-e-type=\"widget\" data-widget_type=\"text-editor.default\">\n\t\t\t\t\t\t\t\t\tMarque : Purassima\nMod\u00e8le : Olympe\nProduit : syst\u00e8me de filtration d&rsquo;eau &#8211; distributeur\nM\u00e9thode : ultra filtration (UF)\nFiltre : 1 filtre tout-en-un (4 \u00e9tapes)\n\u00c9lectricit\u00e9 : 230 volts\nInstallation : pas n\u00e9cessaire\n\nAPPLICATION:\n&#8211; m\u00e9nages : cuisine\n&#8211; commerces\/bureaux : cuisine\/salle de r\u00e9union\n&#8211; mobile : caravane, camping-car ou bateau\n\nLe Purassima Olympus est un mod\u00e8le de comptoir (distributeur) bas\u00e9 sur la m\u00e9thode d&rsquo;ultra filtration (UF). Ce mod\u00e8le ne n\u00e9cessite aucune installation, seulement de l&rsquo;\u00e9lectricit\u00e9. \n\nM\u00c9THODE D&rsquo;ULTRA-FILTRATION\nL\u2019ultra filtration n\u2019est pas tr\u00e8s diff\u00e9rente de l\u2019osmose inverse (RO) en termes de processus de filtration. La diff\u00e9rence r\u00e9side dans la taille des pores de la membrane. En UF, elle est de 0,01 microns et en osmose inverse (RO), elle est de 0,0001 microns. Cela permet \u00e0 l\u2019osmose inverse (RO) de filtrer 99 % des impuret\u00e9s, mais cela n\u2019est pas toujours n\u00e9cessaire. L\u2019ultrafiltration est moins ch\u00e8re \u00e0 l\u2019achat, plus facile \u00e0 installer et plus simple et moins co\u00fbteuse \u00e0 entretenir que l\u2019OI.    \n\nCARACT\u00c9RISTIQUES\nCapacit\u00e9 de filtration : 2 litres par heure\nCapacit\u00e9 du r\u00e9servoir : 6 litres\nFiltres : 1 filtre tout-en-un \/ 4 \u00e9tages\nDimensions : 450x210x390mm\nPoids : 13 kg.\n\nASSEMBLAGE &amp; INSTALLATION\nCe syst\u00e8me de filtration d\u2019eau par ultrafiltration ne n\u00e9cessite AUCUNE installation. Vous pouvez l&rsquo;utiliser comme une machine \u00e0 caf\u00e9, vous n&rsquo;avez besoin que d&rsquo;\u00e9lectricit\u00e9 \t\t\t\t\t\t\t\t<\/div>\n\t\t\t\t\t<\/div>\n\t\t\t\t<\/div>\n\t\t<div class=\"elementor-element elementor-element-ba180af e-flex e-con-boxed e-con e-parent\" data-id=\"ba180af\" data-element_type=\"container\" data-e-type=\"container\">\n\t\t\t\t\t<div class=\"e-con-inner\">\n\t\t\t\t<div class=\"elementor-element elementor-element-6150559 elementor-widget elementor-widget-heading\" data-id=\"6150559\" data-element_type=\"widget\" data-e-type=\"widget\" data-widget_type=\"heading.default\">\n\t\t\t\t\t<h2 class=\"elementor-heading-title elementor-size-default\">T\u00e9l\u00e9charger le PDF<\/h2>\t\t\t\t<\/div>\n\t\t<div data-ha-element-link=\"{&quot;url&quot;:&quot;https:\\\/\\\/purassima.com\\\/wp-content\\\/uploads\\\/2025\\\/07\\\/Dispensers_web_folder_NL-2.pdf&quot;,&quot;is_external&quot;:&quot;on&quot;,&quot;nofollow&quot;:&quot;&quot;}\" style=\"cursor: pointer\" class=\"elementor-element elementor-element-e509a07 e-con-full e-flex e-con e-child\" data-id=\"e509a07\" data-element_type=\"container\" data-e-type=\"container\" data-settings=\"{&quot;background_background&quot;:&quot;classic&quot;}\">\n\t\t<div class=\"elementor-element elementor-element-f440dae e-con-full e-flex e-con e-child\" data-id=\"f440dae\" data-element_type=\"container\" data-e-type=\"container\">\n\t\t\t\t<div class=\"elementor-element elementor-element-c6b817a elementor-widget elementor-widget-image\" data-id=\"c6b817a\" data-element_type=\"widget\" data-e-type=\"widget\" data-widget_type=\"image.default\">\n\t\t\t\t\t\t\t\t\t\t\t\t\t\t\t<img fetchpriority=\"high\" decoding=\"async\" width=\"800\" height=\"893\" src=\"https:\/\/purassima.com\/wp-content\/uploads\/2025\/07\/PDF_icon.webp\" class=\"attachment-large size-large wp-image-2765\" alt=\"\" srcset=\"https:\/\/purassima.com\/wp-content\/uploads\/2025\/07\/PDF_icon.webp 820w, https:\/\/purassima.com\/wp-content\/uploads\/2025\/07\/PDF_icon-269x300.webp 269w, https:\/\/purassima.com\/wp-content\/uploads\/2025\/07\/PDF_icon-768x857.webp 768w, https:\/\/purassima.com\/wp-content\/uploads\/2025\/07\/PDF_icon-600x670.webp 600w\" sizes=\"(max-width: 800px) 100vw, 800px\" \/>\t\t\t\t\t\t\t\t\t\t\t\t\t\t\t<\/div>\n\t\t\t\t<\/div>\n\t\t<div class=\"elementor-element elementor-element-54a29ec e-con-full e-flex e-con e-child\" data-id=\"54a29ec\" data-element_type=\"container\" data-e-type=\"container\">\n\t\t\t\t<div class=\"elementor-element elementor-element-92ab220 elementor-widget elementor-widget-heading\" data-id=\"92ab220\" data-element_type=\"widget\" data-e-type=\"widget\" data-widget_type=\"heading.default\">\n\t\t\t\t\t<h2 class=\"elementor-heading-title elementor-size-default\">Syst\u00e8me de perspectives Purissima<\/h2>\t\t\t\t<\/div>\n\t\t\t\t<div class=\"elementor-element elementor-element-f8f5e87 elementor-widget elementor-widget-text-editor\" data-id=\"f8f5e87\" data-element_type=\"widget\" data-e-type=\"widget\" data-widget_type=\"text-editor.default\">\n\t\t\t\t\t\t\t\t\t(550.61 KB)\n\n\t\t\t\t\t\t\t\t<\/div>\n\t\t\t\t<\/div>\n\t\t\t\t<\/div>\n\t\t\t\t\t<\/div>\n\t\t\t\t<\/div>\n\t\t\t\t<\/div>\n\t\t","protected":false},"excerpt":{"rendered":"<p><strong>AVANTAGES<\/strong><\/p>\n<ul>\n<li>eau pure au quotidien<\/li>\n<li>am\u00e9lioration de la sant\u00e9<\/li>\n<li>d\u00e9licieux caf\u00e9, th\u00e9, limonade, smoothies, etc.<\/li>\n<li>Utilisation \u00e9conomique (\u00e9conomies : 400 \u20ac p\/p\/an)<\/li>\n<li> plus besoin de trimballer de l&rsquo;eau min\u00e9rale<\/li>\n<li>respectueux de l&rsquo;environnement et solution durable<\/li>\n<li><strong>\u00c9CONOMIES : \u20ac 438,- par personne et par an !<br \/>\n<\/strong>L\u2019utilisation d\u2019un filtre \u00e0 eau pr\u00e9sente de nombreux avantages pour la sant\u00e9, mais permet \u00e9galement de r\u00e9aliser d\u2019importantes \u00e9conomies en mati\u00e8re de pollution environnementale (p\u00e9trole, plastiques et transports), sans parler du transport de centaines de gallons d\u2019eau par an ! Mais ce n&rsquo;est pas tout, il y a aussi des \u00e9conomies financi\u00e8res. En moyenne, 1 litre d&rsquo;eau du robinet co\u00fbte 0,05 \u20ac, l&rsquo;eau min\u00e9rale co\u00fbte 0,60 \u20ac le litre.<br \/>\nSupposons que vous buviez 2 litres par jour et par personne :<br \/>\nFiltre \u00e0 eau : 0,05 \u20ac x 2 litre x 365 (jours) = 36,50 \u20ac par personne et par an.<br \/>\nEau min\u00e9rale : \u20ac 0,60 x 2 litres x 365 (jours) = \u20ac 438,- par personne et par an. <\/li>\n<\/ul>\n","protected":false},"featured_media":1806,"comment_status":"open","ping_status":"closed","template":"","meta":{"_acf_changed":false},"product_brand":[],"product_cat":[91],"product_tag":[],"class_list":{"0":"post-2650","1":"product","2":"type-product","3":"status-publish","4":"has-post-thumbnail","6":"product_cat-ultrafiltration","8":"first","9":"instock","10":"shipping-taxable","11":"purchasable","12":"product-type-simple"},"acf":[],"yoast_head":"<!-- This site is optimized with the Yoast SEO plugin v27.4 - https:\/\/yoast.com\/product\/yoast-seo-wordpress\/ -->\n<title>Olympus - distributeur ultra filtration - Purassima<\/title>\n<meta name=\"robots\" content=\"index, follow, max-snippet:-1, max-image-preview:large, max-video-preview:-1\" \/>\n<link rel=\"canonical\" href=\"https:\/\/purassima.com\/fr\/product\/olympus-distributeur-ultra-filtration\/\" \/>\n<meta property=\"og:locale\" content=\"fr_FR\" \/>\n<meta property=\"og:type\" content=\"article\" \/>\n<meta property=\"og:title\" content=\"Olympus - distributeur ultra filtration - Purassima\" \/>\n<meta property=\"og:description\" content=\"AVANTAGES   eau pure au quotidien  am\u00e9lioration de la sant\u00e9  d\u00e9licieux caf\u00e9, th\u00e9, limonade, smoothies, etc.  Utilisation \u00e9conomique (\u00e9conomies : 400 \u20ac p\/p\/an)   plus besoin de trimballer de l&#039;eau min\u00e9rale  respectueux de l&#039;environnement et solution durable  \u00c9CONOMIES : \u20ac 438,- par personne et par an ! L\u2019utilisation d\u2019un filtre \u00e0 eau pr\u00e9sente de nombreux avantages pour la sant\u00e9, mais permet \u00e9galement de r\u00e9aliser d\u2019importantes \u00e9conomies en mati\u00e8re de pollution environnementale (p\u00e9trole, plastiques et transports), sans parler du transport de centaines de gallons d\u2019eau par an ! Mais ce n&#039;est pas tout, il y a aussi des \u00e9conomies financi\u00e8res. En moyenne, 1 litre d&#039;eau du robinet co\u00fbte 0,05 \u20ac, l&#039;eau min\u00e9rale co\u00fbte 0,60 \u20ac le litre. Supposons que vous buviez 2 litres par jour et par personne : Filtre \u00e0 eau : 0,05 \u20ac x 2 litre x 365 (jours) = 36,50 \u20ac par personne et par an. Eau min\u00e9rale : \u20ac 0,60 x 2 litres x 365 (jours) = \u20ac 438,- par personne et par an.\" \/>\n<meta property=\"og:url\" content=\"https:\/\/purassima.com\/fr\/product\/olympus-distributeur-ultra-filtration\/\" \/>\n<meta property=\"og:site_name\" content=\"Purassima\" \/>\n<meta property=\"article:modified_time\" content=\"2025-07-31T08:01:05+00:00\" \/>\n<meta property=\"og:image\" content=\"https:\/\/purassima.com\/wp-content\/uploads\/2025\/07\/Olympus_product.webp\" \/>\n\t<meta property=\"og:image:width\" content=\"600\" \/>\n\t<meta property=\"og:image:height\" content=\"600\" \/>\n\t<meta property=\"og:image:type\" content=\"image\/webp\" \/>\n<meta name=\"twitter:card\" content=\"summary_large_image\" \/>\n<meta name=\"twitter:label1\" content=\"Dur\u00e9e de lecture estim\u00e9e\" \/>\n\t<meta name=\"twitter:data1\" content=\"2 minutes\" \/>\n<script type=\"application\/ld+json\" class=\"yoast-schema-graph\">{\"@context\":\"https:\\\/\\\/schema.org\",\"@graph\":[{\"@type\":\"WebPage\",\"@id\":\"https:\\\/\\\/purassima.com\\\/fr\\\/product\\\/olympus-distributeur-ultra-filtration\\\/\",\"url\":\"https:\\\/\\\/purassima.com\\\/fr\\\/product\\\/olympus-distributeur-ultra-filtration\\\/\",\"name\":\"Olympus - distributeur ultra filtration - Purassima\",\"isPartOf\":{\"@id\":\"https:\\\/\\\/purassima.com\\\/fr\\\/#website\"},\"primaryImageOfPage\":{\"@id\":\"https:\\\/\\\/purassima.com\\\/fr\\\/product\\\/olympus-distributeur-ultra-filtration\\\/#primaryimage\"},\"image\":{\"@id\":\"https:\\\/\\\/purassima.com\\\/fr\\\/product\\\/olympus-distributeur-ultra-filtration\\\/#primaryimage\"},\"thumbnailUrl\":\"https:\\\/\\\/purassima.com\\\/wp-content\\\/uploads\\\/2025\\\/07\\\/Olympus_product.webp\",\"datePublished\":\"2025-07-25T09:31:40+00:00\",\"dateModified\":\"2025-07-31T08:01:05+00:00\",\"breadcrumb\":{\"@id\":\"https:\\\/\\\/purassima.com\\\/fr\\\/product\\\/olympus-distributeur-ultra-filtration\\\/#breadcrumb\"},\"inLanguage\":\"fr-FR\",\"potentialAction\":[{\"@type\":\"ReadAction\",\"target\":[\"https:\\\/\\\/purassima.com\\\/fr\\\/product\\\/olympus-distributeur-ultra-filtration\\\/\"]}]},{\"@type\":\"ImageObject\",\"inLanguage\":\"fr-FR\",\"@id\":\"https:\\\/\\\/purassima.com\\\/fr\\\/product\\\/olympus-distributeur-ultra-filtration\\\/#primaryimage\",\"url\":\"https:\\\/\\\/purassima.com\\\/wp-content\\\/uploads\\\/2025\\\/07\\\/Olympus_product.webp\",\"contentUrl\":\"https:\\\/\\\/purassima.com\\\/wp-content\\\/uploads\\\/2025\\\/07\\\/Olympus_product.webp\",\"width\":600,\"height\":600},{\"@type\":\"BreadcrumbList\",\"@id\":\"https:\\\/\\\/purassima.com\\\/fr\\\/product\\\/olympus-distributeur-ultra-filtration\\\/#breadcrumb\",\"itemListElement\":[{\"@type\":\"ListItem\",\"position\":1,\"name\":\"Home\",\"item\":\"https:\\\/\\\/purassima.com\\\/fr\\\/maison\\\/\"},{\"@type\":\"ListItem\",\"position\":2,\"name\":\"Collections\",\"item\":\"https:\\\/\\\/purassima.com\\\/collections\\\/\"},{\"@type\":\"ListItem\",\"position\":3,\"name\":\"Olympus &#8211; distributeur ultra filtration\"}]},{\"@type\":\"WebSite\",\"@id\":\"https:\\\/\\\/purassima.com\\\/fr\\\/#website\",\"url\":\"https:\\\/\\\/purassima.com\\\/fr\\\/\",\"name\":\"purassima\",\"description\":\"\",\"potentialAction\":[{\"@type\":\"SearchAction\",\"target\":{\"@type\":\"EntryPoint\",\"urlTemplate\":\"https:\\\/\\\/purassima.com\\\/fr\\\/?s={search_term_string}\"},\"query-input\":{\"@type\":\"PropertyValueSpecification\",\"valueRequired\":true,\"valueName\":\"search_term_string\"}}],\"inLanguage\":\"fr-FR\"}]}<\/script>\n<!-- \/ Yoast SEO plugin. -->","yoast_head_json":{"title":"Olympus - distributeur ultra filtration - Purassima","robots":{"index":"index","follow":"follow","max-snippet":"max-snippet:-1","max-image-preview":"max-image-preview:large","max-video-preview":"max-video-preview:-1"},"canonical":"https:\/\/purassima.com\/fr\/product\/olympus-distributeur-ultra-filtration\/","og_locale":"fr_FR","og_type":"article","og_title":"Olympus - distributeur ultra filtration - Purassima","og_description":"AVANTAGES   eau pure au quotidien  am\u00e9lioration de la sant\u00e9  d\u00e9licieux caf\u00e9, th\u00e9, limonade, smoothies, etc.  Utilisation \u00e9conomique (\u00e9conomies : 400 \u20ac p\/p\/an)   plus besoin de trimballer de l'eau min\u00e9rale  respectueux de l'environnement et solution durable  \u00c9CONOMIES : \u20ac 438,- par personne et par an ! L\u2019utilisation d\u2019un filtre \u00e0 eau pr\u00e9sente de nombreux avantages pour la sant\u00e9, mais permet \u00e9galement de r\u00e9aliser d\u2019importantes \u00e9conomies en mati\u00e8re de pollution environnementale (p\u00e9trole, plastiques et transports), sans parler du transport de centaines de gallons d\u2019eau par an ! Mais ce n'est pas tout, il y a aussi des \u00e9conomies financi\u00e8res. En moyenne, 1 litre d'eau du robinet co\u00fbte 0,05 \u20ac, l'eau min\u00e9rale co\u00fbte 0,60 \u20ac le litre. Supposons que vous buviez 2 litres par jour et par personne : Filtre \u00e0 eau : 0,05 \u20ac x 2 litre x 365 (jours) = 36,50 \u20ac par personne et par an. Eau min\u00e9rale : \u20ac 0,60 x 2 litres x 365 (jours) = \u20ac 438,- par personne et par an.","og_url":"https:\/\/purassima.com\/fr\/product\/olympus-distributeur-ultra-filtration\/","og_site_name":"Purassima","article_modified_time":"2025-07-31T08:01:05+00:00","og_image":[{"width":600,"height":600,"url":"https:\/\/purassima.com\/wp-content\/uploads\/2025\/07\/Olympus_product.webp","type":"image\/webp"}],"twitter_card":"summary_large_image","twitter_misc":{"Dur\u00e9e de lecture estim\u00e9e":"2 minutes"},"schema":{"@context":"https:\/\/schema.org","@graph":[{"@type":"WebPage","@id":"https:\/\/purassima.com\/fr\/product\/olympus-distributeur-ultra-filtration\/","url":"https:\/\/purassima.com\/fr\/product\/olympus-distributeur-ultra-filtration\/","name":"Olympus - distributeur ultra filtration - Purassima","isPartOf":{"@id":"https:\/\/purassima.com\/fr\/#website"},"primaryImageOfPage":{"@id":"https:\/\/purassima.com\/fr\/product\/olympus-distributeur-ultra-filtration\/#primaryimage"},"image":{"@id":"https:\/\/purassima.com\/fr\/product\/olympus-distributeur-ultra-filtration\/#primaryimage"},"thumbnailUrl":"https:\/\/purassima.com\/wp-content\/uploads\/2025\/07\/Olympus_product.webp","datePublished":"2025-07-25T09:31:40+00:00","dateModified":"2025-07-31T08:01:05+00:00","breadcrumb":{"@id":"https:\/\/purassima.com\/fr\/product\/olympus-distributeur-ultra-filtration\/#breadcrumb"},"inLanguage":"fr-FR","potentialAction":[{"@type":"ReadAction","target":["https:\/\/purassima.com\/fr\/product\/olympus-distributeur-ultra-filtration\/"]}]},{"@type":"ImageObject","inLanguage":"fr-FR","@id":"https:\/\/purassima.com\/fr\/product\/olympus-distributeur-ultra-filtration\/#primaryimage","url":"https:\/\/purassima.com\/wp-content\/uploads\/2025\/07\/Olympus_product.webp","contentUrl":"https:\/\/purassima.com\/wp-content\/uploads\/2025\/07\/Olympus_product.webp","width":600,"height":600},{"@type":"BreadcrumbList","@id":"https:\/\/purassima.com\/fr\/product\/olympus-distributeur-ultra-filtration\/#breadcrumb","itemListElement":[{"@type":"ListItem","position":1,"name":"Home","item":"https:\/\/purassima.com\/fr\/maison\/"},{"@type":"ListItem","position":2,"name":"Collections","item":"https:\/\/purassima.com\/collections\/"},{"@type":"ListItem","position":3,"name":"Olympus &#8211; distributeur ultra filtration"}]},{"@type":"WebSite","@id":"https:\/\/purassima.com\/fr\/#website","url":"https:\/\/purassima.com\/fr\/","name":"purassima","description":"","potentialAction":[{"@type":"SearchAction","target":{"@type":"EntryPoint","urlTemplate":"https:\/\/purassima.com\/fr\/?s={search_term_string}"},"query-input":{"@type":"PropertyValueSpecification","valueRequired":true,"valueName":"search_term_string"}}],"inLanguage":"fr-FR"}]}},"_links":{"self":[{"href":"https:\/\/purassima.com\/fr\/wp-json\/wp\/v2\/product\/2650","targetHints":{"allow":["GET"]}}],"collection":[{"href":"https:\/\/purassima.com\/fr\/wp-json\/wp\/v2\/product"}],"about":[{"href":"https:\/\/purassima.com\/fr\/wp-json\/wp\/v2\/types\/product"}],"replies":[{"embeddable":true,"href":"https:\/\/purassima.com\/fr\/wp-json\/wp\/v2\/comments?post=2650"}],"version-history":[{"count":4,"href":"https:\/\/purassima.com\/fr\/wp-json\/wp\/v2\/product\/2650\/revisions"}],"predecessor-version":[{"id":3152,"href":"https:\/\/purassima.com\/fr\/wp-json\/wp\/v2\/product\/2650\/revisions\/3152"}],"wp:featuredmedia":[{"embeddable":true,"href":"https:\/\/purassima.com\/fr\/wp-json\/wp\/v2\/media\/1806"}],"wp:attachment":[{"href":"https:\/\/purassima.com\/fr\/wp-json\/wp\/v2\/media?parent=2650"}],"wp:term":[{"taxonomy":"product_brand","embeddable":true,"href":"https:\/\/purassima.com\/fr\/wp-json\/wp\/v2\/product_brand?post=2650"},{"taxonomy":"product_cat","embeddable":true,"href":"https:\/\/purassima.com\/fr\/wp-json\/wp\/v2\/product_cat?post=2650"},{"taxonomy":"product_tag","embeddable":true,"href":"https:\/\/purassima.com\/fr\/wp-json\/wp\/v2\/product_tag?post=2650"}],"curies":[{"name":"wp","href":"https:\/\/api.w.org\/{rel}","templated":true}]}}