{"id":2686,"date":"2025-07-25T09:57:01","date_gmt":"2025-07-25T09:57:01","guid":{"rendered":"https:\/\/purassima.com\/product\/gaia-purificateur-deau-2\/"},"modified":"2025-07-31T08:00:19","modified_gmt":"2025-07-31T08:00:19","slug":"gaia-purificateur-deau-2","status":"publish","type":"product","link":"https:\/\/purassima.com\/fr\/product\/gaia-purificateur-deau-2\/","title":{"rendered":"Gaia &#8211; purificateur d&rsquo;eau"},"content":{"rendered":"\t\t<div data-elementor-type=\"product-post\" data-elementor-id=\"2686\" class=\"elementor elementor-2686 elementor-635\" data-elementor-post-type=\"product\">\n\t\t\t\t<div class=\"elementor-element elementor-element-35c13026 e-flex e-con-boxed e-con e-parent\" data-id=\"35c13026\" data-element_type=\"container\" data-e-type=\"container\">\n\t\t\t\t\t<div class=\"e-con-inner\">\n\t\t\t\t<div class=\"elementor-element elementor-element-213431b7 elementor-widget elementor-widget-text-editor\" data-id=\"213431b7\" data-element_type=\"widget\" data-e-type=\"widget\" data-widget_type=\"text-editor.default\">\n\t\t\t\t\t\t\t\t\tMarque : PurassimaMod\u00e8le : Gaia &#8211; purificateur d&rsquo;eauContenu : 14 litresMat\u00e9riau : ABSFiltres : 3 filtres et 8 \u00e9tapes de filtrationAucune \u00e9lectricit\u00e9 n\u00e9cessaire !\n\nLe purificateur d&rsquo;eau de bureau Purassima Gaia sans produits chimiques ni m\u00eame \u00e9lectricit\u00e9, mais bas\u00e9 sur une filtration naturelle. \u00c9limine les microplastiques, GenX, PFAS, bact\u00e9ries, hormones, m\u00e9dicaments, pesticides de l&rsquo;eau, entre autres. Le syst\u00e8me transforme l\u2019eau du robinet, de pluie, de rivi\u00e8re et de foss\u00e9 en eau potable au pH neutre, purifi\u00e9e et vitalis\u00e9e. Vous serez \u00e9tonn\u00e9 de voir \u00e0 quel point votre eau est douce, pure et d\u00e9licieuse, mais aussi par ex. le caf\u00e9 et le th\u00e9 peuvent go\u00fbter !   \n\nProcessus de filtration\nLe filtre \u00e0 eau de bureau se compose de 3 filtres pour un total de 8 \u00e9tapes de purification. Ce syst\u00e8me est \u00e9galement appel\u00e9 \u00ab syst\u00e8me gravitationnel \u00bb. L&rsquo;eau s&rsquo;\u00e9coule naturellement vers divers filtres sous l&rsquo;influence de la gravit\u00e9. L&rsquo;eau n&rsquo;est pas affect\u00e9e par le pressage au moyen d&rsquo;une pompe. Il s\u2019agit d\u2019un syst\u00e8me de filtration d\u2019eau r\u00e9silient qui ne n\u00e9cessite aucun raccordement au r\u00e9seau \u00e9lectrique ou au syst\u00e8me de distribution d\u2019eau potable. La filtration s&rsquo;effectue \u00e0 travers diff\u00e9rents filtres et d&rsquo;autres \u00e9tapes de filtration sont ajout\u00e9es pour \u00e9liminer les contaminants tels que : les m\u00e9taux lourds, les contaminants organiques, les pesticides, les herbicides, les r\u00e9sidus de m\u00e9dicaments, le chlore, les particules en suspension (boues, s\u00e9diments), le mauvais go\u00fbt, les mauvaises odeurs, etc.     \n\nLe processus de filtration comprend les \u00e9tapes suivantes :\n\n1. Filtre micro-c\u00e9ramique\n2. Filtre \u00e0 charbon actif\n3. Sable de silice\n4. Filtre z\u00e9olite\n5. Pierres min\u00e9rales\n6. Filtre en c\u00e9ramique\n7. Boules d&rsquo;illite\n8. Vitalisation (principe de Schauberger)\n\nFiltre micro-c\u00e9ramique\nLe filtre microc\u00e9ramique est compos\u00e9 de diatom\u00e9es c\u00e9ramiques hautement compress\u00e9es. Le filtre a une structure poreuse tr\u00e8s fine de 0,2, soit moins de la moiti\u00e9 de la taille des bact\u00e9ries. Ce filtre rend l&rsquo;eau exempte de rouille, de poussi\u00e8re, de sable et de bact\u00e9ries telles que la chlor\u00e9e, la typho\u00efde, les coliformes, etc., entre autres.  \n\nCharbon actif (1\u00e8re couche &#8211; cartouche)\nL\u2019utilisation du charbon pour filtrer l\u2019eau est connue depuis les \u00c9gyptiens qui l\u2019utilisaient pour stocker leur eau. Le carbone est utilis\u00e9 pour absorber les impuret\u00e9s et constitue l\u2019absorbant le plus puissant connu. Le carbone peut absorber des milliers de produits chimiques diff\u00e9rents, dont le chlore, entre autres.  \n\nSable de silice (cartouche 2\u00e8me couche).\nLa silice est une combinaison d\u2019oxyg\u00e8ne et de silicium, les deux \u00e9l\u00e9ments les plus courants sur terre. La silice est l\u2019\u00e9l\u00e9ment constitutif min\u00e9ral qui favorise la sant\u00e9 des os et du tissu conjonctif. La silice est responsable, entre autres, de l&rsquo;\u00e9limination des accumulations d&rsquo;aluminium de notre corps. Aide \u00e0 pr\u00e9venir, entre autres, le vieillissement pr\u00e9matur\u00e9, les maladies cardiovasculaires et la maladie d&rsquo;Alzheimer. La silice est de plus en plus populaire comme compl\u00e9ment min\u00e9ral b\u00e9n\u00e9fique dans l\u2019eau. L\u2019une de ses propri\u00e9t\u00e9s uniques est qu\u2019il maintient toujours sa propre temp\u00e9rature, gardant ainsi l\u2019eau fra\u00eeche et fra\u00eeche.     \n\nZ\u00e9olite (cartouche 3\u00e8me couche)\nLa z\u00e9olite est un mat\u00e9riau volcanique naturel dot\u00e9 de nombreuses propri\u00e9t\u00e9s uniques. La z\u00e9olite a une structure cristalline inhabituelle pour \u00e9changer des ions charg\u00e9s positivement. Cet \u00e9change d&rsquo;ions permet aux z\u00e9olites d&rsquo;absorber s\u00e9lectivement certains \u00e9l\u00e9ments nocifs et ind\u00e9sirables de l&rsquo;eau. La z\u00e9olite \u00e9change les ions sodium contre des ions calcium et absorbe les \u00e9nergies toxiques, les m\u00e9taux lourds (mercure, plomb et chrome), les toxines et les compos\u00e9s chlor\u00e9s comme le trihalom\u00e9thane, adoucissant ainsi l&rsquo;eau. De plus, la z\u00e9olite favorise l&rsquo;absorption des nutriments.    \n\nDiff\u00e9rentes pierres min\u00e9rales (4\u00e8me et 5\u00e8me couche &#8211; cartouche)\nLes pierres min\u00e9rales sont largement utilis\u00e9es dans les produits li\u00e9s \u00e0 la sant\u00e9 depuis des si\u00e8cles. Il est compos\u00e9 de nombreux \u00e9l\u00e9ments b\u00e9n\u00e9fiques pour la sant\u00e9 tels que le potassium, le sodium, le calcium et le magn\u00e9sium. En plus d&rsquo;ajouter des min\u00e9raux, cela garantit \u00e9galement que l&rsquo;eau reste fra\u00eeche.  \n\nFiltre en c\u00e9ramique\nA ce stade, l\u2019eau passe \u00e0 nouveau \u00e0 travers un filtre en c\u00e9ramique pour \u00e9liminer les moindres impuret\u00e9s.\n\nIllite (conteneur en vrac)\nCes billes d&rsquo;illite ont un effet anti-bact\u00e9riologique et \u00e9mettent une fr\u00e9quence infrarouge de 9,23 microm\u00e8tres. Il s\u2019agit d\u2019une fr\u00e9quence sp\u00e9cifique au corps qui active les cellules du corps. En outre, ils am\u00e8nent la valeur du pH (acidit\u00e9) \u00e0 7,0 et ainsi l&rsquo;acidit\u00e9 de l&rsquo;eau est abaiss\u00e9e et neutralis\u00e9e.  \n\nRobinet d&rsquo;eau magn\u00e9tique (principe Schauberger).\nLe robinet est \u00e9quip\u00e9 d&rsquo;aimants et modifie la force magn\u00e9tique de l&rsquo;eau en appliquant des grappes et des tourbillons. Cela cr\u00e9e des mol\u00e9cules d\u2019eau \u00e0 structure hexagonale qui se d\u00e9placent librement et qui sont en harmonie avec les fluides du corps humain. De cette fa\u00e7on, l&rsquo;eau magn\u00e9tis\u00e9e favorise la sant\u00e9 et la vitalit\u00e9. L&rsquo;eau est vitalis\u00e9e.  \n\nTemps de filtration : 1,5 litres par heure\nFiltres de remplacement : entre 3 et 6 mois, selon l&rsquo;utilisation (litres)\nManuel : anglais\nTaille du produit: 253x253x590 mm\nPoids : 2,6 kg\nDimensions de l&#8217;emballage : 270x270x240 mm\nPoids emball\u00e9 : 2,9 kg\nCaract\u00e9ristiques : Fonctionne sans \u00e9lectricit\u00e9\nGarantie : 2 ans (pas sur les filtres)\nJeu complet de filtres : \u20ac 69,- (TVA incluse)\t\t\t\t\t\t\t\t<\/div>\n\t\t\t\t\t<\/div>\n\t\t\t\t<\/div>\n\t\t<div class=\"elementor-element elementor-element-430624c e-flex e-con-boxed e-con e-parent\" data-id=\"430624c\" data-element_type=\"container\" data-e-type=\"container\">\n\t\t\t\t\t<div class=\"e-con-inner\">\n\t\t\t\t<div class=\"elementor-element elementor-element-e738ccc elementor-widget elementor-widget-heading\" data-id=\"e738ccc\" data-element_type=\"widget\" data-e-type=\"widget\" data-widget_type=\"heading.default\">\n\t\t\t\t\t<h2 class=\"elementor-heading-title elementor-size-default\">T\u00e9l\u00e9charger le PDF<\/h2>\t\t\t\t<\/div>\n\t\t<div data-ha-element-link=\"{&quot;url&quot;:&quot;https:\\\/\\\/purassima.com\\\/wp-content\\\/uploads\\\/2025\\\/07\\\/Purassima_brochure_EN-13.pdf&quot;,&quot;is_external&quot;:&quot;on&quot;,&quot;nofollow&quot;:&quot;&quot;}\" style=\"cursor: pointer\" class=\"elementor-element elementor-element-c0b558c e-con-full e-flex e-con e-child\" data-id=\"c0b558c\" data-element_type=\"container\" data-e-type=\"container\" data-settings=\"{&quot;background_background&quot;:&quot;classic&quot;}\">\n\t\t<div class=\"elementor-element elementor-element-9d555f7 e-con-full e-flex e-con e-child\" data-id=\"9d555f7\" data-element_type=\"container\" data-e-type=\"container\">\n\t\t\t\t<div class=\"elementor-element elementor-element-502f621 elementor-widget elementor-widget-image\" data-id=\"502f621\" data-element_type=\"widget\" data-e-type=\"widget\" data-widget_type=\"image.default\">\n\t\t\t\t\t\t\t\t\t\t\t\t\t\t\t<img fetchpriority=\"high\" decoding=\"async\" width=\"800\" height=\"893\" src=\"https:\/\/purassima.com\/wp-content\/uploads\/2025\/07\/PDF_icon.webp\" class=\"attachment-large size-large wp-image-2765\" alt=\"\" srcset=\"https:\/\/purassima.com\/wp-content\/uploads\/2025\/07\/PDF_icon.webp 820w, https:\/\/purassima.com\/wp-content\/uploads\/2025\/07\/PDF_icon-269x300.webp 269w, https:\/\/purassima.com\/wp-content\/uploads\/2025\/07\/PDF_icon-768x857.webp 768w, https:\/\/purassima.com\/wp-content\/uploads\/2025\/07\/PDF_icon-600x670.webp 600w\" sizes=\"(max-width: 800px) 100vw, 800px\" \/>\t\t\t\t\t\t\t\t\t\t\t\t\t\t\t<\/div>\n\t\t\t\t<\/div>\n\t\t<div class=\"elementor-element elementor-element-164715b e-con-full e-flex e-con e-child\" data-id=\"164715b\" data-element_type=\"container\" data-e-type=\"container\">\n\t\t\t\t<div class=\"elementor-element elementor-element-5855543 elementor-widget elementor-widget-heading\" data-id=\"5855543\" data-element_type=\"widget\" data-e-type=\"widget\" data-widget_type=\"heading.default\">\n\t\t\t\t\t<h2 class=\"elementor-heading-title elementor-size-default\">Syst\u00e8me de perspectives Purissima<\/h2>\t\t\t\t<\/div>\n\t\t\t\t<div class=\"elementor-element elementor-element-8b3de78 elementor-widget elementor-widget-text-editor\" data-id=\"8b3de78\" data-element_type=\"widget\" data-e-type=\"widget\" data-widget_type=\"text-editor.default\">\n\t\t\t\t\t\t\t\t\t(550.61 KB)\n\n\t\t\t\t\t\t\t\t<\/div>\n\t\t\t\t<\/div>\n\t\t\t\t<\/div>\n\t\t\t\t\t<\/div>\n\t\t\t\t<\/div>\n\t\t\t\t<\/div>\n\t\t","protected":false},"excerpt":{"rendered":"<p><strong>AVANTAGES<\/strong><\/p>\n<ul>\n<li>eau pure au quotidien<\/li>\n<li>am\u00e9lioration de la sant\u00e9<\/li>\n<li>d\u00e9licieux caf\u00e9, th\u00e9, limonade, smoothies, etc.<\/li>\n<li>Utilisation \u00e9conomique (\u00e9conomies : 400 \u20ac p\/p\/an)<\/li>\n<li> plus besoin de trimballer de l&rsquo;eau min\u00e9rale<\/li>\n<li>respectueux de l&rsquo;environnement et solution durable<\/li>\n<li><strong>\u00c9CONOMIES : \u20ac 438,- par personne et par an !<br \/>\n<\/strong>L\u2019utilisation d\u2019un filtre \u00e0 eau pr\u00e9sente de nombreux avantages pour la sant\u00e9, mais permet \u00e9galement de r\u00e9aliser d\u2019importantes \u00e9conomies en mati\u00e8re de pollution environnementale (p\u00e9trole, plastiques et transports), sans parler du transport de centaines de gallons d\u2019eau par an ! Mais ce n&rsquo;est pas tout, il y a aussi des \u00e9conomies financi\u00e8res. En moyenne, 1 litre d&rsquo;eau du robinet co\u00fbte 0,05 \u20ac, l&rsquo;eau min\u00e9rale co\u00fbte 0,60 \u20ac le litre.<br \/>\nSupposons que nous buvions 2 litres par jour et par personne :<br \/>\nFiltre \u00e0 eau : 0,05 \u20ac x 2 litre x 365 (jours) = 36,50 \u20ac par personne et par an.<br \/>\nEau min\u00e9rale : \u20ac 0,60 x 2 litres x 365 (jours) = \u20ac 438,- par personne et par an. <\/li>\n<\/ul>\n","protected":false},"featured_media":1946,"comment_status":"open","ping_status":"closed","template":"","meta":{"_acf_changed":false},"product_brand":[],"product_cat":[101],"product_tag":[],"class_list":{"0":"post-2686","1":"product","2":"type-product","3":"status-publish","4":"has-post-thumbnail","6":"product_cat-distributeurs-de-filtres-a-eau","8":"first","9":"instock","10":"shipping-taxable","11":"purchasable","12":"product-type-simple"},"acf":[],"yoast_head":"<!-- This site is optimized with the Yoast SEO plugin v27.4 - https:\/\/yoast.com\/product\/yoast-seo-wordpress\/ -->\n<title>Gaia - purificateur d&#039;eau - Purassima<\/title>\n<meta name=\"robots\" content=\"index, follow, max-snippet:-1, max-image-preview:large, max-video-preview:-1\" \/>\n<link rel=\"canonical\" href=\"https:\/\/purassima.com\/fr\/product\/gaia-purificateur-deau-2\/\" \/>\n<meta property=\"og:locale\" content=\"fr_FR\" \/>\n<meta property=\"og:type\" content=\"article\" \/>\n<meta property=\"og:title\" content=\"Gaia - purificateur d&#039;eau - Purassima\" \/>\n<meta property=\"og:description\" content=\"AVANTAGES   eau pure au quotidien  am\u00e9lioration de la sant\u00e9  d\u00e9licieux caf\u00e9, th\u00e9, limonade, smoothies, etc.  Utilisation \u00e9conomique (\u00e9conomies : 400 \u20ac p\/p\/an)   plus besoin de trimballer de l&#039;eau min\u00e9rale  respectueux de l&#039;environnement et solution durable  \u00c9CONOMIES : \u20ac 438,- par personne et par an ! L\u2019utilisation d\u2019un filtre \u00e0 eau pr\u00e9sente de nombreux avantages pour la sant\u00e9, mais permet \u00e9galement de r\u00e9aliser d\u2019importantes \u00e9conomies en mati\u00e8re de pollution environnementale (p\u00e9trole, plastiques et transports), sans parler du transport de centaines de gallons d\u2019eau par an ! Mais ce n&#039;est pas tout, il y a aussi des \u00e9conomies financi\u00e8res. En moyenne, 1 litre d&#039;eau du robinet co\u00fbte 0,05 \u20ac, l&#039;eau min\u00e9rale co\u00fbte 0,60 \u20ac le litre. Supposons que nous buvions 2 litres par jour et par personne : Filtre \u00e0 eau : 0,05 \u20ac x 2 litre x 365 (jours) = 36,50 \u20ac par personne et par an. Eau min\u00e9rale : \u20ac 0,60 x 2 litres x 365 (jours) = \u20ac 438,- par personne et par an.\" \/>\n<meta property=\"og:url\" content=\"https:\/\/purassima.com\/fr\/product\/gaia-purificateur-deau-2\/\" \/>\n<meta property=\"og:site_name\" content=\"Purassima\" \/>\n<meta property=\"article:modified_time\" content=\"2025-07-31T08:00:19+00:00\" \/>\n<meta property=\"og:image\" content=\"https:\/\/purassima.com\/wp-content\/uploads\/2025\/07\/Gaia_photo1-2.webp\" \/>\n\t<meta property=\"og:image:width\" content=\"1200\" \/>\n\t<meta property=\"og:image:height\" content=\"1200\" \/>\n\t<meta property=\"og:image:type\" content=\"image\/webp\" \/>\n<meta name=\"twitter:card\" content=\"summary_large_image\" \/>\n<meta name=\"twitter:label1\" content=\"Dur\u00e9e de lecture estim\u00e9e\" \/>\n\t<meta name=\"twitter:data1\" content=\"4 minutes\" \/>\n<script type=\"application\/ld+json\" class=\"yoast-schema-graph\">{\"@context\":\"https:\\\/\\\/schema.org\",\"@graph\":[{\"@type\":\"WebPage\",\"@id\":\"https:\\\/\\\/purassima.com\\\/fr\\\/product\\\/gaia-purificateur-deau-2\\\/\",\"url\":\"https:\\\/\\\/purassima.com\\\/fr\\\/product\\\/gaia-purificateur-deau-2\\\/\",\"name\":\"Gaia - purificateur d'eau - Purassima\",\"isPartOf\":{\"@id\":\"https:\\\/\\\/purassima.com\\\/fr\\\/#website\"},\"primaryImageOfPage\":{\"@id\":\"https:\\\/\\\/purassima.com\\\/fr\\\/product\\\/gaia-purificateur-deau-2\\\/#primaryimage\"},\"image\":{\"@id\":\"https:\\\/\\\/purassima.com\\\/fr\\\/product\\\/gaia-purificateur-deau-2\\\/#primaryimage\"},\"thumbnailUrl\":\"https:\\\/\\\/purassima.com\\\/wp-content\\\/uploads\\\/2025\\\/07\\\/Gaia_photo1-2.webp\",\"datePublished\":\"2025-07-25T09:57:01+00:00\",\"dateModified\":\"2025-07-31T08:00:19+00:00\",\"breadcrumb\":{\"@id\":\"https:\\\/\\\/purassima.com\\\/fr\\\/product\\\/gaia-purificateur-deau-2\\\/#breadcrumb\"},\"inLanguage\":\"fr-FR\",\"potentialAction\":[{\"@type\":\"ReadAction\",\"target\":[\"https:\\\/\\\/purassima.com\\\/fr\\\/product\\\/gaia-purificateur-deau-2\\\/\"]}]},{\"@type\":\"ImageObject\",\"inLanguage\":\"fr-FR\",\"@id\":\"https:\\\/\\\/purassima.com\\\/fr\\\/product\\\/gaia-purificateur-deau-2\\\/#primaryimage\",\"url\":\"https:\\\/\\\/purassima.com\\\/wp-content\\\/uploads\\\/2025\\\/07\\\/Gaia_photo1-2.webp\",\"contentUrl\":\"https:\\\/\\\/purassima.com\\\/wp-content\\\/uploads\\\/2025\\\/07\\\/Gaia_photo1-2.webp\",\"width\":1200,\"height\":1200},{\"@type\":\"BreadcrumbList\",\"@id\":\"https:\\\/\\\/purassima.com\\\/fr\\\/product\\\/gaia-purificateur-deau-2\\\/#breadcrumb\",\"itemListElement\":[{\"@type\":\"ListItem\",\"position\":1,\"name\":\"Home\",\"item\":\"https:\\\/\\\/purassima.com\\\/fr\\\/maison\\\/\"},{\"@type\":\"ListItem\",\"position\":2,\"name\":\"Collections\",\"item\":\"https:\\\/\\\/purassima.com\\\/collections\\\/\"},{\"@type\":\"ListItem\",\"position\":3,\"name\":\"Gaia &#8211; purificateur d&#8217;eau\"}]},{\"@type\":\"WebSite\",\"@id\":\"https:\\\/\\\/purassima.com\\\/fr\\\/#website\",\"url\":\"https:\\\/\\\/purassima.com\\\/fr\\\/\",\"name\":\"purassima\",\"description\":\"\",\"potentialAction\":[{\"@type\":\"SearchAction\",\"target\":{\"@type\":\"EntryPoint\",\"urlTemplate\":\"https:\\\/\\\/purassima.com\\\/fr\\\/?s={search_term_string}\"},\"query-input\":{\"@type\":\"PropertyValueSpecification\",\"valueRequired\":true,\"valueName\":\"search_term_string\"}}],\"inLanguage\":\"fr-FR\"}]}<\/script>\n<!-- \/ Yoast SEO plugin. -->","yoast_head_json":{"title":"Gaia - purificateur d'eau - Purassima","robots":{"index":"index","follow":"follow","max-snippet":"max-snippet:-1","max-image-preview":"max-image-preview:large","max-video-preview":"max-video-preview:-1"},"canonical":"https:\/\/purassima.com\/fr\/product\/gaia-purificateur-deau-2\/","og_locale":"fr_FR","og_type":"article","og_title":"Gaia - purificateur d'eau - Purassima","og_description":"AVANTAGES   eau pure au quotidien  am\u00e9lioration de la sant\u00e9  d\u00e9licieux caf\u00e9, th\u00e9, limonade, smoothies, etc.  Utilisation \u00e9conomique (\u00e9conomies : 400 \u20ac p\/p\/an)   plus besoin de trimballer de l'eau min\u00e9rale  respectueux de l'environnement et solution durable  \u00c9CONOMIES : \u20ac 438,- par personne et par an ! L\u2019utilisation d\u2019un filtre \u00e0 eau pr\u00e9sente de nombreux avantages pour la sant\u00e9, mais permet \u00e9galement de r\u00e9aliser d\u2019importantes \u00e9conomies en mati\u00e8re de pollution environnementale (p\u00e9trole, plastiques et transports), sans parler du transport de centaines de gallons d\u2019eau par an ! Mais ce n'est pas tout, il y a aussi des \u00e9conomies financi\u00e8res. En moyenne, 1 litre d'eau du robinet co\u00fbte 0,05 \u20ac, l'eau min\u00e9rale co\u00fbte 0,60 \u20ac le litre. Supposons que nous buvions 2 litres par jour et par personne : Filtre \u00e0 eau : 0,05 \u20ac x 2 litre x 365 (jours) = 36,50 \u20ac par personne et par an. Eau min\u00e9rale : \u20ac 0,60 x 2 litres x 365 (jours) = \u20ac 438,- par personne et par an.","og_url":"https:\/\/purassima.com\/fr\/product\/gaia-purificateur-deau-2\/","og_site_name":"Purassima","article_modified_time":"2025-07-31T08:00:19+00:00","og_image":[{"width":1200,"height":1200,"url":"https:\/\/purassima.com\/wp-content\/uploads\/2025\/07\/Gaia_photo1-2.webp","type":"image\/webp"}],"twitter_card":"summary_large_image","twitter_misc":{"Dur\u00e9e de lecture estim\u00e9e":"4 minutes"},"schema":{"@context":"https:\/\/schema.org","@graph":[{"@type":"WebPage","@id":"https:\/\/purassima.com\/fr\/product\/gaia-purificateur-deau-2\/","url":"https:\/\/purassima.com\/fr\/product\/gaia-purificateur-deau-2\/","name":"Gaia - purificateur d'eau - Purassima","isPartOf":{"@id":"https:\/\/purassima.com\/fr\/#website"},"primaryImageOfPage":{"@id":"https:\/\/purassima.com\/fr\/product\/gaia-purificateur-deau-2\/#primaryimage"},"image":{"@id":"https:\/\/purassima.com\/fr\/product\/gaia-purificateur-deau-2\/#primaryimage"},"thumbnailUrl":"https:\/\/purassima.com\/wp-content\/uploads\/2025\/07\/Gaia_photo1-2.webp","datePublished":"2025-07-25T09:57:01+00:00","dateModified":"2025-07-31T08:00:19+00:00","breadcrumb":{"@id":"https:\/\/purassima.com\/fr\/product\/gaia-purificateur-deau-2\/#breadcrumb"},"inLanguage":"fr-FR","potentialAction":[{"@type":"ReadAction","target":["https:\/\/purassima.com\/fr\/product\/gaia-purificateur-deau-2\/"]}]},{"@type":"ImageObject","inLanguage":"fr-FR","@id":"https:\/\/purassima.com\/fr\/product\/gaia-purificateur-deau-2\/#primaryimage","url":"https:\/\/purassima.com\/wp-content\/uploads\/2025\/07\/Gaia_photo1-2.webp","contentUrl":"https:\/\/purassima.com\/wp-content\/uploads\/2025\/07\/Gaia_photo1-2.webp","width":1200,"height":1200},{"@type":"BreadcrumbList","@id":"https:\/\/purassima.com\/fr\/product\/gaia-purificateur-deau-2\/#breadcrumb","itemListElement":[{"@type":"ListItem","position":1,"name":"Home","item":"https:\/\/purassima.com\/fr\/maison\/"},{"@type":"ListItem","position":2,"name":"Collections","item":"https:\/\/purassima.com\/collections\/"},{"@type":"ListItem","position":3,"name":"Gaia &#8211; purificateur d&#8217;eau"}]},{"@type":"WebSite","@id":"https:\/\/purassima.com\/fr\/#website","url":"https:\/\/purassima.com\/fr\/","name":"purassima","description":"","potentialAction":[{"@type":"SearchAction","target":{"@type":"EntryPoint","urlTemplate":"https:\/\/purassima.com\/fr\/?s={search_term_string}"},"query-input":{"@type":"PropertyValueSpecification","valueRequired":true,"valueName":"search_term_string"}}],"inLanguage":"fr-FR"}]}},"_links":{"self":[{"href":"https:\/\/purassima.com\/fr\/wp-json\/wp\/v2\/product\/2686","targetHints":{"allow":["GET"]}}],"collection":[{"href":"https:\/\/purassima.com\/fr\/wp-json\/wp\/v2\/product"}],"about":[{"href":"https:\/\/purassima.com\/fr\/wp-json\/wp\/v2\/types\/product"}],"replies":[{"embeddable":true,"href":"https:\/\/purassima.com\/fr\/wp-json\/wp\/v2\/comments?post=2686"}],"version-history":[{"count":4,"href":"https:\/\/purassima.com\/fr\/wp-json\/wp\/v2\/product\/2686\/revisions"}],"predecessor-version":[{"id":3146,"href":"https:\/\/purassima.com\/fr\/wp-json\/wp\/v2\/product\/2686\/revisions\/3146"}],"wp:featuredmedia":[{"embeddable":true,"href":"https:\/\/purassima.com\/fr\/wp-json\/wp\/v2\/media\/1946"}],"wp:attachment":[{"href":"https:\/\/purassima.com\/fr\/wp-json\/wp\/v2\/media?parent=2686"}],"wp:term":[{"taxonomy":"product_brand","embeddable":true,"href":"https:\/\/purassima.com\/fr\/wp-json\/wp\/v2\/product_brand?post=2686"},{"taxonomy":"product_cat","embeddable":true,"href":"https:\/\/purassima.com\/fr\/wp-json\/wp\/v2\/product_cat?post=2686"},{"taxonomy":"product_tag","embeddable":true,"href":"https:\/\/purassima.com\/fr\/wp-json\/wp\/v2\/product_tag?post=2686"}],"curies":[{"name":"wp","href":"https:\/\/api.w.org\/{rel}","templated":true}]}}