{"id":2583,"date":"2025-07-25T04:19:21","date_gmt":"2025-07-25T04:19:21","guid":{"rendered":"https:\/\/purassima.com\/product\/set-di-filtri-olympus\/"},"modified":"2025-07-25T04:19:21","modified_gmt":"2025-07-25T04:19:21","slug":"set-di-filtri-olympus","status":"publish","type":"product","link":"https:\/\/purassima.com\/it\/product\/set-di-filtri-olympus\/","title":{"rendered":"Set di filtri Olympus"},"content":{"rendered":"<p>Marca: Purissima<br \/>\nModello: Olympus RO<br \/>\nSet di filtri: 3 filtri<br \/>\n\u2713 Disponibile<br \/>\n\u2713 Immediatamente disponibile<br \/>\n\u2713 Ordinato prima delle 17:00, spedito lo stesso giorno<\/p>\n","protected":false},"excerpt":{"rendered":"<p><strong>VANTAGGI<\/strong><\/p>\n<ul>\n<li>ogni giorno acqua pura<\/li>\n<li>miglioramento della salute<\/li>\n<li>delizioso caff\u00e8, t\u00e8, limonata, frullati, ecc.<\/li>\n<li>Economico nell&#8217;uso (risparmio: \u20ac 400,- p\/p p\/a)<\/li>\n<li> non dovrai pi\u00f9 trascinarti dietro l&#8217;acqua minerale<\/li>\n<li>ecologico e ecologico soluzione sostenibile<\/li>\n<\/ul>\n<p><strong>RISPARMIO: \u20ac 438,- a persona all&#8217;anno!<br \/>\n<\/strong>L&#8217;uso di un filtro per l&#8217;acqua offre molti benefici per la salute, ma comporta anche un notevole risparmio sull&#8217;inquinamento ambientale (petrolio, plastica e trasporti), per non parlare del trasporto di centinaia di litri d&#8217;acqua all&#8217;anno! Ma non \u00e8 tutto, in pi\u00f9 c&#8217;\u00e8 anche il risparmio finanziario. <\/p>\n<p>In media 1 litro di acqua del rubinetto costa 0,05 \u20ac, l&#8217;acqua minerale costa 0,60 \u20ac al litro.<br \/>\nSupponiamo di bere 2 litri al giorno per persona:<br \/>\nFiltro acqua: \u20ac 0,05 x 2 litri x 365 (giorni) = \u20ac 36,50 a persona all&#8217;anno.<br \/>\nAcqua minerale: \u20ac 0,60 x 2 litri x 365 (giorni) = \u20ac 438,- per persona all&#8217;anno.<\/p>\n","protected":false},"featured_media":1613,"comment_status":"open","ping_status":"closed","template":"","meta":{"_acf_changed":false},"product_brand":[],"product_cat":[68],"product_tag":[],"class_list":{"0":"post-2583","1":"product","2":"type-product","3":"status-publish","4":"has-post-thumbnail","6":"product_cat-filters-it","8":"first","9":"instock","10":"shipping-taxable","11":"purchasable","12":"product-type-simple"},"acf":[],"yoast_head":"<!-- This site is optimized with the Yoast SEO plugin v27.4 - https:\/\/yoast.com\/product\/yoast-seo-wordpress\/ -->\n<title>Set di filtri Olympus - Purassima<\/title>\n<meta name=\"robots\" content=\"index, follow, max-snippet:-1, max-image-preview:large, max-video-preview:-1\" \/>\n<link rel=\"canonical\" href=\"https:\/\/purassima.com\/it\/product\/set-di-filtri-olympus\/\" \/>\n<meta property=\"og:locale\" content=\"it_IT\" \/>\n<meta property=\"og:type\" content=\"article\" \/>\n<meta property=\"og:title\" content=\"Set di filtri Olympus - Purassima\" \/>\n<meta property=\"og:description\" content=\"VANTAGGI  ogni giorno acqua pura  miglioramento della salute  delizioso caff\u00e8, t\u00e8, limonata, frullati, ecc.  Economico nell&#039;uso (risparmio: \u20ac 400,- p\/p p\/a)  non dovrai pi\u00f9 trascinarti dietro l&#039;acqua minerale  ecologico e ecologico soluzione sostenibile RISPARMIO: \u20ac 438,- a persona all&#039;anno! L&#039;uso di un filtro per l&#039;acqua offre molti benefici per la salute, ma comporta anche un notevole risparmio sull&#039;inquinamento ambientale (petrolio, plastica e trasporti), per non parlare del trasporto di centinaia di litri d&#039;acqua all&#039;anno! Ma non \u00e8 tutto, in pi\u00f9 c&#039;\u00e8 anche il risparmio finanziario.  In media 1 litro di acqua del rubinetto costa 0,05 \u20ac, l&#039;acqua minerale costa 0,60 \u20ac al litro. Supponiamo di bere 2 litri al giorno per persona: Filtro acqua: \u20ac 0,05 x 2 litri x 365 (giorni) = \u20ac 36,50 a persona all&#039;anno. Acqua minerale: \u20ac 0,60 x 2 litri x 365 (giorni) = \u20ac 438,- per persona all&#039;anno.\" \/>\n<meta property=\"og:url\" content=\"https:\/\/purassima.com\/it\/product\/set-di-filtri-olympus\/\" \/>\n<meta property=\"og:site_name\" content=\"Purassima\" \/>\n<meta property=\"og:image\" content=\"https:\/\/purassima.com\/wp-content\/uploads\/2025\/07\/Filterset_901a6f38-d736-4893-8acf-e17292d9f413.webp\" \/>\n\t<meta property=\"og:image:width\" content=\"600\" \/>\n\t<meta property=\"og:image:height\" content=\"600\" \/>\n\t<meta property=\"og:image:type\" content=\"image\/webp\" \/>\n<meta name=\"twitter:card\" content=\"summary_large_image\" \/>\n<script type=\"application\/ld+json\" class=\"yoast-schema-graph\">{\"@context\":\"https:\\\/\\\/schema.org\",\"@graph\":[{\"@type\":\"WebPage\",\"@id\":\"https:\\\/\\\/purassima.com\\\/it\\\/product\\\/set-di-filtri-olympus\\\/\",\"url\":\"https:\\\/\\\/purassima.com\\\/it\\\/product\\\/set-di-filtri-olympus\\\/\",\"name\":\"Set di filtri Olympus - Purassima\",\"isPartOf\":{\"@id\":\"https:\\\/\\\/purassima.com\\\/it\\\/#website\"},\"primaryImageOfPage\":{\"@id\":\"https:\\\/\\\/purassima.com\\\/it\\\/product\\\/set-di-filtri-olympus\\\/#primaryimage\"},\"image\":{\"@id\":\"https:\\\/\\\/purassima.com\\\/it\\\/product\\\/set-di-filtri-olympus\\\/#primaryimage\"},\"thumbnailUrl\":\"https:\\\/\\\/purassima.com\\\/wp-content\\\/uploads\\\/2025\\\/07\\\/Filterset_901a6f38-d736-4893-8acf-e17292d9f413.webp\",\"datePublished\":\"2025-07-25T04:19:21+00:00\",\"breadcrumb\":{\"@id\":\"https:\\\/\\\/purassima.com\\\/it\\\/product\\\/set-di-filtri-olympus\\\/#breadcrumb\"},\"inLanguage\":\"it-IT\",\"potentialAction\":[{\"@type\":\"ReadAction\",\"target\":[\"https:\\\/\\\/purassima.com\\\/it\\\/product\\\/set-di-filtri-olympus\\\/\"]}]},{\"@type\":\"ImageObject\",\"inLanguage\":\"it-IT\",\"@id\":\"https:\\\/\\\/purassima.com\\\/it\\\/product\\\/set-di-filtri-olympus\\\/#primaryimage\",\"url\":\"https:\\\/\\\/purassima.com\\\/wp-content\\\/uploads\\\/2025\\\/07\\\/Filterset_901a6f38-d736-4893-8acf-e17292d9f413.webp\",\"contentUrl\":\"https:\\\/\\\/purassima.com\\\/wp-content\\\/uploads\\\/2025\\\/07\\\/Filterset_901a6f38-d736-4893-8acf-e17292d9f413.webp\",\"width\":600,\"height\":600},{\"@type\":\"BreadcrumbList\",\"@id\":\"https:\\\/\\\/purassima.com\\\/it\\\/product\\\/set-di-filtri-olympus\\\/#breadcrumb\",\"itemListElement\":[{\"@type\":\"ListItem\",\"position\":1,\"name\":\"Home\",\"item\":\"https:\\\/\\\/purassima.com\\\/it\\\/casa\\\/\"},{\"@type\":\"ListItem\",\"position\":2,\"name\":\"Collections\",\"item\":\"https:\\\/\\\/purassima.com\\\/collections\\\/\"},{\"@type\":\"ListItem\",\"position\":3,\"name\":\"Set di filtri Olympus\"}]},{\"@type\":\"WebSite\",\"@id\":\"https:\\\/\\\/purassima.com\\\/it\\\/#website\",\"url\":\"https:\\\/\\\/purassima.com\\\/it\\\/\",\"name\":\"purassima\",\"description\":\"\",\"potentialAction\":[{\"@type\":\"SearchAction\",\"target\":{\"@type\":\"EntryPoint\",\"urlTemplate\":\"https:\\\/\\\/purassima.com\\\/it\\\/?s={search_term_string}\"},\"query-input\":{\"@type\":\"PropertyValueSpecification\",\"valueRequired\":true,\"valueName\":\"search_term_string\"}}],\"inLanguage\":\"it-IT\"}]}<\/script>\n<!-- \/ Yoast SEO plugin. -->","yoast_head_json":{"title":"Set di filtri Olympus - Purassima","robots":{"index":"index","follow":"follow","max-snippet":"max-snippet:-1","max-image-preview":"max-image-preview:large","max-video-preview":"max-video-preview:-1"},"canonical":"https:\/\/purassima.com\/it\/product\/set-di-filtri-olympus\/","og_locale":"it_IT","og_type":"article","og_title":"Set di filtri Olympus - Purassima","og_description":"VANTAGGI  ogni giorno acqua pura  miglioramento della salute  delizioso caff\u00e8, t\u00e8, limonata, frullati, ecc.  Economico nell'uso (risparmio: \u20ac 400,- p\/p p\/a)  non dovrai pi\u00f9 trascinarti dietro l'acqua minerale  ecologico e ecologico soluzione sostenibile RISPARMIO: \u20ac 438,- a persona all'anno! L'uso di un filtro per l'acqua offre molti benefici per la salute, ma comporta anche un notevole risparmio sull'inquinamento ambientale (petrolio, plastica e trasporti), per non parlare del trasporto di centinaia di litri d'acqua all'anno! Ma non \u00e8 tutto, in pi\u00f9 c'\u00e8 anche il risparmio finanziario.  In media 1 litro di acqua del rubinetto costa 0,05 \u20ac, l'acqua minerale costa 0,60 \u20ac al litro. Supponiamo di bere 2 litri al giorno per persona: Filtro acqua: \u20ac 0,05 x 2 litri x 365 (giorni) = \u20ac 36,50 a persona all'anno. Acqua minerale: \u20ac 0,60 x 2 litri x 365 (giorni) = \u20ac 438,- per persona all'anno.","og_url":"https:\/\/purassima.com\/it\/product\/set-di-filtri-olympus\/","og_site_name":"Purassima","og_image":[{"width":600,"height":600,"url":"https:\/\/purassima.com\/wp-content\/uploads\/2025\/07\/Filterset_901a6f38-d736-4893-8acf-e17292d9f413.webp","type":"image\/webp"}],"twitter_card":"summary_large_image","schema":{"@context":"https:\/\/schema.org","@graph":[{"@type":"WebPage","@id":"https:\/\/purassima.com\/it\/product\/set-di-filtri-olympus\/","url":"https:\/\/purassima.com\/it\/product\/set-di-filtri-olympus\/","name":"Set di filtri Olympus - Purassima","isPartOf":{"@id":"https:\/\/purassima.com\/it\/#website"},"primaryImageOfPage":{"@id":"https:\/\/purassima.com\/it\/product\/set-di-filtri-olympus\/#primaryimage"},"image":{"@id":"https:\/\/purassima.com\/it\/product\/set-di-filtri-olympus\/#primaryimage"},"thumbnailUrl":"https:\/\/purassima.com\/wp-content\/uploads\/2025\/07\/Filterset_901a6f38-d736-4893-8acf-e17292d9f413.webp","datePublished":"2025-07-25T04:19:21+00:00","breadcrumb":{"@id":"https:\/\/purassima.com\/it\/product\/set-di-filtri-olympus\/#breadcrumb"},"inLanguage":"it-IT","potentialAction":[{"@type":"ReadAction","target":["https:\/\/purassima.com\/it\/product\/set-di-filtri-olympus\/"]}]},{"@type":"ImageObject","inLanguage":"it-IT","@id":"https:\/\/purassima.com\/it\/product\/set-di-filtri-olympus\/#primaryimage","url":"https:\/\/purassima.com\/wp-content\/uploads\/2025\/07\/Filterset_901a6f38-d736-4893-8acf-e17292d9f413.webp","contentUrl":"https:\/\/purassima.com\/wp-content\/uploads\/2025\/07\/Filterset_901a6f38-d736-4893-8acf-e17292d9f413.webp","width":600,"height":600},{"@type":"BreadcrumbList","@id":"https:\/\/purassima.com\/it\/product\/set-di-filtri-olympus\/#breadcrumb","itemListElement":[{"@type":"ListItem","position":1,"name":"Home","item":"https:\/\/purassima.com\/it\/casa\/"},{"@type":"ListItem","position":2,"name":"Collections","item":"https:\/\/purassima.com\/collections\/"},{"@type":"ListItem","position":3,"name":"Set di filtri Olympus"}]},{"@type":"WebSite","@id":"https:\/\/purassima.com\/it\/#website","url":"https:\/\/purassima.com\/it\/","name":"purassima","description":"","potentialAction":[{"@type":"SearchAction","target":{"@type":"EntryPoint","urlTemplate":"https:\/\/purassima.com\/it\/?s={search_term_string}"},"query-input":{"@type":"PropertyValueSpecification","valueRequired":true,"valueName":"search_term_string"}}],"inLanguage":"it-IT"}]}},"_links":{"self":[{"href":"https:\/\/purassima.com\/it\/wp-json\/wp\/v2\/product\/2583","targetHints":{"allow":["GET"]}}],"collection":[{"href":"https:\/\/purassima.com\/it\/wp-json\/wp\/v2\/product"}],"about":[{"href":"https:\/\/purassima.com\/it\/wp-json\/wp\/v2\/types\/product"}],"replies":[{"embeddable":true,"href":"https:\/\/purassima.com\/it\/wp-json\/wp\/v2\/comments?post=2583"}],"version-history":[{"count":0,"href":"https:\/\/purassima.com\/it\/wp-json\/wp\/v2\/product\/2583\/revisions"}],"wp:featuredmedia":[{"embeddable":true,"href":"https:\/\/purassima.com\/it\/wp-json\/wp\/v2\/media\/1613"}],"wp:attachment":[{"href":"https:\/\/purassima.com\/it\/wp-json\/wp\/v2\/media?parent=2583"}],"wp:term":[{"taxonomy":"product_brand","embeddable":true,"href":"https:\/\/purassima.com\/it\/wp-json\/wp\/v2\/product_brand?post=2583"},{"taxonomy":"product_cat","embeddable":true,"href":"https:\/\/purassima.com\/it\/wp-json\/wp\/v2\/product_cat?post=2583"},{"taxonomy":"product_tag","embeddable":true,"href":"https:\/\/purassima.com\/it\/wp-json\/wp\/v2\/product_tag?post=2583"}],"curies":[{"name":"wp","href":"https:\/\/api.w.org\/{rel}","templated":true}]}}