{"id":2611,"date":"2025-07-25T08:46:16","date_gmt":"2025-07-25T08:46:16","guid":{"rendered":"https:\/\/purassima.com\/product\/gaia-depuratore-dacqua\/"},"modified":"2025-07-31T07:32:22","modified_gmt":"2025-07-31T07:32:22","slug":"gaia-depuratore-dacqua","status":"publish","type":"product","link":"https:\/\/purassima.com\/it\/product\/gaia-depuratore-dacqua\/","title":{"rendered":"Gaia &#8211; depuratore d&#8217;acqua"},"content":{"rendered":"\t\t<div data-elementor-type=\"product-post\" data-elementor-id=\"2611\" class=\"elementor elementor-2611 elementor-568\" data-elementor-post-type=\"product\">\n\t\t\t\t<div class=\"elementor-element elementor-element-4c62d7cc e-flex e-con-boxed e-con e-parent\" data-id=\"4c62d7cc\" data-element_type=\"container\" data-e-type=\"container\">\n\t\t\t\t\t<div class=\"e-con-inner\">\n\t\t\t\t<div class=\"elementor-element elementor-element-36f8d02 elementor-widget elementor-widget-text-editor\" data-id=\"36f8d02\" data-element_type=\"widget\" data-e-type=\"widget\" data-widget_type=\"text-editor.default\">\n\t\t\t\t\t\t\t\t\tMarca: Purissima\nModello: Gaia &#8211; depuratore d&#8217;acqua\nContenuto: 14 litri\nMateriale: ABS\nFiltri: 3 filtri e 8 fasi di filtrazione\nNon \u00e8 necessaria l&#8217;elettricit\u00e0!\n\nIl purificatore d&#8217;acqua da tavolo Purassima Gaia senza prodotti chimici e nemmeno elettricit\u00e0, ma basato sulla filtrazione naturale. Rimuove microplastiche, GenX, PFAS, batteri, ormoni, farmaci, pesticidi dall&#8217;acqua, tra gli altri. Il sistema trasforma l&#8217;acqua di rubinetto, pioggia, fiume e fossato in acqua potabile a PH neutro, purificata e vitalizzata. Rimarrai stupito di quanto sia morbida, pura e deliziosa la tua acqua, ma anche ad es. caff\u00e8 e t\u00e8 possono essere gustati!   \n\nProcesso di filtrazione\nIl filtro dell&#8217;acqua da tavolo \u00e8 composto da 3 filtri per un totale di 8 fasi di purificazione. Questo sistema \u00e8 anche chiamato &#8220;sistema di gravit\u00e0&#8221;. L&#8217;acqua scorre naturalmente attraverso vari filtri sotto l&#8217;influenza della gravit\u00e0. L&#8217;acqua non viene influenzata dalla pressatura tramite pompa. \u00c8 un sistema di filtrazione dell&#8217;acqua resiliente che non richiede il collegamento alla rete elettrica o al sistema di distribuzione dell&#8217;acqua potabile. La filtrazione avviene attraverso vari filtri e vengono aggiunte altre fasi di filtrazione per rimuovere contaminanti come: metalli pesanti, contaminanti organici, pesticidi, erbicidi, residui di farmaci, cloro, particelle sospese (fanghi, sedimenti), cattivo gusto, cattivi odori, ecc.     \n\nIl processo di filtrazione prevede le seguenti fasi:\n\n1. Microfiltro ceramico\n2. Filtro a carboni attivi\n3. Sabbia silicea\n4. Filtro alla zeolite\n5. Pietre minerali\n6. Filtro ceramico\n7. Palle illite\n8. Vitalizzazione (principio di Schauberger)\n\nMicrofiltro ceramico\nIl microfiltro ceramico \u00e8 costituito da diatomee ceramiche altamente compresse. Il filtro ha una struttura porosa molto sottile di 0,2 che \u00e8 meno della met\u00e0 delle dimensioni dei batteri. Questo filtro rende l&#8217;acqua priva di ruggine, polvere, sabbia e batteri come clorea, tifo, coliformi, ecc., tra gli altri.  \n\nCarbone attivo (1\u00b0 strato &#8211; cartuccia)\nL&#8217;uso del carbone per la filtrazione dell&#8217;acqua \u00e8 noto fin dagli egiziani che lo utilizzavano per immagazzinare l&#8217;acqua. Il carbonio viene utilizzato per assorbire le impurit\u00e0 ed \u00e8 il pi\u00f9 potente assorbente conosciuto. Il carbonio pu\u00f2 assorbire migliaia di sostanze chimiche diverse tra cui il cloro, tra gli altri.  \n\nSabbia silicea (cartuccia 2\u00b0 strato).\nLa silice \u00e8 una combinazione di ossigeno e silicio, i due elementi pi\u00f9 comuni sulla terra. La silice \u00e8 l&#8217;elemento minerale che promuove la salute delle ossa e del tessuto connettivo. La silice \u00e8 responsabile, tra le altre cose, della rimozione degli accumuli di alluminio dal nostro corpo. Aiuta a prevenire, tra le altre cose, l&#8217;invecchiamento precoce, le malattie cardiovascolari e l&#8217;Alzheimer. La silice sta diventando sempre pi\u00f9 popolare come benefico integratore minerale nell&#8217;acqua. Una delle sue propriet\u00e0 uniche \u00e8 che mantiene sempre la propria temperatura, mantenendo l&#8217;acqua fresca e fresca.     \n\nZeolite (cartuccia 3\u00b0 strato)\nLa zeolite \u00e8 un materiale vulcanico naturale con una serie di propriet\u00e0 uniche. La zeolite ha un&#8217;insolita struttura cristallina per lo scambio di ioni caricati positivamente. Questo scambio di ioni consente alle zeoliti di assorbire selettivamente alcuni elementi nocivi e indesiderati dall&#8217;acqua. La zeolite scambia gli ioni di sodio con ioni di calcio e assorbe energie tossiche, metalli pesanti (mercurio, piombo e cromo), tossine e composti del cloro come il trialometano, addolcendo cos\u00ec l&#8217;acqua. Inoltre, la zeolite supporta l&#8217;assorbimento dei nutrienti.    \n\nPietre minerali diverse (4\u00b0 e 5\u00b0 strato &#8211; cartuccia)\nLe pietre minerali sono ampiamente utilizzate da secoli nei prodotti sanitari. \u00c8 composto da molti elementi che promuovono la salute come potassio, sodio, calcio e magnesio. Oltre ad aggiungere minerali, garantisce anche che l&#8217;acqua rimanga fresca.  \n\nFiltro ceramico\nA questo punto l&#8217;acqua viene nuovamente fatta passare attraverso un filtro ceramico per eliminare le impurit\u00e0 pi\u00f9 piccole.\n\nIllite (contenitore sfuso)\nQueste palline di illite hanno un effetto antibatterico ed emettono una frequenza infrarossa di 9,23 micrometri. Questa \u00e8 una frequenza specifica del corpo, che attiva le cellule del corpo. Inoltre portano il valore del pH (acidit\u00e0) a 7,0 e cos\u00ec l&#8217;acidit\u00e0 dell&#8217;acqua viene abbassata e neutralizzata.  \n\nRubinetto magnetico (principio Schauberger).\nIl rubinetto \u00e8 dotato di magneti e modifica la forza magnetica dell&#8217;acqua applicando grappoli e vortici. Questo crea molecole d&#8217;acqua strutturate esagonali che si muovono liberamente e che sono in armonia con i fluidi del corpo umano. In questo modo l&#8217;acqua magnetizzata favorisce la salute e la vitalit\u00e0. L&#8217;acqua \u00e8 vitalizzata.  \n\nFiltration time: 1.5 liters per hour\nReplacement filters: between 3-6 months, depending on use (liters)\nManual: English\nProduct size: 253x253x590 mm\nWeight: 2.6 kg\nPackaging size: 270x270x240 mm\nPacked weight: 2.9 kg\nFeatures: Works without electricity\nWarranty: 2 year (not on filters)\nComplete set of filters: \u20ac 69,- (incl VAT)\t\t\t\t\t\t\t\t<\/div>\n\t\t\t\t\t<\/div>\n\t\t\t\t<\/div>\n\t\t<div class=\"elementor-element elementor-element-ab75fb0 e-flex e-con-boxed e-con e-parent\" data-id=\"ab75fb0\" data-element_type=\"container\" data-e-type=\"container\">\n\t\t\t\t\t<div class=\"e-con-inner\">\n\t\t\t\t<div class=\"elementor-element elementor-element-ddac2ba elementor-widget elementor-widget-heading\" data-id=\"ddac2ba\" data-element_type=\"widget\" data-e-type=\"widget\" data-widget_type=\"heading.default\">\n\t\t\t\t\t<h2 class=\"elementor-heading-title elementor-size-default\">Scarica PDF<\/h2>\t\t\t\t<\/div>\n\t\t<div data-ha-element-link=\"{&quot;url&quot;:&quot;https:\\\/\\\/purassima.com\\\/wp-content\\\/uploads\\\/2025\\\/07\\\/Purassima_brochure_EN-2.pdf&quot;,&quot;is_external&quot;:&quot;on&quot;,&quot;nofollow&quot;:&quot;&quot;}\" style=\"cursor: pointer\" class=\"elementor-element elementor-element-2a9fe6b e-con-full e-flex e-con e-child\" data-id=\"2a9fe6b\" data-element_type=\"container\" data-e-type=\"container\" data-settings=\"{&quot;background_background&quot;:&quot;classic&quot;}\">\n\t\t<div class=\"elementor-element elementor-element-4f0cfb7 e-con-full e-flex e-con e-child\" data-id=\"4f0cfb7\" data-element_type=\"container\" data-e-type=\"container\">\n\t\t\t\t<div class=\"elementor-element elementor-element-514cf46 elementor-widget elementor-widget-image\" data-id=\"514cf46\" data-element_type=\"widget\" data-e-type=\"widget\" data-widget_type=\"image.default\">\n\t\t\t\t\t\t\t\t\t\t\t\t\t\t\t<img fetchpriority=\"high\" decoding=\"async\" width=\"800\" height=\"893\" src=\"https:\/\/purassima.com\/wp-content\/uploads\/2025\/07\/PDF_icon.webp\" class=\"attachment-large size-large wp-image-2767\" alt=\"\" srcset=\"https:\/\/purassima.com\/wp-content\/uploads\/2025\/07\/PDF_icon.webp 820w, https:\/\/purassima.com\/wp-content\/uploads\/2025\/07\/PDF_icon-269x300.webp 269w, https:\/\/purassima.com\/wp-content\/uploads\/2025\/07\/PDF_icon-768x857.webp 768w, https:\/\/purassima.com\/wp-content\/uploads\/2025\/07\/PDF_icon-600x670.webp 600w\" sizes=\"(max-width: 800px) 100vw, 800px\" \/>\t\t\t\t\t\t\t\t\t\t\t\t\t\t\t<\/div>\n\t\t\t\t<\/div>\n\t\t<div class=\"elementor-element elementor-element-b8bd834 e-con-full e-flex e-con e-child\" data-id=\"b8bd834\" data-element_type=\"container\" data-e-type=\"container\">\n\t\t\t\t<div class=\"elementor-element elementor-element-74a6d73 elementor-widget elementor-widget-heading\" data-id=\"74a6d73\" data-element_type=\"widget\" data-e-type=\"widget\" data-widget_type=\"heading.default\">\n\t\t\t\t\t<h2 class=\"elementor-heading-title elementor-size-default\">Sistemi di brochure Purissima<\/h2>\t\t\t\t<\/div>\n\t\t\t\t<div class=\"elementor-element elementor-element-a4d0a6d elementor-widget elementor-widget-text-editor\" data-id=\"a4d0a6d\" data-element_type=\"widget\" data-e-type=\"widget\" data-widget_type=\"text-editor.default\">\n\t\t\t\t\t\t\t\t\t(550.61 KB)\n\n\t\t\t\t\t\t\t\t<\/div>\n\t\t\t\t<\/div>\n\t\t\t\t<\/div>\n\t\t\t\t\t<\/div>\n\t\t\t\t<\/div>\n\t\t\t\t<\/div>\n\t\t","protected":false},"excerpt":{"rendered":"<p><strong>VANTAGGI<\/strong><\/p>\n<ul>\n<li>acqua pura ogni giorno<\/li>\n<li>miglioramento della salute<\/li>\n<li>delizioso caff\u00e8, t\u00e8, limonata, frullati, ecc.<\/li>\n<li>Economico nell&#8217;uso (risparmio: \u20ac 400,- p\/p p\/a)<\/li>\n<li> non dovrai pi\u00f9 trascinarti dietro l&#8217;acqua minerale<\/li>\n<li>ecologico e ecologico soluzione sostenibile<\/li>\n<li><strong>RISPARMIO: \u20ac 438,- a persona all&#8217;anno!<br \/>\n<\/strong>L&#8217;uso di un filtro per l&#8217;acqua offre molti benefici per la salute, ma comporta anche un notevole risparmio sull&#8217;inquinamento ambientale (petrolio, plastica e trasporti), per non parlare del trasporto di centinaia di litri d&#8217;acqua all&#8217;anno! Ma non \u00e8 tutto, in pi\u00f9 c&#8217;\u00e8 anche un risparmio economico. In media, 1 litro di acqua del rubinetto costa \u20ac 0,05, l&#8217;acqua minerale costa \u20ac 0,60 al litro.<br \/>\nSupponiamo di bere 2 litri al giorno per persona:<br \/>\nFiltro acqua: \u20ac 0,05 x 2 litri x 365 (giorni) = \u20ac 36,50 a persona all&#8217;anno.<br \/>\nAcqua minerale: \u20ac 0,60 x 2 litri x 365 (giorni) = \u20ac 438,- per persona all&#8217;anno. <\/li>\n<\/ul>\n","protected":false},"featured_media":1688,"comment_status":"open","ping_status":"closed","template":"","meta":{"_acf_changed":false},"product_brand":[],"product_cat":[80],"product_tag":[],"class_list":{"0":"post-2611","1":"product","2":"type-product","3":"status-publish","4":"has-post-thumbnail","6":"product_cat-purificazione-naturale","8":"first","9":"instock","10":"shipping-taxable","11":"purchasable","12":"product-type-simple"},"acf":[],"yoast_head":"<!-- This site is optimized with the Yoast SEO plugin v27.4 - https:\/\/yoast.com\/product\/yoast-seo-wordpress\/ -->\n<title>Gaia - depuratore d&#039;acqua - Purassima<\/title>\n<meta name=\"robots\" content=\"index, follow, max-snippet:-1, max-image-preview:large, max-video-preview:-1\" \/>\n<link rel=\"canonical\" href=\"https:\/\/purassima.com\/it\/product\/gaia-depuratore-dacqua\/\" \/>\n<meta property=\"og:locale\" content=\"it_IT\" \/>\n<meta property=\"og:type\" content=\"article\" \/>\n<meta property=\"og:title\" content=\"Gaia - depuratore d&#039;acqua - Purassima\" \/>\n<meta property=\"og:description\" content=\"VANTAGGI   acqua pura ogni giorno  miglioramento della salute  delizioso caff\u00e8, t\u00e8, limonata, frullati, ecc.  Economico nell&#039;uso (risparmio: \u20ac 400,- p\/p p\/a)   non dovrai pi\u00f9 trascinarti dietro l&#039;acqua minerale  ecologico e ecologico soluzione sostenibile  RISPARMIO: \u20ac 438,- a persona all&#039;anno! L&#039;uso di un filtro per l&#039;acqua offre molti benefici per la salute, ma comporta anche un notevole risparmio sull&#039;inquinamento ambientale (petrolio, plastica e trasporti), per non parlare del trasporto di centinaia di litri d&#039;acqua all&#039;anno! Ma non \u00e8 tutto, in pi\u00f9 c&#039;\u00e8 anche un risparmio economico. In media, 1 litro di acqua del rubinetto costa \u20ac 0,05, l&#039;acqua minerale costa \u20ac 0,60 al litro. Supponiamo di bere 2 litri al giorno per persona: Filtro acqua: \u20ac 0,05 x 2 litri x 365 (giorni) = \u20ac 36,50 a persona all&#039;anno. Acqua minerale: \u20ac 0,60 x 2 litri x 365 (giorni) = \u20ac 438,- per persona all&#039;anno.\" \/>\n<meta property=\"og:url\" content=\"https:\/\/purassima.com\/it\/product\/gaia-depuratore-dacqua\/\" \/>\n<meta property=\"og:site_name\" content=\"Purassima\" \/>\n<meta property=\"article:modified_time\" content=\"2025-07-31T07:32:22+00:00\" \/>\n<meta property=\"og:image\" content=\"https:\/\/purassima.com\/wp-content\/uploads\/2025\/07\/Gaia_photo1.webp\" \/>\n\t<meta property=\"og:image:width\" content=\"1200\" \/>\n\t<meta property=\"og:image:height\" content=\"1200\" \/>\n\t<meta property=\"og:image:type\" content=\"image\/webp\" \/>\n<meta name=\"twitter:card\" content=\"summary_large_image\" \/>\n<meta name=\"twitter:label1\" content=\"Tempo di lettura stimato\" \/>\n\t<meta name=\"twitter:data1\" content=\"4 minuti\" \/>\n<script type=\"application\/ld+json\" class=\"yoast-schema-graph\">{\"@context\":\"https:\\\/\\\/schema.org\",\"@graph\":[{\"@type\":\"WebPage\",\"@id\":\"https:\\\/\\\/purassima.com\\\/it\\\/product\\\/gaia-depuratore-dacqua\\\/\",\"url\":\"https:\\\/\\\/purassima.com\\\/it\\\/product\\\/gaia-depuratore-dacqua\\\/\",\"name\":\"Gaia - depuratore d'acqua - Purassima\",\"isPartOf\":{\"@id\":\"https:\\\/\\\/purassima.com\\\/it\\\/#website\"},\"primaryImageOfPage\":{\"@id\":\"https:\\\/\\\/purassima.com\\\/it\\\/product\\\/gaia-depuratore-dacqua\\\/#primaryimage\"},\"image\":{\"@id\":\"https:\\\/\\\/purassima.com\\\/it\\\/product\\\/gaia-depuratore-dacqua\\\/#primaryimage\"},\"thumbnailUrl\":\"https:\\\/\\\/purassima.com\\\/wp-content\\\/uploads\\\/2025\\\/07\\\/Gaia_photo1.webp\",\"datePublished\":\"2025-07-25T08:46:16+00:00\",\"dateModified\":\"2025-07-31T07:32:22+00:00\",\"breadcrumb\":{\"@id\":\"https:\\\/\\\/purassima.com\\\/it\\\/product\\\/gaia-depuratore-dacqua\\\/#breadcrumb\"},\"inLanguage\":\"it-IT\",\"potentialAction\":[{\"@type\":\"ReadAction\",\"target\":[\"https:\\\/\\\/purassima.com\\\/it\\\/product\\\/gaia-depuratore-dacqua\\\/\"]}]},{\"@type\":\"ImageObject\",\"inLanguage\":\"it-IT\",\"@id\":\"https:\\\/\\\/purassima.com\\\/it\\\/product\\\/gaia-depuratore-dacqua\\\/#primaryimage\",\"url\":\"https:\\\/\\\/purassima.com\\\/wp-content\\\/uploads\\\/2025\\\/07\\\/Gaia_photo1.webp\",\"contentUrl\":\"https:\\\/\\\/purassima.com\\\/wp-content\\\/uploads\\\/2025\\\/07\\\/Gaia_photo1.webp\",\"width\":1200,\"height\":1200},{\"@type\":\"BreadcrumbList\",\"@id\":\"https:\\\/\\\/purassima.com\\\/it\\\/product\\\/gaia-depuratore-dacqua\\\/#breadcrumb\",\"itemListElement\":[{\"@type\":\"ListItem\",\"position\":1,\"name\":\"Home\",\"item\":\"https:\\\/\\\/purassima.com\\\/it\\\/casa\\\/\"},{\"@type\":\"ListItem\",\"position\":2,\"name\":\"Collections\",\"item\":\"https:\\\/\\\/purassima.com\\\/collections\\\/\"},{\"@type\":\"ListItem\",\"position\":3,\"name\":\"Gaia &#8211; depuratore d&#8217;acqua\"}]},{\"@type\":\"WebSite\",\"@id\":\"https:\\\/\\\/purassima.com\\\/it\\\/#website\",\"url\":\"https:\\\/\\\/purassima.com\\\/it\\\/\",\"name\":\"purassima\",\"description\":\"\",\"potentialAction\":[{\"@type\":\"SearchAction\",\"target\":{\"@type\":\"EntryPoint\",\"urlTemplate\":\"https:\\\/\\\/purassima.com\\\/it\\\/?s={search_term_string}\"},\"query-input\":{\"@type\":\"PropertyValueSpecification\",\"valueRequired\":true,\"valueName\":\"search_term_string\"}}],\"inLanguage\":\"it-IT\"}]}<\/script>\n<!-- \/ Yoast SEO plugin. -->","yoast_head_json":{"title":"Gaia - depuratore d'acqua - Purassima","robots":{"index":"index","follow":"follow","max-snippet":"max-snippet:-1","max-image-preview":"max-image-preview:large","max-video-preview":"max-video-preview:-1"},"canonical":"https:\/\/purassima.com\/it\/product\/gaia-depuratore-dacqua\/","og_locale":"it_IT","og_type":"article","og_title":"Gaia - depuratore d'acqua - Purassima","og_description":"VANTAGGI   acqua pura ogni giorno  miglioramento della salute  delizioso caff\u00e8, t\u00e8, limonata, frullati, ecc.  Economico nell'uso (risparmio: \u20ac 400,- p\/p p\/a)   non dovrai pi\u00f9 trascinarti dietro l'acqua minerale  ecologico e ecologico soluzione sostenibile  RISPARMIO: \u20ac 438,- a persona all'anno! L'uso di un filtro per l'acqua offre molti benefici per la salute, ma comporta anche un notevole risparmio sull'inquinamento ambientale (petrolio, plastica e trasporti), per non parlare del trasporto di centinaia di litri d'acqua all'anno! Ma non \u00e8 tutto, in pi\u00f9 c'\u00e8 anche un risparmio economico. In media, 1 litro di acqua del rubinetto costa \u20ac 0,05, l'acqua minerale costa \u20ac 0,60 al litro. Supponiamo di bere 2 litri al giorno per persona: Filtro acqua: \u20ac 0,05 x 2 litri x 365 (giorni) = \u20ac 36,50 a persona all'anno. Acqua minerale: \u20ac 0,60 x 2 litri x 365 (giorni) = \u20ac 438,- per persona all'anno.","og_url":"https:\/\/purassima.com\/it\/product\/gaia-depuratore-dacqua\/","og_site_name":"Purassima","article_modified_time":"2025-07-31T07:32:22+00:00","og_image":[{"width":1200,"height":1200,"url":"https:\/\/purassima.com\/wp-content\/uploads\/2025\/07\/Gaia_photo1.webp","type":"image\/webp"}],"twitter_card":"summary_large_image","twitter_misc":{"Tempo di lettura stimato":"4 minuti"},"schema":{"@context":"https:\/\/schema.org","@graph":[{"@type":"WebPage","@id":"https:\/\/purassima.com\/it\/product\/gaia-depuratore-dacqua\/","url":"https:\/\/purassima.com\/it\/product\/gaia-depuratore-dacqua\/","name":"Gaia - depuratore d'acqua - Purassima","isPartOf":{"@id":"https:\/\/purassima.com\/it\/#website"},"primaryImageOfPage":{"@id":"https:\/\/purassima.com\/it\/product\/gaia-depuratore-dacqua\/#primaryimage"},"image":{"@id":"https:\/\/purassima.com\/it\/product\/gaia-depuratore-dacqua\/#primaryimage"},"thumbnailUrl":"https:\/\/purassima.com\/wp-content\/uploads\/2025\/07\/Gaia_photo1.webp","datePublished":"2025-07-25T08:46:16+00:00","dateModified":"2025-07-31T07:32:22+00:00","breadcrumb":{"@id":"https:\/\/purassima.com\/it\/product\/gaia-depuratore-dacqua\/#breadcrumb"},"inLanguage":"it-IT","potentialAction":[{"@type":"ReadAction","target":["https:\/\/purassima.com\/it\/product\/gaia-depuratore-dacqua\/"]}]},{"@type":"ImageObject","inLanguage":"it-IT","@id":"https:\/\/purassima.com\/it\/product\/gaia-depuratore-dacqua\/#primaryimage","url":"https:\/\/purassima.com\/wp-content\/uploads\/2025\/07\/Gaia_photo1.webp","contentUrl":"https:\/\/purassima.com\/wp-content\/uploads\/2025\/07\/Gaia_photo1.webp","width":1200,"height":1200},{"@type":"BreadcrumbList","@id":"https:\/\/purassima.com\/it\/product\/gaia-depuratore-dacqua\/#breadcrumb","itemListElement":[{"@type":"ListItem","position":1,"name":"Home","item":"https:\/\/purassima.com\/it\/casa\/"},{"@type":"ListItem","position":2,"name":"Collections","item":"https:\/\/purassima.com\/collections\/"},{"@type":"ListItem","position":3,"name":"Gaia &#8211; depuratore d&#8217;acqua"}]},{"@type":"WebSite","@id":"https:\/\/purassima.com\/it\/#website","url":"https:\/\/purassima.com\/it\/","name":"purassima","description":"","potentialAction":[{"@type":"SearchAction","target":{"@type":"EntryPoint","urlTemplate":"https:\/\/purassima.com\/it\/?s={search_term_string}"},"query-input":{"@type":"PropertyValueSpecification","valueRequired":true,"valueName":"search_term_string"}}],"inLanguage":"it-IT"}]}},"_links":{"self":[{"href":"https:\/\/purassima.com\/it\/wp-json\/wp\/v2\/product\/2611","targetHints":{"allow":["GET"]}}],"collection":[{"href":"https:\/\/purassima.com\/it\/wp-json\/wp\/v2\/product"}],"about":[{"href":"https:\/\/purassima.com\/it\/wp-json\/wp\/v2\/types\/product"}],"replies":[{"embeddable":true,"href":"https:\/\/purassima.com\/it\/wp-json\/wp\/v2\/comments?post=2611"}],"version-history":[{"count":7,"href":"https:\/\/purassima.com\/it\/wp-json\/wp\/v2\/product\/2611\/revisions"}],"predecessor-version":[{"id":3017,"href":"https:\/\/purassima.com\/it\/wp-json\/wp\/v2\/product\/2611\/revisions\/3017"}],"wp:featuredmedia":[{"embeddable":true,"href":"https:\/\/purassima.com\/it\/wp-json\/wp\/v2\/media\/1688"}],"wp:attachment":[{"href":"https:\/\/purassima.com\/it\/wp-json\/wp\/v2\/media?parent=2611"}],"wp:term":[{"taxonomy":"product_brand","embeddable":true,"href":"https:\/\/purassima.com\/it\/wp-json\/wp\/v2\/product_brand?post=2611"},{"taxonomy":"product_cat","embeddable":true,"href":"https:\/\/purassima.com\/it\/wp-json\/wp\/v2\/product_cat?post=2611"},{"taxonomy":"product_tag","embeddable":true,"href":"https:\/\/purassima.com\/it\/wp-json\/wp\/v2\/product_tag?post=2611"}],"curies":[{"name":"wp","href":"https:\/\/api.w.org\/{rel}","templated":true}]}}