{"id":2618,"date":"2025-07-25T08:59:25","date_gmt":"2025-07-25T08:59:25","guid":{"rendered":"https:\/\/purassima.com\/product\/pallade-osmosi-inversa\/"},"modified":"2025-07-31T07:32:03","modified_gmt":"2025-07-31T07:32:03","slug":"pallade-osmosi-inversa","status":"publish","type":"product","link":"https:\/\/purassima.com\/it\/product\/pallade-osmosi-inversa\/","title":{"rendered":"Pallade: osmosi inversa"},"content":{"rendered":"\t\t<div data-elementor-type=\"product-post\" data-elementor-id=\"2618\" class=\"elementor elementor-2618 elementor-574\" data-elementor-post-type=\"product\">\n\t\t\t\t<div class=\"elementor-element elementor-element-5d782b79 e-flex e-con-boxed e-con e-parent\" data-id=\"5d782b79\" data-element_type=\"container\" data-e-type=\"container\">\n\t\t\t\t\t<div class=\"e-con-inner\">\n\t\t\t\t<div class=\"elementor-element elementor-element-11359733 elementor-widget elementor-widget-text-editor\" data-id=\"11359733\" data-element_type=\"widget\" data-e-type=\"widget\" data-widget_type=\"text-editor.default\">\n\t\t\t\t\t\t\t\t\tMarca: Purissima\nModello: Pallade\nProdotto: sistema di filtraggio dell&#8217;acqua\nMetodo: osmosi inversa (RO)\nFiltri: 2 filtri &#8211; 4 fasi di filtrazione\nInstallazione: s\u00ec\/installatore\n\nAPPLICAZIONE:\n&#8211; famiglie: lavello della cucina\n&#8211; attivit\u00e0 commerciali\/uffici: lavello della cucina\n\nPallas \u00e8 completamente basato sul flusso diretto, il che significa che la produzione avviene in tempo reale e non \u00e8 richiesto alcun serbatoio di stoccaggio. Il sistema \u00e8 dotato di un acqua-stop che arresta automaticamente l&#8217;apparecchiatura in caso di perdite interne. \n\nQuesto sistema ad osmosi inversa (RO) ha una membrana da 600 GPD e solo DUE filtri. Questo filtro ha 5 stadi di filtrazione con la filtrazione pi\u00f9 efficiente sul mercato. Il sistema segnala automaticamente quando \u00e8 necessario sostituire la membrana e\/o i filtri. Entrambi sono molto facili da sostituire.   \n\nMETODO DI FILTRAZIONE: OSMOSI INVERSA\nL&#8217;osmosi inversa \u00e8 un sistema di filtrazione dell&#8217;acqua con la dimensione pi\u00f9 piccola dei pori della membrana pari a 0,0001 micron. Dopo che l&#8217;acqua passa attraverso un sistema ad osmosi inversa, fornisce l&#8217;acqua pi\u00f9 pura tra tutti i metodi di filtrazione. Oltre a rimuovere tutte le molecole organiche e i virus, rimuove la torbidit\u00e0, gli ioni monovalenti (dissalazione) compresi i microbi. Rimuove inoltre praticamente tutte le sostanze disciolte come pesticidi, residui di farmaci, Pfas, GenX!   \n\nSPECIFICHE\nMembrana: 600GPD\nCapacit\u00e0 del filtro: 1,6 litri al minuto\nFiltrazione: 5 passaggi\nProduzione: 2.200 litri al giorno\nInstallazione semplice e; manutenzione\nDimensioni del prodotto: 424 x 276 x 564 mm.\nPrezzo: \u20ac 799,- (IVA inclusa)\n\nASSEMBLEA &amp; INSTALLAZIONE\nQuesto sistema ad osmosi inversa richiede l&#8217;installazione nella tua cucina. Generalmente il sistema viene posizionato nel mobile della cucina. Nella fornitura del sistema sono incluse tutte le parti necessarie come rubinetto, rubinetto dell&#8217;acqua e raccordi. Pallas \u00e8 il sistema pi\u00f9 semplice da installare tra tutti i sistemi RO! Tuttavia, \u00e8 necessario disporre di sufficiente conoscenza ed esperienza nel fai da te o chiedere a un professionista per l&#8217;installazione.    \n\nIl sistema di trattamento dell&#8217;acqua ad osmosi inversa \u00e8 l&#8217;investimento migliore e pi\u00f9 prezioso per l&#8217;acqua potabile sana e sicura.\t\t\t\t\t\t\t\t<\/div>\n\t\t\t\t\t<\/div>\n\t\t\t\t<\/div>\n\t\t<div class=\"elementor-element elementor-element-34e5c84 e-flex e-con-boxed e-con e-parent\" data-id=\"34e5c84\" data-element_type=\"container\" data-e-type=\"container\">\n\t\t\t\t\t<div class=\"e-con-inner\">\n\t\t\t\t<div class=\"elementor-element elementor-element-0a89e8e elementor-widget elementor-widget-heading\" data-id=\"0a89e8e\" data-element_type=\"widget\" data-e-type=\"widget\" data-widget_type=\"heading.default\">\n\t\t\t\t\t<h2 class=\"elementor-heading-title elementor-size-default\">Scarica PDF<\/h2>\t\t\t\t<\/div>\n\t\t<div data-ha-element-link=\"{&quot;url&quot;:&quot;https:\\\/\\\/purassima.com\\\/wp-content\\\/uploads\\\/2025\\\/07\\\/Purassima_brochure_EN-5.pdf&quot;,&quot;is_external&quot;:&quot;on&quot;,&quot;nofollow&quot;:&quot;&quot;}\" style=\"cursor: pointer\" class=\"elementor-element elementor-element-ca4a05e e-con-full e-flex e-con e-child\" data-id=\"ca4a05e\" data-element_type=\"container\" data-e-type=\"container\" data-settings=\"{&quot;background_background&quot;:&quot;classic&quot;}\">\n\t\t<div class=\"elementor-element elementor-element-c0cdb40 e-con-full e-flex e-con e-child\" data-id=\"c0cdb40\" data-element_type=\"container\" data-e-type=\"container\">\n\t\t\t\t<div class=\"elementor-element elementor-element-e78a67d elementor-widget elementor-widget-image\" data-id=\"e78a67d\" data-element_type=\"widget\" data-e-type=\"widget\" data-widget_type=\"image.default\">\n\t\t\t\t\t\t\t\t\t\t\t\t\t\t\t<img fetchpriority=\"high\" decoding=\"async\" width=\"800\" height=\"893\" src=\"https:\/\/purassima.com\/wp-content\/uploads\/2025\/07\/PDF_icon.webp\" class=\"attachment-large size-large wp-image-2767\" alt=\"\" srcset=\"https:\/\/purassima.com\/wp-content\/uploads\/2025\/07\/PDF_icon.webp 820w, https:\/\/purassima.com\/wp-content\/uploads\/2025\/07\/PDF_icon-269x300.webp 269w, https:\/\/purassima.com\/wp-content\/uploads\/2025\/07\/PDF_icon-768x857.webp 768w, https:\/\/purassima.com\/wp-content\/uploads\/2025\/07\/PDF_icon-600x670.webp 600w\" sizes=\"(max-width: 800px) 100vw, 800px\" \/>\t\t\t\t\t\t\t\t\t\t\t\t\t\t\t<\/div>\n\t\t\t\t<\/div>\n\t\t<div class=\"elementor-element elementor-element-7074b6a e-con-full e-flex e-con e-child\" data-id=\"7074b6a\" data-element_type=\"container\" data-e-type=\"container\">\n\t\t\t\t<div class=\"elementor-element elementor-element-84cb4c2 elementor-widget elementor-widget-heading\" data-id=\"84cb4c2\" data-element_type=\"widget\" data-e-type=\"widget\" data-widget_type=\"heading.default\">\n\t\t\t\t\t<h2 class=\"elementor-heading-title elementor-size-default\">Sistemi di brochure Purissima<\/h2>\t\t\t\t<\/div>\n\t\t\t\t<div class=\"elementor-element elementor-element-bdc9749 elementor-widget elementor-widget-text-editor\" data-id=\"bdc9749\" data-element_type=\"widget\" data-e-type=\"widget\" data-widget_type=\"text-editor.default\">\n\t\t\t\t\t\t\t\t\t(550.61 KB)\n\n\t\t\t\t\t\t\t\t<\/div>\n\t\t\t\t<\/div>\n\t\t\t\t<\/div>\n\t\t\t\t\t<\/div>\n\t\t\t\t<\/div>\n\t\t\t\t<\/div>\n\t\t","protected":false},"excerpt":{"rendered":"<p><strong>VANTAGGI<\/strong><\/p>\n<ul>\n<li>ogni giorno acqua pura<\/li>\n<li>miglioramento della salute<\/li>\n<li>delizioso caff\u00e8, t\u00e8, limonata, frullati, ecc.<\/li>\n<li>Economico nell&#8217;uso (risparmio: \u20ac 400,- p\/p p\/a)<\/li>\n<li> non dovrai pi\u00f9 trascinarti dietro l&#8217;acqua minerale<\/li>\n<li>ecologico e ecologico soluzione sostenibile<\/li>\n<\/ul>\n<p><strong>RISPARMIO: \u20ac 438,- a persona all&#8217;anno!<br \/>\n<\/strong>L&#8217;uso di un filtro per l&#8217;acqua offre molti benefici per la salute, ma comporta anche un notevole risparmio sull&#8217;inquinamento ambientale (petrolio, plastica e trasporti), per non parlare del trasporto di centinaia di litri d&#8217;acqua all&#8217;anno! Ma non \u00e8 tutto, in pi\u00f9 c&#8217;\u00e8 anche il risparmio finanziario. <\/p>\n<p>In media 1 litro di acqua del rubinetto costa 0,05 \u20ac, l&#8217;acqua minerale costa 0,60 \u20ac al litro.<br \/>\nSupponiamo di bere 2 litri al giorno per persona:<br \/>\nFiltro acqua: \u20ac 0,05 x 2 litri x 365 (giorni) = \u20ac 36,50 a persona all&#8217;anno.<br \/>\nAcqua minerale: \u20ac 0,60 x 2 litri x 365 (giorni) = \u20ac 438,- per persona all&#8217;anno.<\/p>\n","protected":false},"featured_media":1708,"comment_status":"open","ping_status":"closed","template":"","meta":{"_acf_changed":false},"product_brand":[],"product_cat":[82],"product_tag":[],"class_list":{"0":"post-2618","1":"product","2":"type-product","3":"status-publish","4":"has-post-thumbnail","6":"product_cat-osmosi-inversa","8":"first","9":"instock","10":"shipping-taxable","11":"purchasable","12":"product-type-simple"},"acf":[],"yoast_head":"<!-- This site is optimized with the Yoast SEO plugin v27.4 - https:\/\/yoast.com\/product\/yoast-seo-wordpress\/ -->\n<title>Pallade: osmosi inversa - Purassima<\/title>\n<meta name=\"robots\" content=\"index, follow, max-snippet:-1, max-image-preview:large, max-video-preview:-1\" \/>\n<link rel=\"canonical\" href=\"https:\/\/purassima.com\/it\/product\/pallade-osmosi-inversa\/\" \/>\n<meta property=\"og:locale\" content=\"it_IT\" \/>\n<meta property=\"og:type\" content=\"article\" \/>\n<meta property=\"og:title\" content=\"Pallade: osmosi inversa - Purassima\" \/>\n<meta property=\"og:description\" content=\"VANTAGGI   ogni giorno acqua pura  miglioramento della salute  delizioso caff\u00e8, t\u00e8, limonata, frullati, ecc.  Economico nell&#039;uso (risparmio: \u20ac 400,- p\/p p\/a)   non dovrai pi\u00f9 trascinarti dietro l&#039;acqua minerale  ecologico e ecologico soluzione sostenibile  RISPARMIO: \u20ac 438,- a persona all&#039;anno! L&#039;uso di un filtro per l&#039;acqua offre molti benefici per la salute, ma comporta anche un notevole risparmio sull&#039;inquinamento ambientale (petrolio, plastica e trasporti), per non parlare del trasporto di centinaia di litri d&#039;acqua all&#039;anno! Ma non \u00e8 tutto, in pi\u00f9 c&#039;\u00e8 anche il risparmio finanziario.   In media 1 litro di acqua del rubinetto costa 0,05 \u20ac, l&#039;acqua minerale costa 0,60 \u20ac al litro. Supponiamo di bere 2 litri al giorno per persona: Filtro acqua: \u20ac 0,05 x 2 litri x 365 (giorni) = \u20ac 36,50 a persona all&#039;anno. Acqua minerale: \u20ac 0,60 x 2 litri x 365 (giorni) = \u20ac 438,- per persona all&#039;anno.\" \/>\n<meta property=\"og:url\" content=\"https:\/\/purassima.com\/it\/product\/pallade-osmosi-inversa\/\" \/>\n<meta property=\"og:site_name\" content=\"Purassima\" \/>\n<meta property=\"article:modified_time\" content=\"2025-07-31T07:32:03+00:00\" \/>\n<meta property=\"og:image\" content=\"https:\/\/purassima.com\/wp-content\/uploads\/2025\/07\/Pallas_pix1.webp\" \/>\n\t<meta property=\"og:image:width\" content=\"800\" \/>\n\t<meta property=\"og:image:height\" content=\"800\" \/>\n\t<meta property=\"og:image:type\" content=\"image\/webp\" \/>\n<meta name=\"twitter:card\" content=\"summary_large_image\" \/>\n<meta name=\"twitter:label1\" content=\"Tempo di lettura stimato\" \/>\n\t<meta name=\"twitter:data1\" content=\"2 minuti\" \/>\n<script type=\"application\/ld+json\" class=\"yoast-schema-graph\">{\"@context\":\"https:\\\/\\\/schema.org\",\"@graph\":[{\"@type\":\"WebPage\",\"@id\":\"https:\\\/\\\/purassima.com\\\/it\\\/product\\\/pallade-osmosi-inversa\\\/\",\"url\":\"https:\\\/\\\/purassima.com\\\/it\\\/product\\\/pallade-osmosi-inversa\\\/\",\"name\":\"Pallade: osmosi inversa - Purassima\",\"isPartOf\":{\"@id\":\"https:\\\/\\\/purassima.com\\\/it\\\/#website\"},\"primaryImageOfPage\":{\"@id\":\"https:\\\/\\\/purassima.com\\\/it\\\/product\\\/pallade-osmosi-inversa\\\/#primaryimage\"},\"image\":{\"@id\":\"https:\\\/\\\/purassima.com\\\/it\\\/product\\\/pallade-osmosi-inversa\\\/#primaryimage\"},\"thumbnailUrl\":\"https:\\\/\\\/purassima.com\\\/wp-content\\\/uploads\\\/2025\\\/07\\\/Pallas_pix1.webp\",\"datePublished\":\"2025-07-25T08:59:25+00:00\",\"dateModified\":\"2025-07-31T07:32:03+00:00\",\"breadcrumb\":{\"@id\":\"https:\\\/\\\/purassima.com\\\/it\\\/product\\\/pallade-osmosi-inversa\\\/#breadcrumb\"},\"inLanguage\":\"it-IT\",\"potentialAction\":[{\"@type\":\"ReadAction\",\"target\":[\"https:\\\/\\\/purassima.com\\\/it\\\/product\\\/pallade-osmosi-inversa\\\/\"]}]},{\"@type\":\"ImageObject\",\"inLanguage\":\"it-IT\",\"@id\":\"https:\\\/\\\/purassima.com\\\/it\\\/product\\\/pallade-osmosi-inversa\\\/#primaryimage\",\"url\":\"https:\\\/\\\/purassima.com\\\/wp-content\\\/uploads\\\/2025\\\/07\\\/Pallas_pix1.webp\",\"contentUrl\":\"https:\\\/\\\/purassima.com\\\/wp-content\\\/uploads\\\/2025\\\/07\\\/Pallas_pix1.webp\",\"width\":800,\"height\":800},{\"@type\":\"BreadcrumbList\",\"@id\":\"https:\\\/\\\/purassima.com\\\/it\\\/product\\\/pallade-osmosi-inversa\\\/#breadcrumb\",\"itemListElement\":[{\"@type\":\"ListItem\",\"position\":1,\"name\":\"Home\",\"item\":\"https:\\\/\\\/purassima.com\\\/it\\\/casa\\\/\"},{\"@type\":\"ListItem\",\"position\":2,\"name\":\"Collections\",\"item\":\"https:\\\/\\\/purassima.com\\\/collections\\\/\"},{\"@type\":\"ListItem\",\"position\":3,\"name\":\"Pallade: osmosi inversa\"}]},{\"@type\":\"WebSite\",\"@id\":\"https:\\\/\\\/purassima.com\\\/it\\\/#website\",\"url\":\"https:\\\/\\\/purassima.com\\\/it\\\/\",\"name\":\"purassima\",\"description\":\"\",\"potentialAction\":[{\"@type\":\"SearchAction\",\"target\":{\"@type\":\"EntryPoint\",\"urlTemplate\":\"https:\\\/\\\/purassima.com\\\/it\\\/?s={search_term_string}\"},\"query-input\":{\"@type\":\"PropertyValueSpecification\",\"valueRequired\":true,\"valueName\":\"search_term_string\"}}],\"inLanguage\":\"it-IT\"}]}<\/script>\n<!-- \/ Yoast SEO plugin. -->","yoast_head_json":{"title":"Pallade: osmosi inversa - Purassima","robots":{"index":"index","follow":"follow","max-snippet":"max-snippet:-1","max-image-preview":"max-image-preview:large","max-video-preview":"max-video-preview:-1"},"canonical":"https:\/\/purassima.com\/it\/product\/pallade-osmosi-inversa\/","og_locale":"it_IT","og_type":"article","og_title":"Pallade: osmosi inversa - Purassima","og_description":"VANTAGGI   ogni giorno acqua pura  miglioramento della salute  delizioso caff\u00e8, t\u00e8, limonata, frullati, ecc.  Economico nell'uso (risparmio: \u20ac 400,- p\/p p\/a)   non dovrai pi\u00f9 trascinarti dietro l'acqua minerale  ecologico e ecologico soluzione sostenibile  RISPARMIO: \u20ac 438,- a persona all'anno! L'uso di un filtro per l'acqua offre molti benefici per la salute, ma comporta anche un notevole risparmio sull'inquinamento ambientale (petrolio, plastica e trasporti), per non parlare del trasporto di centinaia di litri d'acqua all'anno! Ma non \u00e8 tutto, in pi\u00f9 c'\u00e8 anche il risparmio finanziario.   In media 1 litro di acqua del rubinetto costa 0,05 \u20ac, l'acqua minerale costa 0,60 \u20ac al litro. Supponiamo di bere 2 litri al giorno per persona: Filtro acqua: \u20ac 0,05 x 2 litri x 365 (giorni) = \u20ac 36,50 a persona all'anno. Acqua minerale: \u20ac 0,60 x 2 litri x 365 (giorni) = \u20ac 438,- per persona all'anno.","og_url":"https:\/\/purassima.com\/it\/product\/pallade-osmosi-inversa\/","og_site_name":"Purassima","article_modified_time":"2025-07-31T07:32:03+00:00","og_image":[{"width":800,"height":800,"url":"https:\/\/purassima.com\/wp-content\/uploads\/2025\/07\/Pallas_pix1.webp","type":"image\/webp"}],"twitter_card":"summary_large_image","twitter_misc":{"Tempo di lettura stimato":"2 minuti"},"schema":{"@context":"https:\/\/schema.org","@graph":[{"@type":"WebPage","@id":"https:\/\/purassima.com\/it\/product\/pallade-osmosi-inversa\/","url":"https:\/\/purassima.com\/it\/product\/pallade-osmosi-inversa\/","name":"Pallade: osmosi inversa - Purassima","isPartOf":{"@id":"https:\/\/purassima.com\/it\/#website"},"primaryImageOfPage":{"@id":"https:\/\/purassima.com\/it\/product\/pallade-osmosi-inversa\/#primaryimage"},"image":{"@id":"https:\/\/purassima.com\/it\/product\/pallade-osmosi-inversa\/#primaryimage"},"thumbnailUrl":"https:\/\/purassima.com\/wp-content\/uploads\/2025\/07\/Pallas_pix1.webp","datePublished":"2025-07-25T08:59:25+00:00","dateModified":"2025-07-31T07:32:03+00:00","breadcrumb":{"@id":"https:\/\/purassima.com\/it\/product\/pallade-osmosi-inversa\/#breadcrumb"},"inLanguage":"it-IT","potentialAction":[{"@type":"ReadAction","target":["https:\/\/purassima.com\/it\/product\/pallade-osmosi-inversa\/"]}]},{"@type":"ImageObject","inLanguage":"it-IT","@id":"https:\/\/purassima.com\/it\/product\/pallade-osmosi-inversa\/#primaryimage","url":"https:\/\/purassima.com\/wp-content\/uploads\/2025\/07\/Pallas_pix1.webp","contentUrl":"https:\/\/purassima.com\/wp-content\/uploads\/2025\/07\/Pallas_pix1.webp","width":800,"height":800},{"@type":"BreadcrumbList","@id":"https:\/\/purassima.com\/it\/product\/pallade-osmosi-inversa\/#breadcrumb","itemListElement":[{"@type":"ListItem","position":1,"name":"Home","item":"https:\/\/purassima.com\/it\/casa\/"},{"@type":"ListItem","position":2,"name":"Collections","item":"https:\/\/purassima.com\/collections\/"},{"@type":"ListItem","position":3,"name":"Pallade: osmosi inversa"}]},{"@type":"WebSite","@id":"https:\/\/purassima.com\/it\/#website","url":"https:\/\/purassima.com\/it\/","name":"purassima","description":"","potentialAction":[{"@type":"SearchAction","target":{"@type":"EntryPoint","urlTemplate":"https:\/\/purassima.com\/it\/?s={search_term_string}"},"query-input":{"@type":"PropertyValueSpecification","valueRequired":true,"valueName":"search_term_string"}}],"inLanguage":"it-IT"}]}},"_links":{"self":[{"href":"https:\/\/purassima.com\/it\/wp-json\/wp\/v2\/product\/2618","targetHints":{"allow":["GET"]}}],"collection":[{"href":"https:\/\/purassima.com\/it\/wp-json\/wp\/v2\/product"}],"about":[{"href":"https:\/\/purassima.com\/it\/wp-json\/wp\/v2\/types\/product"}],"replies":[{"embeddable":true,"href":"https:\/\/purassima.com\/it\/wp-json\/wp\/v2\/comments?post=2618"}],"version-history":[{"count":4,"href":"https:\/\/purassima.com\/it\/wp-json\/wp\/v2\/product\/2618\/revisions"}],"predecessor-version":[{"id":3015,"href":"https:\/\/purassima.com\/it\/wp-json\/wp\/v2\/product\/2618\/revisions\/3015"}],"wp:featuredmedia":[{"embeddable":true,"href":"https:\/\/purassima.com\/it\/wp-json\/wp\/v2\/media\/1708"}],"wp:attachment":[{"href":"https:\/\/purassima.com\/it\/wp-json\/wp\/v2\/media?parent=2618"}],"wp:term":[{"taxonomy":"product_brand","embeddable":true,"href":"https:\/\/purassima.com\/it\/wp-json\/wp\/v2\/product_brand?post=2618"},{"taxonomy":"product_cat","embeddable":true,"href":"https:\/\/purassima.com\/it\/wp-json\/wp\/v2\/product_cat?post=2618"},{"taxonomy":"product_tag","embeddable":true,"href":"https:\/\/purassima.com\/it\/wp-json\/wp\/v2\/product_tag?post=2618"}],"curies":[{"name":"wp","href":"https:\/\/api.w.org\/{rel}","templated":true}]}}