{"id":2623,"date":"2025-07-25T09:12:30","date_gmt":"2025-07-25T09:12:30","guid":{"rendered":"https:\/\/purassima.com\/product\/eracle-osmosi-inversa\/"},"modified":"2025-07-31T07:31:55","modified_gmt":"2025-07-31T07:31:55","slug":"eracle-osmosi-inversa","status":"publish","type":"product","link":"https:\/\/purassima.com\/it\/product\/eracle-osmosi-inversa\/","title":{"rendered":"Eracle &#8211; osmosi inversa"},"content":{"rendered":"\t\t<div data-elementor-type=\"product-post\" data-elementor-id=\"2623\" class=\"elementor elementor-2623 elementor-582\" data-elementor-post-type=\"product\">\n\t\t\t\t<div class=\"elementor-element elementor-element-1fdfc21e e-flex e-con-boxed e-con e-parent\" data-id=\"1fdfc21e\" data-element_type=\"container\" data-e-type=\"container\">\n\t\t\t\t\t<div class=\"e-con-inner\">\n\t\t\t\t<div class=\"elementor-element elementor-element-5c7ab189 elementor-widget elementor-widget-text-editor\" data-id=\"5c7ab189\" data-element_type=\"widget\" data-e-type=\"widget\" data-widget_type=\"text-editor.default\">\n\t\t\t\t\t\t\t\t\tMarca: Purissima\nModello: Eracle\nProdotto: sistema di filtraggio dell&#8217;acqua\nMetodo: osmosi inversa (RO)\nFiltri: 4 filtri &#8211; 4 fasi di filtrazione\nInstallazione: s\u00ec\/installatore\n\nAPPLICAZIONE\n&#8211; famiglie: lavello della cucina\n&#8211; attivit\u00e0 commerciali\/uffici: lavello della cucina\n\nPurassima Heracles \u00e8 uno dei sistemi compatti sul mercato. Questo sistema di filtraggio dell&#8217;acqua ad osmosi inversa \u00e8 dotato di una pompa per mantenere uniforme la pressione. Il sistema \u00e8 dotato di membrana da 75 GPD, serbatoio di accumulo in acciaio inox da 8 litri e acqua-stop per evitare possibili perdite d&#8217;acqua.  \n\nL&#8217;osmosi inversa \u00e8 un sistema di filtrazione dell&#8217;acqua con la dimensione pi\u00f9 piccola dei pori della membrana pari a 0,0001 micron. Dopo che l&#8217;acqua passa attraverso un sistema ad osmosi inversa, offre l&#8217;acqua pi\u00f9 pura di tutti i metodi di filtrazione. Il 95-99% dell&#8217;inquinamento viene filtrato, inclusi: cloro, fluoro, batteri, virus, parassiti, microplastiche, GenX, PFAS, pesticidi, metalli pesanti e altri prodotti chimici.  \n\nSPECIFICHE\n<ul class=\"uk-list uk-list-line\">\n \t<li>Membrana: 75 GPD (galloni al giorno)<\/li>\n \t<li><i class=\"uk-theme-icon-check\"><\/i> La consegna include pompa, serbatoio (8 litri), rubinetto, tubo dell&#8217;acqua e staffe.<\/li>\n \t<li><i class=\"uk-theme-icon-check\"><\/i> Filtri: 4<\/li>\n \t<li><i class=\"uk-theme-icon-check\"><\/i> Dimensioni: 425x245x390 mm \/ peso: 9 kg.<\/li>\n \t<li><i class=\"uk-theme-icon-check\"><\/i> Prezzo: \u20ac 599,- (iva inclusa)<\/li>\n<\/ul>\nINSTALLAZIONE\nQuesto sistema ad osmosi inversa richiede l&#8217;installazione nella tua cucina. Puoi chiedere a un idraulico di installare professionalmente il sistema per te. Tutte le parti (rubinetto, rubinetto dell&#8217;acqua e raccordi) sono incluse.  \n\nIl sistema di trattamento dell&#8217;acqua ad osmosi inversa \u00e8 l&#8217;investimento migliore e pi\u00f9 prezioso per l&#8217;acqua potabile sana e sicura.\t\t\t\t\t\t\t\t<\/div>\n\t\t\t\t\t<\/div>\n\t\t\t\t<\/div>\n\t\t<div class=\"elementor-element elementor-element-42a1d07 e-flex e-con-boxed e-con e-parent\" data-id=\"42a1d07\" data-element_type=\"container\" data-e-type=\"container\">\n\t\t\t\t\t<div class=\"e-con-inner\">\n\t\t\t\t<div class=\"elementor-element elementor-element-46db1cf elementor-widget elementor-widget-heading\" data-id=\"46db1cf\" data-element_type=\"widget\" data-e-type=\"widget\" data-widget_type=\"heading.default\">\n\t\t\t\t\t<h2 class=\"elementor-heading-title elementor-size-default\">Scarica PDF<\/h2>\t\t\t\t<\/div>\n\t\t<div data-ha-element-link=\"{&quot;url&quot;:&quot;https:\\\/\\\/purassima.com\\\/wp-content\\\/uploads\\\/2025\\\/07\\\/Purassima_brochure_EN-6.pdf&quot;,&quot;is_external&quot;:&quot;on&quot;,&quot;nofollow&quot;:&quot;&quot;}\" style=\"cursor: pointer\" class=\"elementor-element elementor-element-8db7cd1 e-con-full e-flex e-con e-child\" data-id=\"8db7cd1\" data-element_type=\"container\" data-e-type=\"container\" data-settings=\"{&quot;background_background&quot;:&quot;classic&quot;}\">\n\t\t<div class=\"elementor-element elementor-element-354d0df e-con-full e-flex e-con e-child\" data-id=\"354d0df\" data-element_type=\"container\" data-e-type=\"container\">\n\t\t\t\t<div class=\"elementor-element elementor-element-c9bd20e elementor-widget elementor-widget-image\" data-id=\"c9bd20e\" data-element_type=\"widget\" data-e-type=\"widget\" data-widget_type=\"image.default\">\n\t\t\t\t\t\t\t\t\t\t\t\t\t\t\t<img fetchpriority=\"high\" decoding=\"async\" width=\"800\" height=\"893\" src=\"https:\/\/purassima.com\/wp-content\/uploads\/2025\/07\/PDF_icon.webp\" class=\"attachment-large size-large wp-image-2767\" alt=\"\" srcset=\"https:\/\/purassima.com\/wp-content\/uploads\/2025\/07\/PDF_icon.webp 820w, https:\/\/purassima.com\/wp-content\/uploads\/2025\/07\/PDF_icon-269x300.webp 269w, https:\/\/purassima.com\/wp-content\/uploads\/2025\/07\/PDF_icon-768x857.webp 768w, https:\/\/purassima.com\/wp-content\/uploads\/2025\/07\/PDF_icon-600x670.webp 600w\" sizes=\"(max-width: 800px) 100vw, 800px\" \/>\t\t\t\t\t\t\t\t\t\t\t\t\t\t\t<\/div>\n\t\t\t\t<\/div>\n\t\t<div class=\"elementor-element elementor-element-3126279 e-con-full e-flex e-con e-child\" data-id=\"3126279\" data-element_type=\"container\" data-e-type=\"container\">\n\t\t\t\t<div class=\"elementor-element elementor-element-5e8c794 elementor-widget elementor-widget-heading\" data-id=\"5e8c794\" data-element_type=\"widget\" data-e-type=\"widget\" data-widget_type=\"heading.default\">\n\t\t\t\t\t<h2 class=\"elementor-heading-title elementor-size-default\">Sistemi di brochure Purissima<\/h2>\t\t\t\t<\/div>\n\t\t\t\t<div class=\"elementor-element elementor-element-8ea2d5c elementor-widget elementor-widget-text-editor\" data-id=\"8ea2d5c\" data-element_type=\"widget\" data-e-type=\"widget\" data-widget_type=\"text-editor.default\">\n\t\t\t\t\t\t\t\t\t(550.61 KB)\n\n\t\t\t\t\t\t\t\t<\/div>\n\t\t\t\t<\/div>\n\t\t\t\t<\/div>\n\t\t\t\t\t<\/div>\n\t\t\t\t<\/div>\n\t\t\t\t<\/div>\n\t\t","protected":false},"excerpt":{"rendered":"<p><strong>VANTAGGI<\/strong><\/p>\n<ul>\n<li>ogni giorno acqua pura<\/li>\n<li>miglioramento della salute<\/li>\n<li>delizioso caff\u00e8, t\u00e8, limonata, frullati, ecc.<\/li>\n<li>Economico nell&#8217;uso (risparmio: \u20ac 400,- p\/p p\/a)<\/li>\n<li> non dovrai pi\u00f9 trascinarti dietro l&#8217;acqua minerale<\/li>\n<li>ecologico e ecologico soluzione sostenibile<\/li>\n<\/ul>\n<p><strong>RISPARMIO: \u20ac 438,- a persona all&#8217;anno!<br \/>\n<\/strong>L&#8217;uso di un filtro per l&#8217;acqua offre molti benefici per la salute, ma comporta anche un notevole risparmio sull&#8217;inquinamento ambientale (petrolio, plastica e trasporti), per non parlare del trasporto di centinaia di litri d&#8217;acqua all&#8217;anno! Ma non \u00e8 tutto, in pi\u00f9 c&#8217;\u00e8 anche il risparmio finanziario. <\/p>\n<p>In media 1 litro di acqua del rubinetto costa 0,05 \u20ac, l&#8217;acqua minerale costa 0,60 \u20ac al litro.<br \/>\nSupponiamo di bere 2 litri al giorno per persona:<br \/>\nFiltro acqua: \u20ac 0,05 x 2 litri x 365 (giorni) = \u20ac 36,50 a persona all&#8217;anno.<br \/>\nAcqua minerale: \u20ac 0,60 x 2 litri x 365 (giorni) = \u20ac 438,- per persona all&#8217;anno.<\/p>\n","protected":false},"featured_media":1743,"comment_status":"open","ping_status":"closed","template":"","meta":{"_acf_changed":false},"product_brand":[],"product_cat":[82],"product_tag":[],"class_list":{"0":"post-2623","1":"product","2":"type-product","3":"status-publish","4":"has-post-thumbnail","6":"product_cat-osmosi-inversa","8":"first","9":"instock","10":"shipping-taxable","11":"purchasable","12":"product-type-simple"},"acf":[],"yoast_head":"<!-- This site is optimized with the Yoast SEO plugin v27.4 - https:\/\/yoast.com\/product\/yoast-seo-wordpress\/ -->\n<title>Eracle - osmosi inversa - Purassima<\/title>\n<meta name=\"robots\" content=\"index, follow, max-snippet:-1, max-image-preview:large, max-video-preview:-1\" \/>\n<link rel=\"canonical\" href=\"https:\/\/purassima.com\/it\/product\/eracle-osmosi-inversa\/\" \/>\n<meta property=\"og:locale\" content=\"it_IT\" \/>\n<meta property=\"og:type\" content=\"article\" \/>\n<meta property=\"og:title\" content=\"Eracle - osmosi inversa - Purassima\" \/>\n<meta property=\"og:description\" content=\"VANTAGGI   ogni giorno acqua pura  miglioramento della salute  delizioso caff\u00e8, t\u00e8, limonata, frullati, ecc.  Economico nell&#039;uso (risparmio: \u20ac 400,- p\/p p\/a)   non dovrai pi\u00f9 trascinarti dietro l&#039;acqua minerale  ecologico e ecologico soluzione sostenibile  RISPARMIO: \u20ac 438,- a persona all&#039;anno! L&#039;uso di un filtro per l&#039;acqua offre molti benefici per la salute, ma comporta anche un notevole risparmio sull&#039;inquinamento ambientale (petrolio, plastica e trasporti), per non parlare del trasporto di centinaia di litri d&#039;acqua all&#039;anno! Ma non \u00e8 tutto, in pi\u00f9 c&#039;\u00e8 anche il risparmio finanziario.   In media 1 litro di acqua del rubinetto costa 0,05 \u20ac, l&#039;acqua minerale costa 0,60 \u20ac al litro. Supponiamo di bere 2 litri al giorno per persona: Filtro acqua: \u20ac 0,05 x 2 litri x 365 (giorni) = \u20ac 36,50 a persona all&#039;anno. Acqua minerale: \u20ac 0,60 x 2 litri x 365 (giorni) = \u20ac 438,- per persona all&#039;anno.\" \/>\n<meta property=\"og:url\" content=\"https:\/\/purassima.com\/it\/product\/eracle-osmosi-inversa\/\" \/>\n<meta property=\"og:site_name\" content=\"Purassima\" \/>\n<meta property=\"article:modified_time\" content=\"2025-07-31T07:31:55+00:00\" \/>\n<meta property=\"og:image\" content=\"https:\/\/purassima.com\/wp-content\/uploads\/2025\/07\/Heracles_photo1.webp\" \/>\n\t<meta property=\"og:image:width\" content=\"1200\" \/>\n\t<meta property=\"og:image:height\" content=\"1200\" \/>\n\t<meta property=\"og:image:type\" content=\"image\/webp\" \/>\n<meta name=\"twitter:card\" content=\"summary_large_image\" \/>\n<meta name=\"twitter:label1\" content=\"Tempo di lettura stimato\" \/>\n\t<meta name=\"twitter:data1\" content=\"2 minuti\" \/>\n<script type=\"application\/ld+json\" class=\"yoast-schema-graph\">{\"@context\":\"https:\\\/\\\/schema.org\",\"@graph\":[{\"@type\":\"WebPage\",\"@id\":\"https:\\\/\\\/purassima.com\\\/it\\\/product\\\/eracle-osmosi-inversa\\\/\",\"url\":\"https:\\\/\\\/purassima.com\\\/it\\\/product\\\/eracle-osmosi-inversa\\\/\",\"name\":\"Eracle - osmosi inversa - Purassima\",\"isPartOf\":{\"@id\":\"https:\\\/\\\/purassima.com\\\/it\\\/#website\"},\"primaryImageOfPage\":{\"@id\":\"https:\\\/\\\/purassima.com\\\/it\\\/product\\\/eracle-osmosi-inversa\\\/#primaryimage\"},\"image\":{\"@id\":\"https:\\\/\\\/purassima.com\\\/it\\\/product\\\/eracle-osmosi-inversa\\\/#primaryimage\"},\"thumbnailUrl\":\"https:\\\/\\\/purassima.com\\\/wp-content\\\/uploads\\\/2025\\\/07\\\/Heracles_photo1.webp\",\"datePublished\":\"2025-07-25T09:12:30+00:00\",\"dateModified\":\"2025-07-31T07:31:55+00:00\",\"breadcrumb\":{\"@id\":\"https:\\\/\\\/purassima.com\\\/it\\\/product\\\/eracle-osmosi-inversa\\\/#breadcrumb\"},\"inLanguage\":\"it-IT\",\"potentialAction\":[{\"@type\":\"ReadAction\",\"target\":[\"https:\\\/\\\/purassima.com\\\/it\\\/product\\\/eracle-osmosi-inversa\\\/\"]}]},{\"@type\":\"ImageObject\",\"inLanguage\":\"it-IT\",\"@id\":\"https:\\\/\\\/purassima.com\\\/it\\\/product\\\/eracle-osmosi-inversa\\\/#primaryimage\",\"url\":\"https:\\\/\\\/purassima.com\\\/wp-content\\\/uploads\\\/2025\\\/07\\\/Heracles_photo1.webp\",\"contentUrl\":\"https:\\\/\\\/purassima.com\\\/wp-content\\\/uploads\\\/2025\\\/07\\\/Heracles_photo1.webp\",\"width\":1200,\"height\":1200},{\"@type\":\"BreadcrumbList\",\"@id\":\"https:\\\/\\\/purassima.com\\\/it\\\/product\\\/eracle-osmosi-inversa\\\/#breadcrumb\",\"itemListElement\":[{\"@type\":\"ListItem\",\"position\":1,\"name\":\"Home\",\"item\":\"https:\\\/\\\/purassima.com\\\/it\\\/casa\\\/\"},{\"@type\":\"ListItem\",\"position\":2,\"name\":\"Collections\",\"item\":\"https:\\\/\\\/purassima.com\\\/collections\\\/\"},{\"@type\":\"ListItem\",\"position\":3,\"name\":\"Eracle &#8211; osmosi inversa\"}]},{\"@type\":\"WebSite\",\"@id\":\"https:\\\/\\\/purassima.com\\\/it\\\/#website\",\"url\":\"https:\\\/\\\/purassima.com\\\/it\\\/\",\"name\":\"purassima\",\"description\":\"\",\"potentialAction\":[{\"@type\":\"SearchAction\",\"target\":{\"@type\":\"EntryPoint\",\"urlTemplate\":\"https:\\\/\\\/purassima.com\\\/it\\\/?s={search_term_string}\"},\"query-input\":{\"@type\":\"PropertyValueSpecification\",\"valueRequired\":true,\"valueName\":\"search_term_string\"}}],\"inLanguage\":\"it-IT\"}]}<\/script>\n<!-- \/ Yoast SEO plugin. -->","yoast_head_json":{"title":"Eracle - osmosi inversa - Purassima","robots":{"index":"index","follow":"follow","max-snippet":"max-snippet:-1","max-image-preview":"max-image-preview:large","max-video-preview":"max-video-preview:-1"},"canonical":"https:\/\/purassima.com\/it\/product\/eracle-osmosi-inversa\/","og_locale":"it_IT","og_type":"article","og_title":"Eracle - osmosi inversa - Purassima","og_description":"VANTAGGI   ogni giorno acqua pura  miglioramento della salute  delizioso caff\u00e8, t\u00e8, limonata, frullati, ecc.  Economico nell'uso (risparmio: \u20ac 400,- p\/p p\/a)   non dovrai pi\u00f9 trascinarti dietro l'acqua minerale  ecologico e ecologico soluzione sostenibile  RISPARMIO: \u20ac 438,- a persona all'anno! L'uso di un filtro per l'acqua offre molti benefici per la salute, ma comporta anche un notevole risparmio sull'inquinamento ambientale (petrolio, plastica e trasporti), per non parlare del trasporto di centinaia di litri d'acqua all'anno! Ma non \u00e8 tutto, in pi\u00f9 c'\u00e8 anche il risparmio finanziario.   In media 1 litro di acqua del rubinetto costa 0,05 \u20ac, l'acqua minerale costa 0,60 \u20ac al litro. Supponiamo di bere 2 litri al giorno per persona: Filtro acqua: \u20ac 0,05 x 2 litri x 365 (giorni) = \u20ac 36,50 a persona all'anno. Acqua minerale: \u20ac 0,60 x 2 litri x 365 (giorni) = \u20ac 438,- per persona all'anno.","og_url":"https:\/\/purassima.com\/it\/product\/eracle-osmosi-inversa\/","og_site_name":"Purassima","article_modified_time":"2025-07-31T07:31:55+00:00","og_image":[{"width":1200,"height":1200,"url":"https:\/\/purassima.com\/wp-content\/uploads\/2025\/07\/Heracles_photo1.webp","type":"image\/webp"}],"twitter_card":"summary_large_image","twitter_misc":{"Tempo di lettura stimato":"2 minuti"},"schema":{"@context":"https:\/\/schema.org","@graph":[{"@type":"WebPage","@id":"https:\/\/purassima.com\/it\/product\/eracle-osmosi-inversa\/","url":"https:\/\/purassima.com\/it\/product\/eracle-osmosi-inversa\/","name":"Eracle - osmosi inversa - Purassima","isPartOf":{"@id":"https:\/\/purassima.com\/it\/#website"},"primaryImageOfPage":{"@id":"https:\/\/purassima.com\/it\/product\/eracle-osmosi-inversa\/#primaryimage"},"image":{"@id":"https:\/\/purassima.com\/it\/product\/eracle-osmosi-inversa\/#primaryimage"},"thumbnailUrl":"https:\/\/purassima.com\/wp-content\/uploads\/2025\/07\/Heracles_photo1.webp","datePublished":"2025-07-25T09:12:30+00:00","dateModified":"2025-07-31T07:31:55+00:00","breadcrumb":{"@id":"https:\/\/purassima.com\/it\/product\/eracle-osmosi-inversa\/#breadcrumb"},"inLanguage":"it-IT","potentialAction":[{"@type":"ReadAction","target":["https:\/\/purassima.com\/it\/product\/eracle-osmosi-inversa\/"]}]},{"@type":"ImageObject","inLanguage":"it-IT","@id":"https:\/\/purassima.com\/it\/product\/eracle-osmosi-inversa\/#primaryimage","url":"https:\/\/purassima.com\/wp-content\/uploads\/2025\/07\/Heracles_photo1.webp","contentUrl":"https:\/\/purassima.com\/wp-content\/uploads\/2025\/07\/Heracles_photo1.webp","width":1200,"height":1200},{"@type":"BreadcrumbList","@id":"https:\/\/purassima.com\/it\/product\/eracle-osmosi-inversa\/#breadcrumb","itemListElement":[{"@type":"ListItem","position":1,"name":"Home","item":"https:\/\/purassima.com\/it\/casa\/"},{"@type":"ListItem","position":2,"name":"Collections","item":"https:\/\/purassima.com\/collections\/"},{"@type":"ListItem","position":3,"name":"Eracle &#8211; osmosi inversa"}]},{"@type":"WebSite","@id":"https:\/\/purassima.com\/it\/#website","url":"https:\/\/purassima.com\/it\/","name":"purassima","description":"","potentialAction":[{"@type":"SearchAction","target":{"@type":"EntryPoint","urlTemplate":"https:\/\/purassima.com\/it\/?s={search_term_string}"},"query-input":{"@type":"PropertyValueSpecification","valueRequired":true,"valueName":"search_term_string"}}],"inLanguage":"it-IT"}]}},"_links":{"self":[{"href":"https:\/\/purassima.com\/it\/wp-json\/wp\/v2\/product\/2623","targetHints":{"allow":["GET"]}}],"collection":[{"href":"https:\/\/purassima.com\/it\/wp-json\/wp\/v2\/product"}],"about":[{"href":"https:\/\/purassima.com\/it\/wp-json\/wp\/v2\/types\/product"}],"replies":[{"embeddable":true,"href":"https:\/\/purassima.com\/it\/wp-json\/wp\/v2\/comments?post=2623"}],"version-history":[{"count":4,"href":"https:\/\/purassima.com\/it\/wp-json\/wp\/v2\/product\/2623\/revisions"}],"predecessor-version":[{"id":3014,"href":"https:\/\/purassima.com\/it\/wp-json\/wp\/v2\/product\/2623\/revisions\/3014"}],"wp:featuredmedia":[{"embeddable":true,"href":"https:\/\/purassima.com\/it\/wp-json\/wp\/v2\/media\/1743"}],"wp:attachment":[{"href":"https:\/\/purassima.com\/it\/wp-json\/wp\/v2\/media?parent=2623"}],"wp:term":[{"taxonomy":"product_brand","embeddable":true,"href":"https:\/\/purassima.com\/it\/wp-json\/wp\/v2\/product_brand?post=2623"},{"taxonomy":"product_cat","embeddable":true,"href":"https:\/\/purassima.com\/it\/wp-json\/wp\/v2\/product_cat?post=2623"},{"taxonomy":"product_tag","embeddable":true,"href":"https:\/\/purassima.com\/it\/wp-json\/wp\/v2\/product_tag?post=2623"}],"curies":[{"name":"wp","href":"https:\/\/api.w.org\/{rel}","templated":true}]}}