{"id":2668,"date":"2025-07-25T09:43:27","date_gmt":"2025-07-25T09:43:27","guid":{"rendered":"https:\/\/purassima.com\/product\/sparta-erogatore-ad-osmosi-inversa-2\/"},"modified":"2025-07-31T07:31:02","modified_gmt":"2025-07-31T07:31:02","slug":"sparta-erogatore-ad-osmosi-inversa-2","status":"publish","type":"product","link":"https:\/\/purassima.com\/it\/product\/sparta-erogatore-ad-osmosi-inversa-2\/","title":{"rendered":"Sparta &#8211; erogatore ad osmosi inversa"},"content":{"rendered":"\t\t<div data-elementor-type=\"product-post\" data-elementor-id=\"2668\" class=\"elementor elementor-2668 elementor-619\" data-elementor-post-type=\"product\">\n\t\t\t\t<div class=\"elementor-element elementor-element-22d30ebc e-flex e-con-boxed e-con e-parent\" data-id=\"22d30ebc\" data-element_type=\"container\" data-e-type=\"container\">\n\t\t\t\t\t<div class=\"e-con-inner\">\n\t\t\t\t<div class=\"elementor-element elementor-element-76c73bbe elementor-widget elementor-widget-text-editor\" data-id=\"76c73bbe\" data-element_type=\"widget\" data-e-type=\"widget\" data-widget_type=\"text-editor.default\">\n\t\t\t\t\t\t\t\t\tMarca: Purissima\nModello: Sparta\nProdotto: sistema di filtraggio dell&#8217;acqua &#8211; dispenser (da banco)\nMetodo: ultrafiltrazione (UF)\nFiltro: 3 filtri (4 fasi)\nElettricit\u00e0: 230 volt\nInstallazione: non necessaria\n\nAPPLICAZIONE:\n&#8211; famiglie: cucina\n&#8211; attivit\u00e0 commerciali\/uffici: cucina\/sala riunioni\n&#8211; mobile: roulotte, camper o barca\n\nPurassima Olympus \u00e8 un modello da banco (dispenser) basato sul metodo dell&#8217;osmosi inversa (RO). Questo modello non richiede installazione, solo elettricit\u00e0. \n\nMETODO DELL&#8217;OSMOSI INVERSA\nL&#8217;osmosi inversa (RO) ha la membrana pi\u00f9 piccola di 0,0001 micron. Ci\u00f2 consente all&#8217;osmosi inversa (RO) di filtrare il 95-99% delle impurit\u00e0 come (tra gli altri): cloro, fluoro, batteri, virus, parassiti, microplastiche, GenX, PFAS, pesticidi e metalli pesanti. \n\nSPECIFICHE\nCapacit\u00e0 di filtrazione: 130ml\/min.\nCapacit\u00e0 del serbatoio: 3 litri\nSerbatoio di scarico: 1 litro\nFiltri: 3 filtri \/ 4 stadi\nDimensioni: 387x200x450 mm\nPeso: 7,3kg.\n\nASSEMBLEA &amp; INSTALLAZIONE\nQuesto dispenser NON richiede installazione. Puoi usarlo come una macchina da caff\u00e8, hai solo bisogno di elettricit\u00e0. \t\t\t\t\t\t\t\t<\/div>\n\t\t\t\t\t<\/div>\n\t\t\t\t<\/div>\n\t\t<div class=\"elementor-element elementor-element-68ffecf e-flex e-con-boxed e-con e-parent\" data-id=\"68ffecf\" data-element_type=\"container\" data-e-type=\"container\">\n\t\t\t\t\t<div class=\"e-con-inner\">\n\t\t\t\t<div class=\"elementor-element elementor-element-f0a7ecf elementor-widget elementor-widget-heading\" data-id=\"f0a7ecf\" data-element_type=\"widget\" data-e-type=\"widget\" data-widget_type=\"heading.default\">\n\t\t\t\t\t<h2 class=\"elementor-heading-title elementor-size-default\">Scarica PDF<\/h2>\t\t\t\t<\/div>\n\t\t<div data-ha-element-link=\"{&quot;url&quot;:&quot;https:\\\/\\\/purassima.com\\\/wp-content\\\/uploads\\\/2025\\\/07\\\/Purassima_brochure_EN.pdf&quot;,&quot;is_external&quot;:&quot;on&quot;,&quot;nofollow&quot;:&quot;&quot;}\" style=\"cursor: pointer\" class=\"elementor-element elementor-element-611bd7f e-con-full e-flex e-con e-child\" data-id=\"611bd7f\" data-element_type=\"container\" data-e-type=\"container\" data-settings=\"{&quot;background_background&quot;:&quot;classic&quot;}\">\n\t\t<div class=\"elementor-element elementor-element-6dbb35f e-con-full e-flex e-con e-child\" data-id=\"6dbb35f\" data-element_type=\"container\" data-e-type=\"container\">\n\t\t\t\t<div class=\"elementor-element elementor-element-a8148f4 elementor-widget elementor-widget-image\" data-id=\"a8148f4\" data-element_type=\"widget\" data-e-type=\"widget\" data-widget_type=\"image.default\">\n\t\t\t\t\t\t\t\t\t\t\t\t\t\t\t<img fetchpriority=\"high\" decoding=\"async\" width=\"800\" height=\"893\" src=\"https:\/\/purassima.com\/wp-content\/uploads\/2025\/07\/PDF_icon.webp\" class=\"attachment-large size-large wp-image-2767\" alt=\"\" srcset=\"https:\/\/purassima.com\/wp-content\/uploads\/2025\/07\/PDF_icon.webp 820w, https:\/\/purassima.com\/wp-content\/uploads\/2025\/07\/PDF_icon-269x300.webp 269w, https:\/\/purassima.com\/wp-content\/uploads\/2025\/07\/PDF_icon-768x857.webp 768w, https:\/\/purassima.com\/wp-content\/uploads\/2025\/07\/PDF_icon-600x670.webp 600w\" sizes=\"(max-width: 800px) 100vw, 800px\" \/>\t\t\t\t\t\t\t\t\t\t\t\t\t\t\t<\/div>\n\t\t\t\t<\/div>\n\t\t<div class=\"elementor-element elementor-element-196437b e-con-full e-flex e-con e-child\" data-id=\"196437b\" data-element_type=\"container\" data-e-type=\"container\">\n\t\t\t\t<div class=\"elementor-element elementor-element-49b471f elementor-widget elementor-widget-heading\" data-id=\"49b471f\" data-element_type=\"widget\" data-e-type=\"widget\" data-widget_type=\"heading.default\">\n\t\t\t\t\t<h2 class=\"elementor-heading-title elementor-size-default\">Sistemi di brochure Purissima<\/h2>\t\t\t\t<\/div>\n\t\t\t\t<div class=\"elementor-element elementor-element-3b5652d elementor-widget elementor-widget-text-editor\" data-id=\"3b5652d\" data-element_type=\"widget\" data-e-type=\"widget\" data-widget_type=\"text-editor.default\">\n\t\t\t\t\t\t\t\t\t(550.61 KB)\n\n\t\t\t\t\t\t\t\t<\/div>\n\t\t\t\t<\/div>\n\t\t\t\t<\/div>\n\t\t<div data-ha-element-link=\"{&quot;url&quot;:&quot;https:\\\/\\\/purassima.com\\\/wp-content\\\/uploads\\\/2025\\\/07\\\/Dispensers_web_folder_NL-4.pdf&quot;,&quot;is_external&quot;:&quot;on&quot;,&quot;nofollow&quot;:&quot;&quot;}\" style=\"cursor: pointer\" class=\"elementor-element elementor-element-f58bab0 e-con-full e-flex e-con e-child\" data-id=\"f58bab0\" data-element_type=\"container\" data-e-type=\"container\" data-settings=\"{&quot;background_background&quot;:&quot;classic&quot;}\">\n\t\t<div class=\"elementor-element elementor-element-ac3c44c e-con-full e-flex e-con e-child\" data-id=\"ac3c44c\" data-element_type=\"container\" data-e-type=\"container\">\n\t\t\t\t<div class=\"elementor-element elementor-element-7bc06e4 elementor-widget elementor-widget-image\" data-id=\"7bc06e4\" data-element_type=\"widget\" data-e-type=\"widget\" data-widget_type=\"image.default\">\n\t\t\t\t\t\t\t\t\t\t\t\t\t\t\t<img fetchpriority=\"high\" decoding=\"async\" width=\"800\" height=\"893\" src=\"https:\/\/purassima.com\/wp-content\/uploads\/2025\/07\/PDF_icon.webp\" class=\"attachment-large size-large wp-image-2767\" alt=\"\" srcset=\"https:\/\/purassima.com\/wp-content\/uploads\/2025\/07\/PDF_icon.webp 820w, https:\/\/purassima.com\/wp-content\/uploads\/2025\/07\/PDF_icon-269x300.webp 269w, https:\/\/purassima.com\/wp-content\/uploads\/2025\/07\/PDF_icon-768x857.webp 768w, https:\/\/purassima.com\/wp-content\/uploads\/2025\/07\/PDF_icon-600x670.webp 600w\" sizes=\"(max-width: 800px) 100vw, 800px\" \/>\t\t\t\t\t\t\t\t\t\t\t\t\t\t\t<\/div>\n\t\t\t\t<\/div>\n\t\t<div class=\"elementor-element elementor-element-249423e e-con-full e-flex e-con e-child\" data-id=\"249423e\" data-element_type=\"container\" data-e-type=\"container\">\n\t\t\t\t<div class=\"elementor-element elementor-element-b8c0a9c elementor-widget elementor-widget-heading\" data-id=\"b8c0a9c\" data-element_type=\"widget\" data-e-type=\"widget\" data-widget_type=\"heading.default\">\n\t\t\t\t\t<h2 class=\"elementor-heading-title elementor-size-default\">Dispenser per brochure Purissima<\/h2>\t\t\t\t<\/div>\n\t\t\t\t<div class=\"elementor-element elementor-element-0789733 elementor-widget elementor-widget-text-editor\" data-id=\"0789733\" data-element_type=\"widget\" data-e-type=\"widget\" data-widget_type=\"text-editor.default\">\n\t\t\t\t\t\t\t\t\t(227.4 KB)\n\n\t\t\t\t\t\t\t\t<\/div>\n\t\t\t\t<\/div>\n\t\t\t\t<\/div>\n\t\t\t\t\t<\/div>\n\t\t\t\t<\/div>\n\t\t\t\t<\/div>\n\t\t","protected":false},"excerpt":{"rendered":"<p><strong>VANTAGGI<\/strong><\/p>\n<ul>\n<li>acqua pura ogni giorno<\/li>\n<li>miglioramento della salute<\/li>\n<li>delizioso caff\u00e8, t\u00e8, limonata, frullati, ecc.<\/li>\n<li>Economico nell&#8217;uso (risparmio: \u20ac 400,- p\/p p\/a)<\/li>\n<li> non dovrai pi\u00f9 trascinarti dietro l&#8217;acqua minerale<\/li>\n<li>ecologico e ecologico soluzione sostenibile<\/li>\n<li><strong>RISPARMIO: \u20ac 438,- a persona all&#8217;anno!<br \/>\n<\/strong>L&#8217;uso di un filtro per l&#8217;acqua offre molti benefici per la salute, ma comporta anche un notevole risparmio sull&#8217;inquinamento ambientale (petrolio, plastica e trasporti), per non parlare del trasporto di centinaia di litri d&#8217;acqua all&#8217;anno! Ma non \u00e8 tutto, in pi\u00f9 c&#8217;\u00e8 anche un risparmio economico. In media, 1 litro di acqua del rubinetto costa \u20ac 0,05, l&#8217;acqua minerale costa \u20ac 0,60 al litro.<br \/>\nSupponiamo di bere 2 litri al giorno per persona:<br \/>\nFiltro acqua: \u20ac 0,05 x 2 litri x 365 (giorni) = \u20ac 36,50 a persona all&#8217;anno.<br \/>\nAcqua minerale: \u20ac 0,60 x 2 litri x 365 (giorni) = \u20ac 438,- per persona all&#8217;anno. <\/li>\n<\/ul>\n","protected":false},"featured_media":1883,"comment_status":"open","ping_status":"closed","template":"","meta":{"_acf_changed":false},"product_brand":[],"product_cat":[98],"product_tag":[],"class_list":{"0":"post-2668","1":"product","2":"type-product","3":"status-publish","4":"has-post-thumbnail","6":"product_cat-distributori-di-filtri-per-acqua","8":"first","9":"instock","10":"shipping-taxable","11":"purchasable","12":"product-type-simple"},"acf":[],"yoast_head":"<!-- This site is optimized with the Yoast SEO plugin v27.4 - https:\/\/yoast.com\/product\/yoast-seo-wordpress\/ -->\n<title>Sparta - erogatore ad osmosi inversa - Purassima<\/title>\n<meta name=\"robots\" content=\"index, follow, max-snippet:-1, max-image-preview:large, max-video-preview:-1\" \/>\n<link rel=\"canonical\" href=\"https:\/\/purassima.com\/it\/product\/sparta-erogatore-ad-osmosi-inversa-2\/\" \/>\n<meta property=\"og:locale\" content=\"it_IT\" \/>\n<meta property=\"og:type\" content=\"article\" \/>\n<meta property=\"og:title\" content=\"Sparta - erogatore ad osmosi inversa - Purassima\" \/>\n<meta property=\"og:description\" content=\"VANTAGGI   acqua pura ogni giorno  miglioramento della salute  delizioso caff\u00e8, t\u00e8, limonata, frullati, ecc.  Economico nell&#039;uso (risparmio: \u20ac 400,- p\/p p\/a)   non dovrai pi\u00f9 trascinarti dietro l&#039;acqua minerale  ecologico e ecologico soluzione sostenibile  RISPARMIO: \u20ac 438,- a persona all&#039;anno! L&#039;uso di un filtro per l&#039;acqua offre molti benefici per la salute, ma comporta anche un notevole risparmio sull&#039;inquinamento ambientale (petrolio, plastica e trasporti), per non parlare del trasporto di centinaia di litri d&#039;acqua all&#039;anno! Ma non \u00e8 tutto, in pi\u00f9 c&#039;\u00e8 anche un risparmio economico. In media, 1 litro di acqua del rubinetto costa \u20ac 0,05, l&#039;acqua minerale costa \u20ac 0,60 al litro. Supponiamo di bere 2 litri al giorno per persona: Filtro acqua: \u20ac 0,05 x 2 litri x 365 (giorni) = \u20ac 36,50 a persona all&#039;anno. Acqua minerale: \u20ac 0,60 x 2 litri x 365 (giorni) = \u20ac 438,- per persona all&#039;anno.\" \/>\n<meta property=\"og:url\" content=\"https:\/\/purassima.com\/it\/product\/sparta-erogatore-ad-osmosi-inversa-2\/\" \/>\n<meta property=\"og:site_name\" content=\"Purassima\" \/>\n<meta property=\"article:modified_time\" content=\"2025-07-31T07:31:02+00:00\" \/>\n<meta property=\"og:image\" content=\"https:\/\/purassima.com\/wp-content\/uploads\/2025\/07\/sparta1-1.webp\" \/>\n\t<meta property=\"og:image:width\" content=\"700\" \/>\n\t<meta property=\"og:image:height\" content=\"707\" \/>\n\t<meta property=\"og:image:type\" content=\"image\/webp\" \/>\n<meta name=\"twitter:card\" content=\"summary_large_image\" \/>\n<meta name=\"twitter:label1\" content=\"Tempo di lettura stimato\" \/>\n\t<meta name=\"twitter:data1\" content=\"2 minuti\" \/>\n<script type=\"application\/ld+json\" class=\"yoast-schema-graph\">{\"@context\":\"https:\\\/\\\/schema.org\",\"@graph\":[{\"@type\":\"WebPage\",\"@id\":\"https:\\\/\\\/purassima.com\\\/it\\\/product\\\/sparta-erogatore-ad-osmosi-inversa-2\\\/\",\"url\":\"https:\\\/\\\/purassima.com\\\/it\\\/product\\\/sparta-erogatore-ad-osmosi-inversa-2\\\/\",\"name\":\"Sparta - erogatore ad osmosi inversa - Purassima\",\"isPartOf\":{\"@id\":\"https:\\\/\\\/purassima.com\\\/it\\\/#website\"},\"primaryImageOfPage\":{\"@id\":\"https:\\\/\\\/purassima.com\\\/it\\\/product\\\/sparta-erogatore-ad-osmosi-inversa-2\\\/#primaryimage\"},\"image\":{\"@id\":\"https:\\\/\\\/purassima.com\\\/it\\\/product\\\/sparta-erogatore-ad-osmosi-inversa-2\\\/#primaryimage\"},\"thumbnailUrl\":\"https:\\\/\\\/purassima.com\\\/wp-content\\\/uploads\\\/2025\\\/07\\\/sparta1-1.webp\",\"datePublished\":\"2025-07-25T09:43:27+00:00\",\"dateModified\":\"2025-07-31T07:31:02+00:00\",\"breadcrumb\":{\"@id\":\"https:\\\/\\\/purassima.com\\\/it\\\/product\\\/sparta-erogatore-ad-osmosi-inversa-2\\\/#breadcrumb\"},\"inLanguage\":\"it-IT\",\"potentialAction\":[{\"@type\":\"ReadAction\",\"target\":[\"https:\\\/\\\/purassima.com\\\/it\\\/product\\\/sparta-erogatore-ad-osmosi-inversa-2\\\/\"]}]},{\"@type\":\"ImageObject\",\"inLanguage\":\"it-IT\",\"@id\":\"https:\\\/\\\/purassima.com\\\/it\\\/product\\\/sparta-erogatore-ad-osmosi-inversa-2\\\/#primaryimage\",\"url\":\"https:\\\/\\\/purassima.com\\\/wp-content\\\/uploads\\\/2025\\\/07\\\/sparta1-1.webp\",\"contentUrl\":\"https:\\\/\\\/purassima.com\\\/wp-content\\\/uploads\\\/2025\\\/07\\\/sparta1-1.webp\",\"width\":700,\"height\":707},{\"@type\":\"BreadcrumbList\",\"@id\":\"https:\\\/\\\/purassima.com\\\/it\\\/product\\\/sparta-erogatore-ad-osmosi-inversa-2\\\/#breadcrumb\",\"itemListElement\":[{\"@type\":\"ListItem\",\"position\":1,\"name\":\"Home\",\"item\":\"https:\\\/\\\/purassima.com\\\/it\\\/casa\\\/\"},{\"@type\":\"ListItem\",\"position\":2,\"name\":\"Collections\",\"item\":\"https:\\\/\\\/purassima.com\\\/collections\\\/\"},{\"@type\":\"ListItem\",\"position\":3,\"name\":\"Sparta &#8211; erogatore ad osmosi inversa\"}]},{\"@type\":\"WebSite\",\"@id\":\"https:\\\/\\\/purassima.com\\\/it\\\/#website\",\"url\":\"https:\\\/\\\/purassima.com\\\/it\\\/\",\"name\":\"purassima\",\"description\":\"\",\"potentialAction\":[{\"@type\":\"SearchAction\",\"target\":{\"@type\":\"EntryPoint\",\"urlTemplate\":\"https:\\\/\\\/purassima.com\\\/it\\\/?s={search_term_string}\"},\"query-input\":{\"@type\":\"PropertyValueSpecification\",\"valueRequired\":true,\"valueName\":\"search_term_string\"}}],\"inLanguage\":\"it-IT\"}]}<\/script>\n<!-- \/ Yoast SEO plugin. -->","yoast_head_json":{"title":"Sparta - erogatore ad osmosi inversa - Purassima","robots":{"index":"index","follow":"follow","max-snippet":"max-snippet:-1","max-image-preview":"max-image-preview:large","max-video-preview":"max-video-preview:-1"},"canonical":"https:\/\/purassima.com\/it\/product\/sparta-erogatore-ad-osmosi-inversa-2\/","og_locale":"it_IT","og_type":"article","og_title":"Sparta - erogatore ad osmosi inversa - Purassima","og_description":"VANTAGGI   acqua pura ogni giorno  miglioramento della salute  delizioso caff\u00e8, t\u00e8, limonata, frullati, ecc.  Economico nell'uso (risparmio: \u20ac 400,- p\/p p\/a)   non dovrai pi\u00f9 trascinarti dietro l'acqua minerale  ecologico e ecologico soluzione sostenibile  RISPARMIO: \u20ac 438,- a persona all'anno! L'uso di un filtro per l'acqua offre molti benefici per la salute, ma comporta anche un notevole risparmio sull'inquinamento ambientale (petrolio, plastica e trasporti), per non parlare del trasporto di centinaia di litri d'acqua all'anno! Ma non \u00e8 tutto, in pi\u00f9 c'\u00e8 anche un risparmio economico. In media, 1 litro di acqua del rubinetto costa \u20ac 0,05, l'acqua minerale costa \u20ac 0,60 al litro. Supponiamo di bere 2 litri al giorno per persona: Filtro acqua: \u20ac 0,05 x 2 litri x 365 (giorni) = \u20ac 36,50 a persona all'anno. Acqua minerale: \u20ac 0,60 x 2 litri x 365 (giorni) = \u20ac 438,- per persona all'anno.","og_url":"https:\/\/purassima.com\/it\/product\/sparta-erogatore-ad-osmosi-inversa-2\/","og_site_name":"Purassima","article_modified_time":"2025-07-31T07:31:02+00:00","og_image":[{"width":700,"height":707,"url":"https:\/\/purassima.com\/wp-content\/uploads\/2025\/07\/sparta1-1.webp","type":"image\/webp"}],"twitter_card":"summary_large_image","twitter_misc":{"Tempo di lettura stimato":"2 minuti"},"schema":{"@context":"https:\/\/schema.org","@graph":[{"@type":"WebPage","@id":"https:\/\/purassima.com\/it\/product\/sparta-erogatore-ad-osmosi-inversa-2\/","url":"https:\/\/purassima.com\/it\/product\/sparta-erogatore-ad-osmosi-inversa-2\/","name":"Sparta - erogatore ad osmosi inversa - Purassima","isPartOf":{"@id":"https:\/\/purassima.com\/it\/#website"},"primaryImageOfPage":{"@id":"https:\/\/purassima.com\/it\/product\/sparta-erogatore-ad-osmosi-inversa-2\/#primaryimage"},"image":{"@id":"https:\/\/purassima.com\/it\/product\/sparta-erogatore-ad-osmosi-inversa-2\/#primaryimage"},"thumbnailUrl":"https:\/\/purassima.com\/wp-content\/uploads\/2025\/07\/sparta1-1.webp","datePublished":"2025-07-25T09:43:27+00:00","dateModified":"2025-07-31T07:31:02+00:00","breadcrumb":{"@id":"https:\/\/purassima.com\/it\/product\/sparta-erogatore-ad-osmosi-inversa-2\/#breadcrumb"},"inLanguage":"it-IT","potentialAction":[{"@type":"ReadAction","target":["https:\/\/purassima.com\/it\/product\/sparta-erogatore-ad-osmosi-inversa-2\/"]}]},{"@type":"ImageObject","inLanguage":"it-IT","@id":"https:\/\/purassima.com\/it\/product\/sparta-erogatore-ad-osmosi-inversa-2\/#primaryimage","url":"https:\/\/purassima.com\/wp-content\/uploads\/2025\/07\/sparta1-1.webp","contentUrl":"https:\/\/purassima.com\/wp-content\/uploads\/2025\/07\/sparta1-1.webp","width":700,"height":707},{"@type":"BreadcrumbList","@id":"https:\/\/purassima.com\/it\/product\/sparta-erogatore-ad-osmosi-inversa-2\/#breadcrumb","itemListElement":[{"@type":"ListItem","position":1,"name":"Home","item":"https:\/\/purassima.com\/it\/casa\/"},{"@type":"ListItem","position":2,"name":"Collections","item":"https:\/\/purassima.com\/collections\/"},{"@type":"ListItem","position":3,"name":"Sparta &#8211; erogatore ad osmosi inversa"}]},{"@type":"WebSite","@id":"https:\/\/purassima.com\/it\/#website","url":"https:\/\/purassima.com\/it\/","name":"purassima","description":"","potentialAction":[{"@type":"SearchAction","target":{"@type":"EntryPoint","urlTemplate":"https:\/\/purassima.com\/it\/?s={search_term_string}"},"query-input":{"@type":"PropertyValueSpecification","valueRequired":true,"valueName":"search_term_string"}}],"inLanguage":"it-IT"}]}},"_links":{"self":[{"href":"https:\/\/purassima.com\/it\/wp-json\/wp\/v2\/product\/2668","targetHints":{"allow":["GET"]}}],"collection":[{"href":"https:\/\/purassima.com\/it\/wp-json\/wp\/v2\/product"}],"about":[{"href":"https:\/\/purassima.com\/it\/wp-json\/wp\/v2\/types\/product"}],"replies":[{"embeddable":true,"href":"https:\/\/purassima.com\/it\/wp-json\/wp\/v2\/comments?post=2668"}],"version-history":[{"count":4,"href":"https:\/\/purassima.com\/it\/wp-json\/wp\/v2\/product\/2668\/revisions"}],"predecessor-version":[{"id":3009,"href":"https:\/\/purassima.com\/it\/wp-json\/wp\/v2\/product\/2668\/revisions\/3009"}],"wp:featuredmedia":[{"embeddable":true,"href":"https:\/\/purassima.com\/it\/wp-json\/wp\/v2\/media\/1883"}],"wp:attachment":[{"href":"https:\/\/purassima.com\/it\/wp-json\/wp\/v2\/media?parent=2668"}],"wp:term":[{"taxonomy":"product_brand","embeddable":true,"href":"https:\/\/purassima.com\/it\/wp-json\/wp\/v2\/product_brand?post=2668"},{"taxonomy":"product_cat","embeddable":true,"href":"https:\/\/purassima.com\/it\/wp-json\/wp\/v2\/product_cat?post=2668"},{"taxonomy":"product_tag","embeddable":true,"href":"https:\/\/purassima.com\/it\/wp-json\/wp\/v2\/product_tag?post=2668"}],"curies":[{"name":"wp","href":"https:\/\/api.w.org\/{rel}","templated":true}]}}