{"id":2676,"date":"2025-07-25T09:48:28","date_gmt":"2025-07-25T09:48:28","guid":{"rendered":"https:\/\/purassima.com\/product\/poseidon-erogatore-ad-osmosi-inversa-2\/"},"modified":"2025-07-31T07:30:47","modified_gmt":"2025-07-31T07:30:47","slug":"poseidon-erogatore-ad-osmosi-inversa-2","status":"publish","type":"product","link":"https:\/\/purassima.com\/it\/product\/poseidon-erogatore-ad-osmosi-inversa-2\/","title":{"rendered":"Poseidon &#8211; erogatore ad osmosi inversa"},"content":{"rendered":"\t\t<div data-elementor-type=\"product-post\" data-elementor-id=\"2676\" class=\"elementor elementor-2676 elementor-625\" data-elementor-post-type=\"product\">\n\t\t\t\t<div class=\"elementor-element elementor-element-59177d41 e-flex e-con-boxed e-con e-parent\" data-id=\"59177d41\" data-element_type=\"container\" data-e-type=\"container\">\n\t\t\t\t\t<div class=\"e-con-inner\">\n\t\t\t\t<div class=\"elementor-element elementor-element-4f9d050a elementor-widget elementor-widget-text-editor\" data-id=\"4f9d050a\" data-element_type=\"widget\" data-e-type=\"widget\" data-widget_type=\"text-editor.default\">\n\t\t\t\t\t\t\t\t\tMarca: Purissima\nModello: Poseidone\nProdotto: sistema di filtraggio dell&#8217;acqua &#8211; piano di lavoro\/dispenser\nMetodo: osmosi inversa (RO)\nFiltri: 1 filtro &#8211; 5 passaggi di filtrazione\nElettricit\u00e0: 230 volt\nInstallazione: non necessaria\n\nAPPLICAZIONE:\n&#8211; famiglie: cucina\n&#8211; attivit\u00e0 commerciali\/uffici: cucina\/sala riunioni\n&#8211; mobile: roulotte, camper o barca\n\nIl Poseidon \u00e8 un modello da banco basato sull&#8217;osmosi inversa. \u00c8 facile da usare e non necessita di installazione. \u00c8 possibile impostare la temperatura dell&#8217;acqua in 3 posizioni: 45\/80\/100 gradi Celsius. Il sistema \u00e8 dotato di indicatore del filtro e indicatore dell&#8217;acqua e ha una funzione autopulente.   \n\nL&#8217;osmosi inversa ha la membrana pi\u00f9 piccola di 0,0001 micron e quindi filtra il 95-99% delle impurit\u00e0 (tra le altre): cloro, fluoro, batteri, virus, parassiti, microplastiche, GenX, PFAS, pesticidi e metalli pesanti. Il Poseidon ha 1 filtro tutto in uno per 5 filtrazioni. Questo filtro \u00e8 molto facile da sostituire da solo.  \n\nSPECIFICHE\n<ul class=\"uk-list uk-list-line\">\n \t<li> Capacit\u00e0 serbatoio: 4 litri (esterno) 1 litro (interno)<\/li>\n \t<li><i class=\"uk-theme-icon-check\"><\/i> Produzione acqua fredda: 0,2 L\/min<\/li>\n \t<li><i class=\"uk-theme-icon-check\"><\/i> Produzione acqua calda: 0,4 L\/min<\/li>\n \t<li><i class=\"uk-theme-icon-check\"><\/i> Pressione dell&#8217;acqua richiesta: 0 ~ 0,1 MPa<\/li>\n \t<li><i class=\"uk-theme-icon-check\"><\/i> Peso: 8 kg.<\/li>\n \t<li><i class=\"uk-theme-icon-check\"><\/i> Dimensioni: 347 x 215 x 351 mm.<\/li>\n \t<li>\n<\/li><\/ul>\nINSTALLAZIONE &amp; ASSEMBLEA\nQuesto sistema non necessita di installazione! Il modello di lavandino ad osmosi inversa deve essere installato da un professionista e coster\u00e0 tra \u20ac 200,- e \u20ac 400,-. Risparmiate direttamente questi costi con questo modello da banco.  \t\t\t\t\t\t\t\t<\/div>\n\t\t\t\t\t<\/div>\n\t\t\t\t<\/div>\n\t\t<div class=\"elementor-element elementor-element-a85be2e e-flex e-con-boxed e-con e-parent\" data-id=\"a85be2e\" data-element_type=\"container\" data-e-type=\"container\">\n\t\t\t\t\t<div class=\"e-con-inner\">\n\t\t\t\t<div class=\"elementor-element elementor-element-599963e elementor-widget elementor-widget-heading\" data-id=\"599963e\" data-element_type=\"widget\" data-e-type=\"widget\" data-widget_type=\"heading.default\">\n\t\t\t\t\t<h2 class=\"elementor-heading-title elementor-size-default\">Scarica PDF<\/h2>\t\t\t\t<\/div>\n\t\t<div data-ha-element-link=\"{&quot;url&quot;:&quot;https:\\\/\\\/purassima.com\\\/wp-content\\\/uploads\\\/2025\\\/07\\\/Purassima_brochure_EN-12.pdf&quot;,&quot;is_external&quot;:&quot;on&quot;,&quot;nofollow&quot;:&quot;&quot;}\" style=\"cursor: pointer\" class=\"elementor-element elementor-element-bee4fe9 e-con-full e-flex e-con e-child\" data-id=\"bee4fe9\" data-element_type=\"container\" data-e-type=\"container\" data-settings=\"{&quot;background_background&quot;:&quot;classic&quot;}\">\n\t\t<div class=\"elementor-element elementor-element-058ccdc e-con-full e-flex e-con e-child\" data-id=\"058ccdc\" data-element_type=\"container\" data-e-type=\"container\">\n\t\t\t\t<div class=\"elementor-element elementor-element-eef1e8a elementor-widget elementor-widget-image\" data-id=\"eef1e8a\" data-element_type=\"widget\" data-e-type=\"widget\" data-widget_type=\"image.default\">\n\t\t\t\t\t\t\t\t\t\t\t\t\t\t\t<img fetchpriority=\"high\" decoding=\"async\" width=\"800\" height=\"893\" src=\"https:\/\/purassima.com\/wp-content\/uploads\/2025\/07\/PDF_icon.webp\" class=\"attachment-large size-large wp-image-2767\" alt=\"\" srcset=\"https:\/\/purassima.com\/wp-content\/uploads\/2025\/07\/PDF_icon.webp 820w, https:\/\/purassima.com\/wp-content\/uploads\/2025\/07\/PDF_icon-269x300.webp 269w, https:\/\/purassima.com\/wp-content\/uploads\/2025\/07\/PDF_icon-768x857.webp 768w, https:\/\/purassima.com\/wp-content\/uploads\/2025\/07\/PDF_icon-600x670.webp 600w\" sizes=\"(max-width: 800px) 100vw, 800px\" \/>\t\t\t\t\t\t\t\t\t\t\t\t\t\t\t<\/div>\n\t\t\t\t<\/div>\n\t\t<div class=\"elementor-element elementor-element-d84c726 e-con-full e-flex e-con e-child\" data-id=\"d84c726\" data-element_type=\"container\" data-e-type=\"container\">\n\t\t\t\t<div class=\"elementor-element elementor-element-167d024 elementor-widget elementor-widget-heading\" data-id=\"167d024\" data-element_type=\"widget\" data-e-type=\"widget\" data-widget_type=\"heading.default\">\n\t\t\t\t\t<h2 class=\"elementor-heading-title elementor-size-default\">Sistemi di brochure Purissima<\/h2>\t\t\t\t<\/div>\n\t\t\t\t<div class=\"elementor-element elementor-element-9d7358a elementor-widget elementor-widget-text-editor\" data-id=\"9d7358a\" data-element_type=\"widget\" data-e-type=\"widget\" data-widget_type=\"text-editor.default\">\n\t\t\t\t\t\t\t\t\t(550.61 KB)\n\n\t\t\t\t\t\t\t\t<\/div>\n\t\t\t\t<\/div>\n\t\t\t\t<\/div>\n\t\t<div data-ha-element-link=\"{&quot;url&quot;:&quot;https:\\\/\\\/purassima.com\\\/wp-content\\\/uploads\\\/2025\\\/07\\\/Dispensers_web_folder_NL-5.pdf&quot;,&quot;is_external&quot;:&quot;on&quot;,&quot;nofollow&quot;:&quot;&quot;}\" style=\"cursor: pointer\" class=\"elementor-element elementor-element-7428e9f e-con-full e-flex e-con e-child\" data-id=\"7428e9f\" data-element_type=\"container\" data-e-type=\"container\" data-settings=\"{&quot;background_background&quot;:&quot;classic&quot;}\">\n\t\t<div class=\"elementor-element elementor-element-142c5bf e-con-full e-flex e-con e-child\" data-id=\"142c5bf\" data-element_type=\"container\" data-e-type=\"container\">\n\t\t\t\t<div class=\"elementor-element elementor-element-f6ac212 elementor-widget elementor-widget-image\" data-id=\"f6ac212\" data-element_type=\"widget\" data-e-type=\"widget\" data-widget_type=\"image.default\">\n\t\t\t\t\t\t\t\t\t\t\t\t\t\t\t<img fetchpriority=\"high\" decoding=\"async\" width=\"800\" height=\"893\" src=\"https:\/\/purassima.com\/wp-content\/uploads\/2025\/07\/PDF_icon.webp\" class=\"attachment-large size-large wp-image-2767\" alt=\"\" srcset=\"https:\/\/purassima.com\/wp-content\/uploads\/2025\/07\/PDF_icon.webp 820w, https:\/\/purassima.com\/wp-content\/uploads\/2025\/07\/PDF_icon-269x300.webp 269w, https:\/\/purassima.com\/wp-content\/uploads\/2025\/07\/PDF_icon-768x857.webp 768w, https:\/\/purassima.com\/wp-content\/uploads\/2025\/07\/PDF_icon-600x670.webp 600w\" sizes=\"(max-width: 800px) 100vw, 800px\" \/>\t\t\t\t\t\t\t\t\t\t\t\t\t\t\t<\/div>\n\t\t\t\t<\/div>\n\t\t<div class=\"elementor-element elementor-element-f972183 e-con-full e-flex e-con e-child\" data-id=\"f972183\" data-element_type=\"container\" data-e-type=\"container\">\n\t\t\t\t<div class=\"elementor-element elementor-element-ce2dff8 elementor-widget elementor-widget-heading\" data-id=\"ce2dff8\" data-element_type=\"widget\" data-e-type=\"widget\" data-widget_type=\"heading.default\">\n\t\t\t\t\t<h2 class=\"elementor-heading-title elementor-size-default\">Dispenser per brochure Purissima<\/h2>\t\t\t\t<\/div>\n\t\t\t\t<div class=\"elementor-element elementor-element-bf71db1 elementor-widget elementor-widget-text-editor\" data-id=\"bf71db1\" data-element_type=\"widget\" data-e-type=\"widget\" data-widget_type=\"text-editor.default\">\n\t\t\t\t\t\t\t\t\t(227.4 KB)\n\n\t\t\t\t\t\t\t\t<\/div>\n\t\t\t\t<\/div>\n\t\t\t\t<\/div>\n\t\t\t\t\t<\/div>\n\t\t\t\t<\/div>\n\t\t\t\t<\/div>\n\t\t","protected":false},"excerpt":{"rendered":"<p><strong>VANTAGGI<\/strong><\/p>\n<ul>\n<li>ogni giorno acqua pura<\/li>\n<li>miglioramento della salute<\/li>\n<li>delizioso caff\u00e8, t\u00e8, limonata, frullati, ecc.<\/li>\n<li>Economico nell&#8217;uso (risparmio: \u20ac 400,- p\/p p\/a)<\/li>\n<li> non dovrai pi\u00f9 trascinarti dietro l&#8217;acqua minerale<\/li>\n<li>ecologico e ecologico soluzione sostenibile<\/li>\n<\/ul>\n<p><strong>RISPARMIO: \u20ac 438,- a persona all&#8217;anno!<br \/>\n<\/strong>L&#8217;uso di un filtro per l&#8217;acqua offre molti benefici per la salute, ma comporta anche un notevole risparmio sull&#8217;inquinamento ambientale (petrolio, plastica e trasporti), per non parlare del trasporto di centinaia di litri d&#8217;acqua all&#8217;anno! Ma non \u00e8 tutto, in pi\u00f9 c&#8217;\u00e8 anche il risparmio finanziario. <\/p>\n<p>In media 1 litro di acqua del rubinetto costa 0,05 \u20ac, l&#8217;acqua minerale costa 0,60 \u20ac al litro.<br \/>\nSupponiamo di bere 2 litri al giorno per persona:<br \/>\nFiltro acqua: \u20ac 0,05 x 2 litri x 365 (giorni) = \u20ac 36,50 a persona all&#8217;anno.<br \/>\nAcqua minerale: \u20ac 0,60 x 2 litri x 365 (giorni) = \u20ac 438,- per persona all&#8217;anno.<\/p>\n","protected":false},"featured_media":1908,"comment_status":"open","ping_status":"closed","template":"","meta":{"_acf_changed":false},"product_brand":[],"product_cat":[98],"product_tag":[],"class_list":{"0":"post-2676","1":"product","2":"type-product","3":"status-publish","4":"has-post-thumbnail","6":"product_cat-distributori-di-filtri-per-acqua","8":"first","9":"instock","10":"shipping-taxable","11":"purchasable","12":"product-type-simple"},"acf":[],"yoast_head":"<!-- This site is optimized with the Yoast SEO plugin v27.4 - https:\/\/yoast.com\/product\/yoast-seo-wordpress\/ -->\n<title>Poseidon - erogatore ad osmosi inversa - Purassima<\/title>\n<meta name=\"robots\" content=\"index, follow, max-snippet:-1, max-image-preview:large, max-video-preview:-1\" \/>\n<link rel=\"canonical\" href=\"https:\/\/purassima.com\/it\/product\/poseidon-erogatore-ad-osmosi-inversa-2\/\" \/>\n<meta property=\"og:locale\" content=\"it_IT\" \/>\n<meta property=\"og:type\" content=\"article\" \/>\n<meta property=\"og:title\" content=\"Poseidon - erogatore ad osmosi inversa - Purassima\" \/>\n<meta property=\"og:description\" content=\"VANTAGGI   ogni giorno acqua pura  miglioramento della salute  delizioso caff\u00e8, t\u00e8, limonata, frullati, ecc.  Economico nell&#039;uso (risparmio: \u20ac 400,- p\/p p\/a)   non dovrai pi\u00f9 trascinarti dietro l&#039;acqua minerale  ecologico e ecologico soluzione sostenibile  RISPARMIO: \u20ac 438,- a persona all&#039;anno! L&#039;uso di un filtro per l&#039;acqua offre molti benefici per la salute, ma comporta anche un notevole risparmio sull&#039;inquinamento ambientale (petrolio, plastica e trasporti), per non parlare del trasporto di centinaia di litri d&#039;acqua all&#039;anno! Ma non \u00e8 tutto, in pi\u00f9 c&#039;\u00e8 anche il risparmio finanziario.   In media 1 litro di acqua del rubinetto costa 0,05 \u20ac, l&#039;acqua minerale costa 0,60 \u20ac al litro. Supponiamo di bere 2 litri al giorno per persona: Filtro acqua: \u20ac 0,05 x 2 litri x 365 (giorni) = \u20ac 36,50 a persona all&#039;anno. Acqua minerale: \u20ac 0,60 x 2 litri x 365 (giorni) = \u20ac 438,- per persona all&#039;anno.\" \/>\n<meta property=\"og:url\" content=\"https:\/\/purassima.com\/it\/product\/poseidon-erogatore-ad-osmosi-inversa-2\/\" \/>\n<meta property=\"og:site_name\" content=\"Purassima\" \/>\n<meta property=\"article:modified_time\" content=\"2025-07-31T07:30:47+00:00\" \/>\n<meta property=\"og:image\" content=\"https:\/\/purassima.com\/wp-content\/uploads\/2025\/07\/Posdeidon_pix1-1.webp\" \/>\n\t<meta property=\"og:image:width\" content=\"800\" \/>\n\t<meta property=\"og:image:height\" content=\"800\" \/>\n\t<meta property=\"og:image:type\" content=\"image\/webp\" \/>\n<meta name=\"twitter:card\" content=\"summary_large_image\" \/>\n<meta name=\"twitter:label1\" content=\"Tempo di lettura stimato\" \/>\n\t<meta name=\"twitter:data1\" content=\"2 minuti\" \/>\n<script type=\"application\/ld+json\" class=\"yoast-schema-graph\">{\"@context\":\"https:\\\/\\\/schema.org\",\"@graph\":[{\"@type\":\"WebPage\",\"@id\":\"https:\\\/\\\/purassima.com\\\/it\\\/product\\\/poseidon-erogatore-ad-osmosi-inversa-2\\\/\",\"url\":\"https:\\\/\\\/purassima.com\\\/it\\\/product\\\/poseidon-erogatore-ad-osmosi-inversa-2\\\/\",\"name\":\"Poseidon - erogatore ad osmosi inversa - Purassima\",\"isPartOf\":{\"@id\":\"https:\\\/\\\/purassima.com\\\/it\\\/#website\"},\"primaryImageOfPage\":{\"@id\":\"https:\\\/\\\/purassima.com\\\/it\\\/product\\\/poseidon-erogatore-ad-osmosi-inversa-2\\\/#primaryimage\"},\"image\":{\"@id\":\"https:\\\/\\\/purassima.com\\\/it\\\/product\\\/poseidon-erogatore-ad-osmosi-inversa-2\\\/#primaryimage\"},\"thumbnailUrl\":\"https:\\\/\\\/purassima.com\\\/wp-content\\\/uploads\\\/2025\\\/07\\\/Posdeidon_pix1-1.webp\",\"datePublished\":\"2025-07-25T09:48:28+00:00\",\"dateModified\":\"2025-07-31T07:30:47+00:00\",\"breadcrumb\":{\"@id\":\"https:\\\/\\\/purassima.com\\\/it\\\/product\\\/poseidon-erogatore-ad-osmosi-inversa-2\\\/#breadcrumb\"},\"inLanguage\":\"it-IT\",\"potentialAction\":[{\"@type\":\"ReadAction\",\"target\":[\"https:\\\/\\\/purassima.com\\\/it\\\/product\\\/poseidon-erogatore-ad-osmosi-inversa-2\\\/\"]}]},{\"@type\":\"ImageObject\",\"inLanguage\":\"it-IT\",\"@id\":\"https:\\\/\\\/purassima.com\\\/it\\\/product\\\/poseidon-erogatore-ad-osmosi-inversa-2\\\/#primaryimage\",\"url\":\"https:\\\/\\\/purassima.com\\\/wp-content\\\/uploads\\\/2025\\\/07\\\/Posdeidon_pix1-1.webp\",\"contentUrl\":\"https:\\\/\\\/purassima.com\\\/wp-content\\\/uploads\\\/2025\\\/07\\\/Posdeidon_pix1-1.webp\",\"width\":800,\"height\":800},{\"@type\":\"BreadcrumbList\",\"@id\":\"https:\\\/\\\/purassima.com\\\/it\\\/product\\\/poseidon-erogatore-ad-osmosi-inversa-2\\\/#breadcrumb\",\"itemListElement\":[{\"@type\":\"ListItem\",\"position\":1,\"name\":\"Home\",\"item\":\"https:\\\/\\\/purassima.com\\\/it\\\/casa\\\/\"},{\"@type\":\"ListItem\",\"position\":2,\"name\":\"Collections\",\"item\":\"https:\\\/\\\/purassima.com\\\/collections\\\/\"},{\"@type\":\"ListItem\",\"position\":3,\"name\":\"Poseidon &#8211; erogatore ad osmosi inversa\"}]},{\"@type\":\"WebSite\",\"@id\":\"https:\\\/\\\/purassima.com\\\/it\\\/#website\",\"url\":\"https:\\\/\\\/purassima.com\\\/it\\\/\",\"name\":\"purassima\",\"description\":\"\",\"potentialAction\":[{\"@type\":\"SearchAction\",\"target\":{\"@type\":\"EntryPoint\",\"urlTemplate\":\"https:\\\/\\\/purassima.com\\\/it\\\/?s={search_term_string}\"},\"query-input\":{\"@type\":\"PropertyValueSpecification\",\"valueRequired\":true,\"valueName\":\"search_term_string\"}}],\"inLanguage\":\"it-IT\"}]}<\/script>\n<!-- \/ Yoast SEO plugin. -->","yoast_head_json":{"title":"Poseidon - erogatore ad osmosi inversa - Purassima","robots":{"index":"index","follow":"follow","max-snippet":"max-snippet:-1","max-image-preview":"max-image-preview:large","max-video-preview":"max-video-preview:-1"},"canonical":"https:\/\/purassima.com\/it\/product\/poseidon-erogatore-ad-osmosi-inversa-2\/","og_locale":"it_IT","og_type":"article","og_title":"Poseidon - erogatore ad osmosi inversa - Purassima","og_description":"VANTAGGI   ogni giorno acqua pura  miglioramento della salute  delizioso caff\u00e8, t\u00e8, limonata, frullati, ecc.  Economico nell'uso (risparmio: \u20ac 400,- p\/p p\/a)   non dovrai pi\u00f9 trascinarti dietro l'acqua minerale  ecologico e ecologico soluzione sostenibile  RISPARMIO: \u20ac 438,- a persona all'anno! L'uso di un filtro per l'acqua offre molti benefici per la salute, ma comporta anche un notevole risparmio sull'inquinamento ambientale (petrolio, plastica e trasporti), per non parlare del trasporto di centinaia di litri d'acqua all'anno! Ma non \u00e8 tutto, in pi\u00f9 c'\u00e8 anche il risparmio finanziario.   In media 1 litro di acqua del rubinetto costa 0,05 \u20ac, l'acqua minerale costa 0,60 \u20ac al litro. Supponiamo di bere 2 litri al giorno per persona: Filtro acqua: \u20ac 0,05 x 2 litri x 365 (giorni) = \u20ac 36,50 a persona all'anno. Acqua minerale: \u20ac 0,60 x 2 litri x 365 (giorni) = \u20ac 438,- per persona all'anno.","og_url":"https:\/\/purassima.com\/it\/product\/poseidon-erogatore-ad-osmosi-inversa-2\/","og_site_name":"Purassima","article_modified_time":"2025-07-31T07:30:47+00:00","og_image":[{"width":800,"height":800,"url":"https:\/\/purassima.com\/wp-content\/uploads\/2025\/07\/Posdeidon_pix1-1.webp","type":"image\/webp"}],"twitter_card":"summary_large_image","twitter_misc":{"Tempo di lettura stimato":"2 minuti"},"schema":{"@context":"https:\/\/schema.org","@graph":[{"@type":"WebPage","@id":"https:\/\/purassima.com\/it\/product\/poseidon-erogatore-ad-osmosi-inversa-2\/","url":"https:\/\/purassima.com\/it\/product\/poseidon-erogatore-ad-osmosi-inversa-2\/","name":"Poseidon - erogatore ad osmosi inversa - Purassima","isPartOf":{"@id":"https:\/\/purassima.com\/it\/#website"},"primaryImageOfPage":{"@id":"https:\/\/purassima.com\/it\/product\/poseidon-erogatore-ad-osmosi-inversa-2\/#primaryimage"},"image":{"@id":"https:\/\/purassima.com\/it\/product\/poseidon-erogatore-ad-osmosi-inversa-2\/#primaryimage"},"thumbnailUrl":"https:\/\/purassima.com\/wp-content\/uploads\/2025\/07\/Posdeidon_pix1-1.webp","datePublished":"2025-07-25T09:48:28+00:00","dateModified":"2025-07-31T07:30:47+00:00","breadcrumb":{"@id":"https:\/\/purassima.com\/it\/product\/poseidon-erogatore-ad-osmosi-inversa-2\/#breadcrumb"},"inLanguage":"it-IT","potentialAction":[{"@type":"ReadAction","target":["https:\/\/purassima.com\/it\/product\/poseidon-erogatore-ad-osmosi-inversa-2\/"]}]},{"@type":"ImageObject","inLanguage":"it-IT","@id":"https:\/\/purassima.com\/it\/product\/poseidon-erogatore-ad-osmosi-inversa-2\/#primaryimage","url":"https:\/\/purassima.com\/wp-content\/uploads\/2025\/07\/Posdeidon_pix1-1.webp","contentUrl":"https:\/\/purassima.com\/wp-content\/uploads\/2025\/07\/Posdeidon_pix1-1.webp","width":800,"height":800},{"@type":"BreadcrumbList","@id":"https:\/\/purassima.com\/it\/product\/poseidon-erogatore-ad-osmosi-inversa-2\/#breadcrumb","itemListElement":[{"@type":"ListItem","position":1,"name":"Home","item":"https:\/\/purassima.com\/it\/casa\/"},{"@type":"ListItem","position":2,"name":"Collections","item":"https:\/\/purassima.com\/collections\/"},{"@type":"ListItem","position":3,"name":"Poseidon &#8211; erogatore ad osmosi inversa"}]},{"@type":"WebSite","@id":"https:\/\/purassima.com\/it\/#website","url":"https:\/\/purassima.com\/it\/","name":"purassima","description":"","potentialAction":[{"@type":"SearchAction","target":{"@type":"EntryPoint","urlTemplate":"https:\/\/purassima.com\/it\/?s={search_term_string}"},"query-input":{"@type":"PropertyValueSpecification","valueRequired":true,"valueName":"search_term_string"}}],"inLanguage":"it-IT"}]}},"_links":{"self":[{"href":"https:\/\/purassima.com\/it\/wp-json\/wp\/v2\/product\/2676","targetHints":{"allow":["GET"]}}],"collection":[{"href":"https:\/\/purassima.com\/it\/wp-json\/wp\/v2\/product"}],"about":[{"href":"https:\/\/purassima.com\/it\/wp-json\/wp\/v2\/types\/product"}],"replies":[{"embeddable":true,"href":"https:\/\/purassima.com\/it\/wp-json\/wp\/v2\/comments?post=2676"}],"version-history":[{"count":4,"href":"https:\/\/purassima.com\/it\/wp-json\/wp\/v2\/product\/2676\/revisions"}],"predecessor-version":[{"id":3008,"href":"https:\/\/purassima.com\/it\/wp-json\/wp\/v2\/product\/2676\/revisions\/3008"}],"wp:featuredmedia":[{"embeddable":true,"href":"https:\/\/purassima.com\/it\/wp-json\/wp\/v2\/media\/1908"}],"wp:attachment":[{"href":"https:\/\/purassima.com\/it\/wp-json\/wp\/v2\/media?parent=2676"}],"wp:term":[{"taxonomy":"product_brand","embeddable":true,"href":"https:\/\/purassima.com\/it\/wp-json\/wp\/v2\/product_brand?post=2676"},{"taxonomy":"product_cat","embeddable":true,"href":"https:\/\/purassima.com\/it\/wp-json\/wp\/v2\/product_cat?post=2676"},{"taxonomy":"product_tag","embeddable":true,"href":"https:\/\/purassima.com\/it\/wp-json\/wp\/v2\/product_tag?post=2676"}],"curies":[{"name":"wp","href":"https:\/\/api.w.org\/{rel}","templated":true}]}}