{"id":2701,"date":"2025-07-25T10:09:23","date_gmt":"2025-07-25T10:09:23","guid":{"rendered":"https:\/\/purassima.com\/product\/atlantide-ultrafiltrazione\/"},"modified":"2025-07-31T07:29:54","modified_gmt":"2025-07-31T07:29:54","slug":"atlantide-ultrafiltrazione","status":"publish","type":"product","link":"https:\/\/purassima.com\/it\/product\/atlantide-ultrafiltrazione\/","title":{"rendered":"Atlantide &#8211; ultrafiltrazione"},"content":{"rendered":"\t\t<div data-elementor-type=\"product-post\" data-elementor-id=\"2701\" class=\"elementor elementor-2701 elementor-657\" data-elementor-post-type=\"product\">\n\t\t\t\t<div class=\"elementor-element elementor-element-5ce74462 e-flex e-con-boxed e-con e-parent\" data-id=\"5ce74462\" data-element_type=\"container\" data-e-type=\"container\">\n\t\t\t\t\t<div class=\"e-con-inner\">\n\t\t\t\t<div class=\"elementor-element elementor-element-78adafb1 elementor-widget elementor-widget-text-editor\" data-id=\"78adafb1\" data-element_type=\"widget\" data-e-type=\"widget\" data-widget_type=\"text-editor.default\">\n\t\t\t\t\t\t\t\t\tMarca: PurassimaModello: AtlantisProdotto: sistema di filtrazione dell&#8217;acquaMetodo: ultrafiltrazione (UF)Filtri: 3 filtri &#8211; 4 fasi di filtrazioneElettricit\u00e0: non necessariaInstallazione: facile\r\n\r\nAPPLICAZIONE:- famiglie: lavandino da cucina- imprese \/ uffici: lavandino da cucina- mobile: caravan, camper o barca\r\n\r\nIl Purassima Atlantis \u00e8 un sistema di filtrazione dell&#8217;acqua basato sull&#8217;ultrafiltrazione (UF). L&#8217;ultrafiltrazione non differisce molto dall&#8217;osmosi inversa (RO) in termini di processo di filtrazione. La differenza sta nella dimensione dei pori della membrana. Nell&#8217;UF, \u00e8 0,01 micron e nell&#8217;osmosi inversa (RO) 0,0001 micron.   \r\n\r\nQuesto consente all&#8217;osmosi inversa di filtrare il 95-99% delle impurit\u00e0, ma non \u00e8 sempre necessario. L&#8217;ultrafiltrazione rimuove il 70-80%, ma lascia i minerali nell&#8217;acqua. L&#8217;ultrafiltrazione \u00e8 pi\u00f9 economica da acquistare, pi\u00f9 facile da installare e pi\u00f9 semplice e conveniente da mantenere rispetto ai sistemi di osmosi inversa. La membrana dura in media 5 volte pi\u00f9 a lungo rispetto a una membrana per osmosi. L&#8217;Atlantis ha 3 filtri per 4 filtrazioni. Questi filtri sono molto facili da sostituire.     \r\n\r\nI filtri di Atlantis (tra gli altri): cloro, fluoro, batteri, virus, parassiti, microplastiche, GenX, PFAS, pesticidi e metalli pesanti.\r\n\r\nSPECIFICHECapacit\u00e0 di filtrazione: 1,5 litri al minutoFlusso diretto (senza serbatoio)Pressione dell&#8217;acqua: 0,1 MPa &#8211; 0,4 MPaFiltro: 3 filtri per 4 stadi di filtrazioneDimensioni: 264(h)x99(l)x285(p)mm \/ peso: 3,2 kg.Nessuna elettricit\u00e0 necessaria\r\n\r\nSCOPRI LA DIFFERENZA: HERMES CONTRO ATLANTIS La differenza principale tra l&#8217;Hermes e l&#8217;Atlantis \u00e8 principalmente la dimensione e la capacit\u00e0 di filtrazione dell&#8217;Atlantis, che \u00e8 superiore. L&#8217;Atlantis \u00e8 \u00b1 25% pi\u00f9 piccolo dell&#8217;Hermes, il che pu\u00f2 essere un argomento importante per coloro che desiderano utilizzare questo sistema in un camper, caravan o barca. Entrambi i sistemi funzionano con bassa pressione dell&#8217;acqua, non \u00e8 necessaria alcuna pompa aggiuntiva.  \r\n\r\nINSTALLAZIONE E ASSEMBLAGGIO Questo sistema di filtrazione dell&#8217;acqua ad ultrafiltrazione richiede l&#8217;installazione nella tua cucina, camper, caravan o barca. Nella consegna del sistema sono inclusi tutti i componenti necessari, come il rubinetto, l&#8217;ammortizzatore d&#8217;acqua e i raccordi. \u00c8 molto pi\u00f9 semplice da installare rispetto a un sistema di osmosi inversa, ma \u00e8 necessaria una certa conoscenza e abilit\u00e0.  \t\t\t\t\t\t\t\t<\/div>\n\t\t\t\t\t<\/div>\n\t\t\t\t<\/div>\n\t\t<div class=\"elementor-element elementor-element-baf78ed e-flex e-con-boxed e-con e-parent\" data-id=\"baf78ed\" data-element_type=\"container\" data-e-type=\"container\">\n\t\t\t\t\t<div class=\"e-con-inner\">\n\t\t\t\t<div class=\"elementor-element elementor-element-b91f08c elementor-widget elementor-widget-heading\" data-id=\"b91f08c\" data-element_type=\"widget\" data-e-type=\"widget\" data-widget_type=\"heading.default\">\n\t\t\t\t\t<h2 class=\"elementor-heading-title elementor-size-default\">Scarica PDF\n\n<\/h2>\t\t\t\t<\/div>\n\t\t<div data-ha-element-link=\"{&quot;url&quot;:&quot;https:\\\/\\\/purassima.com\\\/wp-content\\\/uploads\\\/2025\\\/07\\\/Purassima_brochure_EN-17.pdf&quot;,&quot;is_external&quot;:&quot;on&quot;,&quot;nofollow&quot;:&quot;&quot;}\" style=\"cursor: pointer\" class=\"elementor-element elementor-element-122d042 e-con-full e-flex e-con e-child\" data-id=\"122d042\" data-element_type=\"container\" data-e-type=\"container\" data-settings=\"{&quot;background_background&quot;:&quot;classic&quot;}\">\n\t\t<div class=\"elementor-element elementor-element-d2101ef e-con-full e-flex e-con e-child\" data-id=\"d2101ef\" data-element_type=\"container\" data-e-type=\"container\">\n\t\t\t\t<div class=\"elementor-element elementor-element-1f0f83b elementor-widget elementor-widget-image\" data-id=\"1f0f83b\" data-element_type=\"widget\" data-e-type=\"widget\" data-widget_type=\"image.default\">\n\t\t\t\t\t\t\t\t\t\t\t\t\t\t\t<img fetchpriority=\"high\" decoding=\"async\" width=\"800\" height=\"893\" src=\"https:\/\/purassima.com\/wp-content\/uploads\/2025\/07\/PDF_icon.webp\" class=\"attachment-large size-large wp-image-2767\" alt=\"\" srcset=\"https:\/\/purassima.com\/wp-content\/uploads\/2025\/07\/PDF_icon.webp 820w, https:\/\/purassima.com\/wp-content\/uploads\/2025\/07\/PDF_icon-269x300.webp 269w, https:\/\/purassima.com\/wp-content\/uploads\/2025\/07\/PDF_icon-768x857.webp 768w, https:\/\/purassima.com\/wp-content\/uploads\/2025\/07\/PDF_icon-600x670.webp 600w\" sizes=\"(max-width: 800px) 100vw, 800px\" \/>\t\t\t\t\t\t\t\t\t\t\t\t\t\t\t<\/div>\n\t\t\t\t<\/div>\n\t\t<div class=\"elementor-element elementor-element-f00d447 e-con-full e-flex e-con e-child\" data-id=\"f00d447\" data-element_type=\"container\" data-e-type=\"container\">\n\t\t\t\t<div class=\"elementor-element elementor-element-ca85804 elementor-widget elementor-widget-heading\" data-id=\"ca85804\" data-element_type=\"widget\" data-e-type=\"widget\" data-widget_type=\"heading.default\">\n\t\t\t\t\t<h2 class=\"elementor-heading-title elementor-size-default\">Sistemi di brochure Purissima\n\n<\/h2>\t\t\t\t<\/div>\n\t\t\t\t<div class=\"elementor-element elementor-element-a707373 elementor-widget elementor-widget-text-editor\" data-id=\"a707373\" data-element_type=\"widget\" data-e-type=\"widget\" data-widget_type=\"text-editor.default\">\n\t\t\t\t\t\t\t\t\t(550.61 KB)\n\n\t\t\t\t\t\t\t\t<\/div>\n\t\t\t\t<\/div>\n\t\t\t\t<\/div>\n\t\t\t\t\t<\/div>\n\t\t\t\t<\/div>\n\t\t\t\t<\/div>\n\t\t","protected":false},"excerpt":{"rendered":"<p><strong>BENEFICI<\/strong><\/p>\n<ul>\n<li>acqua pura di tutti i giorni<\/li>\n<li>miglioramento della salute<\/li>\n<li>caff\u00e8 delizioso, t\u00e8, limonata, frullati, ecc.<\/li>\n<li>Economico nell&#8217;uso (risparmi: \u20ac 400,- a persona all&#8217;anno)<\/li>\n<li> niente pi\u00f9 da portare bottiglie d&#8217;acqua minerale<\/li>\n<li>soluzione ecologica e sostenibile<\/li>\n<li><strong>RISPARMI: \u20ac 438,- a persona all&#8217;anno!<br \/>\n<\/strong>Using a water filter offers many health benefits, but there are also significant savings in environmental pollution (oil, plastic, and transport), not to mention the transport of hundreds of liters of water per year! But that&#8217;s not all, there are also economic savings. On average, 1 liter of tap water costs \u20ac 0.05, while mineral water costs \u20ac 0.60 per liter. Let&#8217;s suppose we drink 2 liters a day per person: Water filter: \u20ac 0.05 x 2 liters x 365 (days) = \u20ac 36.50 per person per year. Mineral water: \u20ac 0.60 x 2 liters x 365 (days) = \u20ac 438 per person per year. <\/li>\n<\/ul>\n","protected":false},"featured_media":2038,"comment_status":"open","ping_status":"closed","template":"","meta":{"_acf_changed":false},"product_brand":[],"product_cat":[102],"product_tag":[],"class_list":{"0":"post-2701","1":"product","2":"type-product","3":"status-publish","4":"has-post-thumbnail","6":"product_cat-sistemi-di-filtraggio-dellacqua","8":"first","9":"instock","10":"shipping-taxable","11":"purchasable","12":"product-type-simple"},"acf":[],"yoast_head":"<!-- This site is optimized with the Yoast SEO plugin v27.4 - https:\/\/yoast.com\/product\/yoast-seo-wordpress\/ -->\n<title>Atlantide - ultrafiltrazione - Purassima<\/title>\n<meta name=\"robots\" content=\"index, follow, max-snippet:-1, max-image-preview:large, max-video-preview:-1\" \/>\n<link rel=\"canonical\" href=\"https:\/\/purassima.com\/it\/product\/atlantide-ultrafiltrazione\/\" \/>\n<meta property=\"og:locale\" content=\"it_IT\" \/>\n<meta property=\"og:type\" content=\"article\" \/>\n<meta property=\"og:title\" content=\"Atlantide - ultrafiltrazione - Purassima\" \/>\n<meta property=\"og:description\" content=\"BENEFICI   acqua pura di tutti i giorni  miglioramento della salute  caff\u00e8 delizioso, t\u00e8, limonata, frullati, ecc.  Economico nell&#039;uso (risparmi: \u20ac 400,- a persona all&#039;anno)   niente pi\u00f9 da portare bottiglie d&#039;acqua minerale  soluzione ecologica e sostenibile  RISPARMI: \u20ac 438,- a persona all&#039;anno! Using a water filter offers many health benefits, but there are also significant savings in environmental pollution (oil, plastic, and transport), not to mention the transport of hundreds of liters of water per year! But that&#039;s not all, there are also economic savings. On average, 1 liter of tap water costs \u20ac 0.05, while mineral water costs \u20ac 0.60 per liter. Let&#039;s suppose we drink 2 liters a day per person: Water filter: \u20ac 0.05 x 2 liters x 365 (days) = \u20ac 36.50 per person per year. Mineral water: \u20ac 0.60 x 2 liters x 365 (days) = \u20ac 438 per person per year.\" \/>\n<meta property=\"og:url\" content=\"https:\/\/purassima.com\/it\/product\/atlantide-ultrafiltrazione\/\" \/>\n<meta property=\"og:site_name\" content=\"Purassima\" \/>\n<meta property=\"article:modified_time\" content=\"2025-07-31T07:29:54+00:00\" \/>\n<meta property=\"og:image\" content=\"https:\/\/purassima.com\/wp-content\/uploads\/2025\/07\/Atlantis_photo1-1.webp\" \/>\n\t<meta property=\"og:image:width\" content=\"1000\" \/>\n\t<meta property=\"og:image:height\" content=\"1000\" \/>\n\t<meta property=\"og:image:type\" content=\"image\/webp\" \/>\n<meta name=\"twitter:card\" content=\"summary_large_image\" \/>\n<meta name=\"twitter:label1\" content=\"Tempo di lettura stimato\" \/>\n\t<meta name=\"twitter:data1\" content=\"2 minuti\" \/>\n<script type=\"application\/ld+json\" class=\"yoast-schema-graph\">{\"@context\":\"https:\\\/\\\/schema.org\",\"@graph\":[{\"@type\":\"WebPage\",\"@id\":\"https:\\\/\\\/purassima.com\\\/it\\\/product\\\/atlantide-ultrafiltrazione\\\/\",\"url\":\"https:\\\/\\\/purassima.com\\\/it\\\/product\\\/atlantide-ultrafiltrazione\\\/\",\"name\":\"Atlantide - ultrafiltrazione - Purassima\",\"isPartOf\":{\"@id\":\"https:\\\/\\\/purassima.com\\\/it\\\/#website\"},\"primaryImageOfPage\":{\"@id\":\"https:\\\/\\\/purassima.com\\\/it\\\/product\\\/atlantide-ultrafiltrazione\\\/#primaryimage\"},\"image\":{\"@id\":\"https:\\\/\\\/purassima.com\\\/it\\\/product\\\/atlantide-ultrafiltrazione\\\/#primaryimage\"},\"thumbnailUrl\":\"https:\\\/\\\/purassima.com\\\/wp-content\\\/uploads\\\/2025\\\/07\\\/Atlantis_photo1-1.webp\",\"datePublished\":\"2025-07-25T10:09:23+00:00\",\"dateModified\":\"2025-07-31T07:29:54+00:00\",\"breadcrumb\":{\"@id\":\"https:\\\/\\\/purassima.com\\\/it\\\/product\\\/atlantide-ultrafiltrazione\\\/#breadcrumb\"},\"inLanguage\":\"it-IT\",\"potentialAction\":[{\"@type\":\"ReadAction\",\"target\":[\"https:\\\/\\\/purassima.com\\\/it\\\/product\\\/atlantide-ultrafiltrazione\\\/\"]}]},{\"@type\":\"ImageObject\",\"inLanguage\":\"it-IT\",\"@id\":\"https:\\\/\\\/purassima.com\\\/it\\\/product\\\/atlantide-ultrafiltrazione\\\/#primaryimage\",\"url\":\"https:\\\/\\\/purassima.com\\\/wp-content\\\/uploads\\\/2025\\\/07\\\/Atlantis_photo1-1.webp\",\"contentUrl\":\"https:\\\/\\\/purassima.com\\\/wp-content\\\/uploads\\\/2025\\\/07\\\/Atlantis_photo1-1.webp\",\"width\":1000,\"height\":1000},{\"@type\":\"BreadcrumbList\",\"@id\":\"https:\\\/\\\/purassima.com\\\/it\\\/product\\\/atlantide-ultrafiltrazione\\\/#breadcrumb\",\"itemListElement\":[{\"@type\":\"ListItem\",\"position\":1,\"name\":\"Home\",\"item\":\"https:\\\/\\\/purassima.com\\\/it\\\/casa\\\/\"},{\"@type\":\"ListItem\",\"position\":2,\"name\":\"Collections\",\"item\":\"https:\\\/\\\/purassima.com\\\/collections\\\/\"},{\"@type\":\"ListItem\",\"position\":3,\"name\":\"Atlantide &#8211; ultrafiltrazione\"}]},{\"@type\":\"WebSite\",\"@id\":\"https:\\\/\\\/purassima.com\\\/it\\\/#website\",\"url\":\"https:\\\/\\\/purassima.com\\\/it\\\/\",\"name\":\"purassima\",\"description\":\"\",\"potentialAction\":[{\"@type\":\"SearchAction\",\"target\":{\"@type\":\"EntryPoint\",\"urlTemplate\":\"https:\\\/\\\/purassima.com\\\/it\\\/?s={search_term_string}\"},\"query-input\":{\"@type\":\"PropertyValueSpecification\",\"valueRequired\":true,\"valueName\":\"search_term_string\"}}],\"inLanguage\":\"it-IT\"}]}<\/script>\n<!-- \/ Yoast SEO plugin. -->","yoast_head_json":{"title":"Atlantide - ultrafiltrazione - Purassima","robots":{"index":"index","follow":"follow","max-snippet":"max-snippet:-1","max-image-preview":"max-image-preview:large","max-video-preview":"max-video-preview:-1"},"canonical":"https:\/\/purassima.com\/it\/product\/atlantide-ultrafiltrazione\/","og_locale":"it_IT","og_type":"article","og_title":"Atlantide - ultrafiltrazione - Purassima","og_description":"BENEFICI   acqua pura di tutti i giorni  miglioramento della salute  caff\u00e8 delizioso, t\u00e8, limonata, frullati, ecc.  Economico nell'uso (risparmi: \u20ac 400,- a persona all'anno)   niente pi\u00f9 da portare bottiglie d'acqua minerale  soluzione ecologica e sostenibile  RISPARMI: \u20ac 438,- a persona all'anno! Using a water filter offers many health benefits, but there are also significant savings in environmental pollution (oil, plastic, and transport), not to mention the transport of hundreds of liters of water per year! But that's not all, there are also economic savings. On average, 1 liter of tap water costs \u20ac 0.05, while mineral water costs \u20ac 0.60 per liter. Let's suppose we drink 2 liters a day per person: Water filter: \u20ac 0.05 x 2 liters x 365 (days) = \u20ac 36.50 per person per year. Mineral water: \u20ac 0.60 x 2 liters x 365 (days) = \u20ac 438 per person per year.","og_url":"https:\/\/purassima.com\/it\/product\/atlantide-ultrafiltrazione\/","og_site_name":"Purassima","article_modified_time":"2025-07-31T07:29:54+00:00","og_image":[{"width":1000,"height":1000,"url":"https:\/\/purassima.com\/wp-content\/uploads\/2025\/07\/Atlantis_photo1-1.webp","type":"image\/webp"}],"twitter_card":"summary_large_image","twitter_misc":{"Tempo di lettura stimato":"2 minuti"},"schema":{"@context":"https:\/\/schema.org","@graph":[{"@type":"WebPage","@id":"https:\/\/purassima.com\/it\/product\/atlantide-ultrafiltrazione\/","url":"https:\/\/purassima.com\/it\/product\/atlantide-ultrafiltrazione\/","name":"Atlantide - ultrafiltrazione - Purassima","isPartOf":{"@id":"https:\/\/purassima.com\/it\/#website"},"primaryImageOfPage":{"@id":"https:\/\/purassima.com\/it\/product\/atlantide-ultrafiltrazione\/#primaryimage"},"image":{"@id":"https:\/\/purassima.com\/it\/product\/atlantide-ultrafiltrazione\/#primaryimage"},"thumbnailUrl":"https:\/\/purassima.com\/wp-content\/uploads\/2025\/07\/Atlantis_photo1-1.webp","datePublished":"2025-07-25T10:09:23+00:00","dateModified":"2025-07-31T07:29:54+00:00","breadcrumb":{"@id":"https:\/\/purassima.com\/it\/product\/atlantide-ultrafiltrazione\/#breadcrumb"},"inLanguage":"it-IT","potentialAction":[{"@type":"ReadAction","target":["https:\/\/purassima.com\/it\/product\/atlantide-ultrafiltrazione\/"]}]},{"@type":"ImageObject","inLanguage":"it-IT","@id":"https:\/\/purassima.com\/it\/product\/atlantide-ultrafiltrazione\/#primaryimage","url":"https:\/\/purassima.com\/wp-content\/uploads\/2025\/07\/Atlantis_photo1-1.webp","contentUrl":"https:\/\/purassima.com\/wp-content\/uploads\/2025\/07\/Atlantis_photo1-1.webp","width":1000,"height":1000},{"@type":"BreadcrumbList","@id":"https:\/\/purassima.com\/it\/product\/atlantide-ultrafiltrazione\/#breadcrumb","itemListElement":[{"@type":"ListItem","position":1,"name":"Home","item":"https:\/\/purassima.com\/it\/casa\/"},{"@type":"ListItem","position":2,"name":"Collections","item":"https:\/\/purassima.com\/collections\/"},{"@type":"ListItem","position":3,"name":"Atlantide &#8211; ultrafiltrazione"}]},{"@type":"WebSite","@id":"https:\/\/purassima.com\/it\/#website","url":"https:\/\/purassima.com\/it\/","name":"purassima","description":"","potentialAction":[{"@type":"SearchAction","target":{"@type":"EntryPoint","urlTemplate":"https:\/\/purassima.com\/it\/?s={search_term_string}"},"query-input":{"@type":"PropertyValueSpecification","valueRequired":true,"valueName":"search_term_string"}}],"inLanguage":"it-IT"}]}},"_links":{"self":[{"href":"https:\/\/purassima.com\/it\/wp-json\/wp\/v2\/product\/2701","targetHints":{"allow":["GET"]}}],"collection":[{"href":"https:\/\/purassima.com\/it\/wp-json\/wp\/v2\/product"}],"about":[{"href":"https:\/\/purassima.com\/it\/wp-json\/wp\/v2\/types\/product"}],"replies":[{"embeddable":true,"href":"https:\/\/purassima.com\/it\/wp-json\/wp\/v2\/comments?post=2701"}],"version-history":[{"count":6,"href":"https:\/\/purassima.com\/it\/wp-json\/wp\/v2\/product\/2701\/revisions"}],"predecessor-version":[{"id":3002,"href":"https:\/\/purassima.com\/it\/wp-json\/wp\/v2\/product\/2701\/revisions\/3002"}],"wp:featuredmedia":[{"embeddable":true,"href":"https:\/\/purassima.com\/it\/wp-json\/wp\/v2\/media\/2038"}],"wp:attachment":[{"href":"https:\/\/purassima.com\/it\/wp-json\/wp\/v2\/media?parent=2701"}],"wp:term":[{"taxonomy":"product_brand","embeddable":true,"href":"https:\/\/purassima.com\/it\/wp-json\/wp\/v2\/product_brand?post=2701"},{"taxonomy":"product_cat","embeddable":true,"href":"https:\/\/purassima.com\/it\/wp-json\/wp\/v2\/product_cat?post=2701"},{"taxonomy":"product_tag","embeddable":true,"href":"https:\/\/purassima.com\/it\/wp-json\/wp\/v2\/product_tag?post=2701"}],"curies":[{"name":"wp","href":"https:\/\/api.w.org\/{rel}","templated":true}]}}