{"id":2576,"date":"2025-07-25T04:01:25","date_gmt":"2025-07-25T04:01:25","guid":{"rendered":"https:\/\/purassima.com\/product\/filtre-tout-en-un-poseidon\/"},"modified":"2025-07-25T04:01:25","modified_gmt":"2025-07-25T04:01:25","slug":"filtre-tout-en-un-poseidon","status":"publish","type":"product","link":"https:\/\/purassima.com\/nl\/product\/filtre-tout-en-un-poseidon\/","title":{"rendered":"Filtre tout-en-un Pos\u00e9idon"},"content":{"rendered":"<p>Marque : Purassima<br \/>\nMod\u00e8le : Pos\u00e9idon<br \/>\nFiltre : RO1020 (tout-en-un)<br \/>\n\u2713 En stock<br \/>\n\u2713 Imm\u00e9diatement disponible<br \/>\n\u2713 Command\u00e9 avant 17h00, exp\u00e9di\u00e9 le jour m\u00eame<\/p>\n","protected":false},"excerpt":{"rendered":"<p><strong>VOORDELEN<\/strong><\/p>\n<ul>\n<li>elke dag zuiver water<\/li>\n<li>verbetering van de gezondheid<\/li>\n<li>heerlijke koffie, thee, limonade, smoothies etc.<\/li>\n<li>Zuinig in gebruik (besparing: \u20ac 400,- p\/p p\/j)<\/li>\n<li> geen gesjouw meer met mineraalwater<\/li>\n<li>milieuvriendelijk &amp; duurzame oplossing<\/li>\n<\/ul>\n<p><strong>BESPARING: \u20ac 438,- per persoon per jaar!<br \/>\n<\/strong>Het gebruik van een waterfilter levert veel gezondheidsvoordelen op, maar er is ook een aanzienlijke besparing op de milieuvervuiling (aardolie, plastic en transport), om nog maar te zwijgen van het vervoeren van honderden liters water per jaar! Maar dat is nog niet alles, daarnaast zijn er ook financi\u00eble besparingen. <\/p>\n<p>Gemiddeld kost 1 liter kraanwater \u20ac 0,05, mineraalwater kost \u20ac 0,60 per liter.<br \/>\nGa ervan uit dat u 2 liter per dag per persoon drinkt:<br \/>\nWaterfilter: \u20ac 0,05 x 2 liter x 365 (dagen) = \u20ac 36,50 per persoon per jaar.<br \/>\nMineraalwater: \u20ac 0,60 x 2 liter x 365 (dagen) = \u20ac 438,- per persoon per jaar.<\/p>\n","protected":false},"featured_media":1600,"comment_status":"open","ping_status":"closed","template":"","meta":{"_acf_changed":false},"product_brand":[],"product_cat":[74],"product_tag":[],"class_list":{"0":"post-2576","1":"product","2":"type-product","3":"status-publish","4":"has-post-thumbnail","6":"product_cat-filters-nl","8":"first","9":"instock","10":"shipping-taxable","11":"purchasable","12":"product-type-simple"},"acf":[],"yoast_head":"<!-- This site is optimized with the Yoast SEO plugin v27.4 - https:\/\/yoast.com\/product\/yoast-seo-wordpress\/ -->\n<title>Filtre tout-en-un Pos\u00e9idon - Purassima<\/title>\n<meta name=\"robots\" content=\"index, follow, max-snippet:-1, max-image-preview:large, max-video-preview:-1\" \/>\n<link rel=\"canonical\" href=\"https:\/\/purassima.com\/nl\/product\/filtre-tout-en-un-poseidon\/\" \/>\n<meta property=\"og:locale\" content=\"nl_NL\" \/>\n<meta property=\"og:type\" content=\"article\" \/>\n<meta property=\"og:title\" content=\"Filtre tout-en-un Pos\u00e9idon - Purassima\" \/>\n<meta property=\"og:description\" content=\"VOORDELEN  elke dag zuiver water  verbetering van de gezondheid  heerlijke koffie, thee, limonade, smoothies etc.  Zuinig in gebruik (besparing: \u20ac 400,- p\/p p\/j)  geen gesjouw meer met mineraalwater  milieuvriendelijk &amp; duurzame oplossing BESPARING: \u20ac 438,- per persoon per jaar! Het gebruik van een waterfilter levert veel gezondheidsvoordelen op, maar er is ook een aanzienlijke besparing op de milieuvervuiling (aardolie, plastic en transport), om nog maar te zwijgen van het vervoeren van honderden liters water per jaar! Maar dat is nog niet alles, daarnaast zijn er ook financi\u00eble besparingen.  Gemiddeld kost 1 liter kraanwater \u20ac 0,05, mineraalwater kost \u20ac 0,60 per liter. Ga ervan uit dat u 2 liter per dag per persoon drinkt: Waterfilter: \u20ac 0,05 x 2 liter x 365 (dagen) = \u20ac 36,50 per persoon per jaar. Mineraalwater: \u20ac 0,60 x 2 liter x 365 (dagen) = \u20ac 438,- per persoon per jaar.\" \/>\n<meta property=\"og:url\" content=\"https:\/\/purassima.com\/nl\/product\/filtre-tout-en-un-poseidon\/\" \/>\n<meta property=\"og:site_name\" content=\"Purassima\" \/>\n<meta property=\"og:image\" content=\"https:\/\/purassima.com\/wp-content\/uploads\/2025\/07\/filter_07dd267c-3cd9-4c3c-b701-84460cbbdd92.webp\" \/>\n\t<meta property=\"og:image:width\" content=\"600\" \/>\n\t<meta property=\"og:image:height\" content=\"600\" \/>\n\t<meta property=\"og:image:type\" content=\"image\/webp\" \/>\n<meta name=\"twitter:card\" content=\"summary_large_image\" \/>\n<script type=\"application\/ld+json\" class=\"yoast-schema-graph\">{\"@context\":\"https:\\\/\\\/schema.org\",\"@graph\":[{\"@type\":\"WebPage\",\"@id\":\"https:\\\/\\\/purassima.com\\\/nl\\\/product\\\/filtre-tout-en-un-poseidon\\\/\",\"url\":\"https:\\\/\\\/purassima.com\\\/nl\\\/product\\\/filtre-tout-en-un-poseidon\\\/\",\"name\":\"Filtre tout-en-un Pos\u00e9idon - Purassima\",\"isPartOf\":{\"@id\":\"https:\\\/\\\/purassima.com\\\/nl\\\/#website\"},\"primaryImageOfPage\":{\"@id\":\"https:\\\/\\\/purassima.com\\\/nl\\\/product\\\/filtre-tout-en-un-poseidon\\\/#primaryimage\"},\"image\":{\"@id\":\"https:\\\/\\\/purassima.com\\\/nl\\\/product\\\/filtre-tout-en-un-poseidon\\\/#primaryimage\"},\"thumbnailUrl\":\"https:\\\/\\\/purassima.com\\\/wp-content\\\/uploads\\\/2025\\\/07\\\/filter_07dd267c-3cd9-4c3c-b701-84460cbbdd92.webp\",\"datePublished\":\"2025-07-25T04:01:25+00:00\",\"breadcrumb\":{\"@id\":\"https:\\\/\\\/purassima.com\\\/nl\\\/product\\\/filtre-tout-en-un-poseidon\\\/#breadcrumb\"},\"inLanguage\":\"nl-NL\",\"potentialAction\":[{\"@type\":\"ReadAction\",\"target\":[\"https:\\\/\\\/purassima.com\\\/nl\\\/product\\\/filtre-tout-en-un-poseidon\\\/\"]}]},{\"@type\":\"ImageObject\",\"inLanguage\":\"nl-NL\",\"@id\":\"https:\\\/\\\/purassima.com\\\/nl\\\/product\\\/filtre-tout-en-un-poseidon\\\/#primaryimage\",\"url\":\"https:\\\/\\\/purassima.com\\\/wp-content\\\/uploads\\\/2025\\\/07\\\/filter_07dd267c-3cd9-4c3c-b701-84460cbbdd92.webp\",\"contentUrl\":\"https:\\\/\\\/purassima.com\\\/wp-content\\\/uploads\\\/2025\\\/07\\\/filter_07dd267c-3cd9-4c3c-b701-84460cbbdd92.webp\",\"width\":600,\"height\":600},{\"@type\":\"BreadcrumbList\",\"@id\":\"https:\\\/\\\/purassima.com\\\/nl\\\/product\\\/filtre-tout-en-un-poseidon\\\/#breadcrumb\",\"itemListElement\":[{\"@type\":\"ListItem\",\"position\":1,\"name\":\"Home\",\"item\":\"https:\\\/\\\/purassima.com\\\/nl\\\/thuis\\\/\"},{\"@type\":\"ListItem\",\"position\":2,\"name\":\"Collections\",\"item\":\"https:\\\/\\\/purassima.com\\\/collections\\\/\"},{\"@type\":\"ListItem\",\"position\":3,\"name\":\"Filtre tout-en-un Pos\u00e9idon\"}]},{\"@type\":\"WebSite\",\"@id\":\"https:\\\/\\\/purassima.com\\\/nl\\\/#website\",\"url\":\"https:\\\/\\\/purassima.com\\\/nl\\\/\",\"name\":\"purassima\",\"description\":\"\",\"potentialAction\":[{\"@type\":\"SearchAction\",\"target\":{\"@type\":\"EntryPoint\",\"urlTemplate\":\"https:\\\/\\\/purassima.com\\\/nl\\\/?s={search_term_string}\"},\"query-input\":{\"@type\":\"PropertyValueSpecification\",\"valueRequired\":true,\"valueName\":\"search_term_string\"}}],\"inLanguage\":\"nl-NL\"}]}<\/script>\n<!-- \/ Yoast SEO plugin. -->","yoast_head_json":{"title":"Filtre tout-en-un Pos\u00e9idon - Purassima","robots":{"index":"index","follow":"follow","max-snippet":"max-snippet:-1","max-image-preview":"max-image-preview:large","max-video-preview":"max-video-preview:-1"},"canonical":"https:\/\/purassima.com\/nl\/product\/filtre-tout-en-un-poseidon\/","og_locale":"nl_NL","og_type":"article","og_title":"Filtre tout-en-un Pos\u00e9idon - Purassima","og_description":"VOORDELEN  elke dag zuiver water  verbetering van de gezondheid  heerlijke koffie, thee, limonade, smoothies etc.  Zuinig in gebruik (besparing: \u20ac 400,- p\/p p\/j)  geen gesjouw meer met mineraalwater  milieuvriendelijk &amp; duurzame oplossing BESPARING: \u20ac 438,- per persoon per jaar! Het gebruik van een waterfilter levert veel gezondheidsvoordelen op, maar er is ook een aanzienlijke besparing op de milieuvervuiling (aardolie, plastic en transport), om nog maar te zwijgen van het vervoeren van honderden liters water per jaar! Maar dat is nog niet alles, daarnaast zijn er ook financi\u00eble besparingen.  Gemiddeld kost 1 liter kraanwater \u20ac 0,05, mineraalwater kost \u20ac 0,60 per liter. Ga ervan uit dat u 2 liter per dag per persoon drinkt: Waterfilter: \u20ac 0,05 x 2 liter x 365 (dagen) = \u20ac 36,50 per persoon per jaar. Mineraalwater: \u20ac 0,60 x 2 liter x 365 (dagen) = \u20ac 438,- per persoon per jaar.","og_url":"https:\/\/purassima.com\/nl\/product\/filtre-tout-en-un-poseidon\/","og_site_name":"Purassima","og_image":[{"width":600,"height":600,"url":"https:\/\/purassima.com\/wp-content\/uploads\/2025\/07\/filter_07dd267c-3cd9-4c3c-b701-84460cbbdd92.webp","type":"image\/webp"}],"twitter_card":"summary_large_image","schema":{"@context":"https:\/\/schema.org","@graph":[{"@type":"WebPage","@id":"https:\/\/purassima.com\/nl\/product\/filtre-tout-en-un-poseidon\/","url":"https:\/\/purassima.com\/nl\/product\/filtre-tout-en-un-poseidon\/","name":"Filtre tout-en-un Pos\u00e9idon - Purassima","isPartOf":{"@id":"https:\/\/purassima.com\/nl\/#website"},"primaryImageOfPage":{"@id":"https:\/\/purassima.com\/nl\/product\/filtre-tout-en-un-poseidon\/#primaryimage"},"image":{"@id":"https:\/\/purassima.com\/nl\/product\/filtre-tout-en-un-poseidon\/#primaryimage"},"thumbnailUrl":"https:\/\/purassima.com\/wp-content\/uploads\/2025\/07\/filter_07dd267c-3cd9-4c3c-b701-84460cbbdd92.webp","datePublished":"2025-07-25T04:01:25+00:00","breadcrumb":{"@id":"https:\/\/purassima.com\/nl\/product\/filtre-tout-en-un-poseidon\/#breadcrumb"},"inLanguage":"nl-NL","potentialAction":[{"@type":"ReadAction","target":["https:\/\/purassima.com\/nl\/product\/filtre-tout-en-un-poseidon\/"]}]},{"@type":"ImageObject","inLanguage":"nl-NL","@id":"https:\/\/purassima.com\/nl\/product\/filtre-tout-en-un-poseidon\/#primaryimage","url":"https:\/\/purassima.com\/wp-content\/uploads\/2025\/07\/filter_07dd267c-3cd9-4c3c-b701-84460cbbdd92.webp","contentUrl":"https:\/\/purassima.com\/wp-content\/uploads\/2025\/07\/filter_07dd267c-3cd9-4c3c-b701-84460cbbdd92.webp","width":600,"height":600},{"@type":"BreadcrumbList","@id":"https:\/\/purassima.com\/nl\/product\/filtre-tout-en-un-poseidon\/#breadcrumb","itemListElement":[{"@type":"ListItem","position":1,"name":"Home","item":"https:\/\/purassima.com\/nl\/thuis\/"},{"@type":"ListItem","position":2,"name":"Collections","item":"https:\/\/purassima.com\/collections\/"},{"@type":"ListItem","position":3,"name":"Filtre tout-en-un Pos\u00e9idon"}]},{"@type":"WebSite","@id":"https:\/\/purassima.com\/nl\/#website","url":"https:\/\/purassima.com\/nl\/","name":"purassima","description":"","potentialAction":[{"@type":"SearchAction","target":{"@type":"EntryPoint","urlTemplate":"https:\/\/purassima.com\/nl\/?s={search_term_string}"},"query-input":{"@type":"PropertyValueSpecification","valueRequired":true,"valueName":"search_term_string"}}],"inLanguage":"nl-NL"}]}},"_links":{"self":[{"href":"https:\/\/purassima.com\/nl\/wp-json\/wp\/v2\/product\/2576","targetHints":{"allow":["GET"]}}],"collection":[{"href":"https:\/\/purassima.com\/nl\/wp-json\/wp\/v2\/product"}],"about":[{"href":"https:\/\/purassima.com\/nl\/wp-json\/wp\/v2\/types\/product"}],"replies":[{"embeddable":true,"href":"https:\/\/purassima.com\/nl\/wp-json\/wp\/v2\/comments?post=2576"}],"version-history":[{"count":0,"href":"https:\/\/purassima.com\/nl\/wp-json\/wp\/v2\/product\/2576\/revisions"}],"wp:featuredmedia":[{"embeddable":true,"href":"https:\/\/purassima.com\/nl\/wp-json\/wp\/v2\/media\/1600"}],"wp:attachment":[{"href":"https:\/\/purassima.com\/nl\/wp-json\/wp\/v2\/media?parent=2576"}],"wp:term":[{"taxonomy":"product_brand","embeddable":true,"href":"https:\/\/purassima.com\/nl\/wp-json\/wp\/v2\/product_brand?post=2576"},{"taxonomy":"product_cat","embeddable":true,"href":"https:\/\/purassima.com\/nl\/wp-json\/wp\/v2\/product_cat?post=2576"},{"taxonomy":"product_tag","embeddable":true,"href":"https:\/\/purassima.com\/nl\/wp-json\/wp\/v2\/product_tag?post=2576"}],"curies":[{"name":"wp","href":"https:\/\/api.w.org\/{rel}","templated":true}]}}