{"id":2675,"date":"2025-07-25T09:48:28","date_gmt":"2025-07-25T09:48:28","guid":{"rendered":"https:\/\/purassima.com\/product\/poseidon-omgekeerde-osmosedispenser-2\/"},"modified":"2025-07-31T08:10:27","modified_gmt":"2025-07-31T08:10:27","slug":"poseidon-omgekeerde-osmosedispenser-2","status":"publish","type":"product","link":"https:\/\/purassima.com\/nl\/product\/poseidon-omgekeerde-osmosedispenser-2\/","title":{"rendered":"Poseidon &#8211; omgekeerde osmosedispenser"},"content":{"rendered":"\t\t<div data-elementor-type=\"product-post\" data-elementor-id=\"2675\" class=\"elementor elementor-2675 elementor-625\" data-elementor-post-type=\"product\">\n\t\t\t\t<div class=\"elementor-element elementor-element-44f9a4f6 e-flex e-con-boxed e-con e-parent\" data-id=\"44f9a4f6\" data-element_type=\"container\" data-e-type=\"container\">\n\t\t\t\t\t<div class=\"e-con-inner\">\n\t\t\t\t<div class=\"elementor-element elementor-element-2e10240 elementor-widget elementor-widget-text-editor\" data-id=\"2e10240\" data-element_type=\"widget\" data-e-type=\"widget\" data-widget_type=\"text-editor.default\">\n\t\t\t\t\t\t\t\t\tMerk: Purassima\nModel: Poseidon\nProduct: waterfiltersysteem &#8211; aanrecht\/dispenser\nMethode: omgekeerde osmose (RO)\nFilters: 1 filter &#8211; 5 filtratiestappen\nElektriciteit: 230volt\nInstallatie: niet nodig\n\nSOLLICITATIE:\n&#8211; huishoudens: keuken\n&#8211; bedrijf\/kantoren: keuken\/vergaderruimte\n&#8211; mobiel: caravan, camper of boot\n\nDe Poseidon is een aanrechtmodel op basis van omgekeerde osmose. Het is gemakkelijk te gebruiken en vereist geen installatie. De watertemperatuur stel je in 3 standen in: 45\/80\/100 graden Celsius. Het systeem is voorzien van een filterindicator en waterindicator en beschikt over een zelfreinigende functie.   \n\nOmgekeerde osmose heeft het kleinste membraan van 0,0001 micron en filtert daarmee 95-99% van de onzuiverheden (onder andere): chloor, fluoride, bacteri\u00ebn, virussen, parasieten, microplastics, GenX, PFAS, pesticiden en zware metalen. De Poseidon heeft 1 alles-in-\u00e9\u00e9n filter voor 5 filtraties. Dit filter is zeer eenvoudig zelf te vervangen.  \n\nSPECIFICATIES\n<ul class=\"uk-list uk-list-line\">\n \t<li> Tankinhoud: 4 liter (extern) 1 liter (intern)<\/li>\n \t<li><i class=\"uk-theme-icon-check\"><\/i> Koudwaterproductie: 0,2 l\/min<\/li>\n \t<li><i class=\"uk-theme-icon-check\"><\/i> Warmwaterproductie: 0,4 l\/min<\/li>\n \t<li><i class=\"uk-theme-icon-check\"><\/i> Vereiste waterdruk: 0 ~ 0,1 MPa<\/li>\n \t<li><i class=\"uk-theme-icon-check\"><\/i> Gewicht: 8 kg.<\/li>\n \t<li><i class=\"uk-theme-icon-check\"><\/i> Afmetingen: 347 x 215 x 351 mm.<\/li>\n \t<li>\n<\/li><\/ul>\nINSTALLATIE &amp; MONTAGE\nDit systeem heeft geen installatie nodig! Een model spoelbak met omgekeerde osmose moet door een vakman worden ge\u00efnstalleerd en kost tussen de \u20ac 200,- en \u20ac 400,-. Deze kosten bespaar je direct met dit aanrechtmodel.  \t\t\t\t\t\t\t\t<\/div>\n\t\t\t\t\t<\/div>\n\t\t\t\t<\/div>\n\t\t<div class=\"elementor-element elementor-element-81cd763 e-flex e-con-boxed e-con e-parent\" data-id=\"81cd763\" data-element_type=\"container\" data-e-type=\"container\">\n\t\t\t\t\t<div class=\"e-con-inner\">\n\t\t\t\t<div class=\"elementor-element elementor-element-6190318 elementor-widget elementor-widget-heading\" data-id=\"6190318\" data-element_type=\"widget\" data-e-type=\"widget\" data-widget_type=\"heading.default\">\n\t\t\t\t\t<h2 class=\"elementor-heading-title elementor-size-default\">Download de pdf<\/h2>\t\t\t\t<\/div>\n\t\t<div data-ha-element-link=\"{&quot;url&quot;:&quot;https:\\\/\\\/purassima.com\\\/wp-content\\\/uploads\\\/2025\\\/07\\\/Purassima_brochure_EN-12.pdf&quot;,&quot;is_external&quot;:&quot;on&quot;,&quot;nofollow&quot;:&quot;&quot;}\" style=\"cursor: pointer\" class=\"elementor-element elementor-element-8672fac e-con-full e-flex e-con e-child\" data-id=\"8672fac\" data-element_type=\"container\" data-e-type=\"container\" data-settings=\"{&quot;background_background&quot;:&quot;classic&quot;}\">\n\t\t<div class=\"elementor-element elementor-element-0b26c1d e-con-full e-flex e-con e-child\" data-id=\"0b26c1d\" data-element_type=\"container\" data-e-type=\"container\">\n\t\t\t\t<div class=\"elementor-element elementor-element-ed4cbec elementor-widget elementor-widget-image\" data-id=\"ed4cbec\" data-element_type=\"widget\" data-e-type=\"widget\" data-widget_type=\"image.default\">\n\t\t\t\t\t\t\t\t\t\t\t\t\t\t\t<img fetchpriority=\"high\" decoding=\"async\" width=\"800\" height=\"893\" src=\"https:\/\/purassima.com\/wp-content\/uploads\/2025\/07\/PDF_icon.webp\" class=\"attachment-large size-large wp-image-2764\" alt=\"\" srcset=\"https:\/\/purassima.com\/wp-content\/uploads\/2025\/07\/PDF_icon.webp 820w, https:\/\/purassima.com\/wp-content\/uploads\/2025\/07\/PDF_icon-269x300.webp 269w, https:\/\/purassima.com\/wp-content\/uploads\/2025\/07\/PDF_icon-768x857.webp 768w, https:\/\/purassima.com\/wp-content\/uploads\/2025\/07\/PDF_icon-600x670.webp 600w\" sizes=\"(max-width: 800px) 100vw, 800px\" \/>\t\t\t\t\t\t\t\t\t\t\t\t\t\t\t<\/div>\n\t\t\t\t<\/div>\n\t\t<div class=\"elementor-element elementor-element-e602e40 e-con-full e-flex e-con e-child\" data-id=\"e602e40\" data-element_type=\"container\" data-e-type=\"container\">\n\t\t\t\t<div class=\"elementor-element elementor-element-989aff2 elementor-widget elementor-widget-heading\" data-id=\"989aff2\" data-element_type=\"widget\" data-e-type=\"widget\" data-widget_type=\"heading.default\">\n\t\t\t\t\t<h2 class=\"elementor-heading-title elementor-size-default\">Purissima-perspectiefsysteem<\/h2>\t\t\t\t<\/div>\n\t\t\t\t<div class=\"elementor-element elementor-element-34a8609 elementor-widget elementor-widget-text-editor\" data-id=\"34a8609\" data-element_type=\"widget\" data-e-type=\"widget\" data-widget_type=\"text-editor.default\">\n\t\t\t\t\t\t\t\t\t(550.61 KB)\n\n\t\t\t\t\t\t\t\t<\/div>\n\t\t\t\t<\/div>\n\t\t\t\t<\/div>\n\t\t<div data-ha-element-link=\"{&quot;url&quot;:&quot;https:\\\/\\\/purassima.com\\\/wp-content\\\/uploads\\\/2025\\\/07\\\/Dispensers_web_folder_NL-5.pdf&quot;,&quot;is_external&quot;:&quot;on&quot;,&quot;nofollow&quot;:&quot;&quot;}\" style=\"cursor: pointer\" class=\"elementor-element elementor-element-d63248f e-con-full e-flex e-con e-child\" data-id=\"d63248f\" data-element_type=\"container\" data-e-type=\"container\" data-settings=\"{&quot;background_background&quot;:&quot;classic&quot;}\">\n\t\t<div class=\"elementor-element elementor-element-3cdd53b e-con-full e-flex e-con e-child\" data-id=\"3cdd53b\" data-element_type=\"container\" data-e-type=\"container\">\n\t\t\t\t<div class=\"elementor-element elementor-element-332f83b elementor-widget elementor-widget-image\" data-id=\"332f83b\" data-element_type=\"widget\" data-e-type=\"widget\" data-widget_type=\"image.default\">\n\t\t\t\t\t\t\t\t\t\t\t\t\t\t\t<img fetchpriority=\"high\" decoding=\"async\" width=\"800\" height=\"893\" src=\"https:\/\/purassima.com\/wp-content\/uploads\/2025\/07\/PDF_icon.webp\" class=\"attachment-large size-large wp-image-2764\" alt=\"\" srcset=\"https:\/\/purassima.com\/wp-content\/uploads\/2025\/07\/PDF_icon.webp 820w, https:\/\/purassima.com\/wp-content\/uploads\/2025\/07\/PDF_icon-269x300.webp 269w, https:\/\/purassima.com\/wp-content\/uploads\/2025\/07\/PDF_icon-768x857.webp 768w, https:\/\/purassima.com\/wp-content\/uploads\/2025\/07\/PDF_icon-600x670.webp 600w\" sizes=\"(max-width: 800px) 100vw, 800px\" \/>\t\t\t\t\t\t\t\t\t\t\t\t\t\t\t<\/div>\n\t\t\t\t<\/div>\n\t\t<div class=\"elementor-element elementor-element-0f87fe0 e-con-full e-flex e-con e-child\" data-id=\"0f87fe0\" data-element_type=\"container\" data-e-type=\"container\">\n\t\t\t\t<div class=\"elementor-element elementor-element-856e217 elementor-widget elementor-widget-heading\" data-id=\"856e217\" data-element_type=\"widget\" data-e-type=\"widget\" data-widget_type=\"heading.default\">\n\t\t\t\t\t<h2 class=\"elementor-heading-title elementor-size-default\">De puurste goudzoeker<\/h2>\t\t\t\t<\/div>\n\t\t\t\t<div class=\"elementor-element elementor-element-e619bcd elementor-widget elementor-widget-text-editor\" data-id=\"e619bcd\" data-element_type=\"widget\" data-e-type=\"widget\" data-widget_type=\"text-editor.default\">\n\t\t\t\t\t\t\t\t\t(227.4 KB)\n\n\t\t\t\t\t\t\t\t<\/div>\n\t\t\t\t<\/div>\n\t\t\t\t<\/div>\n\t\t\t\t\t<\/div>\n\t\t\t\t<\/div>\n\t\t\t\t<\/div>\n\t\t","protected":false},"excerpt":{"rendered":"<p><strong>VOORDELEN<\/strong><\/p>\n<ul>\n<li>elke dag zuiver water<\/li>\n<li>verbetering van de gezondheid<\/li>\n<li>heerlijke koffie, thee, limonade, smoothies etc.<\/li>\n<li>Zuinig in gebruik (besparing: \u20ac 400,- p\/p p\/j)<\/li>\n<li> geen gesjouw meer met mineraalwater<\/li>\n<li>milieuvriendelijk &amp; duurzame oplossing<\/li>\n<\/ul>\n<p><strong>BESPARING: \u20ac 438,- per persoon per jaar!<br \/>\n<\/strong>Het gebruik van een waterfilter levert veel gezondheidsvoordelen op, maar er is ook een aanzienlijke besparing op de milieuvervuiling (aardolie, plastic en transport), om nog maar te zwijgen van het vervoeren van honderden liters water per jaar! Maar dat is nog niet alles, daarnaast zijn er ook financi\u00eble besparingen. <\/p>\n<p>Gemiddeld kost 1 liter kraanwater \u20ac 0,05, mineraalwater kost \u20ac 0,60 per liter.<br \/>\nGa ervan uit dat u 2 liter per dag per persoon drinkt:<br \/>\nWaterfilter: \u20ac 0,05 x 2 liter x 365 (dagen) = \u20ac 36,50 per persoon per jaar.<br \/>\nMineraalwater: \u20ac 0,60 x 2 liter x 365 (dagen) = \u20ac 438,- per persoon per jaar.<\/p>\n","protected":false},"featured_media":1905,"comment_status":"open","ping_status":"closed","template":"","meta":{"_acf_changed":false},"product_brand":[],"product_cat":[100],"product_tag":[],"class_list":{"0":"post-2675","1":"product","2":"type-product","3":"status-publish","4":"has-post-thumbnail","6":"product_cat-waterfilterdispensers","8":"first","9":"instock","10":"shipping-taxable","11":"purchasable","12":"product-type-simple"},"acf":[],"yoast_head":"<!-- This site is optimized with the Yoast SEO plugin v27.4 - https:\/\/yoast.com\/product\/yoast-seo-wordpress\/ -->\n<title>Poseidon - omgekeerde osmosedispenser - Purassima<\/title>\n<meta name=\"robots\" content=\"index, follow, max-snippet:-1, max-image-preview:large, max-video-preview:-1\" \/>\n<link rel=\"canonical\" href=\"https:\/\/purassima.com\/nl\/product\/poseidon-omgekeerde-osmosedispenser-2\/\" \/>\n<meta property=\"og:locale\" content=\"nl_NL\" \/>\n<meta property=\"og:type\" content=\"article\" \/>\n<meta property=\"og:title\" content=\"Poseidon - omgekeerde osmosedispenser - Purassima\" \/>\n<meta property=\"og:description\" content=\"VOORDELEN   elke dag zuiver water  verbetering van de gezondheid  heerlijke koffie, thee, limonade, smoothies etc.  Zuinig in gebruik (besparing: \u20ac 400,- p\/p p\/j)   geen gesjouw meer met mineraalwater  milieuvriendelijk &amp; duurzame oplossing  BESPARING: \u20ac 438,- per persoon per jaar! Het gebruik van een waterfilter levert veel gezondheidsvoordelen op, maar er is ook een aanzienlijke besparing op de milieuvervuiling (aardolie, plastic en transport), om nog maar te zwijgen van het vervoeren van honderden liters water per jaar! Maar dat is nog niet alles, daarnaast zijn er ook financi\u00eble besparingen.   Gemiddeld kost 1 liter kraanwater \u20ac 0,05, mineraalwater kost \u20ac 0,60 per liter. Ga ervan uit dat u 2 liter per dag per persoon drinkt: Waterfilter: \u20ac 0,05 x 2 liter x 365 (dagen) = \u20ac 36,50 per persoon per jaar. Mineraalwater: \u20ac 0,60 x 2 liter x 365 (dagen) = \u20ac 438,- per persoon per jaar.\" \/>\n<meta property=\"og:url\" content=\"https:\/\/purassima.com\/nl\/product\/poseidon-omgekeerde-osmosedispenser-2\/\" \/>\n<meta property=\"og:site_name\" content=\"Purassima\" \/>\n<meta property=\"article:modified_time\" content=\"2025-07-31T08:10:27+00:00\" \/>\n<meta property=\"og:image\" content=\"https:\/\/purassima.com\/wp-content\/uploads\/2025\/07\/Posdeidon_pix1-1.webp\" \/>\n\t<meta property=\"og:image:width\" content=\"800\" \/>\n\t<meta property=\"og:image:height\" content=\"800\" \/>\n\t<meta property=\"og:image:type\" content=\"image\/webp\" \/>\n<meta name=\"twitter:card\" content=\"summary_large_image\" \/>\n<meta name=\"twitter:label1\" content=\"Geschatte leestijd\" \/>\n\t<meta name=\"twitter:data1\" content=\"2 minuten\" \/>\n<script type=\"application\/ld+json\" class=\"yoast-schema-graph\">{\"@context\":\"https:\\\/\\\/schema.org\",\"@graph\":[{\"@type\":\"WebPage\",\"@id\":\"https:\\\/\\\/purassima.com\\\/nl\\\/product\\\/poseidon-omgekeerde-osmosedispenser-2\\\/\",\"url\":\"https:\\\/\\\/purassima.com\\\/nl\\\/product\\\/poseidon-omgekeerde-osmosedispenser-2\\\/\",\"name\":\"Poseidon - omgekeerde osmosedispenser - Purassima\",\"isPartOf\":{\"@id\":\"https:\\\/\\\/purassima.com\\\/nl\\\/#website\"},\"primaryImageOfPage\":{\"@id\":\"https:\\\/\\\/purassima.com\\\/nl\\\/product\\\/poseidon-omgekeerde-osmosedispenser-2\\\/#primaryimage\"},\"image\":{\"@id\":\"https:\\\/\\\/purassima.com\\\/nl\\\/product\\\/poseidon-omgekeerde-osmosedispenser-2\\\/#primaryimage\"},\"thumbnailUrl\":\"https:\\\/\\\/purassima.com\\\/wp-content\\\/uploads\\\/2025\\\/07\\\/Posdeidon_pix1-1.webp\",\"datePublished\":\"2025-07-25T09:48:28+00:00\",\"dateModified\":\"2025-07-31T08:10:27+00:00\",\"breadcrumb\":{\"@id\":\"https:\\\/\\\/purassima.com\\\/nl\\\/product\\\/poseidon-omgekeerde-osmosedispenser-2\\\/#breadcrumb\"},\"inLanguage\":\"nl-NL\",\"potentialAction\":[{\"@type\":\"ReadAction\",\"target\":[\"https:\\\/\\\/purassima.com\\\/nl\\\/product\\\/poseidon-omgekeerde-osmosedispenser-2\\\/\"]}]},{\"@type\":\"ImageObject\",\"inLanguage\":\"nl-NL\",\"@id\":\"https:\\\/\\\/purassima.com\\\/nl\\\/product\\\/poseidon-omgekeerde-osmosedispenser-2\\\/#primaryimage\",\"url\":\"https:\\\/\\\/purassima.com\\\/wp-content\\\/uploads\\\/2025\\\/07\\\/Posdeidon_pix1-1.webp\",\"contentUrl\":\"https:\\\/\\\/purassima.com\\\/wp-content\\\/uploads\\\/2025\\\/07\\\/Posdeidon_pix1-1.webp\",\"width\":800,\"height\":800},{\"@type\":\"BreadcrumbList\",\"@id\":\"https:\\\/\\\/purassima.com\\\/nl\\\/product\\\/poseidon-omgekeerde-osmosedispenser-2\\\/#breadcrumb\",\"itemListElement\":[{\"@type\":\"ListItem\",\"position\":1,\"name\":\"Home\",\"item\":\"https:\\\/\\\/purassima.com\\\/nl\\\/thuis\\\/\"},{\"@type\":\"ListItem\",\"position\":2,\"name\":\"Collections\",\"item\":\"https:\\\/\\\/purassima.com\\\/collections\\\/\"},{\"@type\":\"ListItem\",\"position\":3,\"name\":\"Poseidon &#8211; omgekeerde osmosedispenser\"}]},{\"@type\":\"WebSite\",\"@id\":\"https:\\\/\\\/purassima.com\\\/nl\\\/#website\",\"url\":\"https:\\\/\\\/purassima.com\\\/nl\\\/\",\"name\":\"purassima\",\"description\":\"\",\"potentialAction\":[{\"@type\":\"SearchAction\",\"target\":{\"@type\":\"EntryPoint\",\"urlTemplate\":\"https:\\\/\\\/purassima.com\\\/nl\\\/?s={search_term_string}\"},\"query-input\":{\"@type\":\"PropertyValueSpecification\",\"valueRequired\":true,\"valueName\":\"search_term_string\"}}],\"inLanguage\":\"nl-NL\"}]}<\/script>\n<!-- \/ Yoast SEO plugin. -->","yoast_head_json":{"title":"Poseidon - omgekeerde osmosedispenser - Purassima","robots":{"index":"index","follow":"follow","max-snippet":"max-snippet:-1","max-image-preview":"max-image-preview:large","max-video-preview":"max-video-preview:-1"},"canonical":"https:\/\/purassima.com\/nl\/product\/poseidon-omgekeerde-osmosedispenser-2\/","og_locale":"nl_NL","og_type":"article","og_title":"Poseidon - omgekeerde osmosedispenser - Purassima","og_description":"VOORDELEN   elke dag zuiver water  verbetering van de gezondheid  heerlijke koffie, thee, limonade, smoothies etc.  Zuinig in gebruik (besparing: \u20ac 400,- p\/p p\/j)   geen gesjouw meer met mineraalwater  milieuvriendelijk &amp; duurzame oplossing  BESPARING: \u20ac 438,- per persoon per jaar! Het gebruik van een waterfilter levert veel gezondheidsvoordelen op, maar er is ook een aanzienlijke besparing op de milieuvervuiling (aardolie, plastic en transport), om nog maar te zwijgen van het vervoeren van honderden liters water per jaar! Maar dat is nog niet alles, daarnaast zijn er ook financi\u00eble besparingen.   Gemiddeld kost 1 liter kraanwater \u20ac 0,05, mineraalwater kost \u20ac 0,60 per liter. Ga ervan uit dat u 2 liter per dag per persoon drinkt: Waterfilter: \u20ac 0,05 x 2 liter x 365 (dagen) = \u20ac 36,50 per persoon per jaar. Mineraalwater: \u20ac 0,60 x 2 liter x 365 (dagen) = \u20ac 438,- per persoon per jaar.","og_url":"https:\/\/purassima.com\/nl\/product\/poseidon-omgekeerde-osmosedispenser-2\/","og_site_name":"Purassima","article_modified_time":"2025-07-31T08:10:27+00:00","og_image":[{"width":800,"height":800,"url":"https:\/\/purassima.com\/wp-content\/uploads\/2025\/07\/Posdeidon_pix1-1.webp","type":"image\/webp"}],"twitter_card":"summary_large_image","twitter_misc":{"Geschatte leestijd":"2 minuten"},"schema":{"@context":"https:\/\/schema.org","@graph":[{"@type":"WebPage","@id":"https:\/\/purassima.com\/nl\/product\/poseidon-omgekeerde-osmosedispenser-2\/","url":"https:\/\/purassima.com\/nl\/product\/poseidon-omgekeerde-osmosedispenser-2\/","name":"Poseidon - omgekeerde osmosedispenser - Purassima","isPartOf":{"@id":"https:\/\/purassima.com\/nl\/#website"},"primaryImageOfPage":{"@id":"https:\/\/purassima.com\/nl\/product\/poseidon-omgekeerde-osmosedispenser-2\/#primaryimage"},"image":{"@id":"https:\/\/purassima.com\/nl\/product\/poseidon-omgekeerde-osmosedispenser-2\/#primaryimage"},"thumbnailUrl":"https:\/\/purassima.com\/wp-content\/uploads\/2025\/07\/Posdeidon_pix1-1.webp","datePublished":"2025-07-25T09:48:28+00:00","dateModified":"2025-07-31T08:10:27+00:00","breadcrumb":{"@id":"https:\/\/purassima.com\/nl\/product\/poseidon-omgekeerde-osmosedispenser-2\/#breadcrumb"},"inLanguage":"nl-NL","potentialAction":[{"@type":"ReadAction","target":["https:\/\/purassima.com\/nl\/product\/poseidon-omgekeerde-osmosedispenser-2\/"]}]},{"@type":"ImageObject","inLanguage":"nl-NL","@id":"https:\/\/purassima.com\/nl\/product\/poseidon-omgekeerde-osmosedispenser-2\/#primaryimage","url":"https:\/\/purassima.com\/wp-content\/uploads\/2025\/07\/Posdeidon_pix1-1.webp","contentUrl":"https:\/\/purassima.com\/wp-content\/uploads\/2025\/07\/Posdeidon_pix1-1.webp","width":800,"height":800},{"@type":"BreadcrumbList","@id":"https:\/\/purassima.com\/nl\/product\/poseidon-omgekeerde-osmosedispenser-2\/#breadcrumb","itemListElement":[{"@type":"ListItem","position":1,"name":"Home","item":"https:\/\/purassima.com\/nl\/thuis\/"},{"@type":"ListItem","position":2,"name":"Collections","item":"https:\/\/purassima.com\/collections\/"},{"@type":"ListItem","position":3,"name":"Poseidon &#8211; omgekeerde osmosedispenser"}]},{"@type":"WebSite","@id":"https:\/\/purassima.com\/nl\/#website","url":"https:\/\/purassima.com\/nl\/","name":"purassima","description":"","potentialAction":[{"@type":"SearchAction","target":{"@type":"EntryPoint","urlTemplate":"https:\/\/purassima.com\/nl\/?s={search_term_string}"},"query-input":{"@type":"PropertyValueSpecification","valueRequired":true,"valueName":"search_term_string"}}],"inLanguage":"nl-NL"}]}},"_links":{"self":[{"href":"https:\/\/purassima.com\/nl\/wp-json\/wp\/v2\/product\/2675","targetHints":{"allow":["GET"]}}],"collection":[{"href":"https:\/\/purassima.com\/nl\/wp-json\/wp\/v2\/product"}],"about":[{"href":"https:\/\/purassima.com\/nl\/wp-json\/wp\/v2\/types\/product"}],"replies":[{"embeddable":true,"href":"https:\/\/purassima.com\/nl\/wp-json\/wp\/v2\/comments?post=2675"}],"version-history":[{"count":4,"href":"https:\/\/purassima.com\/nl\/wp-json\/wp\/v2\/product\/2675\/revisions"}],"predecessor-version":[{"id":3211,"href":"https:\/\/purassima.com\/nl\/wp-json\/wp\/v2\/product\/2675\/revisions\/3211"}],"wp:featuredmedia":[{"embeddable":true,"href":"https:\/\/purassima.com\/nl\/wp-json\/wp\/v2\/media\/1905"}],"wp:attachment":[{"href":"https:\/\/purassima.com\/nl\/wp-json\/wp\/v2\/media?parent=2675"}],"wp:term":[{"taxonomy":"product_brand","embeddable":true,"href":"https:\/\/purassima.com\/nl\/wp-json\/wp\/v2\/product_brand?post=2675"},{"taxonomy":"product_cat","embeddable":true,"href":"https:\/\/purassima.com\/nl\/wp-json\/wp\/v2\/product_cat?post=2675"},{"taxonomy":"product_tag","embeddable":true,"href":"https:\/\/purassima.com\/nl\/wp-json\/wp\/v2\/product_tag?post=2675"}],"curies":[{"name":"wp","href":"https:\/\/api.w.org\/{rel}","templated":true}]}}