{"id":2684,"date":"2025-07-25T09:57:01","date_gmt":"2025-07-25T09:57:01","guid":{"rendered":"https:\/\/purassima.com\/product\/gaia-waterzuiveraar-2\/"},"modified":"2025-07-31T08:10:10","modified_gmt":"2025-07-31T08:10:10","slug":"gaia-waterzuiveraar-2","status":"publish","type":"product","link":"https:\/\/purassima.com\/nl\/product\/gaia-waterzuiveraar-2\/","title":{"rendered":"Gaia &#8211; waterzuiveraar"},"content":{"rendered":"\t\t<div data-elementor-type=\"product-post\" data-elementor-id=\"2684\" class=\"elementor elementor-2684 elementor-635\" data-elementor-post-type=\"product\">\n\t\t\t\t<div class=\"elementor-element elementor-element-2867c4a0 e-flex e-con-boxed e-con e-parent\" data-id=\"2867c4a0\" data-element_type=\"container\" data-e-type=\"container\">\n\t\t\t\t\t<div class=\"e-con-inner\">\n\t\t\t\t<div class=\"elementor-element elementor-element-3c94c072 elementor-widget elementor-widget-text-editor\" data-id=\"3c94c072\" data-element_type=\"widget\" data-e-type=\"widget\" data-widget_type=\"text-editor.default\">\n\t\t\t\t\t\t\t\t\tMerk: Purassima\nModel: Gaia &#8211; waterzuiveraar\nInhoud: 14 liter\nMateriaal: ABS\nFilters: 3 filters en 8 filtratiestappen\nGeen elektriciteit nodig!\n\nDe Purassima Gaia desktop waterzuiveraar zonder chemicali\u00ebn of zelfs elektriciteit, maar gebaseerd op natuurlijke filtratie. Verwijdert onder andere microplastics, GenX, PFAS, bacteri\u00ebn, hormonen, medicijnen, pesticiden uit water. Het systeem maakt van kraan-, regen-, rivier- en slootwater PH-neutraal, gezuiverd en gevitaliseerd drinkwater. U zult versteld staan hoe zacht, puur en lekker uw water, maar ook b.v. koffie en thee kunnen proeven!   \n\nFiltratie proces\nHet desktop waterfilter bestaat uit 3 filters in totaal 8 zuiveringsstappen. Dit systeem wordt ook wel een &#8220;zwaartekrachtsysteem&#8221; genoemd. Het water stroomt op natuurlijke wijze door verschillende filters onder invloed van de zwaartekracht. Het water wordt niet aangetast door het persen door middel van een pomp. Het is een veerkrachtig waterfiltratiesysteem dat geen aansluiting op het elektriciteitsnet of drinkwaterdistributiesysteem vereist. Filtratie vindt plaats via verschillende filters en er worden andere filtratiestappen toegevoegd om verontreinigingen te verwijderen zoals: zware metalen, organische verontreinigingen, pesticiden, herbiciden, medicijnresten, chloor, zwevende deeltjes (slib, sediment), slechte smaak, slechte geuren, enz.     \n\nHet filtratieproces bestaat uit de volgende stappen:\n\n1. Microkeramisch filter\n2. Actief koolstoffilter\n3. Kiezelzand\n4. Zeolietfilter\n5. Minerale stenen\n6. Keramisch filter\n7. Illietballen\n8. Vitalisering (Schauberger-principe)\n\nMicrokeramisch filter\nHet microkeramische filter is gemaakt van sterk gecomprimeerde keramische diatomee\u00ebn. Het filter heeft een zeer dunne poreuze structuur van 0,2, wat minder is dan de helft van de grootte van bacteri\u00ebn. Dit filter maakt het water vrij van onder meer roest, stof, zand en bacteri\u00ebn zoals chlorea, tyfus, colibacteri\u00ebn, enz.  \n\nActieve kool (1e laag &#8211; patroon)\nHet gebruik van koolstof voor waterfiltratie is al bekend sinds de Egyptenaren het gebruikten om hun water op te slaan. Koolstof wordt gebruikt om onzuiverheden te absorberen en is het krachtigste absorberende middel dat we kennen. Koolstof kan duizenden verschillende chemicali\u00ebn absorberen, waaronder onder meer chloor.  \n\nKiezelzand (2e laag patroon).\nSilica is een combinatie van zuurstof en silicium, de twee meest voorkomende elementen op aarde. Silica is de minerale bouwsteen die gezonde botten en bindweefsel bevordert. Silica is onder meer verantwoordelijk voor het verwijderen van aluminiumophopingen uit ons lichaam. Helpt onder meer vroegtijdige veroudering, hart- en vaatziekten en de ziekte van Alzheimer te voorkomen. Silica wordt steeds populairder als heilzaam mineraalsupplement in water. Een van de unieke eigenschappen is dat het altijd zijn eigen temperatuur behoudt, waardoor het water koel en fris blijft.     \n\nZeoliet (3e laag patroon)\nZeoliet is een natuurlijk vulkanisch materiaal met een aantal unieke eigenschappen. Zeoliet heeft een ongebruikelijke kristallijne structuur om positief geladen ionen uit te wisselen. Door deze uitwisseling van ionen kunnen zeolieten selectief bepaalde schadelijke en ongewenste elementen uit water absorberen. Zeoliet wisselt natriumionen uit voor calciumionen en absorbeert giftige energie\u00ebn, zware metalen (kwik, lood en chroom), gifstoffen en chloorverbindingen zoals trihalomethaan, waardoor het water zachter wordt. Daarnaast ondersteunt Zeoliet de opname van voedingsstoffen.    \n\nVerschillende minerale stenen (4e en 5e laag &#8211; patroon)\nMinerale stenen worden al eeuwenlang veel gebruikt in gezondheidsproducten. Het is samengesteld uit veel gezondheidsbevorderende elementen zoals kalium, natrium, calcium en magnesium. Naast de toevoeging van mineralen zorgt het er ook voor dat het water vers blijft.  \n\nKeramisch filter\nIn dit stadium wordt het water opnieuw door een keramisch filter geleid om de kleinste onzuiverheden te verwijderen.\n\nIlliet (losse container)\nDeze illietballen hebben een antibacteriologische werking en zenden een infraroodfrequentie uit van 9,23 micrometer. Dit is een lichaamsspecifieke frequentie, die lichaamscellen activeert. Bovendien brengen ze de pH-waarde (zuurgraad) naar 7,0 en wordt zo de zuurgraad van het water verlaagd en geneutraliseerd.  \n\nMagnetische waterkraan (schaubergerprincipe).\nDe kraan is voorzien van magneten en verandert de magnetische kracht van water door het toepassen van clusters en wervels. Hierdoor ontstaan vrij bewegende, hexagonaal gestructureerde watermoleculen die in harmonie zijn met de vloeistoffen in het menselijk lichaam. Op deze manier bevordert het gemagnetiseerde water de gezondheid en vitaliteit. Water wordt gevitaliseerd.  \n\nFiltratietijd: 1,5 liter per uur\nVervangingsfilters: tussen 3-6 maanden, afhankelijk van gebruik (liter)\nHandleiding: Engels\nProductafmetingen: 253x253x590 mm\nGewicht: 2,6 kg\nAfmeting verpakking: 270x270x240 mm\nGewicht verpakt: 2,9 kg\nKenmerken: Werkt zonder elektriciteit\nGarantie: 2 jaar (niet op filters)\nComplete set filters: \u20ac 69,- (incl BTW)\t\t\t\t\t\t\t\t<\/div>\n\t\t\t\t\t<\/div>\n\t\t\t\t<\/div>\n\t\t<div class=\"elementor-element elementor-element-b13f9d3 e-flex e-con-boxed e-con e-parent\" data-id=\"b13f9d3\" data-element_type=\"container\" data-e-type=\"container\">\n\t\t\t\t\t<div class=\"e-con-inner\">\n\t\t\t\t<div class=\"elementor-element elementor-element-5530aa4 elementor-widget elementor-widget-heading\" data-id=\"5530aa4\" data-element_type=\"widget\" data-e-type=\"widget\" data-widget_type=\"heading.default\">\n\t\t\t\t\t<h2 class=\"elementor-heading-title elementor-size-default\">Download de pdf<\/h2>\t\t\t\t<\/div>\n\t\t<div data-ha-element-link=\"{&quot;url&quot;:&quot;https:\\\/\\\/purassima.com\\\/wp-content\\\/uploads\\\/2025\\\/07\\\/Purassima_brochure_EN-13.pdf&quot;,&quot;is_external&quot;:&quot;on&quot;,&quot;nofollow&quot;:&quot;&quot;}\" style=\"cursor: pointer\" class=\"elementor-element elementor-element-996d52f e-con-full e-flex e-con e-child\" data-id=\"996d52f\" data-element_type=\"container\" data-e-type=\"container\" data-settings=\"{&quot;background_background&quot;:&quot;classic&quot;}\">\n\t\t<div class=\"elementor-element elementor-element-4175ef1 e-con-full e-flex e-con e-child\" data-id=\"4175ef1\" data-element_type=\"container\" data-e-type=\"container\">\n\t\t\t\t<div class=\"elementor-element elementor-element-5e0b350 elementor-widget elementor-widget-image\" data-id=\"5e0b350\" data-element_type=\"widget\" data-e-type=\"widget\" data-widget_type=\"image.default\">\n\t\t\t\t\t\t\t\t\t\t\t\t\t\t\t<img fetchpriority=\"high\" decoding=\"async\" width=\"800\" height=\"893\" src=\"https:\/\/purassima.com\/wp-content\/uploads\/2025\/07\/PDF_icon.webp\" class=\"attachment-large size-large wp-image-2764\" alt=\"\" srcset=\"https:\/\/purassima.com\/wp-content\/uploads\/2025\/07\/PDF_icon.webp 820w, https:\/\/purassima.com\/wp-content\/uploads\/2025\/07\/PDF_icon-269x300.webp 269w, https:\/\/purassima.com\/wp-content\/uploads\/2025\/07\/PDF_icon-768x857.webp 768w, https:\/\/purassima.com\/wp-content\/uploads\/2025\/07\/PDF_icon-600x670.webp 600w\" sizes=\"(max-width: 800px) 100vw, 800px\" \/>\t\t\t\t\t\t\t\t\t\t\t\t\t\t\t<\/div>\n\t\t\t\t<\/div>\n\t\t<div class=\"elementor-element elementor-element-ef68c9e e-con-full e-flex e-con e-child\" data-id=\"ef68c9e\" data-element_type=\"container\" data-e-type=\"container\">\n\t\t\t\t<div class=\"elementor-element elementor-element-8b045c7 elementor-widget elementor-widget-heading\" data-id=\"8b045c7\" data-element_type=\"widget\" data-e-type=\"widget\" data-widget_type=\"heading.default\">\n\t\t\t\t\t<h2 class=\"elementor-heading-title elementor-size-default\">Purissima-perspectiefsysteem<\/h2>\t\t\t\t<\/div>\n\t\t\t\t<div class=\"elementor-element elementor-element-4b04a85 elementor-widget elementor-widget-text-editor\" data-id=\"4b04a85\" data-element_type=\"widget\" data-e-type=\"widget\" data-widget_type=\"text-editor.default\">\n\t\t\t\t\t\t\t\t\t(550.61 KB)\n\n\t\t\t\t\t\t\t\t<\/div>\n\t\t\t\t<\/div>\n\t\t\t\t<\/div>\n\t\t\t\t\t<\/div>\n\t\t\t\t<\/div>\n\t\t\t\t<\/div>\n\t\t","protected":false},"excerpt":{"rendered":"<p><strong>VOORDELEN<\/strong><\/p>\n<ul>\n<li>alledaags zuiver water<\/li>\n<li>verbetering van de gezondheid<\/li>\n<li>heerlijke koffie, thee, limonade, smoothies etc.<\/li>\n<li>Zuinig in gebruik (besparing: \u20ac 400,- p\/p p\/j)<\/li>\n<li> geen gesjouw meer met mineraalwater<\/li>\n<li>milieuvriendelijk &amp; duurzame oplossing<\/li>\n<li><strong>BESPARING: \u20ac 438,- per persoon per jaar!<br \/>\n<\/strong>Het gebruik van een waterfilter levert veel gezondheidsvoordelen op, maar er is ook een aanzienlijke besparing op de milieuvervuiling (aardolie, plastic en transport), om nog maar te zwijgen van het vervoeren van honderden liters water per jaar! Maar dat is nog niet alles, daarnaast wordt er ook financieel bespaard. Gemiddeld kost 1 liter kraanwater \u20ac 0,05, mineraalwater kost \u20ac 0,60 per liter.<br \/>\nGa ervan uit dat u 2 liter per dag per persoon drinkt:<br \/>\nWaterfilter: \u20ac 0,05 x 2 liter x 365 (dagen) = \u20ac 36,50 per persoon per jaar.<br \/>\nMineraalwater: \u20ac 0,60 x 2 liter x 365 (dagen) = \u20ac 438,- per persoon per jaar. <\/li>\n<\/ul>\n","protected":false},"featured_media":1945,"comment_status":"open","ping_status":"closed","template":"","meta":{"_acf_changed":false},"product_brand":[],"product_cat":[100],"product_tag":[],"class_list":{"0":"post-2684","1":"product","2":"type-product","3":"status-publish","4":"has-post-thumbnail","6":"product_cat-waterfilterdispensers","8":"first","9":"instock","10":"shipping-taxable","11":"purchasable","12":"product-type-simple"},"acf":[],"yoast_head":"<!-- This site is optimized with the Yoast SEO plugin v27.4 - https:\/\/yoast.com\/product\/yoast-seo-wordpress\/ -->\n<title>Gaia - waterzuiveraar - Purassima<\/title>\n<meta name=\"robots\" content=\"index, follow, max-snippet:-1, max-image-preview:large, max-video-preview:-1\" \/>\n<link rel=\"canonical\" href=\"https:\/\/purassima.com\/nl\/product\/gaia-waterzuiveraar-2\/\" \/>\n<meta property=\"og:locale\" content=\"nl_NL\" \/>\n<meta property=\"og:type\" content=\"article\" \/>\n<meta property=\"og:title\" content=\"Gaia - waterzuiveraar - Purassima\" \/>\n<meta property=\"og:description\" content=\"VOORDELEN   alledaags zuiver water  verbetering van de gezondheid  heerlijke koffie, thee, limonade, smoothies etc.  Zuinig in gebruik (besparing: \u20ac 400,- p\/p p\/j)   geen gesjouw meer met mineraalwater  milieuvriendelijk &amp; duurzame oplossing  BESPARING: \u20ac 438,- per persoon per jaar! Het gebruik van een waterfilter levert veel gezondheidsvoordelen op, maar er is ook een aanzienlijke besparing op de milieuvervuiling (aardolie, plastic en transport), om nog maar te zwijgen van het vervoeren van honderden liters water per jaar! Maar dat is nog niet alles, daarnaast wordt er ook financieel bespaard. Gemiddeld kost 1 liter kraanwater \u20ac 0,05, mineraalwater kost \u20ac 0,60 per liter. Ga ervan uit dat u 2 liter per dag per persoon drinkt: Waterfilter: \u20ac 0,05 x 2 liter x 365 (dagen) = \u20ac 36,50 per persoon per jaar. Mineraalwater: \u20ac 0,60 x 2 liter x 365 (dagen) = \u20ac 438,- per persoon per jaar.\" \/>\n<meta property=\"og:url\" content=\"https:\/\/purassima.com\/nl\/product\/gaia-waterzuiveraar-2\/\" \/>\n<meta property=\"og:site_name\" content=\"Purassima\" \/>\n<meta property=\"article:modified_time\" content=\"2025-07-31T08:10:10+00:00\" \/>\n<meta property=\"og:image\" content=\"https:\/\/purassima.com\/wp-content\/uploads\/2025\/07\/Gaia_photo1-2.webp\" \/>\n\t<meta property=\"og:image:width\" content=\"1200\" \/>\n\t<meta property=\"og:image:height\" content=\"1200\" \/>\n\t<meta property=\"og:image:type\" content=\"image\/webp\" \/>\n<meta name=\"twitter:card\" content=\"summary_large_image\" \/>\n<meta name=\"twitter:label1\" content=\"Geschatte leestijd\" \/>\n\t<meta name=\"twitter:data1\" content=\"4 minuten\" \/>\n<script type=\"application\/ld+json\" class=\"yoast-schema-graph\">{\"@context\":\"https:\\\/\\\/schema.org\",\"@graph\":[{\"@type\":\"WebPage\",\"@id\":\"https:\\\/\\\/purassima.com\\\/nl\\\/product\\\/gaia-waterzuiveraar-2\\\/\",\"url\":\"https:\\\/\\\/purassima.com\\\/nl\\\/product\\\/gaia-waterzuiveraar-2\\\/\",\"name\":\"Gaia - waterzuiveraar - Purassima\",\"isPartOf\":{\"@id\":\"https:\\\/\\\/purassima.com\\\/nl\\\/#website\"},\"primaryImageOfPage\":{\"@id\":\"https:\\\/\\\/purassima.com\\\/nl\\\/product\\\/gaia-waterzuiveraar-2\\\/#primaryimage\"},\"image\":{\"@id\":\"https:\\\/\\\/purassima.com\\\/nl\\\/product\\\/gaia-waterzuiveraar-2\\\/#primaryimage\"},\"thumbnailUrl\":\"https:\\\/\\\/purassima.com\\\/wp-content\\\/uploads\\\/2025\\\/07\\\/Gaia_photo1-2.webp\",\"datePublished\":\"2025-07-25T09:57:01+00:00\",\"dateModified\":\"2025-07-31T08:10:10+00:00\",\"breadcrumb\":{\"@id\":\"https:\\\/\\\/purassima.com\\\/nl\\\/product\\\/gaia-waterzuiveraar-2\\\/#breadcrumb\"},\"inLanguage\":\"nl-NL\",\"potentialAction\":[{\"@type\":\"ReadAction\",\"target\":[\"https:\\\/\\\/purassima.com\\\/nl\\\/product\\\/gaia-waterzuiveraar-2\\\/\"]}]},{\"@type\":\"ImageObject\",\"inLanguage\":\"nl-NL\",\"@id\":\"https:\\\/\\\/purassima.com\\\/nl\\\/product\\\/gaia-waterzuiveraar-2\\\/#primaryimage\",\"url\":\"https:\\\/\\\/purassima.com\\\/wp-content\\\/uploads\\\/2025\\\/07\\\/Gaia_photo1-2.webp\",\"contentUrl\":\"https:\\\/\\\/purassima.com\\\/wp-content\\\/uploads\\\/2025\\\/07\\\/Gaia_photo1-2.webp\",\"width\":1200,\"height\":1200},{\"@type\":\"BreadcrumbList\",\"@id\":\"https:\\\/\\\/purassima.com\\\/nl\\\/product\\\/gaia-waterzuiveraar-2\\\/#breadcrumb\",\"itemListElement\":[{\"@type\":\"ListItem\",\"position\":1,\"name\":\"Home\",\"item\":\"https:\\\/\\\/purassima.com\\\/nl\\\/thuis\\\/\"},{\"@type\":\"ListItem\",\"position\":2,\"name\":\"Collections\",\"item\":\"https:\\\/\\\/purassima.com\\\/collections\\\/\"},{\"@type\":\"ListItem\",\"position\":3,\"name\":\"Gaia &#8211; waterzuiveraar\"}]},{\"@type\":\"WebSite\",\"@id\":\"https:\\\/\\\/purassima.com\\\/nl\\\/#website\",\"url\":\"https:\\\/\\\/purassima.com\\\/nl\\\/\",\"name\":\"purassima\",\"description\":\"\",\"potentialAction\":[{\"@type\":\"SearchAction\",\"target\":{\"@type\":\"EntryPoint\",\"urlTemplate\":\"https:\\\/\\\/purassima.com\\\/nl\\\/?s={search_term_string}\"},\"query-input\":{\"@type\":\"PropertyValueSpecification\",\"valueRequired\":true,\"valueName\":\"search_term_string\"}}],\"inLanguage\":\"nl-NL\"}]}<\/script>\n<!-- \/ Yoast SEO plugin. -->","yoast_head_json":{"title":"Gaia - waterzuiveraar - Purassima","robots":{"index":"index","follow":"follow","max-snippet":"max-snippet:-1","max-image-preview":"max-image-preview:large","max-video-preview":"max-video-preview:-1"},"canonical":"https:\/\/purassima.com\/nl\/product\/gaia-waterzuiveraar-2\/","og_locale":"nl_NL","og_type":"article","og_title":"Gaia - waterzuiveraar - Purassima","og_description":"VOORDELEN   alledaags zuiver water  verbetering van de gezondheid  heerlijke koffie, thee, limonade, smoothies etc.  Zuinig in gebruik (besparing: \u20ac 400,- p\/p p\/j)   geen gesjouw meer met mineraalwater  milieuvriendelijk &amp; duurzame oplossing  BESPARING: \u20ac 438,- per persoon per jaar! Het gebruik van een waterfilter levert veel gezondheidsvoordelen op, maar er is ook een aanzienlijke besparing op de milieuvervuiling (aardolie, plastic en transport), om nog maar te zwijgen van het vervoeren van honderden liters water per jaar! Maar dat is nog niet alles, daarnaast wordt er ook financieel bespaard. Gemiddeld kost 1 liter kraanwater \u20ac 0,05, mineraalwater kost \u20ac 0,60 per liter. Ga ervan uit dat u 2 liter per dag per persoon drinkt: Waterfilter: \u20ac 0,05 x 2 liter x 365 (dagen) = \u20ac 36,50 per persoon per jaar. Mineraalwater: \u20ac 0,60 x 2 liter x 365 (dagen) = \u20ac 438,- per persoon per jaar.","og_url":"https:\/\/purassima.com\/nl\/product\/gaia-waterzuiveraar-2\/","og_site_name":"Purassima","article_modified_time":"2025-07-31T08:10:10+00:00","og_image":[{"width":1200,"height":1200,"url":"https:\/\/purassima.com\/wp-content\/uploads\/2025\/07\/Gaia_photo1-2.webp","type":"image\/webp"}],"twitter_card":"summary_large_image","twitter_misc":{"Geschatte leestijd":"4 minuten"},"schema":{"@context":"https:\/\/schema.org","@graph":[{"@type":"WebPage","@id":"https:\/\/purassima.com\/nl\/product\/gaia-waterzuiveraar-2\/","url":"https:\/\/purassima.com\/nl\/product\/gaia-waterzuiveraar-2\/","name":"Gaia - waterzuiveraar - Purassima","isPartOf":{"@id":"https:\/\/purassima.com\/nl\/#website"},"primaryImageOfPage":{"@id":"https:\/\/purassima.com\/nl\/product\/gaia-waterzuiveraar-2\/#primaryimage"},"image":{"@id":"https:\/\/purassima.com\/nl\/product\/gaia-waterzuiveraar-2\/#primaryimage"},"thumbnailUrl":"https:\/\/purassima.com\/wp-content\/uploads\/2025\/07\/Gaia_photo1-2.webp","datePublished":"2025-07-25T09:57:01+00:00","dateModified":"2025-07-31T08:10:10+00:00","breadcrumb":{"@id":"https:\/\/purassima.com\/nl\/product\/gaia-waterzuiveraar-2\/#breadcrumb"},"inLanguage":"nl-NL","potentialAction":[{"@type":"ReadAction","target":["https:\/\/purassima.com\/nl\/product\/gaia-waterzuiveraar-2\/"]}]},{"@type":"ImageObject","inLanguage":"nl-NL","@id":"https:\/\/purassima.com\/nl\/product\/gaia-waterzuiveraar-2\/#primaryimage","url":"https:\/\/purassima.com\/wp-content\/uploads\/2025\/07\/Gaia_photo1-2.webp","contentUrl":"https:\/\/purassima.com\/wp-content\/uploads\/2025\/07\/Gaia_photo1-2.webp","width":1200,"height":1200},{"@type":"BreadcrumbList","@id":"https:\/\/purassima.com\/nl\/product\/gaia-waterzuiveraar-2\/#breadcrumb","itemListElement":[{"@type":"ListItem","position":1,"name":"Home","item":"https:\/\/purassima.com\/nl\/thuis\/"},{"@type":"ListItem","position":2,"name":"Collections","item":"https:\/\/purassima.com\/collections\/"},{"@type":"ListItem","position":3,"name":"Gaia &#8211; waterzuiveraar"}]},{"@type":"WebSite","@id":"https:\/\/purassima.com\/nl\/#website","url":"https:\/\/purassima.com\/nl\/","name":"purassima","description":"","potentialAction":[{"@type":"SearchAction","target":{"@type":"EntryPoint","urlTemplate":"https:\/\/purassima.com\/nl\/?s={search_term_string}"},"query-input":{"@type":"PropertyValueSpecification","valueRequired":true,"valueName":"search_term_string"}}],"inLanguage":"nl-NL"}]}},"_links":{"self":[{"href":"https:\/\/purassima.com\/nl\/wp-json\/wp\/v2\/product\/2684","targetHints":{"allow":["GET"]}}],"collection":[{"href":"https:\/\/purassima.com\/nl\/wp-json\/wp\/v2\/product"}],"about":[{"href":"https:\/\/purassima.com\/nl\/wp-json\/wp\/v2\/types\/product"}],"replies":[{"embeddable":true,"href":"https:\/\/purassima.com\/nl\/wp-json\/wp\/v2\/comments?post=2684"}],"version-history":[{"count":4,"href":"https:\/\/purassima.com\/nl\/wp-json\/wp\/v2\/product\/2684\/revisions"}],"predecessor-version":[{"id":3209,"href":"https:\/\/purassima.com\/nl\/wp-json\/wp\/v2\/product\/2684\/revisions\/3209"}],"wp:featuredmedia":[{"embeddable":true,"href":"https:\/\/purassima.com\/nl\/wp-json\/wp\/v2\/media\/1945"}],"wp:attachment":[{"href":"https:\/\/purassima.com\/nl\/wp-json\/wp\/v2\/media?parent=2684"}],"wp:term":[{"taxonomy":"product_brand","embeddable":true,"href":"https:\/\/purassima.com\/nl\/wp-json\/wp\/v2\/product_brand?post=2684"},{"taxonomy":"product_cat","embeddable":true,"href":"https:\/\/purassima.com\/nl\/wp-json\/wp\/v2\/product_cat?post=2684"},{"taxonomy":"product_tag","embeddable":true,"href":"https:\/\/purassima.com\/nl\/wp-json\/wp\/v2\/product_tag?post=2684"}],"curies":[{"name":"wp","href":"https:\/\/api.w.org\/{rel}","templated":true}]}}