{"id":2690,"date":"2025-07-25T09:59:21","date_gmt":"2025-07-25T09:59:21","guid":{"rendered":"https:\/\/purassima.com\/product\/pallas-omgekeerde-osmose-2\/"},"modified":"2025-07-31T08:10:08","modified_gmt":"2025-07-31T08:10:08","slug":"pallas-omgekeerde-osmose-2","status":"publish","type":"product","link":"https:\/\/purassima.com\/nl\/product\/pallas-omgekeerde-osmose-2\/","title":{"rendered":"Pallas &#8211; omgekeerde osmose"},"content":{"rendered":"\t\t<div data-elementor-type=\"product-post\" data-elementor-id=\"2690\" class=\"elementor elementor-2690 elementor-639\" data-elementor-post-type=\"product\">\n\t\t\t\t<div class=\"elementor-element elementor-element-486e3b93 e-flex e-con-boxed e-con e-parent\" data-id=\"486e3b93\" data-element_type=\"container\" data-e-type=\"container\">\n\t\t\t\t\t<div class=\"e-con-inner\">\n\t\t\t\t<div class=\"elementor-element elementor-element-7674ff5e elementor-widget elementor-widget-text-editor\" data-id=\"7674ff5e\" data-element_type=\"widget\" data-e-type=\"widget\" data-widget_type=\"text-editor.default\">\n\t\t\t\t\t\t\t\t\tMerk: Purassima\nModel: Pallas\nProduct: waterfiltersysteem\nMethode: omgekeerde osmose (RO)\nFilters: 2 filters &#8211; 4 filtratiestappen\nInstallatie: ja\/monteur\n\nSOLLICITATIE:\n&#8211; huishoudens: gootsteen\n&#8211; bedrijven\/kantoren: aanrecht\n\nDe Pallas is volledig gebaseerd op direct flow, waardoor de productie real-time plaatsvindt en er geen opslagtank nodig is. Het systeem beschikt over een aqua-stop die de apparatuur automatisch stopt bij interne lekkage. \n\nDit omgekeerde osmose (RO)-systeem heeft \u00e9\u00e9n 600 GPD-membraan en slechts TWEE filters. Dit filter heeft 5 filtratiefasen met de meest effici\u00ebnte filtratie op de markt. Het systeem geeft automatisch aan wanneer het membraan en\/of de filters vervangen moeten worden. Beide zijn zeer eenvoudig te vervangen.   \n\nFILTRATIEMETHODE: OMGEKEERDE OSMOSE\nOmgekeerde osmose is een waterfiltratiesysteem met de kleinste membraanporiegrootte van 0,0001 micron. Nadat het water door een omgekeerd osmosesysteem is gegaan, levert het het zuiverste water van alle filtratiemethoden. Naast het verwijderen van alle organische moleculen en virussen, verwijdert het ook troebelheid, monovalente ionen (ontzilting) inclusief microben. Tevens verwijdert het vrijwel alle opgeloste stoffen zoals pesticiden, medicijnresten, Pfas, GenX!   \n\nSPECIFICATIES\nMembraan: 600GPD\nFiltercapaciteit: 1,6 liter per minuut\nFiltratie: 5 stappen\nProductie: 2.200 liter per dag\nEenvoudige installatie &amp; onderhoud\nProductafmetingen: 424 x 276 x 564 mm.\nPrijs: \u20ac 799,- (incl. BTW)\n\nMONTAGE &amp; INSTALLATIE\nDit omgekeerde osmosesysteem vereist installatie in uw keuken. Over het algemeen wordt het systeem in de keukenkast geplaatst. Bij de levering van het systeem zijn alle onderdelen inbegrepen die u nodig heeft, zoals kraan, waterstop en fittingen. De Pallas is het gemakkelijkst te installeren systeem van alle RO-systemen! Wel dient u over voldoende doe-het-zelf kennis en ervaring te beschikken of voor montage een vakman te vragen.    \n\nEen waterbehandelingssysteem met omgekeerde osmose is de beste en meest waardevolle investering voor gezond en veilig drinkwater.\t\t\t\t\t\t\t\t<\/div>\n\t\t\t\t\t<\/div>\n\t\t\t\t<\/div>\n\t\t<div class=\"elementor-element elementor-element-c746400 e-flex e-con-boxed e-con e-parent\" data-id=\"c746400\" data-element_type=\"container\" data-e-type=\"container\">\n\t\t\t\t\t<div class=\"e-con-inner\">\n\t\t\t\t<div class=\"elementor-element elementor-element-a5b5b88 elementor-widget elementor-widget-heading\" data-id=\"a5b5b88\" data-element_type=\"widget\" data-e-type=\"widget\" data-widget_type=\"heading.default\">\n\t\t\t\t\t<h2 class=\"elementor-heading-title elementor-size-default\">Download de pdf<\/h2>\t\t\t\t<\/div>\n\t\t<div data-ha-element-link=\"{&quot;url&quot;:&quot;https:\\\/\\\/purassima.com\\\/wp-content\\\/uploads\\\/2025\\\/07\\\/Purassima_brochure_EN-14.pdf&quot;,&quot;is_external&quot;:&quot;on&quot;,&quot;nofollow&quot;:&quot;&quot;}\" style=\"cursor: pointer\" class=\"elementor-element elementor-element-5ed7b27 e-con-full e-flex e-con e-child\" data-id=\"5ed7b27\" data-element_type=\"container\" data-e-type=\"container\" data-settings=\"{&quot;background_background&quot;:&quot;classic&quot;}\">\n\t\t<div class=\"elementor-element elementor-element-e500f23 e-con-full e-flex e-con e-child\" data-id=\"e500f23\" data-element_type=\"container\" data-e-type=\"container\">\n\t\t\t\t<div class=\"elementor-element elementor-element-ff80188 elementor-widget elementor-widget-image\" data-id=\"ff80188\" data-element_type=\"widget\" data-e-type=\"widget\" data-widget_type=\"image.default\">\n\t\t\t\t\t\t\t\t\t\t\t\t\t\t\t<img fetchpriority=\"high\" decoding=\"async\" width=\"800\" height=\"893\" src=\"https:\/\/purassima.com\/wp-content\/uploads\/2025\/07\/PDF_icon.webp\" class=\"attachment-large size-large wp-image-2764\" alt=\"\" srcset=\"https:\/\/purassima.com\/wp-content\/uploads\/2025\/07\/PDF_icon.webp 820w, https:\/\/purassima.com\/wp-content\/uploads\/2025\/07\/PDF_icon-269x300.webp 269w, https:\/\/purassima.com\/wp-content\/uploads\/2025\/07\/PDF_icon-768x857.webp 768w, https:\/\/purassima.com\/wp-content\/uploads\/2025\/07\/PDF_icon-600x670.webp 600w\" sizes=\"(max-width: 800px) 100vw, 800px\" \/>\t\t\t\t\t\t\t\t\t\t\t\t\t\t\t<\/div>\n\t\t\t\t<\/div>\n\t\t<div class=\"elementor-element elementor-element-34bb565 e-con-full e-flex e-con e-child\" data-id=\"34bb565\" data-element_type=\"container\" data-e-type=\"container\">\n\t\t\t\t<div class=\"elementor-element elementor-element-c43fe41 elementor-widget elementor-widget-heading\" data-id=\"c43fe41\" data-element_type=\"widget\" data-e-type=\"widget\" data-widget_type=\"heading.default\">\n\t\t\t\t\t<h2 class=\"elementor-heading-title elementor-size-default\">Purissima-perspectiefsysteem<\/h2>\t\t\t\t<\/div>\n\t\t\t\t<div class=\"elementor-element elementor-element-ed9fc43 elementor-widget elementor-widget-text-editor\" data-id=\"ed9fc43\" data-element_type=\"widget\" data-e-type=\"widget\" data-widget_type=\"text-editor.default\">\n\t\t\t\t\t\t\t\t\t(550.61 KB)\n\n\t\t\t\t\t\t\t\t<\/div>\n\t\t\t\t<\/div>\n\t\t\t\t<\/div>\n\t\t\t\t\t<\/div>\n\t\t\t\t<\/div>\n\t\t\t\t<\/div>\n\t\t","protected":false},"excerpt":{"rendered":"<p><strong>VOORDELEN<\/strong><\/p>\n<ul>\n<li>elke dag zuiver water<\/li>\n<li>verbetering van de gezondheid<\/li>\n<li>heerlijke koffie, thee, limonade, smoothies etc.<\/li>\n<li>Zuinig in gebruik (besparing: \u20ac 400,- p\/p p\/j)<\/li>\n<li> geen gesjouw meer met mineraalwater<\/li>\n<li>milieuvriendelijk &amp; duurzame oplossing<\/li>\n<\/ul>\n<p><strong>BESPARING: \u20ac 438,- per persoon per jaar!<br \/>\n<\/strong>Het gebruik van een waterfilter levert veel gezondheidsvoordelen op, maar er is ook een aanzienlijke besparing op de milieuvervuiling (aardolie, plastic en transport), om nog maar te zwijgen van het vervoeren van honderden liters water per jaar! Maar dat is nog niet alles, daarnaast zijn er ook financi\u00eble besparingen. <\/p>\n<p>Gemiddeld kost 1 liter kraanwater \u20ac 0,05, mineraalwater kost \u20ac 0,60 per liter.<br \/>\nGa ervan uit dat u 2 liter per dag per persoon drinkt:<br \/>\nWaterfilter: \u20ac 0,05 x 2 liter x 365 (dagen) = \u20ac 36,50 per persoon per jaar.<br \/>\nMineraalwater: \u20ac 0,60 x 2 liter x 365 (dagen) = \u20ac 438,- per persoon per jaar.<\/p>\n","protected":false},"featured_media":1960,"comment_status":"open","ping_status":"closed","template":"","meta":{"_acf_changed":false},"product_brand":[],"product_cat":[104],"product_tag":[],"class_list":{"0":"post-2690","1":"product","2":"type-product","3":"status-publish","4":"has-post-thumbnail","6":"product_cat-waterfiltersystemen","8":"first","9":"instock","10":"shipping-taxable","11":"purchasable","12":"product-type-simple"},"acf":[],"yoast_head":"<!-- This site is optimized with the Yoast SEO plugin v27.4 - https:\/\/yoast.com\/product\/yoast-seo-wordpress\/ -->\n<title>Pallas - omgekeerde osmose - Purassima<\/title>\n<meta name=\"robots\" content=\"index, follow, max-snippet:-1, max-image-preview:large, max-video-preview:-1\" \/>\n<link rel=\"canonical\" href=\"https:\/\/purassima.com\/nl\/product\/pallas-omgekeerde-osmose-2\/\" \/>\n<meta property=\"og:locale\" content=\"nl_NL\" \/>\n<meta property=\"og:type\" content=\"article\" \/>\n<meta property=\"og:title\" content=\"Pallas - omgekeerde osmose - Purassima\" \/>\n<meta property=\"og:description\" content=\"VOORDELEN   elke dag zuiver water  verbetering van de gezondheid  heerlijke koffie, thee, limonade, smoothies etc.  Zuinig in gebruik (besparing: \u20ac 400,- p\/p p\/j)   geen gesjouw meer met mineraalwater  milieuvriendelijk &amp; duurzame oplossing  BESPARING: \u20ac 438,- per persoon per jaar! Het gebruik van een waterfilter levert veel gezondheidsvoordelen op, maar er is ook een aanzienlijke besparing op de milieuvervuiling (aardolie, plastic en transport), om nog maar te zwijgen van het vervoeren van honderden liters water per jaar! Maar dat is nog niet alles, daarnaast zijn er ook financi\u00eble besparingen.   Gemiddeld kost 1 liter kraanwater \u20ac 0,05, mineraalwater kost \u20ac 0,60 per liter. Ga ervan uit dat u 2 liter per dag per persoon drinkt: Waterfilter: \u20ac 0,05 x 2 liter x 365 (dagen) = \u20ac 36,50 per persoon per jaar. Mineraalwater: \u20ac 0,60 x 2 liter x 365 (dagen) = \u20ac 438,- per persoon per jaar.\" \/>\n<meta property=\"og:url\" content=\"https:\/\/purassima.com\/nl\/product\/pallas-omgekeerde-osmose-2\/\" \/>\n<meta property=\"og:site_name\" content=\"Purassima\" \/>\n<meta property=\"article:modified_time\" content=\"2025-07-31T08:10:08+00:00\" \/>\n<meta property=\"og:image\" content=\"https:\/\/purassima.com\/wp-content\/uploads\/2025\/07\/Pallas_pix1-1.webp\" \/>\n\t<meta property=\"og:image:width\" content=\"800\" \/>\n\t<meta property=\"og:image:height\" content=\"800\" \/>\n\t<meta property=\"og:image:type\" content=\"image\/webp\" \/>\n<meta name=\"twitter:card\" content=\"summary_large_image\" \/>\n<meta name=\"twitter:label1\" content=\"Geschatte leestijd\" \/>\n\t<meta name=\"twitter:data1\" content=\"2 minuten\" \/>\n<script type=\"application\/ld+json\" class=\"yoast-schema-graph\">{\"@context\":\"https:\\\/\\\/schema.org\",\"@graph\":[{\"@type\":\"WebPage\",\"@id\":\"https:\\\/\\\/purassima.com\\\/nl\\\/product\\\/pallas-omgekeerde-osmose-2\\\/\",\"url\":\"https:\\\/\\\/purassima.com\\\/nl\\\/product\\\/pallas-omgekeerde-osmose-2\\\/\",\"name\":\"Pallas - omgekeerde osmose - Purassima\",\"isPartOf\":{\"@id\":\"https:\\\/\\\/purassima.com\\\/nl\\\/#website\"},\"primaryImageOfPage\":{\"@id\":\"https:\\\/\\\/purassima.com\\\/nl\\\/product\\\/pallas-omgekeerde-osmose-2\\\/#primaryimage\"},\"image\":{\"@id\":\"https:\\\/\\\/purassima.com\\\/nl\\\/product\\\/pallas-omgekeerde-osmose-2\\\/#primaryimage\"},\"thumbnailUrl\":\"https:\\\/\\\/purassima.com\\\/wp-content\\\/uploads\\\/2025\\\/07\\\/Pallas_pix1-1.webp\",\"datePublished\":\"2025-07-25T09:59:21+00:00\",\"dateModified\":\"2025-07-31T08:10:08+00:00\",\"breadcrumb\":{\"@id\":\"https:\\\/\\\/purassima.com\\\/nl\\\/product\\\/pallas-omgekeerde-osmose-2\\\/#breadcrumb\"},\"inLanguage\":\"nl-NL\",\"potentialAction\":[{\"@type\":\"ReadAction\",\"target\":[\"https:\\\/\\\/purassima.com\\\/nl\\\/product\\\/pallas-omgekeerde-osmose-2\\\/\"]}]},{\"@type\":\"ImageObject\",\"inLanguage\":\"nl-NL\",\"@id\":\"https:\\\/\\\/purassima.com\\\/nl\\\/product\\\/pallas-omgekeerde-osmose-2\\\/#primaryimage\",\"url\":\"https:\\\/\\\/purassima.com\\\/wp-content\\\/uploads\\\/2025\\\/07\\\/Pallas_pix1-1.webp\",\"contentUrl\":\"https:\\\/\\\/purassima.com\\\/wp-content\\\/uploads\\\/2025\\\/07\\\/Pallas_pix1-1.webp\",\"width\":800,\"height\":800},{\"@type\":\"BreadcrumbList\",\"@id\":\"https:\\\/\\\/purassima.com\\\/nl\\\/product\\\/pallas-omgekeerde-osmose-2\\\/#breadcrumb\",\"itemListElement\":[{\"@type\":\"ListItem\",\"position\":1,\"name\":\"Home\",\"item\":\"https:\\\/\\\/purassima.com\\\/nl\\\/thuis\\\/\"},{\"@type\":\"ListItem\",\"position\":2,\"name\":\"Collections\",\"item\":\"https:\\\/\\\/purassima.com\\\/collections\\\/\"},{\"@type\":\"ListItem\",\"position\":3,\"name\":\"Pallas &#8211; omgekeerde osmose\"}]},{\"@type\":\"WebSite\",\"@id\":\"https:\\\/\\\/purassima.com\\\/nl\\\/#website\",\"url\":\"https:\\\/\\\/purassima.com\\\/nl\\\/\",\"name\":\"purassima\",\"description\":\"\",\"potentialAction\":[{\"@type\":\"SearchAction\",\"target\":{\"@type\":\"EntryPoint\",\"urlTemplate\":\"https:\\\/\\\/purassima.com\\\/nl\\\/?s={search_term_string}\"},\"query-input\":{\"@type\":\"PropertyValueSpecification\",\"valueRequired\":true,\"valueName\":\"search_term_string\"}}],\"inLanguage\":\"nl-NL\"}]}<\/script>\n<!-- \/ Yoast SEO plugin. -->","yoast_head_json":{"title":"Pallas - omgekeerde osmose - Purassima","robots":{"index":"index","follow":"follow","max-snippet":"max-snippet:-1","max-image-preview":"max-image-preview:large","max-video-preview":"max-video-preview:-1"},"canonical":"https:\/\/purassima.com\/nl\/product\/pallas-omgekeerde-osmose-2\/","og_locale":"nl_NL","og_type":"article","og_title":"Pallas - omgekeerde osmose - Purassima","og_description":"VOORDELEN   elke dag zuiver water  verbetering van de gezondheid  heerlijke koffie, thee, limonade, smoothies etc.  Zuinig in gebruik (besparing: \u20ac 400,- p\/p p\/j)   geen gesjouw meer met mineraalwater  milieuvriendelijk &amp; duurzame oplossing  BESPARING: \u20ac 438,- per persoon per jaar! Het gebruik van een waterfilter levert veel gezondheidsvoordelen op, maar er is ook een aanzienlijke besparing op de milieuvervuiling (aardolie, plastic en transport), om nog maar te zwijgen van het vervoeren van honderden liters water per jaar! Maar dat is nog niet alles, daarnaast zijn er ook financi\u00eble besparingen.   Gemiddeld kost 1 liter kraanwater \u20ac 0,05, mineraalwater kost \u20ac 0,60 per liter. Ga ervan uit dat u 2 liter per dag per persoon drinkt: Waterfilter: \u20ac 0,05 x 2 liter x 365 (dagen) = \u20ac 36,50 per persoon per jaar. Mineraalwater: \u20ac 0,60 x 2 liter x 365 (dagen) = \u20ac 438,- per persoon per jaar.","og_url":"https:\/\/purassima.com\/nl\/product\/pallas-omgekeerde-osmose-2\/","og_site_name":"Purassima","article_modified_time":"2025-07-31T08:10:08+00:00","og_image":[{"width":800,"height":800,"url":"https:\/\/purassima.com\/wp-content\/uploads\/2025\/07\/Pallas_pix1-1.webp","type":"image\/webp"}],"twitter_card":"summary_large_image","twitter_misc":{"Geschatte leestijd":"2 minuten"},"schema":{"@context":"https:\/\/schema.org","@graph":[{"@type":"WebPage","@id":"https:\/\/purassima.com\/nl\/product\/pallas-omgekeerde-osmose-2\/","url":"https:\/\/purassima.com\/nl\/product\/pallas-omgekeerde-osmose-2\/","name":"Pallas - omgekeerde osmose - Purassima","isPartOf":{"@id":"https:\/\/purassima.com\/nl\/#website"},"primaryImageOfPage":{"@id":"https:\/\/purassima.com\/nl\/product\/pallas-omgekeerde-osmose-2\/#primaryimage"},"image":{"@id":"https:\/\/purassima.com\/nl\/product\/pallas-omgekeerde-osmose-2\/#primaryimage"},"thumbnailUrl":"https:\/\/purassima.com\/wp-content\/uploads\/2025\/07\/Pallas_pix1-1.webp","datePublished":"2025-07-25T09:59:21+00:00","dateModified":"2025-07-31T08:10:08+00:00","breadcrumb":{"@id":"https:\/\/purassima.com\/nl\/product\/pallas-omgekeerde-osmose-2\/#breadcrumb"},"inLanguage":"nl-NL","potentialAction":[{"@type":"ReadAction","target":["https:\/\/purassima.com\/nl\/product\/pallas-omgekeerde-osmose-2\/"]}]},{"@type":"ImageObject","inLanguage":"nl-NL","@id":"https:\/\/purassima.com\/nl\/product\/pallas-omgekeerde-osmose-2\/#primaryimage","url":"https:\/\/purassima.com\/wp-content\/uploads\/2025\/07\/Pallas_pix1-1.webp","contentUrl":"https:\/\/purassima.com\/wp-content\/uploads\/2025\/07\/Pallas_pix1-1.webp","width":800,"height":800},{"@type":"BreadcrumbList","@id":"https:\/\/purassima.com\/nl\/product\/pallas-omgekeerde-osmose-2\/#breadcrumb","itemListElement":[{"@type":"ListItem","position":1,"name":"Home","item":"https:\/\/purassima.com\/nl\/thuis\/"},{"@type":"ListItem","position":2,"name":"Collections","item":"https:\/\/purassima.com\/collections\/"},{"@type":"ListItem","position":3,"name":"Pallas &#8211; omgekeerde osmose"}]},{"@type":"WebSite","@id":"https:\/\/purassima.com\/nl\/#website","url":"https:\/\/purassima.com\/nl\/","name":"purassima","description":"","potentialAction":[{"@type":"SearchAction","target":{"@type":"EntryPoint","urlTemplate":"https:\/\/purassima.com\/nl\/?s={search_term_string}"},"query-input":{"@type":"PropertyValueSpecification","valueRequired":true,"valueName":"search_term_string"}}],"inLanguage":"nl-NL"}]}},"_links":{"self":[{"href":"https:\/\/purassima.com\/nl\/wp-json\/wp\/v2\/product\/2690","targetHints":{"allow":["GET"]}}],"collection":[{"href":"https:\/\/purassima.com\/nl\/wp-json\/wp\/v2\/product"}],"about":[{"href":"https:\/\/purassima.com\/nl\/wp-json\/wp\/v2\/types\/product"}],"replies":[{"embeddable":true,"href":"https:\/\/purassima.com\/nl\/wp-json\/wp\/v2\/comments?post=2690"}],"version-history":[{"count":4,"href":"https:\/\/purassima.com\/nl\/wp-json\/wp\/v2\/product\/2690\/revisions"}],"predecessor-version":[{"id":3208,"href":"https:\/\/purassima.com\/nl\/wp-json\/wp\/v2\/product\/2690\/revisions\/3208"}],"wp:featuredmedia":[{"embeddable":true,"href":"https:\/\/purassima.com\/nl\/wp-json\/wp\/v2\/media\/1960"}],"wp:attachment":[{"href":"https:\/\/purassima.com\/nl\/wp-json\/wp\/v2\/media?parent=2690"}],"wp:term":[{"taxonomy":"product_brand","embeddable":true,"href":"https:\/\/purassima.com\/nl\/wp-json\/wp\/v2\/product_brand?post=2690"},{"taxonomy":"product_cat","embeddable":true,"href":"https:\/\/purassima.com\/nl\/wp-json\/wp\/v2\/product_cat?post=2690"},{"taxonomy":"product_tag","embeddable":true,"href":"https:\/\/purassima.com\/nl\/wp-json\/wp\/v2\/product_tag?post=2690"}],"curies":[{"name":"wp","href":"https:\/\/api.w.org\/{rel}","templated":true}]}}